{"id":4256,"date":"2022-10-11T14:20:48","date_gmt":"2022-10-11T14:20:48","guid":{"rendered":"https:\/\/spanishbreak.com\/producto\/nou-camp-stadium-and-museum-tour-fcb\/"},"modified":"2025-03-31T09:33:19","modified_gmt":"2025-03-31T09:33:19","slug":"nou-camp-stadium-and-museum-tour-fcb","status":"publish","type":"product","link":"https:\/\/spanishbreak.com\/fr\/product\/nou-camp-stadium-and-museum-tour-fcb\/","title":{"rendered":"VISITE DU STADE CAMP NOU ET DE SON MUS\u00c9E FCB \u00e0 Barcelone"},"content":{"rendered":"<p><strong>Appel \u00e0 tous les fanatiques de football ! Voici l&rsquo;activit\u00e9 parfaite pour vous et les gars de votre enterrement de vie de gar\u00e7on <\/strong><strong>!<\/strong><\/p>\n<p>Le FC Barcelone est une \u00e9quipe de football europ\u00e9enne de premier plan depuis des ann\u00e9es, mais o\u00f9 cela a-t-il commenc\u00e9 ? D\u00e9couvrez l&rsquo;histoire au mus\u00e9e du Camp Nou, o\u00f9 vous apprendrez les 120 ans d&rsquo;histoire du club et son accession au statut de l\u00e9gende.<\/p>\n<p>Explorez l&rsquo;impressionnante section multim\u00e9dia du mus\u00e9e, qui offre une exp\u00e9rience immersive de la vie d&rsquo;une recrue du FCB. S&rsquo;\u00e9tendant sur 2 400 m\u00b2 de l&rsquo;ancienne patinoire, l&rsquo;exposition r\u00e9nov\u00e9e pr\u00e9sente l&rsquo;histoire, les joueurs, les troph\u00e9es et les valeurs du club.<\/p>\n<p>Avec votre BILLET DE BASE pour le nouveau BAR\u00c7A IMMERSIVE TOUR, vous pourrez d\u00e9couvrir l&rsquo;ensemble de l&rsquo;exposition en direct et \u00e0 votre guise avec votre audioguide. Explorez notre nouveau mus\u00e9e 100 % interactif o\u00f9 vous pourrez voyager dans le pass\u00e9, le pr\u00e9sent et l&rsquo;avenir du Bar\u00e7a \u00e0 travers des moments historiques, des joueurs l\u00e9gendaires et des triomphes qui font partie de notre imaginaire collectif.<\/p>\n<p>D\u00e9couvrez le nouveau point de vue sur la construction du stade. Depuis ce petit mirador, vous pourrez assister de pr\u00e8s \u00e0 la transformation passionnante du nouveau stade du FC Barcelone. Ressentez l&rsquo;excitation en observant les travaux en cours et soyez t\u00e9moin de la grandeur qui s&rsquo;annonce. De plus, vous aurez un acc\u00e8s direct \u00e0 la boutique du Bar\u00e7a. Ne manquez pas cette exp\u00e9rience unique et emportez avec vous un petit morceau de l&rsquo;histoire du Bar\u00e7a !<\/p>\n","protected":false},"excerpt":{"rendered":"<p>Appel \u00e0 tous les fanatiques de football ! Voici l&rsquo;activit\u00e9 parfaite pour vous et les gars de votre enterrement de vie de gar\u00e7on ! Le FC Barcelone est une \u00e9quipe de football europ\u00e9enne de premier plan depuis des ann\u00e9es, mais o\u00f9 cela a-t-il commenc\u00e9 ? D\u00e9couvrez l&rsquo;histoire au mus\u00e9e du Camp Nou, o\u00f9 vous apprendrez [&hellip;]<\/p>\n","protected":false},"featured_media":2998,"comment_status":"closed","ping_status":"closed","template":"","meta":{"site-sidebar-layout":"default","site-content-layout":"default","ast-site-content-layout":"default","site-content-style":"default","site-sidebar-style":"default","ast-global-header-display":"","ast-banner-title-visibility":"","ast-main-header-display":"","ast-hfb-above-header-display":"","ast-hfb-below-header-display":"","ast-hfb-mobile-header-display":"","site-post-title":"","ast-breadcrumbs-content":"","ast-featured-img":"","footer-sml-layout":"","theme-transparent-header-meta":"default","adv-header-id-meta":"","stick-header-meta":"","header-above-stick-meta":"","header-main-stick-meta":"","header-below-stick-meta":"","astra-migrate-meta-layouts":"set","ast-page-background-enabled":"default","ast-page-background-meta":{"desktop":{"background-color":"var(--ast-global-color-4)","background-image":"","background-repeat":"repeat","background-position":"center center","background-size":"auto","background-attachment":"scroll","background-type":"","background-media":"","overlay-type":"","overlay-color":"","overlay-opacity":"","overlay-gradient":""},"tablet":{"background-color":"","background-image":"","background-repeat":"repeat","background-position":"center center","background-size":"auto","background-attachment":"scroll","background-type":"","background-media":"","overlay-type":"","overlay-color":"","overlay-opacity":"","overlay-gradient":""},"mobile":{"background-color":"","background-image":"","background-repeat":"repeat","background-position":"center center","background-size":"auto","background-attachment":"scroll","background-type":"","background-media":"","overlay-type":"","overlay-color":"","overlay-opacity":"","overlay-gradient":""}},"ast-content-background-meta":{"desktop":{"background-color":"var(--ast-global-color-5)","background-image":"","background-repeat":"repeat","background-position":"center center","background-size":"auto","background-attachment":"scroll","background-type":"","background-media":"","overlay-type":"","overlay-color":"","overlay-opacity":"","overlay-gradient":""},"tablet":{"background-color":"var(--ast-global-color-5)","background-image":"","background-repeat":"repeat","background-position":"center center","background-size":"auto","background-attachment":"scroll","background-type":"","background-media":"","overlay-type":"","overlay-color":"","overlay-opacity":"","overlay-gradient":""},"mobile":{"background-color":"var(--ast-global-color-5)","background-image":"","background-repeat":"repeat","background-position":"center center","background-size":"auto","background-attachment":"scroll","background-type":"","background-media":"","overlay-type":"","overlay-color":"","overlay-opacity":"","overlay-gradient":""}},"repeater_packs":""},"product_brand":[],"product_cat":[68,73],"product_tag":[35],"class_list":{"0":"post-4256","1":"product","2":"type-product","3":"status-publish","4":"has-post-thumbnail","6":"product_cat-day-time-activities","7":"product_cat-stag-fr","8":"product_tag-stag","9":"desktop-align-left","10":"tablet-align-left","11":"mobile-align-left","13":"first","14":"instock","15":"shipping-taxable","16":"product-type-simple"},"yoast_head":"<!-- This site is optimized with the Yoast SEO plugin v26.8 - https:\/\/yoast.com\/product\/yoast-seo-wordpress\/ -->\n<title>VISITE DU STADE CAMP NOU ET DE SON MUS\u00c9E FCB \u00e0 Barcelone | Spanish Break<\/title>\n<meta name=\"description\" content=\"Appel \u00e0 tous les fanatiques de football ! Voici l&#039;activit\u00e9 parfaite pour vous et les gars de votre enterrement de vie de gar\u00e7on ! Le FC Barcelone est une Visitez le stade embl\u00e9matique du FC Barcelone et d\u00e9couvrez son histoire lors d&#039;une visite guid\u00e9e du Nou Camp.\" \/>\n<meta name=\"robots\" content=\"index, follow, max-snippet:-1, max-image-preview:large, max-video-preview:-1\" \/>\n<link rel=\"canonical\" href=\"https:\/\/spanishbreak.com\/fr\/product\/nou-camp-stadium-and-museum-tour-fcb\/\" \/>\n<meta property=\"og:locale\" content=\"fr_FR\" \/>\n<meta property=\"og:type\" content=\"article\" \/>\n<meta property=\"og:title\" content=\"VISITE DU STADE CAMP NOU ET DE SON MUS\u00c9E FCB \u00e0 Barcelone | Spanish Break\" \/>\n<meta property=\"og:description\" content=\"Appel \u00e0 tous les fanatiques de football ! Voici l&#039;activit\u00e9 parfaite pour vous et les gars de votre enterrement de vie de gar\u00e7on ! Le FC Barcelone est une Visitez le stade embl\u00e9matique du FC Barcelone et d\u00e9couvrez son histoire lors d&#039;une visite guid\u00e9e du Nou Camp.\" \/>\n<meta property=\"og:url\" content=\"https:\/\/spanishbreak.com\/fr\/product\/nou-camp-stadium-and-museum-tour-fcb\/\" \/>\n<meta property=\"og:site_name\" content=\"Spanishbreak\" \/>\n<meta property=\"article:publisher\" content=\"https:\/\/www.facebook.com\/spanishbreak\" \/>\n<meta property=\"article:modified_time\" content=\"2025-03-31T09:33:19+00:00\" \/>\n<meta property=\"og:image\" content=\"https:\/\/spanishbreak.com\/wp-content\/uploads\/2022\/10\/Depositphotos_69388255_original-scaled.jpg\" \/>\n\t<meta property=\"og:image:width\" content=\"2560\" \/>\n\t<meta property=\"og:image:height\" content=\"1419\" \/>\n\t<meta property=\"og:image:type\" content=\"image\/jpeg\" \/>\n<meta name=\"twitter:card\" content=\"summary_large_image\" \/>\n<meta name=\"twitter:label1\" content=\"Dur\u00e9e de lecture estim\u00e9e\" \/>\n\t<meta name=\"twitter:data1\" content=\"2 minutes\" \/>\n<script type=\"application\/ld+json\" class=\"yoast-schema-graph\">{\"@context\":\"https:\/\/schema.org\",\"@graph\":[{\"@type\":[\"WebPage\",\"ItemPage\"],\"@id\":\"https:\/\/spanishbreak.com\/fr\/product\/nou-camp-stadium-and-museum-tour-fcb\/\",\"url\":\"https:\/\/spanishbreak.com\/fr\/product\/nou-camp-stadium-and-museum-tour-fcb\/\",\"name\":\"VISITE DU STADE CAMP NOU ET DE SON MUS\u00c9E FCB \u00e0 Barcelone | Spanish Break\",\"isPartOf\":{\"@id\":\"https:\/\/spanishbreak.com\/#website\"},\"primaryImageOfPage\":{\"@id\":\"https:\/\/spanishbreak.com\/fr\/product\/nou-camp-stadium-and-museum-tour-fcb\/#primaryimage\"},\"image\":{\"@id\":\"https:\/\/spanishbreak.com\/fr\/product\/nou-camp-stadium-and-museum-tour-fcb\/#primaryimage\"},\"thumbnailUrl\":\"https:\/\/spanishbreak.com\/wp-content\/uploads\/2022\/10\/Depositphotos_69388255_original-scaled.jpg\",\"datePublished\":\"2022-10-11T14:20:48+00:00\",\"dateModified\":\"2025-03-31T09:33:19+00:00\",\"description\":\"Appel \u00e0 tous les fanatiques de football ! Voici l'activit\u00e9 parfaite pour vous et les gars de votre enterrement de vie de gar\u00e7on ! Le FC Barcelone est une Visitez le stade embl\u00e9matique du FC Barcelone et d\u00e9couvrez son histoire lors d'une visite guid\u00e9e du Nou Camp.\",\"breadcrumb\":{\"@id\":\"https:\/\/spanishbreak.com\/fr\/product\/nou-camp-stadium-and-museum-tour-fcb\/#breadcrumb\"},\"inLanguage\":\"fr-FR\",\"potentialAction\":[{\"@type\":\"ReadAction\",\"target\":[\"https:\/\/spanishbreak.com\/fr\/product\/nou-camp-stadium-and-museum-tour-fcb\/\"]}]},{\"@type\":\"ImageObject\",\"inLanguage\":\"fr-FR\",\"@id\":\"https:\/\/spanishbreak.com\/fr\/product\/nou-camp-stadium-and-museum-tour-fcb\/#primaryimage\",\"url\":\"https:\/\/spanishbreak.com\/wp-content\/uploads\/2022\/10\/Depositphotos_69388255_original-scaled.jpg\",\"contentUrl\":\"https:\/\/spanishbreak.com\/wp-content\/uploads\/2022\/10\/Depositphotos_69388255_original-scaled.jpg\",\"width\":2560,\"height\":1419},{\"@type\":\"BreadcrumbList\",\"@id\":\"https:\/\/spanishbreak.com\/fr\/product\/nou-camp-stadium-and-museum-tour-fcb\/#breadcrumb\",\"itemListElement\":[{\"@type\":\"ListItem\",\"position\":1,\"name\":\"Home\",\"item\":\"https:\/\/spanishbreak.com\/\"},{\"@type\":\"ListItem\",\"position\":2,\"name\":\"Boutique\",\"item\":\"https:\/\/spanishbreak.com\/boutique\/?lang=fr\"},{\"@type\":\"ListItem\",\"position\":3,\"name\":\"VISITE DU STADE CAMP NOU ET DE SON MUS\u00c9E FCB \u00e0 Barcelone\"}]},{\"@type\":\"WebSite\",\"@id\":\"https:\/\/spanishbreak.com\/#website\",\"url\":\"https:\/\/spanishbreak.com\/\",\"name\":\"Spanish Break\",\"description\":\"Otro sitio realizado con WordPress\",\"publisher\":{\"@id\":\"https:\/\/spanishbreak.com\/#organization\"},\"potentialAction\":[{\"@type\":\"SearchAction\",\"target\":{\"@type\":\"EntryPoint\",\"urlTemplate\":\"https:\/\/spanishbreak.com\/?s={search_term_string}\"},\"query-input\":{\"@type\":\"PropertyValueSpecification\",\"valueRequired\":true,\"valueName\":\"search_term_string\"}}],\"inLanguage\":\"fr-FR\"},{\"@type\":\"Organization\",\"@id\":\"https:\/\/spanishbreak.com\/#organization\",\"name\":\"Spanish Break\",\"url\":\"https:\/\/spanishbreak.com\/\",\"logo\":{\"@type\":\"ImageObject\",\"inLanguage\":\"fr-FR\",\"@id\":\"https:\/\/spanishbreak.com\/#\/schema\/logo\/image\/\",\"url\":\"https:\/\/spanishbreak.com\/wp-content\/uploads\/2024\/03\/logo-spanish-break.png\",\"contentUrl\":\"https:\/\/spanishbreak.com\/wp-content\/uploads\/2024\/03\/logo-spanish-break.png\",\"width\":323,\"height\":37,\"caption\":\"Spanish Break\"},\"image\":{\"@id\":\"https:\/\/spanishbreak.com\/#\/schema\/logo\/image\/\"},\"sameAs\":[\"https:\/\/www.facebook.com\/spanishbreak\",\"https:\/\/www.instagram.com\/spanishbreakbcn\/\"]}]}<\/script>\n<!-- \/ Yoast SEO plugin. -->","yoast_head_json":{"title":"VISITE DU STADE CAMP NOU ET DE SON MUS\u00c9E FCB \u00e0 Barcelone | Spanish Break","description":"Appel \u00e0 tous les fanatiques de football ! Voici l'activit\u00e9 parfaite pour vous et les gars de votre enterrement de vie de gar\u00e7on ! Le FC Barcelone est une Visitez le stade embl\u00e9matique du FC Barcelone et d\u00e9couvrez son histoire lors d'une visite guid\u00e9e du Nou Camp.","robots":{"index":"index","follow":"follow","max-snippet":"max-snippet:-1","max-image-preview":"max-image-preview:large","max-video-preview":"max-video-preview:-1"},"canonical":"https:\/\/spanishbreak.com\/fr\/product\/nou-camp-stadium-and-museum-tour-fcb\/","og_locale":"fr_FR","og_type":"article","og_title":"VISITE DU STADE CAMP NOU ET DE SON MUS\u00c9E FCB \u00e0 Barcelone | Spanish Break","og_description":"Appel \u00e0 tous les fanatiques de football ! Voici l'activit\u00e9 parfaite pour vous et les gars de votre enterrement de vie de gar\u00e7on ! Le FC Barcelone est une Visitez le stade embl\u00e9matique du FC Barcelone et d\u00e9couvrez son histoire lors d'une visite guid\u00e9e du Nou Camp.","og_url":"https:\/\/spanishbreak.com\/fr\/product\/nou-camp-stadium-and-museum-tour-fcb\/","og_site_name":"Spanishbreak","article_publisher":"https:\/\/www.facebook.com\/spanishbreak","article_modified_time":"2025-03-31T09:33:19+00:00","og_image":[{"width":2560,"height":1419,"url":"https:\/\/spanishbreak.com\/wp-content\/uploads\/2022\/10\/Depositphotos_69388255_original-scaled.jpg","type":"image\/jpeg"}],"twitter_card":"summary_large_image","twitter_misc":{"Dur\u00e9e de lecture estim\u00e9e":"2 minutes"},"schema":{"@context":"https:\/\/schema.org","@graph":[{"@type":["WebPage","ItemPage"],"@id":"https:\/\/spanishbreak.com\/fr\/product\/nou-camp-stadium-and-museum-tour-fcb\/","url":"https:\/\/spanishbreak.com\/fr\/product\/nou-camp-stadium-and-museum-tour-fcb\/","name":"VISITE DU STADE CAMP NOU ET DE SON MUS\u00c9E FCB \u00e0 Barcelone | Spanish Break","isPartOf":{"@id":"https:\/\/spanishbreak.com\/#website"},"primaryImageOfPage":{"@id":"https:\/\/spanishbreak.com\/fr\/product\/nou-camp-stadium-and-museum-tour-fcb\/#primaryimage"},"image":{"@id":"https:\/\/spanishbreak.com\/fr\/product\/nou-camp-stadium-and-museum-tour-fcb\/#primaryimage"},"thumbnailUrl":"https:\/\/spanishbreak.com\/wp-content\/uploads\/2022\/10\/Depositphotos_69388255_original-scaled.jpg","datePublished":"2022-10-11T14:20:48+00:00","dateModified":"2025-03-31T09:33:19+00:00","description":"Appel \u00e0 tous les fanatiques de football ! Voici l'activit\u00e9 parfaite pour vous et les gars de votre enterrement de vie de gar\u00e7on ! Le FC Barcelone est une Visitez le stade embl\u00e9matique du FC Barcelone et d\u00e9couvrez son histoire lors d'une visite guid\u00e9e du Nou Camp.","breadcrumb":{"@id":"https:\/\/spanishbreak.com\/fr\/product\/nou-camp-stadium-and-museum-tour-fcb\/#breadcrumb"},"inLanguage":"fr-FR","potentialAction":[{"@type":"ReadAction","target":["https:\/\/spanishbreak.com\/fr\/product\/nou-camp-stadium-and-museum-tour-fcb\/"]}]},{"@type":"ImageObject","inLanguage":"fr-FR","@id":"https:\/\/spanishbreak.com\/fr\/product\/nou-camp-stadium-and-museum-tour-fcb\/#primaryimage","url":"https:\/\/spanishbreak.com\/wp-content\/uploads\/2022\/10\/Depositphotos_69388255_original-scaled.jpg","contentUrl":"https:\/\/spanishbreak.com\/wp-content\/uploads\/2022\/10\/Depositphotos_69388255_original-scaled.jpg","width":2560,"height":1419},{"@type":"BreadcrumbList","@id":"https:\/\/spanishbreak.com\/fr\/product\/nou-camp-stadium-and-museum-tour-fcb\/#breadcrumb","itemListElement":[{"@type":"ListItem","position":1,"name":"Home","item":"https:\/\/spanishbreak.com\/"},{"@type":"ListItem","position":2,"name":"Boutique","item":"https:\/\/spanishbreak.com\/boutique\/?lang=fr"},{"@type":"ListItem","position":3,"name":"VISITE DU STADE CAMP NOU ET DE SON MUS\u00c9E FCB \u00e0 Barcelone"}]},{"@type":"WebSite","@id":"https:\/\/spanishbreak.com\/#website","url":"https:\/\/spanishbreak.com\/","name":"Spanish Break","description":"Otro sitio realizado con WordPress","publisher":{"@id":"https:\/\/spanishbreak.com\/#organization"},"potentialAction":[{"@type":"SearchAction","target":{"@type":"EntryPoint","urlTemplate":"https:\/\/spanishbreak.com\/?s={search_term_string}"},"query-input":{"@type":"PropertyValueSpecification","valueRequired":true,"valueName":"search_term_string"}}],"inLanguage":"fr-FR"},{"@type":"Organization","@id":"https:\/\/spanishbreak.com\/#organization","name":"Spanish Break","url":"https:\/\/spanishbreak.com\/","logo":{"@type":"ImageObject","inLanguage":"fr-FR","@id":"https:\/\/spanishbreak.com\/#\/schema\/logo\/image\/","url":"https:\/\/spanishbreak.com\/wp-content\/uploads\/2024\/03\/logo-spanish-break.png","contentUrl":"https:\/\/spanishbreak.com\/wp-content\/uploads\/2024\/03\/logo-spanish-break.png","width":323,"height":37,"caption":"Spanish Break"},"image":{"@id":"https:\/\/spanishbreak.com\/#\/schema\/logo\/image\/"},"sameAs":["https:\/\/www.facebook.com\/spanishbreak","https:\/\/www.instagram.com\/spanishbreakbcn\/"]}]}},"_links":{"self":[{"href":"https:\/\/spanishbreak.com\/fr\/wp-json\/wp\/v2\/product\/4256","targetHints":{"allow":["GET"]}}],"collection":[{"href":"https:\/\/spanishbreak.com\/fr\/wp-json\/wp\/v2\/product"}],"about":[{"href":"https:\/\/spanishbreak.com\/fr\/wp-json\/wp\/v2\/types\/product"}],"replies":[{"embeddable":true,"href":"https:\/\/spanishbreak.com\/fr\/wp-json\/wp\/v2\/comments?post=4256"}],"wp:featuredmedia":[{"embeddable":true,"href":"https:\/\/spanishbreak.com\/fr\/wp-json\/wp\/v2\/media\/2998"}],"wp:attachment":[{"href":"https:\/\/spanishbreak.com\/fr\/wp-json\/wp\/v2\/media?parent=4256"}],"wp:term":[{"taxonomy":"product_brand","embeddable":true,"href":"https:\/\/spanishbreak.com\/fr\/wp-json\/wp\/v2\/product_brand?post=4256"},{"taxonomy":"product_cat","embeddable":true,"href":"https:\/\/spanishbreak.com\/fr\/wp-json\/wp\/v2\/product_cat?post=4256"},{"taxonomy":"product_tag","embeddable":true,"href":"https:\/\/spanishbreak.com\/fr\/wp-json\/wp\/v2\/product_tag?post=4256"}],"curies":[{"name":"wp","href":"https:\/\/api.w.org\/{rel}","templated":true}]}}