{"id":4257,"date":"2022-10-11T14:05:05","date_gmt":"2022-10-11T14:05:05","guid":{"rendered":"https:\/\/spanishbreak.com\/producto\/indoor-karting-mini-race\/"},"modified":"2025-12-17T11:38:31","modified_gmt":"2025-12-17T10:38:31","slug":"indoor-karting-mini-race","status":"publish","type":"product","link":"https:\/\/spanishbreak.com\/fr\/product\/indoor-karting-mini-race\/","title":{"rendered":"Karting int\u00e9rieur 2 parcours"},"content":{"rendered":"<p><strong>\u00c0 vos marques, pr\u00eat\u2026 GO !<\/strong><\/p>\n<p>Qui n&rsquo;aime pas le karting ?Lors de votre enterrement de vie de gar\u00e7on \u00e0 Barcelone, vous et vos amis pouvez jouer les Super Mario et br\u00fbler de la gomme lors d&rsquo;une s\u00e9ance de karting en salle !<\/p>\n<p>A votre arriv\u00e9e, vous serez enregistr\u00e9s, brief\u00e9s et \u00e9quip\u00e9s de tout le mat\u00e9riel n\u00e9cessaire. Ensuite, c&rsquo;est lavitesse qui prime ! Vous et vos amis participerez \u00e0 deux sessions de contre-la-montre, d&rsquo;une dur\u00e9e maximale de 10 minutes chacune.<\/p>\n<p>Un plaisir intense et la possibilit\u00e9 de jouer les gros bras avec vos amis sur la ligne d&rsquo;arriv\u00e9e &#8211; qu&rsquo;est-ce qu&rsquo;il ne faut pas aimer ? De plus, le premier tour est d\u00e9finitivement ax\u00e9 sur le rythme !<\/p>\n<p>Gr\u00e2ce \u00e0 notre service de transport priv\u00e9, votre groupe sera r\u00e9cup\u00e9r\u00e9 directement \u00e0 votre h\u00e9bergement, patiemment attendu jusqu&rsquo;\u00e0 l afin de l&rsquo;activit\u00e9, puis ramen\u00e9 \u00e0 l&rsquo;endroit de votre choix \u00e0 Barcelone !<\/p>\n","protected":false},"excerpt":{"rendered":"<p>\u00c0 vos marques, pr\u00eat\u2026 GO ! Qui n&rsquo;aime pas le karting ?Lors de votre enterrement de vie de gar\u00e7on \u00e0 Barcelone, vous et vos amis pouvez jouer les Super Mario et br\u00fbler de la gomme lors d&rsquo;une s\u00e9ance de karting en salle ! A votre arriv\u00e9e, vous serez enregistr\u00e9s, brief\u00e9s et \u00e9quip\u00e9s de tout le [&hellip;]<\/p>\n","protected":false},"featured_media":3057,"comment_status":"closed","ping_status":"closed","template":"","meta":{"site-sidebar-layout":"default","site-content-layout":"default","ast-site-content-layout":"default","site-content-style":"default","site-sidebar-style":"default","ast-global-header-display":"","ast-banner-title-visibility":"","ast-main-header-display":"","ast-hfb-above-header-display":"","ast-hfb-below-header-display":"","ast-hfb-mobile-header-display":"","site-post-title":"","ast-breadcrumbs-content":"","ast-featured-img":"","footer-sml-layout":"","theme-transparent-header-meta":"default","adv-header-id-meta":"","stick-header-meta":"","header-above-stick-meta":"","header-main-stick-meta":"","header-below-stick-meta":"","astra-migrate-meta-layouts":"set","ast-page-background-enabled":"default","ast-page-background-meta":{"desktop":{"background-color":"var(--ast-global-color-4)","background-image":"","background-repeat":"repeat","background-position":"center center","background-size":"auto","background-attachment":"scroll","background-type":"","background-media":"","overlay-type":"","overlay-color":"","overlay-opacity":"","overlay-gradient":""},"tablet":{"background-color":"","background-image":"","background-repeat":"repeat","background-position":"center center","background-size":"auto","background-attachment":"scroll","background-type":"","background-media":"","overlay-type":"","overlay-color":"","overlay-opacity":"","overlay-gradient":""},"mobile":{"background-color":"","background-image":"","background-repeat":"repeat","background-position":"center center","background-size":"auto","background-attachment":"scroll","background-type":"","background-media":"","overlay-type":"","overlay-color":"","overlay-opacity":"","overlay-gradient":""}},"ast-content-background-meta":{"desktop":{"background-color":"var(--ast-global-color-5)","background-image":"","background-repeat":"repeat","background-position":"center center","background-size":"auto","background-attachment":"scroll","background-type":"","background-media":"","overlay-type":"","overlay-color":"","overlay-opacity":"","overlay-gradient":""},"tablet":{"background-color":"var(--ast-global-color-5)","background-image":"","background-repeat":"repeat","background-position":"center center","background-size":"auto","background-attachment":"scroll","background-type":"","background-media":"","overlay-type":"","overlay-color":"","overlay-opacity":"","overlay-gradient":""},"mobile":{"background-color":"var(--ast-global-color-5)","background-image":"","background-repeat":"repeat","background-position":"center center","background-size":"auto","background-attachment":"scroll","background-type":"","background-media":"","overlay-type":"","overlay-color":"","overlay-opacity":"","overlay-gradient":""}},"repeater_packs":""},"product_brand":[],"product_cat":[68,73],"product_tag":[35],"class_list":{"0":"post-4257","1":"product","2":"type-product","3":"status-publish","4":"has-post-thumbnail","6":"product_cat-day-time-activities","7":"product_cat-stag-fr","8":"product_tag-stag","9":"desktop-align-left","10":"tablet-align-left","11":"mobile-align-left","13":"first","14":"instock","15":"shipping-taxable","16":"product-type-simple"},"yoast_head":"<!-- This site is optimized with the Yoast SEO plugin v26.8 - https:\/\/yoast.com\/product\/yoast-seo-wordpress\/ -->\n<title>Karting int\u00e9rieur 2 parcours - SpanishBreak<\/title>\n<meta name=\"description\" content=\"\u00c0 vos marques, pr\u00eat\u2026 GO ! Qui n&#039;aime pas le karting ?Lors de votre enterrement de vie de gar\u00e7on \u00e0 Barcelone, vous et vos amis pouvez jouer les Super Mario Exp\u00e9rimentez l&#039;adr\u00e9naline du karting en salle avec des courses rapides et amusantes pour tous les niveaux de comp\u00e9tence.\" \/>\n<meta name=\"robots\" content=\"index, follow, max-snippet:-1, max-image-preview:large, max-video-preview:-1\" \/>\n<link rel=\"canonical\" href=\"https:\/\/spanishbreak.com\/fr\/product\/indoor-karting-mini-race\/\" \/>\n<meta property=\"og:locale\" content=\"fr_FR\" \/>\n<meta property=\"og:type\" content=\"article\" \/>\n<meta property=\"og:title\" content=\"Karting int\u00e9rieur 2 parcours - SpanishBreak\" \/>\n<meta property=\"og:description\" content=\"\u00c0 vos marques, pr\u00eat\u2026 GO ! Qui n&#039;aime pas le karting ?Lors de votre enterrement de vie de gar\u00e7on \u00e0 Barcelone, vous et vos amis pouvez jouer les Super Mario Exp\u00e9rimentez l&#039;adr\u00e9naline du karting en salle avec des courses rapides et amusantes pour tous les niveaux de comp\u00e9tence.\" \/>\n<meta property=\"og:url\" content=\"https:\/\/spanishbreak.com\/fr\/product\/indoor-karting-mini-race\/\" \/>\n<meta property=\"og:site_name\" content=\"Spanishbreak\" \/>\n<meta property=\"article:publisher\" content=\"https:\/\/www.facebook.com\/spanishbreak\" \/>\n<meta property=\"article:modified_time\" content=\"2025-12-17T10:38:31+00:00\" \/>\n<meta property=\"og:image\" content=\"https:\/\/spanishbreak.com\/wp-content\/uploads\/2022\/10\/eventMcDonalds-118.jpg\" \/>\n\t<meta property=\"og:image:width\" content=\"1200\" \/>\n\t<meta property=\"og:image:height\" content=\"800\" \/>\n\t<meta property=\"og:image:type\" content=\"image\/jpeg\" \/>\n<meta name=\"twitter:card\" content=\"summary_large_image\" \/>\n<meta name=\"twitter:label1\" content=\"Dur\u00e9e de lecture estim\u00e9e\" \/>\n\t<meta name=\"twitter:data1\" content=\"1 minute\" \/>\n<script type=\"application\/ld+json\" class=\"yoast-schema-graph\">{\"@context\":\"https:\/\/schema.org\",\"@graph\":[{\"@type\":[\"WebPage\",\"ItemPage\"],\"@id\":\"https:\/\/spanishbreak.com\/fr\/product\/indoor-karting-mini-race\/\",\"url\":\"https:\/\/spanishbreak.com\/fr\/product\/indoor-karting-mini-race\/\",\"name\":\"Karting int\u00e9rieur 2 parcours - SpanishBreak\",\"isPartOf\":{\"@id\":\"https:\/\/spanishbreak.com\/#website\"},\"primaryImageOfPage\":{\"@id\":\"https:\/\/spanishbreak.com\/fr\/product\/indoor-karting-mini-race\/#primaryimage\"},\"image\":{\"@id\":\"https:\/\/spanishbreak.com\/fr\/product\/indoor-karting-mini-race\/#primaryimage\"},\"thumbnailUrl\":\"https:\/\/spanishbreak.com\/wp-content\/uploads\/2022\/10\/eventMcDonalds-118.jpg\",\"datePublished\":\"2022-10-11T14:05:05+00:00\",\"dateModified\":\"2025-12-17T10:38:31+00:00\",\"description\":\"\u00c0 vos marques, pr\u00eat\u2026 GO ! Qui n'aime pas le karting ?Lors de votre enterrement de vie de gar\u00e7on \u00e0 Barcelone, vous et vos amis pouvez jouer les Super Mario Exp\u00e9rimentez l'adr\u00e9naline du karting en salle avec des courses rapides et amusantes pour tous les niveaux de comp\u00e9tence.\",\"breadcrumb\":{\"@id\":\"https:\/\/spanishbreak.com\/fr\/product\/indoor-karting-mini-race\/#breadcrumb\"},\"inLanguage\":\"fr-FR\",\"potentialAction\":[{\"@type\":\"ReadAction\",\"target\":[\"https:\/\/spanishbreak.com\/fr\/product\/indoor-karting-mini-race\/\"]}]},{\"@type\":\"ImageObject\",\"inLanguage\":\"fr-FR\",\"@id\":\"https:\/\/spanishbreak.com\/fr\/product\/indoor-karting-mini-race\/#primaryimage\",\"url\":\"https:\/\/spanishbreak.com\/wp-content\/uploads\/2022\/10\/eventMcDonalds-118.jpg\",\"contentUrl\":\"https:\/\/spanishbreak.com\/wp-content\/uploads\/2022\/10\/eventMcDonalds-118.jpg\",\"width\":1200,\"height\":800},{\"@type\":\"BreadcrumbList\",\"@id\":\"https:\/\/spanishbreak.com\/fr\/product\/indoor-karting-mini-race\/#breadcrumb\",\"itemListElement\":[{\"@type\":\"ListItem\",\"position\":1,\"name\":\"Home\",\"item\":\"https:\/\/spanishbreak.com\/\"},{\"@type\":\"ListItem\",\"position\":2,\"name\":\"Boutique\",\"item\":\"https:\/\/spanishbreak.com\/boutique\/?lang=fr\"},{\"@type\":\"ListItem\",\"position\":3,\"name\":\"Karting int\u00e9rieur 2 parcours\"}]},{\"@type\":\"WebSite\",\"@id\":\"https:\/\/spanishbreak.com\/#website\",\"url\":\"https:\/\/spanishbreak.com\/\",\"name\":\"Spanish Break\",\"description\":\"Otro sitio realizado con WordPress\",\"publisher\":{\"@id\":\"https:\/\/spanishbreak.com\/#organization\"},\"potentialAction\":[{\"@type\":\"SearchAction\",\"target\":{\"@type\":\"EntryPoint\",\"urlTemplate\":\"https:\/\/spanishbreak.com\/?s={search_term_string}\"},\"query-input\":{\"@type\":\"PropertyValueSpecification\",\"valueRequired\":true,\"valueName\":\"search_term_string\"}}],\"inLanguage\":\"fr-FR\"},{\"@type\":\"Organization\",\"@id\":\"https:\/\/spanishbreak.com\/#organization\",\"name\":\"Spanish Break\",\"url\":\"https:\/\/spanishbreak.com\/\",\"logo\":{\"@type\":\"ImageObject\",\"inLanguage\":\"fr-FR\",\"@id\":\"https:\/\/spanishbreak.com\/#\/schema\/logo\/image\/\",\"url\":\"https:\/\/spanishbreak.com\/wp-content\/uploads\/2024\/03\/logo-spanish-break.png\",\"contentUrl\":\"https:\/\/spanishbreak.com\/wp-content\/uploads\/2024\/03\/logo-spanish-break.png\",\"width\":323,\"height\":37,\"caption\":\"Spanish Break\"},\"image\":{\"@id\":\"https:\/\/spanishbreak.com\/#\/schema\/logo\/image\/\"},\"sameAs\":[\"https:\/\/www.facebook.com\/spanishbreak\",\"https:\/\/www.instagram.com\/spanishbreakbcn\/\"]}]}<\/script>\n<!-- \/ Yoast SEO plugin. -->","yoast_head_json":{"title":"Karting int\u00e9rieur 2 parcours - SpanishBreak","description":"\u00c0 vos marques, pr\u00eat\u2026 GO ! Qui n'aime pas le karting ?Lors de votre enterrement de vie de gar\u00e7on \u00e0 Barcelone, vous et vos amis pouvez jouer les Super Mario Exp\u00e9rimentez l'adr\u00e9naline du karting en salle avec des courses rapides et amusantes pour tous les niveaux de comp\u00e9tence.","robots":{"index":"index","follow":"follow","max-snippet":"max-snippet:-1","max-image-preview":"max-image-preview:large","max-video-preview":"max-video-preview:-1"},"canonical":"https:\/\/spanishbreak.com\/fr\/product\/indoor-karting-mini-race\/","og_locale":"fr_FR","og_type":"article","og_title":"Karting int\u00e9rieur 2 parcours - SpanishBreak","og_description":"\u00c0 vos marques, pr\u00eat\u2026 GO ! Qui n'aime pas le karting ?Lors de votre enterrement de vie de gar\u00e7on \u00e0 Barcelone, vous et vos amis pouvez jouer les Super Mario Exp\u00e9rimentez l'adr\u00e9naline du karting en salle avec des courses rapides et amusantes pour tous les niveaux de comp\u00e9tence.","og_url":"https:\/\/spanishbreak.com\/fr\/product\/indoor-karting-mini-race\/","og_site_name":"Spanishbreak","article_publisher":"https:\/\/www.facebook.com\/spanishbreak","article_modified_time":"2025-12-17T10:38:31+00:00","og_image":[{"width":1200,"height":800,"url":"https:\/\/spanishbreak.com\/wp-content\/uploads\/2022\/10\/eventMcDonalds-118.jpg","type":"image\/jpeg"}],"twitter_card":"summary_large_image","twitter_misc":{"Dur\u00e9e de lecture estim\u00e9e":"1 minute"},"schema":{"@context":"https:\/\/schema.org","@graph":[{"@type":["WebPage","ItemPage"],"@id":"https:\/\/spanishbreak.com\/fr\/product\/indoor-karting-mini-race\/","url":"https:\/\/spanishbreak.com\/fr\/product\/indoor-karting-mini-race\/","name":"Karting int\u00e9rieur 2 parcours - SpanishBreak","isPartOf":{"@id":"https:\/\/spanishbreak.com\/#website"},"primaryImageOfPage":{"@id":"https:\/\/spanishbreak.com\/fr\/product\/indoor-karting-mini-race\/#primaryimage"},"image":{"@id":"https:\/\/spanishbreak.com\/fr\/product\/indoor-karting-mini-race\/#primaryimage"},"thumbnailUrl":"https:\/\/spanishbreak.com\/wp-content\/uploads\/2022\/10\/eventMcDonalds-118.jpg","datePublished":"2022-10-11T14:05:05+00:00","dateModified":"2025-12-17T10:38:31+00:00","description":"\u00c0 vos marques, pr\u00eat\u2026 GO ! Qui n'aime pas le karting ?Lors de votre enterrement de vie de gar\u00e7on \u00e0 Barcelone, vous et vos amis pouvez jouer les Super Mario Exp\u00e9rimentez l'adr\u00e9naline du karting en salle avec des courses rapides et amusantes pour tous les niveaux de comp\u00e9tence.","breadcrumb":{"@id":"https:\/\/spanishbreak.com\/fr\/product\/indoor-karting-mini-race\/#breadcrumb"},"inLanguage":"fr-FR","potentialAction":[{"@type":"ReadAction","target":["https:\/\/spanishbreak.com\/fr\/product\/indoor-karting-mini-race\/"]}]},{"@type":"ImageObject","inLanguage":"fr-FR","@id":"https:\/\/spanishbreak.com\/fr\/product\/indoor-karting-mini-race\/#primaryimage","url":"https:\/\/spanishbreak.com\/wp-content\/uploads\/2022\/10\/eventMcDonalds-118.jpg","contentUrl":"https:\/\/spanishbreak.com\/wp-content\/uploads\/2022\/10\/eventMcDonalds-118.jpg","width":1200,"height":800},{"@type":"BreadcrumbList","@id":"https:\/\/spanishbreak.com\/fr\/product\/indoor-karting-mini-race\/#breadcrumb","itemListElement":[{"@type":"ListItem","position":1,"name":"Home","item":"https:\/\/spanishbreak.com\/"},{"@type":"ListItem","position":2,"name":"Boutique","item":"https:\/\/spanishbreak.com\/boutique\/?lang=fr"},{"@type":"ListItem","position":3,"name":"Karting int\u00e9rieur 2 parcours"}]},{"@type":"WebSite","@id":"https:\/\/spanishbreak.com\/#website","url":"https:\/\/spanishbreak.com\/","name":"Spanish Break","description":"Otro sitio realizado con WordPress","publisher":{"@id":"https:\/\/spanishbreak.com\/#organization"},"potentialAction":[{"@type":"SearchAction","target":{"@type":"EntryPoint","urlTemplate":"https:\/\/spanishbreak.com\/?s={search_term_string}"},"query-input":{"@type":"PropertyValueSpecification","valueRequired":true,"valueName":"search_term_string"}}],"inLanguage":"fr-FR"},{"@type":"Organization","@id":"https:\/\/spanishbreak.com\/#organization","name":"Spanish Break","url":"https:\/\/spanishbreak.com\/","logo":{"@type":"ImageObject","inLanguage":"fr-FR","@id":"https:\/\/spanishbreak.com\/#\/schema\/logo\/image\/","url":"https:\/\/spanishbreak.com\/wp-content\/uploads\/2024\/03\/logo-spanish-break.png","contentUrl":"https:\/\/spanishbreak.com\/wp-content\/uploads\/2024\/03\/logo-spanish-break.png","width":323,"height":37,"caption":"Spanish Break"},"image":{"@id":"https:\/\/spanishbreak.com\/#\/schema\/logo\/image\/"},"sameAs":["https:\/\/www.facebook.com\/spanishbreak","https:\/\/www.instagram.com\/spanishbreakbcn\/"]}]}},"_links":{"self":[{"href":"https:\/\/spanishbreak.com\/fr\/wp-json\/wp\/v2\/product\/4257","targetHints":{"allow":["GET"]}}],"collection":[{"href":"https:\/\/spanishbreak.com\/fr\/wp-json\/wp\/v2\/product"}],"about":[{"href":"https:\/\/spanishbreak.com\/fr\/wp-json\/wp\/v2\/types\/product"}],"replies":[{"embeddable":true,"href":"https:\/\/spanishbreak.com\/fr\/wp-json\/wp\/v2\/comments?post=4257"}],"wp:featuredmedia":[{"embeddable":true,"href":"https:\/\/spanishbreak.com\/fr\/wp-json\/wp\/v2\/media\/3057"}],"wp:attachment":[{"href":"https:\/\/spanishbreak.com\/fr\/wp-json\/wp\/v2\/media?parent=4257"}],"wp:term":[{"taxonomy":"product_brand","embeddable":true,"href":"https:\/\/spanishbreak.com\/fr\/wp-json\/wp\/v2\/product_brand?post=4257"},{"taxonomy":"product_cat","embeddable":true,"href":"https:\/\/spanishbreak.com\/fr\/wp-json\/wp\/v2\/product_cat?post=4257"},{"taxonomy":"product_tag","embeddable":true,"href":"https:\/\/spanishbreak.com\/fr\/wp-json\/wp\/v2\/product_tag?post=4257"}],"curies":[{"name":"wp","href":"https:\/\/api.w.org\/{rel}","templated":true}]}}