{"id":4259,"date":"2022-10-11T11:01:07","date_gmt":"2022-10-11T11:01:07","guid":{"rendered":"https:\/\/spanishbreak.com\/producto\/laser-tag\/"},"modified":"2025-03-28T16:16:10","modified_gmt":"2025-03-28T16:16:10","slug":"laser-tag-langfr","status":"publish","type":"product","link":"https:\/\/spanishbreak.com\/fr\/product\/laser-tag-langfr\/","title":{"rendered":"LASER TAG \u00e0 Barcelone"},"content":{"rendered":"<p>La comp\u00e9tition commence et nous recherchons des guerriers ! Il est temps de vous pr\u00e9parer, de prendre vos armes et montrer votre envie de gagner face \u00e0 l&rsquo;\u00e9quipe adverse.\u00a0Si vous cherchez une activit\u00e9 qui implique de la strat\u00e9gie, des tactiques et du combat, le Laser\u00a0Tag est fait pour vous.<\/p>\n<p>Vous arriverez dans une\u00a0zone sombre en int\u00e9rieur, et marcherez vers la ligne de d\u00e9part au combat, fa\u00e7on laser ! Cette activit\u00e9\u00a0moderne qui ressemble au paintball, avec plus de technique et moins de d\u00e9g\u00e2ts, vous fournira votre dose d&rsquo;adr\u00e9naline. Une fois que les instructions du jeu vous seront donn\u00e9es, vous serez s\u00e9par\u00e9s en 2 \u00e9quipes et fins pr\u00eats pour commencer le combat. Avec tous les \u00e9quipements pr\u00e9par\u00e9s pour vous, \u00a0il ne vous reste plus qu&rsquo;\u00e0 mettre en place une strat\u00e9gie pour battre vos adversaires.<\/p>\n","protected":false},"excerpt":{"rendered":"<p>La comp\u00e9tition commence et nous recherchons des guerriers ! Il est temps de vous pr\u00e9parer, de prendre vos armes et montrer votre envie de gagner face \u00e0 l&rsquo;\u00e9quipe adverse.\u00a0Si vous cherchez une activit\u00e9 qui implique de la strat\u00e9gie, des tactiques et du combat, le Laser\u00a0Tag est fait pour vous. Vous arriverez dans une\u00a0zone sombre en [&hellip;]<\/p>\n","protected":false},"featured_media":3073,"comment_status":"closed","ping_status":"closed","template":"","meta":{"site-sidebar-layout":"default","site-content-layout":"default","ast-site-content-layout":"default","site-content-style":"default","site-sidebar-style":"default","ast-global-header-display":"","ast-banner-title-visibility":"","ast-main-header-display":"","ast-hfb-above-header-display":"","ast-hfb-below-header-display":"","ast-hfb-mobile-header-display":"","site-post-title":"","ast-breadcrumbs-content":"","ast-featured-img":"","footer-sml-layout":"","theme-transparent-header-meta":"default","adv-header-id-meta":"","stick-header-meta":"","header-above-stick-meta":"","header-main-stick-meta":"","header-below-stick-meta":"","astra-migrate-meta-layouts":"set","ast-page-background-enabled":"default","ast-page-background-meta":{"desktop":{"background-color":"var(--ast-global-color-4)","background-image":"","background-repeat":"repeat","background-position":"center center","background-size":"auto","background-attachment":"scroll","background-type":"","background-media":"","overlay-type":"","overlay-color":"","overlay-opacity":"","overlay-gradient":""},"tablet":{"background-color":"","background-image":"","background-repeat":"repeat","background-position":"center center","background-size":"auto","background-attachment":"scroll","background-type":"","background-media":"","overlay-type":"","overlay-color":"","overlay-opacity":"","overlay-gradient":""},"mobile":{"background-color":"","background-image":"","background-repeat":"repeat","background-position":"center center","background-size":"auto","background-attachment":"scroll","background-type":"","background-media":"","overlay-type":"","overlay-color":"","overlay-opacity":"","overlay-gradient":""}},"ast-content-background-meta":{"desktop":{"background-color":"var(--ast-global-color-5)","background-image":"","background-repeat":"repeat","background-position":"center center","background-size":"auto","background-attachment":"scroll","background-type":"","background-media":"","overlay-type":"","overlay-color":"","overlay-opacity":"","overlay-gradient":""},"tablet":{"background-color":"var(--ast-global-color-5)","background-image":"","background-repeat":"repeat","background-position":"center center","background-size":"auto","background-attachment":"scroll","background-type":"","background-media":"","overlay-type":"","overlay-color":"","overlay-opacity":"","overlay-gradient":""},"mobile":{"background-color":"var(--ast-global-color-5)","background-image":"","background-repeat":"repeat","background-position":"center center","background-size":"auto","background-attachment":"scroll","background-type":"","background-media":"","overlay-type":"","overlay-color":"","overlay-opacity":"","overlay-gradient":""}},"repeater_packs":""},"product_brand":[],"product_cat":[68,66,70,73],"product_tag":[36,35],"class_list":{"0":"post-4259","1":"product","2":"type-product","3":"status-publish","4":"has-post-thumbnail","6":"product_cat-day-time-activities","7":"product_cat-hen-fr-2","8":"product_cat-newest-fr-2","9":"product_cat-stag-fr","10":"product_tag-hen","11":"product_tag-stag","12":"desktop-align-left","13":"tablet-align-left","14":"mobile-align-left","16":"first","17":"instock","18":"shipping-taxable","19":"product-type-simple"},"yoast_head":"<!-- This site is optimized with the Yoast SEO plugin v26.8 - https:\/\/yoast.com\/product\/yoast-seo-wordpress\/ -->\n<title>LASER TAG \u00e0 Barcelone : une exp\u00e9rience excitante \u00e0 ne pas manquer<\/title>\n<meta name=\"description\" content=\"La comp\u00e9tition commence et nous recherchons des guerriers ! Il est temps de vous pr\u00e9parer, de prendre vos armes et montrer votre envie de gagner face \u00e0 Jeu de laser tag pour une exp\u00e9rience de combat virtuel intense et amusante entre amis ou en famille.\" \/>\n<meta name=\"robots\" content=\"index, follow, max-snippet:-1, max-image-preview:large, max-video-preview:-1\" \/>\n<link rel=\"canonical\" href=\"https:\/\/spanishbreak.com\/fr\/product\/laser-tag-langfr\/\" \/>\n<meta property=\"og:locale\" content=\"fr_FR\" \/>\n<meta property=\"og:type\" content=\"article\" \/>\n<meta property=\"og:title\" content=\"LASER TAG \u00e0 Barcelone : une exp\u00e9rience excitante \u00e0 ne pas manquer\" \/>\n<meta property=\"og:description\" content=\"La comp\u00e9tition commence et nous recherchons des guerriers ! Il est temps de vous pr\u00e9parer, de prendre vos armes et montrer votre envie de gagner face \u00e0 Jeu de laser tag pour une exp\u00e9rience de combat virtuel intense et amusante entre amis ou en famille.\" \/>\n<meta property=\"og:url\" content=\"https:\/\/spanishbreak.com\/fr\/product\/laser-tag-langfr\/\" \/>\n<meta property=\"og:site_name\" content=\"Spanishbreak\" \/>\n<meta property=\"article:publisher\" content=\"https:\/\/www.facebook.com\/spanishbreak\" \/>\n<meta property=\"article:modified_time\" content=\"2025-03-28T16:16:10+00:00\" \/>\n<meta property=\"og:image\" content=\"https:\/\/spanishbreak.com\/wp-content\/uploads\/2022\/10\/lasertag1-scaled.jpg\" \/>\n\t<meta property=\"og:image:width\" content=\"2560\" \/>\n\t<meta property=\"og:image:height\" content=\"1713\" \/>\n\t<meta property=\"og:image:type\" content=\"image\/jpeg\" \/>\n<meta name=\"twitter:card\" content=\"summary_large_image\" \/>\n<meta name=\"twitter:label1\" content=\"Dur\u00e9e de lecture estim\u00e9e\" \/>\n\t<meta name=\"twitter:data1\" content=\"1 minute\" \/>\n<script type=\"application\/ld+json\" class=\"yoast-schema-graph\">{\"@context\":\"https:\/\/schema.org\",\"@graph\":[{\"@type\":[\"WebPage\",\"ItemPage\"],\"@id\":\"https:\/\/spanishbreak.com\/fr\/product\/laser-tag-langfr\/\",\"url\":\"https:\/\/spanishbreak.com\/fr\/product\/laser-tag-langfr\/\",\"name\":\"LASER TAG \u00e0 Barcelone : une exp\u00e9rience excitante \u00e0 ne pas manquer\",\"isPartOf\":{\"@id\":\"https:\/\/spanishbreak.com\/#website\"},\"primaryImageOfPage\":{\"@id\":\"https:\/\/spanishbreak.com\/fr\/product\/laser-tag-langfr\/#primaryimage\"},\"image\":{\"@id\":\"https:\/\/spanishbreak.com\/fr\/product\/laser-tag-langfr\/#primaryimage\"},\"thumbnailUrl\":\"https:\/\/spanishbreak.com\/wp-content\/uploads\/2022\/10\/lasertag1-scaled.jpg\",\"datePublished\":\"2022-10-11T11:01:07+00:00\",\"dateModified\":\"2025-03-28T16:16:10+00:00\",\"description\":\"La comp\u00e9tition commence et nous recherchons des guerriers ! Il est temps de vous pr\u00e9parer, de prendre vos armes et montrer votre envie de gagner face \u00e0 Jeu de laser tag pour une exp\u00e9rience de combat virtuel intense et amusante entre amis ou en famille.\",\"breadcrumb\":{\"@id\":\"https:\/\/spanishbreak.com\/fr\/product\/laser-tag-langfr\/#breadcrumb\"},\"inLanguage\":\"fr-FR\",\"potentialAction\":[{\"@type\":\"ReadAction\",\"target\":[\"https:\/\/spanishbreak.com\/fr\/product\/laser-tag-langfr\/\"]}]},{\"@type\":\"ImageObject\",\"inLanguage\":\"fr-FR\",\"@id\":\"https:\/\/spanishbreak.com\/fr\/product\/laser-tag-langfr\/#primaryimage\",\"url\":\"https:\/\/spanishbreak.com\/wp-content\/uploads\/2022\/10\/lasertag1-scaled.jpg\",\"contentUrl\":\"https:\/\/spanishbreak.com\/wp-content\/uploads\/2022\/10\/lasertag1-scaled.jpg\",\"width\":2560,\"height\":1713},{\"@type\":\"BreadcrumbList\",\"@id\":\"https:\/\/spanishbreak.com\/fr\/product\/laser-tag-langfr\/#breadcrumb\",\"itemListElement\":[{\"@type\":\"ListItem\",\"position\":1,\"name\":\"Home\",\"item\":\"https:\/\/spanishbreak.com\/\"},{\"@type\":\"ListItem\",\"position\":2,\"name\":\"Boutique\",\"item\":\"https:\/\/spanishbreak.com\/boutique\/?lang=fr\"},{\"@type\":\"ListItem\",\"position\":3,\"name\":\"LASER TAG \u00e0 Barcelone\"}]},{\"@type\":\"WebSite\",\"@id\":\"https:\/\/spanishbreak.com\/#website\",\"url\":\"https:\/\/spanishbreak.com\/\",\"name\":\"Spanish Break\",\"description\":\"Otro sitio realizado con WordPress\",\"publisher\":{\"@id\":\"https:\/\/spanishbreak.com\/#organization\"},\"potentialAction\":[{\"@type\":\"SearchAction\",\"target\":{\"@type\":\"EntryPoint\",\"urlTemplate\":\"https:\/\/spanishbreak.com\/?s={search_term_string}\"},\"query-input\":{\"@type\":\"PropertyValueSpecification\",\"valueRequired\":true,\"valueName\":\"search_term_string\"}}],\"inLanguage\":\"fr-FR\"},{\"@type\":\"Organization\",\"@id\":\"https:\/\/spanishbreak.com\/#organization\",\"name\":\"Spanish Break\",\"url\":\"https:\/\/spanishbreak.com\/\",\"logo\":{\"@type\":\"ImageObject\",\"inLanguage\":\"fr-FR\",\"@id\":\"https:\/\/spanishbreak.com\/#\/schema\/logo\/image\/\",\"url\":\"https:\/\/spanishbreak.com\/wp-content\/uploads\/2024\/03\/logo-spanish-break.png\",\"contentUrl\":\"https:\/\/spanishbreak.com\/wp-content\/uploads\/2024\/03\/logo-spanish-break.png\",\"width\":323,\"height\":37,\"caption\":\"Spanish Break\"},\"image\":{\"@id\":\"https:\/\/spanishbreak.com\/#\/schema\/logo\/image\/\"},\"sameAs\":[\"https:\/\/www.facebook.com\/spanishbreak\",\"https:\/\/www.instagram.com\/spanishbreakbcn\/\"]}]}<\/script>\n<!-- \/ Yoast SEO plugin. -->","yoast_head_json":{"title":"LASER TAG \u00e0 Barcelone : une exp\u00e9rience excitante \u00e0 ne pas manquer","description":"La comp\u00e9tition commence et nous recherchons des guerriers ! Il est temps de vous pr\u00e9parer, de prendre vos armes et montrer votre envie de gagner face \u00e0 Jeu de laser tag pour une exp\u00e9rience de combat virtuel intense et amusante entre amis ou en famille.","robots":{"index":"index","follow":"follow","max-snippet":"max-snippet:-1","max-image-preview":"max-image-preview:large","max-video-preview":"max-video-preview:-1"},"canonical":"https:\/\/spanishbreak.com\/fr\/product\/laser-tag-langfr\/","og_locale":"fr_FR","og_type":"article","og_title":"LASER TAG \u00e0 Barcelone : une exp\u00e9rience excitante \u00e0 ne pas manquer","og_description":"La comp\u00e9tition commence et nous recherchons des guerriers ! Il est temps de vous pr\u00e9parer, de prendre vos armes et montrer votre envie de gagner face \u00e0 Jeu de laser tag pour une exp\u00e9rience de combat virtuel intense et amusante entre amis ou en famille.","og_url":"https:\/\/spanishbreak.com\/fr\/product\/laser-tag-langfr\/","og_site_name":"Spanishbreak","article_publisher":"https:\/\/www.facebook.com\/spanishbreak","article_modified_time":"2025-03-28T16:16:10+00:00","og_image":[{"width":2560,"height":1713,"url":"https:\/\/spanishbreak.com\/wp-content\/uploads\/2022\/10\/lasertag1-scaled.jpg","type":"image\/jpeg"}],"twitter_card":"summary_large_image","twitter_misc":{"Dur\u00e9e de lecture estim\u00e9e":"1 minute"},"schema":{"@context":"https:\/\/schema.org","@graph":[{"@type":["WebPage","ItemPage"],"@id":"https:\/\/spanishbreak.com\/fr\/product\/laser-tag-langfr\/","url":"https:\/\/spanishbreak.com\/fr\/product\/laser-tag-langfr\/","name":"LASER TAG \u00e0 Barcelone : une exp\u00e9rience excitante \u00e0 ne pas manquer","isPartOf":{"@id":"https:\/\/spanishbreak.com\/#website"},"primaryImageOfPage":{"@id":"https:\/\/spanishbreak.com\/fr\/product\/laser-tag-langfr\/#primaryimage"},"image":{"@id":"https:\/\/spanishbreak.com\/fr\/product\/laser-tag-langfr\/#primaryimage"},"thumbnailUrl":"https:\/\/spanishbreak.com\/wp-content\/uploads\/2022\/10\/lasertag1-scaled.jpg","datePublished":"2022-10-11T11:01:07+00:00","dateModified":"2025-03-28T16:16:10+00:00","description":"La comp\u00e9tition commence et nous recherchons des guerriers ! Il est temps de vous pr\u00e9parer, de prendre vos armes et montrer votre envie de gagner face \u00e0 Jeu de laser tag pour une exp\u00e9rience de combat virtuel intense et amusante entre amis ou en famille.","breadcrumb":{"@id":"https:\/\/spanishbreak.com\/fr\/product\/laser-tag-langfr\/#breadcrumb"},"inLanguage":"fr-FR","potentialAction":[{"@type":"ReadAction","target":["https:\/\/spanishbreak.com\/fr\/product\/laser-tag-langfr\/"]}]},{"@type":"ImageObject","inLanguage":"fr-FR","@id":"https:\/\/spanishbreak.com\/fr\/product\/laser-tag-langfr\/#primaryimage","url":"https:\/\/spanishbreak.com\/wp-content\/uploads\/2022\/10\/lasertag1-scaled.jpg","contentUrl":"https:\/\/spanishbreak.com\/wp-content\/uploads\/2022\/10\/lasertag1-scaled.jpg","width":2560,"height":1713},{"@type":"BreadcrumbList","@id":"https:\/\/spanishbreak.com\/fr\/product\/laser-tag-langfr\/#breadcrumb","itemListElement":[{"@type":"ListItem","position":1,"name":"Home","item":"https:\/\/spanishbreak.com\/"},{"@type":"ListItem","position":2,"name":"Boutique","item":"https:\/\/spanishbreak.com\/boutique\/?lang=fr"},{"@type":"ListItem","position":3,"name":"LASER TAG \u00e0 Barcelone"}]},{"@type":"WebSite","@id":"https:\/\/spanishbreak.com\/#website","url":"https:\/\/spanishbreak.com\/","name":"Spanish Break","description":"Otro sitio realizado con WordPress","publisher":{"@id":"https:\/\/spanishbreak.com\/#organization"},"potentialAction":[{"@type":"SearchAction","target":{"@type":"EntryPoint","urlTemplate":"https:\/\/spanishbreak.com\/?s={search_term_string}"},"query-input":{"@type":"PropertyValueSpecification","valueRequired":true,"valueName":"search_term_string"}}],"inLanguage":"fr-FR"},{"@type":"Organization","@id":"https:\/\/spanishbreak.com\/#organization","name":"Spanish Break","url":"https:\/\/spanishbreak.com\/","logo":{"@type":"ImageObject","inLanguage":"fr-FR","@id":"https:\/\/spanishbreak.com\/#\/schema\/logo\/image\/","url":"https:\/\/spanishbreak.com\/wp-content\/uploads\/2024\/03\/logo-spanish-break.png","contentUrl":"https:\/\/spanishbreak.com\/wp-content\/uploads\/2024\/03\/logo-spanish-break.png","width":323,"height":37,"caption":"Spanish Break"},"image":{"@id":"https:\/\/spanishbreak.com\/#\/schema\/logo\/image\/"},"sameAs":["https:\/\/www.facebook.com\/spanishbreak","https:\/\/www.instagram.com\/spanishbreakbcn\/"]}]}},"_links":{"self":[{"href":"https:\/\/spanishbreak.com\/fr\/wp-json\/wp\/v2\/product\/4259","targetHints":{"allow":["GET"]}}],"collection":[{"href":"https:\/\/spanishbreak.com\/fr\/wp-json\/wp\/v2\/product"}],"about":[{"href":"https:\/\/spanishbreak.com\/fr\/wp-json\/wp\/v2\/types\/product"}],"replies":[{"embeddable":true,"href":"https:\/\/spanishbreak.com\/fr\/wp-json\/wp\/v2\/comments?post=4259"}],"wp:featuredmedia":[{"embeddable":true,"href":"https:\/\/spanishbreak.com\/fr\/wp-json\/wp\/v2\/media\/3073"}],"wp:attachment":[{"href":"https:\/\/spanishbreak.com\/fr\/wp-json\/wp\/v2\/media?parent=4259"}],"wp:term":[{"taxonomy":"product_brand","embeddable":true,"href":"https:\/\/spanishbreak.com\/fr\/wp-json\/wp\/v2\/product_brand?post=4259"},{"taxonomy":"product_cat","embeddable":true,"href":"https:\/\/spanishbreak.com\/fr\/wp-json\/wp\/v2\/product_cat?post=4259"},{"taxonomy":"product_tag","embeddable":true,"href":"https:\/\/spanishbreak.com\/fr\/wp-json\/wp\/v2\/product_tag?post=4259"}],"curies":[{"name":"wp","href":"https:\/\/api.w.org\/{rel}","templated":true}]}}