{"id":4261,"date":"2022-10-11T09:45:10","date_gmt":"2022-10-11T07:45:10","guid":{"rendered":"https:\/\/spanishbreak.com\/producto\/outdoor-karting\/"},"modified":"2024-07-25T11:12:45","modified_gmt":"2024-07-25T11:12:45","slug":"outdoor-karting","status":"publish","type":"product","link":"https:\/\/spanishbreak.com\/fr\/product\/outdoor-karting\/","title":{"rendered":"KARTING EN EXT\u00c9RIEUR \u00e0 Barcelone"},"content":{"rendered":"<p><strong>Karting au grand air\u00a0!<\/strong><\/p>\n<p>Ces karts de 280cc MicroGP sont d\u2019enfer ! Si vous cherchez une activit\u00e9 passionnante pour faire grimper votre taux d\u2019adr\u00e9naline pendant votre <strong>EVG \u00e0 Barcelone<\/strong>, cette activit\u00e9 de <strong>karting en ext\u00e9rieur <\/strong>en\u00a0vaut le d\u00e9tour !<\/p>\n<p>D\u00e9couvrez une fois pour toute qui a les meilleures comp\u00e9tences pour conduire et pensez au gage appropri\u00e9 pour celui qui est le dernier !<\/p>\n","protected":false},"excerpt":{"rendered":"<p>Karting au grand air\u00a0! Ces karts de 280cc MicroGP sont d\u2019enfer ! Si vous cherchez une activit\u00e9 passionnante pour faire grimper votre taux d\u2019adr\u00e9naline pendant votre EVG \u00e0 Barcelone, cette activit\u00e9 de karting en ext\u00e9rieur en\u00a0vaut le d\u00e9tour ! D\u00e9couvrez une fois pour toute qui a les meilleures comp\u00e9tences pour conduire et pensez au gage [&hellip;]<\/p>\n","protected":false},"featured_media":3062,"comment_status":"closed","ping_status":"closed","template":"","meta":{"site-sidebar-layout":"default","site-content-layout":"default","ast-site-content-layout":"default","site-content-style":"default","site-sidebar-style":"default","ast-global-header-display":"","ast-banner-title-visibility":"","ast-main-header-display":"","ast-hfb-above-header-display":"","ast-hfb-below-header-display":"","ast-hfb-mobile-header-display":"","site-post-title":"","ast-breadcrumbs-content":"","ast-featured-img":"","footer-sml-layout":"","theme-transparent-header-meta":"default","adv-header-id-meta":"","stick-header-meta":"","header-above-stick-meta":"","header-main-stick-meta":"","header-below-stick-meta":"","astra-migrate-meta-layouts":"set","ast-page-background-enabled":"default","ast-page-background-meta":{"desktop":{"background-color":"var(--ast-global-color-4)","background-image":"","background-repeat":"repeat","background-position":"center center","background-size":"auto","background-attachment":"scroll","background-type":"","background-media":"","overlay-type":"","overlay-color":"","overlay-opacity":"","overlay-gradient":""},"tablet":{"background-color":"","background-image":"","background-repeat":"repeat","background-position":"center center","background-size":"auto","background-attachment":"scroll","background-type":"","background-media":"","overlay-type":"","overlay-color":"","overlay-opacity":"","overlay-gradient":""},"mobile":{"background-color":"","background-image":"","background-repeat":"repeat","background-position":"center center","background-size":"auto","background-attachment":"scroll","background-type":"","background-media":"","overlay-type":"","overlay-color":"","overlay-opacity":"","overlay-gradient":""}},"ast-content-background-meta":{"desktop":{"background-color":"var(--ast-global-color-5)","background-image":"","background-repeat":"repeat","background-position":"center center","background-size":"auto","background-attachment":"scroll","background-type":"","background-media":"","overlay-type":"","overlay-color":"","overlay-opacity":"","overlay-gradient":""},"tablet":{"background-color":"var(--ast-global-color-5)","background-image":"","background-repeat":"repeat","background-position":"center center","background-size":"auto","background-attachment":"scroll","background-type":"","background-media":"","overlay-type":"","overlay-color":"","overlay-opacity":"","overlay-gradient":""},"mobile":{"background-color":"var(--ast-global-color-5)","background-image":"","background-repeat":"repeat","background-position":"center center","background-size":"auto","background-attachment":"scroll","background-type":"","background-media":"","overlay-type":"","overlay-color":"","overlay-opacity":"","overlay-gradient":""}},"repeater_packs":""},"product_brand":[],"product_cat":[68,66,73],"product_tag":[],"class_list":{"0":"post-4261","1":"product","2":"type-product","3":"status-publish","4":"has-post-thumbnail","6":"product_cat-day-time-activities","7":"product_cat-hen-fr-2","8":"product_cat-stag-fr","9":"desktop-align-left","10":"tablet-align-left","11":"mobile-align-left","13":"first","14":"instock","15":"shipping-taxable","16":"product-type-simple"},"yoast_head":"<!-- This site is optimized with the Yoast SEO plugin v26.8 - https:\/\/yoast.com\/product\/yoast-seo-wordpress\/ -->\n<title>KARTING EN EXT\u00c9RIEUR \u00e0 Barcelone : sensations fortes garanties !<\/title>\n<meta name=\"description\" content=\"Karting au grand air\u00a0! Ces karts de 280cc MicroGP sont d\u2019enfer ! Si vous cherchez une activit\u00e9 passionnante pour faire grimper votre taux d\u2019adr\u00e9naline Karting en plein air pour une exp\u00e9rience de course excitante et amusante. Parfait pour les amateurs de vitesse et de sensations fortes.\" \/>\n<meta name=\"robots\" content=\"index, follow, max-snippet:-1, max-image-preview:large, max-video-preview:-1\" \/>\n<link rel=\"canonical\" href=\"https:\/\/spanishbreak.com\/product\/outdoor-karting\/\" \/>\n<meta property=\"og:locale\" content=\"fr_FR\" \/>\n<meta property=\"og:type\" content=\"article\" \/>\n<meta property=\"og:title\" content=\"KARTING EN EXT\u00c9RIEUR \u00e0 Barcelone : sensations fortes garanties !\" \/>\n<meta property=\"og:description\" content=\"Karting au grand air\u00a0! Ces karts de 280cc MicroGP sont d\u2019enfer ! Si vous cherchez une activit\u00e9 passionnante pour faire grimper votre taux d\u2019adr\u00e9naline Karting en plein air pour une exp\u00e9rience de course excitante et amusante. Parfait pour les amateurs de vitesse et de sensations fortes.\" \/>\n<meta property=\"og:url\" content=\"https:\/\/spanishbreak.com\/product\/outdoor-karting\/\" \/>\n<meta property=\"og:site_name\" content=\"Spanishbreak\" \/>\n<meta property=\"article:publisher\" content=\"https:\/\/www.facebook.com\/spanishbreak\" \/>\n<meta property=\"article:modified_time\" content=\"2024-07-25T11:12:45+00:00\" \/>\n<meta property=\"og:image\" content=\"https:\/\/spanishbreak.com\/wp-content\/uploads\/2022\/10\/Depositphotos_13990431_l-2015-1024x706.jpg\" \/>\n\t<meta property=\"og:image:width\" content=\"1024\" \/>\n\t<meta property=\"og:image:height\" content=\"706\" \/>\n\t<meta property=\"og:image:type\" content=\"image\/jpeg\" \/>\n<meta name=\"twitter:card\" content=\"summary_large_image\" \/>\n<meta name=\"twitter:label1\" content=\"Dur\u00e9e de lecture estim\u00e9e\" \/>\n\t<meta name=\"twitter:data1\" content=\"1 minute\" \/>\n<script type=\"application\/ld+json\" class=\"yoast-schema-graph\">{\"@context\":\"https:\/\/schema.org\",\"@graph\":[{\"@type\":[\"WebPage\",\"ItemPage\"],\"@id\":\"https:\/\/spanishbreak.com\/product\/outdoor-karting\/\",\"url\":\"https:\/\/spanishbreak.com\/product\/outdoor-karting\/\",\"name\":\"KARTING EN EXT\u00c9RIEUR \u00e0 Barcelone : sensations fortes garanties !\",\"isPartOf\":{\"@id\":\"https:\/\/spanishbreak.com\/#website\"},\"primaryImageOfPage\":{\"@id\":\"https:\/\/spanishbreak.com\/product\/outdoor-karting\/#primaryimage\"},\"image\":{\"@id\":\"https:\/\/spanishbreak.com\/product\/outdoor-karting\/#primaryimage\"},\"thumbnailUrl\":\"https:\/\/spanishbreak.com\/wp-content\/uploads\/2022\/10\/Depositphotos_13990431_l-2015.jpg\",\"datePublished\":\"2022-10-11T07:45:10+00:00\",\"dateModified\":\"2024-07-25T11:12:45+00:00\",\"description\":\"Karting au grand air\u00a0! Ces karts de 280cc MicroGP sont d\u2019enfer ! Si vous cherchez une activit\u00e9 passionnante pour faire grimper votre taux d\u2019adr\u00e9naline Karting en plein air pour une exp\u00e9rience de course excitante et amusante. Parfait pour les amateurs de vitesse et de sensations fortes.\",\"breadcrumb\":{\"@id\":\"https:\/\/spanishbreak.com\/product\/outdoor-karting\/#breadcrumb\"},\"inLanguage\":\"fr-FR\",\"potentialAction\":[{\"@type\":\"ReadAction\",\"target\":[\"https:\/\/spanishbreak.com\/product\/outdoor-karting\/\"]}]},{\"@type\":\"ImageObject\",\"inLanguage\":\"fr-FR\",\"@id\":\"https:\/\/spanishbreak.com\/product\/outdoor-karting\/#primaryimage\",\"url\":\"https:\/\/spanishbreak.com\/wp-content\/uploads\/2022\/10\/Depositphotos_13990431_l-2015.jpg\",\"contentUrl\":\"https:\/\/spanishbreak.com\/wp-content\/uploads\/2022\/10\/Depositphotos_13990431_l-2015.jpg\",\"width\":2000,\"height\":1378,\"caption\":\"BUCHAREST, ROMANIA - AUGUST 4: Unknown pilot competing in National Karting Championship 2012 at Amkart Bucharest, on August 4, in Bucharest, Romania\"},{\"@type\":\"BreadcrumbList\",\"@id\":\"https:\/\/spanishbreak.com\/product\/outdoor-karting\/#breadcrumb\",\"itemListElement\":[{\"@type\":\"ListItem\",\"position\":1,\"name\":\"Home\",\"item\":\"https:\/\/spanishbreak.com\/\"},{\"@type\":\"ListItem\",\"position\":2,\"name\":\"Boutique\",\"item\":\"https:\/\/spanishbreak.com\/boutique\/?lang=fr\"},{\"@type\":\"ListItem\",\"position\":3,\"name\":\"KARTING EN EXT\u00c9RIEUR \u00e0 Barcelone\"}]},{\"@type\":\"WebSite\",\"@id\":\"https:\/\/spanishbreak.com\/#website\",\"url\":\"https:\/\/spanishbreak.com\/\",\"name\":\"Spanish Break\",\"description\":\"Otro sitio realizado con WordPress\",\"publisher\":{\"@id\":\"https:\/\/spanishbreak.com\/#organization\"},\"potentialAction\":[{\"@type\":\"SearchAction\",\"target\":{\"@type\":\"EntryPoint\",\"urlTemplate\":\"https:\/\/spanishbreak.com\/?s={search_term_string}\"},\"query-input\":{\"@type\":\"PropertyValueSpecification\",\"valueRequired\":true,\"valueName\":\"search_term_string\"}}],\"inLanguage\":\"fr-FR\"},{\"@type\":\"Organization\",\"@id\":\"https:\/\/spanishbreak.com\/#organization\",\"name\":\"Spanish Break\",\"url\":\"https:\/\/spanishbreak.com\/\",\"logo\":{\"@type\":\"ImageObject\",\"inLanguage\":\"fr-FR\",\"@id\":\"https:\/\/spanishbreak.com\/#\/schema\/logo\/image\/\",\"url\":\"https:\/\/spanishbreak.com\/wp-content\/uploads\/2024\/03\/logo-spanish-break.png\",\"contentUrl\":\"https:\/\/spanishbreak.com\/wp-content\/uploads\/2024\/03\/logo-spanish-break.png\",\"width\":323,\"height\":37,\"caption\":\"Spanish Break\"},\"image\":{\"@id\":\"https:\/\/spanishbreak.com\/#\/schema\/logo\/image\/\"},\"sameAs\":[\"https:\/\/www.facebook.com\/spanishbreak\",\"https:\/\/www.instagram.com\/spanishbreakbcn\/\"]}]}<\/script>\n<!-- \/ Yoast SEO plugin. -->","yoast_head_json":{"title":"KARTING EN EXT\u00c9RIEUR \u00e0 Barcelone : sensations fortes garanties !","description":"Karting au grand air\u00a0! Ces karts de 280cc MicroGP sont d\u2019enfer ! Si vous cherchez une activit\u00e9 passionnante pour faire grimper votre taux d\u2019adr\u00e9naline Karting en plein air pour une exp\u00e9rience de course excitante et amusante. Parfait pour les amateurs de vitesse et de sensations fortes.","robots":{"index":"index","follow":"follow","max-snippet":"max-snippet:-1","max-image-preview":"max-image-preview:large","max-video-preview":"max-video-preview:-1"},"canonical":"https:\/\/spanishbreak.com\/product\/outdoor-karting\/","og_locale":"fr_FR","og_type":"article","og_title":"KARTING EN EXT\u00c9RIEUR \u00e0 Barcelone : sensations fortes garanties !","og_description":"Karting au grand air\u00a0! Ces karts de 280cc MicroGP sont d\u2019enfer ! Si vous cherchez une activit\u00e9 passionnante pour faire grimper votre taux d\u2019adr\u00e9naline Karting en plein air pour une exp\u00e9rience de course excitante et amusante. Parfait pour les amateurs de vitesse et de sensations fortes.","og_url":"https:\/\/spanishbreak.com\/product\/outdoor-karting\/","og_site_name":"Spanishbreak","article_publisher":"https:\/\/www.facebook.com\/spanishbreak","article_modified_time":"2024-07-25T11:12:45+00:00","og_image":[{"width":1024,"height":706,"url":"https:\/\/spanishbreak.com\/wp-content\/uploads\/2022\/10\/Depositphotos_13990431_l-2015-1024x706.jpg","type":"image\/jpeg"}],"twitter_card":"summary_large_image","twitter_misc":{"Dur\u00e9e de lecture estim\u00e9e":"1 minute"},"schema":{"@context":"https:\/\/schema.org","@graph":[{"@type":["WebPage","ItemPage"],"@id":"https:\/\/spanishbreak.com\/product\/outdoor-karting\/","url":"https:\/\/spanishbreak.com\/product\/outdoor-karting\/","name":"KARTING EN EXT\u00c9RIEUR \u00e0 Barcelone : sensations fortes garanties !","isPartOf":{"@id":"https:\/\/spanishbreak.com\/#website"},"primaryImageOfPage":{"@id":"https:\/\/spanishbreak.com\/product\/outdoor-karting\/#primaryimage"},"image":{"@id":"https:\/\/spanishbreak.com\/product\/outdoor-karting\/#primaryimage"},"thumbnailUrl":"https:\/\/spanishbreak.com\/wp-content\/uploads\/2022\/10\/Depositphotos_13990431_l-2015.jpg","datePublished":"2022-10-11T07:45:10+00:00","dateModified":"2024-07-25T11:12:45+00:00","description":"Karting au grand air\u00a0! Ces karts de 280cc MicroGP sont d\u2019enfer ! Si vous cherchez une activit\u00e9 passionnante pour faire grimper votre taux d\u2019adr\u00e9naline Karting en plein air pour une exp\u00e9rience de course excitante et amusante. Parfait pour les amateurs de vitesse et de sensations fortes.","breadcrumb":{"@id":"https:\/\/spanishbreak.com\/product\/outdoor-karting\/#breadcrumb"},"inLanguage":"fr-FR","potentialAction":[{"@type":"ReadAction","target":["https:\/\/spanishbreak.com\/product\/outdoor-karting\/"]}]},{"@type":"ImageObject","inLanguage":"fr-FR","@id":"https:\/\/spanishbreak.com\/product\/outdoor-karting\/#primaryimage","url":"https:\/\/spanishbreak.com\/wp-content\/uploads\/2022\/10\/Depositphotos_13990431_l-2015.jpg","contentUrl":"https:\/\/spanishbreak.com\/wp-content\/uploads\/2022\/10\/Depositphotos_13990431_l-2015.jpg","width":2000,"height":1378,"caption":"BUCHAREST, ROMANIA - AUGUST 4: Unknown pilot competing in National Karting Championship 2012 at Amkart Bucharest, on August 4, in Bucharest, Romania"},{"@type":"BreadcrumbList","@id":"https:\/\/spanishbreak.com\/product\/outdoor-karting\/#breadcrumb","itemListElement":[{"@type":"ListItem","position":1,"name":"Home","item":"https:\/\/spanishbreak.com\/"},{"@type":"ListItem","position":2,"name":"Boutique","item":"https:\/\/spanishbreak.com\/boutique\/?lang=fr"},{"@type":"ListItem","position":3,"name":"KARTING EN EXT\u00c9RIEUR \u00e0 Barcelone"}]},{"@type":"WebSite","@id":"https:\/\/spanishbreak.com\/#website","url":"https:\/\/spanishbreak.com\/","name":"Spanish Break","description":"Otro sitio realizado con WordPress","publisher":{"@id":"https:\/\/spanishbreak.com\/#organization"},"potentialAction":[{"@type":"SearchAction","target":{"@type":"EntryPoint","urlTemplate":"https:\/\/spanishbreak.com\/?s={search_term_string}"},"query-input":{"@type":"PropertyValueSpecification","valueRequired":true,"valueName":"search_term_string"}}],"inLanguage":"fr-FR"},{"@type":"Organization","@id":"https:\/\/spanishbreak.com\/#organization","name":"Spanish Break","url":"https:\/\/spanishbreak.com\/","logo":{"@type":"ImageObject","inLanguage":"fr-FR","@id":"https:\/\/spanishbreak.com\/#\/schema\/logo\/image\/","url":"https:\/\/spanishbreak.com\/wp-content\/uploads\/2024\/03\/logo-spanish-break.png","contentUrl":"https:\/\/spanishbreak.com\/wp-content\/uploads\/2024\/03\/logo-spanish-break.png","width":323,"height":37,"caption":"Spanish Break"},"image":{"@id":"https:\/\/spanishbreak.com\/#\/schema\/logo\/image\/"},"sameAs":["https:\/\/www.facebook.com\/spanishbreak","https:\/\/www.instagram.com\/spanishbreakbcn\/"]}]}},"_links":{"self":[{"href":"https:\/\/spanishbreak.com\/fr\/wp-json\/wp\/v2\/product\/4261","targetHints":{"allow":["GET"]}}],"collection":[{"href":"https:\/\/spanishbreak.com\/fr\/wp-json\/wp\/v2\/product"}],"about":[{"href":"https:\/\/spanishbreak.com\/fr\/wp-json\/wp\/v2\/types\/product"}],"replies":[{"embeddable":true,"href":"https:\/\/spanishbreak.com\/fr\/wp-json\/wp\/v2\/comments?post=4261"}],"wp:featuredmedia":[{"embeddable":true,"href":"https:\/\/spanishbreak.com\/fr\/wp-json\/wp\/v2\/media\/3062"}],"wp:attachment":[{"href":"https:\/\/spanishbreak.com\/fr\/wp-json\/wp\/v2\/media?parent=4261"}],"wp:term":[{"taxonomy":"product_brand","embeddable":true,"href":"https:\/\/spanishbreak.com\/fr\/wp-json\/wp\/v2\/product_brand?post=4261"},{"taxonomy":"product_cat","embeddable":true,"href":"https:\/\/spanishbreak.com\/fr\/wp-json\/wp\/v2\/product_cat?post=4261"},{"taxonomy":"product_tag","embeddable":true,"href":"https:\/\/spanishbreak.com\/fr\/wp-json\/wp\/v2\/product_tag?post=4261"}],"curies":[{"name":"wp","href":"https:\/\/api.w.org\/{rel}","templated":true}]}}