{"id":4262,"date":"2022-10-11T09:36:10","date_gmt":"2022-10-11T07:36:10","guid":{"rendered":"https:\/\/spanishbreak.com\/producto\/indoor-karting-with-transfers\/"},"modified":"2025-12-17T15:44:14","modified_gmt":"2025-12-17T14:44:14","slug":"indoor-karting-with-transfers","status":"publish","type":"product","link":"https:\/\/spanishbreak.com\/fr\/product\/indoor-karting-with-transfers\/","title":{"rendered":"Karting int\u00e9rieur Grand Prix"},"content":{"rendered":"<p><strong>Karting pour les pros !<\/strong><\/p>\n<p>Ces karts MicroGP de 270 cm3 sont vraiment durs \u00e0 cuire ! Si vous cherchez une activit\u00e9 excitante pour faire monter l&rsquo;adr\u00e9naline lors de votre enterrement de vie de gar\u00e7on \u00e0 Barcelone, cette activit\u00e9 de karting en salle pourrait bien \u00eatre la bonne !<\/p>\n<p>En optant pour l&rsquo;option karting en salle, vous et vos amis vous affronterez sur une piste sp\u00e9ciale et vous verrez le grand air d\u00e9filer \u00e0 des vitesses folles. D\u00e9couvrez une fois pour toutes qui est le plus dou\u00e9 pour la conduite, et pensez \u00e0 un forfait appropri\u00e9 pour votre camarade le plus lent !<\/p>\n<p>Gr\u00e2ce \u00e0 notre service de transport priv\u00e9, votre groupe sera r\u00e9cup\u00e9r\u00e9 directement \u00e0 votre h\u00e9bergement, patiemment attendu jusqu&rsquo;\u00e0 la fin de l&rsquo;activit\u00e9, puis ramen\u00e9 \u00e0 l&rsquo;endroit de votre choix \u00e0 Barcelone !<\/p>\n","protected":false},"excerpt":{"rendered":"<p>Karting pour les pros ! Ces karts MicroGP de 270 cm3 sont vraiment durs \u00e0 cuire ! Si vous cherchez une activit\u00e9 excitante pour faire monter l&rsquo;adr\u00e9naline lors de votre enterrement de vie de gar\u00e7on \u00e0 Barcelone, cette activit\u00e9 de karting en salle pourrait bien \u00eatre la bonne ! En optant pour l&rsquo;option karting en [&hellip;]<\/p>\n","protected":false},"featured_media":3057,"comment_status":"closed","ping_status":"closed","template":"","meta":{"site-sidebar-layout":"default","site-content-layout":"default","ast-site-content-layout":"default","site-content-style":"default","site-sidebar-style":"default","ast-global-header-display":"","ast-banner-title-visibility":"","ast-main-header-display":"","ast-hfb-above-header-display":"","ast-hfb-below-header-display":"","ast-hfb-mobile-header-display":"","site-post-title":"","ast-breadcrumbs-content":"","ast-featured-img":"","footer-sml-layout":"","theme-transparent-header-meta":"default","adv-header-id-meta":"","stick-header-meta":"","header-above-stick-meta":"","header-main-stick-meta":"","header-below-stick-meta":"","astra-migrate-meta-layouts":"set","ast-page-background-enabled":"default","ast-page-background-meta":{"desktop":{"background-color":"var(--ast-global-color-4)","background-image":"","background-repeat":"repeat","background-position":"center center","background-size":"auto","background-attachment":"scroll","background-type":"","background-media":"","overlay-type":"","overlay-color":"","overlay-opacity":"","overlay-gradient":""},"tablet":{"background-color":"","background-image":"","background-repeat":"repeat","background-position":"center center","background-size":"auto","background-attachment":"scroll","background-type":"","background-media":"","overlay-type":"","overlay-color":"","overlay-opacity":"","overlay-gradient":""},"mobile":{"background-color":"","background-image":"","background-repeat":"repeat","background-position":"center center","background-size":"auto","background-attachment":"scroll","background-type":"","background-media":"","overlay-type":"","overlay-color":"","overlay-opacity":"","overlay-gradient":""}},"ast-content-background-meta":{"desktop":{"background-color":"var(--ast-global-color-5)","background-image":"","background-repeat":"repeat","background-position":"center center","background-size":"auto","background-attachment":"scroll","background-type":"","background-media":"","overlay-type":"","overlay-color":"","overlay-opacity":"","overlay-gradient":""},"tablet":{"background-color":"var(--ast-global-color-5)","background-image":"","background-repeat":"repeat","background-position":"center center","background-size":"auto","background-attachment":"scroll","background-type":"","background-media":"","overlay-type":"","overlay-color":"","overlay-opacity":"","overlay-gradient":""},"mobile":{"background-color":"var(--ast-global-color-5)","background-image":"","background-repeat":"repeat","background-position":"center center","background-size":"auto","background-attachment":"scroll","background-type":"","background-media":"","overlay-type":"","overlay-color":"","overlay-opacity":"","overlay-gradient":""}},"repeater_packs":""},"product_brand":[],"product_cat":[68,66,73,74],"product_tag":[36,35],"class_list":{"0":"post-4262","1":"product","2":"type-product","3":"status-publish","4":"has-post-thumbnail","6":"product_cat-day-time-activities","7":"product_cat-hen-fr-2","8":"product_cat-stag-fr","9":"product_cat-transportation-fr","10":"product_tag-hen","11":"product_tag-stag","12":"desktop-align-left","13":"tablet-align-left","14":"mobile-align-left","16":"first","17":"instock","18":"shipping-taxable","19":"product-type-simple"},"yoast_head":"<!-- This site is optimized with the Yoast SEO plugin v26.8 - https:\/\/yoast.com\/product\/yoast-seo-wordpress\/ -->\n<title>Karting int\u00e9rieur Grand Prix \u00e0 Barcelone<\/title>\n<meta name=\"description\" content=\"Karting pour les pros ! Ces karts MicroGP de 270 cm3 sont vraiment durs \u00e0 cuire ! Si vous cherchez une activit\u00e9 excitante pour faire monter l&#039;adr\u00e9naline\" \/>\n<meta name=\"robots\" content=\"index, follow, max-snippet:-1, max-image-preview:large, max-video-preview:-1\" \/>\n<link rel=\"canonical\" href=\"https:\/\/spanishbreak.com\/fr\/product\/indoor-karting-with-transfers\/\" \/>\n<meta property=\"og:locale\" content=\"fr_FR\" \/>\n<meta property=\"og:type\" content=\"article\" \/>\n<meta property=\"og:title\" content=\"Karting int\u00e9rieur Grand Prix \u00e0 Barcelone\" \/>\n<meta property=\"og:description\" content=\"Karting pour les pros ! Ces karts MicroGP de 270 cm3 sont vraiment durs \u00e0 cuire ! Si vous cherchez une activit\u00e9 excitante pour faire monter l&#039;adr\u00e9naline\" \/>\n<meta property=\"og:url\" content=\"https:\/\/spanishbreak.com\/fr\/product\/indoor-karting-with-transfers\/\" \/>\n<meta property=\"og:site_name\" content=\"Spanishbreak\" \/>\n<meta property=\"article:publisher\" content=\"https:\/\/www.facebook.com\/spanishbreak\" \/>\n<meta property=\"article:modified_time\" content=\"2025-12-17T14:44:14+00:00\" \/>\n<meta property=\"og:image\" content=\"https:\/\/spanishbreak.com\/wp-content\/uploads\/2022\/10\/eventMcDonalds-118.jpg\" \/>\n\t<meta property=\"og:image:width\" content=\"1200\" \/>\n\t<meta property=\"og:image:height\" content=\"800\" \/>\n\t<meta property=\"og:image:type\" content=\"image\/jpeg\" \/>\n<meta name=\"twitter:card\" content=\"summary_large_image\" \/>\n<meta name=\"twitter:label1\" content=\"Dur\u00e9e de lecture estim\u00e9e\" \/>\n\t<meta name=\"twitter:data1\" content=\"1 minute\" \/>\n<script type=\"application\/ld+json\" class=\"yoast-schema-graph\">{\"@context\":\"https:\/\/schema.org\",\"@graph\":[{\"@type\":[\"WebPage\",\"ItemPage\"],\"@id\":\"https:\/\/spanishbreak.com\/fr\/product\/indoor-karting-with-transfers\/\",\"url\":\"https:\/\/spanishbreak.com\/fr\/product\/indoor-karting-with-transfers\/\",\"name\":\"Karting int\u00e9rieur Grand Prix \u00e0 Barcelone\",\"isPartOf\":{\"@id\":\"https:\/\/spanishbreak.com\/#website\"},\"primaryImageOfPage\":{\"@id\":\"https:\/\/spanishbreak.com\/fr\/product\/indoor-karting-with-transfers\/#primaryimage\"},\"image\":{\"@id\":\"https:\/\/spanishbreak.com\/fr\/product\/indoor-karting-with-transfers\/#primaryimage\"},\"thumbnailUrl\":\"https:\/\/spanishbreak.com\/wp-content\/uploads\/2022\/10\/eventMcDonalds-118.jpg\",\"datePublished\":\"2022-10-11T07:36:10+00:00\",\"dateModified\":\"2025-12-17T14:44:14+00:00\",\"description\":\"Karting pour les pros ! Ces karts MicroGP de 270 cm3 sont vraiment durs \u00e0 cuire ! Si vous cherchez une activit\u00e9 excitante pour faire monter l'adr\u00e9naline\",\"breadcrumb\":{\"@id\":\"https:\/\/spanishbreak.com\/fr\/product\/indoor-karting-with-transfers\/#breadcrumb\"},\"inLanguage\":\"fr-FR\",\"potentialAction\":[{\"@type\":\"ReadAction\",\"target\":[\"https:\/\/spanishbreak.com\/fr\/product\/indoor-karting-with-transfers\/\"]}]},{\"@type\":\"ImageObject\",\"inLanguage\":\"fr-FR\",\"@id\":\"https:\/\/spanishbreak.com\/fr\/product\/indoor-karting-with-transfers\/#primaryimage\",\"url\":\"https:\/\/spanishbreak.com\/wp-content\/uploads\/2022\/10\/eventMcDonalds-118.jpg\",\"contentUrl\":\"https:\/\/spanishbreak.com\/wp-content\/uploads\/2022\/10\/eventMcDonalds-118.jpg\",\"width\":1200,\"height\":800},{\"@type\":\"BreadcrumbList\",\"@id\":\"https:\/\/spanishbreak.com\/fr\/product\/indoor-karting-with-transfers\/#breadcrumb\",\"itemListElement\":[{\"@type\":\"ListItem\",\"position\":1,\"name\":\"Home\",\"item\":\"https:\/\/spanishbreak.com\/\"},{\"@type\":\"ListItem\",\"position\":2,\"name\":\"Boutique\",\"item\":\"https:\/\/spanishbreak.com\/boutique\/?lang=fr\"},{\"@type\":\"ListItem\",\"position\":3,\"name\":\"Karting int\u00e9rieur Grand Prix\"}]},{\"@type\":\"WebSite\",\"@id\":\"https:\/\/spanishbreak.com\/#website\",\"url\":\"https:\/\/spanishbreak.com\/\",\"name\":\"Spanish Break\",\"description\":\"Otro sitio realizado con WordPress\",\"publisher\":{\"@id\":\"https:\/\/spanishbreak.com\/#organization\"},\"potentialAction\":[{\"@type\":\"SearchAction\",\"target\":{\"@type\":\"EntryPoint\",\"urlTemplate\":\"https:\/\/spanishbreak.com\/?s={search_term_string}\"},\"query-input\":{\"@type\":\"PropertyValueSpecification\",\"valueRequired\":true,\"valueName\":\"search_term_string\"}}],\"inLanguage\":\"fr-FR\"},{\"@type\":\"Organization\",\"@id\":\"https:\/\/spanishbreak.com\/#organization\",\"name\":\"Spanish Break\",\"url\":\"https:\/\/spanishbreak.com\/\",\"logo\":{\"@type\":\"ImageObject\",\"inLanguage\":\"fr-FR\",\"@id\":\"https:\/\/spanishbreak.com\/#\/schema\/logo\/image\/\",\"url\":\"https:\/\/spanishbreak.com\/wp-content\/uploads\/2024\/03\/logo-spanish-break.png\",\"contentUrl\":\"https:\/\/spanishbreak.com\/wp-content\/uploads\/2024\/03\/logo-spanish-break.png\",\"width\":323,\"height\":37,\"caption\":\"Spanish Break\"},\"image\":{\"@id\":\"https:\/\/spanishbreak.com\/#\/schema\/logo\/image\/\"},\"sameAs\":[\"https:\/\/www.facebook.com\/spanishbreak\",\"https:\/\/www.instagram.com\/spanishbreakbcn\/\"]}]}<\/script>\n<!-- \/ Yoast SEO plugin. -->","yoast_head_json":{"title":"Karting int\u00e9rieur Grand Prix \u00e0 Barcelone","description":"Karting pour les pros ! Ces karts MicroGP de 270 cm3 sont vraiment durs \u00e0 cuire ! Si vous cherchez une activit\u00e9 excitante pour faire monter l'adr\u00e9naline","robots":{"index":"index","follow":"follow","max-snippet":"max-snippet:-1","max-image-preview":"max-image-preview:large","max-video-preview":"max-video-preview:-1"},"canonical":"https:\/\/spanishbreak.com\/fr\/product\/indoor-karting-with-transfers\/","og_locale":"fr_FR","og_type":"article","og_title":"Karting int\u00e9rieur Grand Prix \u00e0 Barcelone","og_description":"Karting pour les pros ! Ces karts MicroGP de 270 cm3 sont vraiment durs \u00e0 cuire ! Si vous cherchez une activit\u00e9 excitante pour faire monter l'adr\u00e9naline","og_url":"https:\/\/spanishbreak.com\/fr\/product\/indoor-karting-with-transfers\/","og_site_name":"Spanishbreak","article_publisher":"https:\/\/www.facebook.com\/spanishbreak","article_modified_time":"2025-12-17T14:44:14+00:00","og_image":[{"width":1200,"height":800,"url":"https:\/\/spanishbreak.com\/wp-content\/uploads\/2022\/10\/eventMcDonalds-118.jpg","type":"image\/jpeg"}],"twitter_card":"summary_large_image","twitter_misc":{"Dur\u00e9e de lecture estim\u00e9e":"1 minute"},"schema":{"@context":"https:\/\/schema.org","@graph":[{"@type":["WebPage","ItemPage"],"@id":"https:\/\/spanishbreak.com\/fr\/product\/indoor-karting-with-transfers\/","url":"https:\/\/spanishbreak.com\/fr\/product\/indoor-karting-with-transfers\/","name":"Karting int\u00e9rieur Grand Prix \u00e0 Barcelone","isPartOf":{"@id":"https:\/\/spanishbreak.com\/#website"},"primaryImageOfPage":{"@id":"https:\/\/spanishbreak.com\/fr\/product\/indoor-karting-with-transfers\/#primaryimage"},"image":{"@id":"https:\/\/spanishbreak.com\/fr\/product\/indoor-karting-with-transfers\/#primaryimage"},"thumbnailUrl":"https:\/\/spanishbreak.com\/wp-content\/uploads\/2022\/10\/eventMcDonalds-118.jpg","datePublished":"2022-10-11T07:36:10+00:00","dateModified":"2025-12-17T14:44:14+00:00","description":"Karting pour les pros ! Ces karts MicroGP de 270 cm3 sont vraiment durs \u00e0 cuire ! Si vous cherchez une activit\u00e9 excitante pour faire monter l'adr\u00e9naline","breadcrumb":{"@id":"https:\/\/spanishbreak.com\/fr\/product\/indoor-karting-with-transfers\/#breadcrumb"},"inLanguage":"fr-FR","potentialAction":[{"@type":"ReadAction","target":["https:\/\/spanishbreak.com\/fr\/product\/indoor-karting-with-transfers\/"]}]},{"@type":"ImageObject","inLanguage":"fr-FR","@id":"https:\/\/spanishbreak.com\/fr\/product\/indoor-karting-with-transfers\/#primaryimage","url":"https:\/\/spanishbreak.com\/wp-content\/uploads\/2022\/10\/eventMcDonalds-118.jpg","contentUrl":"https:\/\/spanishbreak.com\/wp-content\/uploads\/2022\/10\/eventMcDonalds-118.jpg","width":1200,"height":800},{"@type":"BreadcrumbList","@id":"https:\/\/spanishbreak.com\/fr\/product\/indoor-karting-with-transfers\/#breadcrumb","itemListElement":[{"@type":"ListItem","position":1,"name":"Home","item":"https:\/\/spanishbreak.com\/"},{"@type":"ListItem","position":2,"name":"Boutique","item":"https:\/\/spanishbreak.com\/boutique\/?lang=fr"},{"@type":"ListItem","position":3,"name":"Karting int\u00e9rieur Grand Prix"}]},{"@type":"WebSite","@id":"https:\/\/spanishbreak.com\/#website","url":"https:\/\/spanishbreak.com\/","name":"Spanish Break","description":"Otro sitio realizado con WordPress","publisher":{"@id":"https:\/\/spanishbreak.com\/#organization"},"potentialAction":[{"@type":"SearchAction","target":{"@type":"EntryPoint","urlTemplate":"https:\/\/spanishbreak.com\/?s={search_term_string}"},"query-input":{"@type":"PropertyValueSpecification","valueRequired":true,"valueName":"search_term_string"}}],"inLanguage":"fr-FR"},{"@type":"Organization","@id":"https:\/\/spanishbreak.com\/#organization","name":"Spanish Break","url":"https:\/\/spanishbreak.com\/","logo":{"@type":"ImageObject","inLanguage":"fr-FR","@id":"https:\/\/spanishbreak.com\/#\/schema\/logo\/image\/","url":"https:\/\/spanishbreak.com\/wp-content\/uploads\/2024\/03\/logo-spanish-break.png","contentUrl":"https:\/\/spanishbreak.com\/wp-content\/uploads\/2024\/03\/logo-spanish-break.png","width":323,"height":37,"caption":"Spanish Break"},"image":{"@id":"https:\/\/spanishbreak.com\/#\/schema\/logo\/image\/"},"sameAs":["https:\/\/www.facebook.com\/spanishbreak","https:\/\/www.instagram.com\/spanishbreakbcn\/"]}]}},"_links":{"self":[{"href":"https:\/\/spanishbreak.com\/fr\/wp-json\/wp\/v2\/product\/4262","targetHints":{"allow":["GET"]}}],"collection":[{"href":"https:\/\/spanishbreak.com\/fr\/wp-json\/wp\/v2\/product"}],"about":[{"href":"https:\/\/spanishbreak.com\/fr\/wp-json\/wp\/v2\/types\/product"}],"replies":[{"embeddable":true,"href":"https:\/\/spanishbreak.com\/fr\/wp-json\/wp\/v2\/comments?post=4262"}],"wp:featuredmedia":[{"embeddable":true,"href":"https:\/\/spanishbreak.com\/fr\/wp-json\/wp\/v2\/media\/3057"}],"wp:attachment":[{"href":"https:\/\/spanishbreak.com\/fr\/wp-json\/wp\/v2\/media?parent=4262"}],"wp:term":[{"taxonomy":"product_brand","embeddable":true,"href":"https:\/\/spanishbreak.com\/fr\/wp-json\/wp\/v2\/product_brand?post=4262"},{"taxonomy":"product_cat","embeddable":true,"href":"https:\/\/spanishbreak.com\/fr\/wp-json\/wp\/v2\/product_cat?post=4262"},{"taxonomy":"product_tag","embeddable":true,"href":"https:\/\/spanishbreak.com\/fr\/wp-json\/wp\/v2\/product_tag?post=4262"}],"curies":[{"name":"wp","href":"https:\/\/api.w.org\/{rel}","templated":true}]}}