{"id":4264,"date":"2022-10-07T16:50:55","date_gmt":"2022-10-07T14:50:55","guid":{"rendered":"https:\/\/spanishbreak.com\/producto\/kayak-in-bcn\/"},"modified":"2025-12-17T15:45:05","modified_gmt":"2025-12-17T14:45:05","slug":"kayak-in-bcn-langfr","status":"publish","type":"product","link":"https:\/\/spanishbreak.com\/fr\/product\/kayak-in-bcn-langfr\/","title":{"rendered":"KAYAK \u00e0 Barcelone"},"content":{"rendered":"<p>Pendant votre s\u00e9jour d\u2019EVG \u00e0 Barcelone, avec la m\u00e9diterran\u00e9e \u00e0 vos pieds, vous vous devez de faire un tour de kayak !<\/p>\n<p>Il n\u2019y a pas meilleur moyen de profiter de la mer, que de faire un tour en kayak \u00e0 profiter d\u2019une vue exceptionnelle. Vous passerez avec votre groupe un super moment sur les vagues, et c\u2019est le rem\u00e8de le plus efficace pour soigner une bonne gueule de bois !<\/p>\n<p>Tous les \u00e9quipements et assurances sont pris en charge, vous devez juste mettre votre gilet de sauvetage et vous pr\u00e9parer \u00e0 affronter les vagues. Et bien entendu, n\u2019oubliez pas votre serviette et votre cr\u00e8me solaire !<\/p>\n","protected":false},"excerpt":{"rendered":"<p>Pendant votre s\u00e9jour d\u2019EVG \u00e0 Barcelone, avec la m\u00e9diterran\u00e9e \u00e0 vos pieds, vous vous devez de faire un tour de kayak ! Il n\u2019y a pas meilleur moyen de profiter de la mer, que de faire un tour en kayak \u00e0 profiter d\u2019une vue exceptionnelle. Vous passerez avec votre groupe un super moment sur les [&hellip;]<\/p>\n","protected":false},"featured_media":3053,"comment_status":"closed","ping_status":"closed","template":"","meta":{"site-sidebar-layout":"default","site-content-layout":"default","ast-site-content-layout":"default","site-content-style":"default","site-sidebar-style":"default","ast-global-header-display":"","ast-banner-title-visibility":"","ast-main-header-display":"","ast-hfb-above-header-display":"","ast-hfb-below-header-display":"","ast-hfb-mobile-header-display":"","site-post-title":"","ast-breadcrumbs-content":"","ast-featured-img":"","footer-sml-layout":"","theme-transparent-header-meta":"default","adv-header-id-meta":"","stick-header-meta":"","header-above-stick-meta":"","header-main-stick-meta":"","header-below-stick-meta":"","astra-migrate-meta-layouts":"set","ast-page-background-enabled":"default","ast-page-background-meta":{"desktop":{"background-color":"var(--ast-global-color-4)","background-image":"","background-repeat":"repeat","background-position":"center center","background-size":"auto","background-attachment":"scroll","background-type":"","background-media":"","overlay-type":"","overlay-color":"","overlay-opacity":"","overlay-gradient":""},"tablet":{"background-color":"","background-image":"","background-repeat":"repeat","background-position":"center center","background-size":"auto","background-attachment":"scroll","background-type":"","background-media":"","overlay-type":"","overlay-color":"","overlay-opacity":"","overlay-gradient":""},"mobile":{"background-color":"","background-image":"","background-repeat":"repeat","background-position":"center center","background-size":"auto","background-attachment":"scroll","background-type":"","background-media":"","overlay-type":"","overlay-color":"","overlay-opacity":"","overlay-gradient":""}},"ast-content-background-meta":{"desktop":{"background-color":"var(--ast-global-color-5)","background-image":"","background-repeat":"repeat","background-position":"center center","background-size":"auto","background-attachment":"scroll","background-type":"","background-media":"","overlay-type":"","overlay-color":"","overlay-opacity":"","overlay-gradient":""},"tablet":{"background-color":"var(--ast-global-color-5)","background-image":"","background-repeat":"repeat","background-position":"center center","background-size":"auto","background-attachment":"scroll","background-type":"","background-media":"","overlay-type":"","overlay-color":"","overlay-opacity":"","overlay-gradient":""},"mobile":{"background-color":"var(--ast-global-color-5)","background-image":"","background-repeat":"repeat","background-position":"center center","background-size":"auto","background-attachment":"scroll","background-type":"","background-media":"","overlay-type":"","overlay-color":"","overlay-opacity":"","overlay-gradient":""}},"repeater_packs":""},"product_brand":[],"product_cat":[68,66,73],"product_tag":[36,35],"class_list":{"0":"post-4264","1":"product","2":"type-product","3":"status-publish","4":"has-post-thumbnail","6":"product_cat-day-time-activities","7":"product_cat-hen-fr-2","8":"product_cat-stag-fr","9":"product_tag-hen","10":"product_tag-stag","11":"desktop-align-left","12":"tablet-align-left","13":"mobile-align-left","15":"first","16":"instock","17":"shipping-taxable","18":"product-type-simple"},"yoast_head":"<!-- This site is optimized with the Yoast SEO plugin v26.8 - https:\/\/yoast.com\/product\/yoast-seo-wordpress\/ -->\n<title>KAYAK \u00e0 Barcelone : D\u00e9couvrez la ville depuis la mer - Spanish Break<\/title>\n<meta name=\"description\" content=\"Pendant votre s\u00e9jour d\u2019EVG \u00e0 Barcelone, avec la m\u00e9diterran\u00e9e \u00e0 vos pieds, vous vous devez de faire un tour de kayak ! Il n\u2019y a pas meilleur moyen de D\u00e9couvrez Barcelone en kayak avec une visite guid\u00e9e de la ville depuis la mer. Une exp\u00e9rience unique \u00e0 ne pas manquer !\" \/>\n<meta name=\"robots\" content=\"index, follow, max-snippet:-1, max-image-preview:large, max-video-preview:-1\" \/>\n<link rel=\"canonical\" href=\"https:\/\/spanishbreak.com\/fr\/product\/kayak-in-bcn-langfr\/\" \/>\n<meta property=\"og:locale\" content=\"fr_FR\" \/>\n<meta property=\"og:type\" content=\"article\" \/>\n<meta property=\"og:title\" content=\"KAYAK \u00e0 Barcelone : D\u00e9couvrez la ville depuis la mer - Spanish Break\" \/>\n<meta property=\"og:description\" content=\"Pendant votre s\u00e9jour d\u2019EVG \u00e0 Barcelone, avec la m\u00e9diterran\u00e9e \u00e0 vos pieds, vous vous devez de faire un tour de kayak ! Il n\u2019y a pas meilleur moyen de D\u00e9couvrez Barcelone en kayak avec une visite guid\u00e9e de la ville depuis la mer. Une exp\u00e9rience unique \u00e0 ne pas manquer !\" \/>\n<meta property=\"og:url\" content=\"https:\/\/spanishbreak.com\/fr\/product\/kayak-in-bcn-langfr\/\" \/>\n<meta property=\"og:site_name\" content=\"Spanishbreak\" \/>\n<meta property=\"article:publisher\" content=\"https:\/\/www.facebook.com\/spanishbreak\" \/>\n<meta property=\"article:modified_time\" content=\"2025-12-17T14:45:05+00:00\" \/>\n<meta property=\"og:image\" content=\"https:\/\/spanishbreak.com\/wp-content\/uploads\/2022\/10\/Depositphotos_202072024_XL-scaled.jpg\" \/>\n\t<meta property=\"og:image:width\" content=\"2560\" \/>\n\t<meta property=\"og:image:height\" content=\"1707\" \/>\n\t<meta property=\"og:image:type\" content=\"image\/jpeg\" \/>\n<meta name=\"twitter:card\" content=\"summary_large_image\" \/>\n<meta name=\"twitter:label1\" content=\"Dur\u00e9e de lecture estim\u00e9e\" \/>\n\t<meta name=\"twitter:data1\" content=\"1 minute\" \/>\n<script type=\"application\/ld+json\" class=\"yoast-schema-graph\">{\"@context\":\"https:\/\/schema.org\",\"@graph\":[{\"@type\":[\"WebPage\",\"ItemPage\"],\"@id\":\"https:\/\/spanishbreak.com\/fr\/product\/kayak-in-bcn-langfr\/\",\"url\":\"https:\/\/spanishbreak.com\/fr\/product\/kayak-in-bcn-langfr\/\",\"name\":\"KAYAK \u00e0 Barcelone : D\u00e9couvrez la ville depuis la mer - Spanish Break\",\"isPartOf\":{\"@id\":\"https:\/\/spanishbreak.com\/#website\"},\"primaryImageOfPage\":{\"@id\":\"https:\/\/spanishbreak.com\/fr\/product\/kayak-in-bcn-langfr\/#primaryimage\"},\"image\":{\"@id\":\"https:\/\/spanishbreak.com\/fr\/product\/kayak-in-bcn-langfr\/#primaryimage\"},\"thumbnailUrl\":\"https:\/\/spanishbreak.com\/wp-content\/uploads\/2022\/10\/Depositphotos_202072024_XL-scaled.jpg\",\"datePublished\":\"2022-10-07T14:50:55+00:00\",\"dateModified\":\"2025-12-17T14:45:05+00:00\",\"description\":\"Pendant votre s\u00e9jour d\u2019EVG \u00e0 Barcelone, avec la m\u00e9diterran\u00e9e \u00e0 vos pieds, vous vous devez de faire un tour de kayak ! Il n\u2019y a pas meilleur moyen de D\u00e9couvrez Barcelone en kayak avec une visite guid\u00e9e de la ville depuis la mer. Une exp\u00e9rience unique \u00e0 ne pas manquer !\",\"breadcrumb\":{\"@id\":\"https:\/\/spanishbreak.com\/fr\/product\/kayak-in-bcn-langfr\/#breadcrumb\"},\"inLanguage\":\"fr-FR\",\"potentialAction\":[{\"@type\":\"ReadAction\",\"target\":[\"https:\/\/spanishbreak.com\/fr\/product\/kayak-in-bcn-langfr\/\"]}]},{\"@type\":\"ImageObject\",\"inLanguage\":\"fr-FR\",\"@id\":\"https:\/\/spanishbreak.com\/fr\/product\/kayak-in-bcn-langfr\/#primaryimage\",\"url\":\"https:\/\/spanishbreak.com\/wp-content\/uploads\/2022\/10\/Depositphotos_202072024_XL-scaled.jpg\",\"contentUrl\":\"https:\/\/spanishbreak.com\/wp-content\/uploads\/2022\/10\/Depositphotos_202072024_XL-scaled.jpg\",\"width\":2560,\"height\":1707,\"caption\":\"Kayaking and canoeing with family. Children on canoe. Family on kayak ride.\"},{\"@type\":\"BreadcrumbList\",\"@id\":\"https:\/\/spanishbreak.com\/fr\/product\/kayak-in-bcn-langfr\/#breadcrumb\",\"itemListElement\":[{\"@type\":\"ListItem\",\"position\":1,\"name\":\"Home\",\"item\":\"https:\/\/spanishbreak.com\/\"},{\"@type\":\"ListItem\",\"position\":2,\"name\":\"Boutique\",\"item\":\"https:\/\/spanishbreak.com\/boutique\/?lang=fr\"},{\"@type\":\"ListItem\",\"position\":3,\"name\":\"KAYAK \u00e0 Barcelone\"}]},{\"@type\":\"WebSite\",\"@id\":\"https:\/\/spanishbreak.com\/#website\",\"url\":\"https:\/\/spanishbreak.com\/\",\"name\":\"Spanish Break\",\"description\":\"Otro sitio realizado con WordPress\",\"publisher\":{\"@id\":\"https:\/\/spanishbreak.com\/#organization\"},\"potentialAction\":[{\"@type\":\"SearchAction\",\"target\":{\"@type\":\"EntryPoint\",\"urlTemplate\":\"https:\/\/spanishbreak.com\/?s={search_term_string}\"},\"query-input\":{\"@type\":\"PropertyValueSpecification\",\"valueRequired\":true,\"valueName\":\"search_term_string\"}}],\"inLanguage\":\"fr-FR\"},{\"@type\":\"Organization\",\"@id\":\"https:\/\/spanishbreak.com\/#organization\",\"name\":\"Spanish Break\",\"url\":\"https:\/\/spanishbreak.com\/\",\"logo\":{\"@type\":\"ImageObject\",\"inLanguage\":\"fr-FR\",\"@id\":\"https:\/\/spanishbreak.com\/#\/schema\/logo\/image\/\",\"url\":\"https:\/\/spanishbreak.com\/wp-content\/uploads\/2024\/03\/logo-spanish-break.png\",\"contentUrl\":\"https:\/\/spanishbreak.com\/wp-content\/uploads\/2024\/03\/logo-spanish-break.png\",\"width\":323,\"height\":37,\"caption\":\"Spanish Break\"},\"image\":{\"@id\":\"https:\/\/spanishbreak.com\/#\/schema\/logo\/image\/\"},\"sameAs\":[\"https:\/\/www.facebook.com\/spanishbreak\",\"https:\/\/www.instagram.com\/spanishbreakbcn\/\"]}]}<\/script>\n<!-- \/ Yoast SEO plugin. -->","yoast_head_json":{"title":"KAYAK \u00e0 Barcelone : D\u00e9couvrez la ville depuis la mer - Spanish Break","description":"Pendant votre s\u00e9jour d\u2019EVG \u00e0 Barcelone, avec la m\u00e9diterran\u00e9e \u00e0 vos pieds, vous vous devez de faire un tour de kayak ! Il n\u2019y a pas meilleur moyen de D\u00e9couvrez Barcelone en kayak avec une visite guid\u00e9e de la ville depuis la mer. Une exp\u00e9rience unique \u00e0 ne pas manquer !","robots":{"index":"index","follow":"follow","max-snippet":"max-snippet:-1","max-image-preview":"max-image-preview:large","max-video-preview":"max-video-preview:-1"},"canonical":"https:\/\/spanishbreak.com\/fr\/product\/kayak-in-bcn-langfr\/","og_locale":"fr_FR","og_type":"article","og_title":"KAYAK \u00e0 Barcelone : D\u00e9couvrez la ville depuis la mer - Spanish Break","og_description":"Pendant votre s\u00e9jour d\u2019EVG \u00e0 Barcelone, avec la m\u00e9diterran\u00e9e \u00e0 vos pieds, vous vous devez de faire un tour de kayak ! Il n\u2019y a pas meilleur moyen de D\u00e9couvrez Barcelone en kayak avec une visite guid\u00e9e de la ville depuis la mer. Une exp\u00e9rience unique \u00e0 ne pas manquer !","og_url":"https:\/\/spanishbreak.com\/fr\/product\/kayak-in-bcn-langfr\/","og_site_name":"Spanishbreak","article_publisher":"https:\/\/www.facebook.com\/spanishbreak","article_modified_time":"2025-12-17T14:45:05+00:00","og_image":[{"width":2560,"height":1707,"url":"https:\/\/spanishbreak.com\/wp-content\/uploads\/2022\/10\/Depositphotos_202072024_XL-scaled.jpg","type":"image\/jpeg"}],"twitter_card":"summary_large_image","twitter_misc":{"Dur\u00e9e de lecture estim\u00e9e":"1 minute"},"schema":{"@context":"https:\/\/schema.org","@graph":[{"@type":["WebPage","ItemPage"],"@id":"https:\/\/spanishbreak.com\/fr\/product\/kayak-in-bcn-langfr\/","url":"https:\/\/spanishbreak.com\/fr\/product\/kayak-in-bcn-langfr\/","name":"KAYAK \u00e0 Barcelone : D\u00e9couvrez la ville depuis la mer - Spanish Break","isPartOf":{"@id":"https:\/\/spanishbreak.com\/#website"},"primaryImageOfPage":{"@id":"https:\/\/spanishbreak.com\/fr\/product\/kayak-in-bcn-langfr\/#primaryimage"},"image":{"@id":"https:\/\/spanishbreak.com\/fr\/product\/kayak-in-bcn-langfr\/#primaryimage"},"thumbnailUrl":"https:\/\/spanishbreak.com\/wp-content\/uploads\/2022\/10\/Depositphotos_202072024_XL-scaled.jpg","datePublished":"2022-10-07T14:50:55+00:00","dateModified":"2025-12-17T14:45:05+00:00","description":"Pendant votre s\u00e9jour d\u2019EVG \u00e0 Barcelone, avec la m\u00e9diterran\u00e9e \u00e0 vos pieds, vous vous devez de faire un tour de kayak ! Il n\u2019y a pas meilleur moyen de D\u00e9couvrez Barcelone en kayak avec une visite guid\u00e9e de la ville depuis la mer. Une exp\u00e9rience unique \u00e0 ne pas manquer !","breadcrumb":{"@id":"https:\/\/spanishbreak.com\/fr\/product\/kayak-in-bcn-langfr\/#breadcrumb"},"inLanguage":"fr-FR","potentialAction":[{"@type":"ReadAction","target":["https:\/\/spanishbreak.com\/fr\/product\/kayak-in-bcn-langfr\/"]}]},{"@type":"ImageObject","inLanguage":"fr-FR","@id":"https:\/\/spanishbreak.com\/fr\/product\/kayak-in-bcn-langfr\/#primaryimage","url":"https:\/\/spanishbreak.com\/wp-content\/uploads\/2022\/10\/Depositphotos_202072024_XL-scaled.jpg","contentUrl":"https:\/\/spanishbreak.com\/wp-content\/uploads\/2022\/10\/Depositphotos_202072024_XL-scaled.jpg","width":2560,"height":1707,"caption":"Kayaking and canoeing with family. Children on canoe. Family on kayak ride."},{"@type":"BreadcrumbList","@id":"https:\/\/spanishbreak.com\/fr\/product\/kayak-in-bcn-langfr\/#breadcrumb","itemListElement":[{"@type":"ListItem","position":1,"name":"Home","item":"https:\/\/spanishbreak.com\/"},{"@type":"ListItem","position":2,"name":"Boutique","item":"https:\/\/spanishbreak.com\/boutique\/?lang=fr"},{"@type":"ListItem","position":3,"name":"KAYAK \u00e0 Barcelone"}]},{"@type":"WebSite","@id":"https:\/\/spanishbreak.com\/#website","url":"https:\/\/spanishbreak.com\/","name":"Spanish Break","description":"Otro sitio realizado con WordPress","publisher":{"@id":"https:\/\/spanishbreak.com\/#organization"},"potentialAction":[{"@type":"SearchAction","target":{"@type":"EntryPoint","urlTemplate":"https:\/\/spanishbreak.com\/?s={search_term_string}"},"query-input":{"@type":"PropertyValueSpecification","valueRequired":true,"valueName":"search_term_string"}}],"inLanguage":"fr-FR"},{"@type":"Organization","@id":"https:\/\/spanishbreak.com\/#organization","name":"Spanish Break","url":"https:\/\/spanishbreak.com\/","logo":{"@type":"ImageObject","inLanguage":"fr-FR","@id":"https:\/\/spanishbreak.com\/#\/schema\/logo\/image\/","url":"https:\/\/spanishbreak.com\/wp-content\/uploads\/2024\/03\/logo-spanish-break.png","contentUrl":"https:\/\/spanishbreak.com\/wp-content\/uploads\/2024\/03\/logo-spanish-break.png","width":323,"height":37,"caption":"Spanish Break"},"image":{"@id":"https:\/\/spanishbreak.com\/#\/schema\/logo\/image\/"},"sameAs":["https:\/\/www.facebook.com\/spanishbreak","https:\/\/www.instagram.com\/spanishbreakbcn\/"]}]}},"_links":{"self":[{"href":"https:\/\/spanishbreak.com\/fr\/wp-json\/wp\/v2\/product\/4264","targetHints":{"allow":["GET"]}}],"collection":[{"href":"https:\/\/spanishbreak.com\/fr\/wp-json\/wp\/v2\/product"}],"about":[{"href":"https:\/\/spanishbreak.com\/fr\/wp-json\/wp\/v2\/types\/product"}],"replies":[{"embeddable":true,"href":"https:\/\/spanishbreak.com\/fr\/wp-json\/wp\/v2\/comments?post=4264"}],"wp:featuredmedia":[{"embeddable":true,"href":"https:\/\/spanishbreak.com\/fr\/wp-json\/wp\/v2\/media\/3053"}],"wp:attachment":[{"href":"https:\/\/spanishbreak.com\/fr\/wp-json\/wp\/v2\/media?parent=4264"}],"wp:term":[{"taxonomy":"product_brand","embeddable":true,"href":"https:\/\/spanishbreak.com\/fr\/wp-json\/wp\/v2\/product_brand?post=4264"},{"taxonomy":"product_cat","embeddable":true,"href":"https:\/\/spanishbreak.com\/fr\/wp-json\/wp\/v2\/product_cat?post=4264"},{"taxonomy":"product_tag","embeddable":true,"href":"https:\/\/spanishbreak.com\/fr\/wp-json\/wp\/v2\/product_tag?post=4264"}],"curies":[{"name":"wp","href":"https:\/\/api.w.org\/{rel}","templated":true}]}}