{"id":4266,"date":"2022-10-07T14:34:44","date_gmt":"2022-10-07T12:34:44","guid":{"rendered":"https:\/\/spanishbreak.com\/producto\/humor-amarillo-your-own-takeshis-castle\/"},"modified":"2025-12-16T19:00:50","modified_gmt":"2025-12-16T18:00:50","slug":"humor-amarillo-your-own-takeshis-castle","status":"publish","type":"product","link":"https:\/\/spanishbreak.com\/fr\/product\/humor-amarillo-your-own-takeshis-castle\/","title":{"rendered":"HUMOR AMARILLO \u2013 VOTRE PROPRE CH\u00c2TEAU DE TAKESHI \u00e0 Barcelone !"},"content":{"rendered":"<p><strong>R\u00e9servez votre propre ch\u00e2teau de Takeshi\u00a0!<\/strong><\/p>\n<p>Il faut se l\u2019avouer, qui n&rsquo;a pas un jour r\u00eaver de confronter ses amis dans un ch\u00e2teau de Takeshi\u2026 Mais vous \u00eates-vous d\u00e9j\u00e0 demand\u00e9 comment vous vous en sortiriez ? \u00cates-vous convaincu que vous pourriez r\u00e9ussir ? Quel serait votre costume\u00a0? Eh bien voil\u00e0 que l&rsquo;occasion se pr\u00e9sente \u00e0 vous !<\/p>\n<p>Cette fois, avec <strong>Humor Amarillo<\/strong>, il est garanti que votre <strong>EVG &#8211; <a href=\"https:\/\/spanishbreak.com\/evjf-barcelone\/?lang=fr\">EVJF <\/a><\/strong>\u00e0 Barcelona sera un week-end de dingue rempli de fous rires.<\/p>\n<p>Cet endroit loufoque a une grande vari\u00e9t\u00e9 de jeux fous disponibles, semblables \u00e0 ceux du ch\u00e2teau de Takeshi\u00a0! Il existe diff\u00e9rents jeux pour tous les go\u00fbts, m\u00eame des jeux aquatiques. Par exemple\u00a0:<\/p>\n<ul>\n<li>Baby-foot<\/li>\n<li>Bungee<\/li>\n<li>Batailles d\u2019oreillers<\/li>\n<li>Simulation de boxe<\/li>\n<li>Costume de Sumo<\/li>\n<li>Batailles de mousse pour gladiateur<\/li>\n<li>Courses de Brouette<\/li>\n<li>Boules g\u00e9antes<\/li>\n<\/ul>\n<p>Et aussi beaucoup, beaucoup plus\u00a0! Alors pr\u00e9parez-vous \u00e0 vous \u00e9clater comme jamais !<\/p>\n","protected":false},"excerpt":{"rendered":"<p>R\u00e9servez votre propre ch\u00e2teau de Takeshi\u00a0! Il faut se l\u2019avouer, qui n&rsquo;a pas un jour r\u00eaver de confronter ses amis dans un ch\u00e2teau de Takeshi\u2026 Mais vous \u00eates-vous d\u00e9j\u00e0 demand\u00e9 comment vous vous en sortiriez ? \u00cates-vous convaincu que vous pourriez r\u00e9ussir ? Quel serait votre costume\u00a0? Eh bien voil\u00e0 que l&rsquo;occasion se pr\u00e9sente \u00e0 [&hellip;]<\/p>\n","protected":false},"featured_media":3045,"comment_status":"closed","ping_status":"closed","template":"","meta":{"site-sidebar-layout":"default","site-content-layout":"default","ast-site-content-layout":"default","site-content-style":"default","site-sidebar-style":"default","ast-global-header-display":"","ast-banner-title-visibility":"","ast-main-header-display":"","ast-hfb-above-header-display":"","ast-hfb-below-header-display":"","ast-hfb-mobile-header-display":"","site-post-title":"","ast-breadcrumbs-content":"","ast-featured-img":"","footer-sml-layout":"","theme-transparent-header-meta":"default","adv-header-id-meta":"","stick-header-meta":"","header-above-stick-meta":"","header-main-stick-meta":"","header-below-stick-meta":"","astra-migrate-meta-layouts":"set","ast-page-background-enabled":"default","ast-page-background-meta":{"desktop":{"background-color":"var(--ast-global-color-4)","background-image":"","background-repeat":"repeat","background-position":"center center","background-size":"auto","background-attachment":"scroll","background-type":"","background-media":"","overlay-type":"","overlay-color":"","overlay-opacity":"","overlay-gradient":""},"tablet":{"background-color":"","background-image":"","background-repeat":"repeat","background-position":"center center","background-size":"auto","background-attachment":"scroll","background-type":"","background-media":"","overlay-type":"","overlay-color":"","overlay-opacity":"","overlay-gradient":""},"mobile":{"background-color":"","background-image":"","background-repeat":"repeat","background-position":"center center","background-size":"auto","background-attachment":"scroll","background-type":"","background-media":"","overlay-type":"","overlay-color":"","overlay-opacity":"","overlay-gradient":""}},"ast-content-background-meta":{"desktop":{"background-color":"var(--ast-global-color-5)","background-image":"","background-repeat":"repeat","background-position":"center center","background-size":"auto","background-attachment":"scroll","background-type":"","background-media":"","overlay-type":"","overlay-color":"","overlay-opacity":"","overlay-gradient":""},"tablet":{"background-color":"var(--ast-global-color-5)","background-image":"","background-repeat":"repeat","background-position":"center center","background-size":"auto","background-attachment":"scroll","background-type":"","background-media":"","overlay-type":"","overlay-color":"","overlay-opacity":"","overlay-gradient":""},"mobile":{"background-color":"var(--ast-global-color-5)","background-image":"","background-repeat":"repeat","background-position":"center center","background-size":"auto","background-attachment":"scroll","background-type":"","background-media":"","overlay-type":"","overlay-color":"","overlay-opacity":"","overlay-gradient":""}},"repeater_packs":""},"product_brand":[],"product_cat":[68,66,73],"product_tag":[36,35],"class_list":{"0":"post-4266","1":"product","2":"type-product","3":"status-publish","4":"has-post-thumbnail","6":"product_cat-day-time-activities","7":"product_cat-hen-fr-2","8":"product_cat-stag-fr","9":"product_tag-hen","10":"product_tag-stag","11":"desktop-align-left","12":"tablet-align-left","13":"mobile-align-left","15":"first","16":"instock","17":"shipping-taxable","18":"product-type-simple"},"yoast_head":"<!-- This site is optimized with the Yoast SEO plugin v26.8 - https:\/\/yoast.com\/product\/yoast-seo-wordpress\/ -->\n<title>HUMOR AMARILLO \u2013 VOTRE PROPRE CH\u00c2TEAU DE TAKESHI \u00e0 Barcelone !<\/title>\n<meta name=\"description\" content=\"Parcours d&#039;obstacles hilarant inspir\u00e9 de Takeshi&#039;s Castle pour une journ\u00e9e pleine de rires et de d\u00e9fis entre amis. #HumourJaune\" \/>\n<meta name=\"robots\" content=\"index, follow, max-snippet:-1, max-image-preview:large, max-video-preview:-1\" \/>\n<link rel=\"canonical\" href=\"https:\/\/spanishbreak.com\/fr\/product\/humor-amarillo-your-own-takeshis-castle\/\" \/>\n<meta property=\"og:locale\" content=\"fr_FR\" \/>\n<meta property=\"og:type\" content=\"article\" \/>\n<meta property=\"og:title\" content=\"HUMOR AMARILLO \u2013 VOTRE PROPRE CH\u00c2TEAU DE TAKESHI \u00e0 Barcelone !\" \/>\n<meta property=\"og:description\" content=\"Parcours d&#039;obstacles hilarant inspir\u00e9 de Takeshi&#039;s Castle pour une journ\u00e9e pleine de rires et de d\u00e9fis entre amis. #HumourJaune\" \/>\n<meta property=\"og:url\" content=\"https:\/\/spanishbreak.com\/fr\/product\/humor-amarillo-your-own-takeshis-castle\/\" \/>\n<meta property=\"og:site_name\" content=\"Spanishbreak\" \/>\n<meta property=\"article:publisher\" content=\"https:\/\/www.facebook.com\/spanishbreak\" \/>\n<meta property=\"article:modified_time\" content=\"2025-12-16T18:00:50+00:00\" \/>\n<meta property=\"og:image\" content=\"https:\/\/spanishbreak.com\/wp-content\/uploads\/2022\/10\/Humor-Amarillo.png\" \/>\n\t<meta property=\"og:image:width\" content=\"768\" \/>\n\t<meta property=\"og:image:height\" content=\"512\" \/>\n\t<meta property=\"og:image:type\" content=\"image\/png\" \/>\n<meta name=\"twitter:card\" content=\"summary_large_image\" \/>\n<meta name=\"twitter:label1\" content=\"Dur\u00e9e de lecture estim\u00e9e\" \/>\n\t<meta name=\"twitter:data1\" content=\"1 minute\" \/>\n<script type=\"application\/ld+json\" class=\"yoast-schema-graph\">{\"@context\":\"https:\/\/schema.org\",\"@graph\":[{\"@type\":[\"WebPage\",\"ItemPage\"],\"@id\":\"https:\/\/spanishbreak.com\/fr\/product\/humor-amarillo-your-own-takeshis-castle\/\",\"url\":\"https:\/\/spanishbreak.com\/fr\/product\/humor-amarillo-your-own-takeshis-castle\/\",\"name\":\"HUMOR AMARILLO \u2013 VOTRE PROPRE CH\u00c2TEAU DE TAKESHI \u00e0 Barcelone !\",\"isPartOf\":{\"@id\":\"https:\/\/spanishbreak.com\/#website\"},\"primaryImageOfPage\":{\"@id\":\"https:\/\/spanishbreak.com\/fr\/product\/humor-amarillo-your-own-takeshis-castle\/#primaryimage\"},\"image\":{\"@id\":\"https:\/\/spanishbreak.com\/fr\/product\/humor-amarillo-your-own-takeshis-castle\/#primaryimage\"},\"thumbnailUrl\":\"https:\/\/spanishbreak.com\/wp-content\/uploads\/2022\/10\/Humor-Amarillo.png\",\"datePublished\":\"2022-10-07T12:34:44+00:00\",\"dateModified\":\"2025-12-16T18:00:50+00:00\",\"description\":\"Parcours d'obstacles hilarant inspir\u00e9 de Takeshi's Castle pour une journ\u00e9e pleine de rires et de d\u00e9fis entre amis. #HumourJaune\",\"breadcrumb\":{\"@id\":\"https:\/\/spanishbreak.com\/fr\/product\/humor-amarillo-your-own-takeshis-castle\/#breadcrumb\"},\"inLanguage\":\"fr-FR\",\"potentialAction\":[{\"@type\":\"ReadAction\",\"target\":[\"https:\/\/spanishbreak.com\/fr\/product\/humor-amarillo-your-own-takeshis-castle\/\"]}]},{\"@type\":\"ImageObject\",\"inLanguage\":\"fr-FR\",\"@id\":\"https:\/\/spanishbreak.com\/fr\/product\/humor-amarillo-your-own-takeshis-castle\/#primaryimage\",\"url\":\"https:\/\/spanishbreak.com\/wp-content\/uploads\/2022\/10\/Humor-Amarillo.png\",\"contentUrl\":\"https:\/\/spanishbreak.com\/wp-content\/uploads\/2022\/10\/Humor-Amarillo.png\",\"width\":768,\"height\":512},{\"@type\":\"BreadcrumbList\",\"@id\":\"https:\/\/spanishbreak.com\/fr\/product\/humor-amarillo-your-own-takeshis-castle\/#breadcrumb\",\"itemListElement\":[{\"@type\":\"ListItem\",\"position\":1,\"name\":\"Home\",\"item\":\"https:\/\/spanishbreak.com\/\"},{\"@type\":\"ListItem\",\"position\":2,\"name\":\"Boutique\",\"item\":\"https:\/\/spanishbreak.com\/boutique\/?lang=fr\"},{\"@type\":\"ListItem\",\"position\":3,\"name\":\"HUMOR AMARILLO \u2013 VOTRE PROPRE CH\u00c2TEAU DE TAKESHI \u00e0 Barcelone !\"}]},{\"@type\":\"WebSite\",\"@id\":\"https:\/\/spanishbreak.com\/#website\",\"url\":\"https:\/\/spanishbreak.com\/\",\"name\":\"Spanish Break\",\"description\":\"Otro sitio realizado con WordPress\",\"publisher\":{\"@id\":\"https:\/\/spanishbreak.com\/#organization\"},\"potentialAction\":[{\"@type\":\"SearchAction\",\"target\":{\"@type\":\"EntryPoint\",\"urlTemplate\":\"https:\/\/spanishbreak.com\/?s={search_term_string}\"},\"query-input\":{\"@type\":\"PropertyValueSpecification\",\"valueRequired\":true,\"valueName\":\"search_term_string\"}}],\"inLanguage\":\"fr-FR\"},{\"@type\":\"Organization\",\"@id\":\"https:\/\/spanishbreak.com\/#organization\",\"name\":\"Spanish Break\",\"url\":\"https:\/\/spanishbreak.com\/\",\"logo\":{\"@type\":\"ImageObject\",\"inLanguage\":\"fr-FR\",\"@id\":\"https:\/\/spanishbreak.com\/#\/schema\/logo\/image\/\",\"url\":\"https:\/\/spanishbreak.com\/wp-content\/uploads\/2024\/03\/logo-spanish-break.png\",\"contentUrl\":\"https:\/\/spanishbreak.com\/wp-content\/uploads\/2024\/03\/logo-spanish-break.png\",\"width\":323,\"height\":37,\"caption\":\"Spanish Break\"},\"image\":{\"@id\":\"https:\/\/spanishbreak.com\/#\/schema\/logo\/image\/\"},\"sameAs\":[\"https:\/\/www.facebook.com\/spanishbreak\",\"https:\/\/www.instagram.com\/spanishbreakbcn\/\"]}]}<\/script>\n<!-- \/ Yoast SEO plugin. -->","yoast_head_json":{"title":"HUMOR AMARILLO \u2013 VOTRE PROPRE CH\u00c2TEAU DE TAKESHI \u00e0 Barcelone !","description":"Parcours d'obstacles hilarant inspir\u00e9 de Takeshi's Castle pour une journ\u00e9e pleine de rires et de d\u00e9fis entre amis. #HumourJaune","robots":{"index":"index","follow":"follow","max-snippet":"max-snippet:-1","max-image-preview":"max-image-preview:large","max-video-preview":"max-video-preview:-1"},"canonical":"https:\/\/spanishbreak.com\/fr\/product\/humor-amarillo-your-own-takeshis-castle\/","og_locale":"fr_FR","og_type":"article","og_title":"HUMOR AMARILLO \u2013 VOTRE PROPRE CH\u00c2TEAU DE TAKESHI \u00e0 Barcelone !","og_description":"Parcours d'obstacles hilarant inspir\u00e9 de Takeshi's Castle pour une journ\u00e9e pleine de rires et de d\u00e9fis entre amis. #HumourJaune","og_url":"https:\/\/spanishbreak.com\/fr\/product\/humor-amarillo-your-own-takeshis-castle\/","og_site_name":"Spanishbreak","article_publisher":"https:\/\/www.facebook.com\/spanishbreak","article_modified_time":"2025-12-16T18:00:50+00:00","og_image":[{"width":768,"height":512,"url":"https:\/\/spanishbreak.com\/wp-content\/uploads\/2022\/10\/Humor-Amarillo.png","type":"image\/png"}],"twitter_card":"summary_large_image","twitter_misc":{"Dur\u00e9e de lecture estim\u00e9e":"1 minute"},"schema":{"@context":"https:\/\/schema.org","@graph":[{"@type":["WebPage","ItemPage"],"@id":"https:\/\/spanishbreak.com\/fr\/product\/humor-amarillo-your-own-takeshis-castle\/","url":"https:\/\/spanishbreak.com\/fr\/product\/humor-amarillo-your-own-takeshis-castle\/","name":"HUMOR AMARILLO \u2013 VOTRE PROPRE CH\u00c2TEAU DE TAKESHI \u00e0 Barcelone !","isPartOf":{"@id":"https:\/\/spanishbreak.com\/#website"},"primaryImageOfPage":{"@id":"https:\/\/spanishbreak.com\/fr\/product\/humor-amarillo-your-own-takeshis-castle\/#primaryimage"},"image":{"@id":"https:\/\/spanishbreak.com\/fr\/product\/humor-amarillo-your-own-takeshis-castle\/#primaryimage"},"thumbnailUrl":"https:\/\/spanishbreak.com\/wp-content\/uploads\/2022\/10\/Humor-Amarillo.png","datePublished":"2022-10-07T12:34:44+00:00","dateModified":"2025-12-16T18:00:50+00:00","description":"Parcours d'obstacles hilarant inspir\u00e9 de Takeshi's Castle pour une journ\u00e9e pleine de rires et de d\u00e9fis entre amis. #HumourJaune","breadcrumb":{"@id":"https:\/\/spanishbreak.com\/fr\/product\/humor-amarillo-your-own-takeshis-castle\/#breadcrumb"},"inLanguage":"fr-FR","potentialAction":[{"@type":"ReadAction","target":["https:\/\/spanishbreak.com\/fr\/product\/humor-amarillo-your-own-takeshis-castle\/"]}]},{"@type":"ImageObject","inLanguage":"fr-FR","@id":"https:\/\/spanishbreak.com\/fr\/product\/humor-amarillo-your-own-takeshis-castle\/#primaryimage","url":"https:\/\/spanishbreak.com\/wp-content\/uploads\/2022\/10\/Humor-Amarillo.png","contentUrl":"https:\/\/spanishbreak.com\/wp-content\/uploads\/2022\/10\/Humor-Amarillo.png","width":768,"height":512},{"@type":"BreadcrumbList","@id":"https:\/\/spanishbreak.com\/fr\/product\/humor-amarillo-your-own-takeshis-castle\/#breadcrumb","itemListElement":[{"@type":"ListItem","position":1,"name":"Home","item":"https:\/\/spanishbreak.com\/"},{"@type":"ListItem","position":2,"name":"Boutique","item":"https:\/\/spanishbreak.com\/boutique\/?lang=fr"},{"@type":"ListItem","position":3,"name":"HUMOR AMARILLO \u2013 VOTRE PROPRE CH\u00c2TEAU DE TAKESHI \u00e0 Barcelone !"}]},{"@type":"WebSite","@id":"https:\/\/spanishbreak.com\/#website","url":"https:\/\/spanishbreak.com\/","name":"Spanish Break","description":"Otro sitio realizado con WordPress","publisher":{"@id":"https:\/\/spanishbreak.com\/#organization"},"potentialAction":[{"@type":"SearchAction","target":{"@type":"EntryPoint","urlTemplate":"https:\/\/spanishbreak.com\/?s={search_term_string}"},"query-input":{"@type":"PropertyValueSpecification","valueRequired":true,"valueName":"search_term_string"}}],"inLanguage":"fr-FR"},{"@type":"Organization","@id":"https:\/\/spanishbreak.com\/#organization","name":"Spanish Break","url":"https:\/\/spanishbreak.com\/","logo":{"@type":"ImageObject","inLanguage":"fr-FR","@id":"https:\/\/spanishbreak.com\/#\/schema\/logo\/image\/","url":"https:\/\/spanishbreak.com\/wp-content\/uploads\/2024\/03\/logo-spanish-break.png","contentUrl":"https:\/\/spanishbreak.com\/wp-content\/uploads\/2024\/03\/logo-spanish-break.png","width":323,"height":37,"caption":"Spanish Break"},"image":{"@id":"https:\/\/spanishbreak.com\/#\/schema\/logo\/image\/"},"sameAs":["https:\/\/www.facebook.com\/spanishbreak","https:\/\/www.instagram.com\/spanishbreakbcn\/"]}]}},"_links":{"self":[{"href":"https:\/\/spanishbreak.com\/fr\/wp-json\/wp\/v2\/product\/4266","targetHints":{"allow":["GET"]}}],"collection":[{"href":"https:\/\/spanishbreak.com\/fr\/wp-json\/wp\/v2\/product"}],"about":[{"href":"https:\/\/spanishbreak.com\/fr\/wp-json\/wp\/v2\/types\/product"}],"replies":[{"embeddable":true,"href":"https:\/\/spanishbreak.com\/fr\/wp-json\/wp\/v2\/comments?post=4266"}],"wp:featuredmedia":[{"embeddable":true,"href":"https:\/\/spanishbreak.com\/fr\/wp-json\/wp\/v2\/media\/3045"}],"wp:attachment":[{"href":"https:\/\/spanishbreak.com\/fr\/wp-json\/wp\/v2\/media?parent=4266"}],"wp:term":[{"taxonomy":"product_brand","embeddable":true,"href":"https:\/\/spanishbreak.com\/fr\/wp-json\/wp\/v2\/product_brand?post=4266"},{"taxonomy":"product_cat","embeddable":true,"href":"https:\/\/spanishbreak.com\/fr\/wp-json\/wp\/v2\/product_cat?post=4266"},{"taxonomy":"product_tag","embeddable":true,"href":"https:\/\/spanishbreak.com\/fr\/wp-json\/wp\/v2\/product_tag?post=4266"}],"curies":[{"name":"wp","href":"https:\/\/api.w.org\/{rel}","templated":true}]}}