{"id":4268,"date":"2022-10-07T11:49:15","date_gmt":"2022-10-07T09:49:15","guid":{"rendered":"https:\/\/spanishbreak.com\/producto\/gocar-city-tour\/"},"modified":"2025-12-17T15:45:46","modified_gmt":"2025-12-17T14:45:46","slug":"gocar-city-tour","status":"publish","type":"product","link":"https:\/\/spanishbreak.com\/fr\/product\/gocar-city-tour\/","title":{"rendered":"TOUR DE LA VILLE EN \u00ab\u00a0GOCAR\u00a0\u00bb \u00c0 BARCELONE"},"content":{"rendered":"<p><strong>Soyez ma\u00eetre de votre visite de la ville\u00a0!<\/strong><\/p>\n<p>La <strong>visite de la ville GoCar <\/strong>est un nouvel outil formidable pour explorer la ville \u00e0 votre guise pendant votre <strong>EVG\/EVJF \u00e0 Barcelone !<\/strong><\/p>\n<p>Votre groupe recevra une voiture pour deux personnes, que vous pouvez utiliser pour traverser la ville \u00e0 votre rythme\u00a0: voir quelques endroits c\u00e9l\u00e8bres, vous arr\u00eater pour une collation rafra\u00eechissante ou de d\u00e9licieux tapas, et hop, on repart pour voir autre chose\u00a0!<\/p>\n<p>La voiture a un GPS fourni avec un audio-guide intelligent qui vous donnera les informations cl\u00e9s dans la zone o\u00f9 vous vous trouvez.<\/p>\n<p>C\u2019est vraiment la meilleure fa\u00e7on pour les plus aventurier(e)s de d\u00e9couvrir la ville \u00e0 leur propre rythme\u00a0!<\/p>\n","protected":false},"excerpt":{"rendered":"<p>Soyez ma\u00eetre de votre visite de la ville\u00a0! La visite de la ville GoCar est un nouvel outil formidable pour explorer la ville \u00e0 votre guise pendant votre EVG\/EVJF \u00e0 Barcelone ! Votre groupe recevra une voiture pour deux personnes, que vous pouvez utiliser pour traverser la ville \u00e0 votre rythme\u00a0: voir quelques endroits c\u00e9l\u00e8bres, [&hellip;]<\/p>\n","protected":false},"featured_media":3026,"comment_status":"closed","ping_status":"closed","template":"","meta":{"site-sidebar-layout":"default","site-content-layout":"default","ast-site-content-layout":"default","site-content-style":"default","site-sidebar-style":"default","ast-global-header-display":"","ast-banner-title-visibility":"","ast-main-header-display":"","ast-hfb-above-header-display":"","ast-hfb-below-header-display":"","ast-hfb-mobile-header-display":"","site-post-title":"","ast-breadcrumbs-content":"","ast-featured-img":"","footer-sml-layout":"","theme-transparent-header-meta":"default","adv-header-id-meta":"","stick-header-meta":"","header-above-stick-meta":"","header-main-stick-meta":"","header-below-stick-meta":"","astra-migrate-meta-layouts":"set","ast-page-background-enabled":"default","ast-page-background-meta":{"desktop":{"background-color":"var(--ast-global-color-4)","background-image":"","background-repeat":"repeat","background-position":"center center","background-size":"auto","background-attachment":"scroll","background-type":"","background-media":"","overlay-type":"","overlay-color":"","overlay-opacity":"","overlay-gradient":""},"tablet":{"background-color":"","background-image":"","background-repeat":"repeat","background-position":"center center","background-size":"auto","background-attachment":"scroll","background-type":"","background-media":"","overlay-type":"","overlay-color":"","overlay-opacity":"","overlay-gradient":""},"mobile":{"background-color":"","background-image":"","background-repeat":"repeat","background-position":"center center","background-size":"auto","background-attachment":"scroll","background-type":"","background-media":"","overlay-type":"","overlay-color":"","overlay-opacity":"","overlay-gradient":""}},"ast-content-background-meta":{"desktop":{"background-color":"var(--ast-global-color-5)","background-image":"","background-repeat":"repeat","background-position":"center center","background-size":"auto","background-attachment":"scroll","background-type":"","background-media":"","overlay-type":"","overlay-color":"","overlay-opacity":"","overlay-gradient":""},"tablet":{"background-color":"var(--ast-global-color-5)","background-image":"","background-repeat":"repeat","background-position":"center center","background-size":"auto","background-attachment":"scroll","background-type":"","background-media":"","overlay-type":"","overlay-color":"","overlay-opacity":"","overlay-gradient":""},"mobile":{"background-color":"var(--ast-global-color-5)","background-image":"","background-repeat":"repeat","background-position":"center center","background-size":"auto","background-attachment":"scroll","background-type":"","background-media":"","overlay-type":"","overlay-color":"","overlay-opacity":"","overlay-gradient":""}},"repeater_packs":""},"product_brand":[],"product_cat":[68,66,73],"product_tag":[36,35],"class_list":{"0":"post-4268","1":"product","2":"type-product","3":"status-publish","4":"has-post-thumbnail","6":"product_cat-day-time-activities","7":"product_cat-hen-fr-2","8":"product_cat-stag-fr","9":"product_tag-hen","10":"product_tag-stag","11":"desktop-align-left","12":"tablet-align-left","13":"mobile-align-left","15":"first","16":"instock","17":"shipping-taxable","18":"product-type-simple"},"yoast_head":"<!-- This site is optimized with the Yoast SEO plugin v26.8 - https:\/\/yoast.com\/product\/yoast-seo-wordpress\/ -->\n<title>TOUR DE LA VILLE EN &quot;GOCAR&quot; \u00c0 BARCELONE - D\u00e9couvrez la ville \u00e0 votre rythme<\/title>\n<meta name=\"description\" content=\"Soyez ma\u00eetre de votre visite de la ville\u00a0! La visite de la ville GoCar est un nouvel outil formidable pour explorer la ville \u00e0 votre guise pendant votre D\u00e9couvrez la ville de Barcelone de mani\u00e8re amusante et \u00e9cologique avec notre visite en GoCar. R\u00e9servez maintenant!\" \/>\n<meta name=\"robots\" content=\"index, follow, max-snippet:-1, max-image-preview:large, max-video-preview:-1\" \/>\n<link rel=\"canonical\" href=\"https:\/\/spanishbreak.com\/fr\/product\/gocar-city-tour\/\" \/>\n<meta property=\"og:locale\" content=\"fr_FR\" \/>\n<meta property=\"og:type\" content=\"article\" \/>\n<meta property=\"og:title\" content=\"TOUR DE LA VILLE EN &quot;GOCAR&quot; \u00c0 BARCELONE - D\u00e9couvrez la ville \u00e0 votre rythme\" \/>\n<meta property=\"og:description\" content=\"Soyez ma\u00eetre de votre visite de la ville\u00a0! La visite de la ville GoCar est un nouvel outil formidable pour explorer la ville \u00e0 votre guise pendant votre D\u00e9couvrez la ville de Barcelone de mani\u00e8re amusante et \u00e9cologique avec notre visite en GoCar. R\u00e9servez maintenant!\" \/>\n<meta property=\"og:url\" content=\"https:\/\/spanishbreak.com\/fr\/product\/gocar-city-tour\/\" \/>\n<meta property=\"og:site_name\" content=\"Spanishbreak\" \/>\n<meta property=\"article:publisher\" content=\"https:\/\/www.facebook.com\/spanishbreak\" \/>\n<meta property=\"article:modified_time\" content=\"2025-12-17T14:45:46+00:00\" \/>\n<meta property=\"og:image\" content=\"https:\/\/spanishbreak.com\/wp-content\/uploads\/2022\/10\/GoCar_1.png\" \/>\n\t<meta property=\"og:image:width\" content=\"1636\" \/>\n\t<meta property=\"og:image:height\" content=\"1636\" \/>\n\t<meta property=\"og:image:type\" content=\"image\/png\" \/>\n<meta name=\"twitter:card\" content=\"summary_large_image\" \/>\n<meta name=\"twitter:label1\" content=\"Dur\u00e9e de lecture estim\u00e9e\" \/>\n\t<meta name=\"twitter:data1\" content=\"1 minute\" \/>\n<script type=\"application\/ld+json\" class=\"yoast-schema-graph\">{\"@context\":\"https:\/\/schema.org\",\"@graph\":[{\"@type\":[\"WebPage\",\"ItemPage\"],\"@id\":\"https:\/\/spanishbreak.com\/fr\/product\/gocar-city-tour\/\",\"url\":\"https:\/\/spanishbreak.com\/fr\/product\/gocar-city-tour\/\",\"name\":\"TOUR DE LA VILLE EN \\\"GOCAR\\\" \u00c0 BARCELONE - D\u00e9couvrez la ville \u00e0 votre rythme\",\"isPartOf\":{\"@id\":\"https:\/\/spanishbreak.com\/#website\"},\"primaryImageOfPage\":{\"@id\":\"https:\/\/spanishbreak.com\/fr\/product\/gocar-city-tour\/#primaryimage\"},\"image\":{\"@id\":\"https:\/\/spanishbreak.com\/fr\/product\/gocar-city-tour\/#primaryimage\"},\"thumbnailUrl\":\"https:\/\/spanishbreak.com\/wp-content\/uploads\/2022\/10\/GoCar_1.png\",\"datePublished\":\"2022-10-07T09:49:15+00:00\",\"dateModified\":\"2025-12-17T14:45:46+00:00\",\"description\":\"Soyez ma\u00eetre de votre visite de la ville\u00a0! La visite de la ville GoCar est un nouvel outil formidable pour explorer la ville \u00e0 votre guise pendant votre D\u00e9couvrez la ville de Barcelone de mani\u00e8re amusante et \u00e9cologique avec notre visite en GoCar. R\u00e9servez maintenant!\",\"breadcrumb\":{\"@id\":\"https:\/\/spanishbreak.com\/fr\/product\/gocar-city-tour\/#breadcrumb\"},\"inLanguage\":\"fr-FR\",\"potentialAction\":[{\"@type\":\"ReadAction\",\"target\":[\"https:\/\/spanishbreak.com\/fr\/product\/gocar-city-tour\/\"]}]},{\"@type\":\"ImageObject\",\"inLanguage\":\"fr-FR\",\"@id\":\"https:\/\/spanishbreak.com\/fr\/product\/gocar-city-tour\/#primaryimage\",\"url\":\"https:\/\/spanishbreak.com\/wp-content\/uploads\/2022\/10\/GoCar_1.png\",\"contentUrl\":\"https:\/\/spanishbreak.com\/wp-content\/uploads\/2022\/10\/GoCar_1.png\",\"width\":1636,\"height\":1636},{\"@type\":\"BreadcrumbList\",\"@id\":\"https:\/\/spanishbreak.com\/fr\/product\/gocar-city-tour\/#breadcrumb\",\"itemListElement\":[{\"@type\":\"ListItem\",\"position\":1,\"name\":\"Home\",\"item\":\"https:\/\/spanishbreak.com\/\"},{\"@type\":\"ListItem\",\"position\":2,\"name\":\"Boutique\",\"item\":\"https:\/\/spanishbreak.com\/boutique\/?lang=fr\"},{\"@type\":\"ListItem\",\"position\":3,\"name\":\"TOUR DE LA VILLE EN &#8220;GOCAR&#8221; \u00c0 BARCELONE\"}]},{\"@type\":\"WebSite\",\"@id\":\"https:\/\/spanishbreak.com\/#website\",\"url\":\"https:\/\/spanishbreak.com\/\",\"name\":\"Spanish Break\",\"description\":\"Otro sitio realizado con WordPress\",\"publisher\":{\"@id\":\"https:\/\/spanishbreak.com\/#organization\"},\"potentialAction\":[{\"@type\":\"SearchAction\",\"target\":{\"@type\":\"EntryPoint\",\"urlTemplate\":\"https:\/\/spanishbreak.com\/?s={search_term_string}\"},\"query-input\":{\"@type\":\"PropertyValueSpecification\",\"valueRequired\":true,\"valueName\":\"search_term_string\"}}],\"inLanguage\":\"fr-FR\"},{\"@type\":\"Organization\",\"@id\":\"https:\/\/spanishbreak.com\/#organization\",\"name\":\"Spanish Break\",\"url\":\"https:\/\/spanishbreak.com\/\",\"logo\":{\"@type\":\"ImageObject\",\"inLanguage\":\"fr-FR\",\"@id\":\"https:\/\/spanishbreak.com\/#\/schema\/logo\/image\/\",\"url\":\"https:\/\/spanishbreak.com\/wp-content\/uploads\/2024\/03\/logo-spanish-break.png\",\"contentUrl\":\"https:\/\/spanishbreak.com\/wp-content\/uploads\/2024\/03\/logo-spanish-break.png\",\"width\":323,\"height\":37,\"caption\":\"Spanish Break\"},\"image\":{\"@id\":\"https:\/\/spanishbreak.com\/#\/schema\/logo\/image\/\"},\"sameAs\":[\"https:\/\/www.facebook.com\/spanishbreak\",\"https:\/\/www.instagram.com\/spanishbreakbcn\/\"]}]}<\/script>\n<!-- \/ Yoast SEO plugin. -->","yoast_head_json":{"title":"TOUR DE LA VILLE EN \"GOCAR\" \u00c0 BARCELONE - D\u00e9couvrez la ville \u00e0 votre rythme","description":"Soyez ma\u00eetre de votre visite de la ville\u00a0! La visite de la ville GoCar est un nouvel outil formidable pour explorer la ville \u00e0 votre guise pendant votre D\u00e9couvrez la ville de Barcelone de mani\u00e8re amusante et \u00e9cologique avec notre visite en GoCar. R\u00e9servez maintenant!","robots":{"index":"index","follow":"follow","max-snippet":"max-snippet:-1","max-image-preview":"max-image-preview:large","max-video-preview":"max-video-preview:-1"},"canonical":"https:\/\/spanishbreak.com\/fr\/product\/gocar-city-tour\/","og_locale":"fr_FR","og_type":"article","og_title":"TOUR DE LA VILLE EN \"GOCAR\" \u00c0 BARCELONE - D\u00e9couvrez la ville \u00e0 votre rythme","og_description":"Soyez ma\u00eetre de votre visite de la ville\u00a0! La visite de la ville GoCar est un nouvel outil formidable pour explorer la ville \u00e0 votre guise pendant votre D\u00e9couvrez la ville de Barcelone de mani\u00e8re amusante et \u00e9cologique avec notre visite en GoCar. R\u00e9servez maintenant!","og_url":"https:\/\/spanishbreak.com\/fr\/product\/gocar-city-tour\/","og_site_name":"Spanishbreak","article_publisher":"https:\/\/www.facebook.com\/spanishbreak","article_modified_time":"2025-12-17T14:45:46+00:00","og_image":[{"width":1636,"height":1636,"url":"https:\/\/spanishbreak.com\/wp-content\/uploads\/2022\/10\/GoCar_1.png","type":"image\/png"}],"twitter_card":"summary_large_image","twitter_misc":{"Dur\u00e9e de lecture estim\u00e9e":"1 minute"},"schema":{"@context":"https:\/\/schema.org","@graph":[{"@type":["WebPage","ItemPage"],"@id":"https:\/\/spanishbreak.com\/fr\/product\/gocar-city-tour\/","url":"https:\/\/spanishbreak.com\/fr\/product\/gocar-city-tour\/","name":"TOUR DE LA VILLE EN \"GOCAR\" \u00c0 BARCELONE - D\u00e9couvrez la ville \u00e0 votre rythme","isPartOf":{"@id":"https:\/\/spanishbreak.com\/#website"},"primaryImageOfPage":{"@id":"https:\/\/spanishbreak.com\/fr\/product\/gocar-city-tour\/#primaryimage"},"image":{"@id":"https:\/\/spanishbreak.com\/fr\/product\/gocar-city-tour\/#primaryimage"},"thumbnailUrl":"https:\/\/spanishbreak.com\/wp-content\/uploads\/2022\/10\/GoCar_1.png","datePublished":"2022-10-07T09:49:15+00:00","dateModified":"2025-12-17T14:45:46+00:00","description":"Soyez ma\u00eetre de votre visite de la ville\u00a0! La visite de la ville GoCar est un nouvel outil formidable pour explorer la ville \u00e0 votre guise pendant votre D\u00e9couvrez la ville de Barcelone de mani\u00e8re amusante et \u00e9cologique avec notre visite en GoCar. R\u00e9servez maintenant!","breadcrumb":{"@id":"https:\/\/spanishbreak.com\/fr\/product\/gocar-city-tour\/#breadcrumb"},"inLanguage":"fr-FR","potentialAction":[{"@type":"ReadAction","target":["https:\/\/spanishbreak.com\/fr\/product\/gocar-city-tour\/"]}]},{"@type":"ImageObject","inLanguage":"fr-FR","@id":"https:\/\/spanishbreak.com\/fr\/product\/gocar-city-tour\/#primaryimage","url":"https:\/\/spanishbreak.com\/wp-content\/uploads\/2022\/10\/GoCar_1.png","contentUrl":"https:\/\/spanishbreak.com\/wp-content\/uploads\/2022\/10\/GoCar_1.png","width":1636,"height":1636},{"@type":"BreadcrumbList","@id":"https:\/\/spanishbreak.com\/fr\/product\/gocar-city-tour\/#breadcrumb","itemListElement":[{"@type":"ListItem","position":1,"name":"Home","item":"https:\/\/spanishbreak.com\/"},{"@type":"ListItem","position":2,"name":"Boutique","item":"https:\/\/spanishbreak.com\/boutique\/?lang=fr"},{"@type":"ListItem","position":3,"name":"TOUR DE LA VILLE EN &#8220;GOCAR&#8221; \u00c0 BARCELONE"}]},{"@type":"WebSite","@id":"https:\/\/spanishbreak.com\/#website","url":"https:\/\/spanishbreak.com\/","name":"Spanish Break","description":"Otro sitio realizado con WordPress","publisher":{"@id":"https:\/\/spanishbreak.com\/#organization"},"potentialAction":[{"@type":"SearchAction","target":{"@type":"EntryPoint","urlTemplate":"https:\/\/spanishbreak.com\/?s={search_term_string}"},"query-input":{"@type":"PropertyValueSpecification","valueRequired":true,"valueName":"search_term_string"}}],"inLanguage":"fr-FR"},{"@type":"Organization","@id":"https:\/\/spanishbreak.com\/#organization","name":"Spanish Break","url":"https:\/\/spanishbreak.com\/","logo":{"@type":"ImageObject","inLanguage":"fr-FR","@id":"https:\/\/spanishbreak.com\/#\/schema\/logo\/image\/","url":"https:\/\/spanishbreak.com\/wp-content\/uploads\/2024\/03\/logo-spanish-break.png","contentUrl":"https:\/\/spanishbreak.com\/wp-content\/uploads\/2024\/03\/logo-spanish-break.png","width":323,"height":37,"caption":"Spanish Break"},"image":{"@id":"https:\/\/spanishbreak.com\/#\/schema\/logo\/image\/"},"sameAs":["https:\/\/www.facebook.com\/spanishbreak","https:\/\/www.instagram.com\/spanishbreakbcn\/"]}]}},"_links":{"self":[{"href":"https:\/\/spanishbreak.com\/fr\/wp-json\/wp\/v2\/product\/4268","targetHints":{"allow":["GET"]}}],"collection":[{"href":"https:\/\/spanishbreak.com\/fr\/wp-json\/wp\/v2\/product"}],"about":[{"href":"https:\/\/spanishbreak.com\/fr\/wp-json\/wp\/v2\/types\/product"}],"replies":[{"embeddable":true,"href":"https:\/\/spanishbreak.com\/fr\/wp-json\/wp\/v2\/comments?post=4268"}],"wp:featuredmedia":[{"embeddable":true,"href":"https:\/\/spanishbreak.com\/fr\/wp-json\/wp\/v2\/media\/3026"}],"wp:attachment":[{"href":"https:\/\/spanishbreak.com\/fr\/wp-json\/wp\/v2\/media?parent=4268"}],"wp:term":[{"taxonomy":"product_brand","embeddable":true,"href":"https:\/\/spanishbreak.com\/fr\/wp-json\/wp\/v2\/product_brand?post=4268"},{"taxonomy":"product_cat","embeddable":true,"href":"https:\/\/spanishbreak.com\/fr\/wp-json\/wp\/v2\/product_cat?post=4268"},{"taxonomy":"product_tag","embeddable":true,"href":"https:\/\/spanishbreak.com\/fr\/wp-json\/wp\/v2\/product_tag?post=4268"}],"curies":[{"name":"wp","href":"https:\/\/api.w.org\/{rel}","templated":true}]}}