{"id":4275,"date":"2022-10-06T13:24:48","date_gmt":"2022-10-06T11:24:48","guid":{"rendered":"https:\/\/spanishbreak.com\/producto\/escape-the-room-puzzle-game\/"},"modified":"2025-12-17T15:47:05","modified_gmt":"2025-12-17T14:47:05","slug":"escape-the-room-puzzle-game","status":"publish","type":"product","link":"https:\/\/spanishbreak.com\/fr\/product\/escape-the-room-puzzle-game\/","title":{"rendered":"\u00ab\u00a0ESCAPE GAME\u00a0\u00bb JEU DE R\u00c9FLEXION \u00e0 Barcelone"},"content":{"rendered":"<p><strong>Devenir 007 et s\u2019\u00e9chapper de la pi\u00e8ce\u00a0!<\/strong><\/p>\n<p>Vous avez probablement d\u00e9j\u00e0 entendu parler du jeu \u00ab<strong>escape game\u00a0<\/strong>\u00bb, mais les\u00a0myst\u00e8res de Barcelone sont un cran au-dessus du reste\u00a0!<\/p>\n<p>Pendant cette activit\u00e9, votre groupe deviendra une bande de supers d\u00e9tectives qui essayeront de s\u2019\u00e9chapper d\u2019une chambre en r\u00e9solvant une s\u00e9rie de t\u00e2ches sacr\u00e9ment difficiles et compliqu\u00e9es. Cette activit\u00e9 est vraiment unique pour vous et vos potes et vous pourrez mettre votre cerveau \u00e0 l\u2019\u00e9preuve\u00a0! Les chambres sont vraiment, vraiment dr\u00f4les !<\/p>\n<p>Bien entendu, l\u2019ensemble de votre groupe aura des d\u00e9guisements de Sherlock, afin d\u2019am\u00e9liorer vos capacit\u00e9s cognitives\u00a0! Les photos en font un souvenir que vous n\u2019oublierez jamais et des boissons vous aideront\u00a0\u00e0 rafraichir les cerveaux en surchauffe !<\/p>\n","protected":false},"excerpt":{"rendered":"<p>Devenir 007 et s\u2019\u00e9chapper de la pi\u00e8ce\u00a0! Vous avez probablement d\u00e9j\u00e0 entendu parler du jeu \u00abescape game\u00a0\u00bb, mais les\u00a0myst\u00e8res de Barcelone sont un cran au-dessus du reste\u00a0! Pendant cette activit\u00e9, votre groupe deviendra une bande de supers d\u00e9tectives qui essayeront de s\u2019\u00e9chapper d\u2019une chambre en r\u00e9solvant une s\u00e9rie de t\u00e2ches sacr\u00e9ment difficiles et compliqu\u00e9es. Cette [&hellip;]<\/p>\n","protected":false},"featured_media":3006,"comment_status":"closed","ping_status":"closed","template":"","meta":{"site-sidebar-layout":"default","site-content-layout":"default","ast-site-content-layout":"default","site-content-style":"default","site-sidebar-style":"default","ast-global-header-display":"","ast-banner-title-visibility":"","ast-main-header-display":"","ast-hfb-above-header-display":"","ast-hfb-below-header-display":"","ast-hfb-mobile-header-display":"","site-post-title":"","ast-breadcrumbs-content":"","ast-featured-img":"","footer-sml-layout":"","theme-transparent-header-meta":"default","adv-header-id-meta":"","stick-header-meta":"","header-above-stick-meta":"","header-main-stick-meta":"","header-below-stick-meta":"","astra-migrate-meta-layouts":"set","ast-page-background-enabled":"default","ast-page-background-meta":{"desktop":{"background-color":"var(--ast-global-color-4)","background-image":"","background-repeat":"repeat","background-position":"center center","background-size":"auto","background-attachment":"scroll","background-type":"","background-media":"","overlay-type":"","overlay-color":"","overlay-opacity":"","overlay-gradient":""},"tablet":{"background-color":"","background-image":"","background-repeat":"repeat","background-position":"center center","background-size":"auto","background-attachment":"scroll","background-type":"","background-media":"","overlay-type":"","overlay-color":"","overlay-opacity":"","overlay-gradient":""},"mobile":{"background-color":"","background-image":"","background-repeat":"repeat","background-position":"center center","background-size":"auto","background-attachment":"scroll","background-type":"","background-media":"","overlay-type":"","overlay-color":"","overlay-opacity":"","overlay-gradient":""}},"ast-content-background-meta":{"desktop":{"background-color":"var(--ast-global-color-5)","background-image":"","background-repeat":"repeat","background-position":"center center","background-size":"auto","background-attachment":"scroll","background-type":"","background-media":"","overlay-type":"","overlay-color":"","overlay-opacity":"","overlay-gradient":""},"tablet":{"background-color":"var(--ast-global-color-5)","background-image":"","background-repeat":"repeat","background-position":"center center","background-size":"auto","background-attachment":"scroll","background-type":"","background-media":"","overlay-type":"","overlay-color":"","overlay-opacity":"","overlay-gradient":""},"mobile":{"background-color":"var(--ast-global-color-5)","background-image":"","background-repeat":"repeat","background-position":"center center","background-size":"auto","background-attachment":"scroll","background-type":"","background-media":"","overlay-type":"","overlay-color":"","overlay-opacity":"","overlay-gradient":""}},"repeater_packs":""},"product_brand":[],"product_cat":[68,66,73],"product_tag":[36,35],"class_list":{"0":"post-4275","1":"product","2":"type-product","3":"status-publish","4":"has-post-thumbnail","6":"product_cat-day-time-activities","7":"product_cat-hen-fr-2","8":"product_cat-stag-fr","9":"product_tag-hen","10":"product_tag-stag","11":"desktop-align-left","12":"tablet-align-left","13":"mobile-align-left","15":"first","16":"instock","17":"shipping-taxable","18":"product-type-simple"},"yoast_head":"<!-- This site is optimized with the Yoast SEO plugin v26.8 - https:\/\/yoast.com\/product\/yoast-seo-wordpress\/ -->\n<title>Escape Game \u00e0 Barcelone - Jeu de r\u00e9flexion captivant<\/title>\n<meta name=\"description\" content=\"Devenir 007 et s\u2019\u00e9chapper de la pi\u00e8ce\u00a0! Vous avez probablement d\u00e9j\u00e0 entendu parler du jeu \u00abescape game\u00a0\u00bb, mais les\u00a0myst\u00e8res de Barcelone sont un cran Un escape game pour des heures de divertissement et de r\u00e9flexion. Parfait pour les amateurs de jeux de r\u00e9flexion.\" \/>\n<meta name=\"robots\" content=\"index, follow, max-snippet:-1, max-image-preview:large, max-video-preview:-1\" \/>\n<link rel=\"canonical\" href=\"https:\/\/spanishbreak.com\/fr\/product\/escape-the-room-puzzle-game\/\" \/>\n<meta property=\"og:locale\" content=\"fr_FR\" \/>\n<meta property=\"og:type\" content=\"article\" \/>\n<meta property=\"og:title\" content=\"Escape Game \u00e0 Barcelone - Jeu de r\u00e9flexion captivant\" \/>\n<meta property=\"og:description\" content=\"Devenir 007 et s\u2019\u00e9chapper de la pi\u00e8ce\u00a0! Vous avez probablement d\u00e9j\u00e0 entendu parler du jeu \u00abescape game\u00a0\u00bb, mais les\u00a0myst\u00e8res de Barcelone sont un cran Un escape game pour des heures de divertissement et de r\u00e9flexion. Parfait pour les amateurs de jeux de r\u00e9flexion.\" \/>\n<meta property=\"og:url\" content=\"https:\/\/spanishbreak.com\/fr\/product\/escape-the-room-puzzle-game\/\" \/>\n<meta property=\"og:site_name\" content=\"Spanishbreak\" \/>\n<meta property=\"article:publisher\" content=\"https:\/\/www.facebook.com\/spanishbreak\" \/>\n<meta property=\"article:modified_time\" content=\"2025-12-17T14:47:05+00:00\" \/>\n<meta property=\"og:image\" content=\"https:\/\/spanishbreak.com\/wp-content\/uploads\/2022\/10\/Depositphotos_153816492_XL-scaled.jpg\" \/>\n\t<meta property=\"og:image:width\" content=\"2560\" \/>\n\t<meta property=\"og:image:height\" content=\"1707\" \/>\n\t<meta property=\"og:image:type\" content=\"image\/jpeg\" \/>\n<meta name=\"twitter:card\" content=\"summary_large_image\" \/>\n<meta name=\"twitter:label1\" content=\"Dur\u00e9e de lecture estim\u00e9e\" \/>\n\t<meta name=\"twitter:data1\" content=\"1 minute\" \/>\n<script type=\"application\/ld+json\" class=\"yoast-schema-graph\">{\"@context\":\"https:\/\/schema.org\",\"@graph\":[{\"@type\":[\"WebPage\",\"ItemPage\"],\"@id\":\"https:\/\/spanishbreak.com\/fr\/product\/escape-the-room-puzzle-game\/\",\"url\":\"https:\/\/spanishbreak.com\/fr\/product\/escape-the-room-puzzle-game\/\",\"name\":\"Escape Game \u00e0 Barcelone - Jeu de r\u00e9flexion captivant\",\"isPartOf\":{\"@id\":\"https:\/\/spanishbreak.com\/#website\"},\"primaryImageOfPage\":{\"@id\":\"https:\/\/spanishbreak.com\/fr\/product\/escape-the-room-puzzle-game\/#primaryimage\"},\"image\":{\"@id\":\"https:\/\/spanishbreak.com\/fr\/product\/escape-the-room-puzzle-game\/#primaryimage\"},\"thumbnailUrl\":\"https:\/\/spanishbreak.com\/wp-content\/uploads\/2022\/10\/Depositphotos_153816492_XL-scaled.jpg\",\"datePublished\":\"2022-10-06T11:24:48+00:00\",\"dateModified\":\"2025-12-17T14:47:05+00:00\",\"description\":\"Devenir 007 et s\u2019\u00e9chapper de la pi\u00e8ce\u00a0! Vous avez probablement d\u00e9j\u00e0 entendu parler du jeu \u00abescape game\u00a0\u00bb, mais les\u00a0myst\u00e8res de Barcelone sont un cran Un escape game pour des heures de divertissement et de r\u00e9flexion. Parfait pour les amateurs de jeux de r\u00e9flexion.\",\"breadcrumb\":{\"@id\":\"https:\/\/spanishbreak.com\/fr\/product\/escape-the-room-puzzle-game\/#breadcrumb\"},\"inLanguage\":\"fr-FR\",\"potentialAction\":[{\"@type\":\"ReadAction\",\"target\":[\"https:\/\/spanishbreak.com\/fr\/product\/escape-the-room-puzzle-game\/\"]}]},{\"@type\":\"ImageObject\",\"inLanguage\":\"fr-FR\",\"@id\":\"https:\/\/spanishbreak.com\/fr\/product\/escape-the-room-puzzle-game\/#primaryimage\",\"url\":\"https:\/\/spanishbreak.com\/wp-content\/uploads\/2022\/10\/Depositphotos_153816492_XL-scaled.jpg\",\"contentUrl\":\"https:\/\/spanishbreak.com\/wp-content\/uploads\/2022\/10\/Depositphotos_153816492_XL-scaled.jpg\",\"width\":2560,\"height\":1707,\"caption\":\"Young people trying to solve a conundrum to get out of the trap, escape the room game concept\"},{\"@type\":\"BreadcrumbList\",\"@id\":\"https:\/\/spanishbreak.com\/fr\/product\/escape-the-room-puzzle-game\/#breadcrumb\",\"itemListElement\":[{\"@type\":\"ListItem\",\"position\":1,\"name\":\"Home\",\"item\":\"https:\/\/spanishbreak.com\/\"},{\"@type\":\"ListItem\",\"position\":2,\"name\":\"Boutique\",\"item\":\"https:\/\/spanishbreak.com\/boutique\/?lang=fr\"},{\"@type\":\"ListItem\",\"position\":3,\"name\":\"&#8220;ESCAPE GAME&#8221; JEU DE R\u00c9FLEXION \u00e0 Barcelone\"}]},{\"@type\":\"WebSite\",\"@id\":\"https:\/\/spanishbreak.com\/#website\",\"url\":\"https:\/\/spanishbreak.com\/\",\"name\":\"Spanish Break\",\"description\":\"Otro sitio realizado con WordPress\",\"publisher\":{\"@id\":\"https:\/\/spanishbreak.com\/#organization\"},\"potentialAction\":[{\"@type\":\"SearchAction\",\"target\":{\"@type\":\"EntryPoint\",\"urlTemplate\":\"https:\/\/spanishbreak.com\/?s={search_term_string}\"},\"query-input\":{\"@type\":\"PropertyValueSpecification\",\"valueRequired\":true,\"valueName\":\"search_term_string\"}}],\"inLanguage\":\"fr-FR\"},{\"@type\":\"Organization\",\"@id\":\"https:\/\/spanishbreak.com\/#organization\",\"name\":\"Spanish Break\",\"url\":\"https:\/\/spanishbreak.com\/\",\"logo\":{\"@type\":\"ImageObject\",\"inLanguage\":\"fr-FR\",\"@id\":\"https:\/\/spanishbreak.com\/#\/schema\/logo\/image\/\",\"url\":\"https:\/\/spanishbreak.com\/wp-content\/uploads\/2024\/03\/logo-spanish-break.png\",\"contentUrl\":\"https:\/\/spanishbreak.com\/wp-content\/uploads\/2024\/03\/logo-spanish-break.png\",\"width\":323,\"height\":37,\"caption\":\"Spanish Break\"},\"image\":{\"@id\":\"https:\/\/spanishbreak.com\/#\/schema\/logo\/image\/\"},\"sameAs\":[\"https:\/\/www.facebook.com\/spanishbreak\",\"https:\/\/www.instagram.com\/spanishbreakbcn\/\"]}]}<\/script>\n<!-- \/ Yoast SEO plugin. -->","yoast_head_json":{"title":"Escape Game \u00e0 Barcelone - Jeu de r\u00e9flexion captivant","description":"Devenir 007 et s\u2019\u00e9chapper de la pi\u00e8ce\u00a0! Vous avez probablement d\u00e9j\u00e0 entendu parler du jeu \u00abescape game\u00a0\u00bb, mais les\u00a0myst\u00e8res de Barcelone sont un cran Un escape game pour des heures de divertissement et de r\u00e9flexion. Parfait pour les amateurs de jeux de r\u00e9flexion.","robots":{"index":"index","follow":"follow","max-snippet":"max-snippet:-1","max-image-preview":"max-image-preview:large","max-video-preview":"max-video-preview:-1"},"canonical":"https:\/\/spanishbreak.com\/fr\/product\/escape-the-room-puzzle-game\/","og_locale":"fr_FR","og_type":"article","og_title":"Escape Game \u00e0 Barcelone - Jeu de r\u00e9flexion captivant","og_description":"Devenir 007 et s\u2019\u00e9chapper de la pi\u00e8ce\u00a0! Vous avez probablement d\u00e9j\u00e0 entendu parler du jeu \u00abescape game\u00a0\u00bb, mais les\u00a0myst\u00e8res de Barcelone sont un cran Un escape game pour des heures de divertissement et de r\u00e9flexion. Parfait pour les amateurs de jeux de r\u00e9flexion.","og_url":"https:\/\/spanishbreak.com\/fr\/product\/escape-the-room-puzzle-game\/","og_site_name":"Spanishbreak","article_publisher":"https:\/\/www.facebook.com\/spanishbreak","article_modified_time":"2025-12-17T14:47:05+00:00","og_image":[{"width":2560,"height":1707,"url":"https:\/\/spanishbreak.com\/wp-content\/uploads\/2022\/10\/Depositphotos_153816492_XL-scaled.jpg","type":"image\/jpeg"}],"twitter_card":"summary_large_image","twitter_misc":{"Dur\u00e9e de lecture estim\u00e9e":"1 minute"},"schema":{"@context":"https:\/\/schema.org","@graph":[{"@type":["WebPage","ItemPage"],"@id":"https:\/\/spanishbreak.com\/fr\/product\/escape-the-room-puzzle-game\/","url":"https:\/\/spanishbreak.com\/fr\/product\/escape-the-room-puzzle-game\/","name":"Escape Game \u00e0 Barcelone - Jeu de r\u00e9flexion captivant","isPartOf":{"@id":"https:\/\/spanishbreak.com\/#website"},"primaryImageOfPage":{"@id":"https:\/\/spanishbreak.com\/fr\/product\/escape-the-room-puzzle-game\/#primaryimage"},"image":{"@id":"https:\/\/spanishbreak.com\/fr\/product\/escape-the-room-puzzle-game\/#primaryimage"},"thumbnailUrl":"https:\/\/spanishbreak.com\/wp-content\/uploads\/2022\/10\/Depositphotos_153816492_XL-scaled.jpg","datePublished":"2022-10-06T11:24:48+00:00","dateModified":"2025-12-17T14:47:05+00:00","description":"Devenir 007 et s\u2019\u00e9chapper de la pi\u00e8ce\u00a0! Vous avez probablement d\u00e9j\u00e0 entendu parler du jeu \u00abescape game\u00a0\u00bb, mais les\u00a0myst\u00e8res de Barcelone sont un cran Un escape game pour des heures de divertissement et de r\u00e9flexion. Parfait pour les amateurs de jeux de r\u00e9flexion.","breadcrumb":{"@id":"https:\/\/spanishbreak.com\/fr\/product\/escape-the-room-puzzle-game\/#breadcrumb"},"inLanguage":"fr-FR","potentialAction":[{"@type":"ReadAction","target":["https:\/\/spanishbreak.com\/fr\/product\/escape-the-room-puzzle-game\/"]}]},{"@type":"ImageObject","inLanguage":"fr-FR","@id":"https:\/\/spanishbreak.com\/fr\/product\/escape-the-room-puzzle-game\/#primaryimage","url":"https:\/\/spanishbreak.com\/wp-content\/uploads\/2022\/10\/Depositphotos_153816492_XL-scaled.jpg","contentUrl":"https:\/\/spanishbreak.com\/wp-content\/uploads\/2022\/10\/Depositphotos_153816492_XL-scaled.jpg","width":2560,"height":1707,"caption":"Young people trying to solve a conundrum to get out of the trap, escape the room game concept"},{"@type":"BreadcrumbList","@id":"https:\/\/spanishbreak.com\/fr\/product\/escape-the-room-puzzle-game\/#breadcrumb","itemListElement":[{"@type":"ListItem","position":1,"name":"Home","item":"https:\/\/spanishbreak.com\/"},{"@type":"ListItem","position":2,"name":"Boutique","item":"https:\/\/spanishbreak.com\/boutique\/?lang=fr"},{"@type":"ListItem","position":3,"name":"&#8220;ESCAPE GAME&#8221; JEU DE R\u00c9FLEXION \u00e0 Barcelone"}]},{"@type":"WebSite","@id":"https:\/\/spanishbreak.com\/#website","url":"https:\/\/spanishbreak.com\/","name":"Spanish Break","description":"Otro sitio realizado con WordPress","publisher":{"@id":"https:\/\/spanishbreak.com\/#organization"},"potentialAction":[{"@type":"SearchAction","target":{"@type":"EntryPoint","urlTemplate":"https:\/\/spanishbreak.com\/?s={search_term_string}"},"query-input":{"@type":"PropertyValueSpecification","valueRequired":true,"valueName":"search_term_string"}}],"inLanguage":"fr-FR"},{"@type":"Organization","@id":"https:\/\/spanishbreak.com\/#organization","name":"Spanish Break","url":"https:\/\/spanishbreak.com\/","logo":{"@type":"ImageObject","inLanguage":"fr-FR","@id":"https:\/\/spanishbreak.com\/#\/schema\/logo\/image\/","url":"https:\/\/spanishbreak.com\/wp-content\/uploads\/2024\/03\/logo-spanish-break.png","contentUrl":"https:\/\/spanishbreak.com\/wp-content\/uploads\/2024\/03\/logo-spanish-break.png","width":323,"height":37,"caption":"Spanish Break"},"image":{"@id":"https:\/\/spanishbreak.com\/#\/schema\/logo\/image\/"},"sameAs":["https:\/\/www.facebook.com\/spanishbreak","https:\/\/www.instagram.com\/spanishbreakbcn\/"]}]}},"_links":{"self":[{"href":"https:\/\/spanishbreak.com\/fr\/wp-json\/wp\/v2\/product\/4275","targetHints":{"allow":["GET"]}}],"collection":[{"href":"https:\/\/spanishbreak.com\/fr\/wp-json\/wp\/v2\/product"}],"about":[{"href":"https:\/\/spanishbreak.com\/fr\/wp-json\/wp\/v2\/types\/product"}],"replies":[{"embeddable":true,"href":"https:\/\/spanishbreak.com\/fr\/wp-json\/wp\/v2\/comments?post=4275"}],"wp:featuredmedia":[{"embeddable":true,"href":"https:\/\/spanishbreak.com\/fr\/wp-json\/wp\/v2\/media\/3006"}],"wp:attachment":[{"href":"https:\/\/spanishbreak.com\/fr\/wp-json\/wp\/v2\/media?parent=4275"}],"wp:term":[{"taxonomy":"product_brand","embeddable":true,"href":"https:\/\/spanishbreak.com\/fr\/wp-json\/wp\/v2\/product_brand?post=4275"},{"taxonomy":"product_cat","embeddable":true,"href":"https:\/\/spanishbreak.com\/fr\/wp-json\/wp\/v2\/product_cat?post=4275"},{"taxonomy":"product_tag","embeddable":true,"href":"https:\/\/spanishbreak.com\/fr\/wp-json\/wp\/v2\/product_tag?post=4275"}],"curies":[{"name":"wp","href":"https:\/\/api.w.org\/{rel}","templated":true}]}}