{"id":4276,"date":"2022-10-06T13:17:46","date_gmt":"2022-10-06T11:17:46","guid":{"rendered":"https:\/\/spanishbreak.com\/producto\/horseback-riding\/"},"modified":"2025-12-17T15:47:27","modified_gmt":"2025-12-17T14:47:27","slug":"horseback-riding","status":"publish","type":"product","link":"https:\/\/spanishbreak.com\/fr\/product\/horseback-riding\/","title":{"rendered":"BALADE \u00c0 CHEVAL \u00e0 Barcelone"},"content":{"rendered":"<p><strong>En selle !<\/strong><\/p>\n<p>Votre camarade est-il une personne audacieuse, pr\u00eate \u00e0 tout avec le go\u00fbt de l\u2019aventure ? Si oui, vous devez envisager d\u2019inclure une session d&rsquo;\u00e9quitation pendant son EVG\/EVJF \u00e0 Barcelone<\/p>\n<p>Vous et vos potes allez monter en selle sur votre propre cheval apr\u00e8s un accueil accompagn\u00e9 d\u2019un verre de vin. Le magnifique parc naturel est parfait pour faire du cheval. Vous vous sentirez tel John Wayne arpentant la campagne !<\/p>\n<p>Vous aurez avec vous un instructeur pour vous montrer les ficelles du m\u00e9tier et il vous donnera les meilleurs conseils pour dompter votre puissant animal. En selle et attrape les tous, cow-boys !<\/p>\n","protected":false},"excerpt":{"rendered":"<p>En selle ! Votre camarade est-il une personne audacieuse, pr\u00eate \u00e0 tout avec le go\u00fbt de l\u2019aventure ? Si oui, vous devez envisager d\u2019inclure une session d&rsquo;\u00e9quitation pendant son EVG\/EVJF \u00e0 Barcelone Vous et vos potes allez monter en selle sur votre propre cheval apr\u00e8s un accueil accompagn\u00e9 d\u2019un verre de vin. Le magnifique parc [&hellip;]<\/p>\n","protected":false},"featured_media":3003,"comment_status":"closed","ping_status":"closed","template":"","meta":{"site-sidebar-layout":"default","site-content-layout":"default","ast-site-content-layout":"default","site-content-style":"default","site-sidebar-style":"default","ast-global-header-display":"","ast-banner-title-visibility":"","ast-main-header-display":"","ast-hfb-above-header-display":"","ast-hfb-below-header-display":"","ast-hfb-mobile-header-display":"","site-post-title":"","ast-breadcrumbs-content":"","ast-featured-img":"","footer-sml-layout":"","theme-transparent-header-meta":"default","adv-header-id-meta":"","stick-header-meta":"","header-above-stick-meta":"","header-main-stick-meta":"","header-below-stick-meta":"","astra-migrate-meta-layouts":"set","ast-page-background-enabled":"default","ast-page-background-meta":{"desktop":{"background-color":"var(--ast-global-color-4)","background-image":"","background-repeat":"repeat","background-position":"center center","background-size":"auto","background-attachment":"scroll","background-type":"","background-media":"","overlay-type":"","overlay-color":"","overlay-opacity":"","overlay-gradient":""},"tablet":{"background-color":"","background-image":"","background-repeat":"repeat","background-position":"center center","background-size":"auto","background-attachment":"scroll","background-type":"","background-media":"","overlay-type":"","overlay-color":"","overlay-opacity":"","overlay-gradient":""},"mobile":{"background-color":"","background-image":"","background-repeat":"repeat","background-position":"center center","background-size":"auto","background-attachment":"scroll","background-type":"","background-media":"","overlay-type":"","overlay-color":"","overlay-opacity":"","overlay-gradient":""}},"ast-content-background-meta":{"desktop":{"background-color":"var(--ast-global-color-5)","background-image":"","background-repeat":"repeat","background-position":"center center","background-size":"auto","background-attachment":"scroll","background-type":"","background-media":"","overlay-type":"","overlay-color":"","overlay-opacity":"","overlay-gradient":""},"tablet":{"background-color":"var(--ast-global-color-5)","background-image":"","background-repeat":"repeat","background-position":"center center","background-size":"auto","background-attachment":"scroll","background-type":"","background-media":"","overlay-type":"","overlay-color":"","overlay-opacity":"","overlay-gradient":""},"mobile":{"background-color":"var(--ast-global-color-5)","background-image":"","background-repeat":"repeat","background-position":"center center","background-size":"auto","background-attachment":"scroll","background-type":"","background-media":"","overlay-type":"","overlay-color":"","overlay-opacity":"","overlay-gradient":""}},"repeater_packs":""},"product_brand":[],"product_cat":[68,66,73],"product_tag":[],"class_list":{"0":"post-4276","1":"product","2":"type-product","3":"status-publish","4":"has-post-thumbnail","6":"product_cat-day-time-activities","7":"product_cat-hen-fr-2","8":"product_cat-stag-fr","9":"desktop-align-left","10":"tablet-align-left","11":"mobile-align-left","13":"first","14":"instock","15":"shipping-taxable","16":"product-type-simple"},"yoast_head":"<!-- This site is optimized with the Yoast SEO plugin v26.8 - https:\/\/yoast.com\/product\/yoast-seo-wordpress\/ -->\n<title>R\u00e9servez une excursion \u00e0 cheval \u00e0 Barcelone pour les groupes<\/title>\n<meta name=\"description\" content=\"En selle ! Votre camarade est-il une personne audacieuse, pr\u00eate \u00e0 tout avec le go\u00fbt de l\u2019aventure ? Si oui, vous devez envisager d\u2019inclure une session D\u00e9couvrez l&#039;excitation de l&#039;\u00e9quitation \u00e0 cheval \u00e0 travers de magnifiques paysages avec notre exp\u00e9rience de randonn\u00e9e \u00e9questre.\" \/>\n<meta name=\"robots\" content=\"index, follow, max-snippet:-1, max-image-preview:large, max-video-preview:-1\" \/>\n<link rel=\"canonical\" href=\"https:\/\/spanishbreak.com\/fr\/product\/horseback-riding\/\" \/>\n<meta property=\"og:locale\" content=\"fr_FR\" \/>\n<meta property=\"og:type\" content=\"article\" \/>\n<meta property=\"og:title\" content=\"R\u00e9servez une excursion \u00e0 cheval \u00e0 Barcelone pour les groupes\" \/>\n<meta property=\"og:description\" content=\"En selle ! Votre camarade est-il une personne audacieuse, pr\u00eate \u00e0 tout avec le go\u00fbt de l\u2019aventure ? Si oui, vous devez envisager d\u2019inclure une session D\u00e9couvrez l&#039;excitation de l&#039;\u00e9quitation \u00e0 cheval \u00e0 travers de magnifiques paysages avec notre exp\u00e9rience de randonn\u00e9e \u00e9questre.\" \/>\n<meta property=\"og:url\" content=\"https:\/\/spanishbreak.com\/fr\/product\/horseback-riding\/\" \/>\n<meta property=\"og:site_name\" content=\"Spanishbreak\" \/>\n<meta property=\"article:publisher\" content=\"https:\/\/www.facebook.com\/spanishbreak\" \/>\n<meta property=\"article:modified_time\" content=\"2025-12-17T14:47:27+00:00\" \/>\n<meta property=\"og:image\" content=\"https:\/\/spanishbreak.com\/wp-content\/uploads\/2022\/10\/Depositphotos_12359312_original-scaled.jpg\" \/>\n\t<meta property=\"og:image:width\" content=\"2560\" \/>\n\t<meta property=\"og:image:height\" content=\"1704\" \/>\n\t<meta property=\"og:image:type\" content=\"image\/jpeg\" \/>\n<meta name=\"twitter:card\" content=\"summary_large_image\" \/>\n<meta name=\"twitter:label1\" content=\"Dur\u00e9e de lecture estim\u00e9e\" \/>\n\t<meta name=\"twitter:data1\" content=\"1 minute\" \/>\n<script type=\"application\/ld+json\" class=\"yoast-schema-graph\">{\"@context\":\"https:\/\/schema.org\",\"@graph\":[{\"@type\":[\"WebPage\",\"ItemPage\"],\"@id\":\"https:\/\/spanishbreak.com\/fr\/product\/horseback-riding\/\",\"url\":\"https:\/\/spanishbreak.com\/fr\/product\/horseback-riding\/\",\"name\":\"R\u00e9servez une excursion \u00e0 cheval \u00e0 Barcelone pour les groupes\",\"isPartOf\":{\"@id\":\"https:\/\/spanishbreak.com\/#website\"},\"primaryImageOfPage\":{\"@id\":\"https:\/\/spanishbreak.com\/fr\/product\/horseback-riding\/#primaryimage\"},\"image\":{\"@id\":\"https:\/\/spanishbreak.com\/fr\/product\/horseback-riding\/#primaryimage\"},\"thumbnailUrl\":\"https:\/\/spanishbreak.com\/wp-content\/uploads\/2022\/10\/Depositphotos_12359312_original-scaled.jpg\",\"datePublished\":\"2022-10-06T11:17:46+00:00\",\"dateModified\":\"2025-12-17T14:47:27+00:00\",\"description\":\"En selle ! Votre camarade est-il une personne audacieuse, pr\u00eate \u00e0 tout avec le go\u00fbt de l\u2019aventure ? Si oui, vous devez envisager d\u2019inclure une session D\u00e9couvrez l'excitation de l'\u00e9quitation \u00e0 cheval \u00e0 travers de magnifiques paysages avec notre exp\u00e9rience de randonn\u00e9e \u00e9questre.\",\"breadcrumb\":{\"@id\":\"https:\/\/spanishbreak.com\/fr\/product\/horseback-riding\/#breadcrumb\"},\"inLanguage\":\"fr-FR\",\"potentialAction\":[{\"@type\":\"ReadAction\",\"target\":[\"https:\/\/spanishbreak.com\/fr\/product\/horseback-riding\/\"]}]},{\"@type\":\"ImageObject\",\"inLanguage\":\"fr-FR\",\"@id\":\"https:\/\/spanishbreak.com\/fr\/product\/horseback-riding\/#primaryimage\",\"url\":\"https:\/\/spanishbreak.com\/wp-content\/uploads\/2022\/10\/Depositphotos_12359312_original-scaled.jpg\",\"contentUrl\":\"https:\/\/spanishbreak.com\/wp-content\/uploads\/2022\/10\/Depositphotos_12359312_original-scaled.jpg\",\"width\":2560,\"height\":1704,\"caption\":\"Riding on the blach friesian horse in the sunset\"},{\"@type\":\"BreadcrumbList\",\"@id\":\"https:\/\/spanishbreak.com\/fr\/product\/horseback-riding\/#breadcrumb\",\"itemListElement\":[{\"@type\":\"ListItem\",\"position\":1,\"name\":\"Home\",\"item\":\"https:\/\/spanishbreak.com\/\"},{\"@type\":\"ListItem\",\"position\":2,\"name\":\"Boutique\",\"item\":\"https:\/\/spanishbreak.com\/boutique\/?lang=fr\"},{\"@type\":\"ListItem\",\"position\":3,\"name\":\"BALADE \u00c0 CHEVAL \u00e0 Barcelone\"}]},{\"@type\":\"WebSite\",\"@id\":\"https:\/\/spanishbreak.com\/#website\",\"url\":\"https:\/\/spanishbreak.com\/\",\"name\":\"Spanish Break\",\"description\":\"Otro sitio realizado con WordPress\",\"publisher\":{\"@id\":\"https:\/\/spanishbreak.com\/#organization\"},\"potentialAction\":[{\"@type\":\"SearchAction\",\"target\":{\"@type\":\"EntryPoint\",\"urlTemplate\":\"https:\/\/spanishbreak.com\/?s={search_term_string}\"},\"query-input\":{\"@type\":\"PropertyValueSpecification\",\"valueRequired\":true,\"valueName\":\"search_term_string\"}}],\"inLanguage\":\"fr-FR\"},{\"@type\":\"Organization\",\"@id\":\"https:\/\/spanishbreak.com\/#organization\",\"name\":\"Spanish Break\",\"url\":\"https:\/\/spanishbreak.com\/\",\"logo\":{\"@type\":\"ImageObject\",\"inLanguage\":\"fr-FR\",\"@id\":\"https:\/\/spanishbreak.com\/#\/schema\/logo\/image\/\",\"url\":\"https:\/\/spanishbreak.com\/wp-content\/uploads\/2024\/03\/logo-spanish-break.png\",\"contentUrl\":\"https:\/\/spanishbreak.com\/wp-content\/uploads\/2024\/03\/logo-spanish-break.png\",\"width\":323,\"height\":37,\"caption\":\"Spanish Break\"},\"image\":{\"@id\":\"https:\/\/spanishbreak.com\/#\/schema\/logo\/image\/\"},\"sameAs\":[\"https:\/\/www.facebook.com\/spanishbreak\",\"https:\/\/www.instagram.com\/spanishbreakbcn\/\"]}]}<\/script>\n<!-- \/ Yoast SEO plugin. -->","yoast_head_json":{"title":"R\u00e9servez une excursion \u00e0 cheval \u00e0 Barcelone pour les groupes","description":"En selle ! Votre camarade est-il une personne audacieuse, pr\u00eate \u00e0 tout avec le go\u00fbt de l\u2019aventure ? Si oui, vous devez envisager d\u2019inclure une session D\u00e9couvrez l'excitation de l'\u00e9quitation \u00e0 cheval \u00e0 travers de magnifiques paysages avec notre exp\u00e9rience de randonn\u00e9e \u00e9questre.","robots":{"index":"index","follow":"follow","max-snippet":"max-snippet:-1","max-image-preview":"max-image-preview:large","max-video-preview":"max-video-preview:-1"},"canonical":"https:\/\/spanishbreak.com\/fr\/product\/horseback-riding\/","og_locale":"fr_FR","og_type":"article","og_title":"R\u00e9servez une excursion \u00e0 cheval \u00e0 Barcelone pour les groupes","og_description":"En selle ! Votre camarade est-il une personne audacieuse, pr\u00eate \u00e0 tout avec le go\u00fbt de l\u2019aventure ? Si oui, vous devez envisager d\u2019inclure une session D\u00e9couvrez l'excitation de l'\u00e9quitation \u00e0 cheval \u00e0 travers de magnifiques paysages avec notre exp\u00e9rience de randonn\u00e9e \u00e9questre.","og_url":"https:\/\/spanishbreak.com\/fr\/product\/horseback-riding\/","og_site_name":"Spanishbreak","article_publisher":"https:\/\/www.facebook.com\/spanishbreak","article_modified_time":"2025-12-17T14:47:27+00:00","og_image":[{"width":2560,"height":1704,"url":"https:\/\/spanishbreak.com\/wp-content\/uploads\/2022\/10\/Depositphotos_12359312_original-scaled.jpg","type":"image\/jpeg"}],"twitter_card":"summary_large_image","twitter_misc":{"Dur\u00e9e de lecture estim\u00e9e":"1 minute"},"schema":{"@context":"https:\/\/schema.org","@graph":[{"@type":["WebPage","ItemPage"],"@id":"https:\/\/spanishbreak.com\/fr\/product\/horseback-riding\/","url":"https:\/\/spanishbreak.com\/fr\/product\/horseback-riding\/","name":"R\u00e9servez une excursion \u00e0 cheval \u00e0 Barcelone pour les groupes","isPartOf":{"@id":"https:\/\/spanishbreak.com\/#website"},"primaryImageOfPage":{"@id":"https:\/\/spanishbreak.com\/fr\/product\/horseback-riding\/#primaryimage"},"image":{"@id":"https:\/\/spanishbreak.com\/fr\/product\/horseback-riding\/#primaryimage"},"thumbnailUrl":"https:\/\/spanishbreak.com\/wp-content\/uploads\/2022\/10\/Depositphotos_12359312_original-scaled.jpg","datePublished":"2022-10-06T11:17:46+00:00","dateModified":"2025-12-17T14:47:27+00:00","description":"En selle ! Votre camarade est-il une personne audacieuse, pr\u00eate \u00e0 tout avec le go\u00fbt de l\u2019aventure ? Si oui, vous devez envisager d\u2019inclure une session D\u00e9couvrez l'excitation de l'\u00e9quitation \u00e0 cheval \u00e0 travers de magnifiques paysages avec notre exp\u00e9rience de randonn\u00e9e \u00e9questre.","breadcrumb":{"@id":"https:\/\/spanishbreak.com\/fr\/product\/horseback-riding\/#breadcrumb"},"inLanguage":"fr-FR","potentialAction":[{"@type":"ReadAction","target":["https:\/\/spanishbreak.com\/fr\/product\/horseback-riding\/"]}]},{"@type":"ImageObject","inLanguage":"fr-FR","@id":"https:\/\/spanishbreak.com\/fr\/product\/horseback-riding\/#primaryimage","url":"https:\/\/spanishbreak.com\/wp-content\/uploads\/2022\/10\/Depositphotos_12359312_original-scaled.jpg","contentUrl":"https:\/\/spanishbreak.com\/wp-content\/uploads\/2022\/10\/Depositphotos_12359312_original-scaled.jpg","width":2560,"height":1704,"caption":"Riding on the blach friesian horse in the sunset"},{"@type":"BreadcrumbList","@id":"https:\/\/spanishbreak.com\/fr\/product\/horseback-riding\/#breadcrumb","itemListElement":[{"@type":"ListItem","position":1,"name":"Home","item":"https:\/\/spanishbreak.com\/"},{"@type":"ListItem","position":2,"name":"Boutique","item":"https:\/\/spanishbreak.com\/boutique\/?lang=fr"},{"@type":"ListItem","position":3,"name":"BALADE \u00c0 CHEVAL \u00e0 Barcelone"}]},{"@type":"WebSite","@id":"https:\/\/spanishbreak.com\/#website","url":"https:\/\/spanishbreak.com\/","name":"Spanish Break","description":"Otro sitio realizado con WordPress","publisher":{"@id":"https:\/\/spanishbreak.com\/#organization"},"potentialAction":[{"@type":"SearchAction","target":{"@type":"EntryPoint","urlTemplate":"https:\/\/spanishbreak.com\/?s={search_term_string}"},"query-input":{"@type":"PropertyValueSpecification","valueRequired":true,"valueName":"search_term_string"}}],"inLanguage":"fr-FR"},{"@type":"Organization","@id":"https:\/\/spanishbreak.com\/#organization","name":"Spanish Break","url":"https:\/\/spanishbreak.com\/","logo":{"@type":"ImageObject","inLanguage":"fr-FR","@id":"https:\/\/spanishbreak.com\/#\/schema\/logo\/image\/","url":"https:\/\/spanishbreak.com\/wp-content\/uploads\/2024\/03\/logo-spanish-break.png","contentUrl":"https:\/\/spanishbreak.com\/wp-content\/uploads\/2024\/03\/logo-spanish-break.png","width":323,"height":37,"caption":"Spanish Break"},"image":{"@id":"https:\/\/spanishbreak.com\/#\/schema\/logo\/image\/"},"sameAs":["https:\/\/www.facebook.com\/spanishbreak","https:\/\/www.instagram.com\/spanishbreakbcn\/"]}]}},"_links":{"self":[{"href":"https:\/\/spanishbreak.com\/fr\/wp-json\/wp\/v2\/product\/4276","targetHints":{"allow":["GET"]}}],"collection":[{"href":"https:\/\/spanishbreak.com\/fr\/wp-json\/wp\/v2\/product"}],"about":[{"href":"https:\/\/spanishbreak.com\/fr\/wp-json\/wp\/v2\/types\/product"}],"replies":[{"embeddable":true,"href":"https:\/\/spanishbreak.com\/fr\/wp-json\/wp\/v2\/comments?post=4276"}],"wp:featuredmedia":[{"embeddable":true,"href":"https:\/\/spanishbreak.com\/fr\/wp-json\/wp\/v2\/media\/3003"}],"wp:attachment":[{"href":"https:\/\/spanishbreak.com\/fr\/wp-json\/wp\/v2\/media?parent=4276"}],"wp:term":[{"taxonomy":"product_brand","embeddable":true,"href":"https:\/\/spanishbreak.com\/fr\/wp-json\/wp\/v2\/product_brand?post=4276"},{"taxonomy":"product_cat","embeddable":true,"href":"https:\/\/spanishbreak.com\/fr\/wp-json\/wp\/v2\/product_cat?post=4276"},{"taxonomy":"product_tag","embeddable":true,"href":"https:\/\/spanishbreak.com\/fr\/wp-json\/wp\/v2\/product_tag?post=4276"}],"curies":[{"name":"wp","href":"https:\/\/api.w.org\/{rel}","templated":true}]}}