{"id":4278,"date":"2022-10-06T11:34:19","date_gmt":"2022-10-06T09:34:19","guid":{"rendered":"https:\/\/spanishbreak.com\/producto\/casino-entry\/"},"modified":"2025-12-17T15:47:54","modified_gmt":"2025-12-17T14:47:54","slug":"casino-entry","status":"publish","type":"product","link":"https:\/\/spanishbreak.com\/fr\/product\/casino-entry\/","title":{"rendered":"Entr\u00e9e au casino + 1 boisson de bienvenue \u00e0 Barcelone"},"content":{"rendered":"<p><strong>Mettez-vous sur votre 31 et gagnez gros\u00a0!<\/strong><\/p>\n<p>Cette exp\u00e9rience classique <strong>de casino, <\/strong>au casino de Barcelone, offrira un cadre impressionnant o\u00f9 vous pourrez boire et parier gros pendant votre <strong>EVG \u00e0 Barcelone\u00a0! <\/strong>Ce forfait comprend l\u2019entr\u00e9e au casino, qui vous permettra de\u00a0profiter de l\u2019\u00e9motion et de l\u2019excitation des jeux qui vous seront propos\u00e9s et ainsi, de raffler la mise !<\/p>\n","protected":false},"excerpt":{"rendered":"<p>Mettez-vous sur votre 31 et gagnez gros\u00a0! Cette exp\u00e9rience classique de casino, au casino de Barcelone, offrira un cadre impressionnant o\u00f9 vous pourrez boire et parier gros pendant votre EVG \u00e0 Barcelone\u00a0! Ce forfait comprend l\u2019entr\u00e9e au casino, qui vous permettra de\u00a0profiter de l\u2019\u00e9motion et de l\u2019excitation des jeux qui vous seront propos\u00e9s et ainsi, [&hellip;]<\/p>\n","protected":false},"featured_media":2995,"comment_status":"closed","ping_status":"closed","template":"","meta":{"site-sidebar-layout":"default","site-content-layout":"default","ast-site-content-layout":"default","site-content-style":"default","site-sidebar-style":"default","ast-global-header-display":"","ast-banner-title-visibility":"","ast-main-header-display":"","ast-hfb-above-header-display":"","ast-hfb-below-header-display":"","ast-hfb-mobile-header-display":"","site-post-title":"","ast-breadcrumbs-content":"","ast-featured-img":"","footer-sml-layout":"","theme-transparent-header-meta":"default","adv-header-id-meta":"","stick-header-meta":"","header-above-stick-meta":"","header-main-stick-meta":"","header-below-stick-meta":"","astra-migrate-meta-layouts":"set","ast-page-background-enabled":"default","ast-page-background-meta":{"desktop":{"background-color":"var(--ast-global-color-4)","background-image":"","background-repeat":"repeat","background-position":"center center","background-size":"auto","background-attachment":"scroll","background-type":"","background-media":"","overlay-type":"","overlay-color":"","overlay-opacity":"","overlay-gradient":""},"tablet":{"background-color":"","background-image":"","background-repeat":"repeat","background-position":"center center","background-size":"auto","background-attachment":"scroll","background-type":"","background-media":"","overlay-type":"","overlay-color":"","overlay-opacity":"","overlay-gradient":""},"mobile":{"background-color":"","background-image":"","background-repeat":"repeat","background-position":"center center","background-size":"auto","background-attachment":"scroll","background-type":"","background-media":"","overlay-type":"","overlay-color":"","overlay-opacity":"","overlay-gradient":""}},"ast-content-background-meta":{"desktop":{"background-color":"var(--ast-global-color-5)","background-image":"","background-repeat":"repeat","background-position":"center center","background-size":"auto","background-attachment":"scroll","background-type":"","background-media":"","overlay-type":"","overlay-color":"","overlay-opacity":"","overlay-gradient":""},"tablet":{"background-color":"var(--ast-global-color-5)","background-image":"","background-repeat":"repeat","background-position":"center center","background-size":"auto","background-attachment":"scroll","background-type":"","background-media":"","overlay-type":"","overlay-color":"","overlay-opacity":"","overlay-gradient":""},"mobile":{"background-color":"var(--ast-global-color-5)","background-image":"","background-repeat":"repeat","background-position":"center center","background-size":"auto","background-attachment":"scroll","background-type":"","background-media":"","overlay-type":"","overlay-color":"","overlay-opacity":"","overlay-gradient":""}},"repeater_packs":""},"product_brand":[],"product_cat":[66,71,73],"product_tag":[36,35],"class_list":{"0":"post-4278","1":"product","2":"type-product","3":"status-publish","4":"has-post-thumbnail","6":"product_cat-hen-fr-2","7":"product_cat-night_activities-fr-2","8":"product_cat-stag-fr","9":"product_tag-hen","10":"product_tag-stag","11":"desktop-align-left","12":"tablet-align-left","13":"mobile-align-left","15":"first","16":"instock","17":"shipping-taxable","18":"product-type-simple"},"yoast_head":"<!-- This site is optimized with the Yoast SEO plugin v26.8 - https:\/\/yoast.com\/product\/yoast-seo-wordpress\/ -->\n<title>Entr\u00e9e au casino + 1 boisson de bienvenue \u00e0 Barcelone \u00e0 Barcelone - D\u00e9couvrez l&#039;excitation du jeu \u00e0 Barcelone<\/title>\n<meta name=\"description\" content=\"Mettez-vous sur votre 31 et gagnez gros\u00a0! Cette exp\u00e9rience classique de casino, au casino de Barcelone, offrira un cadre impressionnant o\u00f9 vous pourrez Acc\u00e8s exclusif aux meilleurs casinos d&#039;Espagne avec Spanish Break. Profitez d&#039;une exp\u00e9rience de jeu unique et inoubliable.\" \/>\n<meta name=\"robots\" content=\"index, follow, max-snippet:-1, max-image-preview:large, max-video-preview:-1\" \/>\n<link rel=\"canonical\" href=\"https:\/\/spanishbreak.com\/fr\/product\/casino-entry\/\" \/>\n<meta property=\"og:locale\" content=\"fr_FR\" \/>\n<meta property=\"og:type\" content=\"article\" \/>\n<meta property=\"og:title\" content=\"Entr\u00e9e au casino + 1 boisson de bienvenue \u00e0 Barcelone \u00e0 Barcelone - D\u00e9couvrez l&#039;excitation du jeu \u00e0 Barcelone\" \/>\n<meta property=\"og:description\" content=\"Mettez-vous sur votre 31 et gagnez gros\u00a0! Cette exp\u00e9rience classique de casino, au casino de Barcelone, offrira un cadre impressionnant o\u00f9 vous pourrez Acc\u00e8s exclusif aux meilleurs casinos d&#039;Espagne avec Spanish Break. Profitez d&#039;une exp\u00e9rience de jeu unique et inoubliable.\" \/>\n<meta property=\"og:url\" content=\"https:\/\/spanishbreak.com\/fr\/product\/casino-entry\/\" \/>\n<meta property=\"og:site_name\" content=\"Spanishbreak\" \/>\n<meta property=\"article:publisher\" content=\"https:\/\/www.facebook.com\/spanishbreak\" \/>\n<meta property=\"article:modified_time\" content=\"2025-12-17T14:47:54+00:00\" \/>\n<meta property=\"og:image\" content=\"https:\/\/spanishbreak.com\/wp-content\/uploads\/2022\/10\/game-bank-1003151-scaled.jpg\" \/>\n\t<meta property=\"og:image:width\" content=\"2560\" \/>\n\t<meta property=\"og:image:height\" content=\"1707\" \/>\n\t<meta property=\"og:image:type\" content=\"image\/jpeg\" \/>\n<meta name=\"twitter:card\" content=\"summary_large_image\" \/>\n<meta name=\"twitter:label1\" content=\"Dur\u00e9e de lecture estim\u00e9e\" \/>\n\t<meta name=\"twitter:data1\" content=\"1 minute\" \/>\n<script type=\"application\/ld+json\" class=\"yoast-schema-graph\">{\"@context\":\"https:\/\/schema.org\",\"@graph\":[{\"@type\":[\"WebPage\",\"ItemPage\"],\"@id\":\"https:\/\/spanishbreak.com\/fr\/product\/casino-entry\/\",\"url\":\"https:\/\/spanishbreak.com\/fr\/product\/casino-entry\/\",\"name\":\"Entr\u00e9e au casino + 1 boisson de bienvenue \u00e0 Barcelone \u00e0 Barcelone - D\u00e9couvrez l'excitation du jeu \u00e0 Barcelone\",\"isPartOf\":{\"@id\":\"https:\/\/spanishbreak.com\/#website\"},\"primaryImageOfPage\":{\"@id\":\"https:\/\/spanishbreak.com\/fr\/product\/casino-entry\/#primaryimage\"},\"image\":{\"@id\":\"https:\/\/spanishbreak.com\/fr\/product\/casino-entry\/#primaryimage\"},\"thumbnailUrl\":\"https:\/\/spanishbreak.com\/wp-content\/uploads\/2022\/10\/game-bank-1003151-scaled.jpg\",\"datePublished\":\"2022-10-06T09:34:19+00:00\",\"dateModified\":\"2025-12-17T14:47:54+00:00\",\"description\":\"Mettez-vous sur votre 31 et gagnez gros\u00a0! Cette exp\u00e9rience classique de casino, au casino de Barcelone, offrira un cadre impressionnant o\u00f9 vous pourrez Acc\u00e8s exclusif aux meilleurs casinos d'Espagne avec Spanish Break. Profitez d'une exp\u00e9rience de jeu unique et inoubliable.\",\"breadcrumb\":{\"@id\":\"https:\/\/spanishbreak.com\/fr\/product\/casino-entry\/#breadcrumb\"},\"inLanguage\":\"fr-FR\",\"potentialAction\":[{\"@type\":\"ReadAction\",\"target\":[\"https:\/\/spanishbreak.com\/fr\/product\/casino-entry\/\"]}]},{\"@type\":\"ImageObject\",\"inLanguage\":\"fr-FR\",\"@id\":\"https:\/\/spanishbreak.com\/fr\/product\/casino-entry\/#primaryimage\",\"url\":\"https:\/\/spanishbreak.com\/wp-content\/uploads\/2022\/10\/game-bank-1003151-scaled.jpg\",\"contentUrl\":\"https:\/\/spanishbreak.com\/wp-content\/uploads\/2022\/10\/game-bank-1003151-scaled.jpg\",\"width\":2560,\"height\":1707},{\"@type\":\"BreadcrumbList\",\"@id\":\"https:\/\/spanishbreak.com\/fr\/product\/casino-entry\/#breadcrumb\",\"itemListElement\":[{\"@type\":\"ListItem\",\"position\":1,\"name\":\"Home\",\"item\":\"https:\/\/spanishbreak.com\/\"},{\"@type\":\"ListItem\",\"position\":2,\"name\":\"Boutique\",\"item\":\"https:\/\/spanishbreak.com\/boutique\/?lang=fr\"},{\"@type\":\"ListItem\",\"position\":3,\"name\":\"Entr\u00e9e au casino + 1 boisson de bienvenue \u00e0 Barcelone\"}]},{\"@type\":\"WebSite\",\"@id\":\"https:\/\/spanishbreak.com\/#website\",\"url\":\"https:\/\/spanishbreak.com\/\",\"name\":\"Spanish Break\",\"description\":\"Otro sitio realizado con WordPress\",\"publisher\":{\"@id\":\"https:\/\/spanishbreak.com\/#organization\"},\"potentialAction\":[{\"@type\":\"SearchAction\",\"target\":{\"@type\":\"EntryPoint\",\"urlTemplate\":\"https:\/\/spanishbreak.com\/?s={search_term_string}\"},\"query-input\":{\"@type\":\"PropertyValueSpecification\",\"valueRequired\":true,\"valueName\":\"search_term_string\"}}],\"inLanguage\":\"fr-FR\"},{\"@type\":\"Organization\",\"@id\":\"https:\/\/spanishbreak.com\/#organization\",\"name\":\"Spanish Break\",\"url\":\"https:\/\/spanishbreak.com\/\",\"logo\":{\"@type\":\"ImageObject\",\"inLanguage\":\"fr-FR\",\"@id\":\"https:\/\/spanishbreak.com\/#\/schema\/logo\/image\/\",\"url\":\"https:\/\/spanishbreak.com\/wp-content\/uploads\/2024\/03\/logo-spanish-break.png\",\"contentUrl\":\"https:\/\/spanishbreak.com\/wp-content\/uploads\/2024\/03\/logo-spanish-break.png\",\"width\":323,\"height\":37,\"caption\":\"Spanish Break\"},\"image\":{\"@id\":\"https:\/\/spanishbreak.com\/#\/schema\/logo\/image\/\"},\"sameAs\":[\"https:\/\/www.facebook.com\/spanishbreak\",\"https:\/\/www.instagram.com\/spanishbreakbcn\/\"]}]}<\/script>\n<!-- \/ Yoast SEO plugin. -->","yoast_head_json":{"title":"Entr\u00e9e au casino + 1 boisson de bienvenue \u00e0 Barcelone \u00e0 Barcelone - D\u00e9couvrez l'excitation du jeu \u00e0 Barcelone","description":"Mettez-vous sur votre 31 et gagnez gros\u00a0! Cette exp\u00e9rience classique de casino, au casino de Barcelone, offrira un cadre impressionnant o\u00f9 vous pourrez Acc\u00e8s exclusif aux meilleurs casinos d'Espagne avec Spanish Break. Profitez d'une exp\u00e9rience de jeu unique et inoubliable.","robots":{"index":"index","follow":"follow","max-snippet":"max-snippet:-1","max-image-preview":"max-image-preview:large","max-video-preview":"max-video-preview:-1"},"canonical":"https:\/\/spanishbreak.com\/fr\/product\/casino-entry\/","og_locale":"fr_FR","og_type":"article","og_title":"Entr\u00e9e au casino + 1 boisson de bienvenue \u00e0 Barcelone \u00e0 Barcelone - D\u00e9couvrez l'excitation du jeu \u00e0 Barcelone","og_description":"Mettez-vous sur votre 31 et gagnez gros\u00a0! Cette exp\u00e9rience classique de casino, au casino de Barcelone, offrira un cadre impressionnant o\u00f9 vous pourrez Acc\u00e8s exclusif aux meilleurs casinos d'Espagne avec Spanish Break. Profitez d'une exp\u00e9rience de jeu unique et inoubliable.","og_url":"https:\/\/spanishbreak.com\/fr\/product\/casino-entry\/","og_site_name":"Spanishbreak","article_publisher":"https:\/\/www.facebook.com\/spanishbreak","article_modified_time":"2025-12-17T14:47:54+00:00","og_image":[{"width":2560,"height":1707,"url":"https:\/\/spanishbreak.com\/wp-content\/uploads\/2022\/10\/game-bank-1003151-scaled.jpg","type":"image\/jpeg"}],"twitter_card":"summary_large_image","twitter_misc":{"Dur\u00e9e de lecture estim\u00e9e":"1 minute"},"schema":{"@context":"https:\/\/schema.org","@graph":[{"@type":["WebPage","ItemPage"],"@id":"https:\/\/spanishbreak.com\/fr\/product\/casino-entry\/","url":"https:\/\/spanishbreak.com\/fr\/product\/casino-entry\/","name":"Entr\u00e9e au casino + 1 boisson de bienvenue \u00e0 Barcelone \u00e0 Barcelone - D\u00e9couvrez l'excitation du jeu \u00e0 Barcelone","isPartOf":{"@id":"https:\/\/spanishbreak.com\/#website"},"primaryImageOfPage":{"@id":"https:\/\/spanishbreak.com\/fr\/product\/casino-entry\/#primaryimage"},"image":{"@id":"https:\/\/spanishbreak.com\/fr\/product\/casino-entry\/#primaryimage"},"thumbnailUrl":"https:\/\/spanishbreak.com\/wp-content\/uploads\/2022\/10\/game-bank-1003151-scaled.jpg","datePublished":"2022-10-06T09:34:19+00:00","dateModified":"2025-12-17T14:47:54+00:00","description":"Mettez-vous sur votre 31 et gagnez gros\u00a0! Cette exp\u00e9rience classique de casino, au casino de Barcelone, offrira un cadre impressionnant o\u00f9 vous pourrez Acc\u00e8s exclusif aux meilleurs casinos d'Espagne avec Spanish Break. Profitez d'une exp\u00e9rience de jeu unique et inoubliable.","breadcrumb":{"@id":"https:\/\/spanishbreak.com\/fr\/product\/casino-entry\/#breadcrumb"},"inLanguage":"fr-FR","potentialAction":[{"@type":"ReadAction","target":["https:\/\/spanishbreak.com\/fr\/product\/casino-entry\/"]}]},{"@type":"ImageObject","inLanguage":"fr-FR","@id":"https:\/\/spanishbreak.com\/fr\/product\/casino-entry\/#primaryimage","url":"https:\/\/spanishbreak.com\/wp-content\/uploads\/2022\/10\/game-bank-1003151-scaled.jpg","contentUrl":"https:\/\/spanishbreak.com\/wp-content\/uploads\/2022\/10\/game-bank-1003151-scaled.jpg","width":2560,"height":1707},{"@type":"BreadcrumbList","@id":"https:\/\/spanishbreak.com\/fr\/product\/casino-entry\/#breadcrumb","itemListElement":[{"@type":"ListItem","position":1,"name":"Home","item":"https:\/\/spanishbreak.com\/"},{"@type":"ListItem","position":2,"name":"Boutique","item":"https:\/\/spanishbreak.com\/boutique\/?lang=fr"},{"@type":"ListItem","position":3,"name":"Entr\u00e9e au casino + 1 boisson de bienvenue \u00e0 Barcelone"}]},{"@type":"WebSite","@id":"https:\/\/spanishbreak.com\/#website","url":"https:\/\/spanishbreak.com\/","name":"Spanish Break","description":"Otro sitio realizado con WordPress","publisher":{"@id":"https:\/\/spanishbreak.com\/#organization"},"potentialAction":[{"@type":"SearchAction","target":{"@type":"EntryPoint","urlTemplate":"https:\/\/spanishbreak.com\/?s={search_term_string}"},"query-input":{"@type":"PropertyValueSpecification","valueRequired":true,"valueName":"search_term_string"}}],"inLanguage":"fr-FR"},{"@type":"Organization","@id":"https:\/\/spanishbreak.com\/#organization","name":"Spanish Break","url":"https:\/\/spanishbreak.com\/","logo":{"@type":"ImageObject","inLanguage":"fr-FR","@id":"https:\/\/spanishbreak.com\/#\/schema\/logo\/image\/","url":"https:\/\/spanishbreak.com\/wp-content\/uploads\/2024\/03\/logo-spanish-break.png","contentUrl":"https:\/\/spanishbreak.com\/wp-content\/uploads\/2024\/03\/logo-spanish-break.png","width":323,"height":37,"caption":"Spanish Break"},"image":{"@id":"https:\/\/spanishbreak.com\/#\/schema\/logo\/image\/"},"sameAs":["https:\/\/www.facebook.com\/spanishbreak","https:\/\/www.instagram.com\/spanishbreakbcn\/"]}]}},"_links":{"self":[{"href":"https:\/\/spanishbreak.com\/fr\/wp-json\/wp\/v2\/product\/4278","targetHints":{"allow":["GET"]}}],"collection":[{"href":"https:\/\/spanishbreak.com\/fr\/wp-json\/wp\/v2\/product"}],"about":[{"href":"https:\/\/spanishbreak.com\/fr\/wp-json\/wp\/v2\/types\/product"}],"replies":[{"embeddable":true,"href":"https:\/\/spanishbreak.com\/fr\/wp-json\/wp\/v2\/comments?post=4278"}],"wp:featuredmedia":[{"embeddable":true,"href":"https:\/\/spanishbreak.com\/fr\/wp-json\/wp\/v2\/media\/2995"}],"wp:attachment":[{"href":"https:\/\/spanishbreak.com\/fr\/wp-json\/wp\/v2\/media?parent=4278"}],"wp:term":[{"taxonomy":"product_brand","embeddable":true,"href":"https:\/\/spanishbreak.com\/fr\/wp-json\/wp\/v2\/product_brand?post=4278"},{"taxonomy":"product_cat","embeddable":true,"href":"https:\/\/spanishbreak.com\/fr\/wp-json\/wp\/v2\/product_cat?post=4278"},{"taxonomy":"product_tag","embeddable":true,"href":"https:\/\/spanishbreak.com\/fr\/wp-json\/wp\/v2\/product_tag?post=4278"}],"curies":[{"name":"wp","href":"https:\/\/api.w.org\/{rel}","templated":true}]}}