{"id":4279,"date":"2022-10-06T11:19:13","date_gmt":"2022-10-06T09:19:13","guid":{"rendered":"https:\/\/spanishbreak.com\/producto\/beer-tasting\/"},"modified":"2025-12-17T15:48:16","modified_gmt":"2025-12-17T14:48:16","slug":"beer-tasting","status":"publish","type":"product","link":"https:\/\/spanishbreak.com\/fr\/product\/beer-tasting\/","title":{"rendered":"D\u00c9GUSTATION DE BI\u00c8RES \u00e0 Barcelone"},"content":{"rendered":"<p><strong>Appel \u00e0 tous les amateurs de bi\u00e8re ! <\/strong><\/p>\n<p>Si vous avez une passion pour la bi\u00e8re, voici l&rsquo;exp\u00e9rience ultime \u00e0 ne pas manquer. Rejoignez votre groupe pour une visite exclusive du premier bar \u00e0 bi\u00e8re de Barcelone, o\u00f9 un espace priv\u00e9 et un barman exp\u00e9riment\u00e9 vous attendent. Plongez dans le monde de la bi\u00e8re pendant que le barman expert vous d\u00e9voile les secrets de la cr\u00e9ation d&rsquo;un breuvage ph\u00e9nom\u00e9nal.<br \/>\nPr\u00e9parez-vous \u00e0 titiller vos papilles lors d&rsquo;une s\u00e9ance de d\u00e9gustation de quatre bi\u00e8res distinctes au go\u00fbt prononc\u00e9, ainsi que d&rsquo;un breuvage saisonnier sp\u00e9cial.<\/p>\n<p>Pour compl\u00e9ter votre voyage autour de la bi\u00e8re, laissez-vous tenter par un d\u00e9licieux\u00e9ventail de petites tapas typiques, assorties de mani\u00e8re experte pour rehausser les saveurs de vos boissons. Si vous \u00eates un v\u00e9ritable amateur de bi\u00e8re, cette activit\u00e9 est un must absolu pour un voyage inoubliable dans l&rsquo;art des bi\u00e8res exceptionnelles au c\u0153ur de Barcelone.<\/p>\n","protected":false},"excerpt":{"rendered":"<p>Appel \u00e0 tous les amateurs de bi\u00e8re ! Si vous avez une passion pour la bi\u00e8re, voici l&rsquo;exp\u00e9rience ultime \u00e0 ne pas manquer. Rejoignez votre groupe pour une visite exclusive du premier bar \u00e0 bi\u00e8re de Barcelone, o\u00f9 un espace priv\u00e9 et un barman exp\u00e9riment\u00e9 vous attendent. Plongez dans le monde de la bi\u00e8re pendant [&hellip;]<\/p>\n","protected":false},"featured_media":2990,"comment_status":"closed","ping_status":"closed","template":"","meta":{"site-sidebar-layout":"default","site-content-layout":"default","ast-site-content-layout":"default","site-content-style":"default","site-sidebar-style":"default","ast-global-header-display":"","ast-banner-title-visibility":"","ast-main-header-display":"","ast-hfb-above-header-display":"","ast-hfb-below-header-display":"","ast-hfb-mobile-header-display":"","site-post-title":"","ast-breadcrumbs-content":"","ast-featured-img":"","footer-sml-layout":"","theme-transparent-header-meta":"default","adv-header-id-meta":"","stick-header-meta":"","header-above-stick-meta":"","header-main-stick-meta":"","header-below-stick-meta":"","astra-migrate-meta-layouts":"set","ast-page-background-enabled":"default","ast-page-background-meta":{"desktop":{"background-color":"var(--ast-global-color-4)","background-image":"","background-repeat":"repeat","background-position":"center center","background-size":"auto","background-attachment":"scroll","background-type":"","background-media":"","overlay-type":"","overlay-color":"","overlay-opacity":"","overlay-gradient":""},"tablet":{"background-color":"","background-image":"","background-repeat":"repeat","background-position":"center center","background-size":"auto","background-attachment":"scroll","background-type":"","background-media":"","overlay-type":"","overlay-color":"","overlay-opacity":"","overlay-gradient":""},"mobile":{"background-color":"","background-image":"","background-repeat":"repeat","background-position":"center center","background-size":"auto","background-attachment":"scroll","background-type":"","background-media":"","overlay-type":"","overlay-color":"","overlay-opacity":"","overlay-gradient":""}},"ast-content-background-meta":{"desktop":{"background-color":"var(--ast-global-color-5)","background-image":"","background-repeat":"repeat","background-position":"center center","background-size":"auto","background-attachment":"scroll","background-type":"","background-media":"","overlay-type":"","overlay-color":"","overlay-opacity":"","overlay-gradient":""},"tablet":{"background-color":"var(--ast-global-color-5)","background-image":"","background-repeat":"repeat","background-position":"center center","background-size":"auto","background-attachment":"scroll","background-type":"","background-media":"","overlay-type":"","overlay-color":"","overlay-opacity":"","overlay-gradient":""},"mobile":{"background-color":"var(--ast-global-color-5)","background-image":"","background-repeat":"repeat","background-position":"center center","background-size":"auto","background-attachment":"scroll","background-type":"","background-media":"","overlay-type":"","overlay-color":"","overlay-opacity":"","overlay-gradient":""}},"repeater_packs":""},"product_brand":[],"product_cat":[66,73],"product_tag":[36,35],"class_list":{"0":"post-4279","1":"product","2":"type-product","3":"status-publish","4":"has-post-thumbnail","6":"product_cat-hen-fr-2","7":"product_cat-stag-fr","8":"product_tag-hen","9":"product_tag-stag","10":"desktop-align-left","11":"tablet-align-left","12":"mobile-align-left","14":"first","15":"instock","16":"shipping-taxable","17":"product-type-simple"},"yoast_head":"<!-- This site is optimized with the Yoast SEO plugin v26.8 - https:\/\/yoast.com\/product\/yoast-seo-wordpress\/ -->\n<title>D\u00c9GUSTATION DE BI\u00c8RES \u00e0 Barcelone : d\u00e9couvrez les saveurs locales<\/title>\n<meta name=\"description\" content=\"Appel \u00e0 tous les amateurs de bi\u00e8re ! Si vous avez une passion pour la bi\u00e8re, voici l&#039;exp\u00e9rience ultime \u00e0 ne pas manquer. Rejoignez votre groupe pour une D\u00e9couvrez une exp\u00e9rience de d\u00e9gustation de bi\u00e8re unique avec notre visite guid\u00e9e de brasseries artisanales \u00e0 Barcelone.\" \/>\n<meta name=\"robots\" content=\"index, follow, max-snippet:-1, max-image-preview:large, max-video-preview:-1\" \/>\n<link rel=\"canonical\" href=\"https:\/\/spanishbreak.com\/fr\/product\/beer-tasting\/\" \/>\n<meta property=\"og:locale\" content=\"fr_FR\" \/>\n<meta property=\"og:type\" content=\"article\" \/>\n<meta property=\"og:title\" content=\"D\u00c9GUSTATION DE BI\u00c8RES \u00e0 Barcelone : d\u00e9couvrez les saveurs locales\" \/>\n<meta property=\"og:description\" content=\"Appel \u00e0 tous les amateurs de bi\u00e8re ! Si vous avez une passion pour la bi\u00e8re, voici l&#039;exp\u00e9rience ultime \u00e0 ne pas manquer. Rejoignez votre groupe pour une D\u00e9couvrez une exp\u00e9rience de d\u00e9gustation de bi\u00e8re unique avec notre visite guid\u00e9e de brasseries artisanales \u00e0 Barcelone.\" \/>\n<meta property=\"og:url\" content=\"https:\/\/spanishbreak.com\/fr\/product\/beer-tasting\/\" \/>\n<meta property=\"og:site_name\" content=\"Spanishbreak\" \/>\n<meta property=\"article:publisher\" content=\"https:\/\/www.facebook.com\/spanishbreak\" \/>\n<meta property=\"article:modified_time\" content=\"2025-12-17T14:48:16+00:00\" \/>\n<meta property=\"og:image\" content=\"https:\/\/spanishbreak.com\/wp-content\/uploads\/2022\/10\/Depositphotos_12855361_original-scaled.jpg\" \/>\n\t<meta property=\"og:image:width\" content=\"2560\" \/>\n\t<meta property=\"og:image:height\" content=\"1704\" \/>\n\t<meta property=\"og:image:type\" content=\"image\/jpeg\" \/>\n<meta name=\"twitter:card\" content=\"summary_large_image\" \/>\n<meta name=\"twitter:label1\" content=\"Dur\u00e9e de lecture estim\u00e9e\" \/>\n\t<meta name=\"twitter:data1\" content=\"1 minute\" \/>\n<script type=\"application\/ld+json\" class=\"yoast-schema-graph\">{\"@context\":\"https:\/\/schema.org\",\"@graph\":[{\"@type\":[\"WebPage\",\"ItemPage\"],\"@id\":\"https:\/\/spanishbreak.com\/fr\/product\/beer-tasting\/\",\"url\":\"https:\/\/spanishbreak.com\/fr\/product\/beer-tasting\/\",\"name\":\"D\u00c9GUSTATION DE BI\u00c8RES \u00e0 Barcelone : d\u00e9couvrez les saveurs locales\",\"isPartOf\":{\"@id\":\"https:\/\/spanishbreak.com\/#website\"},\"primaryImageOfPage\":{\"@id\":\"https:\/\/spanishbreak.com\/fr\/product\/beer-tasting\/#primaryimage\"},\"image\":{\"@id\":\"https:\/\/spanishbreak.com\/fr\/product\/beer-tasting\/#primaryimage\"},\"thumbnailUrl\":\"https:\/\/spanishbreak.com\/wp-content\/uploads\/2022\/10\/Depositphotos_12855361_original-scaled.jpg\",\"datePublished\":\"2022-10-06T09:19:13+00:00\",\"dateModified\":\"2025-12-17T14:48:16+00:00\",\"description\":\"Appel \u00e0 tous les amateurs de bi\u00e8re ! Si vous avez une passion pour la bi\u00e8re, voici l'exp\u00e9rience ultime \u00e0 ne pas manquer. Rejoignez votre groupe pour une D\u00e9couvrez une exp\u00e9rience de d\u00e9gustation de bi\u00e8re unique avec notre visite guid\u00e9e de brasseries artisanales \u00e0 Barcelone.\",\"breadcrumb\":{\"@id\":\"https:\/\/spanishbreak.com\/fr\/product\/beer-tasting\/#breadcrumb\"},\"inLanguage\":\"fr-FR\",\"potentialAction\":[{\"@type\":\"ReadAction\",\"target\":[\"https:\/\/spanishbreak.com\/fr\/product\/beer-tasting\/\"]}]},{\"@type\":\"ImageObject\",\"inLanguage\":\"fr-FR\",\"@id\":\"https:\/\/spanishbreak.com\/fr\/product\/beer-tasting\/#primaryimage\",\"url\":\"https:\/\/spanishbreak.com\/wp-content\/uploads\/2022\/10\/Depositphotos_12855361_original-scaled.jpg\",\"contentUrl\":\"https:\/\/spanishbreak.com\/wp-content\/uploads\/2022\/10\/Depositphotos_12855361_original-scaled.jpg\",\"width\":2560,\"height\":1704,\"caption\":\"SONY DSC\"},{\"@type\":\"BreadcrumbList\",\"@id\":\"https:\/\/spanishbreak.com\/fr\/product\/beer-tasting\/#breadcrumb\",\"itemListElement\":[{\"@type\":\"ListItem\",\"position\":1,\"name\":\"Home\",\"item\":\"https:\/\/spanishbreak.com\/\"},{\"@type\":\"ListItem\",\"position\":2,\"name\":\"Boutique\",\"item\":\"https:\/\/spanishbreak.com\/boutique\/?lang=fr\"},{\"@type\":\"ListItem\",\"position\":3,\"name\":\"D\u00c9GUSTATION DE BI\u00c8RES \u00e0 Barcelone\"}]},{\"@type\":\"WebSite\",\"@id\":\"https:\/\/spanishbreak.com\/#website\",\"url\":\"https:\/\/spanishbreak.com\/\",\"name\":\"Spanish Break\",\"description\":\"Otro sitio realizado con WordPress\",\"publisher\":{\"@id\":\"https:\/\/spanishbreak.com\/#organization\"},\"potentialAction\":[{\"@type\":\"SearchAction\",\"target\":{\"@type\":\"EntryPoint\",\"urlTemplate\":\"https:\/\/spanishbreak.com\/?s={search_term_string}\"},\"query-input\":{\"@type\":\"PropertyValueSpecification\",\"valueRequired\":true,\"valueName\":\"search_term_string\"}}],\"inLanguage\":\"fr-FR\"},{\"@type\":\"Organization\",\"@id\":\"https:\/\/spanishbreak.com\/#organization\",\"name\":\"Spanish Break\",\"url\":\"https:\/\/spanishbreak.com\/\",\"logo\":{\"@type\":\"ImageObject\",\"inLanguage\":\"fr-FR\",\"@id\":\"https:\/\/spanishbreak.com\/#\/schema\/logo\/image\/\",\"url\":\"https:\/\/spanishbreak.com\/wp-content\/uploads\/2024\/03\/logo-spanish-break.png\",\"contentUrl\":\"https:\/\/spanishbreak.com\/wp-content\/uploads\/2024\/03\/logo-spanish-break.png\",\"width\":323,\"height\":37,\"caption\":\"Spanish Break\"},\"image\":{\"@id\":\"https:\/\/spanishbreak.com\/#\/schema\/logo\/image\/\"},\"sameAs\":[\"https:\/\/www.facebook.com\/spanishbreak\",\"https:\/\/www.instagram.com\/spanishbreakbcn\/\"]}]}<\/script>\n<!-- \/ Yoast SEO plugin. -->","yoast_head_json":{"title":"D\u00c9GUSTATION DE BI\u00c8RES \u00e0 Barcelone : d\u00e9couvrez les saveurs locales","description":"Appel \u00e0 tous les amateurs de bi\u00e8re ! Si vous avez une passion pour la bi\u00e8re, voici l'exp\u00e9rience ultime \u00e0 ne pas manquer. Rejoignez votre groupe pour une D\u00e9couvrez une exp\u00e9rience de d\u00e9gustation de bi\u00e8re unique avec notre visite guid\u00e9e de brasseries artisanales \u00e0 Barcelone.","robots":{"index":"index","follow":"follow","max-snippet":"max-snippet:-1","max-image-preview":"max-image-preview:large","max-video-preview":"max-video-preview:-1"},"canonical":"https:\/\/spanishbreak.com\/fr\/product\/beer-tasting\/","og_locale":"fr_FR","og_type":"article","og_title":"D\u00c9GUSTATION DE BI\u00c8RES \u00e0 Barcelone : d\u00e9couvrez les saveurs locales","og_description":"Appel \u00e0 tous les amateurs de bi\u00e8re ! Si vous avez une passion pour la bi\u00e8re, voici l'exp\u00e9rience ultime \u00e0 ne pas manquer. Rejoignez votre groupe pour une D\u00e9couvrez une exp\u00e9rience de d\u00e9gustation de bi\u00e8re unique avec notre visite guid\u00e9e de brasseries artisanales \u00e0 Barcelone.","og_url":"https:\/\/spanishbreak.com\/fr\/product\/beer-tasting\/","og_site_name":"Spanishbreak","article_publisher":"https:\/\/www.facebook.com\/spanishbreak","article_modified_time":"2025-12-17T14:48:16+00:00","og_image":[{"width":2560,"height":1704,"url":"https:\/\/spanishbreak.com\/wp-content\/uploads\/2022\/10\/Depositphotos_12855361_original-scaled.jpg","type":"image\/jpeg"}],"twitter_card":"summary_large_image","twitter_misc":{"Dur\u00e9e de lecture estim\u00e9e":"1 minute"},"schema":{"@context":"https:\/\/schema.org","@graph":[{"@type":["WebPage","ItemPage"],"@id":"https:\/\/spanishbreak.com\/fr\/product\/beer-tasting\/","url":"https:\/\/spanishbreak.com\/fr\/product\/beer-tasting\/","name":"D\u00c9GUSTATION DE BI\u00c8RES \u00e0 Barcelone : d\u00e9couvrez les saveurs locales","isPartOf":{"@id":"https:\/\/spanishbreak.com\/#website"},"primaryImageOfPage":{"@id":"https:\/\/spanishbreak.com\/fr\/product\/beer-tasting\/#primaryimage"},"image":{"@id":"https:\/\/spanishbreak.com\/fr\/product\/beer-tasting\/#primaryimage"},"thumbnailUrl":"https:\/\/spanishbreak.com\/wp-content\/uploads\/2022\/10\/Depositphotos_12855361_original-scaled.jpg","datePublished":"2022-10-06T09:19:13+00:00","dateModified":"2025-12-17T14:48:16+00:00","description":"Appel \u00e0 tous les amateurs de bi\u00e8re ! Si vous avez une passion pour la bi\u00e8re, voici l'exp\u00e9rience ultime \u00e0 ne pas manquer. Rejoignez votre groupe pour une D\u00e9couvrez une exp\u00e9rience de d\u00e9gustation de bi\u00e8re unique avec notre visite guid\u00e9e de brasseries artisanales \u00e0 Barcelone.","breadcrumb":{"@id":"https:\/\/spanishbreak.com\/fr\/product\/beer-tasting\/#breadcrumb"},"inLanguage":"fr-FR","potentialAction":[{"@type":"ReadAction","target":["https:\/\/spanishbreak.com\/fr\/product\/beer-tasting\/"]}]},{"@type":"ImageObject","inLanguage":"fr-FR","@id":"https:\/\/spanishbreak.com\/fr\/product\/beer-tasting\/#primaryimage","url":"https:\/\/spanishbreak.com\/wp-content\/uploads\/2022\/10\/Depositphotos_12855361_original-scaled.jpg","contentUrl":"https:\/\/spanishbreak.com\/wp-content\/uploads\/2022\/10\/Depositphotos_12855361_original-scaled.jpg","width":2560,"height":1704,"caption":"SONY DSC"},{"@type":"BreadcrumbList","@id":"https:\/\/spanishbreak.com\/fr\/product\/beer-tasting\/#breadcrumb","itemListElement":[{"@type":"ListItem","position":1,"name":"Home","item":"https:\/\/spanishbreak.com\/"},{"@type":"ListItem","position":2,"name":"Boutique","item":"https:\/\/spanishbreak.com\/boutique\/?lang=fr"},{"@type":"ListItem","position":3,"name":"D\u00c9GUSTATION DE BI\u00c8RES \u00e0 Barcelone"}]},{"@type":"WebSite","@id":"https:\/\/spanishbreak.com\/#website","url":"https:\/\/spanishbreak.com\/","name":"Spanish Break","description":"Otro sitio realizado con WordPress","publisher":{"@id":"https:\/\/spanishbreak.com\/#organization"},"potentialAction":[{"@type":"SearchAction","target":{"@type":"EntryPoint","urlTemplate":"https:\/\/spanishbreak.com\/?s={search_term_string}"},"query-input":{"@type":"PropertyValueSpecification","valueRequired":true,"valueName":"search_term_string"}}],"inLanguage":"fr-FR"},{"@type":"Organization","@id":"https:\/\/spanishbreak.com\/#organization","name":"Spanish Break","url":"https:\/\/spanishbreak.com\/","logo":{"@type":"ImageObject","inLanguage":"fr-FR","@id":"https:\/\/spanishbreak.com\/#\/schema\/logo\/image\/","url":"https:\/\/spanishbreak.com\/wp-content\/uploads\/2024\/03\/logo-spanish-break.png","contentUrl":"https:\/\/spanishbreak.com\/wp-content\/uploads\/2024\/03\/logo-spanish-break.png","width":323,"height":37,"caption":"Spanish Break"},"image":{"@id":"https:\/\/spanishbreak.com\/#\/schema\/logo\/image\/"},"sameAs":["https:\/\/www.facebook.com\/spanishbreak","https:\/\/www.instagram.com\/spanishbreakbcn\/"]}]}},"_links":{"self":[{"href":"https:\/\/spanishbreak.com\/fr\/wp-json\/wp\/v2\/product\/4279","targetHints":{"allow":["GET"]}}],"collection":[{"href":"https:\/\/spanishbreak.com\/fr\/wp-json\/wp\/v2\/product"}],"about":[{"href":"https:\/\/spanishbreak.com\/fr\/wp-json\/wp\/v2\/types\/product"}],"replies":[{"embeddable":true,"href":"https:\/\/spanishbreak.com\/fr\/wp-json\/wp\/v2\/comments?post=4279"}],"wp:featuredmedia":[{"embeddable":true,"href":"https:\/\/spanishbreak.com\/fr\/wp-json\/wp\/v2\/media\/2990"}],"wp:attachment":[{"href":"https:\/\/spanishbreak.com\/fr\/wp-json\/wp\/v2\/media?parent=4279"}],"wp:term":[{"taxonomy":"product_brand","embeddable":true,"href":"https:\/\/spanishbreak.com\/fr\/wp-json\/wp\/v2\/product_brand?post=4279"},{"taxonomy":"product_cat","embeddable":true,"href":"https:\/\/spanishbreak.com\/fr\/wp-json\/wp\/v2\/product_cat?post=4279"},{"taxonomy":"product_tag","embeddable":true,"href":"https:\/\/spanishbreak.com\/fr\/wp-json\/wp\/v2\/product_tag?post=4279"}],"curies":[{"name":"wp","href":"https:\/\/api.w.org\/{rel}","templated":true}]}}