{"id":4280,"date":"2022-10-06T11:00:40","date_gmt":"2022-10-06T09:00:40","guid":{"rendered":"https:\/\/spanishbreak.com\/producto\/cava-tasting\/"},"modified":"2025-12-17T15:48:43","modified_gmt":"2025-12-17T14:48:43","slug":"cava-tasting","status":"publish","type":"product","link":"https:\/\/spanishbreak.com\/fr\/product\/cava-tasting\/","title":{"rendered":"D\u00c9GUSTATION DE CAVA \u00c0 BARCELONE"},"content":{"rendered":"<p>La d\u00e9gustation de cava est un incontournable que vous ne pouvez pas manquer si vous voulez vivre une v\u00e9ritable exp\u00e9rience authentique barcelonaise.<\/p>\n<p>Vous serez accueillis dans un espace priv\u00e9 du bar \u00e0 cava et profiterez des pr\u00e9cieux conseils et connaissances de votre sommelier tr\u00e8s exp\u00e9riment\u00e9. Au cours de cette d\u00e9gustation qui dure 1h30, vous d\u00e9gusterez 4 d\u00e9licieux cava agr\u00e9ment\u00e9s d&rsquo;un savoureux plateau de fromages.<\/p>\n<p>Quelle belle fa\u00e7on de commencer la soir\u00e9e ! De plus, vous ram\u00e8nerez chez vous des souvenirs inoubliables pass\u00e9s avec vos amis et serez un expert dans le domaine !<\/p>\n<p>&nbsp;<\/p>\n","protected":false},"excerpt":{"rendered":"<p>La d\u00e9gustation de cava est un incontournable que vous ne pouvez pas manquer si vous voulez vivre une v\u00e9ritable exp\u00e9rience authentique barcelonaise. Vous serez accueillis dans un espace priv\u00e9 du bar \u00e0 cava et profiterez des pr\u00e9cieux conseils et connaissances de votre sommelier tr\u00e8s exp\u00e9riment\u00e9. Au cours de cette d\u00e9gustation qui dure 1h30, vous d\u00e9gusterez [&hellip;]<\/p>\n","protected":false},"featured_media":2980,"comment_status":"closed","ping_status":"closed","template":"","meta":{"site-sidebar-layout":"default","site-content-layout":"default","ast-site-content-layout":"default","site-content-style":"default","site-sidebar-style":"default","ast-global-header-display":"","ast-banner-title-visibility":"","ast-main-header-display":"","ast-hfb-above-header-display":"","ast-hfb-below-header-display":"","ast-hfb-mobile-header-display":"","site-post-title":"","ast-breadcrumbs-content":"","ast-featured-img":"","footer-sml-layout":"","theme-transparent-header-meta":"default","adv-header-id-meta":"","stick-header-meta":"","header-above-stick-meta":"","header-main-stick-meta":"","header-below-stick-meta":"","astra-migrate-meta-layouts":"set","ast-page-background-enabled":"default","ast-page-background-meta":{"desktop":{"background-color":"var(--ast-global-color-4)","background-image":"","background-repeat":"repeat","background-position":"center center","background-size":"auto","background-attachment":"scroll","background-type":"","background-media":"","overlay-type":"","overlay-color":"","overlay-opacity":"","overlay-gradient":""},"tablet":{"background-color":"","background-image":"","background-repeat":"repeat","background-position":"center center","background-size":"auto","background-attachment":"scroll","background-type":"","background-media":"","overlay-type":"","overlay-color":"","overlay-opacity":"","overlay-gradient":""},"mobile":{"background-color":"","background-image":"","background-repeat":"repeat","background-position":"center center","background-size":"auto","background-attachment":"scroll","background-type":"","background-media":"","overlay-type":"","overlay-color":"","overlay-opacity":"","overlay-gradient":""}},"ast-content-background-meta":{"desktop":{"background-color":"var(--ast-global-color-5)","background-image":"","background-repeat":"repeat","background-position":"center center","background-size":"auto","background-attachment":"scroll","background-type":"","background-media":"","overlay-type":"","overlay-color":"","overlay-opacity":"","overlay-gradient":""},"tablet":{"background-color":"var(--ast-global-color-5)","background-image":"","background-repeat":"repeat","background-position":"center center","background-size":"auto","background-attachment":"scroll","background-type":"","background-media":"","overlay-type":"","overlay-color":"","overlay-opacity":"","overlay-gradient":""},"mobile":{"background-color":"var(--ast-global-color-5)","background-image":"","background-repeat":"repeat","background-position":"center center","background-size":"auto","background-attachment":"scroll","background-type":"","background-media":"","overlay-type":"","overlay-color":"","overlay-opacity":"","overlay-gradient":""}},"repeater_packs":""},"product_brand":[],"product_cat":[66,73],"product_tag":[],"class_list":{"0":"post-4280","1":"product","2":"type-product","3":"status-publish","4":"has-post-thumbnail","6":"product_cat-hen-fr-2","7":"product_cat-stag-fr","8":"desktop-align-left","9":"tablet-align-left","10":"mobile-align-left","12":"first","13":"instock","14":"shipping-taxable","15":"product-type-simple"},"yoast_head":"<!-- This site is optimized with the Yoast SEO plugin v26.8 - https:\/\/yoast.com\/product\/yoast-seo-wordpress\/ -->\n<title>D\u00c9GUSTATION DE CAVA \u00c0 BARCELONE : une exp\u00e9rience inoubliable<\/title>\n<meta name=\"description\" content=\"La d\u00e9gustation de cava est un incontournable que vous ne pouvez pas manquer si vous voulez vivre une v\u00e9ritable exp\u00e9rience authentique barcelonaise. Vous D\u00e9couvrez une exp\u00e9rience de d\u00e9gustation de cava unique dans la r\u00e9gion viticole de Pened\u00e8s, en Catalogne. R\u00e9servez d\u00e8s maintenant!\" \/>\n<meta name=\"robots\" content=\"index, follow, max-snippet:-1, max-image-preview:large, max-video-preview:-1\" \/>\n<link rel=\"canonical\" href=\"https:\/\/spanishbreak.com\/fr\/product\/cava-tasting\/\" \/>\n<meta property=\"og:locale\" content=\"fr_FR\" \/>\n<meta property=\"og:type\" content=\"article\" \/>\n<meta property=\"og:title\" content=\"D\u00c9GUSTATION DE CAVA \u00c0 BARCELONE : une exp\u00e9rience inoubliable\" \/>\n<meta property=\"og:description\" content=\"La d\u00e9gustation de cava est un incontournable que vous ne pouvez pas manquer si vous voulez vivre une v\u00e9ritable exp\u00e9rience authentique barcelonaise. Vous D\u00e9couvrez une exp\u00e9rience de d\u00e9gustation de cava unique dans la r\u00e9gion viticole de Pened\u00e8s, en Catalogne. R\u00e9servez d\u00e8s maintenant!\" \/>\n<meta property=\"og:url\" content=\"https:\/\/spanishbreak.com\/fr\/product\/cava-tasting\/\" \/>\n<meta property=\"og:site_name\" content=\"Spanishbreak\" \/>\n<meta property=\"article:publisher\" content=\"https:\/\/www.facebook.com\/spanishbreak\" \/>\n<meta property=\"article:modified_time\" content=\"2025-12-17T14:48:43+00:00\" \/>\n<meta property=\"og:image\" content=\"https:\/\/spanishbreak.com\/wp-content\/uploads\/2022\/10\/Depositphotos_20392537_XL-scaled-e1665054180728.jpg\" \/>\n\t<meta property=\"og:image:width\" content=\"2560\" \/>\n\t<meta property=\"og:image:height\" content=\"1824\" \/>\n\t<meta property=\"og:image:type\" content=\"image\/jpeg\" \/>\n<meta name=\"twitter:card\" content=\"summary_large_image\" \/>\n<meta name=\"twitter:label1\" content=\"Dur\u00e9e de lecture estim\u00e9e\" \/>\n\t<meta name=\"twitter:data1\" content=\"1 minute\" \/>\n<script type=\"application\/ld+json\" class=\"yoast-schema-graph\">{\"@context\":\"https:\/\/schema.org\",\"@graph\":[{\"@type\":[\"WebPage\",\"ItemPage\"],\"@id\":\"https:\/\/spanishbreak.com\/fr\/product\/cava-tasting\/\",\"url\":\"https:\/\/spanishbreak.com\/fr\/product\/cava-tasting\/\",\"name\":\"D\u00c9GUSTATION DE CAVA \u00c0 BARCELONE : une exp\u00e9rience inoubliable\",\"isPartOf\":{\"@id\":\"https:\/\/spanishbreak.com\/#website\"},\"primaryImageOfPage\":{\"@id\":\"https:\/\/spanishbreak.com\/fr\/product\/cava-tasting\/#primaryimage\"},\"image\":{\"@id\":\"https:\/\/spanishbreak.com\/fr\/product\/cava-tasting\/#primaryimage\"},\"thumbnailUrl\":\"https:\/\/spanishbreak.com\/wp-content\/uploads\/2022\/10\/Depositphotos_20392537_XL-scaled-e1665054180728.jpg\",\"datePublished\":\"2022-10-06T09:00:40+00:00\",\"dateModified\":\"2025-12-17T14:48:43+00:00\",\"description\":\"La d\u00e9gustation de cava est un incontournable que vous ne pouvez pas manquer si vous voulez vivre une v\u00e9ritable exp\u00e9rience authentique barcelonaise. Vous D\u00e9couvrez une exp\u00e9rience de d\u00e9gustation de cava unique dans la r\u00e9gion viticole de Pened\u00e8s, en Catalogne. R\u00e9servez d\u00e8s maintenant!\",\"breadcrumb\":{\"@id\":\"https:\/\/spanishbreak.com\/fr\/product\/cava-tasting\/#breadcrumb\"},\"inLanguage\":\"fr-FR\",\"potentialAction\":[{\"@type\":\"ReadAction\",\"target\":[\"https:\/\/spanishbreak.com\/fr\/product\/cava-tasting\/\"]}]},{\"@type\":\"ImageObject\",\"inLanguage\":\"fr-FR\",\"@id\":\"https:\/\/spanishbreak.com\/fr\/product\/cava-tasting\/#primaryimage\",\"url\":\"https:\/\/spanishbreak.com\/wp-content\/uploads\/2022\/10\/Depositphotos_20392537_XL-scaled-e1665054180728.jpg\",\"contentUrl\":\"https:\/\/spanishbreak.com\/wp-content\/uploads\/2022\/10\/Depositphotos_20392537_XL-scaled-e1665054180728.jpg\",\"width\":2560,\"height\":1824,\"caption\":\"Celebration. People holding glasses of champagne making a toast\"},{\"@type\":\"BreadcrumbList\",\"@id\":\"https:\/\/spanishbreak.com\/fr\/product\/cava-tasting\/#breadcrumb\",\"itemListElement\":[{\"@type\":\"ListItem\",\"position\":1,\"name\":\"Home\",\"item\":\"https:\/\/spanishbreak.com\/\"},{\"@type\":\"ListItem\",\"position\":2,\"name\":\"Boutique\",\"item\":\"https:\/\/spanishbreak.com\/boutique\/?lang=fr\"},{\"@type\":\"ListItem\",\"position\":3,\"name\":\"D\u00c9GUSTATION DE CAVA \u00c0 BARCELONE\"}]},{\"@type\":\"WebSite\",\"@id\":\"https:\/\/spanishbreak.com\/#website\",\"url\":\"https:\/\/spanishbreak.com\/\",\"name\":\"Spanish Break\",\"description\":\"Otro sitio realizado con WordPress\",\"publisher\":{\"@id\":\"https:\/\/spanishbreak.com\/#organization\"},\"potentialAction\":[{\"@type\":\"SearchAction\",\"target\":{\"@type\":\"EntryPoint\",\"urlTemplate\":\"https:\/\/spanishbreak.com\/?s={search_term_string}\"},\"query-input\":{\"@type\":\"PropertyValueSpecification\",\"valueRequired\":true,\"valueName\":\"search_term_string\"}}],\"inLanguage\":\"fr-FR\"},{\"@type\":\"Organization\",\"@id\":\"https:\/\/spanishbreak.com\/#organization\",\"name\":\"Spanish Break\",\"url\":\"https:\/\/spanishbreak.com\/\",\"logo\":{\"@type\":\"ImageObject\",\"inLanguage\":\"fr-FR\",\"@id\":\"https:\/\/spanishbreak.com\/#\/schema\/logo\/image\/\",\"url\":\"https:\/\/spanishbreak.com\/wp-content\/uploads\/2024\/03\/logo-spanish-break.png\",\"contentUrl\":\"https:\/\/spanishbreak.com\/wp-content\/uploads\/2024\/03\/logo-spanish-break.png\",\"width\":323,\"height\":37,\"caption\":\"Spanish Break\"},\"image\":{\"@id\":\"https:\/\/spanishbreak.com\/#\/schema\/logo\/image\/\"},\"sameAs\":[\"https:\/\/www.facebook.com\/spanishbreak\",\"https:\/\/www.instagram.com\/spanishbreakbcn\/\"]}]}<\/script>\n<!-- \/ Yoast SEO plugin. -->","yoast_head_json":{"title":"D\u00c9GUSTATION DE CAVA \u00c0 BARCELONE : une exp\u00e9rience inoubliable","description":"La d\u00e9gustation de cava est un incontournable que vous ne pouvez pas manquer si vous voulez vivre une v\u00e9ritable exp\u00e9rience authentique barcelonaise. Vous D\u00e9couvrez une exp\u00e9rience de d\u00e9gustation de cava unique dans la r\u00e9gion viticole de Pened\u00e8s, en Catalogne. R\u00e9servez d\u00e8s maintenant!","robots":{"index":"index","follow":"follow","max-snippet":"max-snippet:-1","max-image-preview":"max-image-preview:large","max-video-preview":"max-video-preview:-1"},"canonical":"https:\/\/spanishbreak.com\/fr\/product\/cava-tasting\/","og_locale":"fr_FR","og_type":"article","og_title":"D\u00c9GUSTATION DE CAVA \u00c0 BARCELONE : une exp\u00e9rience inoubliable","og_description":"La d\u00e9gustation de cava est un incontournable que vous ne pouvez pas manquer si vous voulez vivre une v\u00e9ritable exp\u00e9rience authentique barcelonaise. Vous D\u00e9couvrez une exp\u00e9rience de d\u00e9gustation de cava unique dans la r\u00e9gion viticole de Pened\u00e8s, en Catalogne. R\u00e9servez d\u00e8s maintenant!","og_url":"https:\/\/spanishbreak.com\/fr\/product\/cava-tasting\/","og_site_name":"Spanishbreak","article_publisher":"https:\/\/www.facebook.com\/spanishbreak","article_modified_time":"2025-12-17T14:48:43+00:00","og_image":[{"width":2560,"height":1824,"url":"https:\/\/spanishbreak.com\/wp-content\/uploads\/2022\/10\/Depositphotos_20392537_XL-scaled-e1665054180728.jpg","type":"image\/jpeg"}],"twitter_card":"summary_large_image","twitter_misc":{"Dur\u00e9e de lecture estim\u00e9e":"1 minute"},"schema":{"@context":"https:\/\/schema.org","@graph":[{"@type":["WebPage","ItemPage"],"@id":"https:\/\/spanishbreak.com\/fr\/product\/cava-tasting\/","url":"https:\/\/spanishbreak.com\/fr\/product\/cava-tasting\/","name":"D\u00c9GUSTATION DE CAVA \u00c0 BARCELONE : une exp\u00e9rience inoubliable","isPartOf":{"@id":"https:\/\/spanishbreak.com\/#website"},"primaryImageOfPage":{"@id":"https:\/\/spanishbreak.com\/fr\/product\/cava-tasting\/#primaryimage"},"image":{"@id":"https:\/\/spanishbreak.com\/fr\/product\/cava-tasting\/#primaryimage"},"thumbnailUrl":"https:\/\/spanishbreak.com\/wp-content\/uploads\/2022\/10\/Depositphotos_20392537_XL-scaled-e1665054180728.jpg","datePublished":"2022-10-06T09:00:40+00:00","dateModified":"2025-12-17T14:48:43+00:00","description":"La d\u00e9gustation de cava est un incontournable que vous ne pouvez pas manquer si vous voulez vivre une v\u00e9ritable exp\u00e9rience authentique barcelonaise. Vous D\u00e9couvrez une exp\u00e9rience de d\u00e9gustation de cava unique dans la r\u00e9gion viticole de Pened\u00e8s, en Catalogne. R\u00e9servez d\u00e8s maintenant!","breadcrumb":{"@id":"https:\/\/spanishbreak.com\/fr\/product\/cava-tasting\/#breadcrumb"},"inLanguage":"fr-FR","potentialAction":[{"@type":"ReadAction","target":["https:\/\/spanishbreak.com\/fr\/product\/cava-tasting\/"]}]},{"@type":"ImageObject","inLanguage":"fr-FR","@id":"https:\/\/spanishbreak.com\/fr\/product\/cava-tasting\/#primaryimage","url":"https:\/\/spanishbreak.com\/wp-content\/uploads\/2022\/10\/Depositphotos_20392537_XL-scaled-e1665054180728.jpg","contentUrl":"https:\/\/spanishbreak.com\/wp-content\/uploads\/2022\/10\/Depositphotos_20392537_XL-scaled-e1665054180728.jpg","width":2560,"height":1824,"caption":"Celebration. People holding glasses of champagne making a toast"},{"@type":"BreadcrumbList","@id":"https:\/\/spanishbreak.com\/fr\/product\/cava-tasting\/#breadcrumb","itemListElement":[{"@type":"ListItem","position":1,"name":"Home","item":"https:\/\/spanishbreak.com\/"},{"@type":"ListItem","position":2,"name":"Boutique","item":"https:\/\/spanishbreak.com\/boutique\/?lang=fr"},{"@type":"ListItem","position":3,"name":"D\u00c9GUSTATION DE CAVA \u00c0 BARCELONE"}]},{"@type":"WebSite","@id":"https:\/\/spanishbreak.com\/#website","url":"https:\/\/spanishbreak.com\/","name":"Spanish Break","description":"Otro sitio realizado con WordPress","publisher":{"@id":"https:\/\/spanishbreak.com\/#organization"},"potentialAction":[{"@type":"SearchAction","target":{"@type":"EntryPoint","urlTemplate":"https:\/\/spanishbreak.com\/?s={search_term_string}"},"query-input":{"@type":"PropertyValueSpecification","valueRequired":true,"valueName":"search_term_string"}}],"inLanguage":"fr-FR"},{"@type":"Organization","@id":"https:\/\/spanishbreak.com\/#organization","name":"Spanish Break","url":"https:\/\/spanishbreak.com\/","logo":{"@type":"ImageObject","inLanguage":"fr-FR","@id":"https:\/\/spanishbreak.com\/#\/schema\/logo\/image\/","url":"https:\/\/spanishbreak.com\/wp-content\/uploads\/2024\/03\/logo-spanish-break.png","contentUrl":"https:\/\/spanishbreak.com\/wp-content\/uploads\/2024\/03\/logo-spanish-break.png","width":323,"height":37,"caption":"Spanish Break"},"image":{"@id":"https:\/\/spanishbreak.com\/#\/schema\/logo\/image\/"},"sameAs":["https:\/\/www.facebook.com\/spanishbreak","https:\/\/www.instagram.com\/spanishbreakbcn\/"]}]}},"_links":{"self":[{"href":"https:\/\/spanishbreak.com\/fr\/wp-json\/wp\/v2\/product\/4280","targetHints":{"allow":["GET"]}}],"collection":[{"href":"https:\/\/spanishbreak.com\/fr\/wp-json\/wp\/v2\/product"}],"about":[{"href":"https:\/\/spanishbreak.com\/fr\/wp-json\/wp\/v2\/types\/product"}],"replies":[{"embeddable":true,"href":"https:\/\/spanishbreak.com\/fr\/wp-json\/wp\/v2\/comments?post=4280"}],"wp:featuredmedia":[{"embeddable":true,"href":"https:\/\/spanishbreak.com\/fr\/wp-json\/wp\/v2\/media\/2980"}],"wp:attachment":[{"href":"https:\/\/spanishbreak.com\/fr\/wp-json\/wp\/v2\/media?parent=4280"}],"wp:term":[{"taxonomy":"product_brand","embeddable":true,"href":"https:\/\/spanishbreak.com\/fr\/wp-json\/wp\/v2\/product_brand?post=4280"},{"taxonomy":"product_cat","embeddable":true,"href":"https:\/\/spanishbreak.com\/fr\/wp-json\/wp\/v2\/product_cat?post=4280"},{"taxonomy":"product_tag","embeddable":true,"href":"https:\/\/spanishbreak.com\/fr\/wp-json\/wp\/v2\/product_tag?post=4280"}],"curies":[{"name":"wp","href":"https:\/\/api.w.org\/{rel}","templated":true}]}}