{"id":4287,"date":"2022-10-05T10:50:43","date_gmt":"2022-10-05T08:50:43","guid":{"rendered":"https:\/\/spanishbreak.com\/producto\/private-yacht-charter\/"},"modified":"2025-12-17T11:13:58","modified_gmt":"2025-12-17T10:13:58","slug":"private-yacht-charter","status":"publish","type":"product","link":"https:\/\/spanishbreak.com\/fr\/product\/private-yacht-charter\/","title":{"rendered":"CROISI\u00c8RE PRIV\u00c9E SUR UN YACHT \u00e0 Barcelone"},"content":{"rendered":"<p><strong>Explorez la <\/strong><strong>M\u00e9diterran\u00e9e avec style\u00a0!<\/strong><\/p>\n<p>Venez d\u00e9couvrir la magnifique c\u00f4te de Barcelone ! Si vous souhaitez passer un moment au calme comme une star pendant votre <strong>EVG\/EVJF \u00e0 Barcelone<\/strong>, la croisi\u00e8re\u00a0<strong>en yacht priv\u00e9 <\/strong>est faite pour vous\u00a0!<\/p>\n<p>Alors que vous naviguez le long de la c\u00f4te pendant\u00a02 heures, vous pourrez profiter pleinement de la mer et du soleil \u2013 plonger dans l&rsquo;eau\u00a0pour vous rafra\u00eechir et peaufiner votre bronzage\u00a0!<\/p>\n","protected":false},"excerpt":{"rendered":"<p>Explorez la M\u00e9diterran\u00e9e avec style\u00a0! Venez d\u00e9couvrir la magnifique c\u00f4te de Barcelone ! Si vous souhaitez passer un moment au calme comme une star pendant votre EVG\/EVJF \u00e0 Barcelone, la croisi\u00e8re\u00a0en yacht priv\u00e9 est faite pour vous\u00a0! Alors que vous naviguez le long de la c\u00f4te pendant\u00a02 heures, vous pourrez profiter pleinement de la mer [&hellip;]<\/p>\n","protected":false},"featured_media":2952,"comment_status":"closed","ping_status":"closed","template":"","meta":{"site-sidebar-layout":"default","site-content-layout":"default","ast-site-content-layout":"default","site-content-style":"default","site-sidebar-style":"default","ast-global-header-display":"","ast-banner-title-visibility":"","ast-main-header-display":"","ast-hfb-above-header-display":"","ast-hfb-below-header-display":"","ast-hfb-mobile-header-display":"","site-post-title":"","ast-breadcrumbs-content":"","ast-featured-img":"","footer-sml-layout":"","theme-transparent-header-meta":"default","adv-header-id-meta":"","stick-header-meta":"","header-above-stick-meta":"","header-main-stick-meta":"","header-below-stick-meta":"","astra-migrate-meta-layouts":"set","ast-page-background-enabled":"default","ast-page-background-meta":{"desktop":{"background-color":"var(--ast-global-color-4)","background-image":"","background-repeat":"repeat","background-position":"center center","background-size":"auto","background-attachment":"scroll","background-type":"","background-media":"","overlay-type":"","overlay-color":"","overlay-opacity":"","overlay-gradient":""},"tablet":{"background-color":"","background-image":"","background-repeat":"repeat","background-position":"center center","background-size":"auto","background-attachment":"scroll","background-type":"","background-media":"","overlay-type":"","overlay-color":"","overlay-opacity":"","overlay-gradient":""},"mobile":{"background-color":"","background-image":"","background-repeat":"repeat","background-position":"center center","background-size":"auto","background-attachment":"scroll","background-type":"","background-media":"","overlay-type":"","overlay-color":"","overlay-opacity":"","overlay-gradient":""}},"ast-content-background-meta":{"desktop":{"background-color":"var(--ast-global-color-5)","background-image":"","background-repeat":"repeat","background-position":"center center","background-size":"auto","background-attachment":"scroll","background-type":"","background-media":"","overlay-type":"","overlay-color":"","overlay-opacity":"","overlay-gradient":""},"tablet":{"background-color":"var(--ast-global-color-5)","background-image":"","background-repeat":"repeat","background-position":"center center","background-size":"auto","background-attachment":"scroll","background-type":"","background-media":"","overlay-type":"","overlay-color":"","overlay-opacity":"","overlay-gradient":""},"mobile":{"background-color":"var(--ast-global-color-5)","background-image":"","background-repeat":"repeat","background-position":"center center","background-size":"auto","background-attachment":"scroll","background-type":"","background-media":"","overlay-type":"","overlay-color":"","overlay-opacity":"","overlay-gradient":""}},"repeater_packs":""},"product_brand":[],"product_cat":[68,66,67,73,87],"product_tag":[36,35],"class_list":{"0":"post-4287","1":"product","2":"type-product","3":"status-publish","4":"has-post-thumbnail","6":"product_cat-day-time-activities","7":"product_cat-hen-fr-2","8":"product_cat-luxury-activities","9":"product_cat-stag-fr","10":"product_cat-water-sports-activities","11":"product_tag-hen","12":"product_tag-stag","13":"desktop-align-left","14":"tablet-align-left","15":"mobile-align-left","17":"first","18":"instock","19":"shipping-taxable","20":"product-type-simple"},"yoast_head":"<!-- This site is optimized with the Yoast SEO plugin v26.8 - https:\/\/yoast.com\/product\/yoast-seo-wordpress\/ -->\n<title>CROISI\u00c8RE PRIV\u00c9E SUR UN YACHT \u00e0 Barcelone<\/title>\n<meta name=\"description\" content=\"Explorez la M\u00e9diterran\u00e9e avec style\u00a0! Venez d\u00e9couvrir la magnifique c\u00f4te de Barcelone ! Si vous souhaitez passer un moment au calme comme une star pendant Louez un yacht priv\u00e9 pour une exp\u00e9rience de luxe inoubliable en mer. D\u00e9tendez-vous et profitez du soleil avec style.\" \/>\n<meta name=\"robots\" content=\"index, follow, max-snippet:-1, max-image-preview:large, max-video-preview:-1\" \/>\n<link rel=\"canonical\" href=\"https:\/\/spanishbreak.com\/fr\/product\/private-yacht-charter\/\" \/>\n<meta property=\"og:locale\" content=\"fr_FR\" \/>\n<meta property=\"og:type\" content=\"article\" \/>\n<meta property=\"og:title\" content=\"CROISI\u00c8RE PRIV\u00c9E SUR UN YACHT \u00e0 Barcelone\" \/>\n<meta property=\"og:description\" content=\"Explorez la M\u00e9diterran\u00e9e avec style\u00a0! Venez d\u00e9couvrir la magnifique c\u00f4te de Barcelone ! Si vous souhaitez passer un moment au calme comme une star pendant Louez un yacht priv\u00e9 pour une exp\u00e9rience de luxe inoubliable en mer. D\u00e9tendez-vous et profitez du soleil avec style.\" \/>\n<meta property=\"og:url\" content=\"https:\/\/spanishbreak.com\/fr\/product\/private-yacht-charter\/\" \/>\n<meta property=\"og:site_name\" content=\"Spanishbreak\" \/>\n<meta property=\"article:publisher\" content=\"https:\/\/www.facebook.com\/spanishbreak\" \/>\n<meta property=\"article:modified_time\" content=\"2025-12-17T10:13:58+00:00\" \/>\n<meta property=\"og:image\" content=\"https:\/\/spanishbreak.com\/wp-content\/uploads\/2022\/10\/Actividades_barco-scaled-e1664967239177.jpg\" \/>\n\t<meta property=\"og:image:width\" content=\"2560\" \/>\n\t<meta property=\"og:image:height\" content=\"1318\" \/>\n\t<meta property=\"og:image:type\" content=\"image\/jpeg\" \/>\n<meta name=\"twitter:card\" content=\"summary_large_image\" \/>\n<meta name=\"twitter:label1\" content=\"Dur\u00e9e de lecture estim\u00e9e\" \/>\n\t<meta name=\"twitter:data1\" content=\"1 minute\" \/>\n<script type=\"application\/ld+json\" class=\"yoast-schema-graph\">{\"@context\":\"https:\/\/schema.org\",\"@graph\":[{\"@type\":[\"WebPage\",\"ItemPage\"],\"@id\":\"https:\/\/spanishbreak.com\/fr\/product\/private-yacht-charter\/\",\"url\":\"https:\/\/spanishbreak.com\/fr\/product\/private-yacht-charter\/\",\"name\":\"CROISI\u00c8RE PRIV\u00c9E SUR UN YACHT \u00e0 Barcelone\",\"isPartOf\":{\"@id\":\"https:\/\/spanishbreak.com\/#website\"},\"primaryImageOfPage\":{\"@id\":\"https:\/\/spanishbreak.com\/fr\/product\/private-yacht-charter\/#primaryimage\"},\"image\":{\"@id\":\"https:\/\/spanishbreak.com\/fr\/product\/private-yacht-charter\/#primaryimage\"},\"thumbnailUrl\":\"https:\/\/spanishbreak.com\/wp-content\/uploads\/2022\/10\/Actividades_barco-scaled-e1664967239177.jpg\",\"datePublished\":\"2022-10-05T08:50:43+00:00\",\"dateModified\":\"2025-12-17T10:13:58+00:00\",\"description\":\"Explorez la M\u00e9diterran\u00e9e avec style\u00a0! Venez d\u00e9couvrir la magnifique c\u00f4te de Barcelone ! Si vous souhaitez passer un moment au calme comme une star pendant Louez un yacht priv\u00e9 pour une exp\u00e9rience de luxe inoubliable en mer. D\u00e9tendez-vous et profitez du soleil avec style.\",\"breadcrumb\":{\"@id\":\"https:\/\/spanishbreak.com\/fr\/product\/private-yacht-charter\/#breadcrumb\"},\"inLanguage\":\"fr-FR\",\"potentialAction\":[{\"@type\":\"ReadAction\",\"target\":[\"https:\/\/spanishbreak.com\/fr\/product\/private-yacht-charter\/\"]}]},{\"@type\":\"ImageObject\",\"inLanguage\":\"fr-FR\",\"@id\":\"https:\/\/spanishbreak.com\/fr\/product\/private-yacht-charter\/#primaryimage\",\"url\":\"https:\/\/spanishbreak.com\/wp-content\/uploads\/2022\/10\/Actividades_barco-scaled-e1664967239177.jpg\",\"contentUrl\":\"https:\/\/spanishbreak.com\/wp-content\/uploads\/2022\/10\/Actividades_barco-scaled-e1664967239177.jpg\",\"width\":2560,\"height\":1318,\"caption\":\"Group of people on speedboat at sea, aerial view\"},{\"@type\":\"BreadcrumbList\",\"@id\":\"https:\/\/spanishbreak.com\/fr\/product\/private-yacht-charter\/#breadcrumb\",\"itemListElement\":[{\"@type\":\"ListItem\",\"position\":1,\"name\":\"Home\",\"item\":\"https:\/\/spanishbreak.com\/\"},{\"@type\":\"ListItem\",\"position\":2,\"name\":\"Boutique\",\"item\":\"https:\/\/spanishbreak.com\/boutique\/?lang=fr\"},{\"@type\":\"ListItem\",\"position\":3,\"name\":\"CROISI\u00c8RE PRIV\u00c9E SUR UN YACHT \u00e0 Barcelone\"}]},{\"@type\":\"WebSite\",\"@id\":\"https:\/\/spanishbreak.com\/#website\",\"url\":\"https:\/\/spanishbreak.com\/\",\"name\":\"Spanish Break\",\"description\":\"Otro sitio realizado con WordPress\",\"publisher\":{\"@id\":\"https:\/\/spanishbreak.com\/#organization\"},\"potentialAction\":[{\"@type\":\"SearchAction\",\"target\":{\"@type\":\"EntryPoint\",\"urlTemplate\":\"https:\/\/spanishbreak.com\/?s={search_term_string}\"},\"query-input\":{\"@type\":\"PropertyValueSpecification\",\"valueRequired\":true,\"valueName\":\"search_term_string\"}}],\"inLanguage\":\"fr-FR\"},{\"@type\":\"Organization\",\"@id\":\"https:\/\/spanishbreak.com\/#organization\",\"name\":\"Spanish Break\",\"url\":\"https:\/\/spanishbreak.com\/\",\"logo\":{\"@type\":\"ImageObject\",\"inLanguage\":\"fr-FR\",\"@id\":\"https:\/\/spanishbreak.com\/#\/schema\/logo\/image\/\",\"url\":\"https:\/\/spanishbreak.com\/wp-content\/uploads\/2024\/03\/logo-spanish-break.png\",\"contentUrl\":\"https:\/\/spanishbreak.com\/wp-content\/uploads\/2024\/03\/logo-spanish-break.png\",\"width\":323,\"height\":37,\"caption\":\"Spanish Break\"},\"image\":{\"@id\":\"https:\/\/spanishbreak.com\/#\/schema\/logo\/image\/\"},\"sameAs\":[\"https:\/\/www.facebook.com\/spanishbreak\",\"https:\/\/www.instagram.com\/spanishbreakbcn\/\"]}]}<\/script>\n<!-- \/ Yoast SEO plugin. -->","yoast_head_json":{"title":"CROISI\u00c8RE PRIV\u00c9E SUR UN YACHT \u00e0 Barcelone","description":"Explorez la M\u00e9diterran\u00e9e avec style\u00a0! Venez d\u00e9couvrir la magnifique c\u00f4te de Barcelone ! Si vous souhaitez passer un moment au calme comme une star pendant Louez un yacht priv\u00e9 pour une exp\u00e9rience de luxe inoubliable en mer. D\u00e9tendez-vous et profitez du soleil avec style.","robots":{"index":"index","follow":"follow","max-snippet":"max-snippet:-1","max-image-preview":"max-image-preview:large","max-video-preview":"max-video-preview:-1"},"canonical":"https:\/\/spanishbreak.com\/fr\/product\/private-yacht-charter\/","og_locale":"fr_FR","og_type":"article","og_title":"CROISI\u00c8RE PRIV\u00c9E SUR UN YACHT \u00e0 Barcelone","og_description":"Explorez la M\u00e9diterran\u00e9e avec style\u00a0! Venez d\u00e9couvrir la magnifique c\u00f4te de Barcelone ! Si vous souhaitez passer un moment au calme comme une star pendant Louez un yacht priv\u00e9 pour une exp\u00e9rience de luxe inoubliable en mer. D\u00e9tendez-vous et profitez du soleil avec style.","og_url":"https:\/\/spanishbreak.com\/fr\/product\/private-yacht-charter\/","og_site_name":"Spanishbreak","article_publisher":"https:\/\/www.facebook.com\/spanishbreak","article_modified_time":"2025-12-17T10:13:58+00:00","og_image":[{"width":2560,"height":1318,"url":"https:\/\/spanishbreak.com\/wp-content\/uploads\/2022\/10\/Actividades_barco-scaled-e1664967239177.jpg","type":"image\/jpeg"}],"twitter_card":"summary_large_image","twitter_misc":{"Dur\u00e9e de lecture estim\u00e9e":"1 minute"},"schema":{"@context":"https:\/\/schema.org","@graph":[{"@type":["WebPage","ItemPage"],"@id":"https:\/\/spanishbreak.com\/fr\/product\/private-yacht-charter\/","url":"https:\/\/spanishbreak.com\/fr\/product\/private-yacht-charter\/","name":"CROISI\u00c8RE PRIV\u00c9E SUR UN YACHT \u00e0 Barcelone","isPartOf":{"@id":"https:\/\/spanishbreak.com\/#website"},"primaryImageOfPage":{"@id":"https:\/\/spanishbreak.com\/fr\/product\/private-yacht-charter\/#primaryimage"},"image":{"@id":"https:\/\/spanishbreak.com\/fr\/product\/private-yacht-charter\/#primaryimage"},"thumbnailUrl":"https:\/\/spanishbreak.com\/wp-content\/uploads\/2022\/10\/Actividades_barco-scaled-e1664967239177.jpg","datePublished":"2022-10-05T08:50:43+00:00","dateModified":"2025-12-17T10:13:58+00:00","description":"Explorez la M\u00e9diterran\u00e9e avec style\u00a0! Venez d\u00e9couvrir la magnifique c\u00f4te de Barcelone ! Si vous souhaitez passer un moment au calme comme une star pendant Louez un yacht priv\u00e9 pour une exp\u00e9rience de luxe inoubliable en mer. D\u00e9tendez-vous et profitez du soleil avec style.","breadcrumb":{"@id":"https:\/\/spanishbreak.com\/fr\/product\/private-yacht-charter\/#breadcrumb"},"inLanguage":"fr-FR","potentialAction":[{"@type":"ReadAction","target":["https:\/\/spanishbreak.com\/fr\/product\/private-yacht-charter\/"]}]},{"@type":"ImageObject","inLanguage":"fr-FR","@id":"https:\/\/spanishbreak.com\/fr\/product\/private-yacht-charter\/#primaryimage","url":"https:\/\/spanishbreak.com\/wp-content\/uploads\/2022\/10\/Actividades_barco-scaled-e1664967239177.jpg","contentUrl":"https:\/\/spanishbreak.com\/wp-content\/uploads\/2022\/10\/Actividades_barco-scaled-e1664967239177.jpg","width":2560,"height":1318,"caption":"Group of people on speedboat at sea, aerial view"},{"@type":"BreadcrumbList","@id":"https:\/\/spanishbreak.com\/fr\/product\/private-yacht-charter\/#breadcrumb","itemListElement":[{"@type":"ListItem","position":1,"name":"Home","item":"https:\/\/spanishbreak.com\/"},{"@type":"ListItem","position":2,"name":"Boutique","item":"https:\/\/spanishbreak.com\/boutique\/?lang=fr"},{"@type":"ListItem","position":3,"name":"CROISI\u00c8RE PRIV\u00c9E SUR UN YACHT \u00e0 Barcelone"}]},{"@type":"WebSite","@id":"https:\/\/spanishbreak.com\/#website","url":"https:\/\/spanishbreak.com\/","name":"Spanish Break","description":"Otro sitio realizado con WordPress","publisher":{"@id":"https:\/\/spanishbreak.com\/#organization"},"potentialAction":[{"@type":"SearchAction","target":{"@type":"EntryPoint","urlTemplate":"https:\/\/spanishbreak.com\/?s={search_term_string}"},"query-input":{"@type":"PropertyValueSpecification","valueRequired":true,"valueName":"search_term_string"}}],"inLanguage":"fr-FR"},{"@type":"Organization","@id":"https:\/\/spanishbreak.com\/#organization","name":"Spanish Break","url":"https:\/\/spanishbreak.com\/","logo":{"@type":"ImageObject","inLanguage":"fr-FR","@id":"https:\/\/spanishbreak.com\/#\/schema\/logo\/image\/","url":"https:\/\/spanishbreak.com\/wp-content\/uploads\/2024\/03\/logo-spanish-break.png","contentUrl":"https:\/\/spanishbreak.com\/wp-content\/uploads\/2024\/03\/logo-spanish-break.png","width":323,"height":37,"caption":"Spanish Break"},"image":{"@id":"https:\/\/spanishbreak.com\/#\/schema\/logo\/image\/"},"sameAs":["https:\/\/www.facebook.com\/spanishbreak","https:\/\/www.instagram.com\/spanishbreakbcn\/"]}]}},"_links":{"self":[{"href":"https:\/\/spanishbreak.com\/fr\/wp-json\/wp\/v2\/product\/4287","targetHints":{"allow":["GET"]}}],"collection":[{"href":"https:\/\/spanishbreak.com\/fr\/wp-json\/wp\/v2\/product"}],"about":[{"href":"https:\/\/spanishbreak.com\/fr\/wp-json\/wp\/v2\/types\/product"}],"replies":[{"embeddable":true,"href":"https:\/\/spanishbreak.com\/fr\/wp-json\/wp\/v2\/comments?post=4287"}],"wp:featuredmedia":[{"embeddable":true,"href":"https:\/\/spanishbreak.com\/fr\/wp-json\/wp\/v2\/media\/2952"}],"wp:attachment":[{"href":"https:\/\/spanishbreak.com\/fr\/wp-json\/wp\/v2\/media?parent=4287"}],"wp:term":[{"taxonomy":"product_brand","embeddable":true,"href":"https:\/\/spanishbreak.com\/fr\/wp-json\/wp\/v2\/product_brand?post=4287"},{"taxonomy":"product_cat","embeddable":true,"href":"https:\/\/spanishbreak.com\/fr\/wp-json\/wp\/v2\/product_cat?post=4287"},{"taxonomy":"product_tag","embeddable":true,"href":"https:\/\/spanishbreak.com\/fr\/wp-json\/wp\/v2\/product_tag?post=4287"}],"curies":[{"name":"wp","href":"https:\/\/api.w.org\/{rel}","templated":true}]}}