{"id":4315,"date":"2022-10-03T13:28:57","date_gmt":"2022-10-03T11:28:57","guid":{"rendered":"https:\/\/spanishbreak.com\/producto\/banana-boat-bcn\/"},"modified":"2025-12-17T15:50:15","modified_gmt":"2025-12-17T14:50:15","slug":"banana-boat-bcn","status":"publish","type":"product","link":"https:\/\/spanishbreak.com\/fr\/product\/banana-boat-bcn\/","title":{"rendered":"BANANA BOAT BCN"},"content":{"rendered":"<p>Vous allez donc faire un EVG \u00e0 Barcelone\u2026 Il est certain qu&rsquo;il arrivera \u00e0 un moment o\u00f9 vous aurez besoin d\u2019une \u00c9NORME et rapide cure contre la gueule de bois. C\u2019est l\u2019occasion parfaite\u00a0!<\/p>\n<p>Avec cette activit\u00e9, vous pourrez sauter dans la M\u00e9diterran\u00e9e et profiter d\u2019un grand moment de rigolade ! Vous pourrez profiter d\u2019une rafra\u00eechissante et hilarante promenade en bateau. C\u2019est une fa\u00e7on parfaite pour sentir les vents frais de la mer contre votre visage et de vous amuser avec votre groupe\u00a0!<\/p>\n<p>&nbsp;<\/p>\n<p>&nbsp;<\/p>\n","protected":false},"excerpt":{"rendered":"<p>Vous allez donc faire un EVG \u00e0 Barcelone\u2026 Il est certain qu&rsquo;il arrivera \u00e0 un moment o\u00f9 vous aurez besoin d\u2019une \u00c9NORME et rapide cure contre la gueule de bois. C\u2019est l\u2019occasion parfaite\u00a0! Avec cette activit\u00e9, vous pourrez sauter dans la M\u00e9diterran\u00e9e et profiter d\u2019un grand moment de rigolade ! Vous pourrez profiter d\u2019une rafra\u00eechissante [&hellip;]<\/p>\n","protected":false},"featured_media":2928,"comment_status":"closed","ping_status":"closed","template":"","meta":{"site-sidebar-layout":"default","site-content-layout":"default","ast-site-content-layout":"default","site-content-style":"default","site-sidebar-style":"default","ast-global-header-display":"","ast-banner-title-visibility":"","ast-main-header-display":"","ast-hfb-above-header-display":"","ast-hfb-below-header-display":"","ast-hfb-mobile-header-display":"","site-post-title":"","ast-breadcrumbs-content":"","ast-featured-img":"","footer-sml-layout":"","theme-transparent-header-meta":"default","adv-header-id-meta":"","stick-header-meta":"","header-above-stick-meta":"","header-main-stick-meta":"","header-below-stick-meta":"","astra-migrate-meta-layouts":"set","ast-page-background-enabled":"default","ast-page-background-meta":{"desktop":{"background-color":"var(--ast-global-color-4)","background-image":"","background-repeat":"repeat","background-position":"center center","background-size":"auto","background-attachment":"scroll","background-type":"","background-media":"","overlay-type":"","overlay-color":"","overlay-opacity":"","overlay-gradient":""},"tablet":{"background-color":"","background-image":"","background-repeat":"repeat","background-position":"center center","background-size":"auto","background-attachment":"scroll","background-type":"","background-media":"","overlay-type":"","overlay-color":"","overlay-opacity":"","overlay-gradient":""},"mobile":{"background-color":"","background-image":"","background-repeat":"repeat","background-position":"center center","background-size":"auto","background-attachment":"scroll","background-type":"","background-media":"","overlay-type":"","overlay-color":"","overlay-opacity":"","overlay-gradient":""}},"ast-content-background-meta":{"desktop":{"background-color":"var(--ast-global-color-5)","background-image":"","background-repeat":"repeat","background-position":"center center","background-size":"auto","background-attachment":"scroll","background-type":"","background-media":"","overlay-type":"","overlay-color":"","overlay-opacity":"","overlay-gradient":""},"tablet":{"background-color":"var(--ast-global-color-5)","background-image":"","background-repeat":"repeat","background-position":"center center","background-size":"auto","background-attachment":"scroll","background-type":"","background-media":"","overlay-type":"","overlay-color":"","overlay-opacity":"","overlay-gradient":""},"mobile":{"background-color":"var(--ast-global-color-5)","background-image":"","background-repeat":"repeat","background-position":"center center","background-size":"auto","background-attachment":"scroll","background-type":"","background-media":"","overlay-type":"","overlay-color":"","overlay-opacity":"","overlay-gradient":""}},"repeater_packs":""},"product_brand":[],"product_cat":[68,66,73,87],"product_tag":[36,35],"class_list":{"0":"post-4315","1":"product","2":"type-product","3":"status-publish","4":"has-post-thumbnail","6":"product_cat-day-time-activities","7":"product_cat-hen-fr-2","8":"product_cat-stag-fr","9":"product_cat-water-sports-activities","10":"product_tag-hen","11":"product_tag-stag","12":"desktop-align-left","13":"tablet-align-left","14":"mobile-align-left","16":"first","17":"instock","18":"shipping-taxable","19":"product-type-simple"},"yoast_head":"<!-- This site is optimized with the Yoast SEO plugin v26.8 - https:\/\/yoast.com\/product\/yoast-seo-wordpress\/ -->\n<title>Banana Boat \u00e0 Barcelone: R\u00e9servez un bateau banane \u00e0 BCN<\/title>\n<meta name=\"description\" content=\"Vous allez donc faire un EVG \u00e0 Barcelone\u2026 Il est certain qu&#039;il arrivera \u00e0 un moment o\u00f9 vous aurez besoin d\u2019une \u00c9NORME et rapide cure contre la gueule de D\u00e9couvrez les sensations ultimes avec le Banana Boat BDN, un bateau gonflable de haute qualit\u00e9 parfait pour les sports nautiques et les plaisirs du soleil. \ud83c\udf4c\ud83d\udea4 #watersports #funinthesun\" \/>\n<meta name=\"robots\" content=\"index, follow, max-snippet:-1, max-image-preview:large, max-video-preview:-1\" \/>\n<link rel=\"canonical\" href=\"https:\/\/spanishbreak.com\/fr\/product\/banana-boat-bcn\/\" \/>\n<meta property=\"og:locale\" content=\"fr_FR\" \/>\n<meta property=\"og:type\" content=\"article\" \/>\n<meta property=\"og:title\" content=\"Banana Boat \u00e0 Barcelone: R\u00e9servez un bateau banane \u00e0 BCN\" \/>\n<meta property=\"og:description\" content=\"Vous allez donc faire un EVG \u00e0 Barcelone\u2026 Il est certain qu&#039;il arrivera \u00e0 un moment o\u00f9 vous aurez besoin d\u2019une \u00c9NORME et rapide cure contre la gueule de D\u00e9couvrez les sensations ultimes avec le Banana Boat BDN, un bateau gonflable de haute qualit\u00e9 parfait pour les sports nautiques et les plaisirs du soleil. \ud83c\udf4c\ud83d\udea4 #watersports #funinthesun\" \/>\n<meta property=\"og:url\" content=\"https:\/\/spanishbreak.com\/fr\/product\/banana-boat-bcn\/\" \/>\n<meta property=\"og:site_name\" content=\"Spanishbreak\" \/>\n<meta property=\"article:publisher\" content=\"https:\/\/www.facebook.com\/spanishbreak\" \/>\n<meta property=\"article:modified_time\" content=\"2025-12-17T14:50:15+00:00\" \/>\n<meta property=\"og:image\" content=\"https:\/\/spanishbreak.com\/wp-content\/uploads\/2022\/10\/Depositphotos_17648263_l-2015-e1664804914132-1024x497.jpg\" \/>\n\t<meta property=\"og:image:width\" content=\"1024\" \/>\n\t<meta property=\"og:image:height\" content=\"497\" \/>\n\t<meta property=\"og:image:type\" content=\"image\/jpeg\" \/>\n<meta name=\"twitter:card\" content=\"summary_large_image\" \/>\n<meta name=\"twitter:label1\" content=\"Dur\u00e9e de lecture estim\u00e9e\" \/>\n\t<meta name=\"twitter:data1\" content=\"1 minute\" \/>\n<script type=\"application\/ld+json\" class=\"yoast-schema-graph\">{\"@context\":\"https:\/\/schema.org\",\"@graph\":[{\"@type\":[\"WebPage\",\"ItemPage\"],\"@id\":\"https:\/\/spanishbreak.com\/fr\/product\/banana-boat-bcn\/\",\"url\":\"https:\/\/spanishbreak.com\/fr\/product\/banana-boat-bcn\/\",\"name\":\"Banana Boat \u00e0 Barcelone: R\u00e9servez un bateau banane \u00e0 BCN\",\"isPartOf\":{\"@id\":\"https:\/\/spanishbreak.com\/#website\"},\"primaryImageOfPage\":{\"@id\":\"https:\/\/spanishbreak.com\/fr\/product\/banana-boat-bcn\/#primaryimage\"},\"image\":{\"@id\":\"https:\/\/spanishbreak.com\/fr\/product\/banana-boat-bcn\/#primaryimage\"},\"thumbnailUrl\":\"https:\/\/spanishbreak.com\/wp-content\/uploads\/2022\/10\/Depositphotos_17648263_l-2015-e1664804914132.jpg\",\"datePublished\":\"2022-10-03T11:28:57+00:00\",\"dateModified\":\"2025-12-17T14:50:15+00:00\",\"description\":\"Vous allez donc faire un EVG \u00e0 Barcelone\u2026 Il est certain qu'il arrivera \u00e0 un moment o\u00f9 vous aurez besoin d\u2019une \u00c9NORME et rapide cure contre la gueule de D\u00e9couvrez les sensations ultimes avec le Banana Boat BDN, un bateau gonflable de haute qualit\u00e9 parfait pour les sports nautiques et les plaisirs du soleil. \ud83c\udf4c\ud83d\udea4 #watersports #funinthesun\",\"breadcrumb\":{\"@id\":\"https:\/\/spanishbreak.com\/fr\/product\/banana-boat-bcn\/#breadcrumb\"},\"inLanguage\":\"fr-FR\",\"potentialAction\":[{\"@type\":\"ReadAction\",\"target\":[\"https:\/\/spanishbreak.com\/fr\/product\/banana-boat-bcn\/\"]}]},{\"@type\":\"ImageObject\",\"inLanguage\":\"fr-FR\",\"@id\":\"https:\/\/spanishbreak.com\/fr\/product\/banana-boat-bcn\/#primaryimage\",\"url\":\"https:\/\/spanishbreak.com\/wp-content\/uploads\/2022\/10\/Depositphotos_17648263_l-2015-e1664804914132.jpg\",\"contentUrl\":\"https:\/\/spanishbreak.com\/wp-content\/uploads\/2022\/10\/Depositphotos_17648263_l-2015-e1664804914132.jpg\",\"width\":1515,\"height\":735,\"caption\":\"Banana boat in sea. Group of people riding banana boat\"},{\"@type\":\"BreadcrumbList\",\"@id\":\"https:\/\/spanishbreak.com\/fr\/product\/banana-boat-bcn\/#breadcrumb\",\"itemListElement\":[{\"@type\":\"ListItem\",\"position\":1,\"name\":\"Home\",\"item\":\"https:\/\/spanishbreak.com\/\"},{\"@type\":\"ListItem\",\"position\":2,\"name\":\"Boutique\",\"item\":\"https:\/\/spanishbreak.com\/boutique\/?lang=fr\"},{\"@type\":\"ListItem\",\"position\":3,\"name\":\"BANANA BOAT BCN\"}]},{\"@type\":\"WebSite\",\"@id\":\"https:\/\/spanishbreak.com\/#website\",\"url\":\"https:\/\/spanishbreak.com\/\",\"name\":\"Spanish Break\",\"description\":\"Otro sitio realizado con WordPress\",\"publisher\":{\"@id\":\"https:\/\/spanishbreak.com\/#organization\"},\"potentialAction\":[{\"@type\":\"SearchAction\",\"target\":{\"@type\":\"EntryPoint\",\"urlTemplate\":\"https:\/\/spanishbreak.com\/?s={search_term_string}\"},\"query-input\":{\"@type\":\"PropertyValueSpecification\",\"valueRequired\":true,\"valueName\":\"search_term_string\"}}],\"inLanguage\":\"fr-FR\"},{\"@type\":\"Organization\",\"@id\":\"https:\/\/spanishbreak.com\/#organization\",\"name\":\"Spanish Break\",\"url\":\"https:\/\/spanishbreak.com\/\",\"logo\":{\"@type\":\"ImageObject\",\"inLanguage\":\"fr-FR\",\"@id\":\"https:\/\/spanishbreak.com\/#\/schema\/logo\/image\/\",\"url\":\"https:\/\/spanishbreak.com\/wp-content\/uploads\/2024\/03\/logo-spanish-break.png\",\"contentUrl\":\"https:\/\/spanishbreak.com\/wp-content\/uploads\/2024\/03\/logo-spanish-break.png\",\"width\":323,\"height\":37,\"caption\":\"Spanish Break\"},\"image\":{\"@id\":\"https:\/\/spanishbreak.com\/#\/schema\/logo\/image\/\"},\"sameAs\":[\"https:\/\/www.facebook.com\/spanishbreak\",\"https:\/\/www.instagram.com\/spanishbreakbcn\/\"]}]}<\/script>\n<!-- \/ Yoast SEO plugin. -->","yoast_head_json":{"title":"Banana Boat \u00e0 Barcelone: R\u00e9servez un bateau banane \u00e0 BCN","description":"Vous allez donc faire un EVG \u00e0 Barcelone\u2026 Il est certain qu'il arrivera \u00e0 un moment o\u00f9 vous aurez besoin d\u2019une \u00c9NORME et rapide cure contre la gueule de D\u00e9couvrez les sensations ultimes avec le Banana Boat BDN, un bateau gonflable de haute qualit\u00e9 parfait pour les sports nautiques et les plaisirs du soleil. \ud83c\udf4c\ud83d\udea4 #watersports #funinthesun","robots":{"index":"index","follow":"follow","max-snippet":"max-snippet:-1","max-image-preview":"max-image-preview:large","max-video-preview":"max-video-preview:-1"},"canonical":"https:\/\/spanishbreak.com\/fr\/product\/banana-boat-bcn\/","og_locale":"fr_FR","og_type":"article","og_title":"Banana Boat \u00e0 Barcelone: R\u00e9servez un bateau banane \u00e0 BCN","og_description":"Vous allez donc faire un EVG \u00e0 Barcelone\u2026 Il est certain qu'il arrivera \u00e0 un moment o\u00f9 vous aurez besoin d\u2019une \u00c9NORME et rapide cure contre la gueule de D\u00e9couvrez les sensations ultimes avec le Banana Boat BDN, un bateau gonflable de haute qualit\u00e9 parfait pour les sports nautiques et les plaisirs du soleil. \ud83c\udf4c\ud83d\udea4 #watersports #funinthesun","og_url":"https:\/\/spanishbreak.com\/fr\/product\/banana-boat-bcn\/","og_site_name":"Spanishbreak","article_publisher":"https:\/\/www.facebook.com\/spanishbreak","article_modified_time":"2025-12-17T14:50:15+00:00","og_image":[{"width":1024,"height":497,"url":"https:\/\/spanishbreak.com\/wp-content\/uploads\/2022\/10\/Depositphotos_17648263_l-2015-e1664804914132-1024x497.jpg","type":"image\/jpeg"}],"twitter_card":"summary_large_image","twitter_misc":{"Dur\u00e9e de lecture estim\u00e9e":"1 minute"},"schema":{"@context":"https:\/\/schema.org","@graph":[{"@type":["WebPage","ItemPage"],"@id":"https:\/\/spanishbreak.com\/fr\/product\/banana-boat-bcn\/","url":"https:\/\/spanishbreak.com\/fr\/product\/banana-boat-bcn\/","name":"Banana Boat \u00e0 Barcelone: R\u00e9servez un bateau banane \u00e0 BCN","isPartOf":{"@id":"https:\/\/spanishbreak.com\/#website"},"primaryImageOfPage":{"@id":"https:\/\/spanishbreak.com\/fr\/product\/banana-boat-bcn\/#primaryimage"},"image":{"@id":"https:\/\/spanishbreak.com\/fr\/product\/banana-boat-bcn\/#primaryimage"},"thumbnailUrl":"https:\/\/spanishbreak.com\/wp-content\/uploads\/2022\/10\/Depositphotos_17648263_l-2015-e1664804914132.jpg","datePublished":"2022-10-03T11:28:57+00:00","dateModified":"2025-12-17T14:50:15+00:00","description":"Vous allez donc faire un EVG \u00e0 Barcelone\u2026 Il est certain qu'il arrivera \u00e0 un moment o\u00f9 vous aurez besoin d\u2019une \u00c9NORME et rapide cure contre la gueule de D\u00e9couvrez les sensations ultimes avec le Banana Boat BDN, un bateau gonflable de haute qualit\u00e9 parfait pour les sports nautiques et les plaisirs du soleil. \ud83c\udf4c\ud83d\udea4 #watersports #funinthesun","breadcrumb":{"@id":"https:\/\/spanishbreak.com\/fr\/product\/banana-boat-bcn\/#breadcrumb"},"inLanguage":"fr-FR","potentialAction":[{"@type":"ReadAction","target":["https:\/\/spanishbreak.com\/fr\/product\/banana-boat-bcn\/"]}]},{"@type":"ImageObject","inLanguage":"fr-FR","@id":"https:\/\/spanishbreak.com\/fr\/product\/banana-boat-bcn\/#primaryimage","url":"https:\/\/spanishbreak.com\/wp-content\/uploads\/2022\/10\/Depositphotos_17648263_l-2015-e1664804914132.jpg","contentUrl":"https:\/\/spanishbreak.com\/wp-content\/uploads\/2022\/10\/Depositphotos_17648263_l-2015-e1664804914132.jpg","width":1515,"height":735,"caption":"Banana boat in sea. Group of people riding banana boat"},{"@type":"BreadcrumbList","@id":"https:\/\/spanishbreak.com\/fr\/product\/banana-boat-bcn\/#breadcrumb","itemListElement":[{"@type":"ListItem","position":1,"name":"Home","item":"https:\/\/spanishbreak.com\/"},{"@type":"ListItem","position":2,"name":"Boutique","item":"https:\/\/spanishbreak.com\/boutique\/?lang=fr"},{"@type":"ListItem","position":3,"name":"BANANA BOAT BCN"}]},{"@type":"WebSite","@id":"https:\/\/spanishbreak.com\/#website","url":"https:\/\/spanishbreak.com\/","name":"Spanish Break","description":"Otro sitio realizado con WordPress","publisher":{"@id":"https:\/\/spanishbreak.com\/#organization"},"potentialAction":[{"@type":"SearchAction","target":{"@type":"EntryPoint","urlTemplate":"https:\/\/spanishbreak.com\/?s={search_term_string}"},"query-input":{"@type":"PropertyValueSpecification","valueRequired":true,"valueName":"search_term_string"}}],"inLanguage":"fr-FR"},{"@type":"Organization","@id":"https:\/\/spanishbreak.com\/#organization","name":"Spanish Break","url":"https:\/\/spanishbreak.com\/","logo":{"@type":"ImageObject","inLanguage":"fr-FR","@id":"https:\/\/spanishbreak.com\/#\/schema\/logo\/image\/","url":"https:\/\/spanishbreak.com\/wp-content\/uploads\/2024\/03\/logo-spanish-break.png","contentUrl":"https:\/\/spanishbreak.com\/wp-content\/uploads\/2024\/03\/logo-spanish-break.png","width":323,"height":37,"caption":"Spanish Break"},"image":{"@id":"https:\/\/spanishbreak.com\/#\/schema\/logo\/image\/"},"sameAs":["https:\/\/www.facebook.com\/spanishbreak","https:\/\/www.instagram.com\/spanishbreakbcn\/"]}]}},"_links":{"self":[{"href":"https:\/\/spanishbreak.com\/fr\/wp-json\/wp\/v2\/product\/4315","targetHints":{"allow":["GET"]}}],"collection":[{"href":"https:\/\/spanishbreak.com\/fr\/wp-json\/wp\/v2\/product"}],"about":[{"href":"https:\/\/spanishbreak.com\/fr\/wp-json\/wp\/v2\/types\/product"}],"replies":[{"embeddable":true,"href":"https:\/\/spanishbreak.com\/fr\/wp-json\/wp\/v2\/comments?post=4315"}],"wp:featuredmedia":[{"embeddable":true,"href":"https:\/\/spanishbreak.com\/fr\/wp-json\/wp\/v2\/media\/2928"}],"wp:attachment":[{"href":"https:\/\/spanishbreak.com\/fr\/wp-json\/wp\/v2\/media?parent=4315"}],"wp:term":[{"taxonomy":"product_brand","embeddable":true,"href":"https:\/\/spanishbreak.com\/fr\/wp-json\/wp\/v2\/product_brand?post=4315"},{"taxonomy":"product_cat","embeddable":true,"href":"https:\/\/spanishbreak.com\/fr\/wp-json\/wp\/v2\/product_cat?post=4315"},{"taxonomy":"product_tag","embeddable":true,"href":"https:\/\/spanishbreak.com\/fr\/wp-json\/wp\/v2\/product_tag?post=4315"}],"curies":[{"name":"wp","href":"https:\/\/api.w.org\/{rel}","templated":true}]}}