{"id":4316,"date":"2022-10-03T13:16:59","date_gmt":"2022-10-03T11:16:59","guid":{"rendered":"https:\/\/spanishbreak.com\/producto\/5-course-meal-unlimited-sangria\/"},"modified":"2025-12-17T15:50:40","modified_gmt":"2025-12-17T14:50:40","slug":"5-course-meal-unlimited-sangria","status":"publish","type":"product","link":"https:\/\/spanishbreak.com\/fr\/product\/5-course-meal-unlimited-sangria\/","title":{"rendered":"REPAS 5 PLATS &#8211; SANGRIA \u00c0 VOLONT\u00c9 \u00e0 Barcelone"},"content":{"rendered":"<h2><span style=\"font-size: small;\">Votre d\u00eener supr\u00eame \u00e0 Barcelone !<\/span><\/h2>\n<p>Vous cherchez un menu complet pour passer un bon d\u00e9but de soir\u00e9e ? SpanishBreak a la solution parfaite : un repas \u00e0 5 plats. Nous vous r\u00e9serverons une table dans l&rsquo;un des meilleurs restaurants de Barcelone, o\u00f9 vous y d\u00e9gusterez un vrai assortiment de tapas Espagnoles pour commencer, suivi d&rsquo;une entr\u00e9e, une entrec\u00f4te, poisson ou plat v\u00e9g\u00e9tarien et un dessert. Vous terminerez votre repas avec une s\u00e9lection de fromages et un caf\u00e9 ou un shot pour bien dig\u00e9rer ! Et en plus de tout \u00e7a, nous vous proposons de la sangria \u00e0 volont\u00e9 pendant le repas. Vous pourrez ajouter de la bi\u00e8re ou du vin \u00e0 volont\u00e9 moyennant un l\u00e9ger surco\u00fbt.<\/p>\n<p>Une fois termin\u00e9, vous pourrez aller dans l&rsquo;un des meilleurs clubs de Barcelone avec une entr\u00e9e en guest list fournie par SpanishBreak.\u00a0Il vous sera demand\u00e9 d&rsquo;avoir une tenue et une attitude correcte, pas d&rsquo;\u00e9tat d&rsquo;\u00e9bri\u00e9t\u00e9 et d&rsquo;arriv\u00e9e avant 1h00. La bo\u00eete se r\u00e9serve le droit d&rsquo;admission.<\/p>\n","protected":false},"excerpt":{"rendered":"<p>Votre d\u00eener supr\u00eame \u00e0 Barcelone ! Vous cherchez un menu complet pour passer un bon d\u00e9but de soir\u00e9e ? SpanishBreak a la solution parfaite : un repas \u00e0 5 plats. Nous vous r\u00e9serverons une table dans l&rsquo;un des meilleurs restaurants de Barcelone, o\u00f9 vous y d\u00e9gusterez un vrai assortiment de tapas Espagnoles pour commencer, suivi [&hellip;]<\/p>\n","protected":false},"featured_media":3198,"comment_status":"closed","ping_status":"closed","template":"","meta":{"site-sidebar-layout":"default","site-content-layout":"default","ast-site-content-layout":"default","site-content-style":"default","site-sidebar-style":"default","ast-global-header-display":"","ast-banner-title-visibility":"","ast-main-header-display":"","ast-hfb-above-header-display":"","ast-hfb-below-header-display":"","ast-hfb-mobile-header-display":"","site-post-title":"","ast-breadcrumbs-content":"","ast-featured-img":"","footer-sml-layout":"","theme-transparent-header-meta":"default","adv-header-id-meta":"","stick-header-meta":"","header-above-stick-meta":"","header-main-stick-meta":"","header-below-stick-meta":"","astra-migrate-meta-layouts":"set","ast-page-background-enabled":"default","ast-page-background-meta":{"desktop":{"background-color":"var(--ast-global-color-4)","background-image":"","background-repeat":"repeat","background-position":"center center","background-size":"auto","background-attachment":"scroll","background-type":"","background-media":"","overlay-type":"","overlay-color":"","overlay-opacity":"","overlay-gradient":""},"tablet":{"background-color":"","background-image":"","background-repeat":"repeat","background-position":"center center","background-size":"auto","background-attachment":"scroll","background-type":"","background-media":"","overlay-type":"","overlay-color":"","overlay-opacity":"","overlay-gradient":""},"mobile":{"background-color":"","background-image":"","background-repeat":"repeat","background-position":"center center","background-size":"auto","background-attachment":"scroll","background-type":"","background-media":"","overlay-type":"","overlay-color":"","overlay-opacity":"","overlay-gradient":""}},"ast-content-background-meta":{"desktop":{"background-color":"var(--ast-global-color-5)","background-image":"","background-repeat":"repeat","background-position":"center center","background-size":"auto","background-attachment":"scroll","background-type":"","background-media":"","overlay-type":"","overlay-color":"","overlay-opacity":"","overlay-gradient":""},"tablet":{"background-color":"var(--ast-global-color-5)","background-image":"","background-repeat":"repeat","background-position":"center center","background-size":"auto","background-attachment":"scroll","background-type":"","background-media":"","overlay-type":"","overlay-color":"","overlay-opacity":"","overlay-gradient":""},"mobile":{"background-color":"var(--ast-global-color-5)","background-image":"","background-repeat":"repeat","background-position":"center center","background-size":"auto","background-attachment":"scroll","background-type":"","background-media":"","overlay-type":"","overlay-color":"","overlay-opacity":"","overlay-gradient":""}},"repeater_packs":""},"product_brand":[],"product_cat":[66,71,73],"product_tag":[36,35],"class_list":{"0":"post-4316","1":"product","2":"type-product","3":"status-publish","4":"has-post-thumbnail","6":"product_cat-hen-fr-2","7":"product_cat-night_activities-fr-2","8":"product_cat-stag-fr","9":"product_tag-hen","10":"product_tag-stag","11":"desktop-align-left","12":"tablet-align-left","13":"mobile-align-left","15":"first","16":"instock","17":"shipping-taxable","18":"product-type-simple"},"yoast_head":"<!-- This site is optimized with the Yoast SEO plugin v26.8 - https:\/\/yoast.com\/product\/yoast-seo-wordpress\/ -->\n<title>REPAS 5 PLATS - SANGRIA \u00c0 VOLONT\u00c9 \u00e0 Barcelone - Pause espagnole<\/title>\n<meta name=\"description\" content=\"Votre d\u00eener supr\u00eame \u00e0 Barcelone ! Vous cherchez un menu complet pour passer un bon d\u00e9but de soir\u00e9e ? SpanishBreak a la solution parfaite : un repas \u00e0 5 Offrez-vous un repas de 5 plats avec sangria illimit\u00e9e \u00e0 Spanish Break, l\u2019exp\u00e9rience culinaire parfaite pour les amateurs de nourriture et de vin. \ud83c\udf77\ud83c\udf7d\ufe0f #foodie #sangria\" \/>\n<meta name=\"robots\" content=\"index, follow, max-snippet:-1, max-image-preview:large, max-video-preview:-1\" \/>\n<link rel=\"canonical\" href=\"https:\/\/spanishbreak.com\/fr\/product\/5-course-meal-unlimited-sangria\/\" \/>\n<meta property=\"og:locale\" content=\"fr_FR\" \/>\n<meta property=\"og:type\" content=\"article\" \/>\n<meta property=\"og:title\" content=\"REPAS 5 PLATS - SANGRIA \u00c0 VOLONT\u00c9 \u00e0 Barcelone - Pause espagnole\" \/>\n<meta property=\"og:description\" content=\"Votre d\u00eener supr\u00eame \u00e0 Barcelone ! Vous cherchez un menu complet pour passer un bon d\u00e9but de soir\u00e9e ? SpanishBreak a la solution parfaite : un repas \u00e0 5 Offrez-vous un repas de 5 plats avec sangria illimit\u00e9e \u00e0 Spanish Break, l\u2019exp\u00e9rience culinaire parfaite pour les amateurs de nourriture et de vin. \ud83c\udf77\ud83c\udf7d\ufe0f #foodie #sangria\" \/>\n<meta property=\"og:url\" content=\"https:\/\/spanishbreak.com\/fr\/product\/5-course-meal-unlimited-sangria\/\" \/>\n<meta property=\"og:site_name\" content=\"Spanishbreak\" \/>\n<meta property=\"article:publisher\" content=\"https:\/\/www.facebook.com\/spanishbreak\" \/>\n<meta property=\"article:modified_time\" content=\"2025-12-17T14:50:40+00:00\" \/>\n<meta property=\"og:image\" content=\"https:\/\/spanishbreak.com\/wp-content\/uploads\/2022\/10\/Depositphotos_9661332_original-scaled.jpg\" \/>\n\t<meta property=\"og:image:width\" content=\"2560\" \/>\n\t<meta property=\"og:image:height\" content=\"1707\" \/>\n\t<meta property=\"og:image:type\" content=\"image\/jpeg\" \/>\n<meta name=\"twitter:card\" content=\"summary_large_image\" \/>\n<meta name=\"twitter:label1\" content=\"Dur\u00e9e de lecture estim\u00e9e\" \/>\n\t<meta name=\"twitter:data1\" content=\"1 minute\" \/>\n<script type=\"application\/ld+json\" class=\"yoast-schema-graph\">{\"@context\":\"https:\/\/schema.org\",\"@graph\":[{\"@type\":[\"WebPage\",\"ItemPage\"],\"@id\":\"https:\/\/spanishbreak.com\/fr\/product\/5-course-meal-unlimited-sangria\/\",\"url\":\"https:\/\/spanishbreak.com\/fr\/product\/5-course-meal-unlimited-sangria\/\",\"name\":\"REPAS 5 PLATS - SANGRIA \u00c0 VOLONT\u00c9 \u00e0 Barcelone - Pause espagnole\",\"isPartOf\":{\"@id\":\"https:\/\/spanishbreak.com\/#website\"},\"primaryImageOfPage\":{\"@id\":\"https:\/\/spanishbreak.com\/fr\/product\/5-course-meal-unlimited-sangria\/#primaryimage\"},\"image\":{\"@id\":\"https:\/\/spanishbreak.com\/fr\/product\/5-course-meal-unlimited-sangria\/#primaryimage\"},\"thumbnailUrl\":\"https:\/\/spanishbreak.com\/wp-content\/uploads\/2022\/10\/Depositphotos_9661332_original-scaled.jpg\",\"datePublished\":\"2022-10-03T11:16:59+00:00\",\"dateModified\":\"2025-12-17T14:50:40+00:00\",\"description\":\"Votre d\u00eener supr\u00eame \u00e0 Barcelone ! Vous cherchez un menu complet pour passer un bon d\u00e9but de soir\u00e9e ? SpanishBreak a la solution parfaite : un repas \u00e0 5 Offrez-vous un repas de 5 plats avec sangria illimit\u00e9e \u00e0 Spanish Break, l\u2019exp\u00e9rience culinaire parfaite pour les amateurs de nourriture et de vin. \ud83c\udf77\ud83c\udf7d\ufe0f #foodie #sangria\",\"breadcrumb\":{\"@id\":\"https:\/\/spanishbreak.com\/fr\/product\/5-course-meal-unlimited-sangria\/#breadcrumb\"},\"inLanguage\":\"fr-FR\",\"potentialAction\":[{\"@type\":\"ReadAction\",\"target\":[\"https:\/\/spanishbreak.com\/fr\/product\/5-course-meal-unlimited-sangria\/\"]}]},{\"@type\":\"ImageObject\",\"inLanguage\":\"fr-FR\",\"@id\":\"https:\/\/spanishbreak.com\/fr\/product\/5-course-meal-unlimited-sangria\/#primaryimage\",\"url\":\"https:\/\/spanishbreak.com\/wp-content\/uploads\/2022\/10\/Depositphotos_9661332_original-scaled.jpg\",\"contentUrl\":\"https:\/\/spanishbreak.com\/wp-content\/uploads\/2022\/10\/Depositphotos_9661332_original-scaled.jpg\",\"width\":2560,\"height\":1707,\"caption\":\"Catering food\"},{\"@type\":\"BreadcrumbList\",\"@id\":\"https:\/\/spanishbreak.com\/fr\/product\/5-course-meal-unlimited-sangria\/#breadcrumb\",\"itemListElement\":[{\"@type\":\"ListItem\",\"position\":1,\"name\":\"Home\",\"item\":\"https:\/\/spanishbreak.com\/\"},{\"@type\":\"ListItem\",\"position\":2,\"name\":\"Boutique\",\"item\":\"https:\/\/spanishbreak.com\/boutique\/?lang=fr\"},{\"@type\":\"ListItem\",\"position\":3,\"name\":\"REPAS 5 PLATS &#8211; SANGRIA \u00c0 VOLONT\u00c9 \u00e0 Barcelone\"}]},{\"@type\":\"WebSite\",\"@id\":\"https:\/\/spanishbreak.com\/#website\",\"url\":\"https:\/\/spanishbreak.com\/\",\"name\":\"Spanish Break\",\"description\":\"Otro sitio realizado con WordPress\",\"publisher\":{\"@id\":\"https:\/\/spanishbreak.com\/#organization\"},\"potentialAction\":[{\"@type\":\"SearchAction\",\"target\":{\"@type\":\"EntryPoint\",\"urlTemplate\":\"https:\/\/spanishbreak.com\/?s={search_term_string}\"},\"query-input\":{\"@type\":\"PropertyValueSpecification\",\"valueRequired\":true,\"valueName\":\"search_term_string\"}}],\"inLanguage\":\"fr-FR\"},{\"@type\":\"Organization\",\"@id\":\"https:\/\/spanishbreak.com\/#organization\",\"name\":\"Spanish Break\",\"url\":\"https:\/\/spanishbreak.com\/\",\"logo\":{\"@type\":\"ImageObject\",\"inLanguage\":\"fr-FR\",\"@id\":\"https:\/\/spanishbreak.com\/#\/schema\/logo\/image\/\",\"url\":\"https:\/\/spanishbreak.com\/wp-content\/uploads\/2024\/03\/logo-spanish-break.png\",\"contentUrl\":\"https:\/\/spanishbreak.com\/wp-content\/uploads\/2024\/03\/logo-spanish-break.png\",\"width\":323,\"height\":37,\"caption\":\"Spanish Break\"},\"image\":{\"@id\":\"https:\/\/spanishbreak.com\/#\/schema\/logo\/image\/\"},\"sameAs\":[\"https:\/\/www.facebook.com\/spanishbreak\",\"https:\/\/www.instagram.com\/spanishbreakbcn\/\"]}]}<\/script>\n<!-- \/ Yoast SEO plugin. -->","yoast_head_json":{"title":"REPAS 5 PLATS - SANGRIA \u00c0 VOLONT\u00c9 \u00e0 Barcelone - Pause espagnole","description":"Votre d\u00eener supr\u00eame \u00e0 Barcelone ! Vous cherchez un menu complet pour passer un bon d\u00e9but de soir\u00e9e ? SpanishBreak a la solution parfaite : un repas \u00e0 5 Offrez-vous un repas de 5 plats avec sangria illimit\u00e9e \u00e0 Spanish Break, l\u2019exp\u00e9rience culinaire parfaite pour les amateurs de nourriture et de vin. \ud83c\udf77\ud83c\udf7d\ufe0f #foodie #sangria","robots":{"index":"index","follow":"follow","max-snippet":"max-snippet:-1","max-image-preview":"max-image-preview:large","max-video-preview":"max-video-preview:-1"},"canonical":"https:\/\/spanishbreak.com\/fr\/product\/5-course-meal-unlimited-sangria\/","og_locale":"fr_FR","og_type":"article","og_title":"REPAS 5 PLATS - SANGRIA \u00c0 VOLONT\u00c9 \u00e0 Barcelone - Pause espagnole","og_description":"Votre d\u00eener supr\u00eame \u00e0 Barcelone ! Vous cherchez un menu complet pour passer un bon d\u00e9but de soir\u00e9e ? SpanishBreak a la solution parfaite : un repas \u00e0 5 Offrez-vous un repas de 5 plats avec sangria illimit\u00e9e \u00e0 Spanish Break, l\u2019exp\u00e9rience culinaire parfaite pour les amateurs de nourriture et de vin. \ud83c\udf77\ud83c\udf7d\ufe0f #foodie #sangria","og_url":"https:\/\/spanishbreak.com\/fr\/product\/5-course-meal-unlimited-sangria\/","og_site_name":"Spanishbreak","article_publisher":"https:\/\/www.facebook.com\/spanishbreak","article_modified_time":"2025-12-17T14:50:40+00:00","og_image":[{"width":2560,"height":1707,"url":"https:\/\/spanishbreak.com\/wp-content\/uploads\/2022\/10\/Depositphotos_9661332_original-scaled.jpg","type":"image\/jpeg"}],"twitter_card":"summary_large_image","twitter_misc":{"Dur\u00e9e de lecture estim\u00e9e":"1 minute"},"schema":{"@context":"https:\/\/schema.org","@graph":[{"@type":["WebPage","ItemPage"],"@id":"https:\/\/spanishbreak.com\/fr\/product\/5-course-meal-unlimited-sangria\/","url":"https:\/\/spanishbreak.com\/fr\/product\/5-course-meal-unlimited-sangria\/","name":"REPAS 5 PLATS - SANGRIA \u00c0 VOLONT\u00c9 \u00e0 Barcelone - Pause espagnole","isPartOf":{"@id":"https:\/\/spanishbreak.com\/#website"},"primaryImageOfPage":{"@id":"https:\/\/spanishbreak.com\/fr\/product\/5-course-meal-unlimited-sangria\/#primaryimage"},"image":{"@id":"https:\/\/spanishbreak.com\/fr\/product\/5-course-meal-unlimited-sangria\/#primaryimage"},"thumbnailUrl":"https:\/\/spanishbreak.com\/wp-content\/uploads\/2022\/10\/Depositphotos_9661332_original-scaled.jpg","datePublished":"2022-10-03T11:16:59+00:00","dateModified":"2025-12-17T14:50:40+00:00","description":"Votre d\u00eener supr\u00eame \u00e0 Barcelone ! Vous cherchez un menu complet pour passer un bon d\u00e9but de soir\u00e9e ? SpanishBreak a la solution parfaite : un repas \u00e0 5 Offrez-vous un repas de 5 plats avec sangria illimit\u00e9e \u00e0 Spanish Break, l\u2019exp\u00e9rience culinaire parfaite pour les amateurs de nourriture et de vin. \ud83c\udf77\ud83c\udf7d\ufe0f #foodie #sangria","breadcrumb":{"@id":"https:\/\/spanishbreak.com\/fr\/product\/5-course-meal-unlimited-sangria\/#breadcrumb"},"inLanguage":"fr-FR","potentialAction":[{"@type":"ReadAction","target":["https:\/\/spanishbreak.com\/fr\/product\/5-course-meal-unlimited-sangria\/"]}]},{"@type":"ImageObject","inLanguage":"fr-FR","@id":"https:\/\/spanishbreak.com\/fr\/product\/5-course-meal-unlimited-sangria\/#primaryimage","url":"https:\/\/spanishbreak.com\/wp-content\/uploads\/2022\/10\/Depositphotos_9661332_original-scaled.jpg","contentUrl":"https:\/\/spanishbreak.com\/wp-content\/uploads\/2022\/10\/Depositphotos_9661332_original-scaled.jpg","width":2560,"height":1707,"caption":"Catering food"},{"@type":"BreadcrumbList","@id":"https:\/\/spanishbreak.com\/fr\/product\/5-course-meal-unlimited-sangria\/#breadcrumb","itemListElement":[{"@type":"ListItem","position":1,"name":"Home","item":"https:\/\/spanishbreak.com\/"},{"@type":"ListItem","position":2,"name":"Boutique","item":"https:\/\/spanishbreak.com\/boutique\/?lang=fr"},{"@type":"ListItem","position":3,"name":"REPAS 5 PLATS &#8211; SANGRIA \u00c0 VOLONT\u00c9 \u00e0 Barcelone"}]},{"@type":"WebSite","@id":"https:\/\/spanishbreak.com\/#website","url":"https:\/\/spanishbreak.com\/","name":"Spanish Break","description":"Otro sitio realizado con WordPress","publisher":{"@id":"https:\/\/spanishbreak.com\/#organization"},"potentialAction":[{"@type":"SearchAction","target":{"@type":"EntryPoint","urlTemplate":"https:\/\/spanishbreak.com\/?s={search_term_string}"},"query-input":{"@type":"PropertyValueSpecification","valueRequired":true,"valueName":"search_term_string"}}],"inLanguage":"fr-FR"},{"@type":"Organization","@id":"https:\/\/spanishbreak.com\/#organization","name":"Spanish Break","url":"https:\/\/spanishbreak.com\/","logo":{"@type":"ImageObject","inLanguage":"fr-FR","@id":"https:\/\/spanishbreak.com\/#\/schema\/logo\/image\/","url":"https:\/\/spanishbreak.com\/wp-content\/uploads\/2024\/03\/logo-spanish-break.png","contentUrl":"https:\/\/spanishbreak.com\/wp-content\/uploads\/2024\/03\/logo-spanish-break.png","width":323,"height":37,"caption":"Spanish Break"},"image":{"@id":"https:\/\/spanishbreak.com\/#\/schema\/logo\/image\/"},"sameAs":["https:\/\/www.facebook.com\/spanishbreak","https:\/\/www.instagram.com\/spanishbreakbcn\/"]}]}},"_links":{"self":[{"href":"https:\/\/spanishbreak.com\/fr\/wp-json\/wp\/v2\/product\/4316","targetHints":{"allow":["GET"]}}],"collection":[{"href":"https:\/\/spanishbreak.com\/fr\/wp-json\/wp\/v2\/product"}],"about":[{"href":"https:\/\/spanishbreak.com\/fr\/wp-json\/wp\/v2\/types\/product"}],"replies":[{"embeddable":true,"href":"https:\/\/spanishbreak.com\/fr\/wp-json\/wp\/v2\/comments?post=4316"}],"wp:featuredmedia":[{"embeddable":true,"href":"https:\/\/spanishbreak.com\/fr\/wp-json\/wp\/v2\/media\/3198"}],"wp:attachment":[{"href":"https:\/\/spanishbreak.com\/fr\/wp-json\/wp\/v2\/media?parent=4316"}],"wp:term":[{"taxonomy":"product_brand","embeddable":true,"href":"https:\/\/spanishbreak.com\/fr\/wp-json\/wp\/v2\/product_brand?post=4316"},{"taxonomy":"product_cat","embeddable":true,"href":"https:\/\/spanishbreak.com\/fr\/wp-json\/wp\/v2\/product_cat?post=4316"},{"taxonomy":"product_tag","embeddable":true,"href":"https:\/\/spanishbreak.com\/fr\/wp-json\/wp\/v2\/product_tag?post=4316"}],"curies":[{"name":"wp","href":"https:\/\/api.w.org\/{rel}","templated":true}]}}