{"id":4320,"date":"2022-09-30T13:30:41","date_gmt":"2022-09-30T11:30:41","guid":{"rendered":"https:\/\/spanishbreak.com\/producto\/rooftop-brunch\/"},"modified":"2025-12-17T15:51:29","modified_gmt":"2025-12-17T14:51:29","slug":"rooftop-brunch","status":"publish","type":"product","link":"https:\/\/spanishbreak.com\/fr\/product\/rooftop-brunch\/","title":{"rendered":"BRUNCH SUR UN ROOFTOP \u00c0 BARCELONE"},"content":{"rendered":"<p>Les meilleures exp\u00e9riences sont en g\u00e9n\u00e9ral les moins conventionnelles et cela vaut pour cette activit\u00e9. Au c\u0153ur de Barcelone, vous arriverez dans un endroit \u00e9tonnant, une terrasse sur le toit, pr\u00eat(e)s \u00e0 profiter du soleil dans cette belle ville tout en admirant le paysage urbain.<\/p>\n<p>Que vous preniez un dernier repas avant de rentrer chez vous ou que vous veniez tout juste d&rsquo;arriver \u00e0 Barcelone, ce brunch est le moyen id\u00e9al pour passer du bon temps avec vos ami(e)s. De plus, ce brunch enti\u00e8rement fait maison est le meilleur rem\u00e8de contre la gueule de bois si vous avez fait la f\u00eate la veille au soir !<\/p>\n","protected":false},"excerpt":{"rendered":"<p>Les meilleures exp\u00e9riences sont en g\u00e9n\u00e9ral les moins conventionnelles et cela vaut pour cette activit\u00e9. Au c\u0153ur de Barcelone, vous arriverez dans un endroit \u00e9tonnant, une terrasse sur le toit, pr\u00eat(e)s \u00e0 profiter du soleil dans cette belle ville tout en admirant le paysage urbain. Que vous preniez un dernier repas avant de rentrer chez [&hellip;]<\/p>\n","protected":false},"featured_media":3333,"comment_status":"closed","ping_status":"closed","template":"","meta":{"site-sidebar-layout":"default","site-content-layout":"default","ast-site-content-layout":"default","site-content-style":"default","site-sidebar-style":"default","ast-global-header-display":"","ast-banner-title-visibility":"","ast-main-header-display":"","ast-hfb-above-header-display":"","ast-hfb-below-header-display":"","ast-hfb-mobile-header-display":"","site-post-title":"","ast-breadcrumbs-content":"","ast-featured-img":"","footer-sml-layout":"","theme-transparent-header-meta":"default","adv-header-id-meta":"","stick-header-meta":"","header-above-stick-meta":"","header-main-stick-meta":"","header-below-stick-meta":"","astra-migrate-meta-layouts":"set","ast-page-background-enabled":"default","ast-page-background-meta":{"desktop":{"background-color":"var(--ast-global-color-4)","background-image":"","background-repeat":"repeat","background-position":"center center","background-size":"auto","background-attachment":"scroll","background-type":"","background-media":"","overlay-type":"","overlay-color":"","overlay-opacity":"","overlay-gradient":""},"tablet":{"background-color":"","background-image":"","background-repeat":"repeat","background-position":"center center","background-size":"auto","background-attachment":"scroll","background-type":"","background-media":"","overlay-type":"","overlay-color":"","overlay-opacity":"","overlay-gradient":""},"mobile":{"background-color":"","background-image":"","background-repeat":"repeat","background-position":"center center","background-size":"auto","background-attachment":"scroll","background-type":"","background-media":"","overlay-type":"","overlay-color":"","overlay-opacity":"","overlay-gradient":""}},"ast-content-background-meta":{"desktop":{"background-color":"var(--ast-global-color-5)","background-image":"","background-repeat":"repeat","background-position":"center center","background-size":"auto","background-attachment":"scroll","background-type":"","background-media":"","overlay-type":"","overlay-color":"","overlay-opacity":"","overlay-gradient":""},"tablet":{"background-color":"var(--ast-global-color-5)","background-image":"","background-repeat":"repeat","background-position":"center center","background-size":"auto","background-attachment":"scroll","background-type":"","background-media":"","overlay-type":"","overlay-color":"","overlay-opacity":"","overlay-gradient":""},"mobile":{"background-color":"var(--ast-global-color-5)","background-image":"","background-repeat":"repeat","background-position":"center center","background-size":"auto","background-attachment":"scroll","background-type":"","background-media":"","overlay-type":"","overlay-color":"","overlay-opacity":"","overlay-gradient":""}},"repeater_packs":""},"product_brand":[],"product_cat":[68,66,73],"product_tag":[36,35],"class_list":{"0":"post-4320","1":"product","2":"type-product","3":"status-publish","4":"has-post-thumbnail","6":"product_cat-day-time-activities","7":"product_cat-hen-fr-2","8":"product_cat-stag-fr","9":"product_tag-hen","10":"product_tag-stag","11":"desktop-align-left","12":"tablet-align-left","13":"mobile-align-left","15":"first","16":"instock","17":"shipping-taxable","18":"product-type-simple"},"yoast_head":"<!-- This site is optimized with the Yoast SEO plugin v26.8 - https:\/\/yoast.com\/product\/yoast-seo-wordpress\/ -->\n<title>Brunch sur le toit \u00e0 Barcelone: Exp\u00e9rience culinaire unique<\/title>\n<meta name=\"description\" content=\"Les meilleures exp\u00e9riences sont en g\u00e9n\u00e9ral les moins conventionnelles et cela vaut pour cette activit\u00e9. Au c\u0153ur de Barcelone, vous arriverez dans un D\u00e9couvrez l\u2019exp\u00e9rience ultime du brunch sur le toit avec une vue imprenable et une cuisine d\u00e9licieuse \u00e0 notre emplacement exclusif. R\u00e9servez maintenant!\" \/>\n<meta name=\"robots\" content=\"index, follow, max-snippet:-1, max-image-preview:large, max-video-preview:-1\" \/>\n<link rel=\"canonical\" href=\"https:\/\/spanishbreak.com\/fr\/product\/rooftop-brunch\/\" \/>\n<meta property=\"og:locale\" content=\"fr_FR\" \/>\n<meta property=\"og:type\" content=\"article\" \/>\n<meta property=\"og:title\" content=\"Brunch sur le toit \u00e0 Barcelone: Exp\u00e9rience culinaire unique\" \/>\n<meta property=\"og:description\" content=\"Les meilleures exp\u00e9riences sont en g\u00e9n\u00e9ral les moins conventionnelles et cela vaut pour cette activit\u00e9. Au c\u0153ur de Barcelone, vous arriverez dans un D\u00e9couvrez l\u2019exp\u00e9rience ultime du brunch sur le toit avec une vue imprenable et une cuisine d\u00e9licieuse \u00e0 notre emplacement exclusif. R\u00e9servez maintenant!\" \/>\n<meta property=\"og:url\" content=\"https:\/\/spanishbreak.com\/fr\/product\/rooftop-brunch\/\" \/>\n<meta property=\"og:site_name\" content=\"Spanishbreak\" \/>\n<meta property=\"article:publisher\" content=\"https:\/\/www.facebook.com\/spanishbreak\" \/>\n<meta property=\"article:modified_time\" content=\"2025-12-17T14:51:29+00:00\" \/>\n<meta property=\"og:image\" content=\"https:\/\/spanishbreak.com\/wp-content\/uploads\/2022\/09\/brunch-rooftop1.jpg\" \/>\n\t<meta property=\"og:image:width\" content=\"1200\" \/>\n\t<meta property=\"og:image:height\" content=\"800\" \/>\n\t<meta property=\"og:image:type\" content=\"image\/jpeg\" \/>\n<meta name=\"twitter:card\" content=\"summary_large_image\" \/>\n<meta name=\"twitter:label1\" content=\"Dur\u00e9e de lecture estim\u00e9e\" \/>\n\t<meta name=\"twitter:data1\" content=\"1 minute\" \/>\n<script type=\"application\/ld+json\" class=\"yoast-schema-graph\">{\"@context\":\"https:\/\/schema.org\",\"@graph\":[{\"@type\":[\"WebPage\",\"ItemPage\"],\"@id\":\"https:\/\/spanishbreak.com\/fr\/product\/rooftop-brunch\/\",\"url\":\"https:\/\/spanishbreak.com\/fr\/product\/rooftop-brunch\/\",\"name\":\"Brunch sur le toit \u00e0 Barcelone: Exp\u00e9rience culinaire unique\",\"isPartOf\":{\"@id\":\"https:\/\/spanishbreak.com\/#website\"},\"primaryImageOfPage\":{\"@id\":\"https:\/\/spanishbreak.com\/fr\/product\/rooftop-brunch\/#primaryimage\"},\"image\":{\"@id\":\"https:\/\/spanishbreak.com\/fr\/product\/rooftop-brunch\/#primaryimage\"},\"thumbnailUrl\":\"https:\/\/spanishbreak.com\/wp-content\/uploads\/2022\/09\/brunch-rooftop1.jpg\",\"datePublished\":\"2022-09-30T11:30:41+00:00\",\"dateModified\":\"2025-12-17T14:51:29+00:00\",\"description\":\"Les meilleures exp\u00e9riences sont en g\u00e9n\u00e9ral les moins conventionnelles et cela vaut pour cette activit\u00e9. Au c\u0153ur de Barcelone, vous arriverez dans un D\u00e9couvrez l\u2019exp\u00e9rience ultime du brunch sur le toit avec une vue imprenable et une cuisine d\u00e9licieuse \u00e0 notre emplacement exclusif. R\u00e9servez maintenant!\",\"breadcrumb\":{\"@id\":\"https:\/\/spanishbreak.com\/fr\/product\/rooftop-brunch\/#breadcrumb\"},\"inLanguage\":\"fr-FR\",\"potentialAction\":[{\"@type\":\"ReadAction\",\"target\":[\"https:\/\/spanishbreak.com\/fr\/product\/rooftop-brunch\/\"]}]},{\"@type\":\"ImageObject\",\"inLanguage\":\"fr-FR\",\"@id\":\"https:\/\/spanishbreak.com\/fr\/product\/rooftop-brunch\/#primaryimage\",\"url\":\"https:\/\/spanishbreak.com\/wp-content\/uploads\/2022\/09\/brunch-rooftop1.jpg\",\"contentUrl\":\"https:\/\/spanishbreak.com\/wp-content\/uploads\/2022\/09\/brunch-rooftop1.jpg\",\"width\":1200,\"height\":800},{\"@type\":\"BreadcrumbList\",\"@id\":\"https:\/\/spanishbreak.com\/fr\/product\/rooftop-brunch\/#breadcrumb\",\"itemListElement\":[{\"@type\":\"ListItem\",\"position\":1,\"name\":\"Home\",\"item\":\"https:\/\/spanishbreak.com\/\"},{\"@type\":\"ListItem\",\"position\":2,\"name\":\"Boutique\",\"item\":\"https:\/\/spanishbreak.com\/boutique\/?lang=fr\"},{\"@type\":\"ListItem\",\"position\":3,\"name\":\"BRUNCH SUR UN ROOFTOP \u00c0 BARCELONE\"}]},{\"@type\":\"WebSite\",\"@id\":\"https:\/\/spanishbreak.com\/#website\",\"url\":\"https:\/\/spanishbreak.com\/\",\"name\":\"Spanish Break\",\"description\":\"Otro sitio realizado con WordPress\",\"publisher\":{\"@id\":\"https:\/\/spanishbreak.com\/#organization\"},\"potentialAction\":[{\"@type\":\"SearchAction\",\"target\":{\"@type\":\"EntryPoint\",\"urlTemplate\":\"https:\/\/spanishbreak.com\/?s={search_term_string}\"},\"query-input\":{\"@type\":\"PropertyValueSpecification\",\"valueRequired\":true,\"valueName\":\"search_term_string\"}}],\"inLanguage\":\"fr-FR\"},{\"@type\":\"Organization\",\"@id\":\"https:\/\/spanishbreak.com\/#organization\",\"name\":\"Spanish Break\",\"url\":\"https:\/\/spanishbreak.com\/\",\"logo\":{\"@type\":\"ImageObject\",\"inLanguage\":\"fr-FR\",\"@id\":\"https:\/\/spanishbreak.com\/#\/schema\/logo\/image\/\",\"url\":\"https:\/\/spanishbreak.com\/wp-content\/uploads\/2024\/03\/logo-spanish-break.png\",\"contentUrl\":\"https:\/\/spanishbreak.com\/wp-content\/uploads\/2024\/03\/logo-spanish-break.png\",\"width\":323,\"height\":37,\"caption\":\"Spanish Break\"},\"image\":{\"@id\":\"https:\/\/spanishbreak.com\/#\/schema\/logo\/image\/\"},\"sameAs\":[\"https:\/\/www.facebook.com\/spanishbreak\",\"https:\/\/www.instagram.com\/spanishbreakbcn\/\"]}]}<\/script>\n<!-- \/ Yoast SEO plugin. -->","yoast_head_json":{"title":"Brunch sur le toit \u00e0 Barcelone: Exp\u00e9rience culinaire unique","description":"Les meilleures exp\u00e9riences sont en g\u00e9n\u00e9ral les moins conventionnelles et cela vaut pour cette activit\u00e9. Au c\u0153ur de Barcelone, vous arriverez dans un D\u00e9couvrez l\u2019exp\u00e9rience ultime du brunch sur le toit avec une vue imprenable et une cuisine d\u00e9licieuse \u00e0 notre emplacement exclusif. R\u00e9servez maintenant!","robots":{"index":"index","follow":"follow","max-snippet":"max-snippet:-1","max-image-preview":"max-image-preview:large","max-video-preview":"max-video-preview:-1"},"canonical":"https:\/\/spanishbreak.com\/fr\/product\/rooftop-brunch\/","og_locale":"fr_FR","og_type":"article","og_title":"Brunch sur le toit \u00e0 Barcelone: Exp\u00e9rience culinaire unique","og_description":"Les meilleures exp\u00e9riences sont en g\u00e9n\u00e9ral les moins conventionnelles et cela vaut pour cette activit\u00e9. Au c\u0153ur de Barcelone, vous arriverez dans un D\u00e9couvrez l\u2019exp\u00e9rience ultime du brunch sur le toit avec une vue imprenable et une cuisine d\u00e9licieuse \u00e0 notre emplacement exclusif. R\u00e9servez maintenant!","og_url":"https:\/\/spanishbreak.com\/fr\/product\/rooftop-brunch\/","og_site_name":"Spanishbreak","article_publisher":"https:\/\/www.facebook.com\/spanishbreak","article_modified_time":"2025-12-17T14:51:29+00:00","og_image":[{"width":1200,"height":800,"url":"https:\/\/spanishbreak.com\/wp-content\/uploads\/2022\/09\/brunch-rooftop1.jpg","type":"image\/jpeg"}],"twitter_card":"summary_large_image","twitter_misc":{"Dur\u00e9e de lecture estim\u00e9e":"1 minute"},"schema":{"@context":"https:\/\/schema.org","@graph":[{"@type":["WebPage","ItemPage"],"@id":"https:\/\/spanishbreak.com\/fr\/product\/rooftop-brunch\/","url":"https:\/\/spanishbreak.com\/fr\/product\/rooftop-brunch\/","name":"Brunch sur le toit \u00e0 Barcelone: Exp\u00e9rience culinaire unique","isPartOf":{"@id":"https:\/\/spanishbreak.com\/#website"},"primaryImageOfPage":{"@id":"https:\/\/spanishbreak.com\/fr\/product\/rooftop-brunch\/#primaryimage"},"image":{"@id":"https:\/\/spanishbreak.com\/fr\/product\/rooftop-brunch\/#primaryimage"},"thumbnailUrl":"https:\/\/spanishbreak.com\/wp-content\/uploads\/2022\/09\/brunch-rooftop1.jpg","datePublished":"2022-09-30T11:30:41+00:00","dateModified":"2025-12-17T14:51:29+00:00","description":"Les meilleures exp\u00e9riences sont en g\u00e9n\u00e9ral les moins conventionnelles et cela vaut pour cette activit\u00e9. Au c\u0153ur de Barcelone, vous arriverez dans un D\u00e9couvrez l\u2019exp\u00e9rience ultime du brunch sur le toit avec une vue imprenable et une cuisine d\u00e9licieuse \u00e0 notre emplacement exclusif. R\u00e9servez maintenant!","breadcrumb":{"@id":"https:\/\/spanishbreak.com\/fr\/product\/rooftop-brunch\/#breadcrumb"},"inLanguage":"fr-FR","potentialAction":[{"@type":"ReadAction","target":["https:\/\/spanishbreak.com\/fr\/product\/rooftop-brunch\/"]}]},{"@type":"ImageObject","inLanguage":"fr-FR","@id":"https:\/\/spanishbreak.com\/fr\/product\/rooftop-brunch\/#primaryimage","url":"https:\/\/spanishbreak.com\/wp-content\/uploads\/2022\/09\/brunch-rooftop1.jpg","contentUrl":"https:\/\/spanishbreak.com\/wp-content\/uploads\/2022\/09\/brunch-rooftop1.jpg","width":1200,"height":800},{"@type":"BreadcrumbList","@id":"https:\/\/spanishbreak.com\/fr\/product\/rooftop-brunch\/#breadcrumb","itemListElement":[{"@type":"ListItem","position":1,"name":"Home","item":"https:\/\/spanishbreak.com\/"},{"@type":"ListItem","position":2,"name":"Boutique","item":"https:\/\/spanishbreak.com\/boutique\/?lang=fr"},{"@type":"ListItem","position":3,"name":"BRUNCH SUR UN ROOFTOP \u00c0 BARCELONE"}]},{"@type":"WebSite","@id":"https:\/\/spanishbreak.com\/#website","url":"https:\/\/spanishbreak.com\/","name":"Spanish Break","description":"Otro sitio realizado con WordPress","publisher":{"@id":"https:\/\/spanishbreak.com\/#organization"},"potentialAction":[{"@type":"SearchAction","target":{"@type":"EntryPoint","urlTemplate":"https:\/\/spanishbreak.com\/?s={search_term_string}"},"query-input":{"@type":"PropertyValueSpecification","valueRequired":true,"valueName":"search_term_string"}}],"inLanguage":"fr-FR"},{"@type":"Organization","@id":"https:\/\/spanishbreak.com\/#organization","name":"Spanish Break","url":"https:\/\/spanishbreak.com\/","logo":{"@type":"ImageObject","inLanguage":"fr-FR","@id":"https:\/\/spanishbreak.com\/#\/schema\/logo\/image\/","url":"https:\/\/spanishbreak.com\/wp-content\/uploads\/2024\/03\/logo-spanish-break.png","contentUrl":"https:\/\/spanishbreak.com\/wp-content\/uploads\/2024\/03\/logo-spanish-break.png","width":323,"height":37,"caption":"Spanish Break"},"image":{"@id":"https:\/\/spanishbreak.com\/#\/schema\/logo\/image\/"},"sameAs":["https:\/\/www.facebook.com\/spanishbreak","https:\/\/www.instagram.com\/spanishbreakbcn\/"]}]}},"_links":{"self":[{"href":"https:\/\/spanishbreak.com\/fr\/wp-json\/wp\/v2\/product\/4320","targetHints":{"allow":["GET"]}}],"collection":[{"href":"https:\/\/spanishbreak.com\/fr\/wp-json\/wp\/v2\/product"}],"about":[{"href":"https:\/\/spanishbreak.com\/fr\/wp-json\/wp\/v2\/types\/product"}],"replies":[{"embeddable":true,"href":"https:\/\/spanishbreak.com\/fr\/wp-json\/wp\/v2\/comments?post=4320"}],"wp:featuredmedia":[{"embeddable":true,"href":"https:\/\/spanishbreak.com\/fr\/wp-json\/wp\/v2\/media\/3333"}],"wp:attachment":[{"href":"https:\/\/spanishbreak.com\/fr\/wp-json\/wp\/v2\/media?parent=4320"}],"wp:term":[{"taxonomy":"product_brand","embeddable":true,"href":"https:\/\/spanishbreak.com\/fr\/wp-json\/wp\/v2\/product_brand?post=4320"},{"taxonomy":"product_cat","embeddable":true,"href":"https:\/\/spanishbreak.com\/fr\/wp-json\/wp\/v2\/product_cat?post=4320"},{"taxonomy":"product_tag","embeddable":true,"href":"https:\/\/spanishbreak.com\/fr\/wp-json\/wp\/v2\/product_tag?post=4320"}],"curies":[{"name":"wp","href":"https:\/\/api.w.org\/{rel}","templated":true}]}}