{"id":4323,"date":"2021-05-02T12:26:54","date_gmt":"2021-05-02T10:26:54","guid":{"rendered":"https:\/\/spanishbreak.com\/producto\/beach-games\/"},"modified":"2025-12-17T11:21:25","modified_gmt":"2025-12-17T10:21:25","slug":"beach-games","status":"publish","type":"product","link":"https:\/\/spanishbreak.com\/fr\/product\/beach-games\/","title":{"rendered":"BEACH GAMES \u00c0 BARCELONE"},"content":{"rendered":"<p><strong>Pourquoi Barcelone est-elle une ville si agr\u00e9able ? LE SOLEIL! LA PLAGE ! LA MER!<\/strong><\/p>\n<p>Un cadre\u00a0id\u00e9al pour profiter du beau soleil de Barcelone.<\/p>\n<p>Vous allez pouvoir jouer au Beach Volley, frisbee. football, &#8230; gr\u00e2ce \u00e0 votre guide qui animera votre apr\u00e8s-midi.<\/p>\n<p>Une belle journ\u00e9e en perspective pour profiter de la plage.<\/p>\n","protected":false},"excerpt":{"rendered":"<p>Pourquoi Barcelone est-elle une ville si agr\u00e9able ? LE SOLEIL! LA PLAGE ! LA MER! Un cadre\u00a0id\u00e9al pour profiter du beau soleil de Barcelone. Vous allez pouvoir jouer au Beach Volley, frisbee. football, &#8230; gr\u00e2ce \u00e0 votre guide qui animera votre apr\u00e8s-midi. Une belle journ\u00e9e en perspective pour profiter de la plage.<\/p>\n","protected":false},"featured_media":2904,"comment_status":"open","ping_status":"closed","template":"","meta":{"site-sidebar-layout":"default","site-content-layout":"default","ast-site-content-layout":"default","site-content-style":"default","site-sidebar-style":"default","ast-global-header-display":"","ast-banner-title-visibility":"","ast-main-header-display":"","ast-hfb-above-header-display":"","ast-hfb-below-header-display":"","ast-hfb-mobile-header-display":"","site-post-title":"","ast-breadcrumbs-content":"","ast-featured-img":"","footer-sml-layout":"","theme-transparent-header-meta":"default","adv-header-id-meta":"","stick-header-meta":"","header-above-stick-meta":"","header-main-stick-meta":"","header-below-stick-meta":"","astra-migrate-meta-layouts":"set","ast-page-background-enabled":"default","ast-page-background-meta":{"desktop":{"background-color":"var(--ast-global-color-4)","background-image":"","background-repeat":"repeat","background-position":"center center","background-size":"auto","background-attachment":"scroll","background-type":"","background-media":"","overlay-type":"","overlay-color":"","overlay-opacity":"","overlay-gradient":""},"tablet":{"background-color":"","background-image":"","background-repeat":"repeat","background-position":"center center","background-size":"auto","background-attachment":"scroll","background-type":"","background-media":"","overlay-type":"","overlay-color":"","overlay-opacity":"","overlay-gradient":""},"mobile":{"background-color":"","background-image":"","background-repeat":"repeat","background-position":"center center","background-size":"auto","background-attachment":"scroll","background-type":"","background-media":"","overlay-type":"","overlay-color":"","overlay-opacity":"","overlay-gradient":""}},"ast-content-background-meta":{"desktop":{"background-color":"var(--ast-global-color-5)","background-image":"","background-repeat":"repeat","background-position":"center center","background-size":"auto","background-attachment":"scroll","background-type":"","background-media":"","overlay-type":"","overlay-color":"","overlay-opacity":"","overlay-gradient":""},"tablet":{"background-color":"var(--ast-global-color-5)","background-image":"","background-repeat":"repeat","background-position":"center center","background-size":"auto","background-attachment":"scroll","background-type":"","background-media":"","overlay-type":"","overlay-color":"","overlay-opacity":"","overlay-gradient":""},"mobile":{"background-color":"var(--ast-global-color-5)","background-image":"","background-repeat":"repeat","background-position":"center center","background-size":"auto","background-attachment":"scroll","background-type":"","background-media":"","overlay-type":"","overlay-color":"","overlay-opacity":"","overlay-gradient":""}},"repeater_packs":""},"product_brand":[],"product_cat":[68,66,73,87],"product_tag":[36,35],"class_list":{"0":"post-4323","1":"product","2":"type-product","3":"status-publish","4":"has-post-thumbnail","6":"product_cat-day-time-activities","7":"product_cat-hen-fr-2","8":"product_cat-stag-fr","9":"product_cat-water-sports-activities","10":"product_tag-hen","11":"product_tag-stag","12":"desktop-align-left","13":"tablet-align-left","14":"mobile-align-left","16":"first","17":"instock","18":"sold-individually","19":"shipping-taxable","20":"purchasable","21":"product-type-simple"},"yoast_head":"<!-- This site is optimized with the Yoast SEO plugin v26.8 - https:\/\/yoast.com\/product\/yoast-seo-wordpress\/ -->\n<title>Jeux de plage \u00e0 Barcelone pour EVG et EVJF<\/title>\n<meta name=\"description\" content=\"Pourquoi Barcelone est-elle une ville si agr\u00e9able ? LE SOLEIL! LA PLAGE ! LA MER! Un cadre\u00a0id\u00e9al pour profiter du beau soleil de Barcelone. Vous allez D\u00e9couvrez notre s\u00e9lection de jeux de plage amusants \u00e0 pratiquer entre amis ou en famille sous le soleil. Parfait pour une journ\u00e9e \u00e0 la plage ! \ud83c\udfd6\ufe0f\ud83c\udf1e #beachgames\" \/>\n<meta name=\"robots\" content=\"index, follow, max-snippet:-1, max-image-preview:large, max-video-preview:-1\" \/>\n<link rel=\"canonical\" href=\"https:\/\/spanishbreak.com\/fr\/product\/beach-games\/\" \/>\n<meta property=\"og:locale\" content=\"fr_FR\" \/>\n<meta property=\"og:type\" content=\"article\" \/>\n<meta property=\"og:title\" content=\"Jeux de plage \u00e0 Barcelone pour EVG et EVJF\" \/>\n<meta property=\"og:description\" content=\"Pourquoi Barcelone est-elle une ville si agr\u00e9able ? LE SOLEIL! LA PLAGE ! LA MER! Un cadre\u00a0id\u00e9al pour profiter du beau soleil de Barcelone. Vous allez D\u00e9couvrez notre s\u00e9lection de jeux de plage amusants \u00e0 pratiquer entre amis ou en famille sous le soleil. Parfait pour une journ\u00e9e \u00e0 la plage ! \ud83c\udfd6\ufe0f\ud83c\udf1e #beachgames\" \/>\n<meta property=\"og:url\" content=\"https:\/\/spanishbreak.com\/fr\/product\/beach-games\/\" \/>\n<meta property=\"og:site_name\" content=\"Spanishbreak\" \/>\n<meta property=\"article:publisher\" content=\"https:\/\/www.facebook.com\/spanishbreak\" \/>\n<meta property=\"article:modified_time\" content=\"2025-12-17T10:21:25+00:00\" \/>\n<meta property=\"og:image\" content=\"https:\/\/spanishbreak.com\/wp-content\/uploads\/2021\/05\/Depositphotos_5022838_original-scaled.jpg\" \/>\n\t<meta property=\"og:image:width\" content=\"2560\" \/>\n\t<meta property=\"og:image:height\" content=\"1707\" \/>\n\t<meta property=\"og:image:type\" content=\"image\/jpeg\" \/>\n<meta name=\"twitter:card\" content=\"summary_large_image\" \/>\n<meta name=\"twitter:label1\" content=\"Dur\u00e9e de lecture estim\u00e9e\" \/>\n\t<meta name=\"twitter:data1\" content=\"1 minute\" \/>\n<script type=\"application\/ld+json\" class=\"yoast-schema-graph\">{\"@context\":\"https:\/\/schema.org\",\"@graph\":[{\"@type\":[\"WebPage\",\"ItemPage\"],\"@id\":\"https:\/\/spanishbreak.com\/fr\/product\/beach-games\/\",\"url\":\"https:\/\/spanishbreak.com\/fr\/product\/beach-games\/\",\"name\":\"Jeux de plage \u00e0 Barcelone pour EVG et EVJF\",\"isPartOf\":{\"@id\":\"https:\/\/spanishbreak.com\/#website\"},\"primaryImageOfPage\":{\"@id\":\"https:\/\/spanishbreak.com\/fr\/product\/beach-games\/#primaryimage\"},\"image\":{\"@id\":\"https:\/\/spanishbreak.com\/fr\/product\/beach-games\/#primaryimage\"},\"thumbnailUrl\":\"https:\/\/spanishbreak.com\/wp-content\/uploads\/2021\/05\/Depositphotos_5022838_original-scaled.jpg\",\"datePublished\":\"2021-05-02T10:26:54+00:00\",\"dateModified\":\"2025-12-17T10:21:25+00:00\",\"description\":\"Pourquoi Barcelone est-elle une ville si agr\u00e9able ? LE SOLEIL! LA PLAGE ! LA MER! Un cadre\u00a0id\u00e9al pour profiter du beau soleil de Barcelone. Vous allez D\u00e9couvrez notre s\u00e9lection de jeux de plage amusants \u00e0 pratiquer entre amis ou en famille sous le soleil. Parfait pour une journ\u00e9e \u00e0 la plage ! \ud83c\udfd6\ufe0f\ud83c\udf1e #beachgames\",\"breadcrumb\":{\"@id\":\"https:\/\/spanishbreak.com\/fr\/product\/beach-games\/#breadcrumb\"},\"inLanguage\":\"fr-FR\",\"potentialAction\":[{\"@type\":\"ReadAction\",\"target\":[\"https:\/\/spanishbreak.com\/fr\/product\/beach-games\/\"]}]},{\"@type\":\"ImageObject\",\"inLanguage\":\"fr-FR\",\"@id\":\"https:\/\/spanishbreak.com\/fr\/product\/beach-games\/#primaryimage\",\"url\":\"https:\/\/spanishbreak.com\/wp-content\/uploads\/2021\/05\/Depositphotos_5022838_original-scaled.jpg\",\"contentUrl\":\"https:\/\/spanishbreak.com\/wp-content\/uploads\/2021\/05\/Depositphotos_5022838_original-scaled.jpg\",\"width\":2560,\"height\":1707,\"caption\":\"Diving after the ball under a clear blue sky\"},{\"@type\":\"BreadcrumbList\",\"@id\":\"https:\/\/spanishbreak.com\/fr\/product\/beach-games\/#breadcrumb\",\"itemListElement\":[{\"@type\":\"ListItem\",\"position\":1,\"name\":\"Home\",\"item\":\"https:\/\/spanishbreak.com\/\"},{\"@type\":\"ListItem\",\"position\":2,\"name\":\"Boutique\",\"item\":\"https:\/\/spanishbreak.com\/boutique\/?lang=fr\"},{\"@type\":\"ListItem\",\"position\":3,\"name\":\"BEACH GAMES \u00c0 BARCELONE\"}]},{\"@type\":\"WebSite\",\"@id\":\"https:\/\/spanishbreak.com\/#website\",\"url\":\"https:\/\/spanishbreak.com\/\",\"name\":\"Spanish Break\",\"description\":\"Otro sitio realizado con WordPress\",\"publisher\":{\"@id\":\"https:\/\/spanishbreak.com\/#organization\"},\"potentialAction\":[{\"@type\":\"SearchAction\",\"target\":{\"@type\":\"EntryPoint\",\"urlTemplate\":\"https:\/\/spanishbreak.com\/?s={search_term_string}\"},\"query-input\":{\"@type\":\"PropertyValueSpecification\",\"valueRequired\":true,\"valueName\":\"search_term_string\"}}],\"inLanguage\":\"fr-FR\"},{\"@type\":\"Organization\",\"@id\":\"https:\/\/spanishbreak.com\/#organization\",\"name\":\"Spanish Break\",\"url\":\"https:\/\/spanishbreak.com\/\",\"logo\":{\"@type\":\"ImageObject\",\"inLanguage\":\"fr-FR\",\"@id\":\"https:\/\/spanishbreak.com\/#\/schema\/logo\/image\/\",\"url\":\"https:\/\/spanishbreak.com\/wp-content\/uploads\/2024\/03\/logo-spanish-break.png\",\"contentUrl\":\"https:\/\/spanishbreak.com\/wp-content\/uploads\/2024\/03\/logo-spanish-break.png\",\"width\":323,\"height\":37,\"caption\":\"Spanish Break\"},\"image\":{\"@id\":\"https:\/\/spanishbreak.com\/#\/schema\/logo\/image\/\"},\"sameAs\":[\"https:\/\/www.facebook.com\/spanishbreak\",\"https:\/\/www.instagram.com\/spanishbreakbcn\/\"]}]}<\/script>\n<!-- \/ Yoast SEO plugin. -->","yoast_head_json":{"title":"Jeux de plage \u00e0 Barcelone pour EVG et EVJF","description":"Pourquoi Barcelone est-elle une ville si agr\u00e9able ? LE SOLEIL! LA PLAGE ! LA MER! Un cadre\u00a0id\u00e9al pour profiter du beau soleil de Barcelone. Vous allez D\u00e9couvrez notre s\u00e9lection de jeux de plage amusants \u00e0 pratiquer entre amis ou en famille sous le soleil. Parfait pour une journ\u00e9e \u00e0 la plage ! \ud83c\udfd6\ufe0f\ud83c\udf1e #beachgames","robots":{"index":"index","follow":"follow","max-snippet":"max-snippet:-1","max-image-preview":"max-image-preview:large","max-video-preview":"max-video-preview:-1"},"canonical":"https:\/\/spanishbreak.com\/fr\/product\/beach-games\/","og_locale":"fr_FR","og_type":"article","og_title":"Jeux de plage \u00e0 Barcelone pour EVG et EVJF","og_description":"Pourquoi Barcelone est-elle une ville si agr\u00e9able ? LE SOLEIL! LA PLAGE ! LA MER! Un cadre\u00a0id\u00e9al pour profiter du beau soleil de Barcelone. Vous allez D\u00e9couvrez notre s\u00e9lection de jeux de plage amusants \u00e0 pratiquer entre amis ou en famille sous le soleil. Parfait pour une journ\u00e9e \u00e0 la plage ! \ud83c\udfd6\ufe0f\ud83c\udf1e #beachgames","og_url":"https:\/\/spanishbreak.com\/fr\/product\/beach-games\/","og_site_name":"Spanishbreak","article_publisher":"https:\/\/www.facebook.com\/spanishbreak","article_modified_time":"2025-12-17T10:21:25+00:00","og_image":[{"width":2560,"height":1707,"url":"https:\/\/spanishbreak.com\/wp-content\/uploads\/2021\/05\/Depositphotos_5022838_original-scaled.jpg","type":"image\/jpeg"}],"twitter_card":"summary_large_image","twitter_misc":{"Dur\u00e9e de lecture estim\u00e9e":"1 minute"},"schema":{"@context":"https:\/\/schema.org","@graph":[{"@type":["WebPage","ItemPage"],"@id":"https:\/\/spanishbreak.com\/fr\/product\/beach-games\/","url":"https:\/\/spanishbreak.com\/fr\/product\/beach-games\/","name":"Jeux de plage \u00e0 Barcelone pour EVG et EVJF","isPartOf":{"@id":"https:\/\/spanishbreak.com\/#website"},"primaryImageOfPage":{"@id":"https:\/\/spanishbreak.com\/fr\/product\/beach-games\/#primaryimage"},"image":{"@id":"https:\/\/spanishbreak.com\/fr\/product\/beach-games\/#primaryimage"},"thumbnailUrl":"https:\/\/spanishbreak.com\/wp-content\/uploads\/2021\/05\/Depositphotos_5022838_original-scaled.jpg","datePublished":"2021-05-02T10:26:54+00:00","dateModified":"2025-12-17T10:21:25+00:00","description":"Pourquoi Barcelone est-elle une ville si agr\u00e9able ? LE SOLEIL! LA PLAGE ! LA MER! Un cadre\u00a0id\u00e9al pour profiter du beau soleil de Barcelone. Vous allez D\u00e9couvrez notre s\u00e9lection de jeux de plage amusants \u00e0 pratiquer entre amis ou en famille sous le soleil. Parfait pour une journ\u00e9e \u00e0 la plage ! \ud83c\udfd6\ufe0f\ud83c\udf1e #beachgames","breadcrumb":{"@id":"https:\/\/spanishbreak.com\/fr\/product\/beach-games\/#breadcrumb"},"inLanguage":"fr-FR","potentialAction":[{"@type":"ReadAction","target":["https:\/\/spanishbreak.com\/fr\/product\/beach-games\/"]}]},{"@type":"ImageObject","inLanguage":"fr-FR","@id":"https:\/\/spanishbreak.com\/fr\/product\/beach-games\/#primaryimage","url":"https:\/\/spanishbreak.com\/wp-content\/uploads\/2021\/05\/Depositphotos_5022838_original-scaled.jpg","contentUrl":"https:\/\/spanishbreak.com\/wp-content\/uploads\/2021\/05\/Depositphotos_5022838_original-scaled.jpg","width":2560,"height":1707,"caption":"Diving after the ball under a clear blue sky"},{"@type":"BreadcrumbList","@id":"https:\/\/spanishbreak.com\/fr\/product\/beach-games\/#breadcrumb","itemListElement":[{"@type":"ListItem","position":1,"name":"Home","item":"https:\/\/spanishbreak.com\/"},{"@type":"ListItem","position":2,"name":"Boutique","item":"https:\/\/spanishbreak.com\/boutique\/?lang=fr"},{"@type":"ListItem","position":3,"name":"BEACH GAMES \u00c0 BARCELONE"}]},{"@type":"WebSite","@id":"https:\/\/spanishbreak.com\/#website","url":"https:\/\/spanishbreak.com\/","name":"Spanish Break","description":"Otro sitio realizado con WordPress","publisher":{"@id":"https:\/\/spanishbreak.com\/#organization"},"potentialAction":[{"@type":"SearchAction","target":{"@type":"EntryPoint","urlTemplate":"https:\/\/spanishbreak.com\/?s={search_term_string}"},"query-input":{"@type":"PropertyValueSpecification","valueRequired":true,"valueName":"search_term_string"}}],"inLanguage":"fr-FR"},{"@type":"Organization","@id":"https:\/\/spanishbreak.com\/#organization","name":"Spanish Break","url":"https:\/\/spanishbreak.com\/","logo":{"@type":"ImageObject","inLanguage":"fr-FR","@id":"https:\/\/spanishbreak.com\/#\/schema\/logo\/image\/","url":"https:\/\/spanishbreak.com\/wp-content\/uploads\/2024\/03\/logo-spanish-break.png","contentUrl":"https:\/\/spanishbreak.com\/wp-content\/uploads\/2024\/03\/logo-spanish-break.png","width":323,"height":37,"caption":"Spanish Break"},"image":{"@id":"https:\/\/spanishbreak.com\/#\/schema\/logo\/image\/"},"sameAs":["https:\/\/www.facebook.com\/spanishbreak","https:\/\/www.instagram.com\/spanishbreakbcn\/"]}]}},"_links":{"self":[{"href":"https:\/\/spanishbreak.com\/fr\/wp-json\/wp\/v2\/product\/4323","targetHints":{"allow":["GET"]}}],"collection":[{"href":"https:\/\/spanishbreak.com\/fr\/wp-json\/wp\/v2\/product"}],"about":[{"href":"https:\/\/spanishbreak.com\/fr\/wp-json\/wp\/v2\/types\/product"}],"replies":[{"embeddable":true,"href":"https:\/\/spanishbreak.com\/fr\/wp-json\/wp\/v2\/comments?post=4323"}],"wp:featuredmedia":[{"embeddable":true,"href":"https:\/\/spanishbreak.com\/fr\/wp-json\/wp\/v2\/media\/2904"}],"wp:attachment":[{"href":"https:\/\/spanishbreak.com\/fr\/wp-json\/wp\/v2\/media?parent=4323"}],"wp:term":[{"taxonomy":"product_brand","embeddable":true,"href":"https:\/\/spanishbreak.com\/fr\/wp-json\/wp\/v2\/product_brand?post=4323"},{"taxonomy":"product_cat","embeddable":true,"href":"https:\/\/spanishbreak.com\/fr\/wp-json\/wp\/v2\/product_cat?post=4323"},{"taxonomy":"product_tag","embeddable":true,"href":"https:\/\/spanishbreak.com\/fr\/wp-json\/wp\/v2\/product_tag?post=4323"}],"curies":[{"name":"wp","href":"https:\/\/api.w.org\/{rel}","templated":true}]}}