{"id":4324,"date":"2021-04-29T15:07:39","date_gmt":"2021-04-29T13:07:39","guid":{"rendered":"https:\/\/spanishbreak.com\/producto\/paddle-surf-barcelona\/"},"modified":"2025-12-17T11:24:00","modified_gmt":"2025-12-17T10:24:00","slug":"paddle-surf-barcelona","status":"publish","type":"product","link":"https:\/\/spanishbreak.com\/fr\/product\/paddle-surf-barcelona\/","title":{"rendered":"Paddle \u00e0 Barcelone"},"content":{"rendered":"<p>Le Paddle surf est une exp\u00e9rience que vous devez \u00e0 tout prix essayer pour votre EVG\/EVJF ! Cette activit\u00e9 est de plus en plus r\u00e9pandue devient un incontournable\u00a0 du sport nautique.<\/p>\n<p>Si vous vous sentez l&rsquo;\u00e2me d&rsquo;un surfeur, d&rsquo;un aventurier qui aime explorer les plages, les criques et les \u00eeles, alors le Paddle est fait pour vous.<\/p>\n<p>L&rsquo;activit\u00e9 se d\u00e9roule au\u00a0Port Olimpic de Barcelone, c&rsquo;est-\u00e0-dire\u00a0pr\u00e8s des plages, de quoi passer une belle journ\u00e9e !<\/p>\n<p>Si vous souhaitez faire 2 heures de Paddle, pas de souci nous pouvons le faire. Vous pouvez \u00e9galement combiner cette activit\u00e9 avec du banana boat, flyfish, crazy sofa ou jetski.<\/p>\n","protected":false},"excerpt":{"rendered":"<p>Le Paddle surf est une exp\u00e9rience que vous devez \u00e0 tout prix essayer pour votre EVG\/EVJF ! Cette activit\u00e9 est de plus en plus r\u00e9pandue devient un incontournable\u00a0 du sport nautique. Si vous vous sentez l&rsquo;\u00e2me d&rsquo;un surfeur, d&rsquo;un aventurier qui aime explorer les plages, les criques et les \u00eeles, alors le Paddle est fait [&hellip;]<\/p>\n","protected":false},"featured_media":2839,"comment_status":"open","ping_status":"closed","template":"","meta":{"site-sidebar-layout":"default","site-content-layout":"default","ast-site-content-layout":"default","site-content-style":"default","site-sidebar-style":"default","ast-global-header-display":"","ast-banner-title-visibility":"","ast-main-header-display":"","ast-hfb-above-header-display":"","ast-hfb-below-header-display":"","ast-hfb-mobile-header-display":"","site-post-title":"","ast-breadcrumbs-content":"","ast-featured-img":"","footer-sml-layout":"","theme-transparent-header-meta":"default","adv-header-id-meta":"","stick-header-meta":"","header-above-stick-meta":"","header-main-stick-meta":"","header-below-stick-meta":"","astra-migrate-meta-layouts":"set","ast-page-background-enabled":"default","ast-page-background-meta":{"desktop":{"background-color":"var(--ast-global-color-4)","background-image":"","background-repeat":"repeat","background-position":"center center","background-size":"auto","background-attachment":"scroll","background-type":"","background-media":"","overlay-type":"","overlay-color":"","overlay-opacity":"","overlay-gradient":""},"tablet":{"background-color":"","background-image":"","background-repeat":"repeat","background-position":"center center","background-size":"auto","background-attachment":"scroll","background-type":"","background-media":"","overlay-type":"","overlay-color":"","overlay-opacity":"","overlay-gradient":""},"mobile":{"background-color":"","background-image":"","background-repeat":"repeat","background-position":"center center","background-size":"auto","background-attachment":"scroll","background-type":"","background-media":"","overlay-type":"","overlay-color":"","overlay-opacity":"","overlay-gradient":""}},"ast-content-background-meta":{"desktop":{"background-color":"var(--ast-global-color-5)","background-image":"","background-repeat":"repeat","background-position":"center center","background-size":"auto","background-attachment":"scroll","background-type":"","background-media":"","overlay-type":"","overlay-color":"","overlay-opacity":"","overlay-gradient":""},"tablet":{"background-color":"var(--ast-global-color-5)","background-image":"","background-repeat":"repeat","background-position":"center center","background-size":"auto","background-attachment":"scroll","background-type":"","background-media":"","overlay-type":"","overlay-color":"","overlay-opacity":"","overlay-gradient":""},"mobile":{"background-color":"var(--ast-global-color-5)","background-image":"","background-repeat":"repeat","background-position":"center center","background-size":"auto","background-attachment":"scroll","background-type":"","background-media":"","overlay-type":"","overlay-color":"","overlay-opacity":"","overlay-gradient":""}},"repeater_packs":""},"product_brand":[],"product_cat":[68,66,73,87],"product_tag":[36,35],"class_list":{"0":"post-4324","1":"product","2":"type-product","3":"status-publish","4":"has-post-thumbnail","6":"product_cat-day-time-activities","7":"product_cat-hen-fr-2","8":"product_cat-stag-fr","9":"product_cat-water-sports-activities","10":"product_tag-hen","11":"product_tag-stag","12":"desktop-align-left","13":"tablet-align-left","14":"mobile-align-left","16":"first","17":"instock","18":"shipping-taxable","19":"purchasable","20":"product-type-simple"},"yoast_head":"<!-- This site is optimized with the Yoast SEO plugin v26.8 - https:\/\/yoast.com\/product\/yoast-seo-wordpress\/ -->\n<title>Paddle \u00e0 Barcelone - D\u00e9couvrez les meilleures vagues<\/title>\n<meta name=\"description\" content=\"Le Paddle surf est une exp\u00e9rience que vous devez \u00e0 tout prix essayer pour votre EVG\/EVJF ! Cette activit\u00e9 est de plus en plus r\u00e9pandue devient un D\u00e9couvrez les sensations uniques du paddle surf \u00e0 Barcelone avec nos excursions guid\u00e9es et profitez de la mer M\u00e9diterran\u00e9e.\" \/>\n<meta name=\"robots\" content=\"index, follow, max-snippet:-1, max-image-preview:large, max-video-preview:-1\" \/>\n<link rel=\"canonical\" href=\"https:\/\/spanishbreak.com\/fr\/product\/paddle-surf-barcelona\/\" \/>\n<meta property=\"og:locale\" content=\"fr_FR\" \/>\n<meta property=\"og:type\" content=\"article\" \/>\n<meta property=\"og:title\" content=\"Paddle \u00e0 Barcelone - D\u00e9couvrez les meilleures vagues\" \/>\n<meta property=\"og:description\" content=\"Le Paddle surf est une exp\u00e9rience que vous devez \u00e0 tout prix essayer pour votre EVG\/EVJF ! Cette activit\u00e9 est de plus en plus r\u00e9pandue devient un D\u00e9couvrez les sensations uniques du paddle surf \u00e0 Barcelone avec nos excursions guid\u00e9es et profitez de la mer M\u00e9diterran\u00e9e.\" \/>\n<meta property=\"og:url\" content=\"https:\/\/spanishbreak.com\/fr\/product\/paddle-surf-barcelona\/\" \/>\n<meta property=\"og:site_name\" content=\"Spanishbreak\" \/>\n<meta property=\"article:publisher\" content=\"https:\/\/www.facebook.com\/spanishbreak\" \/>\n<meta property=\"article:modified_time\" content=\"2025-12-17T10:24:00+00:00\" \/>\n<meta property=\"og:image\" content=\"https:\/\/spanishbreak.com\/wp-content\/uploads\/2021\/04\/paddle-surf-barcelona.jpg\" \/>\n\t<meta property=\"og:image:width\" content=\"600\" \/>\n\t<meta property=\"og:image:height\" content=\"401\" \/>\n\t<meta property=\"og:image:type\" content=\"image\/jpeg\" \/>\n<meta name=\"twitter:card\" content=\"summary_large_image\" \/>\n<meta name=\"twitter:label1\" content=\"Dur\u00e9e de lecture estim\u00e9e\" \/>\n\t<meta name=\"twitter:data1\" content=\"1 minute\" \/>\n<script type=\"application\/ld+json\" class=\"yoast-schema-graph\">{\"@context\":\"https:\/\/schema.org\",\"@graph\":[{\"@type\":[\"WebPage\",\"ItemPage\"],\"@id\":\"https:\/\/spanishbreak.com\/fr\/product\/paddle-surf-barcelona\/\",\"url\":\"https:\/\/spanishbreak.com\/fr\/product\/paddle-surf-barcelona\/\",\"name\":\"Paddle \u00e0 Barcelone - D\u00e9couvrez les meilleures vagues\",\"isPartOf\":{\"@id\":\"https:\/\/spanishbreak.com\/#website\"},\"primaryImageOfPage\":{\"@id\":\"https:\/\/spanishbreak.com\/fr\/product\/paddle-surf-barcelona\/#primaryimage\"},\"image\":{\"@id\":\"https:\/\/spanishbreak.com\/fr\/product\/paddle-surf-barcelona\/#primaryimage\"},\"thumbnailUrl\":\"https:\/\/spanishbreak.com\/wp-content\/uploads\/2021\/04\/paddle-surf-barcelona.jpg\",\"datePublished\":\"2021-04-29T13:07:39+00:00\",\"dateModified\":\"2025-12-17T10:24:00+00:00\",\"description\":\"Le Paddle surf est une exp\u00e9rience que vous devez \u00e0 tout prix essayer pour votre EVG\/EVJF ! Cette activit\u00e9 est de plus en plus r\u00e9pandue devient un D\u00e9couvrez les sensations uniques du paddle surf \u00e0 Barcelone avec nos excursions guid\u00e9es et profitez de la mer M\u00e9diterran\u00e9e.\",\"breadcrumb\":{\"@id\":\"https:\/\/spanishbreak.com\/fr\/product\/paddle-surf-barcelona\/#breadcrumb\"},\"inLanguage\":\"fr-FR\",\"potentialAction\":[{\"@type\":\"ReadAction\",\"target\":[\"https:\/\/spanishbreak.com\/fr\/product\/paddle-surf-barcelona\/\"]}]},{\"@type\":\"ImageObject\",\"inLanguage\":\"fr-FR\",\"@id\":\"https:\/\/spanishbreak.com\/fr\/product\/paddle-surf-barcelona\/#primaryimage\",\"url\":\"https:\/\/spanishbreak.com\/wp-content\/uploads\/2021\/04\/paddle-surf-barcelona.jpg\",\"contentUrl\":\"https:\/\/spanishbreak.com\/wp-content\/uploads\/2021\/04\/paddle-surf-barcelona.jpg\",\"width\":600,\"height\":401},{\"@type\":\"BreadcrumbList\",\"@id\":\"https:\/\/spanishbreak.com\/fr\/product\/paddle-surf-barcelona\/#breadcrumb\",\"itemListElement\":[{\"@type\":\"ListItem\",\"position\":1,\"name\":\"Home\",\"item\":\"https:\/\/spanishbreak.com\/\"},{\"@type\":\"ListItem\",\"position\":2,\"name\":\"Boutique\",\"item\":\"https:\/\/spanishbreak.com\/boutique\/?lang=fr\"},{\"@type\":\"ListItem\",\"position\":3,\"name\":\"Paddle \u00e0 Barcelone\"}]},{\"@type\":\"WebSite\",\"@id\":\"https:\/\/spanishbreak.com\/#website\",\"url\":\"https:\/\/spanishbreak.com\/\",\"name\":\"Spanish Break\",\"description\":\"Otro sitio realizado con WordPress\",\"publisher\":{\"@id\":\"https:\/\/spanishbreak.com\/#organization\"},\"potentialAction\":[{\"@type\":\"SearchAction\",\"target\":{\"@type\":\"EntryPoint\",\"urlTemplate\":\"https:\/\/spanishbreak.com\/?s={search_term_string}\"},\"query-input\":{\"@type\":\"PropertyValueSpecification\",\"valueRequired\":true,\"valueName\":\"search_term_string\"}}],\"inLanguage\":\"fr-FR\"},{\"@type\":\"Organization\",\"@id\":\"https:\/\/spanishbreak.com\/#organization\",\"name\":\"Spanish Break\",\"url\":\"https:\/\/spanishbreak.com\/\",\"logo\":{\"@type\":\"ImageObject\",\"inLanguage\":\"fr-FR\",\"@id\":\"https:\/\/spanishbreak.com\/#\/schema\/logo\/image\/\",\"url\":\"https:\/\/spanishbreak.com\/wp-content\/uploads\/2024\/03\/logo-spanish-break.png\",\"contentUrl\":\"https:\/\/spanishbreak.com\/wp-content\/uploads\/2024\/03\/logo-spanish-break.png\",\"width\":323,\"height\":37,\"caption\":\"Spanish Break\"},\"image\":{\"@id\":\"https:\/\/spanishbreak.com\/#\/schema\/logo\/image\/\"},\"sameAs\":[\"https:\/\/www.facebook.com\/spanishbreak\",\"https:\/\/www.instagram.com\/spanishbreakbcn\/\"]}]}<\/script>\n<!-- \/ Yoast SEO plugin. -->","yoast_head_json":{"title":"Paddle \u00e0 Barcelone - D\u00e9couvrez les meilleures vagues","description":"Le Paddle surf est une exp\u00e9rience que vous devez \u00e0 tout prix essayer pour votre EVG\/EVJF ! Cette activit\u00e9 est de plus en plus r\u00e9pandue devient un D\u00e9couvrez les sensations uniques du paddle surf \u00e0 Barcelone avec nos excursions guid\u00e9es et profitez de la mer M\u00e9diterran\u00e9e.","robots":{"index":"index","follow":"follow","max-snippet":"max-snippet:-1","max-image-preview":"max-image-preview:large","max-video-preview":"max-video-preview:-1"},"canonical":"https:\/\/spanishbreak.com\/fr\/product\/paddle-surf-barcelona\/","og_locale":"fr_FR","og_type":"article","og_title":"Paddle \u00e0 Barcelone - D\u00e9couvrez les meilleures vagues","og_description":"Le Paddle surf est une exp\u00e9rience que vous devez \u00e0 tout prix essayer pour votre EVG\/EVJF ! Cette activit\u00e9 est de plus en plus r\u00e9pandue devient un D\u00e9couvrez les sensations uniques du paddle surf \u00e0 Barcelone avec nos excursions guid\u00e9es et profitez de la mer M\u00e9diterran\u00e9e.","og_url":"https:\/\/spanishbreak.com\/fr\/product\/paddle-surf-barcelona\/","og_site_name":"Spanishbreak","article_publisher":"https:\/\/www.facebook.com\/spanishbreak","article_modified_time":"2025-12-17T10:24:00+00:00","og_image":[{"width":600,"height":401,"url":"https:\/\/spanishbreak.com\/wp-content\/uploads\/2021\/04\/paddle-surf-barcelona.jpg","type":"image\/jpeg"}],"twitter_card":"summary_large_image","twitter_misc":{"Dur\u00e9e de lecture estim\u00e9e":"1 minute"},"schema":{"@context":"https:\/\/schema.org","@graph":[{"@type":["WebPage","ItemPage"],"@id":"https:\/\/spanishbreak.com\/fr\/product\/paddle-surf-barcelona\/","url":"https:\/\/spanishbreak.com\/fr\/product\/paddle-surf-barcelona\/","name":"Paddle \u00e0 Barcelone - D\u00e9couvrez les meilleures vagues","isPartOf":{"@id":"https:\/\/spanishbreak.com\/#website"},"primaryImageOfPage":{"@id":"https:\/\/spanishbreak.com\/fr\/product\/paddle-surf-barcelona\/#primaryimage"},"image":{"@id":"https:\/\/spanishbreak.com\/fr\/product\/paddle-surf-barcelona\/#primaryimage"},"thumbnailUrl":"https:\/\/spanishbreak.com\/wp-content\/uploads\/2021\/04\/paddle-surf-barcelona.jpg","datePublished":"2021-04-29T13:07:39+00:00","dateModified":"2025-12-17T10:24:00+00:00","description":"Le Paddle surf est une exp\u00e9rience que vous devez \u00e0 tout prix essayer pour votre EVG\/EVJF ! Cette activit\u00e9 est de plus en plus r\u00e9pandue devient un D\u00e9couvrez les sensations uniques du paddle surf \u00e0 Barcelone avec nos excursions guid\u00e9es et profitez de la mer M\u00e9diterran\u00e9e.","breadcrumb":{"@id":"https:\/\/spanishbreak.com\/fr\/product\/paddle-surf-barcelona\/#breadcrumb"},"inLanguage":"fr-FR","potentialAction":[{"@type":"ReadAction","target":["https:\/\/spanishbreak.com\/fr\/product\/paddle-surf-barcelona\/"]}]},{"@type":"ImageObject","inLanguage":"fr-FR","@id":"https:\/\/spanishbreak.com\/fr\/product\/paddle-surf-barcelona\/#primaryimage","url":"https:\/\/spanishbreak.com\/wp-content\/uploads\/2021\/04\/paddle-surf-barcelona.jpg","contentUrl":"https:\/\/spanishbreak.com\/wp-content\/uploads\/2021\/04\/paddle-surf-barcelona.jpg","width":600,"height":401},{"@type":"BreadcrumbList","@id":"https:\/\/spanishbreak.com\/fr\/product\/paddle-surf-barcelona\/#breadcrumb","itemListElement":[{"@type":"ListItem","position":1,"name":"Home","item":"https:\/\/spanishbreak.com\/"},{"@type":"ListItem","position":2,"name":"Boutique","item":"https:\/\/spanishbreak.com\/boutique\/?lang=fr"},{"@type":"ListItem","position":3,"name":"Paddle \u00e0 Barcelone"}]},{"@type":"WebSite","@id":"https:\/\/spanishbreak.com\/#website","url":"https:\/\/spanishbreak.com\/","name":"Spanish Break","description":"Otro sitio realizado con WordPress","publisher":{"@id":"https:\/\/spanishbreak.com\/#organization"},"potentialAction":[{"@type":"SearchAction","target":{"@type":"EntryPoint","urlTemplate":"https:\/\/spanishbreak.com\/?s={search_term_string}"},"query-input":{"@type":"PropertyValueSpecification","valueRequired":true,"valueName":"search_term_string"}}],"inLanguage":"fr-FR"},{"@type":"Organization","@id":"https:\/\/spanishbreak.com\/#organization","name":"Spanish Break","url":"https:\/\/spanishbreak.com\/","logo":{"@type":"ImageObject","inLanguage":"fr-FR","@id":"https:\/\/spanishbreak.com\/#\/schema\/logo\/image\/","url":"https:\/\/spanishbreak.com\/wp-content\/uploads\/2024\/03\/logo-spanish-break.png","contentUrl":"https:\/\/spanishbreak.com\/wp-content\/uploads\/2024\/03\/logo-spanish-break.png","width":323,"height":37,"caption":"Spanish Break"},"image":{"@id":"https:\/\/spanishbreak.com\/#\/schema\/logo\/image\/"},"sameAs":["https:\/\/www.facebook.com\/spanishbreak","https:\/\/www.instagram.com\/spanishbreakbcn\/"]}]}},"_links":{"self":[{"href":"https:\/\/spanishbreak.com\/fr\/wp-json\/wp\/v2\/product\/4324","targetHints":{"allow":["GET"]}}],"collection":[{"href":"https:\/\/spanishbreak.com\/fr\/wp-json\/wp\/v2\/product"}],"about":[{"href":"https:\/\/spanishbreak.com\/fr\/wp-json\/wp\/v2\/types\/product"}],"replies":[{"embeddable":true,"href":"https:\/\/spanishbreak.com\/fr\/wp-json\/wp\/v2\/comments?post=4324"}],"wp:featuredmedia":[{"embeddable":true,"href":"https:\/\/spanishbreak.com\/fr\/wp-json\/wp\/v2\/media\/2839"}],"wp:attachment":[{"href":"https:\/\/spanishbreak.com\/fr\/wp-json\/wp\/v2\/media?parent=4324"}],"wp:term":[{"taxonomy":"product_brand","embeddable":true,"href":"https:\/\/spanishbreak.com\/fr\/wp-json\/wp\/v2\/product_brand?post=4324"},{"taxonomy":"product_cat","embeddable":true,"href":"https:\/\/spanishbreak.com\/fr\/wp-json\/wp\/v2\/product_cat?post=4324"},{"taxonomy":"product_tag","embeddable":true,"href":"https:\/\/spanishbreak.com\/fr\/wp-json\/wp\/v2\/product_tag?post=4324"}],"curies":[{"name":"wp","href":"https:\/\/api.w.org\/{rel}","templated":true}]}}