{"id":4359,"date":"2023-02-26T10:03:54","date_gmt":"2023-02-26T10:03:54","guid":{"rendered":"https:\/\/spanishbreak.com\/producto\/crazy-pack-speed-boat-jet-ski-banana-boat\/"},"modified":"2024-09-25T16:34:57","modified_gmt":"2024-09-25T16:34:57","slug":"crazy-pack-speed-boat-jet-ski-banana-boat","status":"publish","type":"product","link":"https:\/\/spanishbreak.com\/fr\/product\/crazy-pack-speed-boat-jet-ski-banana-boat\/","title":{"rendered":"CRAZY PACK \u00c0 BARCELONE: CRAZY SOFA+ JET SKI + BANANA BOAT"},"content":{"rendered":"<p><strong>Plongez dans le pack\u00a0 de folie pure\u00a0!<\/strong><\/p>\n<p>Vous cherchez les\u00a0<strong>activit\u00e9s nautiques <\/strong>les plus folles pour votre <strong>EVG &#8211; <a href=\"https:\/\/spanishbreak.com\/evjf-barcelone\/?lang=fr\">EVJF \u00e0 Barcelone<\/a> ?<\/strong> Ce pack est d\u00e9finitivement fait pour vous\u00a0!<\/p>\n<p>Votre groupe va d\u00e9couvrir trois modes de transport extr\u00eames ! Tout d\u2019abord, vous embarquerez pendant 15 minutes sur le banana boat, puis suivront 15 minutes sur le Crazy Sofa avant de terminer l\u2019activit\u00e9 par 15 minutes de jet-ski chacun !<\/p>\n<p>&nbsp;<\/p>\n","protected":false},"excerpt":{"rendered":"<p>Plongez dans le pack\u00a0 de folie pure\u00a0! Vous cherchez les\u00a0activit\u00e9s nautiques les plus folles pour votre EVG &#8211; EVJF \u00e0 Barcelone ? Ce pack est d\u00e9finitivement fait pour vous\u00a0! Votre groupe va d\u00e9couvrir trois modes de transport extr\u00eames ! Tout d\u2019abord, vous embarquerez pendant 15 minutes sur le banana boat, puis suivront 15 minutes sur [&hellip;]<\/p>\n","protected":false},"featured_media":5040,"comment_status":"closed","ping_status":"closed","template":"","meta":{"site-sidebar-layout":"default","site-content-layout":"default","ast-site-content-layout":"default","site-content-style":"default","site-sidebar-style":"default","ast-global-header-display":"","ast-banner-title-visibility":"","ast-main-header-display":"","ast-hfb-above-header-display":"","ast-hfb-below-header-display":"","ast-hfb-mobile-header-display":"","site-post-title":"","ast-breadcrumbs-content":"","ast-featured-img":"","footer-sml-layout":"","theme-transparent-header-meta":"default","adv-header-id-meta":"","stick-header-meta":"","header-above-stick-meta":"","header-main-stick-meta":"","header-below-stick-meta":"","astra-migrate-meta-layouts":"set","ast-page-background-enabled":"default","ast-page-background-meta":{"desktop":{"background-color":"var(--ast-global-color-4)","background-image":"","background-repeat":"repeat","background-position":"center center","background-size":"auto","background-attachment":"scroll","background-type":"","background-media":"","overlay-type":"","overlay-color":"","overlay-opacity":"","overlay-gradient":""},"tablet":{"background-color":"","background-image":"","background-repeat":"repeat","background-position":"center center","background-size":"auto","background-attachment":"scroll","background-type":"","background-media":"","overlay-type":"","overlay-color":"","overlay-opacity":"","overlay-gradient":""},"mobile":{"background-color":"","background-image":"","background-repeat":"repeat","background-position":"center center","background-size":"auto","background-attachment":"scroll","background-type":"","background-media":"","overlay-type":"","overlay-color":"","overlay-opacity":"","overlay-gradient":""}},"ast-content-background-meta":{"desktop":{"background-color":"var(--ast-global-color-5)","background-image":"","background-repeat":"repeat","background-position":"center center","background-size":"auto","background-attachment":"scroll","background-type":"","background-media":"","overlay-type":"","overlay-color":"","overlay-opacity":"","overlay-gradient":""},"tablet":{"background-color":"var(--ast-global-color-5)","background-image":"","background-repeat":"repeat","background-position":"center center","background-size":"auto","background-attachment":"scroll","background-type":"","background-media":"","overlay-type":"","overlay-color":"","overlay-opacity":"","overlay-gradient":""},"mobile":{"background-color":"var(--ast-global-color-5)","background-image":"","background-repeat":"repeat","background-position":"center center","background-size":"auto","background-attachment":"scroll","background-type":"","background-media":"","overlay-type":"","overlay-color":"","overlay-opacity":"","overlay-gradient":""}},"repeater_packs":""},"product_brand":[],"product_cat":[68,66,73,87],"product_tag":[36,35],"class_list":{"0":"post-4359","1":"product","2":"type-product","3":"status-publish","4":"has-post-thumbnail","6":"product_cat-day-time-activities","7":"product_cat-hen-fr-2","8":"product_cat-stag-fr","9":"product_cat-water-sports-activities","10":"product_tag-hen","11":"product_tag-stag","12":"desktop-align-left","13":"tablet-align-left","14":"mobile-align-left","16":"first","17":"instock","18":"shipping-taxable","19":"product-type-simple"},"yoast_head":"<!-- This site is optimized with the Yoast SEO plugin v26.8 - https:\/\/yoast.com\/product\/yoast-seo-wordpress\/ -->\n<title>Crazy Pack \u00e0 Barcelone: Speed Boat, Jet Ski &amp; Banana Boat<\/title>\n<meta name=\"description\" content=\"Pack sensationnel de sports nautiques: bateau rapide, jet ski et banane gonflable. Vivez l&#039;aventure en mer!\" \/>\n<meta name=\"robots\" content=\"index, follow, max-snippet:-1, max-image-preview:large, max-video-preview:-1\" \/>\n<link rel=\"canonical\" href=\"https:\/\/spanishbreak.com\/product\/crazy-pack-speed-boat-jet-ski-banana-boat\/\" \/>\n<meta property=\"og:locale\" content=\"fr_FR\" \/>\n<meta property=\"og:type\" content=\"article\" \/>\n<meta property=\"og:title\" content=\"Crazy Pack \u00e0 Barcelone: Speed Boat, Jet Ski &amp; Banana Boat\" \/>\n<meta property=\"og:description\" content=\"Pack sensationnel de sports nautiques: bateau rapide, jet ski et banane gonflable. Vivez l&#039;aventure en mer!\" \/>\n<meta property=\"og:url\" content=\"https:\/\/spanishbreak.com\/product\/crazy-pack-speed-boat-jet-ski-banana-boat\/\" \/>\n<meta property=\"og:site_name\" content=\"Spanishbreak\" \/>\n<meta property=\"article:publisher\" content=\"https:\/\/www.facebook.com\/spanishbreak\" \/>\n<meta property=\"article:modified_time\" content=\"2024-09-25T16:34:57+00:00\" \/>\n<meta property=\"og:image\" content=\"https:\/\/spanishbreak.com\/wp-content\/uploads\/2023\/02\/Diseno-sin-titulo-15-e1691507955752.jpg\" \/>\n\t<meta property=\"og:image:width\" content=\"2000\" \/>\n\t<meta property=\"og:image:height\" content=\"1600\" \/>\n\t<meta property=\"og:image:type\" content=\"image\/jpeg\" \/>\n<meta name=\"twitter:card\" content=\"summary_large_image\" \/>\n<meta name=\"twitter:label1\" content=\"Dur\u00e9e de lecture estim\u00e9e\" \/>\n\t<meta name=\"twitter:data1\" content=\"1 minute\" \/>\n<script type=\"application\/ld+json\" class=\"yoast-schema-graph\">{\"@context\":\"https:\/\/schema.org\",\"@graph\":[{\"@type\":[\"WebPage\",\"ItemPage\"],\"@id\":\"https:\/\/spanishbreak.com\/product\/crazy-pack-speed-boat-jet-ski-banana-boat\/\",\"url\":\"https:\/\/spanishbreak.com\/product\/crazy-pack-speed-boat-jet-ski-banana-boat\/\",\"name\":\"Crazy Pack \u00e0 Barcelone: Speed Boat, Jet Ski & Banana Boat\",\"isPartOf\":{\"@id\":\"https:\/\/spanishbreak.com\/#website\"},\"primaryImageOfPage\":{\"@id\":\"https:\/\/spanishbreak.com\/product\/crazy-pack-speed-boat-jet-ski-banana-boat\/#primaryimage\"},\"image\":{\"@id\":\"https:\/\/spanishbreak.com\/product\/crazy-pack-speed-boat-jet-ski-banana-boat\/#primaryimage\"},\"thumbnailUrl\":\"https:\/\/spanishbreak.com\/wp-content\/uploads\/2023\/02\/Diseno-sin-titulo-15-e1691507955752.jpg\",\"datePublished\":\"2023-02-26T10:03:54+00:00\",\"dateModified\":\"2024-09-25T16:34:57+00:00\",\"description\":\"Pack sensationnel de sports nautiques: bateau rapide, jet ski et banane gonflable. Vivez l'aventure en mer!\",\"breadcrumb\":{\"@id\":\"https:\/\/spanishbreak.com\/product\/crazy-pack-speed-boat-jet-ski-banana-boat\/#breadcrumb\"},\"inLanguage\":\"fr-FR\",\"potentialAction\":[{\"@type\":\"ReadAction\",\"target\":[\"https:\/\/spanishbreak.com\/product\/crazy-pack-speed-boat-jet-ski-banana-boat\/\"]}]},{\"@type\":\"ImageObject\",\"inLanguage\":\"fr-FR\",\"@id\":\"https:\/\/spanishbreak.com\/product\/crazy-pack-speed-boat-jet-ski-banana-boat\/#primaryimage\",\"url\":\"https:\/\/spanishbreak.com\/wp-content\/uploads\/2023\/02\/Diseno-sin-titulo-15-e1691507955752.jpg\",\"contentUrl\":\"https:\/\/spanishbreak.com\/wp-content\/uploads\/2023\/02\/Diseno-sin-titulo-15-e1691507955752.jpg\",\"width\":2000,\"height\":1600},{\"@type\":\"BreadcrumbList\",\"@id\":\"https:\/\/spanishbreak.com\/product\/crazy-pack-speed-boat-jet-ski-banana-boat\/#breadcrumb\",\"itemListElement\":[{\"@type\":\"ListItem\",\"position\":1,\"name\":\"Home\",\"item\":\"https:\/\/spanishbreak.com\/\"},{\"@type\":\"ListItem\",\"position\":2,\"name\":\"Boutique\",\"item\":\"https:\/\/spanishbreak.com\/boutique\/?lang=fr\"},{\"@type\":\"ListItem\",\"position\":3,\"name\":\"CRAZY PACK \u00c0 BARCELONE: CRAZY SOFA+ JET SKI + BANANA BOAT\"}]},{\"@type\":\"WebSite\",\"@id\":\"https:\/\/spanishbreak.com\/#website\",\"url\":\"https:\/\/spanishbreak.com\/\",\"name\":\"Spanish Break\",\"description\":\"Otro sitio realizado con WordPress\",\"publisher\":{\"@id\":\"https:\/\/spanishbreak.com\/#organization\"},\"potentialAction\":[{\"@type\":\"SearchAction\",\"target\":{\"@type\":\"EntryPoint\",\"urlTemplate\":\"https:\/\/spanishbreak.com\/?s={search_term_string}\"},\"query-input\":{\"@type\":\"PropertyValueSpecification\",\"valueRequired\":true,\"valueName\":\"search_term_string\"}}],\"inLanguage\":\"fr-FR\"},{\"@type\":\"Organization\",\"@id\":\"https:\/\/spanishbreak.com\/#organization\",\"name\":\"Spanish Break\",\"url\":\"https:\/\/spanishbreak.com\/\",\"logo\":{\"@type\":\"ImageObject\",\"inLanguage\":\"fr-FR\",\"@id\":\"https:\/\/spanishbreak.com\/#\/schema\/logo\/image\/\",\"url\":\"https:\/\/spanishbreak.com\/wp-content\/uploads\/2024\/03\/logo-spanish-break.png\",\"contentUrl\":\"https:\/\/spanishbreak.com\/wp-content\/uploads\/2024\/03\/logo-spanish-break.png\",\"width\":323,\"height\":37,\"caption\":\"Spanish Break\"},\"image\":{\"@id\":\"https:\/\/spanishbreak.com\/#\/schema\/logo\/image\/\"},\"sameAs\":[\"https:\/\/www.facebook.com\/spanishbreak\",\"https:\/\/www.instagram.com\/spanishbreakbcn\/\"]}]}<\/script>\n<!-- \/ Yoast SEO plugin. -->","yoast_head_json":{"title":"Crazy Pack \u00e0 Barcelone: Speed Boat, Jet Ski & Banana Boat","description":"Pack sensationnel de sports nautiques: bateau rapide, jet ski et banane gonflable. Vivez l'aventure en mer!","robots":{"index":"index","follow":"follow","max-snippet":"max-snippet:-1","max-image-preview":"max-image-preview:large","max-video-preview":"max-video-preview:-1"},"canonical":"https:\/\/spanishbreak.com\/product\/crazy-pack-speed-boat-jet-ski-banana-boat\/","og_locale":"fr_FR","og_type":"article","og_title":"Crazy Pack \u00e0 Barcelone: Speed Boat, Jet Ski & Banana Boat","og_description":"Pack sensationnel de sports nautiques: bateau rapide, jet ski et banane gonflable. Vivez l'aventure en mer!","og_url":"https:\/\/spanishbreak.com\/product\/crazy-pack-speed-boat-jet-ski-banana-boat\/","og_site_name":"Spanishbreak","article_publisher":"https:\/\/www.facebook.com\/spanishbreak","article_modified_time":"2024-09-25T16:34:57+00:00","og_image":[{"width":2000,"height":1600,"url":"https:\/\/spanishbreak.com\/wp-content\/uploads\/2023\/02\/Diseno-sin-titulo-15-e1691507955752.jpg","type":"image\/jpeg"}],"twitter_card":"summary_large_image","twitter_misc":{"Dur\u00e9e de lecture estim\u00e9e":"1 minute"},"schema":{"@context":"https:\/\/schema.org","@graph":[{"@type":["WebPage","ItemPage"],"@id":"https:\/\/spanishbreak.com\/product\/crazy-pack-speed-boat-jet-ski-banana-boat\/","url":"https:\/\/spanishbreak.com\/product\/crazy-pack-speed-boat-jet-ski-banana-boat\/","name":"Crazy Pack \u00e0 Barcelone: Speed Boat, Jet Ski & Banana Boat","isPartOf":{"@id":"https:\/\/spanishbreak.com\/#website"},"primaryImageOfPage":{"@id":"https:\/\/spanishbreak.com\/product\/crazy-pack-speed-boat-jet-ski-banana-boat\/#primaryimage"},"image":{"@id":"https:\/\/spanishbreak.com\/product\/crazy-pack-speed-boat-jet-ski-banana-boat\/#primaryimage"},"thumbnailUrl":"https:\/\/spanishbreak.com\/wp-content\/uploads\/2023\/02\/Diseno-sin-titulo-15-e1691507955752.jpg","datePublished":"2023-02-26T10:03:54+00:00","dateModified":"2024-09-25T16:34:57+00:00","description":"Pack sensationnel de sports nautiques: bateau rapide, jet ski et banane gonflable. Vivez l'aventure en mer!","breadcrumb":{"@id":"https:\/\/spanishbreak.com\/product\/crazy-pack-speed-boat-jet-ski-banana-boat\/#breadcrumb"},"inLanguage":"fr-FR","potentialAction":[{"@type":"ReadAction","target":["https:\/\/spanishbreak.com\/product\/crazy-pack-speed-boat-jet-ski-banana-boat\/"]}]},{"@type":"ImageObject","inLanguage":"fr-FR","@id":"https:\/\/spanishbreak.com\/product\/crazy-pack-speed-boat-jet-ski-banana-boat\/#primaryimage","url":"https:\/\/spanishbreak.com\/wp-content\/uploads\/2023\/02\/Diseno-sin-titulo-15-e1691507955752.jpg","contentUrl":"https:\/\/spanishbreak.com\/wp-content\/uploads\/2023\/02\/Diseno-sin-titulo-15-e1691507955752.jpg","width":2000,"height":1600},{"@type":"BreadcrumbList","@id":"https:\/\/spanishbreak.com\/product\/crazy-pack-speed-boat-jet-ski-banana-boat\/#breadcrumb","itemListElement":[{"@type":"ListItem","position":1,"name":"Home","item":"https:\/\/spanishbreak.com\/"},{"@type":"ListItem","position":2,"name":"Boutique","item":"https:\/\/spanishbreak.com\/boutique\/?lang=fr"},{"@type":"ListItem","position":3,"name":"CRAZY PACK \u00c0 BARCELONE: CRAZY SOFA+ JET SKI + BANANA BOAT"}]},{"@type":"WebSite","@id":"https:\/\/spanishbreak.com\/#website","url":"https:\/\/spanishbreak.com\/","name":"Spanish Break","description":"Otro sitio realizado con WordPress","publisher":{"@id":"https:\/\/spanishbreak.com\/#organization"},"potentialAction":[{"@type":"SearchAction","target":{"@type":"EntryPoint","urlTemplate":"https:\/\/spanishbreak.com\/?s={search_term_string}"},"query-input":{"@type":"PropertyValueSpecification","valueRequired":true,"valueName":"search_term_string"}}],"inLanguage":"fr-FR"},{"@type":"Organization","@id":"https:\/\/spanishbreak.com\/#organization","name":"Spanish Break","url":"https:\/\/spanishbreak.com\/","logo":{"@type":"ImageObject","inLanguage":"fr-FR","@id":"https:\/\/spanishbreak.com\/#\/schema\/logo\/image\/","url":"https:\/\/spanishbreak.com\/wp-content\/uploads\/2024\/03\/logo-spanish-break.png","contentUrl":"https:\/\/spanishbreak.com\/wp-content\/uploads\/2024\/03\/logo-spanish-break.png","width":323,"height":37,"caption":"Spanish Break"},"image":{"@id":"https:\/\/spanishbreak.com\/#\/schema\/logo\/image\/"},"sameAs":["https:\/\/www.facebook.com\/spanishbreak","https:\/\/www.instagram.com\/spanishbreakbcn\/"]}]}},"_links":{"self":[{"href":"https:\/\/spanishbreak.com\/fr\/wp-json\/wp\/v2\/product\/4359","targetHints":{"allow":["GET"]}}],"collection":[{"href":"https:\/\/spanishbreak.com\/fr\/wp-json\/wp\/v2\/product"}],"about":[{"href":"https:\/\/spanishbreak.com\/fr\/wp-json\/wp\/v2\/types\/product"}],"replies":[{"embeddable":true,"href":"https:\/\/spanishbreak.com\/fr\/wp-json\/wp\/v2\/comments?post=4359"}],"wp:featuredmedia":[{"embeddable":true,"href":"https:\/\/spanishbreak.com\/fr\/wp-json\/wp\/v2\/media\/5040"}],"wp:attachment":[{"href":"https:\/\/spanishbreak.com\/fr\/wp-json\/wp\/v2\/media?parent=4359"}],"wp:term":[{"taxonomy":"product_brand","embeddable":true,"href":"https:\/\/spanishbreak.com\/fr\/wp-json\/wp\/v2\/product_brand?post=4359"},{"taxonomy":"product_cat","embeddable":true,"href":"https:\/\/spanishbreak.com\/fr\/wp-json\/wp\/v2\/product_cat?post=4359"},{"taxonomy":"product_tag","embeddable":true,"href":"https:\/\/spanishbreak.com\/fr\/wp-json\/wp\/v2\/product_tag?post=4359"}],"curies":[{"name":"wp","href":"https:\/\/api.w.org\/{rel}","templated":true}]}}