{"id":4360,"date":"2023-02-26T10:03:01","date_gmt":"2023-02-26T09:03:01","guid":{"rendered":"https:\/\/spanishbreak.com\/producto\/the-original-barcelona-boat-party\/"},"modified":"2025-12-17T13:50:00","modified_gmt":"2025-12-17T12:50:00","slug":"the-original-barcelona-boat-party","status":"publish","type":"product","link":"https:\/\/spanishbreak.com\/fr\/product\/the-original-barcelona-boat-party\/","title":{"rendered":"Boat Party \u00e0 Barcelone: F\u00eates en Mer Inoubliables"},"content":{"rendered":"<h2>Boat Party Barcelone<\/h2>\n<p>Cela fait 7 ans que cette l\u00e9gendaire Boat Party a lieu. Si pour vous faire la f\u00eate est synonyme de bi\u00e8res et sangria \u00e0 volont\u00e9, de bronzer sur un bateau, nager en pleine mer et se d\u00e9hancher toute la nuit en bo\u00eete, alors cette croisi\u00e8re est faite pour vous !<\/p>\n<p>Vous commencerez votre soir\u00e9e au Coconut Club, un des meilleurs \u00ab\u00a0chiringuitos\u00a0\u00bb de Barcelone o\u00f9 vous serez accueillis avec une tourn\u00e9e de shots.<\/p>\n<p>Puis, vous continuerez avec 2 heures de croisi\u00e8re sur la magnifique c\u00f4te Barcelonaise, incluant\u00a0bi\u00e8res et sangrias \u00e0 volont\u00e9, musique, jeux d&rsquo;alcool et beaucoup de rires ! Vous pourrez faire la f\u00eate gr\u00e2ce\u00a0au DJ pr\u00e9sent sur le navire et ne garder que le meilleur du pire avec la pr\u00e9sence de photographes professionnels qui n&rsquo;en perderont pas une miette !<\/p>\n<p>Vous souhaitez une croisi\u00e8re un peu plus tranquille ? Contactez-nous pour notre Croisi\u00e8re BBQ en Catamaran !<\/p>\n<p><em>Disponible les samedis uniquement d&rsquo;Avril \u00e0 Septembre<\/em><\/p>\n","protected":false},"excerpt":{"rendered":"<p>Boat Party Barcelone Cela fait 7 ans que cette l\u00e9gendaire Boat Party a lieu. Si pour vous faire la f\u00eate est synonyme de bi\u00e8res et sangria \u00e0 volont\u00e9, de bronzer sur un bateau, nager en pleine mer et se d\u00e9hancher toute la nuit en bo\u00eete, alors cette croisi\u00e8re est faite pour vous ! Vous commencerez [&hellip;]<\/p>\n","protected":false},"featured_media":3296,"comment_status":"closed","ping_status":"closed","template":"","meta":{"site-sidebar-layout":"default","site-content-layout":"default","ast-site-content-layout":"default","site-content-style":"default","site-sidebar-style":"default","ast-global-header-display":"","ast-banner-title-visibility":"","ast-main-header-display":"","ast-hfb-above-header-display":"","ast-hfb-below-header-display":"","ast-hfb-mobile-header-display":"","site-post-title":"","ast-breadcrumbs-content":"","ast-featured-img":"","footer-sml-layout":"","theme-transparent-header-meta":"default","adv-header-id-meta":"","stick-header-meta":"","header-above-stick-meta":"","header-main-stick-meta":"","header-below-stick-meta":"","astra-migrate-meta-layouts":"set","ast-page-background-enabled":"default","ast-page-background-meta":{"desktop":{"background-color":"var(--ast-global-color-4)","background-image":"","background-repeat":"repeat","background-position":"center center","background-size":"auto","background-attachment":"scroll","background-type":"","background-media":"","overlay-type":"","overlay-color":"","overlay-opacity":"","overlay-gradient":""},"tablet":{"background-color":"","background-image":"","background-repeat":"repeat","background-position":"center center","background-size":"auto","background-attachment":"scroll","background-type":"","background-media":"","overlay-type":"","overlay-color":"","overlay-opacity":"","overlay-gradient":""},"mobile":{"background-color":"","background-image":"","background-repeat":"repeat","background-position":"center center","background-size":"auto","background-attachment":"scroll","background-type":"","background-media":"","overlay-type":"","overlay-color":"","overlay-opacity":"","overlay-gradient":""}},"ast-content-background-meta":{"desktop":{"background-color":"var(--ast-global-color-5)","background-image":"","background-repeat":"repeat","background-position":"center center","background-size":"auto","background-attachment":"scroll","background-type":"","background-media":"","overlay-type":"","overlay-color":"","overlay-opacity":"","overlay-gradient":""},"tablet":{"background-color":"var(--ast-global-color-5)","background-image":"","background-repeat":"repeat","background-position":"center center","background-size":"auto","background-attachment":"scroll","background-type":"","background-media":"","overlay-type":"","overlay-color":"","overlay-opacity":"","overlay-gradient":""},"mobile":{"background-color":"var(--ast-global-color-5)","background-image":"","background-repeat":"repeat","background-position":"center center","background-size":"auto","background-attachment":"scroll","background-type":"","background-media":"","overlay-type":"","overlay-color":"","overlay-opacity":"","overlay-gradient":""}},"repeater_packs":""},"product_brand":[],"product_cat":[68,66,73,87],"product_tag":[36,35],"class_list":{"0":"post-4360","1":"product","2":"type-product","3":"status-publish","4":"has-post-thumbnail","6":"product_cat-day-time-activities","7":"product_cat-hen-fr-2","8":"product_cat-stag-fr","9":"product_cat-water-sports-activities","10":"product_tag-hen","11":"product_tag-stag","12":"desktop-align-left","13":"tablet-align-left","14":"mobile-align-left","16":"first","17":"instock","18":"shipping-taxable","19":"product-type-simple"},"yoast_head":"<!-- This site is optimized with the Yoast SEO plugin v26.8 - https:\/\/yoast.com\/product\/yoast-seo-wordpress\/ -->\n<title>Boat Party \u00e0 Barcelone: F\u00eates en Mer Inoubliables<\/title>\n<meta name=\"description\" content=\"Rejoignez la boat party la plus anim\u00e9e de Barcelone ! Musique, danse et fun sur l&#039;eau. Parfait pour c\u00e9l\u00e9brer des occasions sp\u00e9ciales.\" \/>\n<meta name=\"robots\" content=\"index, follow, max-snippet:-1, max-image-preview:large, max-video-preview:-1\" \/>\n<link rel=\"canonical\" href=\"https:\/\/spanishbreak.com\/fr\/product\/the-original-barcelona-boat-party\/\" \/>\n<meta property=\"og:locale\" content=\"fr_FR\" \/>\n<meta property=\"og:type\" content=\"article\" \/>\n<meta property=\"og:title\" content=\"Boat Party \u00e0 Barcelone: F\u00eates en Mer Inoubliables\" \/>\n<meta property=\"og:description\" content=\"Rejoignez la boat party la plus anim\u00e9e de Barcelone ! Musique, danse et fun sur l&#039;eau. Parfait pour c\u00e9l\u00e9brer des occasions sp\u00e9ciales.\" \/>\n<meta property=\"og:url\" content=\"https:\/\/spanishbreak.com\/fr\/product\/the-original-barcelona-boat-party\/\" \/>\n<meta property=\"og:site_name\" content=\"Spanishbreak\" \/>\n<meta property=\"article:publisher\" content=\"https:\/\/www.facebook.com\/spanishbreak\" \/>\n<meta property=\"article:modified_time\" content=\"2025-12-17T12:50:00+00:00\" \/>\n<meta property=\"og:image\" content=\"https:\/\/spanishbreak.com\/wp-content\/uploads\/2022\/10\/boat-party2.jpg\" \/>\n\t<meta property=\"og:image:width\" content=\"954\" \/>\n\t<meta property=\"og:image:height\" content=\"480\" \/>\n\t<meta property=\"og:image:type\" content=\"image\/jpeg\" \/>\n<meta name=\"twitter:card\" content=\"summary_large_image\" \/>\n<meta name=\"twitter:label1\" content=\"Dur\u00e9e de lecture estim\u00e9e\" \/>\n\t<meta name=\"twitter:data1\" content=\"1 minute\" \/>\n<script type=\"application\/ld+json\" class=\"yoast-schema-graph\">{\"@context\":\"https:\/\/schema.org\",\"@graph\":[{\"@type\":[\"WebPage\",\"ItemPage\"],\"@id\":\"https:\/\/spanishbreak.com\/fr\/product\/the-original-barcelona-boat-party\/\",\"url\":\"https:\/\/spanishbreak.com\/fr\/product\/the-original-barcelona-boat-party\/\",\"name\":\"Boat Party \u00e0 Barcelone: F\u00eates en Mer Inoubliables\",\"isPartOf\":{\"@id\":\"https:\/\/spanishbreak.com\/#website\"},\"primaryImageOfPage\":{\"@id\":\"https:\/\/spanishbreak.com\/fr\/product\/the-original-barcelona-boat-party\/#primaryimage\"},\"image\":{\"@id\":\"https:\/\/spanishbreak.com\/fr\/product\/the-original-barcelona-boat-party\/#primaryimage\"},\"thumbnailUrl\":\"https:\/\/spanishbreak.com\/wp-content\/uploads\/2022\/10\/boat-party2.jpg\",\"datePublished\":\"2023-02-26T09:03:01+00:00\",\"dateModified\":\"2025-12-17T12:50:00+00:00\",\"description\":\"Rejoignez la boat party la plus anim\u00e9e de Barcelone ! Musique, danse et fun sur l'eau. Parfait pour c\u00e9l\u00e9brer des occasions sp\u00e9ciales.\",\"breadcrumb\":{\"@id\":\"https:\/\/spanishbreak.com\/fr\/product\/the-original-barcelona-boat-party\/#breadcrumb\"},\"inLanguage\":\"fr-FR\",\"potentialAction\":[{\"@type\":\"ReadAction\",\"target\":[\"https:\/\/spanishbreak.com\/fr\/product\/the-original-barcelona-boat-party\/\"]}]},{\"@type\":\"ImageObject\",\"inLanguage\":\"fr-FR\",\"@id\":\"https:\/\/spanishbreak.com\/fr\/product\/the-original-barcelona-boat-party\/#primaryimage\",\"url\":\"https:\/\/spanishbreak.com\/wp-content\/uploads\/2022\/10\/boat-party2.jpg\",\"contentUrl\":\"https:\/\/spanishbreak.com\/wp-content\/uploads\/2022\/10\/boat-party2.jpg\",\"width\":954,\"height\":480},{\"@type\":\"BreadcrumbList\",\"@id\":\"https:\/\/spanishbreak.com\/fr\/product\/the-original-barcelona-boat-party\/#breadcrumb\",\"itemListElement\":[{\"@type\":\"ListItem\",\"position\":1,\"name\":\"Home\",\"item\":\"https:\/\/spanishbreak.com\/\"},{\"@type\":\"ListItem\",\"position\":2,\"name\":\"Boutique\",\"item\":\"https:\/\/spanishbreak.com\/boutique\/?lang=fr\"},{\"@type\":\"ListItem\",\"position\":3,\"name\":\"Boat Party \u00e0 Barcelone: F\u00eates en Mer Inoubliables\"}]},{\"@type\":\"WebSite\",\"@id\":\"https:\/\/spanishbreak.com\/#website\",\"url\":\"https:\/\/spanishbreak.com\/\",\"name\":\"Spanish Break\",\"description\":\"Otro sitio realizado con WordPress\",\"publisher\":{\"@id\":\"https:\/\/spanishbreak.com\/#organization\"},\"potentialAction\":[{\"@type\":\"SearchAction\",\"target\":{\"@type\":\"EntryPoint\",\"urlTemplate\":\"https:\/\/spanishbreak.com\/?s={search_term_string}\"},\"query-input\":{\"@type\":\"PropertyValueSpecification\",\"valueRequired\":true,\"valueName\":\"search_term_string\"}}],\"inLanguage\":\"fr-FR\"},{\"@type\":\"Organization\",\"@id\":\"https:\/\/spanishbreak.com\/#organization\",\"name\":\"Spanish Break\",\"url\":\"https:\/\/spanishbreak.com\/\",\"logo\":{\"@type\":\"ImageObject\",\"inLanguage\":\"fr-FR\",\"@id\":\"https:\/\/spanishbreak.com\/#\/schema\/logo\/image\/\",\"url\":\"https:\/\/spanishbreak.com\/wp-content\/uploads\/2024\/03\/logo-spanish-break.png\",\"contentUrl\":\"https:\/\/spanishbreak.com\/wp-content\/uploads\/2024\/03\/logo-spanish-break.png\",\"width\":323,\"height\":37,\"caption\":\"Spanish Break\"},\"image\":{\"@id\":\"https:\/\/spanishbreak.com\/#\/schema\/logo\/image\/\"},\"sameAs\":[\"https:\/\/www.facebook.com\/spanishbreak\",\"https:\/\/www.instagram.com\/spanishbreakbcn\/\"]}]}<\/script>\n<!-- \/ Yoast SEO plugin. -->","yoast_head_json":{"title":"Boat Party \u00e0 Barcelone: F\u00eates en Mer Inoubliables","description":"Rejoignez la boat party la plus anim\u00e9e de Barcelone ! Musique, danse et fun sur l'eau. Parfait pour c\u00e9l\u00e9brer des occasions sp\u00e9ciales.","robots":{"index":"index","follow":"follow","max-snippet":"max-snippet:-1","max-image-preview":"max-image-preview:large","max-video-preview":"max-video-preview:-1"},"canonical":"https:\/\/spanishbreak.com\/fr\/product\/the-original-barcelona-boat-party\/","og_locale":"fr_FR","og_type":"article","og_title":"Boat Party \u00e0 Barcelone: F\u00eates en Mer Inoubliables","og_description":"Rejoignez la boat party la plus anim\u00e9e de Barcelone ! Musique, danse et fun sur l'eau. Parfait pour c\u00e9l\u00e9brer des occasions sp\u00e9ciales.","og_url":"https:\/\/spanishbreak.com\/fr\/product\/the-original-barcelona-boat-party\/","og_site_name":"Spanishbreak","article_publisher":"https:\/\/www.facebook.com\/spanishbreak","article_modified_time":"2025-12-17T12:50:00+00:00","og_image":[{"width":954,"height":480,"url":"https:\/\/spanishbreak.com\/wp-content\/uploads\/2022\/10\/boat-party2.jpg","type":"image\/jpeg"}],"twitter_card":"summary_large_image","twitter_misc":{"Dur\u00e9e de lecture estim\u00e9e":"1 minute"},"schema":{"@context":"https:\/\/schema.org","@graph":[{"@type":["WebPage","ItemPage"],"@id":"https:\/\/spanishbreak.com\/fr\/product\/the-original-barcelona-boat-party\/","url":"https:\/\/spanishbreak.com\/fr\/product\/the-original-barcelona-boat-party\/","name":"Boat Party \u00e0 Barcelone: F\u00eates en Mer Inoubliables","isPartOf":{"@id":"https:\/\/spanishbreak.com\/#website"},"primaryImageOfPage":{"@id":"https:\/\/spanishbreak.com\/fr\/product\/the-original-barcelona-boat-party\/#primaryimage"},"image":{"@id":"https:\/\/spanishbreak.com\/fr\/product\/the-original-barcelona-boat-party\/#primaryimage"},"thumbnailUrl":"https:\/\/spanishbreak.com\/wp-content\/uploads\/2022\/10\/boat-party2.jpg","datePublished":"2023-02-26T09:03:01+00:00","dateModified":"2025-12-17T12:50:00+00:00","description":"Rejoignez la boat party la plus anim\u00e9e de Barcelone ! Musique, danse et fun sur l'eau. Parfait pour c\u00e9l\u00e9brer des occasions sp\u00e9ciales.","breadcrumb":{"@id":"https:\/\/spanishbreak.com\/fr\/product\/the-original-barcelona-boat-party\/#breadcrumb"},"inLanguage":"fr-FR","potentialAction":[{"@type":"ReadAction","target":["https:\/\/spanishbreak.com\/fr\/product\/the-original-barcelona-boat-party\/"]}]},{"@type":"ImageObject","inLanguage":"fr-FR","@id":"https:\/\/spanishbreak.com\/fr\/product\/the-original-barcelona-boat-party\/#primaryimage","url":"https:\/\/spanishbreak.com\/wp-content\/uploads\/2022\/10\/boat-party2.jpg","contentUrl":"https:\/\/spanishbreak.com\/wp-content\/uploads\/2022\/10\/boat-party2.jpg","width":954,"height":480},{"@type":"BreadcrumbList","@id":"https:\/\/spanishbreak.com\/fr\/product\/the-original-barcelona-boat-party\/#breadcrumb","itemListElement":[{"@type":"ListItem","position":1,"name":"Home","item":"https:\/\/spanishbreak.com\/"},{"@type":"ListItem","position":2,"name":"Boutique","item":"https:\/\/spanishbreak.com\/boutique\/?lang=fr"},{"@type":"ListItem","position":3,"name":"Boat Party \u00e0 Barcelone: F\u00eates en Mer Inoubliables"}]},{"@type":"WebSite","@id":"https:\/\/spanishbreak.com\/#website","url":"https:\/\/spanishbreak.com\/","name":"Spanish Break","description":"Otro sitio realizado con WordPress","publisher":{"@id":"https:\/\/spanishbreak.com\/#organization"},"potentialAction":[{"@type":"SearchAction","target":{"@type":"EntryPoint","urlTemplate":"https:\/\/spanishbreak.com\/?s={search_term_string}"},"query-input":{"@type":"PropertyValueSpecification","valueRequired":true,"valueName":"search_term_string"}}],"inLanguage":"fr-FR"},{"@type":"Organization","@id":"https:\/\/spanishbreak.com\/#organization","name":"Spanish Break","url":"https:\/\/spanishbreak.com\/","logo":{"@type":"ImageObject","inLanguage":"fr-FR","@id":"https:\/\/spanishbreak.com\/#\/schema\/logo\/image\/","url":"https:\/\/spanishbreak.com\/wp-content\/uploads\/2024\/03\/logo-spanish-break.png","contentUrl":"https:\/\/spanishbreak.com\/wp-content\/uploads\/2024\/03\/logo-spanish-break.png","width":323,"height":37,"caption":"Spanish Break"},"image":{"@id":"https:\/\/spanishbreak.com\/#\/schema\/logo\/image\/"},"sameAs":["https:\/\/www.facebook.com\/spanishbreak","https:\/\/www.instagram.com\/spanishbreakbcn\/"]}]}},"_links":{"self":[{"href":"https:\/\/spanishbreak.com\/fr\/wp-json\/wp\/v2\/product\/4360","targetHints":{"allow":["GET"]}}],"collection":[{"href":"https:\/\/spanishbreak.com\/fr\/wp-json\/wp\/v2\/product"}],"about":[{"href":"https:\/\/spanishbreak.com\/fr\/wp-json\/wp\/v2\/types\/product"}],"replies":[{"embeddable":true,"href":"https:\/\/spanishbreak.com\/fr\/wp-json\/wp\/v2\/comments?post=4360"}],"wp:featuredmedia":[{"embeddable":true,"href":"https:\/\/spanishbreak.com\/fr\/wp-json\/wp\/v2\/media\/3296"}],"wp:attachment":[{"href":"https:\/\/spanishbreak.com\/fr\/wp-json\/wp\/v2\/media?parent=4360"}],"wp:term":[{"taxonomy":"product_brand","embeddable":true,"href":"https:\/\/spanishbreak.com\/fr\/wp-json\/wp\/v2\/product_brand?post=4360"},{"taxonomy":"product_cat","embeddable":true,"href":"https:\/\/spanishbreak.com\/fr\/wp-json\/wp\/v2\/product_cat?post=4360"},{"taxonomy":"product_tag","embeddable":true,"href":"https:\/\/spanishbreak.com\/fr\/wp-json\/wp\/v2\/product_tag?post=4360"}],"curies":[{"name":"wp","href":"https:\/\/api.w.org\/{rel}","templated":true}]}}