{"id":4361,"date":"2023-02-26T10:02:11","date_gmt":"2023-02-26T09:02:11","guid":{"rendered":"https:\/\/spanishbreak.com\/producto\/bbq-catamaran-cruise\/"},"modified":"2025-12-17T13:50:25","modified_gmt":"2025-12-17T12:50:25","slug":"bbq-catamaran-cruise","status":"publish","type":"product","link":"https:\/\/spanishbreak.com\/fr\/product\/bbq-catamaran-cruise\/","title":{"rendered":"CROISI\u00c8RE EN CATAMARAN AVEC BBQ \u00e0 Barcelone"},"content":{"rendered":"<p><strong>BBQ en haute mer<\/strong><\/p>\n<p>Qu&rsquo;y-a-t-il de plus cool que de se d\u00e9tendre entre potes sur un catamaran\u2026 Bon, peut-\u00eatre se d\u00e9tendre entre potes sur un catamaran en M\u00e9diterran\u00e9e pendant un <strong><a href=\"https:\/\/spanishbreak.com\/evg-barcelone\/?lang=fr\">EVG<\/a> &#8211; <a href=\"https:\/\/spanishbreak.com\/evjf-barcelone\/?lang=fr\">EVJF \u00e0 Barcelone <\/a><\/strong>!<\/p>\n<p>Cette croisi\u00e8re en catamaran avec BBQ<strong>\u00a0<\/strong>est l\u2019occasion id\u00e9ale pour faire la f\u00eate et profiter d&rsquo;une belle balade en mer ! Avec des vues incroyables, un temps magnifique et l\u2019oc\u00e9an s\u2019\u00e9tendant \u00e0 perte de vue, que pourriez-vous demander de plus\u00a0? Un d\u00e9licieux barbecue espagnol peut-\u00eatre&#8230;?<\/p>\n","protected":false},"excerpt":{"rendered":"<p>BBQ en haute mer Qu&rsquo;y-a-t-il de plus cool que de se d\u00e9tendre entre potes sur un catamaran\u2026 Bon, peut-\u00eatre se d\u00e9tendre entre potes sur un catamaran en M\u00e9diterran\u00e9e pendant un EVG &#8211; EVJF \u00e0 Barcelone ! Cette croisi\u00e8re en catamaran avec BBQ\u00a0est l\u2019occasion id\u00e9ale pour faire la f\u00eate et profiter d&rsquo;une belle balade en mer [&hellip;]<\/p>\n","protected":false},"featured_media":2922,"comment_status":"closed","ping_status":"closed","template":"","meta":{"site-sidebar-layout":"default","site-content-layout":"default","ast-site-content-layout":"default","site-content-style":"default","site-sidebar-style":"default","ast-global-header-display":"","ast-banner-title-visibility":"","ast-main-header-display":"","ast-hfb-above-header-display":"","ast-hfb-below-header-display":"","ast-hfb-mobile-header-display":"","site-post-title":"","ast-breadcrumbs-content":"","ast-featured-img":"","footer-sml-layout":"","theme-transparent-header-meta":"default","adv-header-id-meta":"","stick-header-meta":"","header-above-stick-meta":"","header-main-stick-meta":"","header-below-stick-meta":"","astra-migrate-meta-layouts":"set","ast-page-background-enabled":"default","ast-page-background-meta":{"desktop":{"background-color":"var(--ast-global-color-4)","background-image":"","background-repeat":"repeat","background-position":"center center","background-size":"auto","background-attachment":"scroll","background-type":"","background-media":"","overlay-type":"","overlay-color":"","overlay-opacity":"","overlay-gradient":""},"tablet":{"background-color":"","background-image":"","background-repeat":"repeat","background-position":"center center","background-size":"auto","background-attachment":"scroll","background-type":"","background-media":"","overlay-type":"","overlay-color":"","overlay-opacity":"","overlay-gradient":""},"mobile":{"background-color":"","background-image":"","background-repeat":"repeat","background-position":"center center","background-size":"auto","background-attachment":"scroll","background-type":"","background-media":"","overlay-type":"","overlay-color":"","overlay-opacity":"","overlay-gradient":""}},"ast-content-background-meta":{"desktop":{"background-color":"var(--ast-global-color-5)","background-image":"","background-repeat":"repeat","background-position":"center center","background-size":"auto","background-attachment":"scroll","background-type":"","background-media":"","overlay-type":"","overlay-color":"","overlay-opacity":"","overlay-gradient":""},"tablet":{"background-color":"var(--ast-global-color-5)","background-image":"","background-repeat":"repeat","background-position":"center center","background-size":"auto","background-attachment":"scroll","background-type":"","background-media":"","overlay-type":"","overlay-color":"","overlay-opacity":"","overlay-gradient":""},"mobile":{"background-color":"var(--ast-global-color-5)","background-image":"","background-repeat":"repeat","background-position":"center center","background-size":"auto","background-attachment":"scroll","background-type":"","background-media":"","overlay-type":"","overlay-color":"","overlay-opacity":"","overlay-gradient":""}},"repeater_packs":""},"product_brand":[],"product_cat":[68,66,73,87],"product_tag":[],"class_list":{"0":"post-4361","1":"product","2":"type-product","3":"status-publish","4":"has-post-thumbnail","6":"product_cat-day-time-activities","7":"product_cat-hen-fr-2","8":"product_cat-stag-fr","9":"product_cat-water-sports-activities","10":"desktop-align-left","11":"tablet-align-left","12":"mobile-align-left","14":"first","15":"instock","16":"shipping-taxable","17":"product-type-simple"},"yoast_head":"<!-- This site is optimized with the Yoast SEO plugin v26.8 - https:\/\/yoast.com\/product\/yoast-seo-wordpress\/ -->\n<title>CROISI\u00c8RE EN CATAMARAN AVEC BBQ \u00e0 Barcelone<\/title>\n<meta name=\"description\" content=\"BBQ en haute mer Qu&#039;y-a-t-il de plus cool que de se d\u00e9tendre entre potes sur un catamaran\u2026 Bon, peut-\u00eatre se d\u00e9tendre entre potes sur un catamaran en Faites l&#039;exp\u00e9rience d&#039;une croisi\u00e8re en catamaran avec barbecue \u00e0 Barcelone avec Spanish Break. Savourez des plats et des boissons d\u00e9licieux et admirez la vue imprenable sur la mer M\u00e9diterran\u00e9e.\" \/>\n<meta name=\"robots\" content=\"index, follow, max-snippet:-1, max-image-preview:large, max-video-preview:-1\" \/>\n<link rel=\"canonical\" href=\"https:\/\/spanishbreak.com\/fr\/product\/bbq-catamaran-cruise\/\" \/>\n<meta property=\"og:locale\" content=\"fr_FR\" \/>\n<meta property=\"og:type\" content=\"article\" \/>\n<meta property=\"og:title\" content=\"CROISI\u00c8RE EN CATAMARAN AVEC BBQ \u00e0 Barcelone\" \/>\n<meta property=\"og:description\" content=\"BBQ en haute mer Qu&#039;y-a-t-il de plus cool que de se d\u00e9tendre entre potes sur un catamaran\u2026 Bon, peut-\u00eatre se d\u00e9tendre entre potes sur un catamaran en Faites l&#039;exp\u00e9rience d&#039;une croisi\u00e8re en catamaran avec barbecue \u00e0 Barcelone avec Spanish Break. Savourez des plats et des boissons d\u00e9licieux et admirez la vue imprenable sur la mer M\u00e9diterran\u00e9e.\" \/>\n<meta property=\"og:url\" content=\"https:\/\/spanishbreak.com\/fr\/product\/bbq-catamaran-cruise\/\" \/>\n<meta property=\"og:site_name\" content=\"Spanishbreak\" \/>\n<meta property=\"article:publisher\" content=\"https:\/\/www.facebook.com\/spanishbreak\" \/>\n<meta property=\"article:modified_time\" content=\"2025-12-17T12:50:25+00:00\" \/>\n<meta property=\"og:image\" content=\"https:\/\/spanishbreak.com\/wp-content\/uploads\/2022\/09\/s3-desde-arriba-scaled.jpg\" \/>\n\t<meta property=\"og:image:width\" content=\"2560\" \/>\n\t<meta property=\"og:image:height\" content=\"1920\" \/>\n\t<meta property=\"og:image:type\" content=\"image\/jpeg\" \/>\n<meta name=\"twitter:card\" content=\"summary_large_image\" \/>\n<meta name=\"twitter:label1\" content=\"Dur\u00e9e de lecture estim\u00e9e\" \/>\n\t<meta name=\"twitter:data1\" content=\"1 minute\" \/>\n<script type=\"application\/ld+json\" class=\"yoast-schema-graph\">{\"@context\":\"https:\/\/schema.org\",\"@graph\":[{\"@type\":[\"WebPage\",\"ItemPage\"],\"@id\":\"https:\/\/spanishbreak.com\/fr\/product\/bbq-catamaran-cruise\/\",\"url\":\"https:\/\/spanishbreak.com\/fr\/product\/bbq-catamaran-cruise\/\",\"name\":\"CROISI\u00c8RE EN CATAMARAN AVEC BBQ \u00e0 Barcelone\",\"isPartOf\":{\"@id\":\"https:\/\/spanishbreak.com\/#website\"},\"primaryImageOfPage\":{\"@id\":\"https:\/\/spanishbreak.com\/fr\/product\/bbq-catamaran-cruise\/#primaryimage\"},\"image\":{\"@id\":\"https:\/\/spanishbreak.com\/fr\/product\/bbq-catamaran-cruise\/#primaryimage\"},\"thumbnailUrl\":\"https:\/\/spanishbreak.com\/wp-content\/uploads\/2022\/09\/s3-desde-arriba-scaled.jpg\",\"datePublished\":\"2023-02-26T09:02:11+00:00\",\"dateModified\":\"2025-12-17T12:50:25+00:00\",\"description\":\"BBQ en haute mer Qu'y-a-t-il de plus cool que de se d\u00e9tendre entre potes sur un catamaran\u2026 Bon, peut-\u00eatre se d\u00e9tendre entre potes sur un catamaran en Faites l'exp\u00e9rience d'une croisi\u00e8re en catamaran avec barbecue \u00e0 Barcelone avec Spanish Break. Savourez des plats et des boissons d\u00e9licieux et admirez la vue imprenable sur la mer M\u00e9diterran\u00e9e.\",\"breadcrumb\":{\"@id\":\"https:\/\/spanishbreak.com\/fr\/product\/bbq-catamaran-cruise\/#breadcrumb\"},\"inLanguage\":\"fr-FR\",\"potentialAction\":[{\"@type\":\"ReadAction\",\"target\":[\"https:\/\/spanishbreak.com\/fr\/product\/bbq-catamaran-cruise\/\"]}]},{\"@type\":\"ImageObject\",\"inLanguage\":\"fr-FR\",\"@id\":\"https:\/\/spanishbreak.com\/fr\/product\/bbq-catamaran-cruise\/#primaryimage\",\"url\":\"https:\/\/spanishbreak.com\/wp-content\/uploads\/2022\/09\/s3-desde-arriba-scaled.jpg\",\"contentUrl\":\"https:\/\/spanishbreak.com\/wp-content\/uploads\/2022\/09\/s3-desde-arriba-scaled.jpg\",\"width\":2560,\"height\":1920,\"caption\":\"DCIM100MEDIADJI_0124.JPG\"},{\"@type\":\"BreadcrumbList\",\"@id\":\"https:\/\/spanishbreak.com\/fr\/product\/bbq-catamaran-cruise\/#breadcrumb\",\"itemListElement\":[{\"@type\":\"ListItem\",\"position\":1,\"name\":\"Home\",\"item\":\"https:\/\/spanishbreak.com\/\"},{\"@type\":\"ListItem\",\"position\":2,\"name\":\"Boutique\",\"item\":\"https:\/\/spanishbreak.com\/boutique\/?lang=fr\"},{\"@type\":\"ListItem\",\"position\":3,\"name\":\"CROISI\u00c8RE EN CATAMARAN AVEC BBQ \u00e0 Barcelone\"}]},{\"@type\":\"WebSite\",\"@id\":\"https:\/\/spanishbreak.com\/#website\",\"url\":\"https:\/\/spanishbreak.com\/\",\"name\":\"Spanish Break\",\"description\":\"Otro sitio realizado con WordPress\",\"publisher\":{\"@id\":\"https:\/\/spanishbreak.com\/#organization\"},\"potentialAction\":[{\"@type\":\"SearchAction\",\"target\":{\"@type\":\"EntryPoint\",\"urlTemplate\":\"https:\/\/spanishbreak.com\/?s={search_term_string}\"},\"query-input\":{\"@type\":\"PropertyValueSpecification\",\"valueRequired\":true,\"valueName\":\"search_term_string\"}}],\"inLanguage\":\"fr-FR\"},{\"@type\":\"Organization\",\"@id\":\"https:\/\/spanishbreak.com\/#organization\",\"name\":\"Spanish Break\",\"url\":\"https:\/\/spanishbreak.com\/\",\"logo\":{\"@type\":\"ImageObject\",\"inLanguage\":\"fr-FR\",\"@id\":\"https:\/\/spanishbreak.com\/#\/schema\/logo\/image\/\",\"url\":\"https:\/\/spanishbreak.com\/wp-content\/uploads\/2024\/03\/logo-spanish-break.png\",\"contentUrl\":\"https:\/\/spanishbreak.com\/wp-content\/uploads\/2024\/03\/logo-spanish-break.png\",\"width\":323,\"height\":37,\"caption\":\"Spanish Break\"},\"image\":{\"@id\":\"https:\/\/spanishbreak.com\/#\/schema\/logo\/image\/\"},\"sameAs\":[\"https:\/\/www.facebook.com\/spanishbreak\",\"https:\/\/www.instagram.com\/spanishbreakbcn\/\"]}]}<\/script>\n<!-- \/ Yoast SEO plugin. -->","yoast_head_json":{"title":"CROISI\u00c8RE EN CATAMARAN AVEC BBQ \u00e0 Barcelone","description":"BBQ en haute mer Qu'y-a-t-il de plus cool que de se d\u00e9tendre entre potes sur un catamaran\u2026 Bon, peut-\u00eatre se d\u00e9tendre entre potes sur un catamaran en Faites l'exp\u00e9rience d'une croisi\u00e8re en catamaran avec barbecue \u00e0 Barcelone avec Spanish Break. Savourez des plats et des boissons d\u00e9licieux et admirez la vue imprenable sur la mer M\u00e9diterran\u00e9e.","robots":{"index":"index","follow":"follow","max-snippet":"max-snippet:-1","max-image-preview":"max-image-preview:large","max-video-preview":"max-video-preview:-1"},"canonical":"https:\/\/spanishbreak.com\/fr\/product\/bbq-catamaran-cruise\/","og_locale":"fr_FR","og_type":"article","og_title":"CROISI\u00c8RE EN CATAMARAN AVEC BBQ \u00e0 Barcelone","og_description":"BBQ en haute mer Qu'y-a-t-il de plus cool que de se d\u00e9tendre entre potes sur un catamaran\u2026 Bon, peut-\u00eatre se d\u00e9tendre entre potes sur un catamaran en Faites l'exp\u00e9rience d'une croisi\u00e8re en catamaran avec barbecue \u00e0 Barcelone avec Spanish Break. Savourez des plats et des boissons d\u00e9licieux et admirez la vue imprenable sur la mer M\u00e9diterran\u00e9e.","og_url":"https:\/\/spanishbreak.com\/fr\/product\/bbq-catamaran-cruise\/","og_site_name":"Spanishbreak","article_publisher":"https:\/\/www.facebook.com\/spanishbreak","article_modified_time":"2025-12-17T12:50:25+00:00","og_image":[{"width":2560,"height":1920,"url":"https:\/\/spanishbreak.com\/wp-content\/uploads\/2022\/09\/s3-desde-arriba-scaled.jpg","type":"image\/jpeg"}],"twitter_card":"summary_large_image","twitter_misc":{"Dur\u00e9e de lecture estim\u00e9e":"1 minute"},"schema":{"@context":"https:\/\/schema.org","@graph":[{"@type":["WebPage","ItemPage"],"@id":"https:\/\/spanishbreak.com\/fr\/product\/bbq-catamaran-cruise\/","url":"https:\/\/spanishbreak.com\/fr\/product\/bbq-catamaran-cruise\/","name":"CROISI\u00c8RE EN CATAMARAN AVEC BBQ \u00e0 Barcelone","isPartOf":{"@id":"https:\/\/spanishbreak.com\/#website"},"primaryImageOfPage":{"@id":"https:\/\/spanishbreak.com\/fr\/product\/bbq-catamaran-cruise\/#primaryimage"},"image":{"@id":"https:\/\/spanishbreak.com\/fr\/product\/bbq-catamaran-cruise\/#primaryimage"},"thumbnailUrl":"https:\/\/spanishbreak.com\/wp-content\/uploads\/2022\/09\/s3-desde-arriba-scaled.jpg","datePublished":"2023-02-26T09:02:11+00:00","dateModified":"2025-12-17T12:50:25+00:00","description":"BBQ en haute mer Qu'y-a-t-il de plus cool que de se d\u00e9tendre entre potes sur un catamaran\u2026 Bon, peut-\u00eatre se d\u00e9tendre entre potes sur un catamaran en Faites l'exp\u00e9rience d'une croisi\u00e8re en catamaran avec barbecue \u00e0 Barcelone avec Spanish Break. Savourez des plats et des boissons d\u00e9licieux et admirez la vue imprenable sur la mer M\u00e9diterran\u00e9e.","breadcrumb":{"@id":"https:\/\/spanishbreak.com\/fr\/product\/bbq-catamaran-cruise\/#breadcrumb"},"inLanguage":"fr-FR","potentialAction":[{"@type":"ReadAction","target":["https:\/\/spanishbreak.com\/fr\/product\/bbq-catamaran-cruise\/"]}]},{"@type":"ImageObject","inLanguage":"fr-FR","@id":"https:\/\/spanishbreak.com\/fr\/product\/bbq-catamaran-cruise\/#primaryimage","url":"https:\/\/spanishbreak.com\/wp-content\/uploads\/2022\/09\/s3-desde-arriba-scaled.jpg","contentUrl":"https:\/\/spanishbreak.com\/wp-content\/uploads\/2022\/09\/s3-desde-arriba-scaled.jpg","width":2560,"height":1920,"caption":"DCIM100MEDIADJI_0124.JPG"},{"@type":"BreadcrumbList","@id":"https:\/\/spanishbreak.com\/fr\/product\/bbq-catamaran-cruise\/#breadcrumb","itemListElement":[{"@type":"ListItem","position":1,"name":"Home","item":"https:\/\/spanishbreak.com\/"},{"@type":"ListItem","position":2,"name":"Boutique","item":"https:\/\/spanishbreak.com\/boutique\/?lang=fr"},{"@type":"ListItem","position":3,"name":"CROISI\u00c8RE EN CATAMARAN AVEC BBQ \u00e0 Barcelone"}]},{"@type":"WebSite","@id":"https:\/\/spanishbreak.com\/#website","url":"https:\/\/spanishbreak.com\/","name":"Spanish Break","description":"Otro sitio realizado con WordPress","publisher":{"@id":"https:\/\/spanishbreak.com\/#organization"},"potentialAction":[{"@type":"SearchAction","target":{"@type":"EntryPoint","urlTemplate":"https:\/\/spanishbreak.com\/?s={search_term_string}"},"query-input":{"@type":"PropertyValueSpecification","valueRequired":true,"valueName":"search_term_string"}}],"inLanguage":"fr-FR"},{"@type":"Organization","@id":"https:\/\/spanishbreak.com\/#organization","name":"Spanish Break","url":"https:\/\/spanishbreak.com\/","logo":{"@type":"ImageObject","inLanguage":"fr-FR","@id":"https:\/\/spanishbreak.com\/#\/schema\/logo\/image\/","url":"https:\/\/spanishbreak.com\/wp-content\/uploads\/2024\/03\/logo-spanish-break.png","contentUrl":"https:\/\/spanishbreak.com\/wp-content\/uploads\/2024\/03\/logo-spanish-break.png","width":323,"height":37,"caption":"Spanish Break"},"image":{"@id":"https:\/\/spanishbreak.com\/#\/schema\/logo\/image\/"},"sameAs":["https:\/\/www.facebook.com\/spanishbreak","https:\/\/www.instagram.com\/spanishbreakbcn\/"]}]}},"_links":{"self":[{"href":"https:\/\/spanishbreak.com\/fr\/wp-json\/wp\/v2\/product\/4361","targetHints":{"allow":["GET"]}}],"collection":[{"href":"https:\/\/spanishbreak.com\/fr\/wp-json\/wp\/v2\/product"}],"about":[{"href":"https:\/\/spanishbreak.com\/fr\/wp-json\/wp\/v2\/types\/product"}],"replies":[{"embeddable":true,"href":"https:\/\/spanishbreak.com\/fr\/wp-json\/wp\/v2\/comments?post=4361"}],"wp:featuredmedia":[{"embeddable":true,"href":"https:\/\/spanishbreak.com\/fr\/wp-json\/wp\/v2\/media\/2922"}],"wp:attachment":[{"href":"https:\/\/spanishbreak.com\/fr\/wp-json\/wp\/v2\/media?parent=4361"}],"wp:term":[{"taxonomy":"product_brand","embeddable":true,"href":"https:\/\/spanishbreak.com\/fr\/wp-json\/wp\/v2\/product_brand?post=4361"},{"taxonomy":"product_cat","embeddable":true,"href":"https:\/\/spanishbreak.com\/fr\/wp-json\/wp\/v2\/product_cat?post=4361"},{"taxonomy":"product_tag","embeddable":true,"href":"https:\/\/spanishbreak.com\/fr\/wp-json\/wp\/v2\/product_tag?post=4361"}],"curies":[{"name":"wp","href":"https:\/\/api.w.org\/{rel}","templated":true}]}}