{"id":4365,"date":"2023-02-26T09:58:28","date_gmt":"2023-02-26T08:58:28","guid":{"rendered":"https:\/\/spanishbreak.com\/producto\/pamper-party-chic\/"},"modified":"2025-12-17T13:53:56","modified_gmt":"2025-12-17T12:53:56","slug":"pamper-party-chic","status":"publish","type":"product","link":"https:\/\/spanishbreak.com\/fr\/product\/pamper-party-chic\/","title":{"rendered":"COCOONING PARTY \u00c0 BARCELONE"},"content":{"rendered":"<p><strong>Une f\u00eate dans un salon de beaut\u00e9 priv\u00e9 !<\/strong><\/p>\n<p>Faire la f\u00eate comme il se doit, cela\u00a0doit \u00eatre fatigant, non\u00a0? Alors que vous vous pr\u00e9pariez \u00e0 aller faire la f\u00eate ou que vous souhaitiez r\u00e9cup\u00e9rer de la veille, il n\u2019y a rien\u00a0qu\u2019une luxueuse cocooning party ne puisse r\u00e9soudre !<\/p>\n<p>Au cours de cette session, vous pourrez profiter du salon en exclusivit\u00e9 et des nombreuses activit\u00e9s essentielles au bien \u00eatre et \u00e0 la beaut\u00e9. Entre la\u00a0pedicure\u00a0express et le massage des pieds, ainsi que le masque hydratant visage, rien ne sera trop beau pour vous !\u00a0Et pour vous garder dans l\u2019esprit de la f\u00eate, un assortiment de canap\u00e9s et du Cava\u00a0seront \u00e9galement disponibles, le tout accompagn\u00e9 d&rsquo;un karaok\u00e9, bien s\u00fbr\u00a0!<\/p>\n<p>Donc, si vous cherchez \u00e0 vous pr\u00e9parer pour faire la f\u00eate, passer une nuit calme, ou pour simplement prendre soin de vous, ne cherchez plus !<\/p>\n","protected":false},"excerpt":{"rendered":"<p>Une f\u00eate dans un salon de beaut\u00e9 priv\u00e9 ! Faire la f\u00eate comme il se doit, cela\u00a0doit \u00eatre fatigant, non\u00a0? Alors que vous vous pr\u00e9pariez \u00e0 aller faire la f\u00eate ou que vous souhaitiez r\u00e9cup\u00e9rer de la veille, il n\u2019y a rien\u00a0qu\u2019une luxueuse cocooning party ne puisse r\u00e9soudre ! Au cours de cette session, vous [&hellip;]<\/p>\n","protected":false},"featured_media":3250,"comment_status":"closed","ping_status":"closed","template":"","meta":{"site-sidebar-layout":"default","site-content-layout":"default","ast-site-content-layout":"default","site-content-style":"default","site-sidebar-style":"default","ast-global-header-display":"","ast-banner-title-visibility":"","ast-main-header-display":"","ast-hfb-above-header-display":"","ast-hfb-below-header-display":"","ast-hfb-mobile-header-display":"","site-post-title":"","ast-breadcrumbs-content":"","ast-featured-img":"","footer-sml-layout":"","theme-transparent-header-meta":"default","adv-header-id-meta":"","stick-header-meta":"","header-above-stick-meta":"","header-main-stick-meta":"","header-below-stick-meta":"","astra-migrate-meta-layouts":"set","ast-page-background-enabled":"default","ast-page-background-meta":{"desktop":{"background-color":"var(--ast-global-color-4)","background-image":"","background-repeat":"repeat","background-position":"center center","background-size":"auto","background-attachment":"scroll","background-type":"","background-media":"","overlay-type":"","overlay-color":"","overlay-opacity":"","overlay-gradient":""},"tablet":{"background-color":"","background-image":"","background-repeat":"repeat","background-position":"center center","background-size":"auto","background-attachment":"scroll","background-type":"","background-media":"","overlay-type":"","overlay-color":"","overlay-opacity":"","overlay-gradient":""},"mobile":{"background-color":"","background-image":"","background-repeat":"repeat","background-position":"center center","background-size":"auto","background-attachment":"scroll","background-type":"","background-media":"","overlay-type":"","overlay-color":"","overlay-opacity":"","overlay-gradient":""}},"ast-content-background-meta":{"desktop":{"background-color":"var(--ast-global-color-5)","background-image":"","background-repeat":"repeat","background-position":"center center","background-size":"auto","background-attachment":"scroll","background-type":"","background-media":"","overlay-type":"","overlay-color":"","overlay-opacity":"","overlay-gradient":""},"tablet":{"background-color":"var(--ast-global-color-5)","background-image":"","background-repeat":"repeat","background-position":"center center","background-size":"auto","background-attachment":"scroll","background-type":"","background-media":"","overlay-type":"","overlay-color":"","overlay-opacity":"","overlay-gradient":""},"mobile":{"background-color":"var(--ast-global-color-5)","background-image":"","background-repeat":"repeat","background-position":"center center","background-size":"auto","background-attachment":"scroll","background-type":"","background-media":"","overlay-type":"","overlay-color":"","overlay-opacity":"","overlay-gradient":""}},"repeater_packs":""},"product_brand":[],"product_cat":[68,66],"product_tag":[36],"class_list":{"0":"post-4365","1":"product","2":"type-product","3":"status-publish","4":"has-post-thumbnail","6":"product_cat-day-time-activities","7":"product_cat-hen-fr-2","8":"product_tag-hen","9":"desktop-align-left","10":"tablet-align-left","11":"mobile-align-left","13":"first","14":"instock","15":"shipping-taxable","16":"product-type-simple"},"yoast_head":"<!-- This site is optimized with the Yoast SEO plugin v26.8 - https:\/\/yoast.com\/product\/yoast-seo-wordpress\/ -->\n<title>COCOONING PARTY \u00c0 BARCELONE - Exp\u00e9rience de relaxation ultime<\/title>\n<meta name=\"description\" content=\"Une f\u00eate dans un salon de beaut\u00e9 priv\u00e9 ! Faire la f\u00eate comme il se doit, cela\u00a0doit \u00eatre fatigant, non\u00a0? Alors que vous vous pr\u00e9pariez \u00e0 aller faire la Cocooning party est l&#039;exp\u00e9rience de luxe ultime pour une soir\u00e9e entre filles, avec des soins de spa, des cocktails et des activit\u00e9s de chouchoutage.\" \/>\n<meta name=\"robots\" content=\"index, follow, max-snippet:-1, max-image-preview:large, max-video-preview:-1\" \/>\n<link rel=\"canonical\" href=\"https:\/\/spanishbreak.com\/fr\/product\/pamper-party-chic\/\" \/>\n<meta property=\"og:locale\" content=\"fr_FR\" \/>\n<meta property=\"og:type\" content=\"article\" \/>\n<meta property=\"og:title\" content=\"COCOONING PARTY \u00c0 BARCELONE - Exp\u00e9rience de relaxation ultime\" \/>\n<meta property=\"og:description\" content=\"Une f\u00eate dans un salon de beaut\u00e9 priv\u00e9 ! Faire la f\u00eate comme il se doit, cela\u00a0doit \u00eatre fatigant, non\u00a0? Alors que vous vous pr\u00e9pariez \u00e0 aller faire la Cocooning party est l&#039;exp\u00e9rience de luxe ultime pour une soir\u00e9e entre filles, avec des soins de spa, des cocktails et des activit\u00e9s de chouchoutage.\" \/>\n<meta property=\"og:url\" content=\"https:\/\/spanishbreak.com\/fr\/product\/pamper-party-chic\/\" \/>\n<meta property=\"og:site_name\" content=\"Spanishbreak\" \/>\n<meta property=\"article:publisher\" content=\"https:\/\/www.facebook.com\/spanishbreak\" \/>\n<meta property=\"article:modified_time\" content=\"2025-12-17T12:53:56+00:00\" \/>\n<meta property=\"og:image\" content=\"https:\/\/spanishbreak.com\/wp-content\/uploads\/2022\/10\/beauty_party_6-1024x1024.png\" \/>\n\t<meta property=\"og:image:width\" content=\"1024\" \/>\n\t<meta property=\"og:image:height\" content=\"1024\" \/>\n\t<meta property=\"og:image:type\" content=\"image\/png\" \/>\n<meta name=\"twitter:card\" content=\"summary_large_image\" \/>\n<meta name=\"twitter:label1\" content=\"Dur\u00e9e de lecture estim\u00e9e\" \/>\n\t<meta name=\"twitter:data1\" content=\"1 minute\" \/>\n<script type=\"application\/ld+json\" class=\"yoast-schema-graph\">{\"@context\":\"https:\/\/schema.org\",\"@graph\":[{\"@type\":[\"WebPage\",\"ItemPage\"],\"@id\":\"https:\/\/spanishbreak.com\/fr\/product\/pamper-party-chic\/\",\"url\":\"https:\/\/spanishbreak.com\/fr\/product\/pamper-party-chic\/\",\"name\":\"COCOONING PARTY \u00c0 BARCELONE - Exp\u00e9rience de relaxation ultime\",\"isPartOf\":{\"@id\":\"https:\/\/spanishbreak.com\/#website\"},\"primaryImageOfPage\":{\"@id\":\"https:\/\/spanishbreak.com\/fr\/product\/pamper-party-chic\/#primaryimage\"},\"image\":{\"@id\":\"https:\/\/spanishbreak.com\/fr\/product\/pamper-party-chic\/#primaryimage\"},\"thumbnailUrl\":\"https:\/\/spanishbreak.com\/wp-content\/uploads\/2022\/10\/beauty_party_6.png\",\"datePublished\":\"2023-02-26T08:58:28+00:00\",\"dateModified\":\"2025-12-17T12:53:56+00:00\",\"description\":\"Une f\u00eate dans un salon de beaut\u00e9 priv\u00e9 ! Faire la f\u00eate comme il se doit, cela\u00a0doit \u00eatre fatigant, non\u00a0? Alors que vous vous pr\u00e9pariez \u00e0 aller faire la Cocooning party est l'exp\u00e9rience de luxe ultime pour une soir\u00e9e entre filles, avec des soins de spa, des cocktails et des activit\u00e9s de chouchoutage.\",\"breadcrumb\":{\"@id\":\"https:\/\/spanishbreak.com\/fr\/product\/pamper-party-chic\/#breadcrumb\"},\"inLanguage\":\"fr-FR\",\"potentialAction\":[{\"@type\":\"ReadAction\",\"target\":[\"https:\/\/spanishbreak.com\/fr\/product\/pamper-party-chic\/\"]}]},{\"@type\":\"ImageObject\",\"inLanguage\":\"fr-FR\",\"@id\":\"https:\/\/spanishbreak.com\/fr\/product\/pamper-party-chic\/#primaryimage\",\"url\":\"https:\/\/spanishbreak.com\/wp-content\/uploads\/2022\/10\/beauty_party_6.png\",\"contentUrl\":\"https:\/\/spanishbreak.com\/wp-content\/uploads\/2022\/10\/beauty_party_6.png\",\"width\":1080,\"height\":1080},{\"@type\":\"BreadcrumbList\",\"@id\":\"https:\/\/spanishbreak.com\/fr\/product\/pamper-party-chic\/#breadcrumb\",\"itemListElement\":[{\"@type\":\"ListItem\",\"position\":1,\"name\":\"Home\",\"item\":\"https:\/\/spanishbreak.com\/\"},{\"@type\":\"ListItem\",\"position\":2,\"name\":\"Boutique\",\"item\":\"https:\/\/spanishbreak.com\/boutique\/?lang=fr\"},{\"@type\":\"ListItem\",\"position\":3,\"name\":\"COCOONING PARTY \u00c0 BARCELONE\"}]},{\"@type\":\"WebSite\",\"@id\":\"https:\/\/spanishbreak.com\/#website\",\"url\":\"https:\/\/spanishbreak.com\/\",\"name\":\"Spanish Break\",\"description\":\"Otro sitio realizado con WordPress\",\"publisher\":{\"@id\":\"https:\/\/spanishbreak.com\/#organization\"},\"potentialAction\":[{\"@type\":\"SearchAction\",\"target\":{\"@type\":\"EntryPoint\",\"urlTemplate\":\"https:\/\/spanishbreak.com\/?s={search_term_string}\"},\"query-input\":{\"@type\":\"PropertyValueSpecification\",\"valueRequired\":true,\"valueName\":\"search_term_string\"}}],\"inLanguage\":\"fr-FR\"},{\"@type\":\"Organization\",\"@id\":\"https:\/\/spanishbreak.com\/#organization\",\"name\":\"Spanish Break\",\"url\":\"https:\/\/spanishbreak.com\/\",\"logo\":{\"@type\":\"ImageObject\",\"inLanguage\":\"fr-FR\",\"@id\":\"https:\/\/spanishbreak.com\/#\/schema\/logo\/image\/\",\"url\":\"https:\/\/spanishbreak.com\/wp-content\/uploads\/2024\/03\/logo-spanish-break.png\",\"contentUrl\":\"https:\/\/spanishbreak.com\/wp-content\/uploads\/2024\/03\/logo-spanish-break.png\",\"width\":323,\"height\":37,\"caption\":\"Spanish Break\"},\"image\":{\"@id\":\"https:\/\/spanishbreak.com\/#\/schema\/logo\/image\/\"},\"sameAs\":[\"https:\/\/www.facebook.com\/spanishbreak\",\"https:\/\/www.instagram.com\/spanishbreakbcn\/\"]}]}<\/script>\n<!-- \/ Yoast SEO plugin. -->","yoast_head_json":{"title":"COCOONING PARTY \u00c0 BARCELONE - Exp\u00e9rience de relaxation ultime","description":"Une f\u00eate dans un salon de beaut\u00e9 priv\u00e9 ! Faire la f\u00eate comme il se doit, cela\u00a0doit \u00eatre fatigant, non\u00a0? Alors que vous vous pr\u00e9pariez \u00e0 aller faire la Cocooning party est l'exp\u00e9rience de luxe ultime pour une soir\u00e9e entre filles, avec des soins de spa, des cocktails et des activit\u00e9s de chouchoutage.","robots":{"index":"index","follow":"follow","max-snippet":"max-snippet:-1","max-image-preview":"max-image-preview:large","max-video-preview":"max-video-preview:-1"},"canonical":"https:\/\/spanishbreak.com\/fr\/product\/pamper-party-chic\/","og_locale":"fr_FR","og_type":"article","og_title":"COCOONING PARTY \u00c0 BARCELONE - Exp\u00e9rience de relaxation ultime","og_description":"Une f\u00eate dans un salon de beaut\u00e9 priv\u00e9 ! Faire la f\u00eate comme il se doit, cela\u00a0doit \u00eatre fatigant, non\u00a0? Alors que vous vous pr\u00e9pariez \u00e0 aller faire la Cocooning party est l'exp\u00e9rience de luxe ultime pour une soir\u00e9e entre filles, avec des soins de spa, des cocktails et des activit\u00e9s de chouchoutage.","og_url":"https:\/\/spanishbreak.com\/fr\/product\/pamper-party-chic\/","og_site_name":"Spanishbreak","article_publisher":"https:\/\/www.facebook.com\/spanishbreak","article_modified_time":"2025-12-17T12:53:56+00:00","og_image":[{"width":1024,"height":1024,"url":"https:\/\/spanishbreak.com\/wp-content\/uploads\/2022\/10\/beauty_party_6-1024x1024.png","type":"image\/png"}],"twitter_card":"summary_large_image","twitter_misc":{"Dur\u00e9e de lecture estim\u00e9e":"1 minute"},"schema":{"@context":"https:\/\/schema.org","@graph":[{"@type":["WebPage","ItemPage"],"@id":"https:\/\/spanishbreak.com\/fr\/product\/pamper-party-chic\/","url":"https:\/\/spanishbreak.com\/fr\/product\/pamper-party-chic\/","name":"COCOONING PARTY \u00c0 BARCELONE - Exp\u00e9rience de relaxation ultime","isPartOf":{"@id":"https:\/\/spanishbreak.com\/#website"},"primaryImageOfPage":{"@id":"https:\/\/spanishbreak.com\/fr\/product\/pamper-party-chic\/#primaryimage"},"image":{"@id":"https:\/\/spanishbreak.com\/fr\/product\/pamper-party-chic\/#primaryimage"},"thumbnailUrl":"https:\/\/spanishbreak.com\/wp-content\/uploads\/2022\/10\/beauty_party_6.png","datePublished":"2023-02-26T08:58:28+00:00","dateModified":"2025-12-17T12:53:56+00:00","description":"Une f\u00eate dans un salon de beaut\u00e9 priv\u00e9 ! Faire la f\u00eate comme il se doit, cela\u00a0doit \u00eatre fatigant, non\u00a0? Alors que vous vous pr\u00e9pariez \u00e0 aller faire la Cocooning party est l'exp\u00e9rience de luxe ultime pour une soir\u00e9e entre filles, avec des soins de spa, des cocktails et des activit\u00e9s de chouchoutage.","breadcrumb":{"@id":"https:\/\/spanishbreak.com\/fr\/product\/pamper-party-chic\/#breadcrumb"},"inLanguage":"fr-FR","potentialAction":[{"@type":"ReadAction","target":["https:\/\/spanishbreak.com\/fr\/product\/pamper-party-chic\/"]}]},{"@type":"ImageObject","inLanguage":"fr-FR","@id":"https:\/\/spanishbreak.com\/fr\/product\/pamper-party-chic\/#primaryimage","url":"https:\/\/spanishbreak.com\/wp-content\/uploads\/2022\/10\/beauty_party_6.png","contentUrl":"https:\/\/spanishbreak.com\/wp-content\/uploads\/2022\/10\/beauty_party_6.png","width":1080,"height":1080},{"@type":"BreadcrumbList","@id":"https:\/\/spanishbreak.com\/fr\/product\/pamper-party-chic\/#breadcrumb","itemListElement":[{"@type":"ListItem","position":1,"name":"Home","item":"https:\/\/spanishbreak.com\/"},{"@type":"ListItem","position":2,"name":"Boutique","item":"https:\/\/spanishbreak.com\/boutique\/?lang=fr"},{"@type":"ListItem","position":3,"name":"COCOONING PARTY \u00c0 BARCELONE"}]},{"@type":"WebSite","@id":"https:\/\/spanishbreak.com\/#website","url":"https:\/\/spanishbreak.com\/","name":"Spanish Break","description":"Otro sitio realizado con WordPress","publisher":{"@id":"https:\/\/spanishbreak.com\/#organization"},"potentialAction":[{"@type":"SearchAction","target":{"@type":"EntryPoint","urlTemplate":"https:\/\/spanishbreak.com\/?s={search_term_string}"},"query-input":{"@type":"PropertyValueSpecification","valueRequired":true,"valueName":"search_term_string"}}],"inLanguage":"fr-FR"},{"@type":"Organization","@id":"https:\/\/spanishbreak.com\/#organization","name":"Spanish Break","url":"https:\/\/spanishbreak.com\/","logo":{"@type":"ImageObject","inLanguage":"fr-FR","@id":"https:\/\/spanishbreak.com\/#\/schema\/logo\/image\/","url":"https:\/\/spanishbreak.com\/wp-content\/uploads\/2024\/03\/logo-spanish-break.png","contentUrl":"https:\/\/spanishbreak.com\/wp-content\/uploads\/2024\/03\/logo-spanish-break.png","width":323,"height":37,"caption":"Spanish Break"},"image":{"@id":"https:\/\/spanishbreak.com\/#\/schema\/logo\/image\/"},"sameAs":["https:\/\/www.facebook.com\/spanishbreak","https:\/\/www.instagram.com\/spanishbreakbcn\/"]}]}},"_links":{"self":[{"href":"https:\/\/spanishbreak.com\/fr\/wp-json\/wp\/v2\/product\/4365","targetHints":{"allow":["GET"]}}],"collection":[{"href":"https:\/\/spanishbreak.com\/fr\/wp-json\/wp\/v2\/product"}],"about":[{"href":"https:\/\/spanishbreak.com\/fr\/wp-json\/wp\/v2\/types\/product"}],"replies":[{"embeddable":true,"href":"https:\/\/spanishbreak.com\/fr\/wp-json\/wp\/v2\/comments?post=4365"}],"wp:featuredmedia":[{"embeddable":true,"href":"https:\/\/spanishbreak.com\/fr\/wp-json\/wp\/v2\/media\/3250"}],"wp:attachment":[{"href":"https:\/\/spanishbreak.com\/fr\/wp-json\/wp\/v2\/media?parent=4365"}],"wp:term":[{"taxonomy":"product_brand","embeddable":true,"href":"https:\/\/spanishbreak.com\/fr\/wp-json\/wp\/v2\/product_brand?post=4365"},{"taxonomy":"product_cat","embeddable":true,"href":"https:\/\/spanishbreak.com\/fr\/wp-json\/wp\/v2\/product_cat?post=4365"},{"taxonomy":"product_tag","embeddable":true,"href":"https:\/\/spanishbreak.com\/fr\/wp-json\/wp\/v2\/product_tag?post=4365"}],"curies":[{"name":"wp","href":"https:\/\/api.w.org\/{rel}","templated":true}]}}