{"id":4367,"date":"2023-02-26T09:56:40","date_gmt":"2023-02-26T08:56:40","guid":{"rendered":"https:\/\/spanishbreak.com\/producto\/beer-pedal-boat\/"},"modified":"2025-12-16T13:28:15","modified_gmt":"2025-12-16T12:28:15","slug":"beer-pedal-boat","status":"publish","type":"product","link":"https:\/\/spanishbreak.com\/fr\/product\/beer-pedal-boat\/","title":{"rendered":"P\u00c9DALO \u00c0 BI\u00c8RE \u00c0 BARCELONE"},"content":{"rendered":"<p>Vous \u00eates tiraill\u00e9s entre le v\u00e9lo \u00e0 bi\u00e8re et une croisi\u00e8re au large des c\u00f4tes Barcelonaises ?<\/p>\n<p>Pourquoi ne pas combiner les deux ?<\/p>\n<p>Gr\u00e2ce au Beer P\u00e9dalo, prenez le large afin d\u2019appr\u00e9cier une vue imprenable sur Barcelone depuis la mer. Votre capitaine vous accueillera \u00e0 la Barceloneta pour vous faire un briefing sur le fonctionnement du P\u00e9dalo mais\u00a0vous aurez aussi\u00a0l\u2019opportunit\u00e9 de choisir 1L de votre boisson pr\u00e9f\u00e9r\u00e9e pour ne pas vous d\u00e9shydrater \u00e0 mi-parcours.<br \/>\nAmenez votre playlist favorite, de quoi grignoter et\u2026. P\u00e9dalez !<\/p>\n<p>Pour les moins sportifs d\u2019entre vous, ne vous en faites pas, il y a un moteur int\u00e9gr\u00e9 afin d\u2019all\u00e9ger votre exp\u00e9rience.<\/p>\n","protected":false},"excerpt":{"rendered":"<p>Vous \u00eates tiraill\u00e9s entre le v\u00e9lo \u00e0 bi\u00e8re et une croisi\u00e8re au large des c\u00f4tes Barcelonaises ? Pourquoi ne pas combiner les deux ? Gr\u00e2ce au Beer P\u00e9dalo, prenez le large afin d\u2019appr\u00e9cier une vue imprenable sur Barcelone depuis la mer. Votre capitaine vous accueillera \u00e0 la Barceloneta pour vous faire un briefing sur le [&hellip;]<\/p>\n","protected":false},"featured_media":3306,"comment_status":"closed","ping_status":"closed","template":"","meta":{"site-sidebar-layout":"default","site-content-layout":"default","ast-site-content-layout":"default","site-content-style":"default","site-sidebar-style":"default","ast-global-header-display":"","ast-banner-title-visibility":"","ast-main-header-display":"","ast-hfb-above-header-display":"","ast-hfb-below-header-display":"","ast-hfb-mobile-header-display":"","site-post-title":"","ast-breadcrumbs-content":"","ast-featured-img":"","footer-sml-layout":"","theme-transparent-header-meta":"default","adv-header-id-meta":"","stick-header-meta":"","header-above-stick-meta":"","header-main-stick-meta":"","header-below-stick-meta":"","astra-migrate-meta-layouts":"set","ast-page-background-enabled":"default","ast-page-background-meta":{"desktop":{"background-color":"var(--ast-global-color-4)","background-image":"","background-repeat":"repeat","background-position":"center center","background-size":"auto","background-attachment":"scroll","background-type":"","background-media":"","overlay-type":"","overlay-color":"","overlay-opacity":"","overlay-gradient":""},"tablet":{"background-color":"","background-image":"","background-repeat":"repeat","background-position":"center center","background-size":"auto","background-attachment":"scroll","background-type":"","background-media":"","overlay-type":"","overlay-color":"","overlay-opacity":"","overlay-gradient":""},"mobile":{"background-color":"","background-image":"","background-repeat":"repeat","background-position":"center center","background-size":"auto","background-attachment":"scroll","background-type":"","background-media":"","overlay-type":"","overlay-color":"","overlay-opacity":"","overlay-gradient":""}},"ast-content-background-meta":{"desktop":{"background-color":"var(--ast-global-color-5)","background-image":"","background-repeat":"repeat","background-position":"center center","background-size":"auto","background-attachment":"scroll","background-type":"","background-media":"","overlay-type":"","overlay-color":"","overlay-opacity":"","overlay-gradient":""},"tablet":{"background-color":"var(--ast-global-color-5)","background-image":"","background-repeat":"repeat","background-position":"center center","background-size":"auto","background-attachment":"scroll","background-type":"","background-media":"","overlay-type":"","overlay-color":"","overlay-opacity":"","overlay-gradient":""},"mobile":{"background-color":"var(--ast-global-color-5)","background-image":"","background-repeat":"repeat","background-position":"center center","background-size":"auto","background-attachment":"scroll","background-type":"","background-media":"","overlay-type":"","overlay-color":"","overlay-opacity":"","overlay-gradient":""}},"repeater_packs":""},"product_brand":[],"product_cat":[68,66,73,87],"product_tag":[],"class_list":{"0":"post-4367","1":"product","2":"type-product","3":"status-publish","4":"has-post-thumbnail","6":"product_cat-day-time-activities","7":"product_cat-hen-fr-2","8":"product_cat-stag-fr","9":"product_cat-water-sports-activities","10":"desktop-align-left","11":"tablet-align-left","12":"mobile-align-left","14":"first","15":"instock","16":"shipping-taxable","17":"product-type-simple"},"yoast_head":"<!-- This site is optimized with the Yoast SEO plugin v26.8 - https:\/\/yoast.com\/product\/yoast-seo-wordpress\/ -->\n<title>P\u00c9DALO \u00c0 BI\u00c8RE \u00c0 BARCELONE<\/title>\n<meta name=\"description\" content=\"Vous \u00eates tiraill\u00e9s entre le v\u00e9lo \u00e0 bi\u00e8re et une croisi\u00e8re au large des c\u00f4tes Barcelonaises ? Pourquoi ne pas combiner les deux ? Gr\u00e2ce au Beer P\u00e9dalo,\" \/>\n<meta name=\"robots\" content=\"index, follow, max-snippet:-1, max-image-preview:large, max-video-preview:-1\" \/>\n<link rel=\"canonical\" href=\"https:\/\/spanishbreak.com\/fr\/product\/beer-pedal-boat\/\" \/>\n<meta property=\"og:locale\" content=\"fr_FR\" \/>\n<meta property=\"og:type\" content=\"article\" \/>\n<meta property=\"og:title\" content=\"P\u00c9DALO \u00c0 BI\u00c8RE \u00c0 BARCELONE\" \/>\n<meta property=\"og:description\" content=\"Vous \u00eates tiraill\u00e9s entre le v\u00e9lo \u00e0 bi\u00e8re et une croisi\u00e8re au large des c\u00f4tes Barcelonaises ? Pourquoi ne pas combiner les deux ? Gr\u00e2ce au Beer P\u00e9dalo,\" \/>\n<meta property=\"og:url\" content=\"https:\/\/spanishbreak.com\/fr\/product\/beer-pedal-boat\/\" \/>\n<meta property=\"og:site_name\" content=\"Spanishbreak\" \/>\n<meta property=\"article:publisher\" content=\"https:\/\/www.facebook.com\/spanishbreak\" \/>\n<meta property=\"article:modified_time\" content=\"2025-12-16T12:28:15+00:00\" \/>\n<meta property=\"og:image\" content=\"https:\/\/spanishbreak.com\/wp-content\/uploads\/2022\/10\/Pedal-Cruises-2-scaled.jpg\" \/>\n\t<meta property=\"og:image:width\" content=\"2560\" \/>\n\t<meta property=\"og:image:height\" content=\"1920\" \/>\n\t<meta property=\"og:image:type\" content=\"image\/jpeg\" \/>\n<meta name=\"twitter:card\" content=\"summary_large_image\" \/>\n<meta name=\"twitter:label1\" content=\"Dur\u00e9e de lecture estim\u00e9e\" \/>\n\t<meta name=\"twitter:data1\" content=\"1 minute\" \/>\n<script type=\"application\/ld+json\" class=\"yoast-schema-graph\">{\"@context\":\"https:\/\/schema.org\",\"@graph\":[{\"@type\":[\"WebPage\",\"ItemPage\"],\"@id\":\"https:\/\/spanishbreak.com\/fr\/product\/beer-pedal-boat\/\",\"url\":\"https:\/\/spanishbreak.com\/fr\/product\/beer-pedal-boat\/\",\"name\":\"P\u00c9DALO \u00c0 BI\u00c8RE \u00c0 BARCELONE\",\"isPartOf\":{\"@id\":\"https:\/\/spanishbreak.com\/#website\"},\"primaryImageOfPage\":{\"@id\":\"https:\/\/spanishbreak.com\/fr\/product\/beer-pedal-boat\/#primaryimage\"},\"image\":{\"@id\":\"https:\/\/spanishbreak.com\/fr\/product\/beer-pedal-boat\/#primaryimage\"},\"thumbnailUrl\":\"https:\/\/spanishbreak.com\/wp-content\/uploads\/2022\/10\/Pedal-Cruises-2-scaled.jpg\",\"datePublished\":\"2023-02-26T08:56:40+00:00\",\"dateModified\":\"2025-12-16T12:28:15+00:00\",\"description\":\"Vous \u00eates tiraill\u00e9s entre le v\u00e9lo \u00e0 bi\u00e8re et une croisi\u00e8re au large des c\u00f4tes Barcelonaises ? Pourquoi ne pas combiner les deux ? Gr\u00e2ce au Beer P\u00e9dalo,\",\"breadcrumb\":{\"@id\":\"https:\/\/spanishbreak.com\/fr\/product\/beer-pedal-boat\/#breadcrumb\"},\"inLanguage\":\"fr-FR\",\"potentialAction\":[{\"@type\":\"ReadAction\",\"target\":[\"https:\/\/spanishbreak.com\/fr\/product\/beer-pedal-boat\/\"]}]},{\"@type\":\"ImageObject\",\"inLanguage\":\"fr-FR\",\"@id\":\"https:\/\/spanishbreak.com\/fr\/product\/beer-pedal-boat\/#primaryimage\",\"url\":\"https:\/\/spanishbreak.com\/wp-content\/uploads\/2022\/10\/Pedal-Cruises-2-scaled.jpg\",\"contentUrl\":\"https:\/\/spanishbreak.com\/wp-content\/uploads\/2022\/10\/Pedal-Cruises-2-scaled.jpg\",\"width\":2560,\"height\":1920},{\"@type\":\"BreadcrumbList\",\"@id\":\"https:\/\/spanishbreak.com\/fr\/product\/beer-pedal-boat\/#breadcrumb\",\"itemListElement\":[{\"@type\":\"ListItem\",\"position\":1,\"name\":\"Home\",\"item\":\"https:\/\/spanishbreak.com\/\"},{\"@type\":\"ListItem\",\"position\":2,\"name\":\"Boutique\",\"item\":\"https:\/\/spanishbreak.com\/boutique\/?lang=fr\"},{\"@type\":\"ListItem\",\"position\":3,\"name\":\"P\u00c9DALO \u00c0 BI\u00c8RE \u00c0 BARCELONE\"}]},{\"@type\":\"WebSite\",\"@id\":\"https:\/\/spanishbreak.com\/#website\",\"url\":\"https:\/\/spanishbreak.com\/\",\"name\":\"Spanish Break\",\"description\":\"Otro sitio realizado con WordPress\",\"publisher\":{\"@id\":\"https:\/\/spanishbreak.com\/#organization\"},\"potentialAction\":[{\"@type\":\"SearchAction\",\"target\":{\"@type\":\"EntryPoint\",\"urlTemplate\":\"https:\/\/spanishbreak.com\/?s={search_term_string}\"},\"query-input\":{\"@type\":\"PropertyValueSpecification\",\"valueRequired\":true,\"valueName\":\"search_term_string\"}}],\"inLanguage\":\"fr-FR\"},{\"@type\":\"Organization\",\"@id\":\"https:\/\/spanishbreak.com\/#organization\",\"name\":\"Spanish Break\",\"url\":\"https:\/\/spanishbreak.com\/\",\"logo\":{\"@type\":\"ImageObject\",\"inLanguage\":\"fr-FR\",\"@id\":\"https:\/\/spanishbreak.com\/#\/schema\/logo\/image\/\",\"url\":\"https:\/\/spanishbreak.com\/wp-content\/uploads\/2024\/03\/logo-spanish-break.png\",\"contentUrl\":\"https:\/\/spanishbreak.com\/wp-content\/uploads\/2024\/03\/logo-spanish-break.png\",\"width\":323,\"height\":37,\"caption\":\"Spanish Break\"},\"image\":{\"@id\":\"https:\/\/spanishbreak.com\/#\/schema\/logo\/image\/\"},\"sameAs\":[\"https:\/\/www.facebook.com\/spanishbreak\",\"https:\/\/www.instagram.com\/spanishbreakbcn\/\"]}]}<\/script>\n<!-- \/ Yoast SEO plugin. -->","yoast_head_json":{"title":"P\u00c9DALO \u00c0 BI\u00c8RE \u00c0 BARCELONE","description":"Vous \u00eates tiraill\u00e9s entre le v\u00e9lo \u00e0 bi\u00e8re et une croisi\u00e8re au large des c\u00f4tes Barcelonaises ? Pourquoi ne pas combiner les deux ? Gr\u00e2ce au Beer P\u00e9dalo,","robots":{"index":"index","follow":"follow","max-snippet":"max-snippet:-1","max-image-preview":"max-image-preview:large","max-video-preview":"max-video-preview:-1"},"canonical":"https:\/\/spanishbreak.com\/fr\/product\/beer-pedal-boat\/","og_locale":"fr_FR","og_type":"article","og_title":"P\u00c9DALO \u00c0 BI\u00c8RE \u00c0 BARCELONE","og_description":"Vous \u00eates tiraill\u00e9s entre le v\u00e9lo \u00e0 bi\u00e8re et une croisi\u00e8re au large des c\u00f4tes Barcelonaises ? Pourquoi ne pas combiner les deux ? Gr\u00e2ce au Beer P\u00e9dalo,","og_url":"https:\/\/spanishbreak.com\/fr\/product\/beer-pedal-boat\/","og_site_name":"Spanishbreak","article_publisher":"https:\/\/www.facebook.com\/spanishbreak","article_modified_time":"2025-12-16T12:28:15+00:00","og_image":[{"width":2560,"height":1920,"url":"https:\/\/spanishbreak.com\/wp-content\/uploads\/2022\/10\/Pedal-Cruises-2-scaled.jpg","type":"image\/jpeg"}],"twitter_card":"summary_large_image","twitter_misc":{"Dur\u00e9e de lecture estim\u00e9e":"1 minute"},"schema":{"@context":"https:\/\/schema.org","@graph":[{"@type":["WebPage","ItemPage"],"@id":"https:\/\/spanishbreak.com\/fr\/product\/beer-pedal-boat\/","url":"https:\/\/spanishbreak.com\/fr\/product\/beer-pedal-boat\/","name":"P\u00c9DALO \u00c0 BI\u00c8RE \u00c0 BARCELONE","isPartOf":{"@id":"https:\/\/spanishbreak.com\/#website"},"primaryImageOfPage":{"@id":"https:\/\/spanishbreak.com\/fr\/product\/beer-pedal-boat\/#primaryimage"},"image":{"@id":"https:\/\/spanishbreak.com\/fr\/product\/beer-pedal-boat\/#primaryimage"},"thumbnailUrl":"https:\/\/spanishbreak.com\/wp-content\/uploads\/2022\/10\/Pedal-Cruises-2-scaled.jpg","datePublished":"2023-02-26T08:56:40+00:00","dateModified":"2025-12-16T12:28:15+00:00","description":"Vous \u00eates tiraill\u00e9s entre le v\u00e9lo \u00e0 bi\u00e8re et une croisi\u00e8re au large des c\u00f4tes Barcelonaises ? Pourquoi ne pas combiner les deux ? Gr\u00e2ce au Beer P\u00e9dalo,","breadcrumb":{"@id":"https:\/\/spanishbreak.com\/fr\/product\/beer-pedal-boat\/#breadcrumb"},"inLanguage":"fr-FR","potentialAction":[{"@type":"ReadAction","target":["https:\/\/spanishbreak.com\/fr\/product\/beer-pedal-boat\/"]}]},{"@type":"ImageObject","inLanguage":"fr-FR","@id":"https:\/\/spanishbreak.com\/fr\/product\/beer-pedal-boat\/#primaryimage","url":"https:\/\/spanishbreak.com\/wp-content\/uploads\/2022\/10\/Pedal-Cruises-2-scaled.jpg","contentUrl":"https:\/\/spanishbreak.com\/wp-content\/uploads\/2022\/10\/Pedal-Cruises-2-scaled.jpg","width":2560,"height":1920},{"@type":"BreadcrumbList","@id":"https:\/\/spanishbreak.com\/fr\/product\/beer-pedal-boat\/#breadcrumb","itemListElement":[{"@type":"ListItem","position":1,"name":"Home","item":"https:\/\/spanishbreak.com\/"},{"@type":"ListItem","position":2,"name":"Boutique","item":"https:\/\/spanishbreak.com\/boutique\/?lang=fr"},{"@type":"ListItem","position":3,"name":"P\u00c9DALO \u00c0 BI\u00c8RE \u00c0 BARCELONE"}]},{"@type":"WebSite","@id":"https:\/\/spanishbreak.com\/#website","url":"https:\/\/spanishbreak.com\/","name":"Spanish Break","description":"Otro sitio realizado con WordPress","publisher":{"@id":"https:\/\/spanishbreak.com\/#organization"},"potentialAction":[{"@type":"SearchAction","target":{"@type":"EntryPoint","urlTemplate":"https:\/\/spanishbreak.com\/?s={search_term_string}"},"query-input":{"@type":"PropertyValueSpecification","valueRequired":true,"valueName":"search_term_string"}}],"inLanguage":"fr-FR"},{"@type":"Organization","@id":"https:\/\/spanishbreak.com\/#organization","name":"Spanish Break","url":"https:\/\/spanishbreak.com\/","logo":{"@type":"ImageObject","inLanguage":"fr-FR","@id":"https:\/\/spanishbreak.com\/#\/schema\/logo\/image\/","url":"https:\/\/spanishbreak.com\/wp-content\/uploads\/2024\/03\/logo-spanish-break.png","contentUrl":"https:\/\/spanishbreak.com\/wp-content\/uploads\/2024\/03\/logo-spanish-break.png","width":323,"height":37,"caption":"Spanish Break"},"image":{"@id":"https:\/\/spanishbreak.com\/#\/schema\/logo\/image\/"},"sameAs":["https:\/\/www.facebook.com\/spanishbreak","https:\/\/www.instagram.com\/spanishbreakbcn\/"]}]}},"_links":{"self":[{"href":"https:\/\/spanishbreak.com\/fr\/wp-json\/wp\/v2\/product\/4367","targetHints":{"allow":["GET"]}}],"collection":[{"href":"https:\/\/spanishbreak.com\/fr\/wp-json\/wp\/v2\/product"}],"about":[{"href":"https:\/\/spanishbreak.com\/fr\/wp-json\/wp\/v2\/types\/product"}],"replies":[{"embeddable":true,"href":"https:\/\/spanishbreak.com\/fr\/wp-json\/wp\/v2\/comments?post=4367"}],"wp:featuredmedia":[{"embeddable":true,"href":"https:\/\/spanishbreak.com\/fr\/wp-json\/wp\/v2\/media\/3306"}],"wp:attachment":[{"href":"https:\/\/spanishbreak.com\/fr\/wp-json\/wp\/v2\/media?parent=4367"}],"wp:term":[{"taxonomy":"product_brand","embeddable":true,"href":"https:\/\/spanishbreak.com\/fr\/wp-json\/wp\/v2\/product_brand?post=4367"},{"taxonomy":"product_cat","embeddable":true,"href":"https:\/\/spanishbreak.com\/fr\/wp-json\/wp\/v2\/product_cat?post=4367"},{"taxonomy":"product_tag","embeddable":true,"href":"https:\/\/spanishbreak.com\/fr\/wp-json\/wp\/v2\/product_tag?post=4367"}],"curies":[{"name":"wp","href":"https:\/\/api.w.org\/{rel}","templated":true}]}}