{"id":4368,"date":"2023-02-26T09:55:53","date_gmt":"2023-02-26T08:55:53","guid":{"rendered":"https:\/\/spanishbreak.com\/producto\/beer-bike-1h\/"},"modified":"2025-12-17T12:34:47","modified_gmt":"2025-12-17T11:34:47","slug":"beer-bike-1h","status":"publish","type":"product","link":"https:\/\/spanishbreak.com\/fr\/product\/beer-bike-1h\/","title":{"rendered":"V\u00c9LO \u00c0 BI\u00c8RE &#8211; 1 HEURE \u00c0 BARCELONE"},"content":{"rendered":"<p><strong>Si seulement nous pouvions l&#8217;emmener partout\u00a0!<\/strong><\/p>\n<p><strong>Le v\u00e9lo \u00e0 bi\u00e8re<\/strong>\u2026 Le moyen de transport dont vous avez probablement r\u00eav\u00e9 des millions de fois\u00a0!<\/p>\n<p>Pour votre <strong>EVG \u00e0 Barcelone<\/strong>, vous devez\u00a0prendre le v\u00e9lo \u00e0 bi\u00e8re pour\u00a0vous balader\u00a0! Votre groupe en selle,\u00a0 vous commencerez \u00e0 boire votre litre de bi\u00e8re ou de sangria. Votre pilote animera la f\u00eate avec une super playlist musicale pendant votre balade !<\/p>\n<p>Le v\u00e9lo \u00e0 bi\u00e8re vous attendra dans un\u00a0parc calme en dehors\u00a0de la ville , o\u00f9 vous serez en mesure de faire autant de bruit que vous le souhaitez\u00a0! Pour vous y rendre, nous organiserons votre transfert\u2026 Puis, votre heure de folie commence\u00a0!<\/p>\n<p>Une activit\u00e9 dans un environnement naturel, donc pensez \u00e0 choisir un horaire o\u00f9 le soleil sera au rendez vous.<\/p>\n<p>C\u2019est vraiment une exp\u00e9rience unique pour votre groupe\u2026 Vous \u00eates assur\u00e9s de vous \u00e9clater et c\u2019est un excellent moyen de combiner excursion, ap\u00e9ro et passer du bon\u00a0moment avec ses potes\u00a0!<\/p>\n","protected":false},"excerpt":{"rendered":"<p>Si seulement nous pouvions l&#8217;emmener partout\u00a0! Le v\u00e9lo \u00e0 bi\u00e8re\u2026 Le moyen de transport dont vous avez probablement r\u00eav\u00e9 des millions de fois\u00a0! Pour votre EVG \u00e0 Barcelone, vous devez\u00a0prendre le v\u00e9lo \u00e0 bi\u00e8re pour\u00a0vous balader\u00a0! Votre groupe en selle,\u00a0 vous commencerez \u00e0 boire votre litre de bi\u00e8re ou de sangria. Votre pilote animera la [&hellip;]<\/p>\n","protected":false},"featured_media":2949,"comment_status":"closed","ping_status":"closed","template":"","meta":{"site-sidebar-layout":"default","site-content-layout":"default","ast-site-content-layout":"default","site-content-style":"default","site-sidebar-style":"default","ast-global-header-display":"","ast-banner-title-visibility":"","ast-main-header-display":"","ast-hfb-above-header-display":"","ast-hfb-below-header-display":"","ast-hfb-mobile-header-display":"","site-post-title":"","ast-breadcrumbs-content":"","ast-featured-img":"","footer-sml-layout":"","theme-transparent-header-meta":"default","adv-header-id-meta":"","stick-header-meta":"","header-above-stick-meta":"","header-main-stick-meta":"","header-below-stick-meta":"","astra-migrate-meta-layouts":"set","ast-page-background-enabled":"default","ast-page-background-meta":{"desktop":{"background-color":"var(--ast-global-color-4)","background-image":"","background-repeat":"repeat","background-position":"center center","background-size":"auto","background-attachment":"scroll","background-type":"","background-media":"","overlay-type":"","overlay-color":"","overlay-opacity":"","overlay-gradient":""},"tablet":{"background-color":"","background-image":"","background-repeat":"repeat","background-position":"center center","background-size":"auto","background-attachment":"scroll","background-type":"","background-media":"","overlay-type":"","overlay-color":"","overlay-opacity":"","overlay-gradient":""},"mobile":{"background-color":"","background-image":"","background-repeat":"repeat","background-position":"center center","background-size":"auto","background-attachment":"scroll","background-type":"","background-media":"","overlay-type":"","overlay-color":"","overlay-opacity":"","overlay-gradient":""}},"ast-content-background-meta":{"desktop":{"background-color":"var(--ast-global-color-5)","background-image":"","background-repeat":"repeat","background-position":"center center","background-size":"auto","background-attachment":"scroll","background-type":"","background-media":"","overlay-type":"","overlay-color":"","overlay-opacity":"","overlay-gradient":""},"tablet":{"background-color":"var(--ast-global-color-5)","background-image":"","background-repeat":"repeat","background-position":"center center","background-size":"auto","background-attachment":"scroll","background-type":"","background-media":"","overlay-type":"","overlay-color":"","overlay-opacity":"","overlay-gradient":""},"mobile":{"background-color":"var(--ast-global-color-5)","background-image":"","background-repeat":"repeat","background-position":"center center","background-size":"auto","background-attachment":"scroll","background-type":"","background-media":"","overlay-type":"","overlay-color":"","overlay-opacity":"","overlay-gradient":""}},"repeater_packs":""},"product_brand":[],"product_cat":[68,66,73],"product_tag":[36,35],"class_list":{"0":"post-4368","1":"product","2":"type-product","3":"status-publish","4":"has-post-thumbnail","6":"product_cat-day-time-activities","7":"product_cat-hen-fr-2","8":"product_cat-stag-fr","9":"product_tag-hen","10":"product_tag-stag","11":"desktop-align-left","12":"tablet-align-left","13":"mobile-align-left","15":"first","16":"instock","17":"shipping-taxable","18":"product-type-simple"},"yoast_head":"<!-- This site is optimized with the Yoast SEO plugin v26.8 - https:\/\/yoast.com\/product\/yoast-seo-wordpress\/ -->\n<title>V\u00c9LO \u00c0 BI\u00c8RE - 1 HEURE \u00c0 BARCELONE<\/title>\n<meta name=\"description\" content=\"Si seulement nous pouvions l&#039;emmener partout\u00a0! Le v\u00e9lo \u00e0 bi\u00e8re\u2026 Le moyen de transport dont vous avez probablement r\u00eav\u00e9 des millions de fois\u00a0! Pour votre D\u00e9couvrez Barcelone de mani\u00e8re amusante et unique avec notre tour en v\u00e9lo \u00e0 bi\u00e8re. P\u00e9dalez \u00e0 travers les rues anim\u00e9es de la ville tout en savourant des boissons rafra\u00eechissantes avec vos amis. Une exp\u00e9rience m\u00e9morable vous attend !\" \/>\n<meta name=\"robots\" content=\"index, follow, max-snippet:-1, max-image-preview:large, max-video-preview:-1\" \/>\n<link rel=\"canonical\" href=\"https:\/\/spanishbreak.com\/fr\/product\/beer-bike-1h\/\" \/>\n<meta property=\"og:locale\" content=\"fr_FR\" \/>\n<meta property=\"og:type\" content=\"article\" \/>\n<meta property=\"og:title\" content=\"V\u00c9LO \u00c0 BI\u00c8RE - 1 HEURE \u00c0 BARCELONE\" \/>\n<meta property=\"og:description\" content=\"Si seulement nous pouvions l&#039;emmener partout\u00a0! Le v\u00e9lo \u00e0 bi\u00e8re\u2026 Le moyen de transport dont vous avez probablement r\u00eav\u00e9 des millions de fois\u00a0! Pour votre D\u00e9couvrez Barcelone de mani\u00e8re amusante et unique avec notre tour en v\u00e9lo \u00e0 bi\u00e8re. P\u00e9dalez \u00e0 travers les rues anim\u00e9es de la ville tout en savourant des boissons rafra\u00eechissantes avec vos amis. Une exp\u00e9rience m\u00e9morable vous attend !\" \/>\n<meta property=\"og:url\" content=\"https:\/\/spanishbreak.com\/fr\/product\/beer-bike-1h\/\" \/>\n<meta property=\"og:site_name\" content=\"Spanishbreak\" \/>\n<meta property=\"article:publisher\" content=\"https:\/\/www.facebook.com\/spanishbreak\" \/>\n<meta property=\"article:modified_time\" content=\"2025-12-17T11:34:47+00:00\" \/>\n<meta property=\"og:image\" content=\"https:\/\/spanishbreak.com\/wp-content\/uploads\/2022\/10\/Biciloca.png\" \/>\n\t<meta property=\"og:image:width\" content=\"768\" \/>\n\t<meta property=\"og:image:height\" content=\"512\" \/>\n\t<meta property=\"og:image:type\" content=\"image\/png\" \/>\n<meta name=\"twitter:card\" content=\"summary_large_image\" \/>\n<meta name=\"twitter:label1\" content=\"Dur\u00e9e de lecture estim\u00e9e\" \/>\n\t<meta name=\"twitter:data1\" content=\"1 minute\" \/>\n<script type=\"application\/ld+json\" class=\"yoast-schema-graph\">{\"@context\":\"https:\/\/schema.org\",\"@graph\":[{\"@type\":[\"WebPage\",\"ItemPage\"],\"@id\":\"https:\/\/spanishbreak.com\/fr\/product\/beer-bike-1h\/\",\"url\":\"https:\/\/spanishbreak.com\/fr\/product\/beer-bike-1h\/\",\"name\":\"V\u00c9LO \u00c0 BI\u00c8RE - 1 HEURE \u00c0 BARCELONE\",\"isPartOf\":{\"@id\":\"https:\/\/spanishbreak.com\/#website\"},\"primaryImageOfPage\":{\"@id\":\"https:\/\/spanishbreak.com\/fr\/product\/beer-bike-1h\/#primaryimage\"},\"image\":{\"@id\":\"https:\/\/spanishbreak.com\/fr\/product\/beer-bike-1h\/#primaryimage\"},\"thumbnailUrl\":\"https:\/\/spanishbreak.com\/wp-content\/uploads\/2022\/10\/Biciloca.png\",\"datePublished\":\"2023-02-26T08:55:53+00:00\",\"dateModified\":\"2025-12-17T11:34:47+00:00\",\"description\":\"Si seulement nous pouvions l'emmener partout\u00a0! Le v\u00e9lo \u00e0 bi\u00e8re\u2026 Le moyen de transport dont vous avez probablement r\u00eav\u00e9 des millions de fois\u00a0! Pour votre D\u00e9couvrez Barcelone de mani\u00e8re amusante et unique avec notre tour en v\u00e9lo \u00e0 bi\u00e8re. P\u00e9dalez \u00e0 travers les rues anim\u00e9es de la ville tout en savourant des boissons rafra\u00eechissantes avec vos amis. Une exp\u00e9rience m\u00e9morable vous attend !\",\"breadcrumb\":{\"@id\":\"https:\/\/spanishbreak.com\/fr\/product\/beer-bike-1h\/#breadcrumb\"},\"inLanguage\":\"fr-FR\",\"potentialAction\":[{\"@type\":\"ReadAction\",\"target\":[\"https:\/\/spanishbreak.com\/fr\/product\/beer-bike-1h\/\"]}]},{\"@type\":\"ImageObject\",\"inLanguage\":\"fr-FR\",\"@id\":\"https:\/\/spanishbreak.com\/fr\/product\/beer-bike-1h\/#primaryimage\",\"url\":\"https:\/\/spanishbreak.com\/wp-content\/uploads\/2022\/10\/Biciloca.png\",\"contentUrl\":\"https:\/\/spanishbreak.com\/wp-content\/uploads\/2022\/10\/Biciloca.png\",\"width\":768,\"height\":512},{\"@type\":\"BreadcrumbList\",\"@id\":\"https:\/\/spanishbreak.com\/fr\/product\/beer-bike-1h\/#breadcrumb\",\"itemListElement\":[{\"@type\":\"ListItem\",\"position\":1,\"name\":\"Home\",\"item\":\"https:\/\/spanishbreak.com\/\"},{\"@type\":\"ListItem\",\"position\":2,\"name\":\"Boutique\",\"item\":\"https:\/\/spanishbreak.com\/boutique\/?lang=fr\"},{\"@type\":\"ListItem\",\"position\":3,\"name\":\"V\u00c9LO \u00c0 BI\u00c8RE &#8211; 1 HEURE \u00c0 BARCELONE\"}]},{\"@type\":\"WebSite\",\"@id\":\"https:\/\/spanishbreak.com\/#website\",\"url\":\"https:\/\/spanishbreak.com\/\",\"name\":\"Spanish Break\",\"description\":\"Otro sitio realizado con WordPress\",\"publisher\":{\"@id\":\"https:\/\/spanishbreak.com\/#organization\"},\"potentialAction\":[{\"@type\":\"SearchAction\",\"target\":{\"@type\":\"EntryPoint\",\"urlTemplate\":\"https:\/\/spanishbreak.com\/?s={search_term_string}\"},\"query-input\":{\"@type\":\"PropertyValueSpecification\",\"valueRequired\":true,\"valueName\":\"search_term_string\"}}],\"inLanguage\":\"fr-FR\"},{\"@type\":\"Organization\",\"@id\":\"https:\/\/spanishbreak.com\/#organization\",\"name\":\"Spanish Break\",\"url\":\"https:\/\/spanishbreak.com\/\",\"logo\":{\"@type\":\"ImageObject\",\"inLanguage\":\"fr-FR\",\"@id\":\"https:\/\/spanishbreak.com\/#\/schema\/logo\/image\/\",\"url\":\"https:\/\/spanishbreak.com\/wp-content\/uploads\/2024\/03\/logo-spanish-break.png\",\"contentUrl\":\"https:\/\/spanishbreak.com\/wp-content\/uploads\/2024\/03\/logo-spanish-break.png\",\"width\":323,\"height\":37,\"caption\":\"Spanish Break\"},\"image\":{\"@id\":\"https:\/\/spanishbreak.com\/#\/schema\/logo\/image\/\"},\"sameAs\":[\"https:\/\/www.facebook.com\/spanishbreak\",\"https:\/\/www.instagram.com\/spanishbreakbcn\/\"]}]}<\/script>\n<!-- \/ Yoast SEO plugin. -->","yoast_head_json":{"title":"V\u00c9LO \u00c0 BI\u00c8RE - 1 HEURE \u00c0 BARCELONE","description":"Si seulement nous pouvions l'emmener partout\u00a0! Le v\u00e9lo \u00e0 bi\u00e8re\u2026 Le moyen de transport dont vous avez probablement r\u00eav\u00e9 des millions de fois\u00a0! Pour votre D\u00e9couvrez Barcelone de mani\u00e8re amusante et unique avec notre tour en v\u00e9lo \u00e0 bi\u00e8re. P\u00e9dalez \u00e0 travers les rues anim\u00e9es de la ville tout en savourant des boissons rafra\u00eechissantes avec vos amis. Une exp\u00e9rience m\u00e9morable vous attend !","robots":{"index":"index","follow":"follow","max-snippet":"max-snippet:-1","max-image-preview":"max-image-preview:large","max-video-preview":"max-video-preview:-1"},"canonical":"https:\/\/spanishbreak.com\/fr\/product\/beer-bike-1h\/","og_locale":"fr_FR","og_type":"article","og_title":"V\u00c9LO \u00c0 BI\u00c8RE - 1 HEURE \u00c0 BARCELONE","og_description":"Si seulement nous pouvions l'emmener partout\u00a0! Le v\u00e9lo \u00e0 bi\u00e8re\u2026 Le moyen de transport dont vous avez probablement r\u00eav\u00e9 des millions de fois\u00a0! Pour votre D\u00e9couvrez Barcelone de mani\u00e8re amusante et unique avec notre tour en v\u00e9lo \u00e0 bi\u00e8re. P\u00e9dalez \u00e0 travers les rues anim\u00e9es de la ville tout en savourant des boissons rafra\u00eechissantes avec vos amis. Une exp\u00e9rience m\u00e9morable vous attend !","og_url":"https:\/\/spanishbreak.com\/fr\/product\/beer-bike-1h\/","og_site_name":"Spanishbreak","article_publisher":"https:\/\/www.facebook.com\/spanishbreak","article_modified_time":"2025-12-17T11:34:47+00:00","og_image":[{"width":768,"height":512,"url":"https:\/\/spanishbreak.com\/wp-content\/uploads\/2022\/10\/Biciloca.png","type":"image\/png"}],"twitter_card":"summary_large_image","twitter_misc":{"Dur\u00e9e de lecture estim\u00e9e":"1 minute"},"schema":{"@context":"https:\/\/schema.org","@graph":[{"@type":["WebPage","ItemPage"],"@id":"https:\/\/spanishbreak.com\/fr\/product\/beer-bike-1h\/","url":"https:\/\/spanishbreak.com\/fr\/product\/beer-bike-1h\/","name":"V\u00c9LO \u00c0 BI\u00c8RE - 1 HEURE \u00c0 BARCELONE","isPartOf":{"@id":"https:\/\/spanishbreak.com\/#website"},"primaryImageOfPage":{"@id":"https:\/\/spanishbreak.com\/fr\/product\/beer-bike-1h\/#primaryimage"},"image":{"@id":"https:\/\/spanishbreak.com\/fr\/product\/beer-bike-1h\/#primaryimage"},"thumbnailUrl":"https:\/\/spanishbreak.com\/wp-content\/uploads\/2022\/10\/Biciloca.png","datePublished":"2023-02-26T08:55:53+00:00","dateModified":"2025-12-17T11:34:47+00:00","description":"Si seulement nous pouvions l'emmener partout\u00a0! Le v\u00e9lo \u00e0 bi\u00e8re\u2026 Le moyen de transport dont vous avez probablement r\u00eav\u00e9 des millions de fois\u00a0! Pour votre D\u00e9couvrez Barcelone de mani\u00e8re amusante et unique avec notre tour en v\u00e9lo \u00e0 bi\u00e8re. P\u00e9dalez \u00e0 travers les rues anim\u00e9es de la ville tout en savourant des boissons rafra\u00eechissantes avec vos amis. Une exp\u00e9rience m\u00e9morable vous attend !","breadcrumb":{"@id":"https:\/\/spanishbreak.com\/fr\/product\/beer-bike-1h\/#breadcrumb"},"inLanguage":"fr-FR","potentialAction":[{"@type":"ReadAction","target":["https:\/\/spanishbreak.com\/fr\/product\/beer-bike-1h\/"]}]},{"@type":"ImageObject","inLanguage":"fr-FR","@id":"https:\/\/spanishbreak.com\/fr\/product\/beer-bike-1h\/#primaryimage","url":"https:\/\/spanishbreak.com\/wp-content\/uploads\/2022\/10\/Biciloca.png","contentUrl":"https:\/\/spanishbreak.com\/wp-content\/uploads\/2022\/10\/Biciloca.png","width":768,"height":512},{"@type":"BreadcrumbList","@id":"https:\/\/spanishbreak.com\/fr\/product\/beer-bike-1h\/#breadcrumb","itemListElement":[{"@type":"ListItem","position":1,"name":"Home","item":"https:\/\/spanishbreak.com\/"},{"@type":"ListItem","position":2,"name":"Boutique","item":"https:\/\/spanishbreak.com\/boutique\/?lang=fr"},{"@type":"ListItem","position":3,"name":"V\u00c9LO \u00c0 BI\u00c8RE &#8211; 1 HEURE \u00c0 BARCELONE"}]},{"@type":"WebSite","@id":"https:\/\/spanishbreak.com\/#website","url":"https:\/\/spanishbreak.com\/","name":"Spanish Break","description":"Otro sitio realizado con WordPress","publisher":{"@id":"https:\/\/spanishbreak.com\/#organization"},"potentialAction":[{"@type":"SearchAction","target":{"@type":"EntryPoint","urlTemplate":"https:\/\/spanishbreak.com\/?s={search_term_string}"},"query-input":{"@type":"PropertyValueSpecification","valueRequired":true,"valueName":"search_term_string"}}],"inLanguage":"fr-FR"},{"@type":"Organization","@id":"https:\/\/spanishbreak.com\/#organization","name":"Spanish Break","url":"https:\/\/spanishbreak.com\/","logo":{"@type":"ImageObject","inLanguage":"fr-FR","@id":"https:\/\/spanishbreak.com\/#\/schema\/logo\/image\/","url":"https:\/\/spanishbreak.com\/wp-content\/uploads\/2024\/03\/logo-spanish-break.png","contentUrl":"https:\/\/spanishbreak.com\/wp-content\/uploads\/2024\/03\/logo-spanish-break.png","width":323,"height":37,"caption":"Spanish Break"},"image":{"@id":"https:\/\/spanishbreak.com\/#\/schema\/logo\/image\/"},"sameAs":["https:\/\/www.facebook.com\/spanishbreak","https:\/\/www.instagram.com\/spanishbreakbcn\/"]}]}},"_links":{"self":[{"href":"https:\/\/spanishbreak.com\/fr\/wp-json\/wp\/v2\/product\/4368","targetHints":{"allow":["GET"]}}],"collection":[{"href":"https:\/\/spanishbreak.com\/fr\/wp-json\/wp\/v2\/product"}],"about":[{"href":"https:\/\/spanishbreak.com\/fr\/wp-json\/wp\/v2\/types\/product"}],"replies":[{"embeddable":true,"href":"https:\/\/spanishbreak.com\/fr\/wp-json\/wp\/v2\/comments?post=4368"}],"wp:featuredmedia":[{"embeddable":true,"href":"https:\/\/spanishbreak.com\/fr\/wp-json\/wp\/v2\/media\/2949"}],"wp:attachment":[{"href":"https:\/\/spanishbreak.com\/fr\/wp-json\/wp\/v2\/media?parent=4368"}],"wp:term":[{"taxonomy":"product_brand","embeddable":true,"href":"https:\/\/spanishbreak.com\/fr\/wp-json\/wp\/v2\/product_brand?post=4368"},{"taxonomy":"product_cat","embeddable":true,"href":"https:\/\/spanishbreak.com\/fr\/wp-json\/wp\/v2\/product_cat?post=4368"},{"taxonomy":"product_tag","embeddable":true,"href":"https:\/\/spanishbreak.com\/fr\/wp-json\/wp\/v2\/product_tag?post=4368"}],"curies":[{"name":"wp","href":"https:\/\/api.w.org\/{rel}","templated":true}]}}