{"id":4369,"date":"2023-02-26T09:51:01","date_gmt":"2023-02-26T08:51:01","guid":{"rendered":"https:\/\/spanishbreak.com\/producto\/guided-bike-city-tour\/"},"modified":"2025-12-17T13:55:56","modified_gmt":"2025-12-17T12:55:56","slug":"guided-bike-city-tour","status":"publish","type":"product","link":"https:\/\/spanishbreak.com\/fr\/product\/guided-bike-city-tour\/","title":{"rendered":"VISITE GUID\u00c9E DE LA VILLE \u00c0 V\u00c9LO \u00c0 BARCELONE"},"content":{"rendered":"<p><strong>En selle !<\/strong><\/p>\n<p>Sautez sur un v\u00e9lo et pr\u00e9parez-vous pour une balade dans les rues ensoleill\u00e9es de Barcelone pendant votre enterrement de vie de gar\u00e7on ! Ce tour guid\u00e9 \u00e0 v\u00e9lo est l\u2019occasion parfaite de voir la ville avec vos amis et d\u00e9couvrir ce qui s\u2019y passe. Vous pourrez \u00e9galement profiter de quelques boissons suppl\u00e9mentaires !<\/p>\n<p>Votre guide francophone vous montrera les plus beaux \u00e9difices, les meilleurs bars et vous racontera tout ce qu\u2019il y a \u00e0 savoir ! Ceci est l\u2019occasion parfaite pour poser toutes vos questions \u00e0 un expert local.<\/p>\n","protected":false},"excerpt":{"rendered":"<p>En selle ! Sautez sur un v\u00e9lo et pr\u00e9parez-vous pour une balade dans les rues ensoleill\u00e9es de Barcelone pendant votre enterrement de vie de gar\u00e7on ! Ce tour guid\u00e9 \u00e0 v\u00e9lo est l\u2019occasion parfaite de voir la ville avec vos amis et d\u00e9couvrir ce qui s\u2019y passe. Vous pourrez \u00e9galement profiter de quelques boissons suppl\u00e9mentaires [&hellip;]<\/p>\n","protected":false},"featured_media":3245,"comment_status":"closed","ping_status":"closed","template":"","meta":{"site-sidebar-layout":"default","site-content-layout":"default","ast-site-content-layout":"default","site-content-style":"default","site-sidebar-style":"default","ast-global-header-display":"","ast-banner-title-visibility":"","ast-main-header-display":"","ast-hfb-above-header-display":"","ast-hfb-below-header-display":"","ast-hfb-mobile-header-display":"","site-post-title":"","ast-breadcrumbs-content":"","ast-featured-img":"","footer-sml-layout":"","theme-transparent-header-meta":"default","adv-header-id-meta":"","stick-header-meta":"","header-above-stick-meta":"","header-main-stick-meta":"","header-below-stick-meta":"","astra-migrate-meta-layouts":"set","ast-page-background-enabled":"default","ast-page-background-meta":{"desktop":{"background-color":"var(--ast-global-color-4)","background-image":"","background-repeat":"repeat","background-position":"center center","background-size":"auto","background-attachment":"scroll","background-type":"","background-media":"","overlay-type":"","overlay-color":"","overlay-opacity":"","overlay-gradient":""},"tablet":{"background-color":"","background-image":"","background-repeat":"repeat","background-position":"center center","background-size":"auto","background-attachment":"scroll","background-type":"","background-media":"","overlay-type":"","overlay-color":"","overlay-opacity":"","overlay-gradient":""},"mobile":{"background-color":"","background-image":"","background-repeat":"repeat","background-position":"center center","background-size":"auto","background-attachment":"scroll","background-type":"","background-media":"","overlay-type":"","overlay-color":"","overlay-opacity":"","overlay-gradient":""}},"ast-content-background-meta":{"desktop":{"background-color":"var(--ast-global-color-5)","background-image":"","background-repeat":"repeat","background-position":"center center","background-size":"auto","background-attachment":"scroll","background-type":"","background-media":"","overlay-type":"","overlay-color":"","overlay-opacity":"","overlay-gradient":""},"tablet":{"background-color":"var(--ast-global-color-5)","background-image":"","background-repeat":"repeat","background-position":"center center","background-size":"auto","background-attachment":"scroll","background-type":"","background-media":"","overlay-type":"","overlay-color":"","overlay-opacity":"","overlay-gradient":""},"mobile":{"background-color":"var(--ast-global-color-5)","background-image":"","background-repeat":"repeat","background-position":"center center","background-size":"auto","background-attachment":"scroll","background-type":"","background-media":"","overlay-type":"","overlay-color":"","overlay-opacity":"","overlay-gradient":""}},"repeater_packs":""},"product_brand":[],"product_cat":[68,66,73],"product_tag":[],"class_list":{"0":"post-4369","1":"product","2":"type-product","3":"status-publish","4":"has-post-thumbnail","6":"product_cat-day-time-activities","7":"product_cat-hen-fr-2","8":"product_cat-stag-fr","9":"desktop-align-left","10":"tablet-align-left","11":"mobile-align-left","13":"first","14":"instock","15":"shipping-taxable","16":"product-type-simple"},"yoast_head":"<!-- This site is optimized with the Yoast SEO plugin v26.8 - https:\/\/yoast.com\/product\/yoast-seo-wordpress\/ -->\n<title>VISITE GUID\u00c9E DE LA VILLE \u00c0 V\u00c9LO \u00c0 BARCELONE : d\u00e9couvrez la ville en deux roues<\/title>\n<meta name=\"description\" content=\"En selle ! Sautez sur un v\u00e9lo et pr\u00e9parez-vous pour une balade dans les rues ensoleill\u00e9es de Barcelone pendant votre enterrement de vie de gar\u00e7on ! Ce D\u00e9couvrez la ville \u00e0 v\u00e9lo avec notre visite guid\u00e9e \u00e0 v\u00e9lo. Explorez les sites embl\u00e9matiques et apprenez l&#039;histoire de la ville.\" \/>\n<meta name=\"robots\" content=\"index, follow, max-snippet:-1, max-image-preview:large, max-video-preview:-1\" \/>\n<link rel=\"canonical\" href=\"https:\/\/spanishbreak.com\/fr\/product\/guided-bike-city-tour\/\" \/>\n<meta property=\"og:locale\" content=\"fr_FR\" \/>\n<meta property=\"og:type\" content=\"article\" \/>\n<meta property=\"og:title\" content=\"VISITE GUID\u00c9E DE LA VILLE \u00c0 V\u00c9LO \u00c0 BARCELONE : d\u00e9couvrez la ville en deux roues\" \/>\n<meta property=\"og:description\" content=\"En selle ! Sautez sur un v\u00e9lo et pr\u00e9parez-vous pour une balade dans les rues ensoleill\u00e9es de Barcelone pendant votre enterrement de vie de gar\u00e7on ! Ce D\u00e9couvrez la ville \u00e0 v\u00e9lo avec notre visite guid\u00e9e \u00e0 v\u00e9lo. Explorez les sites embl\u00e9matiques et apprenez l&#039;histoire de la ville.\" \/>\n<meta property=\"og:url\" content=\"https:\/\/spanishbreak.com\/fr\/product\/guided-bike-city-tour\/\" \/>\n<meta property=\"og:site_name\" content=\"Spanishbreak\" \/>\n<meta property=\"article:publisher\" content=\"https:\/\/www.facebook.com\/spanishbreak\" \/>\n<meta property=\"article:modified_time\" content=\"2025-12-17T12:55:56+00:00\" \/>\n<meta property=\"og:image\" content=\"https:\/\/spanishbreak.com\/wp-content\/uploads\/2022\/10\/Depositphotos_75051327_original-scaled.jpg\" \/>\n\t<meta property=\"og:image:width\" content=\"2560\" \/>\n\t<meta property=\"og:image:height\" content=\"1707\" \/>\n\t<meta property=\"og:image:type\" content=\"image\/jpeg\" \/>\n<meta name=\"twitter:card\" content=\"summary_large_image\" \/>\n<meta name=\"twitter:label1\" content=\"Dur\u00e9e de lecture estim\u00e9e\" \/>\n\t<meta name=\"twitter:data1\" content=\"1 minute\" \/>\n<script type=\"application\/ld+json\" class=\"yoast-schema-graph\">{\"@context\":\"https:\/\/schema.org\",\"@graph\":[{\"@type\":[\"WebPage\",\"ItemPage\"],\"@id\":\"https:\/\/spanishbreak.com\/fr\/product\/guided-bike-city-tour\/\",\"url\":\"https:\/\/spanishbreak.com\/fr\/product\/guided-bike-city-tour\/\",\"name\":\"VISITE GUID\u00c9E DE LA VILLE \u00c0 V\u00c9LO \u00c0 BARCELONE : d\u00e9couvrez la ville en deux roues\",\"isPartOf\":{\"@id\":\"https:\/\/spanishbreak.com\/#website\"},\"primaryImageOfPage\":{\"@id\":\"https:\/\/spanishbreak.com\/fr\/product\/guided-bike-city-tour\/#primaryimage\"},\"image\":{\"@id\":\"https:\/\/spanishbreak.com\/fr\/product\/guided-bike-city-tour\/#primaryimage\"},\"thumbnailUrl\":\"https:\/\/spanishbreak.com\/wp-content\/uploads\/2022\/10\/Depositphotos_75051327_original-scaled.jpg\",\"datePublished\":\"2023-02-26T08:51:01+00:00\",\"dateModified\":\"2025-12-17T12:55:56+00:00\",\"description\":\"En selle ! Sautez sur un v\u00e9lo et pr\u00e9parez-vous pour une balade dans les rues ensoleill\u00e9es de Barcelone pendant votre enterrement de vie de gar\u00e7on ! Ce D\u00e9couvrez la ville \u00e0 v\u00e9lo avec notre visite guid\u00e9e \u00e0 v\u00e9lo. Explorez les sites embl\u00e9matiques et apprenez l'histoire de la ville.\",\"breadcrumb\":{\"@id\":\"https:\/\/spanishbreak.com\/fr\/product\/guided-bike-city-tour\/#breadcrumb\"},\"inLanguage\":\"fr-FR\",\"potentialAction\":[{\"@type\":\"ReadAction\",\"target\":[\"https:\/\/spanishbreak.com\/fr\/product\/guided-bike-city-tour\/\"]}]},{\"@type\":\"ImageObject\",\"inLanguage\":\"fr-FR\",\"@id\":\"https:\/\/spanishbreak.com\/fr\/product\/guided-bike-city-tour\/#primaryimage\",\"url\":\"https:\/\/spanishbreak.com\/wp-content\/uploads\/2022\/10\/Depositphotos_75051327_original-scaled.jpg\",\"contentUrl\":\"https:\/\/spanishbreak.com\/wp-content\/uploads\/2022\/10\/Depositphotos_75051327_original-scaled.jpg\",\"width\":2560,\"height\":1707,\"caption\":\"Florence, Italy - May 18, 2015: Tour by bicycle through the streets of Florence. A group of tourists cyclists on the Square of St. Trinita.\"},{\"@type\":\"BreadcrumbList\",\"@id\":\"https:\/\/spanishbreak.com\/fr\/product\/guided-bike-city-tour\/#breadcrumb\",\"itemListElement\":[{\"@type\":\"ListItem\",\"position\":1,\"name\":\"Home\",\"item\":\"https:\/\/spanishbreak.com\/\"},{\"@type\":\"ListItem\",\"position\":2,\"name\":\"Boutique\",\"item\":\"https:\/\/spanishbreak.com\/boutique\/?lang=fr\"},{\"@type\":\"ListItem\",\"position\":3,\"name\":\"VISITE GUID\u00c9E DE LA VILLE \u00c0 V\u00c9LO \u00c0 BARCELONE\"}]},{\"@type\":\"WebSite\",\"@id\":\"https:\/\/spanishbreak.com\/#website\",\"url\":\"https:\/\/spanishbreak.com\/\",\"name\":\"Spanish Break\",\"description\":\"Otro sitio realizado con WordPress\",\"publisher\":{\"@id\":\"https:\/\/spanishbreak.com\/#organization\"},\"potentialAction\":[{\"@type\":\"SearchAction\",\"target\":{\"@type\":\"EntryPoint\",\"urlTemplate\":\"https:\/\/spanishbreak.com\/?s={search_term_string}\"},\"query-input\":{\"@type\":\"PropertyValueSpecification\",\"valueRequired\":true,\"valueName\":\"search_term_string\"}}],\"inLanguage\":\"fr-FR\"},{\"@type\":\"Organization\",\"@id\":\"https:\/\/spanishbreak.com\/#organization\",\"name\":\"Spanish Break\",\"url\":\"https:\/\/spanishbreak.com\/\",\"logo\":{\"@type\":\"ImageObject\",\"inLanguage\":\"fr-FR\",\"@id\":\"https:\/\/spanishbreak.com\/#\/schema\/logo\/image\/\",\"url\":\"https:\/\/spanishbreak.com\/wp-content\/uploads\/2024\/03\/logo-spanish-break.png\",\"contentUrl\":\"https:\/\/spanishbreak.com\/wp-content\/uploads\/2024\/03\/logo-spanish-break.png\",\"width\":323,\"height\":37,\"caption\":\"Spanish Break\"},\"image\":{\"@id\":\"https:\/\/spanishbreak.com\/#\/schema\/logo\/image\/\"},\"sameAs\":[\"https:\/\/www.facebook.com\/spanishbreak\",\"https:\/\/www.instagram.com\/spanishbreakbcn\/\"]}]}<\/script>\n<!-- \/ Yoast SEO plugin. -->","yoast_head_json":{"title":"VISITE GUID\u00c9E DE LA VILLE \u00c0 V\u00c9LO \u00c0 BARCELONE : d\u00e9couvrez la ville en deux roues","description":"En selle ! Sautez sur un v\u00e9lo et pr\u00e9parez-vous pour une balade dans les rues ensoleill\u00e9es de Barcelone pendant votre enterrement de vie de gar\u00e7on ! Ce D\u00e9couvrez la ville \u00e0 v\u00e9lo avec notre visite guid\u00e9e \u00e0 v\u00e9lo. Explorez les sites embl\u00e9matiques et apprenez l'histoire de la ville.","robots":{"index":"index","follow":"follow","max-snippet":"max-snippet:-1","max-image-preview":"max-image-preview:large","max-video-preview":"max-video-preview:-1"},"canonical":"https:\/\/spanishbreak.com\/fr\/product\/guided-bike-city-tour\/","og_locale":"fr_FR","og_type":"article","og_title":"VISITE GUID\u00c9E DE LA VILLE \u00c0 V\u00c9LO \u00c0 BARCELONE : d\u00e9couvrez la ville en deux roues","og_description":"En selle ! Sautez sur un v\u00e9lo et pr\u00e9parez-vous pour une balade dans les rues ensoleill\u00e9es de Barcelone pendant votre enterrement de vie de gar\u00e7on ! Ce D\u00e9couvrez la ville \u00e0 v\u00e9lo avec notre visite guid\u00e9e \u00e0 v\u00e9lo. Explorez les sites embl\u00e9matiques et apprenez l'histoire de la ville.","og_url":"https:\/\/spanishbreak.com\/fr\/product\/guided-bike-city-tour\/","og_site_name":"Spanishbreak","article_publisher":"https:\/\/www.facebook.com\/spanishbreak","article_modified_time":"2025-12-17T12:55:56+00:00","og_image":[{"width":2560,"height":1707,"url":"https:\/\/spanishbreak.com\/wp-content\/uploads\/2022\/10\/Depositphotos_75051327_original-scaled.jpg","type":"image\/jpeg"}],"twitter_card":"summary_large_image","twitter_misc":{"Dur\u00e9e de lecture estim\u00e9e":"1 minute"},"schema":{"@context":"https:\/\/schema.org","@graph":[{"@type":["WebPage","ItemPage"],"@id":"https:\/\/spanishbreak.com\/fr\/product\/guided-bike-city-tour\/","url":"https:\/\/spanishbreak.com\/fr\/product\/guided-bike-city-tour\/","name":"VISITE GUID\u00c9E DE LA VILLE \u00c0 V\u00c9LO \u00c0 BARCELONE : d\u00e9couvrez la ville en deux roues","isPartOf":{"@id":"https:\/\/spanishbreak.com\/#website"},"primaryImageOfPage":{"@id":"https:\/\/spanishbreak.com\/fr\/product\/guided-bike-city-tour\/#primaryimage"},"image":{"@id":"https:\/\/spanishbreak.com\/fr\/product\/guided-bike-city-tour\/#primaryimage"},"thumbnailUrl":"https:\/\/spanishbreak.com\/wp-content\/uploads\/2022\/10\/Depositphotos_75051327_original-scaled.jpg","datePublished":"2023-02-26T08:51:01+00:00","dateModified":"2025-12-17T12:55:56+00:00","description":"En selle ! Sautez sur un v\u00e9lo et pr\u00e9parez-vous pour une balade dans les rues ensoleill\u00e9es de Barcelone pendant votre enterrement de vie de gar\u00e7on ! Ce D\u00e9couvrez la ville \u00e0 v\u00e9lo avec notre visite guid\u00e9e \u00e0 v\u00e9lo. Explorez les sites embl\u00e9matiques et apprenez l'histoire de la ville.","breadcrumb":{"@id":"https:\/\/spanishbreak.com\/fr\/product\/guided-bike-city-tour\/#breadcrumb"},"inLanguage":"fr-FR","potentialAction":[{"@type":"ReadAction","target":["https:\/\/spanishbreak.com\/fr\/product\/guided-bike-city-tour\/"]}]},{"@type":"ImageObject","inLanguage":"fr-FR","@id":"https:\/\/spanishbreak.com\/fr\/product\/guided-bike-city-tour\/#primaryimage","url":"https:\/\/spanishbreak.com\/wp-content\/uploads\/2022\/10\/Depositphotos_75051327_original-scaled.jpg","contentUrl":"https:\/\/spanishbreak.com\/wp-content\/uploads\/2022\/10\/Depositphotos_75051327_original-scaled.jpg","width":2560,"height":1707,"caption":"Florence, Italy - May 18, 2015: Tour by bicycle through the streets of Florence. A group of tourists cyclists on the Square of St. Trinita."},{"@type":"BreadcrumbList","@id":"https:\/\/spanishbreak.com\/fr\/product\/guided-bike-city-tour\/#breadcrumb","itemListElement":[{"@type":"ListItem","position":1,"name":"Home","item":"https:\/\/spanishbreak.com\/"},{"@type":"ListItem","position":2,"name":"Boutique","item":"https:\/\/spanishbreak.com\/boutique\/?lang=fr"},{"@type":"ListItem","position":3,"name":"VISITE GUID\u00c9E DE LA VILLE \u00c0 V\u00c9LO \u00c0 BARCELONE"}]},{"@type":"WebSite","@id":"https:\/\/spanishbreak.com\/#website","url":"https:\/\/spanishbreak.com\/","name":"Spanish Break","description":"Otro sitio realizado con WordPress","publisher":{"@id":"https:\/\/spanishbreak.com\/#organization"},"potentialAction":[{"@type":"SearchAction","target":{"@type":"EntryPoint","urlTemplate":"https:\/\/spanishbreak.com\/?s={search_term_string}"},"query-input":{"@type":"PropertyValueSpecification","valueRequired":true,"valueName":"search_term_string"}}],"inLanguage":"fr-FR"},{"@type":"Organization","@id":"https:\/\/spanishbreak.com\/#organization","name":"Spanish Break","url":"https:\/\/spanishbreak.com\/","logo":{"@type":"ImageObject","inLanguage":"fr-FR","@id":"https:\/\/spanishbreak.com\/#\/schema\/logo\/image\/","url":"https:\/\/spanishbreak.com\/wp-content\/uploads\/2024\/03\/logo-spanish-break.png","contentUrl":"https:\/\/spanishbreak.com\/wp-content\/uploads\/2024\/03\/logo-spanish-break.png","width":323,"height":37,"caption":"Spanish Break"},"image":{"@id":"https:\/\/spanishbreak.com\/#\/schema\/logo\/image\/"},"sameAs":["https:\/\/www.facebook.com\/spanishbreak","https:\/\/www.instagram.com\/spanishbreakbcn\/"]}]}},"_links":{"self":[{"href":"https:\/\/spanishbreak.com\/fr\/wp-json\/wp\/v2\/product\/4369","targetHints":{"allow":["GET"]}}],"collection":[{"href":"https:\/\/spanishbreak.com\/fr\/wp-json\/wp\/v2\/product"}],"about":[{"href":"https:\/\/spanishbreak.com\/fr\/wp-json\/wp\/v2\/types\/product"}],"replies":[{"embeddable":true,"href":"https:\/\/spanishbreak.com\/fr\/wp-json\/wp\/v2\/comments?post=4369"}],"wp:featuredmedia":[{"embeddable":true,"href":"https:\/\/spanishbreak.com\/fr\/wp-json\/wp\/v2\/media\/3245"}],"wp:attachment":[{"href":"https:\/\/spanishbreak.com\/fr\/wp-json\/wp\/v2\/media?parent=4369"}],"wp:term":[{"taxonomy":"product_brand","embeddable":true,"href":"https:\/\/spanishbreak.com\/fr\/wp-json\/wp\/v2\/product_brand?post=4369"},{"taxonomy":"product_cat","embeddable":true,"href":"https:\/\/spanishbreak.com\/fr\/wp-json\/wp\/v2\/product_cat?post=4369"},{"taxonomy":"product_tag","embeddable":true,"href":"https:\/\/spanishbreak.com\/fr\/wp-json\/wp\/v2\/product_tag?post=4369"}],"curies":[{"name":"wp","href":"https:\/\/api.w.org\/{rel}","templated":true}]}}