{"id":4370,"date":"2023-02-26T09:50:17","date_gmt":"2023-02-26T09:50:17","guid":{"rendered":"https:\/\/spanishbreak.com\/producto\/bubble-football\/"},"modified":"2024-07-24T13:48:43","modified_gmt":"2024-07-24T13:48:43","slug":"bubble-football","status":"publish","type":"product","link":"https:\/\/spanishbreak.com\/fr\/product\/bubble-football\/","title":{"rendered":"BUBBLE FOOTBALL \u00c0 BARCELONE"},"content":{"rendered":"<p>Pr\u00eats pour quelques carnages pendant votre <strong>EVG \u00e0 Barcelone<\/strong>\u00a0!? Facile, il suffit de r\u00e9unir vos amis, un ballon de football\u2026 et des bulles gonflables autour de chacun d\u2019entre vous\u00a0!<\/p>\n<p>Vous pourriez avoir d\u00e9j\u00e0 vu \u00e7a avant et, oui\u2026 C\u2019est aussi amusant que \u00e7a en a l&rsquo;air ! Bien s\u00fbr, vous aurez un arbitre de bubble foot qui conna\u00eet toutes les r\u00e8gles, donc pas de triche possible..!<\/p>\n<p>Non seulement vous\u00a0\u00eates garantis de vous \u00e9clater mais en plus tout le monde sera au m\u00eame niveau\u2026 L\u2019un de vos potes joue aussi bien que\u00a0 Messi\u00a0? Profitez de cette session de foot un peu particuli\u00e8re pour prendre votre revanche.<\/p>\n","protected":false},"excerpt":{"rendered":"<p>Pr\u00eats pour quelques carnages pendant votre EVG \u00e0 Barcelone\u00a0!? Facile, il suffit de r\u00e9unir vos amis, un ballon de football\u2026 et des bulles gonflables autour de chacun d\u2019entre vous\u00a0! Vous pourriez avoir d\u00e9j\u00e0 vu \u00e7a avant et, oui\u2026 C\u2019est aussi amusant que \u00e7a en a l&rsquo;air ! Bien s\u00fbr, vous aurez un arbitre de bubble [&hellip;]<\/p>\n","protected":false},"featured_media":2957,"comment_status":"closed","ping_status":"closed","template":"","meta":{"site-sidebar-layout":"default","site-content-layout":"default","ast-site-content-layout":"default","site-content-style":"default","site-sidebar-style":"default","ast-global-header-display":"","ast-banner-title-visibility":"","ast-main-header-display":"","ast-hfb-above-header-display":"","ast-hfb-below-header-display":"","ast-hfb-mobile-header-display":"","site-post-title":"","ast-breadcrumbs-content":"","ast-featured-img":"","footer-sml-layout":"","theme-transparent-header-meta":"default","adv-header-id-meta":"","stick-header-meta":"","header-above-stick-meta":"","header-main-stick-meta":"","header-below-stick-meta":"","astra-migrate-meta-layouts":"set","ast-page-background-enabled":"default","ast-page-background-meta":{"desktop":{"background-color":"var(--ast-global-color-4)","background-image":"","background-repeat":"repeat","background-position":"center center","background-size":"auto","background-attachment":"scroll","background-type":"","background-media":"","overlay-type":"","overlay-color":"","overlay-opacity":"","overlay-gradient":""},"tablet":{"background-color":"","background-image":"","background-repeat":"repeat","background-position":"center center","background-size":"auto","background-attachment":"scroll","background-type":"","background-media":"","overlay-type":"","overlay-color":"","overlay-opacity":"","overlay-gradient":""},"mobile":{"background-color":"","background-image":"","background-repeat":"repeat","background-position":"center center","background-size":"auto","background-attachment":"scroll","background-type":"","background-media":"","overlay-type":"","overlay-color":"","overlay-opacity":"","overlay-gradient":""}},"ast-content-background-meta":{"desktop":{"background-color":"var(--ast-global-color-5)","background-image":"","background-repeat":"repeat","background-position":"center center","background-size":"auto","background-attachment":"scroll","background-type":"","background-media":"","overlay-type":"","overlay-color":"","overlay-opacity":"","overlay-gradient":""},"tablet":{"background-color":"var(--ast-global-color-5)","background-image":"","background-repeat":"repeat","background-position":"center center","background-size":"auto","background-attachment":"scroll","background-type":"","background-media":"","overlay-type":"","overlay-color":"","overlay-opacity":"","overlay-gradient":""},"mobile":{"background-color":"var(--ast-global-color-5)","background-image":"","background-repeat":"repeat","background-position":"center center","background-size":"auto","background-attachment":"scroll","background-type":"","background-media":"","overlay-type":"","overlay-color":"","overlay-opacity":"","overlay-gradient":""}},"repeater_packs":""},"product_brand":[],"product_cat":[68,73],"product_tag":[35],"class_list":{"0":"post-4370","1":"product","2":"type-product","3":"status-publish","4":"has-post-thumbnail","6":"product_cat-day-time-activities","7":"product_cat-stag-fr","8":"product_tag-stag","9":"desktop-align-left","10":"tablet-align-left","11":"mobile-align-left","13":"first","14":"instock","15":"shipping-taxable","16":"product-type-simple"},"yoast_head":"<!-- This site is optimized with the Yoast SEO plugin v26.8 - https:\/\/yoast.com\/product\/yoast-seo-wordpress\/ -->\n<title>Bubble Football \u00e0 Barcelone: Le jeu le plus amusant de la ville!<\/title>\n<meta name=\"description\" content=\"Pr\u00eats pour quelques carnages pendant votre EVG \u00e0 Barcelone\u00a0!? Facile, il suffit de r\u00e9unir vos amis, un ballon de football\u2026 et des bulles gonflables autour D\u00e9couvrez le Bubble Football, une activit\u00e9 amusante et originale pour des moments de rire et de comp\u00e9tition entre amis.\" \/>\n<meta name=\"robots\" content=\"index, follow, max-snippet:-1, max-image-preview:large, max-video-preview:-1\" \/>\n<link rel=\"canonical\" href=\"https:\/\/spanishbreak.com\/product\/bubble-football\/\" \/>\n<meta property=\"og:locale\" content=\"fr_FR\" \/>\n<meta property=\"og:type\" content=\"article\" \/>\n<meta property=\"og:title\" content=\"Bubble Football \u00e0 Barcelone: Le jeu le plus amusant de la ville!\" \/>\n<meta property=\"og:description\" content=\"Pr\u00eats pour quelques carnages pendant votre EVG \u00e0 Barcelone\u00a0!? Facile, il suffit de r\u00e9unir vos amis, un ballon de football\u2026 et des bulles gonflables autour D\u00e9couvrez le Bubble Football, une activit\u00e9 amusante et originale pour des moments de rire et de comp\u00e9tition entre amis.\" \/>\n<meta property=\"og:url\" content=\"https:\/\/spanishbreak.com\/product\/bubble-football\/\" \/>\n<meta property=\"og:site_name\" content=\"Spanishbreak\" \/>\n<meta property=\"article:publisher\" content=\"https:\/\/www.facebook.com\/spanishbreak\" \/>\n<meta property=\"article:modified_time\" content=\"2024-07-24T13:48:43+00:00\" \/>\n<meta property=\"og:image\" content=\"https:\/\/spanishbreak.com\/wp-content\/uploads\/2022\/10\/Depositphotos_82117910_original-scaled.jpg\" \/>\n\t<meta property=\"og:image:width\" content=\"2560\" \/>\n\t<meta property=\"og:image:height\" content=\"1700\" \/>\n\t<meta property=\"og:image:type\" content=\"image\/jpeg\" \/>\n<meta name=\"twitter:card\" content=\"summary_large_image\" \/>\n<meta name=\"twitter:label1\" content=\"Dur\u00e9e de lecture estim\u00e9e\" \/>\n\t<meta name=\"twitter:data1\" content=\"1 minute\" \/>\n<script type=\"application\/ld+json\" class=\"yoast-schema-graph\">{\"@context\":\"https:\/\/schema.org\",\"@graph\":[{\"@type\":[\"WebPage\",\"ItemPage\"],\"@id\":\"https:\/\/spanishbreak.com\/product\/bubble-football\/\",\"url\":\"https:\/\/spanishbreak.com\/product\/bubble-football\/\",\"name\":\"Bubble Football \u00e0 Barcelone: Le jeu le plus amusant de la ville!\",\"isPartOf\":{\"@id\":\"https:\/\/spanishbreak.com\/#website\"},\"primaryImageOfPage\":{\"@id\":\"https:\/\/spanishbreak.com\/product\/bubble-football\/#primaryimage\"},\"image\":{\"@id\":\"https:\/\/spanishbreak.com\/product\/bubble-football\/#primaryimage\"},\"thumbnailUrl\":\"https:\/\/spanishbreak.com\/wp-content\/uploads\/2022\/10\/Depositphotos_82117910_original-scaled.jpg\",\"datePublished\":\"2023-02-26T09:50:17+00:00\",\"dateModified\":\"2024-07-24T13:48:43+00:00\",\"description\":\"Pr\u00eats pour quelques carnages pendant votre EVG \u00e0 Barcelone\u00a0!? Facile, il suffit de r\u00e9unir vos amis, un ballon de football\u2026 et des bulles gonflables autour D\u00e9couvrez le Bubble Football, une activit\u00e9 amusante et originale pour des moments de rire et de comp\u00e9tition entre amis.\",\"breadcrumb\":{\"@id\":\"https:\/\/spanishbreak.com\/product\/bubble-football\/#breadcrumb\"},\"inLanguage\":\"fr-FR\",\"potentialAction\":[{\"@type\":\"ReadAction\",\"target\":[\"https:\/\/spanishbreak.com\/product\/bubble-football\/\"]}]},{\"@type\":\"ImageObject\",\"inLanguage\":\"fr-FR\",\"@id\":\"https:\/\/spanishbreak.com\/product\/bubble-football\/#primaryimage\",\"url\":\"https:\/\/spanishbreak.com\/wp-content\/uploads\/2022\/10\/Depositphotos_82117910_original-scaled.jpg\",\"contentUrl\":\"https:\/\/spanishbreak.com\/wp-content\/uploads\/2022\/10\/Depositphotos_82117910_original-scaled.jpg\",\"width\":2560,\"height\":1700,\"caption\":\"Teenagers play in Bubble bump, new and fun team game outdoor. Children are inside of blown plastic transparent bubble shock each other with fun. Out of focus park zone is at background\"},{\"@type\":\"BreadcrumbList\",\"@id\":\"https:\/\/spanishbreak.com\/product\/bubble-football\/#breadcrumb\",\"itemListElement\":[{\"@type\":\"ListItem\",\"position\":1,\"name\":\"Home\",\"item\":\"https:\/\/spanishbreak.com\/\"},{\"@type\":\"ListItem\",\"position\":2,\"name\":\"Boutique\",\"item\":\"https:\/\/spanishbreak.com\/boutique\/?lang=fr\"},{\"@type\":\"ListItem\",\"position\":3,\"name\":\"BUBBLE FOOTBALL \u00c0 BARCELONE\"}]},{\"@type\":\"WebSite\",\"@id\":\"https:\/\/spanishbreak.com\/#website\",\"url\":\"https:\/\/spanishbreak.com\/\",\"name\":\"Spanish Break\",\"description\":\"Otro sitio realizado con WordPress\",\"publisher\":{\"@id\":\"https:\/\/spanishbreak.com\/#organization\"},\"potentialAction\":[{\"@type\":\"SearchAction\",\"target\":{\"@type\":\"EntryPoint\",\"urlTemplate\":\"https:\/\/spanishbreak.com\/?s={search_term_string}\"},\"query-input\":{\"@type\":\"PropertyValueSpecification\",\"valueRequired\":true,\"valueName\":\"search_term_string\"}}],\"inLanguage\":\"fr-FR\"},{\"@type\":\"Organization\",\"@id\":\"https:\/\/spanishbreak.com\/#organization\",\"name\":\"Spanish Break\",\"url\":\"https:\/\/spanishbreak.com\/\",\"logo\":{\"@type\":\"ImageObject\",\"inLanguage\":\"fr-FR\",\"@id\":\"https:\/\/spanishbreak.com\/#\/schema\/logo\/image\/\",\"url\":\"https:\/\/spanishbreak.com\/wp-content\/uploads\/2024\/03\/logo-spanish-break.png\",\"contentUrl\":\"https:\/\/spanishbreak.com\/wp-content\/uploads\/2024\/03\/logo-spanish-break.png\",\"width\":323,\"height\":37,\"caption\":\"Spanish Break\"},\"image\":{\"@id\":\"https:\/\/spanishbreak.com\/#\/schema\/logo\/image\/\"},\"sameAs\":[\"https:\/\/www.facebook.com\/spanishbreak\",\"https:\/\/www.instagram.com\/spanishbreakbcn\/\"]}]}<\/script>\n<!-- \/ Yoast SEO plugin. -->","yoast_head_json":{"title":"Bubble Football \u00e0 Barcelone: Le jeu le plus amusant de la ville!","description":"Pr\u00eats pour quelques carnages pendant votre EVG \u00e0 Barcelone\u00a0!? Facile, il suffit de r\u00e9unir vos amis, un ballon de football\u2026 et des bulles gonflables autour D\u00e9couvrez le Bubble Football, une activit\u00e9 amusante et originale pour des moments de rire et de comp\u00e9tition entre amis.","robots":{"index":"index","follow":"follow","max-snippet":"max-snippet:-1","max-image-preview":"max-image-preview:large","max-video-preview":"max-video-preview:-1"},"canonical":"https:\/\/spanishbreak.com\/product\/bubble-football\/","og_locale":"fr_FR","og_type":"article","og_title":"Bubble Football \u00e0 Barcelone: Le jeu le plus amusant de la ville!","og_description":"Pr\u00eats pour quelques carnages pendant votre EVG \u00e0 Barcelone\u00a0!? Facile, il suffit de r\u00e9unir vos amis, un ballon de football\u2026 et des bulles gonflables autour D\u00e9couvrez le Bubble Football, une activit\u00e9 amusante et originale pour des moments de rire et de comp\u00e9tition entre amis.","og_url":"https:\/\/spanishbreak.com\/product\/bubble-football\/","og_site_name":"Spanishbreak","article_publisher":"https:\/\/www.facebook.com\/spanishbreak","article_modified_time":"2024-07-24T13:48:43+00:00","og_image":[{"width":2560,"height":1700,"url":"https:\/\/spanishbreak.com\/wp-content\/uploads\/2022\/10\/Depositphotos_82117910_original-scaled.jpg","type":"image\/jpeg"}],"twitter_card":"summary_large_image","twitter_misc":{"Dur\u00e9e de lecture estim\u00e9e":"1 minute"},"schema":{"@context":"https:\/\/schema.org","@graph":[{"@type":["WebPage","ItemPage"],"@id":"https:\/\/spanishbreak.com\/product\/bubble-football\/","url":"https:\/\/spanishbreak.com\/product\/bubble-football\/","name":"Bubble Football \u00e0 Barcelone: Le jeu le plus amusant de la ville!","isPartOf":{"@id":"https:\/\/spanishbreak.com\/#website"},"primaryImageOfPage":{"@id":"https:\/\/spanishbreak.com\/product\/bubble-football\/#primaryimage"},"image":{"@id":"https:\/\/spanishbreak.com\/product\/bubble-football\/#primaryimage"},"thumbnailUrl":"https:\/\/spanishbreak.com\/wp-content\/uploads\/2022\/10\/Depositphotos_82117910_original-scaled.jpg","datePublished":"2023-02-26T09:50:17+00:00","dateModified":"2024-07-24T13:48:43+00:00","description":"Pr\u00eats pour quelques carnages pendant votre EVG \u00e0 Barcelone\u00a0!? Facile, il suffit de r\u00e9unir vos amis, un ballon de football\u2026 et des bulles gonflables autour D\u00e9couvrez le Bubble Football, une activit\u00e9 amusante et originale pour des moments de rire et de comp\u00e9tition entre amis.","breadcrumb":{"@id":"https:\/\/spanishbreak.com\/product\/bubble-football\/#breadcrumb"},"inLanguage":"fr-FR","potentialAction":[{"@type":"ReadAction","target":["https:\/\/spanishbreak.com\/product\/bubble-football\/"]}]},{"@type":"ImageObject","inLanguage":"fr-FR","@id":"https:\/\/spanishbreak.com\/product\/bubble-football\/#primaryimage","url":"https:\/\/spanishbreak.com\/wp-content\/uploads\/2022\/10\/Depositphotos_82117910_original-scaled.jpg","contentUrl":"https:\/\/spanishbreak.com\/wp-content\/uploads\/2022\/10\/Depositphotos_82117910_original-scaled.jpg","width":2560,"height":1700,"caption":"Teenagers play in Bubble bump, new and fun team game outdoor. Children are inside of blown plastic transparent bubble shock each other with fun. Out of focus park zone is at background"},{"@type":"BreadcrumbList","@id":"https:\/\/spanishbreak.com\/product\/bubble-football\/#breadcrumb","itemListElement":[{"@type":"ListItem","position":1,"name":"Home","item":"https:\/\/spanishbreak.com\/"},{"@type":"ListItem","position":2,"name":"Boutique","item":"https:\/\/spanishbreak.com\/boutique\/?lang=fr"},{"@type":"ListItem","position":3,"name":"BUBBLE FOOTBALL \u00c0 BARCELONE"}]},{"@type":"WebSite","@id":"https:\/\/spanishbreak.com\/#website","url":"https:\/\/spanishbreak.com\/","name":"Spanish Break","description":"Otro sitio realizado con WordPress","publisher":{"@id":"https:\/\/spanishbreak.com\/#organization"},"potentialAction":[{"@type":"SearchAction","target":{"@type":"EntryPoint","urlTemplate":"https:\/\/spanishbreak.com\/?s={search_term_string}"},"query-input":{"@type":"PropertyValueSpecification","valueRequired":true,"valueName":"search_term_string"}}],"inLanguage":"fr-FR"},{"@type":"Organization","@id":"https:\/\/spanishbreak.com\/#organization","name":"Spanish Break","url":"https:\/\/spanishbreak.com\/","logo":{"@type":"ImageObject","inLanguage":"fr-FR","@id":"https:\/\/spanishbreak.com\/#\/schema\/logo\/image\/","url":"https:\/\/spanishbreak.com\/wp-content\/uploads\/2024\/03\/logo-spanish-break.png","contentUrl":"https:\/\/spanishbreak.com\/wp-content\/uploads\/2024\/03\/logo-spanish-break.png","width":323,"height":37,"caption":"Spanish Break"},"image":{"@id":"https:\/\/spanishbreak.com\/#\/schema\/logo\/image\/"},"sameAs":["https:\/\/www.facebook.com\/spanishbreak","https:\/\/www.instagram.com\/spanishbreakbcn\/"]}]}},"_links":{"self":[{"href":"https:\/\/spanishbreak.com\/fr\/wp-json\/wp\/v2\/product\/4370","targetHints":{"allow":["GET"]}}],"collection":[{"href":"https:\/\/spanishbreak.com\/fr\/wp-json\/wp\/v2\/product"}],"about":[{"href":"https:\/\/spanishbreak.com\/fr\/wp-json\/wp\/v2\/types\/product"}],"replies":[{"embeddable":true,"href":"https:\/\/spanishbreak.com\/fr\/wp-json\/wp\/v2\/comments?post=4370"}],"wp:featuredmedia":[{"embeddable":true,"href":"https:\/\/spanishbreak.com\/fr\/wp-json\/wp\/v2\/media\/2957"}],"wp:attachment":[{"href":"https:\/\/spanishbreak.com\/fr\/wp-json\/wp\/v2\/media?parent=4370"}],"wp:term":[{"taxonomy":"product_brand","embeddable":true,"href":"https:\/\/spanishbreak.com\/fr\/wp-json\/wp\/v2\/product_brand?post=4370"},{"taxonomy":"product_cat","embeddable":true,"href":"https:\/\/spanishbreak.com\/fr\/wp-json\/wp\/v2\/product_cat?post=4370"},{"taxonomy":"product_tag","embeddable":true,"href":"https:\/\/spanishbreak.com\/fr\/wp-json\/wp\/v2\/product_tag?post=4370"}],"curies":[{"name":"wp","href":"https:\/\/api.w.org\/{rel}","templated":true}]}}