{"id":4371,"date":"2023-02-26T09:49:17","date_gmt":"2023-02-26T08:49:17","guid":{"rendered":"https:\/\/spanishbreak.com\/producto\/wine-tasting\/"},"modified":"2025-12-17T13:56:31","modified_gmt":"2025-12-17T12:56:31","slug":"wine-tasting","status":"publish","type":"product","link":"https:\/\/spanishbreak.com\/fr\/product\/wine-tasting\/","title":{"rendered":"D\u00c9GUSTATION DE VINS \u00c0 BARCELONE"},"content":{"rendered":"<p><strong>\u00c0 la v\u00f4tre\u00a0! Une soir\u00e9e de d\u00e9gustation de vins<\/strong><\/p>\n<p>Vous vous \u00e9claterez gr\u00e2ce \u00e0 cette soir\u00e9e de <strong>d\u00e9gustation de vins<\/strong>, le before parfait pour se pr\u00e9parer \u00e0 une grande soir\u00e9e pendant votre <strong>EVG \u00e0 Barcelone<\/strong>\u00a0!<\/p>\n<p>Pr\u00e9parez vos papilles pour une s\u00e9ance de d\u00e9gustation de vins d&rsquo;une heure, o\u00f9 un sommelier professionnel vous fera d\u00e9couvrir quatre vins d\u00e9licieux\u00a0! Vous allez, pour un bon \u00e9quilibre, tester deux rouges et deux blancs, tout en d\u00e9couvrant comment ils sont faits et avec quels aliments ils se combinent.<\/p>\n<p>Pour vous aider \u00e0 bien appr\u00e9cier le vin et ce qu\u2019il provoque quand il est associ\u00e9 avec de la nourriture, vous aurez aussi un plat d\u00e9licieux de fromage et de charcuterie \u00e0 port\u00e9e de main\u00a0!<\/p>\n","protected":false},"excerpt":{"rendered":"<p>\u00c0 la v\u00f4tre\u00a0! Une soir\u00e9e de d\u00e9gustation de vins Vous vous \u00e9claterez gr\u00e2ce \u00e0 cette soir\u00e9e de d\u00e9gustation de vins, le before parfait pour se pr\u00e9parer \u00e0 une grande soir\u00e9e pendant votre EVG \u00e0 Barcelone\u00a0! Pr\u00e9parez vos papilles pour une s\u00e9ance de d\u00e9gustation de vins d&rsquo;une heure, o\u00f9 un sommelier professionnel vous fera d\u00e9couvrir quatre [&hellip;]<\/p>\n","protected":false},"featured_media":2960,"comment_status":"closed","ping_status":"closed","template":"","meta":{"site-sidebar-layout":"default","site-content-layout":"default","ast-site-content-layout":"default","site-content-style":"default","site-sidebar-style":"default","ast-global-header-display":"","ast-banner-title-visibility":"","ast-main-header-display":"","ast-hfb-above-header-display":"","ast-hfb-below-header-display":"","ast-hfb-mobile-header-display":"","site-post-title":"","ast-breadcrumbs-content":"","ast-featured-img":"","footer-sml-layout":"","theme-transparent-header-meta":"default","adv-header-id-meta":"","stick-header-meta":"","header-above-stick-meta":"","header-main-stick-meta":"","header-below-stick-meta":"","astra-migrate-meta-layouts":"set","ast-page-background-enabled":"default","ast-page-background-meta":{"desktop":{"background-color":"var(--ast-global-color-4)","background-image":"","background-repeat":"repeat","background-position":"center center","background-size":"auto","background-attachment":"scroll","background-type":"","background-media":"","overlay-type":"","overlay-color":"","overlay-opacity":"","overlay-gradient":""},"tablet":{"background-color":"","background-image":"","background-repeat":"repeat","background-position":"center center","background-size":"auto","background-attachment":"scroll","background-type":"","background-media":"","overlay-type":"","overlay-color":"","overlay-opacity":"","overlay-gradient":""},"mobile":{"background-color":"","background-image":"","background-repeat":"repeat","background-position":"center center","background-size":"auto","background-attachment":"scroll","background-type":"","background-media":"","overlay-type":"","overlay-color":"","overlay-opacity":"","overlay-gradient":""}},"ast-content-background-meta":{"desktop":{"background-color":"var(--ast-global-color-5)","background-image":"","background-repeat":"repeat","background-position":"center center","background-size":"auto","background-attachment":"scroll","background-type":"","background-media":"","overlay-type":"","overlay-color":"","overlay-opacity":"","overlay-gradient":""},"tablet":{"background-color":"var(--ast-global-color-5)","background-image":"","background-repeat":"repeat","background-position":"center center","background-size":"auto","background-attachment":"scroll","background-type":"","background-media":"","overlay-type":"","overlay-color":"","overlay-opacity":"","overlay-gradient":""},"mobile":{"background-color":"var(--ast-global-color-5)","background-image":"","background-repeat":"repeat","background-position":"center center","background-size":"auto","background-attachment":"scroll","background-type":"","background-media":"","overlay-type":"","overlay-color":"","overlay-opacity":"","overlay-gradient":""}},"repeater_packs":""},"product_brand":[],"product_cat":[66,73],"product_tag":[36,35],"class_list":{"0":"post-4371","1":"product","2":"type-product","3":"status-publish","4":"has-post-thumbnail","6":"product_cat-hen-fr-2","7":"product_cat-stag-fr","8":"product_tag-hen","9":"product_tag-stag","10":"desktop-align-left","11":"tablet-align-left","12":"mobile-align-left","14":"first","15":"instock","16":"shipping-taxable","17":"product-type-simple"},"yoast_head":"<!-- This site is optimized with the Yoast SEO plugin v26.8 - https:\/\/yoast.com\/product\/yoast-seo-wordpress\/ -->\n<title>D\u00c9GUSTATION DE VINS \u00c0 BARCELONE : d\u00e9couvrez les saveurs locales<\/title>\n<meta name=\"description\" content=\"\u00c0 la v\u00f4tre\u00a0! Une soir\u00e9e de d\u00e9gustation de vins Vous vous \u00e9claterez gr\u00e2ce \u00e0 cette soir\u00e9e de d\u00e9gustation de vins, le before parfait pour se pr\u00e9parer \u00e0 une D\u00e9couvrez notre exp\u00e9rience de d\u00e9gustation de vin unique dans la magnifique r\u00e9gion viticole de la Rioja en Espagne. R\u00e9servez d\u00e8s maintenant!\" \/>\n<meta name=\"robots\" content=\"index, follow, max-snippet:-1, max-image-preview:large, max-video-preview:-1\" \/>\n<link rel=\"canonical\" href=\"https:\/\/spanishbreak.com\/fr\/product\/wine-tasting\/\" \/>\n<meta property=\"og:locale\" content=\"fr_FR\" \/>\n<meta property=\"og:type\" content=\"article\" \/>\n<meta property=\"og:title\" content=\"D\u00c9GUSTATION DE VINS \u00c0 BARCELONE : d\u00e9couvrez les saveurs locales\" \/>\n<meta property=\"og:description\" content=\"\u00c0 la v\u00f4tre\u00a0! Une soir\u00e9e de d\u00e9gustation de vins Vous vous \u00e9claterez gr\u00e2ce \u00e0 cette soir\u00e9e de d\u00e9gustation de vins, le before parfait pour se pr\u00e9parer \u00e0 une D\u00e9couvrez notre exp\u00e9rience de d\u00e9gustation de vin unique dans la magnifique r\u00e9gion viticole de la Rioja en Espagne. R\u00e9servez d\u00e8s maintenant!\" \/>\n<meta property=\"og:url\" content=\"https:\/\/spanishbreak.com\/fr\/product\/wine-tasting\/\" \/>\n<meta property=\"og:site_name\" content=\"Spanishbreak\" \/>\n<meta property=\"article:publisher\" content=\"https:\/\/www.facebook.com\/spanishbreak\" \/>\n<meta property=\"article:modified_time\" content=\"2025-12-17T12:56:31+00:00\" \/>\n<meta property=\"og:image\" content=\"https:\/\/spanishbreak.com\/wp-content\/uploads\/2022\/10\/Depositphotos_12158570_original-scaled.jpg\" \/>\n\t<meta property=\"og:image:width\" content=\"2560\" \/>\n\t<meta property=\"og:image:height\" content=\"1707\" \/>\n\t<meta property=\"og:image:type\" content=\"image\/jpeg\" \/>\n<meta name=\"twitter:card\" content=\"summary_large_image\" \/>\n<meta name=\"twitter:label1\" content=\"Dur\u00e9e de lecture estim\u00e9e\" \/>\n\t<meta name=\"twitter:data1\" content=\"1 minute\" \/>\n<script type=\"application\/ld+json\" class=\"yoast-schema-graph\">{\"@context\":\"https:\/\/schema.org\",\"@graph\":[{\"@type\":[\"WebPage\",\"ItemPage\"],\"@id\":\"https:\/\/spanishbreak.com\/fr\/product\/wine-tasting\/\",\"url\":\"https:\/\/spanishbreak.com\/fr\/product\/wine-tasting\/\",\"name\":\"D\u00c9GUSTATION DE VINS \u00c0 BARCELONE : d\u00e9couvrez les saveurs locales\",\"isPartOf\":{\"@id\":\"https:\/\/spanishbreak.com\/#website\"},\"primaryImageOfPage\":{\"@id\":\"https:\/\/spanishbreak.com\/fr\/product\/wine-tasting\/#primaryimage\"},\"image\":{\"@id\":\"https:\/\/spanishbreak.com\/fr\/product\/wine-tasting\/#primaryimage\"},\"thumbnailUrl\":\"https:\/\/spanishbreak.com\/wp-content\/uploads\/2022\/10\/Depositphotos_12158570_original-scaled.jpg\",\"datePublished\":\"2023-02-26T08:49:17+00:00\",\"dateModified\":\"2025-12-17T12:56:31+00:00\",\"description\":\"\u00c0 la v\u00f4tre\u00a0! Une soir\u00e9e de d\u00e9gustation de vins Vous vous \u00e9claterez gr\u00e2ce \u00e0 cette soir\u00e9e de d\u00e9gustation de vins, le before parfait pour se pr\u00e9parer \u00e0 une D\u00e9couvrez notre exp\u00e9rience de d\u00e9gustation de vin unique dans la magnifique r\u00e9gion viticole de la Rioja en Espagne. R\u00e9servez d\u00e8s maintenant!\",\"breadcrumb\":{\"@id\":\"https:\/\/spanishbreak.com\/fr\/product\/wine-tasting\/#breadcrumb\"},\"inLanguage\":\"fr-FR\",\"potentialAction\":[{\"@type\":\"ReadAction\",\"target\":[\"https:\/\/spanishbreak.com\/fr\/product\/wine-tasting\/\"]}]},{\"@type\":\"ImageObject\",\"inLanguage\":\"fr-FR\",\"@id\":\"https:\/\/spanishbreak.com\/fr\/product\/wine-tasting\/#primaryimage\",\"url\":\"https:\/\/spanishbreak.com\/wp-content\/uploads\/2022\/10\/Depositphotos_12158570_original-scaled.jpg\",\"contentUrl\":\"https:\/\/spanishbreak.com\/wp-content\/uploads\/2022\/10\/Depositphotos_12158570_original-scaled.jpg\",\"width\":2560,\"height\":1707,\"caption\":\"Red wine pouring into a wine glass. Selective focus on the red wine.\"},{\"@type\":\"BreadcrumbList\",\"@id\":\"https:\/\/spanishbreak.com\/fr\/product\/wine-tasting\/#breadcrumb\",\"itemListElement\":[{\"@type\":\"ListItem\",\"position\":1,\"name\":\"Home\",\"item\":\"https:\/\/spanishbreak.com\/\"},{\"@type\":\"ListItem\",\"position\":2,\"name\":\"Boutique\",\"item\":\"https:\/\/spanishbreak.com\/boutique\/?lang=fr\"},{\"@type\":\"ListItem\",\"position\":3,\"name\":\"D\u00c9GUSTATION DE VINS \u00c0 BARCELONE\"}]},{\"@type\":\"WebSite\",\"@id\":\"https:\/\/spanishbreak.com\/#website\",\"url\":\"https:\/\/spanishbreak.com\/\",\"name\":\"Spanish Break\",\"description\":\"Otro sitio realizado con WordPress\",\"publisher\":{\"@id\":\"https:\/\/spanishbreak.com\/#organization\"},\"potentialAction\":[{\"@type\":\"SearchAction\",\"target\":{\"@type\":\"EntryPoint\",\"urlTemplate\":\"https:\/\/spanishbreak.com\/?s={search_term_string}\"},\"query-input\":{\"@type\":\"PropertyValueSpecification\",\"valueRequired\":true,\"valueName\":\"search_term_string\"}}],\"inLanguage\":\"fr-FR\"},{\"@type\":\"Organization\",\"@id\":\"https:\/\/spanishbreak.com\/#organization\",\"name\":\"Spanish Break\",\"url\":\"https:\/\/spanishbreak.com\/\",\"logo\":{\"@type\":\"ImageObject\",\"inLanguage\":\"fr-FR\",\"@id\":\"https:\/\/spanishbreak.com\/#\/schema\/logo\/image\/\",\"url\":\"https:\/\/spanishbreak.com\/wp-content\/uploads\/2024\/03\/logo-spanish-break.png\",\"contentUrl\":\"https:\/\/spanishbreak.com\/wp-content\/uploads\/2024\/03\/logo-spanish-break.png\",\"width\":323,\"height\":37,\"caption\":\"Spanish Break\"},\"image\":{\"@id\":\"https:\/\/spanishbreak.com\/#\/schema\/logo\/image\/\"},\"sameAs\":[\"https:\/\/www.facebook.com\/spanishbreak\",\"https:\/\/www.instagram.com\/spanishbreakbcn\/\"]}]}<\/script>\n<!-- \/ Yoast SEO plugin. -->","yoast_head_json":{"title":"D\u00c9GUSTATION DE VINS \u00c0 BARCELONE : d\u00e9couvrez les saveurs locales","description":"\u00c0 la v\u00f4tre\u00a0! Une soir\u00e9e de d\u00e9gustation de vins Vous vous \u00e9claterez gr\u00e2ce \u00e0 cette soir\u00e9e de d\u00e9gustation de vins, le before parfait pour se pr\u00e9parer \u00e0 une D\u00e9couvrez notre exp\u00e9rience de d\u00e9gustation de vin unique dans la magnifique r\u00e9gion viticole de la Rioja en Espagne. R\u00e9servez d\u00e8s maintenant!","robots":{"index":"index","follow":"follow","max-snippet":"max-snippet:-1","max-image-preview":"max-image-preview:large","max-video-preview":"max-video-preview:-1"},"canonical":"https:\/\/spanishbreak.com\/fr\/product\/wine-tasting\/","og_locale":"fr_FR","og_type":"article","og_title":"D\u00c9GUSTATION DE VINS \u00c0 BARCELONE : d\u00e9couvrez les saveurs locales","og_description":"\u00c0 la v\u00f4tre\u00a0! Une soir\u00e9e de d\u00e9gustation de vins Vous vous \u00e9claterez gr\u00e2ce \u00e0 cette soir\u00e9e de d\u00e9gustation de vins, le before parfait pour se pr\u00e9parer \u00e0 une D\u00e9couvrez notre exp\u00e9rience de d\u00e9gustation de vin unique dans la magnifique r\u00e9gion viticole de la Rioja en Espagne. R\u00e9servez d\u00e8s maintenant!","og_url":"https:\/\/spanishbreak.com\/fr\/product\/wine-tasting\/","og_site_name":"Spanishbreak","article_publisher":"https:\/\/www.facebook.com\/spanishbreak","article_modified_time":"2025-12-17T12:56:31+00:00","og_image":[{"width":2560,"height":1707,"url":"https:\/\/spanishbreak.com\/wp-content\/uploads\/2022\/10\/Depositphotos_12158570_original-scaled.jpg","type":"image\/jpeg"}],"twitter_card":"summary_large_image","twitter_misc":{"Dur\u00e9e de lecture estim\u00e9e":"1 minute"},"schema":{"@context":"https:\/\/schema.org","@graph":[{"@type":["WebPage","ItemPage"],"@id":"https:\/\/spanishbreak.com\/fr\/product\/wine-tasting\/","url":"https:\/\/spanishbreak.com\/fr\/product\/wine-tasting\/","name":"D\u00c9GUSTATION DE VINS \u00c0 BARCELONE : d\u00e9couvrez les saveurs locales","isPartOf":{"@id":"https:\/\/spanishbreak.com\/#website"},"primaryImageOfPage":{"@id":"https:\/\/spanishbreak.com\/fr\/product\/wine-tasting\/#primaryimage"},"image":{"@id":"https:\/\/spanishbreak.com\/fr\/product\/wine-tasting\/#primaryimage"},"thumbnailUrl":"https:\/\/spanishbreak.com\/wp-content\/uploads\/2022\/10\/Depositphotos_12158570_original-scaled.jpg","datePublished":"2023-02-26T08:49:17+00:00","dateModified":"2025-12-17T12:56:31+00:00","description":"\u00c0 la v\u00f4tre\u00a0! Une soir\u00e9e de d\u00e9gustation de vins Vous vous \u00e9claterez gr\u00e2ce \u00e0 cette soir\u00e9e de d\u00e9gustation de vins, le before parfait pour se pr\u00e9parer \u00e0 une D\u00e9couvrez notre exp\u00e9rience de d\u00e9gustation de vin unique dans la magnifique r\u00e9gion viticole de la Rioja en Espagne. R\u00e9servez d\u00e8s maintenant!","breadcrumb":{"@id":"https:\/\/spanishbreak.com\/fr\/product\/wine-tasting\/#breadcrumb"},"inLanguage":"fr-FR","potentialAction":[{"@type":"ReadAction","target":["https:\/\/spanishbreak.com\/fr\/product\/wine-tasting\/"]}]},{"@type":"ImageObject","inLanguage":"fr-FR","@id":"https:\/\/spanishbreak.com\/fr\/product\/wine-tasting\/#primaryimage","url":"https:\/\/spanishbreak.com\/wp-content\/uploads\/2022\/10\/Depositphotos_12158570_original-scaled.jpg","contentUrl":"https:\/\/spanishbreak.com\/wp-content\/uploads\/2022\/10\/Depositphotos_12158570_original-scaled.jpg","width":2560,"height":1707,"caption":"Red wine pouring into a wine glass. Selective focus on the red wine."},{"@type":"BreadcrumbList","@id":"https:\/\/spanishbreak.com\/fr\/product\/wine-tasting\/#breadcrumb","itemListElement":[{"@type":"ListItem","position":1,"name":"Home","item":"https:\/\/spanishbreak.com\/"},{"@type":"ListItem","position":2,"name":"Boutique","item":"https:\/\/spanishbreak.com\/boutique\/?lang=fr"},{"@type":"ListItem","position":3,"name":"D\u00c9GUSTATION DE VINS \u00c0 BARCELONE"}]},{"@type":"WebSite","@id":"https:\/\/spanishbreak.com\/#website","url":"https:\/\/spanishbreak.com\/","name":"Spanish Break","description":"Otro sitio realizado con WordPress","publisher":{"@id":"https:\/\/spanishbreak.com\/#organization"},"potentialAction":[{"@type":"SearchAction","target":{"@type":"EntryPoint","urlTemplate":"https:\/\/spanishbreak.com\/?s={search_term_string}"},"query-input":{"@type":"PropertyValueSpecification","valueRequired":true,"valueName":"search_term_string"}}],"inLanguage":"fr-FR"},{"@type":"Organization","@id":"https:\/\/spanishbreak.com\/#organization","name":"Spanish Break","url":"https:\/\/spanishbreak.com\/","logo":{"@type":"ImageObject","inLanguage":"fr-FR","@id":"https:\/\/spanishbreak.com\/#\/schema\/logo\/image\/","url":"https:\/\/spanishbreak.com\/wp-content\/uploads\/2024\/03\/logo-spanish-break.png","contentUrl":"https:\/\/spanishbreak.com\/wp-content\/uploads\/2024\/03\/logo-spanish-break.png","width":323,"height":37,"caption":"Spanish Break"},"image":{"@id":"https:\/\/spanishbreak.com\/#\/schema\/logo\/image\/"},"sameAs":["https:\/\/www.facebook.com\/spanishbreak","https:\/\/www.instagram.com\/spanishbreakbcn\/"]}]}},"_links":{"self":[{"href":"https:\/\/spanishbreak.com\/fr\/wp-json\/wp\/v2\/product\/4371","targetHints":{"allow":["GET"]}}],"collection":[{"href":"https:\/\/spanishbreak.com\/fr\/wp-json\/wp\/v2\/product"}],"about":[{"href":"https:\/\/spanishbreak.com\/fr\/wp-json\/wp\/v2\/types\/product"}],"replies":[{"embeddable":true,"href":"https:\/\/spanishbreak.com\/fr\/wp-json\/wp\/v2\/comments?post=4371"}],"wp:featuredmedia":[{"embeddable":true,"href":"https:\/\/spanishbreak.com\/fr\/wp-json\/wp\/v2\/media\/2960"}],"wp:attachment":[{"href":"https:\/\/spanishbreak.com\/fr\/wp-json\/wp\/v2\/media?parent=4371"}],"wp:term":[{"taxonomy":"product_brand","embeddable":true,"href":"https:\/\/spanishbreak.com\/fr\/wp-json\/wp\/v2\/product_brand?post=4371"},{"taxonomy":"product_cat","embeddable":true,"href":"https:\/\/spanishbreak.com\/fr\/wp-json\/wp\/v2\/product_cat?post=4371"},{"taxonomy":"product_tag","embeddable":true,"href":"https:\/\/spanishbreak.com\/fr\/wp-json\/wp\/v2\/product_tag?post=4371"}],"curies":[{"name":"wp","href":"https:\/\/api.w.org\/{rel}","templated":true}]}}