{"id":4372,"date":"2023-02-26T09:47:42","date_gmt":"2023-02-26T08:47:42","guid":{"rendered":"https:\/\/spanishbreak.com\/producto\/blindfolded-wine-tasting\/"},"modified":"2025-12-17T13:57:03","modified_gmt":"2025-12-17T12:57:03","slug":"blindfolded-wine-tasting","status":"publish","type":"product","link":"https:\/\/spanishbreak.com\/fr\/product\/blindfolded-wine-tasting\/","title":{"rendered":"D\u00c9GUSTATION DE VINS \u00c0 L&rsquo;AVEUGLE \u00c0 BARCELONE"},"content":{"rendered":"<p><strong>Ajoutez un peu de piquant \u00e0 votre d\u00e9gustation de vin !<\/strong><br \/>\nVous allez vous amuser avec cette soir\u00e9e d\u00e9gustation de vins un peu sp\u00e9ciale&#8230;le before parfait pour d\u00e9buter votre soir\u00e9e barcelonaise !<\/p>\n<p>Pr\u00e9parez vos papilles pour une d\u00e9gustation d&rsquo;une heure au cours de laquelle un sommelier professionnel vous fera d\u00e9couvrir quatre vins d\u00e9licieux tout en vous\u00a0apprenant comment ils sont faits et avec quels aliments ils sont d\u00e9gust\u00e9s. Pour rendre ce moment inoubliable, vous aurez les yeux band\u00e9s pour d\u00e9couvrir toutes les nuances que le vin a \u00e0 offrir.<\/p>\n<p>Pour vous aider \u00e0 bien appr\u00e9cier le vin et ce qu&rsquo;il peut faire lorsqu&rsquo;il est accompagn\u00e9 de nourriture, vous aurez aussi un d\u00e9licieux plateau de\u00a0fromage \u00e0 port\u00e9e de main !<\/p>\n","protected":false},"excerpt":{"rendered":"<p>Ajoutez un peu de piquant \u00e0 votre d\u00e9gustation de vin ! Vous allez vous amuser avec cette soir\u00e9e d\u00e9gustation de vins un peu sp\u00e9ciale&#8230;le before parfait pour d\u00e9buter votre soir\u00e9e barcelonaise ! Pr\u00e9parez vos papilles pour une d\u00e9gustation d&rsquo;une heure au cours de laquelle un sommelier professionnel vous fera d\u00e9couvrir quatre vins d\u00e9licieux tout en [&hellip;]<\/p>\n","protected":false},"featured_media":3343,"comment_status":"closed","ping_status":"closed","template":"","meta":{"site-sidebar-layout":"default","site-content-layout":"default","ast-site-content-layout":"default","site-content-style":"default","site-sidebar-style":"default","ast-global-header-display":"","ast-banner-title-visibility":"","ast-main-header-display":"","ast-hfb-above-header-display":"","ast-hfb-below-header-display":"","ast-hfb-mobile-header-display":"","site-post-title":"","ast-breadcrumbs-content":"","ast-featured-img":"","footer-sml-layout":"","theme-transparent-header-meta":"default","adv-header-id-meta":"","stick-header-meta":"","header-above-stick-meta":"","header-main-stick-meta":"","header-below-stick-meta":"","astra-migrate-meta-layouts":"set","ast-page-background-enabled":"default","ast-page-background-meta":{"desktop":{"background-color":"var(--ast-global-color-4)","background-image":"","background-repeat":"repeat","background-position":"center center","background-size":"auto","background-attachment":"scroll","background-type":"","background-media":"","overlay-type":"","overlay-color":"","overlay-opacity":"","overlay-gradient":""},"tablet":{"background-color":"","background-image":"","background-repeat":"repeat","background-position":"center center","background-size":"auto","background-attachment":"scroll","background-type":"","background-media":"","overlay-type":"","overlay-color":"","overlay-opacity":"","overlay-gradient":""},"mobile":{"background-color":"","background-image":"","background-repeat":"repeat","background-position":"center center","background-size":"auto","background-attachment":"scroll","background-type":"","background-media":"","overlay-type":"","overlay-color":"","overlay-opacity":"","overlay-gradient":""}},"ast-content-background-meta":{"desktop":{"background-color":"var(--ast-global-color-5)","background-image":"","background-repeat":"repeat","background-position":"center center","background-size":"auto","background-attachment":"scroll","background-type":"","background-media":"","overlay-type":"","overlay-color":"","overlay-opacity":"","overlay-gradient":""},"tablet":{"background-color":"var(--ast-global-color-5)","background-image":"","background-repeat":"repeat","background-position":"center center","background-size":"auto","background-attachment":"scroll","background-type":"","background-media":"","overlay-type":"","overlay-color":"","overlay-opacity":"","overlay-gradient":""},"mobile":{"background-color":"var(--ast-global-color-5)","background-image":"","background-repeat":"repeat","background-position":"center center","background-size":"auto","background-attachment":"scroll","background-type":"","background-media":"","overlay-type":"","overlay-color":"","overlay-opacity":"","overlay-gradient":""}},"repeater_packs":""},"product_brand":[],"product_cat":[66,73],"product_tag":[36,35],"class_list":{"0":"post-4372","1":"product","2":"type-product","3":"status-publish","4":"has-post-thumbnail","6":"product_cat-hen-fr-2","7":"product_cat-stag-fr","8":"product_tag-hen","9":"product_tag-stag","10":"desktop-align-left","11":"tablet-align-left","12":"mobile-align-left","14":"first","15":"instock","16":"shipping-taxable","17":"product-type-simple"},"yoast_head":"<!-- This site is optimized with the Yoast SEO plugin v26.8 - https:\/\/yoast.com\/product\/yoast-seo-wordpress\/ -->\n<title>D\u00c9GUSTATION DE VINS \u00c0 L&#039;AVEUGLE \u00c0 BARCELONE<\/title>\n<meta name=\"description\" content=\"Ajoutez un peu de piquant \u00e0 votre d\u00e9gustation de vin ! Vous allez vous amuser avec cette soir\u00e9e d\u00e9gustation de vins un peu sp\u00e9ciale...le before parfait D\u00e9gustation de vin les yeux band\u00e9s pour affiner vos sens et d\u00e9couvrir de nouvelles saveurs. Parfait pour les amateurs de vin.\" \/>\n<meta name=\"robots\" content=\"index, follow, max-snippet:-1, max-image-preview:large, max-video-preview:-1\" \/>\n<link rel=\"canonical\" href=\"https:\/\/spanishbreak.com\/fr\/product\/blindfolded-wine-tasting\/\" \/>\n<meta property=\"og:locale\" content=\"fr_FR\" \/>\n<meta property=\"og:type\" content=\"article\" \/>\n<meta property=\"og:title\" content=\"D\u00c9GUSTATION DE VINS \u00c0 L&#039;AVEUGLE \u00c0 BARCELONE\" \/>\n<meta property=\"og:description\" content=\"Ajoutez un peu de piquant \u00e0 votre d\u00e9gustation de vin ! Vous allez vous amuser avec cette soir\u00e9e d\u00e9gustation de vins un peu sp\u00e9ciale...le before parfait D\u00e9gustation de vin les yeux band\u00e9s pour affiner vos sens et d\u00e9couvrir de nouvelles saveurs. Parfait pour les amateurs de vin.\" \/>\n<meta property=\"og:url\" content=\"https:\/\/spanishbreak.com\/fr\/product\/blindfolded-wine-tasting\/\" \/>\n<meta property=\"og:site_name\" content=\"Spanishbreak\" \/>\n<meta property=\"article:publisher\" content=\"https:\/\/www.facebook.com\/spanishbreak\" \/>\n<meta property=\"article:modified_time\" content=\"2025-12-17T12:57:03+00:00\" \/>\n<meta property=\"og:image\" content=\"https:\/\/spanishbreak.com\/wp-content\/uploads\/2022\/10\/HARDYSWINETASTING_7402037_med.jpg\" \/>\n\t<meta property=\"og:image:width\" content=\"320\" \/>\n\t<meta property=\"og:image:height\" content=\"480\" \/>\n\t<meta property=\"og:image:type\" content=\"image\/jpeg\" \/>\n<meta name=\"twitter:card\" content=\"summary_large_image\" \/>\n<meta name=\"twitter:label1\" content=\"Dur\u00e9e de lecture estim\u00e9e\" \/>\n\t<meta name=\"twitter:data1\" content=\"1 minute\" \/>\n<script type=\"application\/ld+json\" class=\"yoast-schema-graph\">{\"@context\":\"https:\/\/schema.org\",\"@graph\":[{\"@type\":[\"WebPage\",\"ItemPage\"],\"@id\":\"https:\/\/spanishbreak.com\/fr\/product\/blindfolded-wine-tasting\/\",\"url\":\"https:\/\/spanishbreak.com\/fr\/product\/blindfolded-wine-tasting\/\",\"name\":\"D\u00c9GUSTATION DE VINS \u00c0 L'AVEUGLE \u00c0 BARCELONE\",\"isPartOf\":{\"@id\":\"https:\/\/spanishbreak.com\/#website\"},\"primaryImageOfPage\":{\"@id\":\"https:\/\/spanishbreak.com\/fr\/product\/blindfolded-wine-tasting\/#primaryimage\"},\"image\":{\"@id\":\"https:\/\/spanishbreak.com\/fr\/product\/blindfolded-wine-tasting\/#primaryimage\"},\"thumbnailUrl\":\"https:\/\/spanishbreak.com\/wp-content\/uploads\/2022\/10\/HARDYSWINETASTING_7402037_med.jpg\",\"datePublished\":\"2023-02-26T08:47:42+00:00\",\"dateModified\":\"2025-12-17T12:57:03+00:00\",\"description\":\"Ajoutez un peu de piquant \u00e0 votre d\u00e9gustation de vin ! Vous allez vous amuser avec cette soir\u00e9e d\u00e9gustation de vins un peu sp\u00e9ciale...le before parfait D\u00e9gustation de vin les yeux band\u00e9s pour affiner vos sens et d\u00e9couvrir de nouvelles saveurs. Parfait pour les amateurs de vin.\",\"breadcrumb\":{\"@id\":\"https:\/\/spanishbreak.com\/fr\/product\/blindfolded-wine-tasting\/#breadcrumb\"},\"inLanguage\":\"fr-FR\",\"potentialAction\":[{\"@type\":\"ReadAction\",\"target\":[\"https:\/\/spanishbreak.com\/fr\/product\/blindfolded-wine-tasting\/\"]}]},{\"@type\":\"ImageObject\",\"inLanguage\":\"fr-FR\",\"@id\":\"https:\/\/spanishbreak.com\/fr\/product\/blindfolded-wine-tasting\/#primaryimage\",\"url\":\"https:\/\/spanishbreak.com\/wp-content\/uploads\/2022\/10\/HARDYSWINETASTING_7402037_med.jpg\",\"contentUrl\":\"https:\/\/spanishbreak.com\/wp-content\/uploads\/2022\/10\/HARDYSWINETASTING_7402037_med.jpg\",\"width\":320,\"height\":480},{\"@type\":\"BreadcrumbList\",\"@id\":\"https:\/\/spanishbreak.com\/fr\/product\/blindfolded-wine-tasting\/#breadcrumb\",\"itemListElement\":[{\"@type\":\"ListItem\",\"position\":1,\"name\":\"Home\",\"item\":\"https:\/\/spanishbreak.com\/\"},{\"@type\":\"ListItem\",\"position\":2,\"name\":\"Boutique\",\"item\":\"https:\/\/spanishbreak.com\/boutique\/?lang=fr\"},{\"@type\":\"ListItem\",\"position\":3,\"name\":\"D\u00c9GUSTATION DE VINS \u00c0 L&#8217;AVEUGLE \u00c0 BARCELONE\"}]},{\"@type\":\"WebSite\",\"@id\":\"https:\/\/spanishbreak.com\/#website\",\"url\":\"https:\/\/spanishbreak.com\/\",\"name\":\"Spanish Break\",\"description\":\"Otro sitio realizado con WordPress\",\"publisher\":{\"@id\":\"https:\/\/spanishbreak.com\/#organization\"},\"potentialAction\":[{\"@type\":\"SearchAction\",\"target\":{\"@type\":\"EntryPoint\",\"urlTemplate\":\"https:\/\/spanishbreak.com\/?s={search_term_string}\"},\"query-input\":{\"@type\":\"PropertyValueSpecification\",\"valueRequired\":true,\"valueName\":\"search_term_string\"}}],\"inLanguage\":\"fr-FR\"},{\"@type\":\"Organization\",\"@id\":\"https:\/\/spanishbreak.com\/#organization\",\"name\":\"Spanish Break\",\"url\":\"https:\/\/spanishbreak.com\/\",\"logo\":{\"@type\":\"ImageObject\",\"inLanguage\":\"fr-FR\",\"@id\":\"https:\/\/spanishbreak.com\/#\/schema\/logo\/image\/\",\"url\":\"https:\/\/spanishbreak.com\/wp-content\/uploads\/2024\/03\/logo-spanish-break.png\",\"contentUrl\":\"https:\/\/spanishbreak.com\/wp-content\/uploads\/2024\/03\/logo-spanish-break.png\",\"width\":323,\"height\":37,\"caption\":\"Spanish Break\"},\"image\":{\"@id\":\"https:\/\/spanishbreak.com\/#\/schema\/logo\/image\/\"},\"sameAs\":[\"https:\/\/www.facebook.com\/spanishbreak\",\"https:\/\/www.instagram.com\/spanishbreakbcn\/\"]}]}<\/script>\n<!-- \/ Yoast SEO plugin. -->","yoast_head_json":{"title":"D\u00c9GUSTATION DE VINS \u00c0 L'AVEUGLE \u00c0 BARCELONE","description":"Ajoutez un peu de piquant \u00e0 votre d\u00e9gustation de vin ! Vous allez vous amuser avec cette soir\u00e9e d\u00e9gustation de vins un peu sp\u00e9ciale...le before parfait D\u00e9gustation de vin les yeux band\u00e9s pour affiner vos sens et d\u00e9couvrir de nouvelles saveurs. Parfait pour les amateurs de vin.","robots":{"index":"index","follow":"follow","max-snippet":"max-snippet:-1","max-image-preview":"max-image-preview:large","max-video-preview":"max-video-preview:-1"},"canonical":"https:\/\/spanishbreak.com\/fr\/product\/blindfolded-wine-tasting\/","og_locale":"fr_FR","og_type":"article","og_title":"D\u00c9GUSTATION DE VINS \u00c0 L'AVEUGLE \u00c0 BARCELONE","og_description":"Ajoutez un peu de piquant \u00e0 votre d\u00e9gustation de vin ! Vous allez vous amuser avec cette soir\u00e9e d\u00e9gustation de vins un peu sp\u00e9ciale...le before parfait D\u00e9gustation de vin les yeux band\u00e9s pour affiner vos sens et d\u00e9couvrir de nouvelles saveurs. Parfait pour les amateurs de vin.","og_url":"https:\/\/spanishbreak.com\/fr\/product\/blindfolded-wine-tasting\/","og_site_name":"Spanishbreak","article_publisher":"https:\/\/www.facebook.com\/spanishbreak","article_modified_time":"2025-12-17T12:57:03+00:00","og_image":[{"width":320,"height":480,"url":"https:\/\/spanishbreak.com\/wp-content\/uploads\/2022\/10\/HARDYSWINETASTING_7402037_med.jpg","type":"image\/jpeg"}],"twitter_card":"summary_large_image","twitter_misc":{"Dur\u00e9e de lecture estim\u00e9e":"1 minute"},"schema":{"@context":"https:\/\/schema.org","@graph":[{"@type":["WebPage","ItemPage"],"@id":"https:\/\/spanishbreak.com\/fr\/product\/blindfolded-wine-tasting\/","url":"https:\/\/spanishbreak.com\/fr\/product\/blindfolded-wine-tasting\/","name":"D\u00c9GUSTATION DE VINS \u00c0 L'AVEUGLE \u00c0 BARCELONE","isPartOf":{"@id":"https:\/\/spanishbreak.com\/#website"},"primaryImageOfPage":{"@id":"https:\/\/spanishbreak.com\/fr\/product\/blindfolded-wine-tasting\/#primaryimage"},"image":{"@id":"https:\/\/spanishbreak.com\/fr\/product\/blindfolded-wine-tasting\/#primaryimage"},"thumbnailUrl":"https:\/\/spanishbreak.com\/wp-content\/uploads\/2022\/10\/HARDYSWINETASTING_7402037_med.jpg","datePublished":"2023-02-26T08:47:42+00:00","dateModified":"2025-12-17T12:57:03+00:00","description":"Ajoutez un peu de piquant \u00e0 votre d\u00e9gustation de vin ! Vous allez vous amuser avec cette soir\u00e9e d\u00e9gustation de vins un peu sp\u00e9ciale...le before parfait D\u00e9gustation de vin les yeux band\u00e9s pour affiner vos sens et d\u00e9couvrir de nouvelles saveurs. Parfait pour les amateurs de vin.","breadcrumb":{"@id":"https:\/\/spanishbreak.com\/fr\/product\/blindfolded-wine-tasting\/#breadcrumb"},"inLanguage":"fr-FR","potentialAction":[{"@type":"ReadAction","target":["https:\/\/spanishbreak.com\/fr\/product\/blindfolded-wine-tasting\/"]}]},{"@type":"ImageObject","inLanguage":"fr-FR","@id":"https:\/\/spanishbreak.com\/fr\/product\/blindfolded-wine-tasting\/#primaryimage","url":"https:\/\/spanishbreak.com\/wp-content\/uploads\/2022\/10\/HARDYSWINETASTING_7402037_med.jpg","contentUrl":"https:\/\/spanishbreak.com\/wp-content\/uploads\/2022\/10\/HARDYSWINETASTING_7402037_med.jpg","width":320,"height":480},{"@type":"BreadcrumbList","@id":"https:\/\/spanishbreak.com\/fr\/product\/blindfolded-wine-tasting\/#breadcrumb","itemListElement":[{"@type":"ListItem","position":1,"name":"Home","item":"https:\/\/spanishbreak.com\/"},{"@type":"ListItem","position":2,"name":"Boutique","item":"https:\/\/spanishbreak.com\/boutique\/?lang=fr"},{"@type":"ListItem","position":3,"name":"D\u00c9GUSTATION DE VINS \u00c0 L&#8217;AVEUGLE \u00c0 BARCELONE"}]},{"@type":"WebSite","@id":"https:\/\/spanishbreak.com\/#website","url":"https:\/\/spanishbreak.com\/","name":"Spanish Break","description":"Otro sitio realizado con WordPress","publisher":{"@id":"https:\/\/spanishbreak.com\/#organization"},"potentialAction":[{"@type":"SearchAction","target":{"@type":"EntryPoint","urlTemplate":"https:\/\/spanishbreak.com\/?s={search_term_string}"},"query-input":{"@type":"PropertyValueSpecification","valueRequired":true,"valueName":"search_term_string"}}],"inLanguage":"fr-FR"},{"@type":"Organization","@id":"https:\/\/spanishbreak.com\/#organization","name":"Spanish Break","url":"https:\/\/spanishbreak.com\/","logo":{"@type":"ImageObject","inLanguage":"fr-FR","@id":"https:\/\/spanishbreak.com\/#\/schema\/logo\/image\/","url":"https:\/\/spanishbreak.com\/wp-content\/uploads\/2024\/03\/logo-spanish-break.png","contentUrl":"https:\/\/spanishbreak.com\/wp-content\/uploads\/2024\/03\/logo-spanish-break.png","width":323,"height":37,"caption":"Spanish Break"},"image":{"@id":"https:\/\/spanishbreak.com\/#\/schema\/logo\/image\/"},"sameAs":["https:\/\/www.facebook.com\/spanishbreak","https:\/\/www.instagram.com\/spanishbreakbcn\/"]}]}},"_links":{"self":[{"href":"https:\/\/spanishbreak.com\/fr\/wp-json\/wp\/v2\/product\/4372","targetHints":{"allow":["GET"]}}],"collection":[{"href":"https:\/\/spanishbreak.com\/fr\/wp-json\/wp\/v2\/product"}],"about":[{"href":"https:\/\/spanishbreak.com\/fr\/wp-json\/wp\/v2\/types\/product"}],"replies":[{"embeddable":true,"href":"https:\/\/spanishbreak.com\/fr\/wp-json\/wp\/v2\/comments?post=4372"}],"wp:featuredmedia":[{"embeddable":true,"href":"https:\/\/spanishbreak.com\/fr\/wp-json\/wp\/v2\/media\/3343"}],"wp:attachment":[{"href":"https:\/\/spanishbreak.com\/fr\/wp-json\/wp\/v2\/media?parent=4372"}],"wp:term":[{"taxonomy":"product_brand","embeddable":true,"href":"https:\/\/spanishbreak.com\/fr\/wp-json\/wp\/v2\/product_brand?post=4372"},{"taxonomy":"product_cat","embeddable":true,"href":"https:\/\/spanishbreak.com\/fr\/wp-json\/wp\/v2\/product_cat?post=4372"},{"taxonomy":"product_tag","embeddable":true,"href":"https:\/\/spanishbreak.com\/fr\/wp-json\/wp\/v2\/product_tag?post=4372"}],"curies":[{"name":"wp","href":"https:\/\/api.w.org\/{rel}","templated":true}]}}