{"id":4373,"date":"2023-02-26T09:46:53","date_gmt":"2023-02-26T08:46:53","guid":{"rendered":"https:\/\/spanishbreak.com\/producto\/private-catamaran-cruise\/"},"modified":"2025-12-17T13:57:24","modified_gmt":"2025-12-17T12:57:24","slug":"private-catamaran-cruise","status":"publish","type":"product","link":"https:\/\/spanishbreak.com\/fr\/product\/private-catamaran-cruise\/","title":{"rendered":"CROISI\u00c8RE EN CATAMARAN PRIV\u00c9 \u00c0 BARCELONE"},"content":{"rendered":"<p><strong>Laissez-vous porter\u00a0!<\/strong><\/p>\n<p>Il n\u2019y a pas beaucoup de choses plus cool que de se d\u00e9tendre avec ses potes sur un catamaran\u2026 Bon, peut-\u00eatre se d\u00e9tendre avec vos potes sur un catamaran en M\u00e9diterran\u00e9e pendant <strong>\u00a0un EVG \u00e0 Barcelone <\/strong>!<\/p>\n<p>Cette location<strong>\u00a0de Catamaran Priv\u00e9\u00a0<\/strong>est l\u2019occasion id\u00e9ale pour vous de faire la f\u00eate comme une rockstar en mer\u00a0! Avec des vues incroyables, un temps magnifique et la mer s\u2019\u00e9tendant \u00e0 perte de vue, que pourriez-vous demander de plus\u00a0?<\/p>\n<p>Votre ami est s\u00fbr de se souvenir de ce voyage tr\u00e8s sp\u00e9cial et c\u2019est l\u2019occasion parfaite de vous faire de merveilleux souvenirs ensemble\u00a0!<\/p>\n","protected":false},"excerpt":{"rendered":"<p>Laissez-vous porter\u00a0! Il n\u2019y a pas beaucoup de choses plus cool que de se d\u00e9tendre avec ses potes sur un catamaran\u2026 Bon, peut-\u00eatre se d\u00e9tendre avec vos potes sur un catamaran en M\u00e9diterran\u00e9e pendant \u00a0un EVG \u00e0 Barcelone ! Cette location\u00a0de Catamaran Priv\u00e9\u00a0est l\u2019occasion id\u00e9ale pour vous de faire la f\u00eate comme une rockstar en [&hellip;]<\/p>\n","protected":false},"featured_media":2964,"comment_status":"closed","ping_status":"closed","template":"","meta":{"site-sidebar-layout":"default","site-content-layout":"default","ast-site-content-layout":"default","site-content-style":"default","site-sidebar-style":"default","ast-global-header-display":"","ast-banner-title-visibility":"","ast-main-header-display":"","ast-hfb-above-header-display":"","ast-hfb-below-header-display":"","ast-hfb-mobile-header-display":"","site-post-title":"","ast-breadcrumbs-content":"","ast-featured-img":"","footer-sml-layout":"","theme-transparent-header-meta":"default","adv-header-id-meta":"","stick-header-meta":"","header-above-stick-meta":"","header-main-stick-meta":"","header-below-stick-meta":"","astra-migrate-meta-layouts":"set","ast-page-background-enabled":"default","ast-page-background-meta":{"desktop":{"background-color":"var(--ast-global-color-4)","background-image":"","background-repeat":"repeat","background-position":"center center","background-size":"auto","background-attachment":"scroll","background-type":"","background-media":"","overlay-type":"","overlay-color":"","overlay-opacity":"","overlay-gradient":""},"tablet":{"background-color":"","background-image":"","background-repeat":"repeat","background-position":"center center","background-size":"auto","background-attachment":"scroll","background-type":"","background-media":"","overlay-type":"","overlay-color":"","overlay-opacity":"","overlay-gradient":""},"mobile":{"background-color":"","background-image":"","background-repeat":"repeat","background-position":"center center","background-size":"auto","background-attachment":"scroll","background-type":"","background-media":"","overlay-type":"","overlay-color":"","overlay-opacity":"","overlay-gradient":""}},"ast-content-background-meta":{"desktop":{"background-color":"var(--ast-global-color-5)","background-image":"","background-repeat":"repeat","background-position":"center center","background-size":"auto","background-attachment":"scroll","background-type":"","background-media":"","overlay-type":"","overlay-color":"","overlay-opacity":"","overlay-gradient":""},"tablet":{"background-color":"var(--ast-global-color-5)","background-image":"","background-repeat":"repeat","background-position":"center center","background-size":"auto","background-attachment":"scroll","background-type":"","background-media":"","overlay-type":"","overlay-color":"","overlay-opacity":"","overlay-gradient":""},"mobile":{"background-color":"var(--ast-global-color-5)","background-image":"","background-repeat":"repeat","background-position":"center center","background-size":"auto","background-attachment":"scroll","background-type":"","background-media":"","overlay-type":"","overlay-color":"","overlay-opacity":"","overlay-gradient":""}},"repeater_packs":""},"product_brand":[],"product_cat":[66,67,73],"product_tag":[36,35],"class_list":{"0":"post-4373","1":"product","2":"type-product","3":"status-publish","4":"has-post-thumbnail","6":"product_cat-hen-fr-2","7":"product_cat-luxury-activities","8":"product_cat-stag-fr","9":"product_tag-hen","10":"product_tag-stag","11":"desktop-align-left","12":"tablet-align-left","13":"mobile-align-left","15":"first","16":"instock","17":"shipping-taxable","18":"product-type-simple"},"yoast_head":"<!-- This site is optimized with the Yoast SEO plugin v26.8 - https:\/\/yoast.com\/product\/yoast-seo-wordpress\/ -->\n<title>CROISI\u00c8RE EN CATAMARAN PRIV\u00c9 \u00c0 BARCELONE - Spanish Break<\/title>\n<meta name=\"description\" content=\"Laissez-vous porter\u00a0! Il n\u2019y a pas beaucoup de choses plus cool que de se d\u00e9tendre avec ses potes sur un catamaran\u2026 Bon, peut-\u00eatre se d\u00e9tendre avec vos Croisi\u00e8re priv\u00e9e en catamaran pour profiter du soleil et de la mer M\u00e9diterran\u00e9e. D\u00e9tendez-vous et profitez de la vue \u00e0 bord de ce luxueux bateau.\" \/>\n<meta name=\"robots\" content=\"index, follow, max-snippet:-1, max-image-preview:large, max-video-preview:-1\" \/>\n<link rel=\"canonical\" href=\"https:\/\/spanishbreak.com\/fr\/product\/private-catamaran-cruise\/\" \/>\n<meta property=\"og:locale\" content=\"fr_FR\" \/>\n<meta property=\"og:type\" content=\"article\" \/>\n<meta property=\"og:title\" content=\"CROISI\u00c8RE EN CATAMARAN PRIV\u00c9 \u00c0 BARCELONE - Spanish Break\" \/>\n<meta property=\"og:description\" content=\"Laissez-vous porter\u00a0! Il n\u2019y a pas beaucoup de choses plus cool que de se d\u00e9tendre avec ses potes sur un catamaran\u2026 Bon, peut-\u00eatre se d\u00e9tendre avec vos Croisi\u00e8re priv\u00e9e en catamaran pour profiter du soleil et de la mer M\u00e9diterran\u00e9e. D\u00e9tendez-vous et profitez de la vue \u00e0 bord de ce luxueux bateau.\" \/>\n<meta property=\"og:url\" content=\"https:\/\/spanishbreak.com\/fr\/product\/private-catamaran-cruise\/\" \/>\n<meta property=\"og:site_name\" content=\"Spanishbreak\" \/>\n<meta property=\"article:publisher\" content=\"https:\/\/www.facebook.com\/spanishbreak\" \/>\n<meta property=\"article:modified_time\" content=\"2025-12-17T12:57:24+00:00\" \/>\n<meta property=\"og:image\" content=\"https:\/\/spanishbreak.com\/wp-content\/uploads\/2022\/10\/Masha.png\" \/>\n\t<meta property=\"og:image:width\" content=\"738\" \/>\n\t<meta property=\"og:image:height\" content=\"415\" \/>\n\t<meta property=\"og:image:type\" content=\"image\/png\" \/>\n<meta name=\"twitter:card\" content=\"summary_large_image\" \/>\n<meta name=\"twitter:label1\" content=\"Dur\u00e9e de lecture estim\u00e9e\" \/>\n\t<meta name=\"twitter:data1\" content=\"1 minute\" \/>\n<script type=\"application\/ld+json\" class=\"yoast-schema-graph\">{\"@context\":\"https:\/\/schema.org\",\"@graph\":[{\"@type\":[\"WebPage\",\"ItemPage\"],\"@id\":\"https:\/\/spanishbreak.com\/fr\/product\/private-catamaran-cruise\/\",\"url\":\"https:\/\/spanishbreak.com\/fr\/product\/private-catamaran-cruise\/\",\"name\":\"CROISI\u00c8RE EN CATAMARAN PRIV\u00c9 \u00c0 BARCELONE - Spanish Break\",\"isPartOf\":{\"@id\":\"https:\/\/spanishbreak.com\/#website\"},\"primaryImageOfPage\":{\"@id\":\"https:\/\/spanishbreak.com\/fr\/product\/private-catamaran-cruise\/#primaryimage\"},\"image\":{\"@id\":\"https:\/\/spanishbreak.com\/fr\/product\/private-catamaran-cruise\/#primaryimage\"},\"thumbnailUrl\":\"https:\/\/spanishbreak.com\/wp-content\/uploads\/2022\/10\/Masha.png\",\"datePublished\":\"2023-02-26T08:46:53+00:00\",\"dateModified\":\"2025-12-17T12:57:24+00:00\",\"description\":\"Laissez-vous porter\u00a0! Il n\u2019y a pas beaucoup de choses plus cool que de se d\u00e9tendre avec ses potes sur un catamaran\u2026 Bon, peut-\u00eatre se d\u00e9tendre avec vos Croisi\u00e8re priv\u00e9e en catamaran pour profiter du soleil et de la mer M\u00e9diterran\u00e9e. D\u00e9tendez-vous et profitez de la vue \u00e0 bord de ce luxueux bateau.\",\"breadcrumb\":{\"@id\":\"https:\/\/spanishbreak.com\/fr\/product\/private-catamaran-cruise\/#breadcrumb\"},\"inLanguage\":\"fr-FR\",\"potentialAction\":[{\"@type\":\"ReadAction\",\"target\":[\"https:\/\/spanishbreak.com\/fr\/product\/private-catamaran-cruise\/\"]}]},{\"@type\":\"ImageObject\",\"inLanguage\":\"fr-FR\",\"@id\":\"https:\/\/spanishbreak.com\/fr\/product\/private-catamaran-cruise\/#primaryimage\",\"url\":\"https:\/\/spanishbreak.com\/wp-content\/uploads\/2022\/10\/Masha.png\",\"contentUrl\":\"https:\/\/spanishbreak.com\/wp-content\/uploads\/2022\/10\/Masha.png\",\"width\":738,\"height\":415},{\"@type\":\"BreadcrumbList\",\"@id\":\"https:\/\/spanishbreak.com\/fr\/product\/private-catamaran-cruise\/#breadcrumb\",\"itemListElement\":[{\"@type\":\"ListItem\",\"position\":1,\"name\":\"Home\",\"item\":\"https:\/\/spanishbreak.com\/\"},{\"@type\":\"ListItem\",\"position\":2,\"name\":\"Boutique\",\"item\":\"https:\/\/spanishbreak.com\/boutique\/?lang=fr\"},{\"@type\":\"ListItem\",\"position\":3,\"name\":\"CROISI\u00c8RE EN CATAMARAN PRIV\u00c9 \u00c0 BARCELONE\"}]},{\"@type\":\"WebSite\",\"@id\":\"https:\/\/spanishbreak.com\/#website\",\"url\":\"https:\/\/spanishbreak.com\/\",\"name\":\"Spanish Break\",\"description\":\"Otro sitio realizado con WordPress\",\"publisher\":{\"@id\":\"https:\/\/spanishbreak.com\/#organization\"},\"potentialAction\":[{\"@type\":\"SearchAction\",\"target\":{\"@type\":\"EntryPoint\",\"urlTemplate\":\"https:\/\/spanishbreak.com\/?s={search_term_string}\"},\"query-input\":{\"@type\":\"PropertyValueSpecification\",\"valueRequired\":true,\"valueName\":\"search_term_string\"}}],\"inLanguage\":\"fr-FR\"},{\"@type\":\"Organization\",\"@id\":\"https:\/\/spanishbreak.com\/#organization\",\"name\":\"Spanish Break\",\"url\":\"https:\/\/spanishbreak.com\/\",\"logo\":{\"@type\":\"ImageObject\",\"inLanguage\":\"fr-FR\",\"@id\":\"https:\/\/spanishbreak.com\/#\/schema\/logo\/image\/\",\"url\":\"https:\/\/spanishbreak.com\/wp-content\/uploads\/2024\/03\/logo-spanish-break.png\",\"contentUrl\":\"https:\/\/spanishbreak.com\/wp-content\/uploads\/2024\/03\/logo-spanish-break.png\",\"width\":323,\"height\":37,\"caption\":\"Spanish Break\"},\"image\":{\"@id\":\"https:\/\/spanishbreak.com\/#\/schema\/logo\/image\/\"},\"sameAs\":[\"https:\/\/www.facebook.com\/spanishbreak\",\"https:\/\/www.instagram.com\/spanishbreakbcn\/\"]}]}<\/script>\n<!-- \/ Yoast SEO plugin. -->","yoast_head_json":{"title":"CROISI\u00c8RE EN CATAMARAN PRIV\u00c9 \u00c0 BARCELONE - Spanish Break","description":"Laissez-vous porter\u00a0! Il n\u2019y a pas beaucoup de choses plus cool que de se d\u00e9tendre avec ses potes sur un catamaran\u2026 Bon, peut-\u00eatre se d\u00e9tendre avec vos Croisi\u00e8re priv\u00e9e en catamaran pour profiter du soleil et de la mer M\u00e9diterran\u00e9e. D\u00e9tendez-vous et profitez de la vue \u00e0 bord de ce luxueux bateau.","robots":{"index":"index","follow":"follow","max-snippet":"max-snippet:-1","max-image-preview":"max-image-preview:large","max-video-preview":"max-video-preview:-1"},"canonical":"https:\/\/spanishbreak.com\/fr\/product\/private-catamaran-cruise\/","og_locale":"fr_FR","og_type":"article","og_title":"CROISI\u00c8RE EN CATAMARAN PRIV\u00c9 \u00c0 BARCELONE - Spanish Break","og_description":"Laissez-vous porter\u00a0! Il n\u2019y a pas beaucoup de choses plus cool que de se d\u00e9tendre avec ses potes sur un catamaran\u2026 Bon, peut-\u00eatre se d\u00e9tendre avec vos Croisi\u00e8re priv\u00e9e en catamaran pour profiter du soleil et de la mer M\u00e9diterran\u00e9e. D\u00e9tendez-vous et profitez de la vue \u00e0 bord de ce luxueux bateau.","og_url":"https:\/\/spanishbreak.com\/fr\/product\/private-catamaran-cruise\/","og_site_name":"Spanishbreak","article_publisher":"https:\/\/www.facebook.com\/spanishbreak","article_modified_time":"2025-12-17T12:57:24+00:00","og_image":[{"width":738,"height":415,"url":"https:\/\/spanishbreak.com\/wp-content\/uploads\/2022\/10\/Masha.png","type":"image\/png"}],"twitter_card":"summary_large_image","twitter_misc":{"Dur\u00e9e de lecture estim\u00e9e":"1 minute"},"schema":{"@context":"https:\/\/schema.org","@graph":[{"@type":["WebPage","ItemPage"],"@id":"https:\/\/spanishbreak.com\/fr\/product\/private-catamaran-cruise\/","url":"https:\/\/spanishbreak.com\/fr\/product\/private-catamaran-cruise\/","name":"CROISI\u00c8RE EN CATAMARAN PRIV\u00c9 \u00c0 BARCELONE - Spanish Break","isPartOf":{"@id":"https:\/\/spanishbreak.com\/#website"},"primaryImageOfPage":{"@id":"https:\/\/spanishbreak.com\/fr\/product\/private-catamaran-cruise\/#primaryimage"},"image":{"@id":"https:\/\/spanishbreak.com\/fr\/product\/private-catamaran-cruise\/#primaryimage"},"thumbnailUrl":"https:\/\/spanishbreak.com\/wp-content\/uploads\/2022\/10\/Masha.png","datePublished":"2023-02-26T08:46:53+00:00","dateModified":"2025-12-17T12:57:24+00:00","description":"Laissez-vous porter\u00a0! Il n\u2019y a pas beaucoup de choses plus cool que de se d\u00e9tendre avec ses potes sur un catamaran\u2026 Bon, peut-\u00eatre se d\u00e9tendre avec vos Croisi\u00e8re priv\u00e9e en catamaran pour profiter du soleil et de la mer M\u00e9diterran\u00e9e. D\u00e9tendez-vous et profitez de la vue \u00e0 bord de ce luxueux bateau.","breadcrumb":{"@id":"https:\/\/spanishbreak.com\/fr\/product\/private-catamaran-cruise\/#breadcrumb"},"inLanguage":"fr-FR","potentialAction":[{"@type":"ReadAction","target":["https:\/\/spanishbreak.com\/fr\/product\/private-catamaran-cruise\/"]}]},{"@type":"ImageObject","inLanguage":"fr-FR","@id":"https:\/\/spanishbreak.com\/fr\/product\/private-catamaran-cruise\/#primaryimage","url":"https:\/\/spanishbreak.com\/wp-content\/uploads\/2022\/10\/Masha.png","contentUrl":"https:\/\/spanishbreak.com\/wp-content\/uploads\/2022\/10\/Masha.png","width":738,"height":415},{"@type":"BreadcrumbList","@id":"https:\/\/spanishbreak.com\/fr\/product\/private-catamaran-cruise\/#breadcrumb","itemListElement":[{"@type":"ListItem","position":1,"name":"Home","item":"https:\/\/spanishbreak.com\/"},{"@type":"ListItem","position":2,"name":"Boutique","item":"https:\/\/spanishbreak.com\/boutique\/?lang=fr"},{"@type":"ListItem","position":3,"name":"CROISI\u00c8RE EN CATAMARAN PRIV\u00c9 \u00c0 BARCELONE"}]},{"@type":"WebSite","@id":"https:\/\/spanishbreak.com\/#website","url":"https:\/\/spanishbreak.com\/","name":"Spanish Break","description":"Otro sitio realizado con WordPress","publisher":{"@id":"https:\/\/spanishbreak.com\/#organization"},"potentialAction":[{"@type":"SearchAction","target":{"@type":"EntryPoint","urlTemplate":"https:\/\/spanishbreak.com\/?s={search_term_string}"},"query-input":{"@type":"PropertyValueSpecification","valueRequired":true,"valueName":"search_term_string"}}],"inLanguage":"fr-FR"},{"@type":"Organization","@id":"https:\/\/spanishbreak.com\/#organization","name":"Spanish Break","url":"https:\/\/spanishbreak.com\/","logo":{"@type":"ImageObject","inLanguage":"fr-FR","@id":"https:\/\/spanishbreak.com\/#\/schema\/logo\/image\/","url":"https:\/\/spanishbreak.com\/wp-content\/uploads\/2024\/03\/logo-spanish-break.png","contentUrl":"https:\/\/spanishbreak.com\/wp-content\/uploads\/2024\/03\/logo-spanish-break.png","width":323,"height":37,"caption":"Spanish Break"},"image":{"@id":"https:\/\/spanishbreak.com\/#\/schema\/logo\/image\/"},"sameAs":["https:\/\/www.facebook.com\/spanishbreak","https:\/\/www.instagram.com\/spanishbreakbcn\/"]}]}},"_links":{"self":[{"href":"https:\/\/spanishbreak.com\/fr\/wp-json\/wp\/v2\/product\/4373","targetHints":{"allow":["GET"]}}],"collection":[{"href":"https:\/\/spanishbreak.com\/fr\/wp-json\/wp\/v2\/product"}],"about":[{"href":"https:\/\/spanishbreak.com\/fr\/wp-json\/wp\/v2\/types\/product"}],"replies":[{"embeddable":true,"href":"https:\/\/spanishbreak.com\/fr\/wp-json\/wp\/v2\/comments?post=4373"}],"wp:featuredmedia":[{"embeddable":true,"href":"https:\/\/spanishbreak.com\/fr\/wp-json\/wp\/v2\/media\/2964"}],"wp:attachment":[{"href":"https:\/\/spanishbreak.com\/fr\/wp-json\/wp\/v2\/media?parent=4373"}],"wp:term":[{"taxonomy":"product_brand","embeddable":true,"href":"https:\/\/spanishbreak.com\/fr\/wp-json\/wp\/v2\/product_brand?post=4373"},{"taxonomy":"product_cat","embeddable":true,"href":"https:\/\/spanishbreak.com\/fr\/wp-json\/wp\/v2\/product_cat?post=4373"},{"taxonomy":"product_tag","embeddable":true,"href":"https:\/\/spanishbreak.com\/fr\/wp-json\/wp\/v2\/product_tag?post=4373"}],"curies":[{"name":"wp","href":"https:\/\/api.w.org\/{rel}","templated":true}]}}