{"id":4374,"date":"2023-02-26T09:44:22","date_gmt":"2023-02-26T08:44:22","guid":{"rendered":"https:\/\/spanishbreak.com\/producto\/private-sailing-cruise\/"},"modified":"2025-12-17T13:57:51","modified_gmt":"2025-12-17T12:57:51","slug":"private-sailing-cruise","status":"publish","type":"product","link":"https:\/\/spanishbreak.com\/fr\/product\/private-sailing-cruise\/","title":{"rendered":"CROISI\u00c8RE PRIV\u00c9E EN VOILIER \u00c0 BARCELONE"},"content":{"rendered":"<p><strong>Une croisi\u00e8re entre potes !<\/strong><\/p>\n<p>Si vous cherchez une aventure aquatique g\u00e9niale pour votre EVG \u00e0 Barcelone, pourquoi ne pas prendre un voilier et profiter d\u2019une croisi\u00e8re ?<\/p>\n<p>Peu d\u2019autres activit\u00e9s vous apporteront autant de bon temps entre potes durant votre week-end, juste votre groupe, la mer, des boissons et un bateau de 13 m\u00e8tres ! Avec le soleil et aussi l\u2019air frais de la mer, pr\u00e9parez-vous pour une apr\u00e8s-midi de frissons !<\/p>\n<p>Venez d\u00e9couvrir la c\u00f4te barcelonaise, son magnifique horizon ainsi que sa mer chaude et turquoise&#8230;quoi de mieux ?<\/p>\n","protected":false},"excerpt":{"rendered":"<p>Une croisi\u00e8re entre potes ! Si vous cherchez une aventure aquatique g\u00e9niale pour votre EVG \u00e0 Barcelone, pourquoi ne pas prendre un voilier et profiter d\u2019une croisi\u00e8re ? Peu d\u2019autres activit\u00e9s vous apporteront autant de bon temps entre potes durant votre week-end, juste votre groupe, la mer, des boissons et un bateau de 13 m\u00e8tres [&hellip;]<\/p>\n","protected":false},"featured_media":2968,"comment_status":"closed","ping_status":"closed","template":"","meta":{"site-sidebar-layout":"default","site-content-layout":"default","ast-site-content-layout":"default","site-content-style":"default","site-sidebar-style":"default","ast-global-header-display":"","ast-banner-title-visibility":"","ast-main-header-display":"","ast-hfb-above-header-display":"","ast-hfb-below-header-display":"","ast-hfb-mobile-header-display":"","site-post-title":"","ast-breadcrumbs-content":"","ast-featured-img":"","footer-sml-layout":"","theme-transparent-header-meta":"default","adv-header-id-meta":"","stick-header-meta":"","header-above-stick-meta":"","header-main-stick-meta":"","header-below-stick-meta":"","astra-migrate-meta-layouts":"set","ast-page-background-enabled":"default","ast-page-background-meta":{"desktop":{"background-color":"var(--ast-global-color-4)","background-image":"","background-repeat":"repeat","background-position":"center center","background-size":"auto","background-attachment":"scroll","background-type":"","background-media":"","overlay-type":"","overlay-color":"","overlay-opacity":"","overlay-gradient":""},"tablet":{"background-color":"","background-image":"","background-repeat":"repeat","background-position":"center center","background-size":"auto","background-attachment":"scroll","background-type":"","background-media":"","overlay-type":"","overlay-color":"","overlay-opacity":"","overlay-gradient":""},"mobile":{"background-color":"","background-image":"","background-repeat":"repeat","background-position":"center center","background-size":"auto","background-attachment":"scroll","background-type":"","background-media":"","overlay-type":"","overlay-color":"","overlay-opacity":"","overlay-gradient":""}},"ast-content-background-meta":{"desktop":{"background-color":"var(--ast-global-color-5)","background-image":"","background-repeat":"repeat","background-position":"center center","background-size":"auto","background-attachment":"scroll","background-type":"","background-media":"","overlay-type":"","overlay-color":"","overlay-opacity":"","overlay-gradient":""},"tablet":{"background-color":"var(--ast-global-color-5)","background-image":"","background-repeat":"repeat","background-position":"center center","background-size":"auto","background-attachment":"scroll","background-type":"","background-media":"","overlay-type":"","overlay-color":"","overlay-opacity":"","overlay-gradient":""},"mobile":{"background-color":"var(--ast-global-color-5)","background-image":"","background-repeat":"repeat","background-position":"center center","background-size":"auto","background-attachment":"scroll","background-type":"","background-media":"","overlay-type":"","overlay-color":"","overlay-opacity":"","overlay-gradient":""}},"repeater_packs":""},"product_brand":[],"product_cat":[68,66,67,73],"product_tag":[36,35],"class_list":{"0":"post-4374","1":"product","2":"type-product","3":"status-publish","4":"has-post-thumbnail","6":"product_cat-day-time-activities","7":"product_cat-hen-fr-2","8":"product_cat-luxury-activities","9":"product_cat-stag-fr","10":"product_tag-hen","11":"product_tag-stag","12":"desktop-align-left","13":"tablet-align-left","14":"mobile-align-left","16":"first","17":"instock","18":"shipping-taxable","19":"product-type-simple"},"yoast_head":"<!-- This site is optimized with the Yoast SEO plugin v26.8 - https:\/\/yoast.com\/product\/yoast-seo-wordpress\/ -->\n<title>CROISI\u00c8RE PRIV\u00c9E EN VOILIER \u00c0 BARCELONE<\/title>\n<meta name=\"description\" content=\"Une croisi\u00e8re entre potes ! Si vous cherchez une aventure aquatique g\u00e9niale pour votre EVG \u00e0 Barcelone, pourquoi ne pas prendre un voilier et profiter\" \/>\n<meta name=\"robots\" content=\"index, follow, max-snippet:-1, max-image-preview:large, max-video-preview:-1\" \/>\n<link rel=\"canonical\" href=\"https:\/\/spanishbreak.com\/fr\/product\/private-sailing-cruise\/\" \/>\n<meta property=\"og:locale\" content=\"fr_FR\" \/>\n<meta property=\"og:type\" content=\"article\" \/>\n<meta property=\"og:title\" content=\"CROISI\u00c8RE PRIV\u00c9E EN VOILIER \u00c0 BARCELONE\" \/>\n<meta property=\"og:description\" content=\"Une croisi\u00e8re entre potes ! Si vous cherchez une aventure aquatique g\u00e9niale pour votre EVG \u00e0 Barcelone, pourquoi ne pas prendre un voilier et profiter\" \/>\n<meta property=\"og:url\" content=\"https:\/\/spanishbreak.com\/fr\/product\/private-sailing-cruise\/\" \/>\n<meta property=\"og:site_name\" content=\"Spanishbreak\" \/>\n<meta property=\"article:publisher\" content=\"https:\/\/www.facebook.com\/spanishbreak\" \/>\n<meta property=\"article:modified_time\" content=\"2025-12-17T12:57:51+00:00\" \/>\n<meta property=\"og:image\" content=\"https:\/\/spanishbreak.com\/wp-content\/uploads\/2022\/10\/Depositphotos_88607964_original-scaled.jpg\" \/>\n\t<meta property=\"og:image:width\" content=\"2560\" \/>\n\t<meta property=\"og:image:height\" content=\"1718\" \/>\n\t<meta property=\"og:image:type\" content=\"image\/jpeg\" \/>\n<meta name=\"twitter:card\" content=\"summary_large_image\" \/>\n<meta name=\"twitter:label1\" content=\"Dur\u00e9e de lecture estim\u00e9e\" \/>\n\t<meta name=\"twitter:data1\" content=\"1 minute\" \/>\n<script type=\"application\/ld+json\" class=\"yoast-schema-graph\">{\"@context\":\"https:\/\/schema.org\",\"@graph\":[{\"@type\":[\"WebPage\",\"ItemPage\"],\"@id\":\"https:\/\/spanishbreak.com\/fr\/product\/private-sailing-cruise\/\",\"url\":\"https:\/\/spanishbreak.com\/fr\/product\/private-sailing-cruise\/\",\"name\":\"CROISI\u00c8RE PRIV\u00c9E EN VOILIER \u00c0 BARCELONE\",\"isPartOf\":{\"@id\":\"https:\/\/spanishbreak.com\/#website\"},\"primaryImageOfPage\":{\"@id\":\"https:\/\/spanishbreak.com\/fr\/product\/private-sailing-cruise\/#primaryimage\"},\"image\":{\"@id\":\"https:\/\/spanishbreak.com\/fr\/product\/private-sailing-cruise\/#primaryimage\"},\"thumbnailUrl\":\"https:\/\/spanishbreak.com\/wp-content\/uploads\/2022\/10\/Depositphotos_88607964_original-scaled.jpg\",\"datePublished\":\"2023-02-26T08:44:22+00:00\",\"dateModified\":\"2025-12-17T12:57:51+00:00\",\"description\":\"Une croisi\u00e8re entre potes ! Si vous cherchez une aventure aquatique g\u00e9niale pour votre EVG \u00e0 Barcelone, pourquoi ne pas prendre un voilier et profiter\",\"breadcrumb\":{\"@id\":\"https:\/\/spanishbreak.com\/fr\/product\/private-sailing-cruise\/#breadcrumb\"},\"inLanguage\":\"fr-FR\",\"potentialAction\":[{\"@type\":\"ReadAction\",\"target\":[\"https:\/\/spanishbreak.com\/fr\/product\/private-sailing-cruise\/\"]}]},{\"@type\":\"ImageObject\",\"inLanguage\":\"fr-FR\",\"@id\":\"https:\/\/spanishbreak.com\/fr\/product\/private-sailing-cruise\/#primaryimage\",\"url\":\"https:\/\/spanishbreak.com\/wp-content\/uploads\/2022\/10\/Depositphotos_88607964_original-scaled.jpg\",\"contentUrl\":\"https:\/\/spanishbreak.com\/wp-content\/uploads\/2022\/10\/Depositphotos_88607964_original-scaled.jpg\",\"width\":2560,\"height\":1718,\"caption\":\"Group of friends jumping from the boat. having fun on the yacht and in the water\"},{\"@type\":\"BreadcrumbList\",\"@id\":\"https:\/\/spanishbreak.com\/fr\/product\/private-sailing-cruise\/#breadcrumb\",\"itemListElement\":[{\"@type\":\"ListItem\",\"position\":1,\"name\":\"Home\",\"item\":\"https:\/\/spanishbreak.com\/\"},{\"@type\":\"ListItem\",\"position\":2,\"name\":\"Boutique\",\"item\":\"https:\/\/spanishbreak.com\/boutique\/?lang=fr\"},{\"@type\":\"ListItem\",\"position\":3,\"name\":\"CROISI\u00c8RE PRIV\u00c9E EN VOILIER \u00c0 BARCELONE\"}]},{\"@type\":\"WebSite\",\"@id\":\"https:\/\/spanishbreak.com\/#website\",\"url\":\"https:\/\/spanishbreak.com\/\",\"name\":\"Spanish Break\",\"description\":\"Otro sitio realizado con WordPress\",\"publisher\":{\"@id\":\"https:\/\/spanishbreak.com\/#organization\"},\"potentialAction\":[{\"@type\":\"SearchAction\",\"target\":{\"@type\":\"EntryPoint\",\"urlTemplate\":\"https:\/\/spanishbreak.com\/?s={search_term_string}\"},\"query-input\":{\"@type\":\"PropertyValueSpecification\",\"valueRequired\":true,\"valueName\":\"search_term_string\"}}],\"inLanguage\":\"fr-FR\"},{\"@type\":\"Organization\",\"@id\":\"https:\/\/spanishbreak.com\/#organization\",\"name\":\"Spanish Break\",\"url\":\"https:\/\/spanishbreak.com\/\",\"logo\":{\"@type\":\"ImageObject\",\"inLanguage\":\"fr-FR\",\"@id\":\"https:\/\/spanishbreak.com\/#\/schema\/logo\/image\/\",\"url\":\"https:\/\/spanishbreak.com\/wp-content\/uploads\/2024\/03\/logo-spanish-break.png\",\"contentUrl\":\"https:\/\/spanishbreak.com\/wp-content\/uploads\/2024\/03\/logo-spanish-break.png\",\"width\":323,\"height\":37,\"caption\":\"Spanish Break\"},\"image\":{\"@id\":\"https:\/\/spanishbreak.com\/#\/schema\/logo\/image\/\"},\"sameAs\":[\"https:\/\/www.facebook.com\/spanishbreak\",\"https:\/\/www.instagram.com\/spanishbreakbcn\/\"]}]}<\/script>\n<!-- \/ Yoast SEO plugin. -->","yoast_head_json":{"title":"CROISI\u00c8RE PRIV\u00c9E EN VOILIER \u00c0 BARCELONE","description":"Une croisi\u00e8re entre potes ! Si vous cherchez une aventure aquatique g\u00e9niale pour votre EVG \u00e0 Barcelone, pourquoi ne pas prendre un voilier et profiter","robots":{"index":"index","follow":"follow","max-snippet":"max-snippet:-1","max-image-preview":"max-image-preview:large","max-video-preview":"max-video-preview:-1"},"canonical":"https:\/\/spanishbreak.com\/fr\/product\/private-sailing-cruise\/","og_locale":"fr_FR","og_type":"article","og_title":"CROISI\u00c8RE PRIV\u00c9E EN VOILIER \u00c0 BARCELONE","og_description":"Une croisi\u00e8re entre potes ! Si vous cherchez une aventure aquatique g\u00e9niale pour votre EVG \u00e0 Barcelone, pourquoi ne pas prendre un voilier et profiter","og_url":"https:\/\/spanishbreak.com\/fr\/product\/private-sailing-cruise\/","og_site_name":"Spanishbreak","article_publisher":"https:\/\/www.facebook.com\/spanishbreak","article_modified_time":"2025-12-17T12:57:51+00:00","og_image":[{"width":2560,"height":1718,"url":"https:\/\/spanishbreak.com\/wp-content\/uploads\/2022\/10\/Depositphotos_88607964_original-scaled.jpg","type":"image\/jpeg"}],"twitter_card":"summary_large_image","twitter_misc":{"Dur\u00e9e de lecture estim\u00e9e":"1 minute"},"schema":{"@context":"https:\/\/schema.org","@graph":[{"@type":["WebPage","ItemPage"],"@id":"https:\/\/spanishbreak.com\/fr\/product\/private-sailing-cruise\/","url":"https:\/\/spanishbreak.com\/fr\/product\/private-sailing-cruise\/","name":"CROISI\u00c8RE PRIV\u00c9E EN VOILIER \u00c0 BARCELONE","isPartOf":{"@id":"https:\/\/spanishbreak.com\/#website"},"primaryImageOfPage":{"@id":"https:\/\/spanishbreak.com\/fr\/product\/private-sailing-cruise\/#primaryimage"},"image":{"@id":"https:\/\/spanishbreak.com\/fr\/product\/private-sailing-cruise\/#primaryimage"},"thumbnailUrl":"https:\/\/spanishbreak.com\/wp-content\/uploads\/2022\/10\/Depositphotos_88607964_original-scaled.jpg","datePublished":"2023-02-26T08:44:22+00:00","dateModified":"2025-12-17T12:57:51+00:00","description":"Une croisi\u00e8re entre potes ! Si vous cherchez une aventure aquatique g\u00e9niale pour votre EVG \u00e0 Barcelone, pourquoi ne pas prendre un voilier et profiter","breadcrumb":{"@id":"https:\/\/spanishbreak.com\/fr\/product\/private-sailing-cruise\/#breadcrumb"},"inLanguage":"fr-FR","potentialAction":[{"@type":"ReadAction","target":["https:\/\/spanishbreak.com\/fr\/product\/private-sailing-cruise\/"]}]},{"@type":"ImageObject","inLanguage":"fr-FR","@id":"https:\/\/spanishbreak.com\/fr\/product\/private-sailing-cruise\/#primaryimage","url":"https:\/\/spanishbreak.com\/wp-content\/uploads\/2022\/10\/Depositphotos_88607964_original-scaled.jpg","contentUrl":"https:\/\/spanishbreak.com\/wp-content\/uploads\/2022\/10\/Depositphotos_88607964_original-scaled.jpg","width":2560,"height":1718,"caption":"Group of friends jumping from the boat. having fun on the yacht and in the water"},{"@type":"BreadcrumbList","@id":"https:\/\/spanishbreak.com\/fr\/product\/private-sailing-cruise\/#breadcrumb","itemListElement":[{"@type":"ListItem","position":1,"name":"Home","item":"https:\/\/spanishbreak.com\/"},{"@type":"ListItem","position":2,"name":"Boutique","item":"https:\/\/spanishbreak.com\/boutique\/?lang=fr"},{"@type":"ListItem","position":3,"name":"CROISI\u00c8RE PRIV\u00c9E EN VOILIER \u00c0 BARCELONE"}]},{"@type":"WebSite","@id":"https:\/\/spanishbreak.com\/#website","url":"https:\/\/spanishbreak.com\/","name":"Spanish Break","description":"Otro sitio realizado con WordPress","publisher":{"@id":"https:\/\/spanishbreak.com\/#organization"},"potentialAction":[{"@type":"SearchAction","target":{"@type":"EntryPoint","urlTemplate":"https:\/\/spanishbreak.com\/?s={search_term_string}"},"query-input":{"@type":"PropertyValueSpecification","valueRequired":true,"valueName":"search_term_string"}}],"inLanguage":"fr-FR"},{"@type":"Organization","@id":"https:\/\/spanishbreak.com\/#organization","name":"Spanish Break","url":"https:\/\/spanishbreak.com\/","logo":{"@type":"ImageObject","inLanguage":"fr-FR","@id":"https:\/\/spanishbreak.com\/#\/schema\/logo\/image\/","url":"https:\/\/spanishbreak.com\/wp-content\/uploads\/2024\/03\/logo-spanish-break.png","contentUrl":"https:\/\/spanishbreak.com\/wp-content\/uploads\/2024\/03\/logo-spanish-break.png","width":323,"height":37,"caption":"Spanish Break"},"image":{"@id":"https:\/\/spanishbreak.com\/#\/schema\/logo\/image\/"},"sameAs":["https:\/\/www.facebook.com\/spanishbreak","https:\/\/www.instagram.com\/spanishbreakbcn\/"]}]}},"_links":{"self":[{"href":"https:\/\/spanishbreak.com\/fr\/wp-json\/wp\/v2\/product\/4374","targetHints":{"allow":["GET"]}}],"collection":[{"href":"https:\/\/spanishbreak.com\/fr\/wp-json\/wp\/v2\/product"}],"about":[{"href":"https:\/\/spanishbreak.com\/fr\/wp-json\/wp\/v2\/types\/product"}],"replies":[{"embeddable":true,"href":"https:\/\/spanishbreak.com\/fr\/wp-json\/wp\/v2\/comments?post=4374"}],"wp:featuredmedia":[{"embeddable":true,"href":"https:\/\/spanishbreak.com\/fr\/wp-json\/wp\/v2\/media\/2968"}],"wp:attachment":[{"href":"https:\/\/spanishbreak.com\/fr\/wp-json\/wp\/v2\/media?parent=4374"}],"wp:term":[{"taxonomy":"product_brand","embeddable":true,"href":"https:\/\/spanishbreak.com\/fr\/wp-json\/wp\/v2\/product_brand?post=4374"},{"taxonomy":"product_cat","embeddable":true,"href":"https:\/\/spanishbreak.com\/fr\/wp-json\/wp\/v2\/product_cat?post=4374"},{"taxonomy":"product_tag","embeddable":true,"href":"https:\/\/spanishbreak.com\/fr\/wp-json\/wp\/v2\/product_tag?post=4374"}],"curies":[{"name":"wp","href":"https:\/\/api.w.org\/{rel}","templated":true}]}}