{"id":4777,"date":"2023-07-07T16:32:38","date_gmt":"2023-07-07T16:32:38","guid":{"rendered":"https:\/\/spanishbreak.com\/?post_type=product&#038;p=4777"},"modified":"2025-12-17T13:46:16","modified_gmt":"2025-12-17T12:46:16","slug":"degustation-de-gin-tonic-vip","status":"publish","type":"product","link":"https:\/\/spanishbreak.com\/fr\/product\/degustation-de-gin-tonic-vip\/","title":{"rendered":"D\u00c9GUSTATION DE GIN &#038; TONIC \u00e0 Barcelone !"},"content":{"rendered":"<p><strong>LE cocktail de\u00a0Barcelone avec ses accompagnements\u00a0!<\/strong><\/p>\n<p>Nous vous proposons de d\u00e9guster LE cocktail de r\u00e9f\u00e9rence \u00e0 Barcelone : le Gin &amp; Tonic ! Vous pourrez go\u00fbter 3 Gins diff\u00e9rents, guid\u00e9s par un expert en Gin qui vous en fera d\u00e9couvrir les saveurs. Vous pourrez \u00e9galement grignoter une selection de tapas espagnol. Vous serez install\u00e9s confortablement dans un espace priv\u00e9 pour profiter de ce moment.<\/p>\n<p>Vous souhaitez ajouter un peu de piment \u00e0 la soir\u00e9e ? Nous pouvons vous faire venir une stripteaseuse pour faire grimper la temp\u00e9rature ! Demandez-nous !<\/p>\n<p>&nbsp;<\/p>\n","protected":false},"excerpt":{"rendered":"<p>LE cocktail de\u00a0Barcelone avec ses accompagnements\u00a0! Nous vous proposons de d\u00e9guster LE cocktail de r\u00e9f\u00e9rence \u00e0 Barcelone : le Gin &amp; Tonic ! Vous pourrez go\u00fbter 3 Gins diff\u00e9rents, guid\u00e9s par un expert en Gin qui vous en fera d\u00e9couvrir les saveurs. Vous pourrez \u00e9galement grignoter une selection de tapas espagnol. Vous serez install\u00e9s confortablement [&hellip;]<\/p>\n","protected":false},"featured_media":4992,"comment_status":"closed","ping_status":"closed","template":"","meta":{"site-sidebar-layout":"default","site-content-layout":"default","ast-site-content-layout":"default","site-content-style":"default","site-sidebar-style":"default","ast-global-header-display":"","ast-banner-title-visibility":"","ast-main-header-display":"","ast-hfb-above-header-display":"","ast-hfb-below-header-display":"","ast-hfb-mobile-header-display":"","site-post-title":"","ast-breadcrumbs-content":"","ast-featured-img":"","footer-sml-layout":"","theme-transparent-header-meta":"default","adv-header-id-meta":"","stick-header-meta":"","header-above-stick-meta":"","header-main-stick-meta":"","header-below-stick-meta":"","astra-migrate-meta-layouts":"set","ast-page-background-enabled":"default","ast-page-background-meta":{"desktop":{"background-color":"var(--ast-global-color-4)","background-image":"","background-repeat":"repeat","background-position":"center center","background-size":"auto","background-attachment":"scroll","background-type":"","background-media":"","overlay-type":"","overlay-color":"","overlay-opacity":"","overlay-gradient":""},"tablet":{"background-color":"","background-image":"","background-repeat":"repeat","background-position":"center center","background-size":"auto","background-attachment":"scroll","background-type":"","background-media":"","overlay-type":"","overlay-color":"","overlay-opacity":"","overlay-gradient":""},"mobile":{"background-color":"","background-image":"","background-repeat":"repeat","background-position":"center center","background-size":"auto","background-attachment":"scroll","background-type":"","background-media":"","overlay-type":"","overlay-color":"","overlay-opacity":"","overlay-gradient":""}},"ast-content-background-meta":{"desktop":{"background-color":"var(--ast-global-color-5)","background-image":"","background-repeat":"repeat","background-position":"center center","background-size":"auto","background-attachment":"scroll","background-type":"","background-media":"","overlay-type":"","overlay-color":"","overlay-opacity":"","overlay-gradient":""},"tablet":{"background-color":"var(--ast-global-color-5)","background-image":"","background-repeat":"repeat","background-position":"center center","background-size":"auto","background-attachment":"scroll","background-type":"","background-media":"","overlay-type":"","overlay-color":"","overlay-opacity":"","overlay-gradient":""},"mobile":{"background-color":"var(--ast-global-color-5)","background-image":"","background-repeat":"repeat","background-position":"center center","background-size":"auto","background-attachment":"scroll","background-type":"","background-media":"","overlay-type":"","overlay-color":"","overlay-opacity":"","overlay-gradient":""}},"repeater_packs":""},"product_brand":[],"product_cat":[68,66,67,71,73],"product_tag":[],"class_list":{"0":"post-4777","1":"product","2":"type-product","3":"status-publish","4":"has-post-thumbnail","6":"product_cat-day-time-activities","7":"product_cat-hen-fr-2","8":"product_cat-luxury-activities","9":"product_cat-night_activities-fr-2","10":"product_cat-stag-fr","11":"desktop-align-left","12":"tablet-align-left","13":"mobile-align-left","15":"first","16":"instock","17":"shipping-taxable","18":"product-type-simple"},"yoast_head":"<!-- This site is optimized with the Yoast SEO plugin v26.8 - https:\/\/yoast.com\/product\/yoast-seo-wordpress\/ -->\n<title>D\u00c9GUSTATION DE GIN &amp; TONIC \u00e0 Barcelone !<\/title>\n<meta name=\"description\" content=\"LE cocktail de\u00a0Barcelone avec ses accompagnements\u00a0! Nous vous proposons de d\u00e9guster LE cocktail de r\u00e9f\u00e9rence \u00e0 Barcelone : le Gin &amp; Tonic ! Vous\" \/>\n<meta name=\"robots\" content=\"index, follow, max-snippet:-1, max-image-preview:large, max-video-preview:-1\" \/>\n<link rel=\"canonical\" href=\"https:\/\/spanishbreak.com\/fr\/product\/degustation-de-gin-tonic-vip\/\" \/>\n<meta property=\"og:locale\" content=\"fr_FR\" \/>\n<meta property=\"og:type\" content=\"article\" \/>\n<meta property=\"og:title\" content=\"D\u00c9GUSTATION DE GIN &amp; TONIC \u00e0 Barcelone !\" \/>\n<meta property=\"og:description\" content=\"LE cocktail de\u00a0Barcelone avec ses accompagnements\u00a0! Nous vous proposons de d\u00e9guster LE cocktail de r\u00e9f\u00e9rence \u00e0 Barcelone : le Gin &amp; Tonic ! Vous\" \/>\n<meta property=\"og:url\" content=\"https:\/\/spanishbreak.com\/fr\/product\/degustation-de-gin-tonic-vip\/\" \/>\n<meta property=\"og:site_name\" content=\"Spanishbreak\" \/>\n<meta property=\"article:publisher\" content=\"https:\/\/www.facebook.com\/spanishbreak\" \/>\n<meta property=\"article:modified_time\" content=\"2025-12-17T12:46:16+00:00\" \/>\n<meta property=\"og:image\" content=\"https:\/\/spanishbreak.com\/wp-content\/uploads\/2023\/07\/Diseno-sin-titulo-2-e1690904666829.jpg\" \/>\n\t<meta property=\"og:image:width\" content=\"1512\" \/>\n\t<meta property=\"og:image:height\" content=\"729\" \/>\n\t<meta property=\"og:image:type\" content=\"image\/jpeg\" \/>\n<meta name=\"twitter:card\" content=\"summary_large_image\" \/>\n<meta name=\"twitter:label1\" content=\"Dur\u00e9e de lecture estim\u00e9e\" \/>\n\t<meta name=\"twitter:data1\" content=\"1 minute\" \/>\n<script type=\"application\/ld+json\" class=\"yoast-schema-graph\">{\"@context\":\"https:\/\/schema.org\",\"@graph\":[{\"@type\":[\"WebPage\",\"ItemPage\"],\"@id\":\"https:\/\/spanishbreak.com\/fr\/product\/degustation-de-gin-tonic-vip\/\",\"url\":\"https:\/\/spanishbreak.com\/fr\/product\/degustation-de-gin-tonic-vip\/\",\"name\":\"D\u00c9GUSTATION DE GIN & TONIC \u00e0 Barcelone !\",\"isPartOf\":{\"@id\":\"https:\/\/spanishbreak.com\/#website\"},\"primaryImageOfPage\":{\"@id\":\"https:\/\/spanishbreak.com\/fr\/product\/degustation-de-gin-tonic-vip\/#primaryimage\"},\"image\":{\"@id\":\"https:\/\/spanishbreak.com\/fr\/product\/degustation-de-gin-tonic-vip\/#primaryimage\"},\"thumbnailUrl\":\"https:\/\/spanishbreak.com\/wp-content\/uploads\/2023\/07\/Diseno-sin-titulo-2-e1690904666829.jpg\",\"datePublished\":\"2023-07-07T16:32:38+00:00\",\"dateModified\":\"2025-12-17T12:46:16+00:00\",\"description\":\"LE cocktail de\u00a0Barcelone avec ses accompagnements\u00a0! Nous vous proposons de d\u00e9guster LE cocktail de r\u00e9f\u00e9rence \u00e0 Barcelone : le Gin &amp; Tonic ! Vous\",\"breadcrumb\":{\"@id\":\"https:\/\/spanishbreak.com\/fr\/product\/degustation-de-gin-tonic-vip\/#breadcrumb\"},\"inLanguage\":\"fr-FR\",\"potentialAction\":[{\"@type\":\"ReadAction\",\"target\":[\"https:\/\/spanishbreak.com\/fr\/product\/degustation-de-gin-tonic-vip\/\"]}]},{\"@type\":\"ImageObject\",\"inLanguage\":\"fr-FR\",\"@id\":\"https:\/\/spanishbreak.com\/fr\/product\/degustation-de-gin-tonic-vip\/#primaryimage\",\"url\":\"https:\/\/spanishbreak.com\/wp-content\/uploads\/2023\/07\/Diseno-sin-titulo-2-e1690904666829.jpg\",\"contentUrl\":\"https:\/\/spanishbreak.com\/wp-content\/uploads\/2023\/07\/Diseno-sin-titulo-2-e1690904666829.jpg\",\"width\":1512,\"height\":729},{\"@type\":\"BreadcrumbList\",\"@id\":\"https:\/\/spanishbreak.com\/fr\/product\/degustation-de-gin-tonic-vip\/#breadcrumb\",\"itemListElement\":[{\"@type\":\"ListItem\",\"position\":1,\"name\":\"Home\",\"item\":\"https:\/\/spanishbreak.com\/\"},{\"@type\":\"ListItem\",\"position\":2,\"name\":\"Boutique\",\"item\":\"https:\/\/spanishbreak.com\/boutique\/?lang=fr\"},{\"@type\":\"ListItem\",\"position\":3,\"name\":\"D\u00c9GUSTATION DE GIN &#038; TONIC \u00e0 Barcelone !\"}]},{\"@type\":\"WebSite\",\"@id\":\"https:\/\/spanishbreak.com\/#website\",\"url\":\"https:\/\/spanishbreak.com\/\",\"name\":\"Spanish Break\",\"description\":\"Otro sitio realizado con WordPress\",\"publisher\":{\"@id\":\"https:\/\/spanishbreak.com\/#organization\"},\"potentialAction\":[{\"@type\":\"SearchAction\",\"target\":{\"@type\":\"EntryPoint\",\"urlTemplate\":\"https:\/\/spanishbreak.com\/?s={search_term_string}\"},\"query-input\":{\"@type\":\"PropertyValueSpecification\",\"valueRequired\":true,\"valueName\":\"search_term_string\"}}],\"inLanguage\":\"fr-FR\"},{\"@type\":\"Organization\",\"@id\":\"https:\/\/spanishbreak.com\/#organization\",\"name\":\"Spanish Break\",\"url\":\"https:\/\/spanishbreak.com\/\",\"logo\":{\"@type\":\"ImageObject\",\"inLanguage\":\"fr-FR\",\"@id\":\"https:\/\/spanishbreak.com\/#\/schema\/logo\/image\/\",\"url\":\"https:\/\/spanishbreak.com\/wp-content\/uploads\/2024\/03\/logo-spanish-break.png\",\"contentUrl\":\"https:\/\/spanishbreak.com\/wp-content\/uploads\/2024\/03\/logo-spanish-break.png\",\"width\":323,\"height\":37,\"caption\":\"Spanish Break\"},\"image\":{\"@id\":\"https:\/\/spanishbreak.com\/#\/schema\/logo\/image\/\"},\"sameAs\":[\"https:\/\/www.facebook.com\/spanishbreak\",\"https:\/\/www.instagram.com\/spanishbreakbcn\/\"]}]}<\/script>\n<!-- \/ Yoast SEO plugin. -->","yoast_head_json":{"title":"D\u00c9GUSTATION DE GIN & TONIC \u00e0 Barcelone !","description":"LE cocktail de\u00a0Barcelone avec ses accompagnements\u00a0! Nous vous proposons de d\u00e9guster LE cocktail de r\u00e9f\u00e9rence \u00e0 Barcelone : le Gin &amp; Tonic ! Vous","robots":{"index":"index","follow":"follow","max-snippet":"max-snippet:-1","max-image-preview":"max-image-preview:large","max-video-preview":"max-video-preview:-1"},"canonical":"https:\/\/spanishbreak.com\/fr\/product\/degustation-de-gin-tonic-vip\/","og_locale":"fr_FR","og_type":"article","og_title":"D\u00c9GUSTATION DE GIN & TONIC \u00e0 Barcelone !","og_description":"LE cocktail de\u00a0Barcelone avec ses accompagnements\u00a0! Nous vous proposons de d\u00e9guster LE cocktail de r\u00e9f\u00e9rence \u00e0 Barcelone : le Gin &amp; Tonic ! Vous","og_url":"https:\/\/spanishbreak.com\/fr\/product\/degustation-de-gin-tonic-vip\/","og_site_name":"Spanishbreak","article_publisher":"https:\/\/www.facebook.com\/spanishbreak","article_modified_time":"2025-12-17T12:46:16+00:00","og_image":[{"width":1512,"height":729,"url":"https:\/\/spanishbreak.com\/wp-content\/uploads\/2023\/07\/Diseno-sin-titulo-2-e1690904666829.jpg","type":"image\/jpeg"}],"twitter_card":"summary_large_image","twitter_misc":{"Dur\u00e9e de lecture estim\u00e9e":"1 minute"},"schema":{"@context":"https:\/\/schema.org","@graph":[{"@type":["WebPage","ItemPage"],"@id":"https:\/\/spanishbreak.com\/fr\/product\/degustation-de-gin-tonic-vip\/","url":"https:\/\/spanishbreak.com\/fr\/product\/degustation-de-gin-tonic-vip\/","name":"D\u00c9GUSTATION DE GIN & TONIC \u00e0 Barcelone !","isPartOf":{"@id":"https:\/\/spanishbreak.com\/#website"},"primaryImageOfPage":{"@id":"https:\/\/spanishbreak.com\/fr\/product\/degustation-de-gin-tonic-vip\/#primaryimage"},"image":{"@id":"https:\/\/spanishbreak.com\/fr\/product\/degustation-de-gin-tonic-vip\/#primaryimage"},"thumbnailUrl":"https:\/\/spanishbreak.com\/wp-content\/uploads\/2023\/07\/Diseno-sin-titulo-2-e1690904666829.jpg","datePublished":"2023-07-07T16:32:38+00:00","dateModified":"2025-12-17T12:46:16+00:00","description":"LE cocktail de\u00a0Barcelone avec ses accompagnements\u00a0! Nous vous proposons de d\u00e9guster LE cocktail de r\u00e9f\u00e9rence \u00e0 Barcelone : le Gin &amp; Tonic ! Vous","breadcrumb":{"@id":"https:\/\/spanishbreak.com\/fr\/product\/degustation-de-gin-tonic-vip\/#breadcrumb"},"inLanguage":"fr-FR","potentialAction":[{"@type":"ReadAction","target":["https:\/\/spanishbreak.com\/fr\/product\/degustation-de-gin-tonic-vip\/"]}]},{"@type":"ImageObject","inLanguage":"fr-FR","@id":"https:\/\/spanishbreak.com\/fr\/product\/degustation-de-gin-tonic-vip\/#primaryimage","url":"https:\/\/spanishbreak.com\/wp-content\/uploads\/2023\/07\/Diseno-sin-titulo-2-e1690904666829.jpg","contentUrl":"https:\/\/spanishbreak.com\/wp-content\/uploads\/2023\/07\/Diseno-sin-titulo-2-e1690904666829.jpg","width":1512,"height":729},{"@type":"BreadcrumbList","@id":"https:\/\/spanishbreak.com\/fr\/product\/degustation-de-gin-tonic-vip\/#breadcrumb","itemListElement":[{"@type":"ListItem","position":1,"name":"Home","item":"https:\/\/spanishbreak.com\/"},{"@type":"ListItem","position":2,"name":"Boutique","item":"https:\/\/spanishbreak.com\/boutique\/?lang=fr"},{"@type":"ListItem","position":3,"name":"D\u00c9GUSTATION DE GIN &#038; TONIC \u00e0 Barcelone !"}]},{"@type":"WebSite","@id":"https:\/\/spanishbreak.com\/#website","url":"https:\/\/spanishbreak.com\/","name":"Spanish Break","description":"Otro sitio realizado con WordPress","publisher":{"@id":"https:\/\/spanishbreak.com\/#organization"},"potentialAction":[{"@type":"SearchAction","target":{"@type":"EntryPoint","urlTemplate":"https:\/\/spanishbreak.com\/?s={search_term_string}"},"query-input":{"@type":"PropertyValueSpecification","valueRequired":true,"valueName":"search_term_string"}}],"inLanguage":"fr-FR"},{"@type":"Organization","@id":"https:\/\/spanishbreak.com\/#organization","name":"Spanish Break","url":"https:\/\/spanishbreak.com\/","logo":{"@type":"ImageObject","inLanguage":"fr-FR","@id":"https:\/\/spanishbreak.com\/#\/schema\/logo\/image\/","url":"https:\/\/spanishbreak.com\/wp-content\/uploads\/2024\/03\/logo-spanish-break.png","contentUrl":"https:\/\/spanishbreak.com\/wp-content\/uploads\/2024\/03\/logo-spanish-break.png","width":323,"height":37,"caption":"Spanish Break"},"image":{"@id":"https:\/\/spanishbreak.com\/#\/schema\/logo\/image\/"},"sameAs":["https:\/\/www.facebook.com\/spanishbreak","https:\/\/www.instagram.com\/spanishbreakbcn\/"]}]}},"_links":{"self":[{"href":"https:\/\/spanishbreak.com\/fr\/wp-json\/wp\/v2\/product\/4777","targetHints":{"allow":["GET"]}}],"collection":[{"href":"https:\/\/spanishbreak.com\/fr\/wp-json\/wp\/v2\/product"}],"about":[{"href":"https:\/\/spanishbreak.com\/fr\/wp-json\/wp\/v2\/types\/product"}],"replies":[{"embeddable":true,"href":"https:\/\/spanishbreak.com\/fr\/wp-json\/wp\/v2\/comments?post=4777"}],"wp:featuredmedia":[{"embeddable":true,"href":"https:\/\/spanishbreak.com\/fr\/wp-json\/wp\/v2\/media\/4992"}],"wp:attachment":[{"href":"https:\/\/spanishbreak.com\/fr\/wp-json\/wp\/v2\/media?parent=4777"}],"wp:term":[{"taxonomy":"product_brand","embeddable":true,"href":"https:\/\/spanishbreak.com\/fr\/wp-json\/wp\/v2\/product_brand?post=4777"},{"taxonomy":"product_cat","embeddable":true,"href":"https:\/\/spanishbreak.com\/fr\/wp-json\/wp\/v2\/product_cat?post=4777"},{"taxonomy":"product_tag","embeddable":true,"href":"https:\/\/spanishbreak.com\/fr\/wp-json\/wp\/v2\/product_tag?post=4777"}],"curies":[{"name":"wp","href":"https:\/\/api.w.org\/{rel}","templated":true}]}}