{"id":7022,"date":"2024-06-19T15:22:04","date_gmt":"2024-06-19T13:22:04","guid":{"rendered":"https:\/\/spanishbreak.com\/producto\/english-breakfast\/"},"modified":"2025-12-17T13:45:01","modified_gmt":"2025-12-17T12:45:01","slug":"mediterranean-breakfast-in-rambla-langfr","status":"publish","type":"product","link":"https:\/\/spanishbreak.com\/fr\/product\/mediterranean-breakfast-in-rambla-langfr\/","title":{"rendered":"Petit D\u00e9jeuner Continental \u00e0 Las Ramblas \u00e0 Barcelone"},"content":{"rendered":"<p>Ne rien pr\u00e9parer, c&rsquo;est se pr\u00e9parer \u00e0 \u00e9chouer ! Apr\u00e8s une longue nuit ou avant votre premi\u00e8re journ\u00e9e charg\u00e9e \u00e0 Barcelone, assurez-vous de faire le plein d&rsquo;\u00e9nergie pour profiter au maximum de cette ville somptueuse. Profitez d&rsquo;un petit d\u00e9jeuner aux saveurs continentales au c\u0153ur de Rambla. Une bonne excuse pour que les retardataires se l\u00e8vent t\u00f4t et que la journ\u00e9e commence du bon pied.<\/p>\n","protected":false},"excerpt":{"rendered":"<p>Ne rien pr\u00e9parer, c&rsquo;est se pr\u00e9parer \u00e0 \u00e9chouer ! Apr\u00e8s une longue nuit ou avant votre premi\u00e8re journ\u00e9e charg\u00e9e \u00e0 Barcelone, assurez-vous de faire le plein d&rsquo;\u00e9nergie pour profiter au maximum de cette ville somptueuse. Profitez d&rsquo;un petit d\u00e9jeuner aux saveurs continentales au c\u0153ur de Rambla. Une bonne excuse pour que les retardataires se l\u00e8vent [&hellip;]<\/p>\n","protected":false},"featured_media":3340,"comment_status":"closed","ping_status":"closed","template":"","meta":{"site-sidebar-layout":"default","site-content-layout":"","ast-site-content-layout":"default","site-content-style":"default","site-sidebar-style":"default","ast-global-header-display":"","ast-banner-title-visibility":"","ast-main-header-display":"","ast-hfb-above-header-display":"","ast-hfb-below-header-display":"","ast-hfb-mobile-header-display":"","site-post-title":"","ast-breadcrumbs-content":"","ast-featured-img":"","footer-sml-layout":"","theme-transparent-header-meta":"default","adv-header-id-meta":"","stick-header-meta":"","header-above-stick-meta":"","header-main-stick-meta":"","header-below-stick-meta":"","astra-migrate-meta-layouts":"set","ast-page-background-enabled":"default","ast-page-background-meta":{"desktop":{"background-color":"var(--ast-global-color-4)","background-image":"","background-repeat":"repeat","background-position":"center center","background-size":"auto","background-attachment":"scroll","background-type":"","background-media":"","overlay-type":"","overlay-color":"","overlay-opacity":"","overlay-gradient":""},"tablet":{"background-color":"","background-image":"","background-repeat":"repeat","background-position":"center center","background-size":"auto","background-attachment":"scroll","background-type":"","background-media":"","overlay-type":"","overlay-color":"","overlay-opacity":"","overlay-gradient":""},"mobile":{"background-color":"","background-image":"","background-repeat":"repeat","background-position":"center center","background-size":"auto","background-attachment":"scroll","background-type":"","background-media":"","overlay-type":"","overlay-color":"","overlay-opacity":"","overlay-gradient":""}},"ast-content-background-meta":{"desktop":{"background-color":"var(--ast-global-color-5)","background-image":"","background-repeat":"repeat","background-position":"center center","background-size":"auto","background-attachment":"scroll","background-type":"","background-media":"","overlay-type":"","overlay-color":"","overlay-opacity":"","overlay-gradient":""},"tablet":{"background-color":"var(--ast-global-color-5)","background-image":"","background-repeat":"repeat","background-position":"center center","background-size":"auto","background-attachment":"scroll","background-type":"","background-media":"","overlay-type":"","overlay-color":"","overlay-opacity":"","overlay-gradient":""},"mobile":{"background-color":"var(--ast-global-color-5)","background-image":"","background-repeat":"repeat","background-position":"center center","background-size":"auto","background-attachment":"scroll","background-type":"","background-media":"","overlay-type":"","overlay-color":"","overlay-opacity":"","overlay-gradient":""}},"repeater_packs":""},"product_brand":[],"product_cat":[68,66,70,73],"product_tag":[],"class_list":{"0":"post-7022","1":"product","2":"type-product","3":"status-publish","4":"has-post-thumbnail","6":"product_cat-day-time-activities","7":"product_cat-hen-fr-2","8":"product_cat-newest-fr-2","9":"product_cat-stag-fr","10":"desktop-align-left","11":"tablet-align-left","12":"mobile-align-left","14":"first","15":"instock","16":"shipping-taxable","17":"product-type-simple"},"yoast_head":"<!-- This site is optimized with the Yoast SEO plugin v26.8 - https:\/\/yoast.com\/product\/yoast-seo-wordpress\/ -->\n<title>Petit D\u00e9jeuner Continental \u00e0 Las Ramblas \u00e0 Barcelone - Exp\u00e9rience authentique<\/title>\n<meta name=\"description\" content=\"Ne rien pr\u00e9parer, c&#039;est se pr\u00e9parer \u00e0 \u00e9chouer ! Apr\u00e8s une longue nuit ou avant votre premi\u00e8re journ\u00e9e charg\u00e9e \u00e0 Barcelone, assurez-vous de faire le plein D\u00e9couvrez notre d\u00e9licieux petit-d\u00e9jeuner continentals sur la Rambla de Barcelone. Un r\u00e9gal pour commencer la journ\u00e9e!\" \/>\n<meta name=\"robots\" content=\"index, follow, max-snippet:-1, max-image-preview:large, max-video-preview:-1\" \/>\n<link rel=\"canonical\" href=\"https:\/\/spanishbreak.com\/fr\/product\/mediterranean-breakfast-in-rambla-langfr\/\" \/>\n<meta property=\"og:locale\" content=\"fr_FR\" \/>\n<meta property=\"og:type\" content=\"article\" \/>\n<meta property=\"og:title\" content=\"Petit D\u00e9jeuner Continental \u00e0 Las Ramblas \u00e0 Barcelone - Exp\u00e9rience authentique\" \/>\n<meta property=\"og:description\" content=\"Ne rien pr\u00e9parer, c&#039;est se pr\u00e9parer \u00e0 \u00e9chouer ! Apr\u00e8s une longue nuit ou avant votre premi\u00e8re journ\u00e9e charg\u00e9e \u00e0 Barcelone, assurez-vous de faire le plein D\u00e9couvrez notre d\u00e9licieux petit-d\u00e9jeuner continentals sur la Rambla de Barcelone. Un r\u00e9gal pour commencer la journ\u00e9e!\" \/>\n<meta property=\"og:url\" content=\"https:\/\/spanishbreak.com\/fr\/product\/mediterranean-breakfast-in-rambla-langfr\/\" \/>\n<meta property=\"og:site_name\" content=\"Spanishbreak\" \/>\n<meta property=\"article:publisher\" content=\"https:\/\/www.facebook.com\/spanishbreak\" \/>\n<meta property=\"article:modified_time\" content=\"2025-12-17T12:45:01+00:00\" \/>\n<meta property=\"og:image\" content=\"https:\/\/spanishbreak.com\/wp-content\/uploads\/2022\/09\/english-break-fast.jpg\" \/>\n\t<meta property=\"og:image:width\" content=\"700\" \/>\n\t<meta property=\"og:image:height\" content=\"467\" \/>\n\t<meta property=\"og:image:type\" content=\"image\/jpeg\" \/>\n<meta name=\"twitter:card\" content=\"summary_large_image\" \/>\n<meta name=\"twitter:label1\" content=\"Dur\u00e9e de lecture estim\u00e9e\" \/>\n\t<meta name=\"twitter:data1\" content=\"1 minute\" \/>\n<script type=\"application\/ld+json\" class=\"yoast-schema-graph\">{\"@context\":\"https:\/\/schema.org\",\"@graph\":[{\"@type\":[\"WebPage\",\"ItemPage\"],\"@id\":\"https:\/\/spanishbreak.com\/fr\/product\/mediterranean-breakfast-in-rambla-langfr\/\",\"url\":\"https:\/\/spanishbreak.com\/fr\/product\/mediterranean-breakfast-in-rambla-langfr\/\",\"name\":\"Petit D\u00e9jeuner Continental \u00e0 Las Ramblas \u00e0 Barcelone - Exp\u00e9rience authentique\",\"isPartOf\":{\"@id\":\"https:\/\/spanishbreak.com\/#website\"},\"primaryImageOfPage\":{\"@id\":\"https:\/\/spanishbreak.com\/fr\/product\/mediterranean-breakfast-in-rambla-langfr\/#primaryimage\"},\"image\":{\"@id\":\"https:\/\/spanishbreak.com\/fr\/product\/mediterranean-breakfast-in-rambla-langfr\/#primaryimage\"},\"thumbnailUrl\":\"https:\/\/spanishbreak.com\/wp-content\/uploads\/2022\/09\/english-break-fast.jpg\",\"datePublished\":\"2024-06-19T13:22:04+00:00\",\"dateModified\":\"2025-12-17T12:45:01+00:00\",\"description\":\"Ne rien pr\u00e9parer, c'est se pr\u00e9parer \u00e0 \u00e9chouer ! Apr\u00e8s une longue nuit ou avant votre premi\u00e8re journ\u00e9e charg\u00e9e \u00e0 Barcelone, assurez-vous de faire le plein D\u00e9couvrez notre d\u00e9licieux petit-d\u00e9jeuner continentals sur la Rambla de Barcelone. Un r\u00e9gal pour commencer la journ\u00e9e!\",\"breadcrumb\":{\"@id\":\"https:\/\/spanishbreak.com\/fr\/product\/mediterranean-breakfast-in-rambla-langfr\/#breadcrumb\"},\"inLanguage\":\"fr-FR\",\"potentialAction\":[{\"@type\":\"ReadAction\",\"target\":[\"https:\/\/spanishbreak.com\/fr\/product\/mediterranean-breakfast-in-rambla-langfr\/\"]}]},{\"@type\":\"ImageObject\",\"inLanguage\":\"fr-FR\",\"@id\":\"https:\/\/spanishbreak.com\/fr\/product\/mediterranean-breakfast-in-rambla-langfr\/#primaryimage\",\"url\":\"https:\/\/spanishbreak.com\/wp-content\/uploads\/2022\/09\/english-break-fast.jpg\",\"contentUrl\":\"https:\/\/spanishbreak.com\/wp-content\/uploads\/2022\/09\/english-break-fast.jpg\",\"width\":700,\"height\":467},{\"@type\":\"BreadcrumbList\",\"@id\":\"https:\/\/spanishbreak.com\/fr\/product\/mediterranean-breakfast-in-rambla-langfr\/#breadcrumb\",\"itemListElement\":[{\"@type\":\"ListItem\",\"position\":1,\"name\":\"Home\",\"item\":\"https:\/\/spanishbreak.com\/\"},{\"@type\":\"ListItem\",\"position\":2,\"name\":\"Boutique\",\"item\":\"https:\/\/spanishbreak.com\/boutique\/?lang=fr\"},{\"@type\":\"ListItem\",\"position\":3,\"name\":\"Petit D\u00e9jeuner Continental \u00e0 Las Ramblas \u00e0 Barcelone\"}]},{\"@type\":\"WebSite\",\"@id\":\"https:\/\/spanishbreak.com\/#website\",\"url\":\"https:\/\/spanishbreak.com\/\",\"name\":\"Spanish Break\",\"description\":\"Otro sitio realizado con WordPress\",\"publisher\":{\"@id\":\"https:\/\/spanishbreak.com\/#organization\"},\"potentialAction\":[{\"@type\":\"SearchAction\",\"target\":{\"@type\":\"EntryPoint\",\"urlTemplate\":\"https:\/\/spanishbreak.com\/?s={search_term_string}\"},\"query-input\":{\"@type\":\"PropertyValueSpecification\",\"valueRequired\":true,\"valueName\":\"search_term_string\"}}],\"inLanguage\":\"fr-FR\"},{\"@type\":\"Organization\",\"@id\":\"https:\/\/spanishbreak.com\/#organization\",\"name\":\"Spanish Break\",\"url\":\"https:\/\/spanishbreak.com\/\",\"logo\":{\"@type\":\"ImageObject\",\"inLanguage\":\"fr-FR\",\"@id\":\"https:\/\/spanishbreak.com\/#\/schema\/logo\/image\/\",\"url\":\"https:\/\/spanishbreak.com\/wp-content\/uploads\/2024\/03\/logo-spanish-break.png\",\"contentUrl\":\"https:\/\/spanishbreak.com\/wp-content\/uploads\/2024\/03\/logo-spanish-break.png\",\"width\":323,\"height\":37,\"caption\":\"Spanish Break\"},\"image\":{\"@id\":\"https:\/\/spanishbreak.com\/#\/schema\/logo\/image\/\"},\"sameAs\":[\"https:\/\/www.facebook.com\/spanishbreak\",\"https:\/\/www.instagram.com\/spanishbreakbcn\/\"]}]}<\/script>\n<!-- \/ Yoast SEO plugin. -->","yoast_head_json":{"title":"Petit D\u00e9jeuner Continental \u00e0 Las Ramblas \u00e0 Barcelone - Exp\u00e9rience authentique","description":"Ne rien pr\u00e9parer, c'est se pr\u00e9parer \u00e0 \u00e9chouer ! Apr\u00e8s une longue nuit ou avant votre premi\u00e8re journ\u00e9e charg\u00e9e \u00e0 Barcelone, assurez-vous de faire le plein D\u00e9couvrez notre d\u00e9licieux petit-d\u00e9jeuner continentals sur la Rambla de Barcelone. Un r\u00e9gal pour commencer la journ\u00e9e!","robots":{"index":"index","follow":"follow","max-snippet":"max-snippet:-1","max-image-preview":"max-image-preview:large","max-video-preview":"max-video-preview:-1"},"canonical":"https:\/\/spanishbreak.com\/fr\/product\/mediterranean-breakfast-in-rambla-langfr\/","og_locale":"fr_FR","og_type":"article","og_title":"Petit D\u00e9jeuner Continental \u00e0 Las Ramblas \u00e0 Barcelone - Exp\u00e9rience authentique","og_description":"Ne rien pr\u00e9parer, c'est se pr\u00e9parer \u00e0 \u00e9chouer ! Apr\u00e8s une longue nuit ou avant votre premi\u00e8re journ\u00e9e charg\u00e9e \u00e0 Barcelone, assurez-vous de faire le plein D\u00e9couvrez notre d\u00e9licieux petit-d\u00e9jeuner continentals sur la Rambla de Barcelone. Un r\u00e9gal pour commencer la journ\u00e9e!","og_url":"https:\/\/spanishbreak.com\/fr\/product\/mediterranean-breakfast-in-rambla-langfr\/","og_site_name":"Spanishbreak","article_publisher":"https:\/\/www.facebook.com\/spanishbreak","article_modified_time":"2025-12-17T12:45:01+00:00","og_image":[{"width":700,"height":467,"url":"https:\/\/spanishbreak.com\/wp-content\/uploads\/2022\/09\/english-break-fast.jpg","type":"image\/jpeg"}],"twitter_card":"summary_large_image","twitter_misc":{"Dur\u00e9e de lecture estim\u00e9e":"1 minute"},"schema":{"@context":"https:\/\/schema.org","@graph":[{"@type":["WebPage","ItemPage"],"@id":"https:\/\/spanishbreak.com\/fr\/product\/mediterranean-breakfast-in-rambla-langfr\/","url":"https:\/\/spanishbreak.com\/fr\/product\/mediterranean-breakfast-in-rambla-langfr\/","name":"Petit D\u00e9jeuner Continental \u00e0 Las Ramblas \u00e0 Barcelone - Exp\u00e9rience authentique","isPartOf":{"@id":"https:\/\/spanishbreak.com\/#website"},"primaryImageOfPage":{"@id":"https:\/\/spanishbreak.com\/fr\/product\/mediterranean-breakfast-in-rambla-langfr\/#primaryimage"},"image":{"@id":"https:\/\/spanishbreak.com\/fr\/product\/mediterranean-breakfast-in-rambla-langfr\/#primaryimage"},"thumbnailUrl":"https:\/\/spanishbreak.com\/wp-content\/uploads\/2022\/09\/english-break-fast.jpg","datePublished":"2024-06-19T13:22:04+00:00","dateModified":"2025-12-17T12:45:01+00:00","description":"Ne rien pr\u00e9parer, c'est se pr\u00e9parer \u00e0 \u00e9chouer ! Apr\u00e8s une longue nuit ou avant votre premi\u00e8re journ\u00e9e charg\u00e9e \u00e0 Barcelone, assurez-vous de faire le plein D\u00e9couvrez notre d\u00e9licieux petit-d\u00e9jeuner continentals sur la Rambla de Barcelone. Un r\u00e9gal pour commencer la journ\u00e9e!","breadcrumb":{"@id":"https:\/\/spanishbreak.com\/fr\/product\/mediterranean-breakfast-in-rambla-langfr\/#breadcrumb"},"inLanguage":"fr-FR","potentialAction":[{"@type":"ReadAction","target":["https:\/\/spanishbreak.com\/fr\/product\/mediterranean-breakfast-in-rambla-langfr\/"]}]},{"@type":"ImageObject","inLanguage":"fr-FR","@id":"https:\/\/spanishbreak.com\/fr\/product\/mediterranean-breakfast-in-rambla-langfr\/#primaryimage","url":"https:\/\/spanishbreak.com\/wp-content\/uploads\/2022\/09\/english-break-fast.jpg","contentUrl":"https:\/\/spanishbreak.com\/wp-content\/uploads\/2022\/09\/english-break-fast.jpg","width":700,"height":467},{"@type":"BreadcrumbList","@id":"https:\/\/spanishbreak.com\/fr\/product\/mediterranean-breakfast-in-rambla-langfr\/#breadcrumb","itemListElement":[{"@type":"ListItem","position":1,"name":"Home","item":"https:\/\/spanishbreak.com\/"},{"@type":"ListItem","position":2,"name":"Boutique","item":"https:\/\/spanishbreak.com\/boutique\/?lang=fr"},{"@type":"ListItem","position":3,"name":"Petit D\u00e9jeuner Continental \u00e0 Las Ramblas \u00e0 Barcelone"}]},{"@type":"WebSite","@id":"https:\/\/spanishbreak.com\/#website","url":"https:\/\/spanishbreak.com\/","name":"Spanish Break","description":"Otro sitio realizado con WordPress","publisher":{"@id":"https:\/\/spanishbreak.com\/#organization"},"potentialAction":[{"@type":"SearchAction","target":{"@type":"EntryPoint","urlTemplate":"https:\/\/spanishbreak.com\/?s={search_term_string}"},"query-input":{"@type":"PropertyValueSpecification","valueRequired":true,"valueName":"search_term_string"}}],"inLanguage":"fr-FR"},{"@type":"Organization","@id":"https:\/\/spanishbreak.com\/#organization","name":"Spanish Break","url":"https:\/\/spanishbreak.com\/","logo":{"@type":"ImageObject","inLanguage":"fr-FR","@id":"https:\/\/spanishbreak.com\/#\/schema\/logo\/image\/","url":"https:\/\/spanishbreak.com\/wp-content\/uploads\/2024\/03\/logo-spanish-break.png","contentUrl":"https:\/\/spanishbreak.com\/wp-content\/uploads\/2024\/03\/logo-spanish-break.png","width":323,"height":37,"caption":"Spanish Break"},"image":{"@id":"https:\/\/spanishbreak.com\/#\/schema\/logo\/image\/"},"sameAs":["https:\/\/www.facebook.com\/spanishbreak","https:\/\/www.instagram.com\/spanishbreakbcn\/"]}]}},"_links":{"self":[{"href":"https:\/\/spanishbreak.com\/fr\/wp-json\/wp\/v2\/product\/7022","targetHints":{"allow":["GET"]}}],"collection":[{"href":"https:\/\/spanishbreak.com\/fr\/wp-json\/wp\/v2\/product"}],"about":[{"href":"https:\/\/spanishbreak.com\/fr\/wp-json\/wp\/v2\/types\/product"}],"replies":[{"embeddable":true,"href":"https:\/\/spanishbreak.com\/fr\/wp-json\/wp\/v2\/comments?post=7022"}],"wp:featuredmedia":[{"embeddable":true,"href":"https:\/\/spanishbreak.com\/fr\/wp-json\/wp\/v2\/media\/3340"}],"wp:attachment":[{"href":"https:\/\/spanishbreak.com\/fr\/wp-json\/wp\/v2\/media?parent=7022"}],"wp:term":[{"taxonomy":"product_brand","embeddable":true,"href":"https:\/\/spanishbreak.com\/fr\/wp-json\/wp\/v2\/product_brand?post=7022"},{"taxonomy":"product_cat","embeddable":true,"href":"https:\/\/spanishbreak.com\/fr\/wp-json\/wp\/v2\/product_cat?post=7022"},{"taxonomy":"product_tag","embeddable":true,"href":"https:\/\/spanishbreak.com\/fr\/wp-json\/wp\/v2\/product_tag?post=7022"}],"curies":[{"name":"wp","href":"https:\/\/api.w.org\/{rel}","templated":true}]}}