{"id":7058,"date":"2024-06-20T09:31:41","date_gmt":"2024-06-20T07:31:41","guid":{"rendered":"https:\/\/spanishbreak.com\/producto\/premium-dinner\/"},"modified":"2025-12-17T13:44:40","modified_gmt":"2025-12-17T12:44:40","slug":"chic-dinner","status":"publish","type":"product","link":"https:\/\/spanishbreak.com\/fr\/product\/chic-dinner\/","title":{"rendered":"D\u00eener Premium \u00e0 Barcelone"},"content":{"rendered":"<p>D\u00e9lices gastronomiques !<br \/>\n\u00cates-vous de vrais gourmets ? Ce d\u00eener chic dans un restaurant branch\u00e9 du centre-ville est l\u2019option parfaite pour votre EVG\/EVJF \u00e0 Barcelone.<\/p>\n<p>Votre voyage gastronomique commencera par une s\u00e9rie de d\u00e9licieuses entr\u00e9es \u00e0 partager, suivies d\u2019un plat principal et d\u2019un d\u00e9licieux dessert. Au repas s\u2019ajoute une s\u00e9lection de boissons \u00e0volont\u00e9 ycompris le vin et les boissons gazeuses, ainsi que des boissons non-alcoolis\u00e9es.<\/p>\n<p>Apr\u00e8s votre plat principal une s\u00e9rie de desserts app\u00e9tissants vous attendent, ainsi que du th\u00e9 et du caf\u00e9. Apr\u00e8s une nourriture incroyable et de d\u00e9licieuses boissons, vous serez pr\u00eat(e)s pour aller l\u00e0 o\u00f9 la nuit vous m\u00e8ne.<\/p>\n","protected":false},"excerpt":{"rendered":"<p>D\u00e9lices gastronomiques ! \u00cates-vous de vrais gourmets ? Ce d\u00eener chic dans un restaurant branch\u00e9 du centre-ville est l\u2019option parfaite pour votre EVG\/EVJF \u00e0 Barcelone. Votre voyage gastronomique commencera par une s\u00e9rie de d\u00e9licieuses entr\u00e9es \u00e0 partager, suivies d\u2019un plat principal et d\u2019un d\u00e9licieux dessert. Au repas s\u2019ajoute une s\u00e9lection de boissons \u00e0volont\u00e9 ycompris le [&hellip;]<\/p>\n","protected":false},"featured_media":7050,"comment_status":"closed","ping_status":"closed","template":"","meta":{"site-sidebar-layout":"default","site-content-layout":"","ast-site-content-layout":"default","site-content-style":"default","site-sidebar-style":"default","ast-global-header-display":"","ast-banner-title-visibility":"","ast-main-header-display":"","ast-hfb-above-header-display":"","ast-hfb-below-header-display":"","ast-hfb-mobile-header-display":"","site-post-title":"","ast-breadcrumbs-content":"","ast-featured-img":"","footer-sml-layout":"","theme-transparent-header-meta":"default","adv-header-id-meta":"","stick-header-meta":"","header-above-stick-meta":"","header-main-stick-meta":"","header-below-stick-meta":"","astra-migrate-meta-layouts":"set","ast-page-background-enabled":"default","ast-page-background-meta":{"desktop":{"background-color":"var(--ast-global-color-4)","background-image":"","background-repeat":"repeat","background-position":"center center","background-size":"auto","background-attachment":"scroll","background-type":"","background-media":"","overlay-type":"","overlay-color":"","overlay-opacity":"","overlay-gradient":""},"tablet":{"background-color":"","background-image":"","background-repeat":"repeat","background-position":"center center","background-size":"auto","background-attachment":"scroll","background-type":"","background-media":"","overlay-type":"","overlay-color":"","overlay-opacity":"","overlay-gradient":""},"mobile":{"background-color":"","background-image":"","background-repeat":"repeat","background-position":"center center","background-size":"auto","background-attachment":"scroll","background-type":"","background-media":"","overlay-type":"","overlay-color":"","overlay-opacity":"","overlay-gradient":""}},"ast-content-background-meta":{"desktop":{"background-color":"var(--ast-global-color-5)","background-image":"","background-repeat":"repeat","background-position":"center center","background-size":"auto","background-attachment":"scroll","background-type":"","background-media":"","overlay-type":"","overlay-color":"","overlay-opacity":"","overlay-gradient":""},"tablet":{"background-color":"var(--ast-global-color-5)","background-image":"","background-repeat":"repeat","background-position":"center center","background-size":"auto","background-attachment":"scroll","background-type":"","background-media":"","overlay-type":"","overlay-color":"","overlay-opacity":"","overlay-gradient":""},"mobile":{"background-color":"var(--ast-global-color-5)","background-image":"","background-repeat":"repeat","background-position":"center center","background-size":"auto","background-attachment":"scroll","background-type":"","background-media":"","overlay-type":"","overlay-color":"","overlay-opacity":"","overlay-gradient":""}},"repeater_packs":""},"product_brand":[],"product_cat":[66,70,71,73],"product_tag":[],"class_list":{"0":"post-7058","1":"product","2":"type-product","3":"status-publish","4":"has-post-thumbnail","6":"product_cat-hen-fr-2","7":"product_cat-newest-fr-2","8":"product_cat-night_activities-fr-2","9":"product_cat-stag-fr","10":"desktop-align-left","11":"tablet-align-left","12":"mobile-align-left","14":"first","15":"instock","16":"shipping-taxable","17":"product-type-simple"},"yoast_head":"<!-- This site is optimized with the Yoast SEO plugin v26.8 - https:\/\/yoast.com\/product\/yoast-seo-wordpress\/ -->\n<title>D\u00eener Premium \u00e0 Barcelone - D\u00eener \u00e9l\u00e9gant \u00e0 Barcelone | Spanish Break<\/title>\n<meta name=\"description\" content=\"D\u00e9lices gastronomiques ! \u00cates-vous de vrais gourmets ? Ce d\u00eener chic dans un restaurant branch\u00e9 du centre-ville est l\u2019option parfaite pour votre EVG\/EVJF D\u00e9couvrez le cadre parfait pour un d\u00eener chic avec notre collection de vaisselle \u00e9l\u00e9gante. \u00c9levez votre exp\u00e9rience culinaire avec style et sophistication.\" \/>\n<meta name=\"robots\" content=\"index, follow, max-snippet:-1, max-image-preview:large, max-video-preview:-1\" \/>\n<link rel=\"canonical\" href=\"https:\/\/spanishbreak.com\/fr\/product\/chic-dinner\/\" \/>\n<meta property=\"og:locale\" content=\"fr_FR\" \/>\n<meta property=\"og:type\" content=\"article\" \/>\n<meta property=\"og:title\" content=\"D\u00eener Premium \u00e0 Barcelone - D\u00eener \u00e9l\u00e9gant \u00e0 Barcelone | Spanish Break\" \/>\n<meta property=\"og:description\" content=\"D\u00e9lices gastronomiques ! \u00cates-vous de vrais gourmets ? Ce d\u00eener chic dans un restaurant branch\u00e9 du centre-ville est l\u2019option parfaite pour votre EVG\/EVJF D\u00e9couvrez le cadre parfait pour un d\u00eener chic avec notre collection de vaisselle \u00e9l\u00e9gante. \u00c9levez votre exp\u00e9rience culinaire avec style et sophistication.\" \/>\n<meta property=\"og:url\" content=\"https:\/\/spanishbreak.com\/fr\/product\/chic-dinner\/\" \/>\n<meta property=\"og:site_name\" content=\"Spanishbreak\" \/>\n<meta property=\"article:publisher\" content=\"https:\/\/www.facebook.com\/spanishbreak\" \/>\n<meta property=\"article:modified_time\" content=\"2025-12-17T12:44:40+00:00\" \/>\n<meta property=\"og:image\" content=\"https:\/\/spanishbreak.com\/wp-content\/uploads\/2024\/06\/x-Depositphotos_4692448_original-scaled.jpg\" \/>\n\t<meta property=\"og:image:width\" content=\"2560\" \/>\n\t<meta property=\"og:image:height\" content=\"1713\" \/>\n\t<meta property=\"og:image:type\" content=\"image\/jpeg\" \/>\n<meta name=\"twitter:card\" content=\"summary_large_image\" \/>\n<meta name=\"twitter:label1\" content=\"Dur\u00e9e de lecture estim\u00e9e\" \/>\n\t<meta name=\"twitter:data1\" content=\"1 minute\" \/>\n<script type=\"application\/ld+json\" class=\"yoast-schema-graph\">{\"@context\":\"https:\/\/schema.org\",\"@graph\":[{\"@type\":[\"WebPage\",\"ItemPage\"],\"@id\":\"https:\/\/spanishbreak.com\/fr\/product\/chic-dinner\/\",\"url\":\"https:\/\/spanishbreak.com\/fr\/product\/chic-dinner\/\",\"name\":\"D\u00eener Premium \u00e0 Barcelone - D\u00eener \u00e9l\u00e9gant \u00e0 Barcelone | Spanish Break\",\"isPartOf\":{\"@id\":\"https:\/\/spanishbreak.com\/#website\"},\"primaryImageOfPage\":{\"@id\":\"https:\/\/spanishbreak.com\/fr\/product\/chic-dinner\/#primaryimage\"},\"image\":{\"@id\":\"https:\/\/spanishbreak.com\/fr\/product\/chic-dinner\/#primaryimage\"},\"thumbnailUrl\":\"https:\/\/spanishbreak.com\/wp-content\/uploads\/2024\/06\/x-Depositphotos_4692448_original-scaled.jpg\",\"datePublished\":\"2024-06-20T07:31:41+00:00\",\"dateModified\":\"2025-12-17T12:44:40+00:00\",\"description\":\"D\u00e9lices gastronomiques ! \u00cates-vous de vrais gourmets ? Ce d\u00eener chic dans un restaurant branch\u00e9 du centre-ville est l\u2019option parfaite pour votre EVG\/EVJF D\u00e9couvrez le cadre parfait pour un d\u00eener chic avec notre collection de vaisselle \u00e9l\u00e9gante. \u00c9levez votre exp\u00e9rience culinaire avec style et sophistication.\",\"breadcrumb\":{\"@id\":\"https:\/\/spanishbreak.com\/fr\/product\/chic-dinner\/#breadcrumb\"},\"inLanguage\":\"fr-FR\",\"potentialAction\":[{\"@type\":\"ReadAction\",\"target\":[\"https:\/\/spanishbreak.com\/fr\/product\/chic-dinner\/\"]}]},{\"@type\":\"ImageObject\",\"inLanguage\":\"fr-FR\",\"@id\":\"https:\/\/spanishbreak.com\/fr\/product\/chic-dinner\/#primaryimage\",\"url\":\"https:\/\/spanishbreak.com\/wp-content\/uploads\/2024\/06\/x-Depositphotos_4692448_original-scaled.jpg\",\"contentUrl\":\"https:\/\/spanishbreak.com\/wp-content\/uploads\/2024\/06\/x-Depositphotos_4692448_original-scaled.jpg\",\"width\":2560,\"height\":1713,\"caption\":\"Grilled beef with tomato\"},{\"@type\":\"BreadcrumbList\",\"@id\":\"https:\/\/spanishbreak.com\/fr\/product\/chic-dinner\/#breadcrumb\",\"itemListElement\":[{\"@type\":\"ListItem\",\"position\":1,\"name\":\"Home\",\"item\":\"https:\/\/spanishbreak.com\/\"},{\"@type\":\"ListItem\",\"position\":2,\"name\":\"Boutique\",\"item\":\"https:\/\/spanishbreak.com\/boutique\/?lang=fr\"},{\"@type\":\"ListItem\",\"position\":3,\"name\":\"D\u00eener Premium \u00e0 Barcelone\"}]},{\"@type\":\"WebSite\",\"@id\":\"https:\/\/spanishbreak.com\/#website\",\"url\":\"https:\/\/spanishbreak.com\/\",\"name\":\"Spanish Break\",\"description\":\"Otro sitio realizado con WordPress\",\"publisher\":{\"@id\":\"https:\/\/spanishbreak.com\/#organization\"},\"potentialAction\":[{\"@type\":\"SearchAction\",\"target\":{\"@type\":\"EntryPoint\",\"urlTemplate\":\"https:\/\/spanishbreak.com\/?s={search_term_string}\"},\"query-input\":{\"@type\":\"PropertyValueSpecification\",\"valueRequired\":true,\"valueName\":\"search_term_string\"}}],\"inLanguage\":\"fr-FR\"},{\"@type\":\"Organization\",\"@id\":\"https:\/\/spanishbreak.com\/#organization\",\"name\":\"Spanish Break\",\"url\":\"https:\/\/spanishbreak.com\/\",\"logo\":{\"@type\":\"ImageObject\",\"inLanguage\":\"fr-FR\",\"@id\":\"https:\/\/spanishbreak.com\/#\/schema\/logo\/image\/\",\"url\":\"https:\/\/spanishbreak.com\/wp-content\/uploads\/2024\/03\/logo-spanish-break.png\",\"contentUrl\":\"https:\/\/spanishbreak.com\/wp-content\/uploads\/2024\/03\/logo-spanish-break.png\",\"width\":323,\"height\":37,\"caption\":\"Spanish Break\"},\"image\":{\"@id\":\"https:\/\/spanishbreak.com\/#\/schema\/logo\/image\/\"},\"sameAs\":[\"https:\/\/www.facebook.com\/spanishbreak\",\"https:\/\/www.instagram.com\/spanishbreakbcn\/\"]}]}<\/script>\n<!-- \/ Yoast SEO plugin. -->","yoast_head_json":{"title":"D\u00eener Premium \u00e0 Barcelone - D\u00eener \u00e9l\u00e9gant \u00e0 Barcelone | Spanish Break","description":"D\u00e9lices gastronomiques ! \u00cates-vous de vrais gourmets ? Ce d\u00eener chic dans un restaurant branch\u00e9 du centre-ville est l\u2019option parfaite pour votre EVG\/EVJF D\u00e9couvrez le cadre parfait pour un d\u00eener chic avec notre collection de vaisselle \u00e9l\u00e9gante. \u00c9levez votre exp\u00e9rience culinaire avec style et sophistication.","robots":{"index":"index","follow":"follow","max-snippet":"max-snippet:-1","max-image-preview":"max-image-preview:large","max-video-preview":"max-video-preview:-1"},"canonical":"https:\/\/spanishbreak.com\/fr\/product\/chic-dinner\/","og_locale":"fr_FR","og_type":"article","og_title":"D\u00eener Premium \u00e0 Barcelone - D\u00eener \u00e9l\u00e9gant \u00e0 Barcelone | Spanish Break","og_description":"D\u00e9lices gastronomiques ! \u00cates-vous de vrais gourmets ? Ce d\u00eener chic dans un restaurant branch\u00e9 du centre-ville est l\u2019option parfaite pour votre EVG\/EVJF D\u00e9couvrez le cadre parfait pour un d\u00eener chic avec notre collection de vaisselle \u00e9l\u00e9gante. \u00c9levez votre exp\u00e9rience culinaire avec style et sophistication.","og_url":"https:\/\/spanishbreak.com\/fr\/product\/chic-dinner\/","og_site_name":"Spanishbreak","article_publisher":"https:\/\/www.facebook.com\/spanishbreak","article_modified_time":"2025-12-17T12:44:40+00:00","og_image":[{"width":2560,"height":1713,"url":"https:\/\/spanishbreak.com\/wp-content\/uploads\/2024\/06\/x-Depositphotos_4692448_original-scaled.jpg","type":"image\/jpeg"}],"twitter_card":"summary_large_image","twitter_misc":{"Dur\u00e9e de lecture estim\u00e9e":"1 minute"},"schema":{"@context":"https:\/\/schema.org","@graph":[{"@type":["WebPage","ItemPage"],"@id":"https:\/\/spanishbreak.com\/fr\/product\/chic-dinner\/","url":"https:\/\/spanishbreak.com\/fr\/product\/chic-dinner\/","name":"D\u00eener Premium \u00e0 Barcelone - D\u00eener \u00e9l\u00e9gant \u00e0 Barcelone | Spanish Break","isPartOf":{"@id":"https:\/\/spanishbreak.com\/#website"},"primaryImageOfPage":{"@id":"https:\/\/spanishbreak.com\/fr\/product\/chic-dinner\/#primaryimage"},"image":{"@id":"https:\/\/spanishbreak.com\/fr\/product\/chic-dinner\/#primaryimage"},"thumbnailUrl":"https:\/\/spanishbreak.com\/wp-content\/uploads\/2024\/06\/x-Depositphotos_4692448_original-scaled.jpg","datePublished":"2024-06-20T07:31:41+00:00","dateModified":"2025-12-17T12:44:40+00:00","description":"D\u00e9lices gastronomiques ! \u00cates-vous de vrais gourmets ? Ce d\u00eener chic dans un restaurant branch\u00e9 du centre-ville est l\u2019option parfaite pour votre EVG\/EVJF D\u00e9couvrez le cadre parfait pour un d\u00eener chic avec notre collection de vaisselle \u00e9l\u00e9gante. \u00c9levez votre exp\u00e9rience culinaire avec style et sophistication.","breadcrumb":{"@id":"https:\/\/spanishbreak.com\/fr\/product\/chic-dinner\/#breadcrumb"},"inLanguage":"fr-FR","potentialAction":[{"@type":"ReadAction","target":["https:\/\/spanishbreak.com\/fr\/product\/chic-dinner\/"]}]},{"@type":"ImageObject","inLanguage":"fr-FR","@id":"https:\/\/spanishbreak.com\/fr\/product\/chic-dinner\/#primaryimage","url":"https:\/\/spanishbreak.com\/wp-content\/uploads\/2024\/06\/x-Depositphotos_4692448_original-scaled.jpg","contentUrl":"https:\/\/spanishbreak.com\/wp-content\/uploads\/2024\/06\/x-Depositphotos_4692448_original-scaled.jpg","width":2560,"height":1713,"caption":"Grilled beef with tomato"},{"@type":"BreadcrumbList","@id":"https:\/\/spanishbreak.com\/fr\/product\/chic-dinner\/#breadcrumb","itemListElement":[{"@type":"ListItem","position":1,"name":"Home","item":"https:\/\/spanishbreak.com\/"},{"@type":"ListItem","position":2,"name":"Boutique","item":"https:\/\/spanishbreak.com\/boutique\/?lang=fr"},{"@type":"ListItem","position":3,"name":"D\u00eener Premium \u00e0 Barcelone"}]},{"@type":"WebSite","@id":"https:\/\/spanishbreak.com\/#website","url":"https:\/\/spanishbreak.com\/","name":"Spanish Break","description":"Otro sitio realizado con WordPress","publisher":{"@id":"https:\/\/spanishbreak.com\/#organization"},"potentialAction":[{"@type":"SearchAction","target":{"@type":"EntryPoint","urlTemplate":"https:\/\/spanishbreak.com\/?s={search_term_string}"},"query-input":{"@type":"PropertyValueSpecification","valueRequired":true,"valueName":"search_term_string"}}],"inLanguage":"fr-FR"},{"@type":"Organization","@id":"https:\/\/spanishbreak.com\/#organization","name":"Spanish Break","url":"https:\/\/spanishbreak.com\/","logo":{"@type":"ImageObject","inLanguage":"fr-FR","@id":"https:\/\/spanishbreak.com\/#\/schema\/logo\/image\/","url":"https:\/\/spanishbreak.com\/wp-content\/uploads\/2024\/03\/logo-spanish-break.png","contentUrl":"https:\/\/spanishbreak.com\/wp-content\/uploads\/2024\/03\/logo-spanish-break.png","width":323,"height":37,"caption":"Spanish Break"},"image":{"@id":"https:\/\/spanishbreak.com\/#\/schema\/logo\/image\/"},"sameAs":["https:\/\/www.facebook.com\/spanishbreak","https:\/\/www.instagram.com\/spanishbreakbcn\/"]}]}},"_links":{"self":[{"href":"https:\/\/spanishbreak.com\/fr\/wp-json\/wp\/v2\/product\/7058","targetHints":{"allow":["GET"]}}],"collection":[{"href":"https:\/\/spanishbreak.com\/fr\/wp-json\/wp\/v2\/product"}],"about":[{"href":"https:\/\/spanishbreak.com\/fr\/wp-json\/wp\/v2\/types\/product"}],"replies":[{"embeddable":true,"href":"https:\/\/spanishbreak.com\/fr\/wp-json\/wp\/v2\/comments?post=7058"}],"wp:featuredmedia":[{"embeddable":true,"href":"https:\/\/spanishbreak.com\/fr\/wp-json\/wp\/v2\/media\/7050"}],"wp:attachment":[{"href":"https:\/\/spanishbreak.com\/fr\/wp-json\/wp\/v2\/media?parent=7058"}],"wp:term":[{"taxonomy":"product_brand","embeddable":true,"href":"https:\/\/spanishbreak.com\/fr\/wp-json\/wp\/v2\/product_brand?post=7058"},{"taxonomy":"product_cat","embeddable":true,"href":"https:\/\/spanishbreak.com\/fr\/wp-json\/wp\/v2\/product_cat?post=7058"},{"taxonomy":"product_tag","embeddable":true,"href":"https:\/\/spanishbreak.com\/fr\/wp-json\/wp\/v2\/product_tag?post=7058"}],"curies":[{"name":"wp","href":"https:\/\/api.w.org\/{rel}","templated":true}]}}