{"id":7063,"date":"2024-06-20T09:42:57","date_gmt":"2024-06-20T07:42:57","guid":{"rendered":"https:\/\/spanishbreak.com\/producto\/paellalunch-and-swim-boat-party\/"},"modified":"2025-12-17T13:44:07","modified_gmt":"2025-12-17T12:44:07","slug":"paellalunch-and-swim-boat-party","status":"publish","type":"product","link":"https:\/\/spanishbreak.com\/fr\/product\/paellalunch-and-swim-boat-party\/","title":{"rendered":"Snack and Swim Boat Party \u00e0 Barcelone"},"content":{"rendered":"<p>Il n&rsquo;y a rien de plus cool que de se d\u00e9tendre avec ses potes sur un catamaran&#8230; Eh bien, peut-\u00eatre se d\u00e9tendre avecvos potes sur un catamaran en M\u00e9diterran\u00e9e lors d&rsquo;un enterrement de vie de gar\u00e7on \/ jeune fille \u00e0 Barcelone avec toutes les boissons, bi\u00e8res et snacks dont vous pourriez avoir besoin !<br \/>\nCette l\u00e9gendaire Boat Party de Barcelone existe depuis plus de 7 ans et vous laissera, \u00e0vous et \u00e0vos amis, des souvenirs m\u00e9diterran\u00e9ens inoubliables.<\/p>\n<p>Votre soir\u00e9e d\u00e9butera dans l&rsquo;un des meilleurs \u00ab\u00a0chiringuitos\u00a0\u00bb de Barcelone, ou bars en bord de mer, au Coconut Club. Pendant que l&rsquo;\u00e9quipage pr\u00e9pare votre bateau, vous vous dirigerez vers le navire et commencerez votre croisi\u00e8re \u00e9pique de 3 heures !Le DJ commencera \u00e0 jouer de la musique pendant que vous vous \u00e9loignerez du magnifique littoral de Barcelone et que vous<br \/>\nd\u00e9gusterez vos boissons !<\/p>\n<p>Le soleil dor\u00e9 s&rsquo;abattra sur vous et sur 138 autres f\u00eatards -pr\u00e9parez-vous \u00e0 de nombreux jeux d\u2019alcool !Bien s\u00fbr, chacun \u00e0 des go\u00fbts diff\u00e9rents, et si vous avez envie de vivre lavie de croisi\u00e8re d&rsquo;une mani\u00e8re un peu plus douce, contactez votre organisateur de f\u00eate pour envisager d&rsquo;autres options !<\/p>\n","protected":false},"excerpt":{"rendered":"<p>Il n&rsquo;y a rien de plus cool que de se d\u00e9tendre avec ses potes sur un catamaran&#8230; Eh bien, peut-\u00eatre se d\u00e9tendre avecvos potes sur un catamaran en M\u00e9diterran\u00e9e lors d&rsquo;un enterrement de vie de gar\u00e7on \/ jeune fille \u00e0 Barcelone avec toutes les boissons, bi\u00e8res et snacks dont vous pourriez avoir besoin ! Cette [&hellip;]<\/p>\n","protected":false},"featured_media":7042,"comment_status":"closed","ping_status":"closed","template":"","meta":{"site-sidebar-layout":"default","site-content-layout":"","ast-site-content-layout":"default","site-content-style":"default","site-sidebar-style":"default","ast-global-header-display":"","ast-banner-title-visibility":"","ast-main-header-display":"","ast-hfb-above-header-display":"","ast-hfb-below-header-display":"","ast-hfb-mobile-header-display":"","site-post-title":"","ast-breadcrumbs-content":"","ast-featured-img":"","footer-sml-layout":"","theme-transparent-header-meta":"default","adv-header-id-meta":"","stick-header-meta":"","header-above-stick-meta":"","header-main-stick-meta":"","header-below-stick-meta":"","astra-migrate-meta-layouts":"set","ast-page-background-enabled":"default","ast-page-background-meta":{"desktop":{"background-color":"var(--ast-global-color-4)","background-image":"","background-repeat":"repeat","background-position":"center center","background-size":"auto","background-attachment":"scroll","background-type":"","background-media":"","overlay-type":"","overlay-color":"","overlay-opacity":"","overlay-gradient":""},"tablet":{"background-color":"","background-image":"","background-repeat":"repeat","background-position":"center center","background-size":"auto","background-attachment":"scroll","background-type":"","background-media":"","overlay-type":"","overlay-color":"","overlay-opacity":"","overlay-gradient":""},"mobile":{"background-color":"","background-image":"","background-repeat":"repeat","background-position":"center center","background-size":"auto","background-attachment":"scroll","background-type":"","background-media":"","overlay-type":"","overlay-color":"","overlay-opacity":"","overlay-gradient":""}},"ast-content-background-meta":{"desktop":{"background-color":"var(--ast-global-color-5)","background-image":"","background-repeat":"repeat","background-position":"center center","background-size":"auto","background-attachment":"scroll","background-type":"","background-media":"","overlay-type":"","overlay-color":"","overlay-opacity":"","overlay-gradient":""},"tablet":{"background-color":"var(--ast-global-color-5)","background-image":"","background-repeat":"repeat","background-position":"center center","background-size":"auto","background-attachment":"scroll","background-type":"","background-media":"","overlay-type":"","overlay-color":"","overlay-opacity":"","overlay-gradient":""},"mobile":{"background-color":"var(--ast-global-color-5)","background-image":"","background-repeat":"repeat","background-position":"center center","background-size":"auto","background-attachment":"scroll","background-type":"","background-media":"","overlay-type":"","overlay-color":"","overlay-opacity":"","overlay-gradient":""}},"repeater_packs":""},"product_brand":[],"product_cat":[68,66,70,73,87],"product_tag":[],"class_list":{"0":"post-7063","1":"product","2":"type-product","3":"status-publish","4":"has-post-thumbnail","6":"product_cat-day-time-activities","7":"product_cat-hen-fr-2","8":"product_cat-newest-fr-2","9":"product_cat-stag-fr","10":"product_cat-water-sports-activities","11":"desktop-align-left","12":"tablet-align-left","13":"mobile-align-left","15":"first","16":"instock","17":"shipping-taxable","18":"product-type-simple"},"yoast_head":"<!-- This site is optimized with the Yoast SEO plugin v26.8 - https:\/\/yoast.com\/product\/yoast-seo-wordpress\/ -->\n<title>Snack and Swim Boat Party \u00e0 Barcelone | Spanish Break<\/title>\n<meta name=\"description\" content=\"Il n&#039;y a rien de plus cool que de se d\u00e9tendre avec ses potes sur un catamaran... Eh bien, peut-\u00eatre se d\u00e9tendre avecvos potes sur un catamaran en Vivez la d\u00e9tente ultime lors d\u2019une croisi\u00e8re en catamaran avec Spanish Break. Naviguez dans les eaux cristallines de la M\u00e9diterran\u00e9e et d\u00e9tendez-vous avec style.\" \/>\n<meta name=\"robots\" content=\"index, follow, max-snippet:-1, max-image-preview:large, max-video-preview:-1\" \/>\n<link rel=\"canonical\" href=\"https:\/\/spanishbreak.com\/fr\/product\/paellalunch-and-swim-boat-party\/\" \/>\n<meta property=\"og:locale\" content=\"fr_FR\" \/>\n<meta property=\"og:type\" content=\"article\" \/>\n<meta property=\"og:title\" content=\"Snack and Swim Boat Party \u00e0 Barcelone | Spanish Break\" \/>\n<meta property=\"og:description\" content=\"Il n&#039;y a rien de plus cool que de se d\u00e9tendre avec ses potes sur un catamaran... Eh bien, peut-\u00eatre se d\u00e9tendre avecvos potes sur un catamaran en Vivez la d\u00e9tente ultime lors d\u2019une croisi\u00e8re en catamaran avec Spanish Break. Naviguez dans les eaux cristallines de la M\u00e9diterran\u00e9e et d\u00e9tendez-vous avec style.\" \/>\n<meta property=\"og:url\" content=\"https:\/\/spanishbreak.com\/fr\/product\/paellalunch-and-swim-boat-party\/\" \/>\n<meta property=\"og:site_name\" content=\"Spanishbreak\" \/>\n<meta property=\"article:publisher\" content=\"https:\/\/www.facebook.com\/spanishbreak\" \/>\n<meta property=\"article:modified_time\" content=\"2025-12-17T12:44:07+00:00\" \/>\n<meta property=\"og:image\" content=\"https:\/\/spanishbreak.com\/wp-content\/uploads\/2024\/06\/38085771_2233385340023505_7324465350597148672_n.jpg\" \/>\n\t<meta property=\"og:image:width\" content=\"959\" \/>\n\t<meta property=\"og:image:height\" content=\"960\" \/>\n\t<meta property=\"og:image:type\" content=\"image\/jpeg\" \/>\n<meta name=\"twitter:card\" content=\"summary_large_image\" \/>\n<meta name=\"twitter:label1\" content=\"Dur\u00e9e de lecture estim\u00e9e\" \/>\n\t<meta name=\"twitter:data1\" content=\"2 minutes\" \/>\n<script type=\"application\/ld+json\" class=\"yoast-schema-graph\">{\"@context\":\"https:\/\/schema.org\",\"@graph\":[{\"@type\":[\"WebPage\",\"ItemPage\"],\"@id\":\"https:\/\/spanishbreak.com\/fr\/product\/paellalunch-and-swim-boat-party\/\",\"url\":\"https:\/\/spanishbreak.com\/fr\/product\/paellalunch-and-swim-boat-party\/\",\"name\":\"Snack and Swim Boat Party \u00e0 Barcelone | Spanish Break\",\"isPartOf\":{\"@id\":\"https:\/\/spanishbreak.com\/#website\"},\"primaryImageOfPage\":{\"@id\":\"https:\/\/spanishbreak.com\/fr\/product\/paellalunch-and-swim-boat-party\/#primaryimage\"},\"image\":{\"@id\":\"https:\/\/spanishbreak.com\/fr\/product\/paellalunch-and-swim-boat-party\/#primaryimage\"},\"thumbnailUrl\":\"https:\/\/spanishbreak.com\/wp-content\/uploads\/2024\/06\/38085771_2233385340023505_7324465350597148672_n.jpg\",\"datePublished\":\"2024-06-20T07:42:57+00:00\",\"dateModified\":\"2025-12-17T12:44:07+00:00\",\"description\":\"Il n'y a rien de plus cool que de se d\u00e9tendre avec ses potes sur un catamaran... Eh bien, peut-\u00eatre se d\u00e9tendre avecvos potes sur un catamaran en Vivez la d\u00e9tente ultime lors d\u2019une croisi\u00e8re en catamaran avec Spanish Break. Naviguez dans les eaux cristallines de la M\u00e9diterran\u00e9e et d\u00e9tendez-vous avec style.\",\"breadcrumb\":{\"@id\":\"https:\/\/spanishbreak.com\/fr\/product\/paellalunch-and-swim-boat-party\/#breadcrumb\"},\"inLanguage\":\"fr-FR\",\"potentialAction\":[{\"@type\":\"ReadAction\",\"target\":[\"https:\/\/spanishbreak.com\/fr\/product\/paellalunch-and-swim-boat-party\/\"]}]},{\"@type\":\"ImageObject\",\"inLanguage\":\"fr-FR\",\"@id\":\"https:\/\/spanishbreak.com\/fr\/product\/paellalunch-and-swim-boat-party\/#primaryimage\",\"url\":\"https:\/\/spanishbreak.com\/wp-content\/uploads\/2024\/06\/38085771_2233385340023505_7324465350597148672_n.jpg\",\"contentUrl\":\"https:\/\/spanishbreak.com\/wp-content\/uploads\/2024\/06\/38085771_2233385340023505_7324465350597148672_n.jpg\",\"width\":959,\"height\":960},{\"@type\":\"BreadcrumbList\",\"@id\":\"https:\/\/spanishbreak.com\/fr\/product\/paellalunch-and-swim-boat-party\/#breadcrumb\",\"itemListElement\":[{\"@type\":\"ListItem\",\"position\":1,\"name\":\"Home\",\"item\":\"https:\/\/spanishbreak.com\/\"},{\"@type\":\"ListItem\",\"position\":2,\"name\":\"Boutique\",\"item\":\"https:\/\/spanishbreak.com\/boutique\/?lang=fr\"},{\"@type\":\"ListItem\",\"position\":3,\"name\":\"Snack and Swim Boat Party \u00e0 Barcelone\"}]},{\"@type\":\"WebSite\",\"@id\":\"https:\/\/spanishbreak.com\/#website\",\"url\":\"https:\/\/spanishbreak.com\/\",\"name\":\"Spanish Break\",\"description\":\"Otro sitio realizado con WordPress\",\"publisher\":{\"@id\":\"https:\/\/spanishbreak.com\/#organization\"},\"potentialAction\":[{\"@type\":\"SearchAction\",\"target\":{\"@type\":\"EntryPoint\",\"urlTemplate\":\"https:\/\/spanishbreak.com\/?s={search_term_string}\"},\"query-input\":{\"@type\":\"PropertyValueSpecification\",\"valueRequired\":true,\"valueName\":\"search_term_string\"}}],\"inLanguage\":\"fr-FR\"},{\"@type\":\"Organization\",\"@id\":\"https:\/\/spanishbreak.com\/#organization\",\"name\":\"Spanish Break\",\"url\":\"https:\/\/spanishbreak.com\/\",\"logo\":{\"@type\":\"ImageObject\",\"inLanguage\":\"fr-FR\",\"@id\":\"https:\/\/spanishbreak.com\/#\/schema\/logo\/image\/\",\"url\":\"https:\/\/spanishbreak.com\/wp-content\/uploads\/2024\/03\/logo-spanish-break.png\",\"contentUrl\":\"https:\/\/spanishbreak.com\/wp-content\/uploads\/2024\/03\/logo-spanish-break.png\",\"width\":323,\"height\":37,\"caption\":\"Spanish Break\"},\"image\":{\"@id\":\"https:\/\/spanishbreak.com\/#\/schema\/logo\/image\/\"},\"sameAs\":[\"https:\/\/www.facebook.com\/spanishbreak\",\"https:\/\/www.instagram.com\/spanishbreakbcn\/\"]}]}<\/script>\n<!-- \/ Yoast SEO plugin. -->","yoast_head_json":{"title":"Snack and Swim Boat Party \u00e0 Barcelone | Spanish Break","description":"Il n'y a rien de plus cool que de se d\u00e9tendre avec ses potes sur un catamaran... Eh bien, peut-\u00eatre se d\u00e9tendre avecvos potes sur un catamaran en Vivez la d\u00e9tente ultime lors d\u2019une croisi\u00e8re en catamaran avec Spanish Break. Naviguez dans les eaux cristallines de la M\u00e9diterran\u00e9e et d\u00e9tendez-vous avec style.","robots":{"index":"index","follow":"follow","max-snippet":"max-snippet:-1","max-image-preview":"max-image-preview:large","max-video-preview":"max-video-preview:-1"},"canonical":"https:\/\/spanishbreak.com\/fr\/product\/paellalunch-and-swim-boat-party\/","og_locale":"fr_FR","og_type":"article","og_title":"Snack and Swim Boat Party \u00e0 Barcelone | Spanish Break","og_description":"Il n'y a rien de plus cool que de se d\u00e9tendre avec ses potes sur un catamaran... Eh bien, peut-\u00eatre se d\u00e9tendre avecvos potes sur un catamaran en Vivez la d\u00e9tente ultime lors d\u2019une croisi\u00e8re en catamaran avec Spanish Break. Naviguez dans les eaux cristallines de la M\u00e9diterran\u00e9e et d\u00e9tendez-vous avec style.","og_url":"https:\/\/spanishbreak.com\/fr\/product\/paellalunch-and-swim-boat-party\/","og_site_name":"Spanishbreak","article_publisher":"https:\/\/www.facebook.com\/spanishbreak","article_modified_time":"2025-12-17T12:44:07+00:00","og_image":[{"width":959,"height":960,"url":"https:\/\/spanishbreak.com\/wp-content\/uploads\/2024\/06\/38085771_2233385340023505_7324465350597148672_n.jpg","type":"image\/jpeg"}],"twitter_card":"summary_large_image","twitter_misc":{"Dur\u00e9e de lecture estim\u00e9e":"2 minutes"},"schema":{"@context":"https:\/\/schema.org","@graph":[{"@type":["WebPage","ItemPage"],"@id":"https:\/\/spanishbreak.com\/fr\/product\/paellalunch-and-swim-boat-party\/","url":"https:\/\/spanishbreak.com\/fr\/product\/paellalunch-and-swim-boat-party\/","name":"Snack and Swim Boat Party \u00e0 Barcelone | Spanish Break","isPartOf":{"@id":"https:\/\/spanishbreak.com\/#website"},"primaryImageOfPage":{"@id":"https:\/\/spanishbreak.com\/fr\/product\/paellalunch-and-swim-boat-party\/#primaryimage"},"image":{"@id":"https:\/\/spanishbreak.com\/fr\/product\/paellalunch-and-swim-boat-party\/#primaryimage"},"thumbnailUrl":"https:\/\/spanishbreak.com\/wp-content\/uploads\/2024\/06\/38085771_2233385340023505_7324465350597148672_n.jpg","datePublished":"2024-06-20T07:42:57+00:00","dateModified":"2025-12-17T12:44:07+00:00","description":"Il n'y a rien de plus cool que de se d\u00e9tendre avec ses potes sur un catamaran... Eh bien, peut-\u00eatre se d\u00e9tendre avecvos potes sur un catamaran en Vivez la d\u00e9tente ultime lors d\u2019une croisi\u00e8re en catamaran avec Spanish Break. Naviguez dans les eaux cristallines de la M\u00e9diterran\u00e9e et d\u00e9tendez-vous avec style.","breadcrumb":{"@id":"https:\/\/spanishbreak.com\/fr\/product\/paellalunch-and-swim-boat-party\/#breadcrumb"},"inLanguage":"fr-FR","potentialAction":[{"@type":"ReadAction","target":["https:\/\/spanishbreak.com\/fr\/product\/paellalunch-and-swim-boat-party\/"]}]},{"@type":"ImageObject","inLanguage":"fr-FR","@id":"https:\/\/spanishbreak.com\/fr\/product\/paellalunch-and-swim-boat-party\/#primaryimage","url":"https:\/\/spanishbreak.com\/wp-content\/uploads\/2024\/06\/38085771_2233385340023505_7324465350597148672_n.jpg","contentUrl":"https:\/\/spanishbreak.com\/wp-content\/uploads\/2024\/06\/38085771_2233385340023505_7324465350597148672_n.jpg","width":959,"height":960},{"@type":"BreadcrumbList","@id":"https:\/\/spanishbreak.com\/fr\/product\/paellalunch-and-swim-boat-party\/#breadcrumb","itemListElement":[{"@type":"ListItem","position":1,"name":"Home","item":"https:\/\/spanishbreak.com\/"},{"@type":"ListItem","position":2,"name":"Boutique","item":"https:\/\/spanishbreak.com\/boutique\/?lang=fr"},{"@type":"ListItem","position":3,"name":"Snack and Swim Boat Party \u00e0 Barcelone"}]},{"@type":"WebSite","@id":"https:\/\/spanishbreak.com\/#website","url":"https:\/\/spanishbreak.com\/","name":"Spanish Break","description":"Otro sitio realizado con WordPress","publisher":{"@id":"https:\/\/spanishbreak.com\/#organization"},"potentialAction":[{"@type":"SearchAction","target":{"@type":"EntryPoint","urlTemplate":"https:\/\/spanishbreak.com\/?s={search_term_string}"},"query-input":{"@type":"PropertyValueSpecification","valueRequired":true,"valueName":"search_term_string"}}],"inLanguage":"fr-FR"},{"@type":"Organization","@id":"https:\/\/spanishbreak.com\/#organization","name":"Spanish Break","url":"https:\/\/spanishbreak.com\/","logo":{"@type":"ImageObject","inLanguage":"fr-FR","@id":"https:\/\/spanishbreak.com\/#\/schema\/logo\/image\/","url":"https:\/\/spanishbreak.com\/wp-content\/uploads\/2024\/03\/logo-spanish-break.png","contentUrl":"https:\/\/spanishbreak.com\/wp-content\/uploads\/2024\/03\/logo-spanish-break.png","width":323,"height":37,"caption":"Spanish Break"},"image":{"@id":"https:\/\/spanishbreak.com\/#\/schema\/logo\/image\/"},"sameAs":["https:\/\/www.facebook.com\/spanishbreak","https:\/\/www.instagram.com\/spanishbreakbcn\/"]}]}},"_links":{"self":[{"href":"https:\/\/spanishbreak.com\/fr\/wp-json\/wp\/v2\/product\/7063","targetHints":{"allow":["GET"]}}],"collection":[{"href":"https:\/\/spanishbreak.com\/fr\/wp-json\/wp\/v2\/product"}],"about":[{"href":"https:\/\/spanishbreak.com\/fr\/wp-json\/wp\/v2\/types\/product"}],"replies":[{"embeddable":true,"href":"https:\/\/spanishbreak.com\/fr\/wp-json\/wp\/v2\/comments?post=7063"}],"wp:featuredmedia":[{"embeddable":true,"href":"https:\/\/spanishbreak.com\/fr\/wp-json\/wp\/v2\/media\/7042"}],"wp:attachment":[{"href":"https:\/\/spanishbreak.com\/fr\/wp-json\/wp\/v2\/media?parent=7063"}],"wp:term":[{"taxonomy":"product_brand","embeddable":true,"href":"https:\/\/spanishbreak.com\/fr\/wp-json\/wp\/v2\/product_brand?post=7063"},{"taxonomy":"product_cat","embeddable":true,"href":"https:\/\/spanishbreak.com\/fr\/wp-json\/wp\/v2\/product_cat?post=7063"},{"taxonomy":"product_tag","embeddable":true,"href":"https:\/\/spanishbreak.com\/fr\/wp-json\/wp\/v2\/product_tag?post=7063"}],"curies":[{"name":"wp","href":"https:\/\/api.w.org\/{rel}","templated":true}]}}