{"id":7074,"date":"2024-06-20T10:27:24","date_gmt":"2024-06-20T08:27:24","guid":{"rendered":"https:\/\/spanishbreak.com\/producto\/hen-dinner-hummer-1h-striptease-inside-limo-night-club-entry-2\/"},"modified":"2025-12-17T13:43:46","modified_gmt":"2025-12-17T12:43:46","slug":"hen-dinner-hummer-1h-striptease-inside-limo-night-club-entry-2","status":"publish","type":"product","link":"https:\/\/spanishbreak.com\/fr\/product\/hen-dinner-hummer-1h-striptease-inside-limo-night-club-entry-2\/","title":{"rendered":"D\u00eener + 1h Hummer + Stripteaseur + Club \u00e0 Barcelone"},"content":{"rendered":"<p><strong>La nuit qui a tout !<\/strong><\/p>\n<p>Si vous\u00a0cherchez une nuit compl\u00e8te pendant votre\u00a0<strong>EVJF \u00e0 Barcelone<\/strong>, la voici\u00a0!<\/p>\n<p>Vous allez commencer la soir\u00e9e avec un d\u00e9licieux d\u00eener dans un des meilleurs restaurants situ\u00e9s au centre de Barcelone, o\u00f9 vous partagerez joyeusement de la bonne nourriture et de d\u00e9licieuses boissons.<\/p>\n<p>Du restaurant, vous vous rendrez en bo\u00eete, mais avec beaucoup de style\u00a0! Une limousine Hummer avec cava en prime est le moyen id\u00e9al pour prolonger la f\u00eate. Votre groupe s\u2019\u00e9clatera dans les rues de Barcelone en \u00e9coutant de la super musique. Encore mieux, imaginer le visage de votre pote lorsque la limousine s\u2019arr\u00eatera et qu\u2019un superbe stripteaseur montera \u00e0 bord pour rendre dingue votre pote\u00a0!<\/p>\n<p>Vous ferez la f\u00eate dans l\u2019un des clubs les plus branch\u00e9s de Barcelone et vous le ferez jusqu\u2019au lever de du soleil\u00a0!<\/p>\n","protected":false},"excerpt":{"rendered":"<p>La nuit qui a tout ! Si vous\u00a0cherchez une nuit compl\u00e8te pendant votre\u00a0EVJF \u00e0 Barcelone, la voici\u00a0! Vous allez commencer la soir\u00e9e avec un d\u00e9licieux d\u00eener dans un des meilleurs restaurants situ\u00e9s au centre de Barcelone, o\u00f9 vous partagerez joyeusement de la bonne nourriture et de d\u00e9licieuses boissons. Du restaurant, vous vous rendrez en bo\u00eete, [&hellip;]<\/p>\n","protected":false},"featured_media":3368,"comment_status":"closed","ping_status":"closed","template":"","meta":{"site-sidebar-layout":"default","site-content-layout":"","ast-site-content-layout":"default","site-content-style":"default","site-sidebar-style":"default","ast-global-header-display":"","ast-banner-title-visibility":"","ast-main-header-display":"","ast-hfb-above-header-display":"","ast-hfb-below-header-display":"","ast-hfb-mobile-header-display":"","site-post-title":"","ast-breadcrumbs-content":"","ast-featured-img":"","footer-sml-layout":"","theme-transparent-header-meta":"default","adv-header-id-meta":"","stick-header-meta":"","header-above-stick-meta":"","header-main-stick-meta":"","header-below-stick-meta":"","astra-migrate-meta-layouts":"set","ast-page-background-enabled":"default","ast-page-background-meta":{"desktop":{"background-color":"var(--ast-global-color-4)","background-image":"","background-repeat":"repeat","background-position":"center center","background-size":"auto","background-attachment":"scroll","background-type":"","background-media":"","overlay-type":"","overlay-color":"","overlay-opacity":"","overlay-gradient":""},"tablet":{"background-color":"","background-image":"","background-repeat":"repeat","background-position":"center center","background-size":"auto","background-attachment":"scroll","background-type":"","background-media":"","overlay-type":"","overlay-color":"","overlay-opacity":"","overlay-gradient":""},"mobile":{"background-color":"","background-image":"","background-repeat":"repeat","background-position":"center center","background-size":"auto","background-attachment":"scroll","background-type":"","background-media":"","overlay-type":"","overlay-color":"","overlay-opacity":"","overlay-gradient":""}},"ast-content-background-meta":{"desktop":{"background-color":"var(--ast-global-color-5)","background-image":"","background-repeat":"repeat","background-position":"center center","background-size":"auto","background-attachment":"scroll","background-type":"","background-media":"","overlay-type":"","overlay-color":"","overlay-opacity":"","overlay-gradient":""},"tablet":{"background-color":"var(--ast-global-color-5)","background-image":"","background-repeat":"repeat","background-position":"center center","background-size":"auto","background-attachment":"scroll","background-type":"","background-media":"","overlay-type":"","overlay-color":"","overlay-opacity":"","overlay-gradient":""},"mobile":{"background-color":"var(--ast-global-color-5)","background-image":"","background-repeat":"repeat","background-position":"center center","background-size":"auto","background-attachment":"scroll","background-type":"","background-media":"","overlay-type":"","overlay-color":"","overlay-opacity":"","overlay-gradient":""}},"repeater_packs":""},"product_brand":[],"product_cat":[66,70,71],"product_tag":[],"class_list":{"0":"post-7074","1":"product","2":"type-product","3":"status-publish","4":"has-post-thumbnail","6":"product_cat-hen-fr-2","7":"product_cat-newest-fr-2","8":"product_cat-night_activities-fr-2","9":"desktop-align-left","10":"tablet-align-left","11":"mobile-align-left","13":"first","14":"instock","15":"shipping-taxable","16":"product-type-simple"},"yoast_head":"<!-- This site is optimized with the Yoast SEO plugin v26.8 - https:\/\/yoast.com\/product\/yoast-seo-wordpress\/ -->\n<title>D\u00eener + 1h Hummer + Stripteaseur + Club \u00e0 Barcelone<\/title>\n<meta name=\"description\" content=\"La nuit qui a tout ! Si vous\u00a0cherchez une nuit compl\u00e8te pendant votre\u00a0EVJF \u00e0 Barcelone, la voici\u00a0! Vous allez commencer la soir\u00e9e avec un d\u00e9licieux d\u00eener Faites l&#039;exp\u00e9rience de l&#039;enterrement de vie de jeune fille ultime avec une luxueuse limousine, un strip-tease sexy et une entr\u00e9e VIP dans une bo\u00eete de nuit. Un souvenir inoubliable !\" \/>\n<meta name=\"robots\" content=\"index, follow, max-snippet:-1, max-image-preview:large, max-video-preview:-1\" \/>\n<link rel=\"canonical\" href=\"https:\/\/spanishbreak.com\/fr\/product\/hen-dinner-hummer-1h-striptease-inside-limo-night-club-entry-2\/\" \/>\n<meta property=\"og:locale\" content=\"fr_FR\" \/>\n<meta property=\"og:type\" content=\"article\" \/>\n<meta property=\"og:title\" content=\"D\u00eener + 1h Hummer + Stripteaseur + Club \u00e0 Barcelone\" \/>\n<meta property=\"og:description\" content=\"La nuit qui a tout ! Si vous\u00a0cherchez une nuit compl\u00e8te pendant votre\u00a0EVJF \u00e0 Barcelone, la voici\u00a0! Vous allez commencer la soir\u00e9e avec un d\u00e9licieux d\u00eener Faites l&#039;exp\u00e9rience de l&#039;enterrement de vie de jeune fille ultime avec une luxueuse limousine, un strip-tease sexy et une entr\u00e9e VIP dans une bo\u00eete de nuit. Un souvenir inoubliable !\" \/>\n<meta property=\"og:url\" content=\"https:\/\/spanishbreak.com\/fr\/product\/hen-dinner-hummer-1h-striptease-inside-limo-night-club-entry-2\/\" \/>\n<meta property=\"og:site_name\" content=\"Spanishbreak\" \/>\n<meta property=\"article:publisher\" content=\"https:\/\/www.facebook.com\/spanishbreak\" \/>\n<meta property=\"article:modified_time\" content=\"2025-12-17T12:43:46+00:00\" \/>\n<meta property=\"og:image\" content=\"https:\/\/spanishbreak.com\/wp-content\/uploads\/2022\/10\/DINNER-HUMMER-1-HOUR-NIGHT-CLUB-ENTRY.jpg\" \/>\n\t<meta property=\"og:image:width\" content=\"1500\" \/>\n\t<meta property=\"og:image:height\" content=\"1000\" \/>\n\t<meta property=\"og:image:type\" content=\"image\/jpeg\" \/>\n<meta name=\"twitter:card\" content=\"summary_large_image\" \/>\n<meta name=\"twitter:label1\" content=\"Dur\u00e9e de lecture estim\u00e9e\" \/>\n\t<meta name=\"twitter:data1\" content=\"1 minute\" \/>\n<script type=\"application\/ld+json\" class=\"yoast-schema-graph\">{\"@context\":\"https:\/\/schema.org\",\"@graph\":[{\"@type\":[\"WebPage\",\"ItemPage\"],\"@id\":\"https:\/\/spanishbreak.com\/fr\/product\/hen-dinner-hummer-1h-striptease-inside-limo-night-club-entry-2\/\",\"url\":\"https:\/\/spanishbreak.com\/fr\/product\/hen-dinner-hummer-1h-striptease-inside-limo-night-club-entry-2\/\",\"name\":\"D\u00eener + 1h Hummer + Stripteaseur + Club \u00e0 Barcelone\",\"isPartOf\":{\"@id\":\"https:\/\/spanishbreak.com\/#website\"},\"primaryImageOfPage\":{\"@id\":\"https:\/\/spanishbreak.com\/fr\/product\/hen-dinner-hummer-1h-striptease-inside-limo-night-club-entry-2\/#primaryimage\"},\"image\":{\"@id\":\"https:\/\/spanishbreak.com\/fr\/product\/hen-dinner-hummer-1h-striptease-inside-limo-night-club-entry-2\/#primaryimage\"},\"thumbnailUrl\":\"https:\/\/spanishbreak.com\/wp-content\/uploads\/2022\/10\/DINNER-HUMMER-1-HOUR-NIGHT-CLUB-ENTRY.jpg\",\"datePublished\":\"2024-06-20T08:27:24+00:00\",\"dateModified\":\"2025-12-17T12:43:46+00:00\",\"description\":\"La nuit qui a tout ! Si vous\u00a0cherchez une nuit compl\u00e8te pendant votre\u00a0EVJF \u00e0 Barcelone, la voici\u00a0! Vous allez commencer la soir\u00e9e avec un d\u00e9licieux d\u00eener Faites l'exp\u00e9rience de l'enterrement de vie de jeune fille ultime avec une luxueuse limousine, un strip-tease sexy et une entr\u00e9e VIP dans une bo\u00eete de nuit. Un souvenir inoubliable !\",\"breadcrumb\":{\"@id\":\"https:\/\/spanishbreak.com\/fr\/product\/hen-dinner-hummer-1h-striptease-inside-limo-night-club-entry-2\/#breadcrumb\"},\"inLanguage\":\"fr-FR\",\"potentialAction\":[{\"@type\":\"ReadAction\",\"target\":[\"https:\/\/spanishbreak.com\/fr\/product\/hen-dinner-hummer-1h-striptease-inside-limo-night-club-entry-2\/\"]}]},{\"@type\":\"ImageObject\",\"inLanguage\":\"fr-FR\",\"@id\":\"https:\/\/spanishbreak.com\/fr\/product\/hen-dinner-hummer-1h-striptease-inside-limo-night-club-entry-2\/#primaryimage\",\"url\":\"https:\/\/spanishbreak.com\/wp-content\/uploads\/2022\/10\/DINNER-HUMMER-1-HOUR-NIGHT-CLUB-ENTRY.jpg\",\"contentUrl\":\"https:\/\/spanishbreak.com\/wp-content\/uploads\/2022\/10\/DINNER-HUMMER-1-HOUR-NIGHT-CLUB-ENTRY.jpg\",\"width\":1500,\"height\":1000,\"caption\":\"A picture of five girl friends relaxing with facial masks on over white background\"},{\"@type\":\"BreadcrumbList\",\"@id\":\"https:\/\/spanishbreak.com\/fr\/product\/hen-dinner-hummer-1h-striptease-inside-limo-night-club-entry-2\/#breadcrumb\",\"itemListElement\":[{\"@type\":\"ListItem\",\"position\":1,\"name\":\"Home\",\"item\":\"https:\/\/spanishbreak.com\/\"},{\"@type\":\"ListItem\",\"position\":2,\"name\":\"Boutique\",\"item\":\"https:\/\/spanishbreak.com\/boutique\/?lang=fr\"},{\"@type\":\"ListItem\",\"position\":3,\"name\":\"D\u00eener + 1h Hummer + Stripteaseur + Club \u00e0 Barcelone\"}]},{\"@type\":\"WebSite\",\"@id\":\"https:\/\/spanishbreak.com\/#website\",\"url\":\"https:\/\/spanishbreak.com\/\",\"name\":\"Spanish Break\",\"description\":\"Otro sitio realizado con WordPress\",\"publisher\":{\"@id\":\"https:\/\/spanishbreak.com\/#organization\"},\"potentialAction\":[{\"@type\":\"SearchAction\",\"target\":{\"@type\":\"EntryPoint\",\"urlTemplate\":\"https:\/\/spanishbreak.com\/?s={search_term_string}\"},\"query-input\":{\"@type\":\"PropertyValueSpecification\",\"valueRequired\":true,\"valueName\":\"search_term_string\"}}],\"inLanguage\":\"fr-FR\"},{\"@type\":\"Organization\",\"@id\":\"https:\/\/spanishbreak.com\/#organization\",\"name\":\"Spanish Break\",\"url\":\"https:\/\/spanishbreak.com\/\",\"logo\":{\"@type\":\"ImageObject\",\"inLanguage\":\"fr-FR\",\"@id\":\"https:\/\/spanishbreak.com\/#\/schema\/logo\/image\/\",\"url\":\"https:\/\/spanishbreak.com\/wp-content\/uploads\/2024\/03\/logo-spanish-break.png\",\"contentUrl\":\"https:\/\/spanishbreak.com\/wp-content\/uploads\/2024\/03\/logo-spanish-break.png\",\"width\":323,\"height\":37,\"caption\":\"Spanish Break\"},\"image\":{\"@id\":\"https:\/\/spanishbreak.com\/#\/schema\/logo\/image\/\"},\"sameAs\":[\"https:\/\/www.facebook.com\/spanishbreak\",\"https:\/\/www.instagram.com\/spanishbreakbcn\/\"]}]}<\/script>\n<!-- \/ Yoast SEO plugin. -->","yoast_head_json":{"title":"D\u00eener + 1h Hummer + Stripteaseur + Club \u00e0 Barcelone","description":"La nuit qui a tout ! Si vous\u00a0cherchez une nuit compl\u00e8te pendant votre\u00a0EVJF \u00e0 Barcelone, la voici\u00a0! Vous allez commencer la soir\u00e9e avec un d\u00e9licieux d\u00eener Faites l'exp\u00e9rience de l'enterrement de vie de jeune fille ultime avec une luxueuse limousine, un strip-tease sexy et une entr\u00e9e VIP dans une bo\u00eete de nuit. Un souvenir inoubliable !","robots":{"index":"index","follow":"follow","max-snippet":"max-snippet:-1","max-image-preview":"max-image-preview:large","max-video-preview":"max-video-preview:-1"},"canonical":"https:\/\/spanishbreak.com\/fr\/product\/hen-dinner-hummer-1h-striptease-inside-limo-night-club-entry-2\/","og_locale":"fr_FR","og_type":"article","og_title":"D\u00eener + 1h Hummer + Stripteaseur + Club \u00e0 Barcelone","og_description":"La nuit qui a tout ! Si vous\u00a0cherchez une nuit compl\u00e8te pendant votre\u00a0EVJF \u00e0 Barcelone, la voici\u00a0! Vous allez commencer la soir\u00e9e avec un d\u00e9licieux d\u00eener Faites l'exp\u00e9rience de l'enterrement de vie de jeune fille ultime avec une luxueuse limousine, un strip-tease sexy et une entr\u00e9e VIP dans une bo\u00eete de nuit. Un souvenir inoubliable !","og_url":"https:\/\/spanishbreak.com\/fr\/product\/hen-dinner-hummer-1h-striptease-inside-limo-night-club-entry-2\/","og_site_name":"Spanishbreak","article_publisher":"https:\/\/www.facebook.com\/spanishbreak","article_modified_time":"2025-12-17T12:43:46+00:00","og_image":[{"width":1500,"height":1000,"url":"https:\/\/spanishbreak.com\/wp-content\/uploads\/2022\/10\/DINNER-HUMMER-1-HOUR-NIGHT-CLUB-ENTRY.jpg","type":"image\/jpeg"}],"twitter_card":"summary_large_image","twitter_misc":{"Dur\u00e9e de lecture estim\u00e9e":"1 minute"},"schema":{"@context":"https:\/\/schema.org","@graph":[{"@type":["WebPage","ItemPage"],"@id":"https:\/\/spanishbreak.com\/fr\/product\/hen-dinner-hummer-1h-striptease-inside-limo-night-club-entry-2\/","url":"https:\/\/spanishbreak.com\/fr\/product\/hen-dinner-hummer-1h-striptease-inside-limo-night-club-entry-2\/","name":"D\u00eener + 1h Hummer + Stripteaseur + Club \u00e0 Barcelone","isPartOf":{"@id":"https:\/\/spanishbreak.com\/#website"},"primaryImageOfPage":{"@id":"https:\/\/spanishbreak.com\/fr\/product\/hen-dinner-hummer-1h-striptease-inside-limo-night-club-entry-2\/#primaryimage"},"image":{"@id":"https:\/\/spanishbreak.com\/fr\/product\/hen-dinner-hummer-1h-striptease-inside-limo-night-club-entry-2\/#primaryimage"},"thumbnailUrl":"https:\/\/spanishbreak.com\/wp-content\/uploads\/2022\/10\/DINNER-HUMMER-1-HOUR-NIGHT-CLUB-ENTRY.jpg","datePublished":"2024-06-20T08:27:24+00:00","dateModified":"2025-12-17T12:43:46+00:00","description":"La nuit qui a tout ! Si vous\u00a0cherchez une nuit compl\u00e8te pendant votre\u00a0EVJF \u00e0 Barcelone, la voici\u00a0! Vous allez commencer la soir\u00e9e avec un d\u00e9licieux d\u00eener Faites l'exp\u00e9rience de l'enterrement de vie de jeune fille ultime avec une luxueuse limousine, un strip-tease sexy et une entr\u00e9e VIP dans une bo\u00eete de nuit. Un souvenir inoubliable !","breadcrumb":{"@id":"https:\/\/spanishbreak.com\/fr\/product\/hen-dinner-hummer-1h-striptease-inside-limo-night-club-entry-2\/#breadcrumb"},"inLanguage":"fr-FR","potentialAction":[{"@type":"ReadAction","target":["https:\/\/spanishbreak.com\/fr\/product\/hen-dinner-hummer-1h-striptease-inside-limo-night-club-entry-2\/"]}]},{"@type":"ImageObject","inLanguage":"fr-FR","@id":"https:\/\/spanishbreak.com\/fr\/product\/hen-dinner-hummer-1h-striptease-inside-limo-night-club-entry-2\/#primaryimage","url":"https:\/\/spanishbreak.com\/wp-content\/uploads\/2022\/10\/DINNER-HUMMER-1-HOUR-NIGHT-CLUB-ENTRY.jpg","contentUrl":"https:\/\/spanishbreak.com\/wp-content\/uploads\/2022\/10\/DINNER-HUMMER-1-HOUR-NIGHT-CLUB-ENTRY.jpg","width":1500,"height":1000,"caption":"A picture of five girl friends relaxing with facial masks on over white background"},{"@type":"BreadcrumbList","@id":"https:\/\/spanishbreak.com\/fr\/product\/hen-dinner-hummer-1h-striptease-inside-limo-night-club-entry-2\/#breadcrumb","itemListElement":[{"@type":"ListItem","position":1,"name":"Home","item":"https:\/\/spanishbreak.com\/"},{"@type":"ListItem","position":2,"name":"Boutique","item":"https:\/\/spanishbreak.com\/boutique\/?lang=fr"},{"@type":"ListItem","position":3,"name":"D\u00eener + 1h Hummer + Stripteaseur + Club \u00e0 Barcelone"}]},{"@type":"WebSite","@id":"https:\/\/spanishbreak.com\/#website","url":"https:\/\/spanishbreak.com\/","name":"Spanish Break","description":"Otro sitio realizado con WordPress","publisher":{"@id":"https:\/\/spanishbreak.com\/#organization"},"potentialAction":[{"@type":"SearchAction","target":{"@type":"EntryPoint","urlTemplate":"https:\/\/spanishbreak.com\/?s={search_term_string}"},"query-input":{"@type":"PropertyValueSpecification","valueRequired":true,"valueName":"search_term_string"}}],"inLanguage":"fr-FR"},{"@type":"Organization","@id":"https:\/\/spanishbreak.com\/#organization","name":"Spanish Break","url":"https:\/\/spanishbreak.com\/","logo":{"@type":"ImageObject","inLanguage":"fr-FR","@id":"https:\/\/spanishbreak.com\/#\/schema\/logo\/image\/","url":"https:\/\/spanishbreak.com\/wp-content\/uploads\/2024\/03\/logo-spanish-break.png","contentUrl":"https:\/\/spanishbreak.com\/wp-content\/uploads\/2024\/03\/logo-spanish-break.png","width":323,"height":37,"caption":"Spanish Break"},"image":{"@id":"https:\/\/spanishbreak.com\/#\/schema\/logo\/image\/"},"sameAs":["https:\/\/www.facebook.com\/spanishbreak","https:\/\/www.instagram.com\/spanishbreakbcn\/"]}]}},"_links":{"self":[{"href":"https:\/\/spanishbreak.com\/fr\/wp-json\/wp\/v2\/product\/7074","targetHints":{"allow":["GET"]}}],"collection":[{"href":"https:\/\/spanishbreak.com\/fr\/wp-json\/wp\/v2\/product"}],"about":[{"href":"https:\/\/spanishbreak.com\/fr\/wp-json\/wp\/v2\/types\/product"}],"replies":[{"embeddable":true,"href":"https:\/\/spanishbreak.com\/fr\/wp-json\/wp\/v2\/comments?post=7074"}],"wp:featuredmedia":[{"embeddable":true,"href":"https:\/\/spanishbreak.com\/fr\/wp-json\/wp\/v2\/media\/3368"}],"wp:attachment":[{"href":"https:\/\/spanishbreak.com\/fr\/wp-json\/wp\/v2\/media?parent=7074"}],"wp:term":[{"taxonomy":"product_brand","embeddable":true,"href":"https:\/\/spanishbreak.com\/fr\/wp-json\/wp\/v2\/product_brand?post=7074"},{"taxonomy":"product_cat","embeddable":true,"href":"https:\/\/spanishbreak.com\/fr\/wp-json\/wp\/v2\/product_cat?post=7074"},{"taxonomy":"product_tag","embeddable":true,"href":"https:\/\/spanishbreak.com\/fr\/wp-json\/wp\/v2\/product_tag?post=7074"}],"curies":[{"name":"wp","href":"https:\/\/api.w.org\/{rel}","templated":true}]}}