{"id":7094,"date":"2024-06-20T10:56:55","date_gmt":"2024-06-20T08:56:55","guid":{"rendered":"https:\/\/spanishbreak.com\/producto\/bar-entrance-drink-2\/"},"modified":"2025-12-17T13:43:19","modified_gmt":"2025-12-17T12:43:19","slug":"bar-entrance-drink-langfr","status":"publish","type":"product","link":"https:\/\/spanishbreak.com\/fr\/product\/bar-entrance-drink-langfr\/","title":{"rendered":"Bar \u00e0 Barcelone : Entr\u00e9e + 1 boisson"},"content":{"rendered":"<p>Vous voulez faire la f\u00eate comme il se doit ? Vous souhaitez d\u00e9couvrir l&rsquo;ambiance espagnole de nuit ?<br \/>\nN&rsquo;attendez plus et premier votre entr\u00e9e pour une soir\u00e9e bar ! Avec une consommation offerte, vous profitrez d&rsquo;une ambiance espagnole au top !<\/p>\n","protected":false},"excerpt":{"rendered":"<p>Vous voulez faire la f\u00eate comme il se doit ? Vous souhaitez d\u00e9couvrir l&rsquo;ambiance espagnole de nuit ? N&rsquo;attendez plus et premier votre entr\u00e9e pour une soir\u00e9e bar ! Avec une consommation offerte, vous profitrez d&rsquo;une ambiance espagnole au top !<\/p>\n","protected":false},"featured_media":7088,"comment_status":"closed","ping_status":"closed","template":"","meta":{"site-sidebar-layout":"default","site-content-layout":"","ast-site-content-layout":"default","site-content-style":"default","site-sidebar-style":"default","ast-global-header-display":"","ast-banner-title-visibility":"","ast-main-header-display":"","ast-hfb-above-header-display":"","ast-hfb-below-header-display":"","ast-hfb-mobile-header-display":"","site-post-title":"","ast-breadcrumbs-content":"","ast-featured-img":"","footer-sml-layout":"","theme-transparent-header-meta":"default","adv-header-id-meta":"","stick-header-meta":"","header-above-stick-meta":"","header-main-stick-meta":"","header-below-stick-meta":"","astra-migrate-meta-layouts":"set","ast-page-background-enabled":"default","ast-page-background-meta":{"desktop":{"background-color":"var(--ast-global-color-4)","background-image":"","background-repeat":"repeat","background-position":"center center","background-size":"auto","background-attachment":"scroll","background-type":"","background-media":"","overlay-type":"","overlay-color":"","overlay-opacity":"","overlay-gradient":""},"tablet":{"background-color":"","background-image":"","background-repeat":"repeat","background-position":"center center","background-size":"auto","background-attachment":"scroll","background-type":"","background-media":"","overlay-type":"","overlay-color":"","overlay-opacity":"","overlay-gradient":""},"mobile":{"background-color":"","background-image":"","background-repeat":"repeat","background-position":"center center","background-size":"auto","background-attachment":"scroll","background-type":"","background-media":"","overlay-type":"","overlay-color":"","overlay-opacity":"","overlay-gradient":""}},"ast-content-background-meta":{"desktop":{"background-color":"var(--ast-global-color-5)","background-image":"","background-repeat":"repeat","background-position":"center center","background-size":"auto","background-attachment":"scroll","background-type":"","background-media":"","overlay-type":"","overlay-color":"","overlay-opacity":"","overlay-gradient":""},"tablet":{"background-color":"var(--ast-global-color-5)","background-image":"","background-repeat":"repeat","background-position":"center center","background-size":"auto","background-attachment":"scroll","background-type":"","background-media":"","overlay-type":"","overlay-color":"","overlay-opacity":"","overlay-gradient":""},"mobile":{"background-color":"var(--ast-global-color-5)","background-image":"","background-repeat":"repeat","background-position":"center center","background-size":"auto","background-attachment":"scroll","background-type":"","background-media":"","overlay-type":"","overlay-color":"","overlay-opacity":"","overlay-gradient":""}},"repeater_packs":""},"product_brand":[],"product_cat":[66,70,71,73],"product_tag":[],"class_list":{"0":"post-7094","1":"product","2":"type-product","3":"status-publish","4":"has-post-thumbnail","6":"product_cat-hen-fr-2","7":"product_cat-newest-fr-2","8":"product_cat-night_activities-fr-2","9":"product_cat-stag-fr","10":"desktop-align-left","11":"tablet-align-left","12":"mobile-align-left","14":"first","15":"instock","16":"shipping-taxable","17":"product-type-simple"},"yoast_head":"<!-- This site is optimized with the Yoast SEO plugin v26.8 - https:\/\/yoast.com\/product\/yoast-seo-wordpress\/ -->\n<title>Bar \u00e0 Barcelone : Entr\u00e9e + 1 boisson<\/title>\n<meta name=\"description\" content=\"Vous voulez faire la f\u00eate comme il se doit ? Vous souhaitez d\u00e9couvrir l&#039;ambiance espagnole de nuit ? N&#039;attendez plus et premier votre entr\u00e9e pour une D\u00e9couvrez nos offres sp\u00e9ciales pour entrer dans les bars et profiter de boissons gratuites \u00e0 Barcelone. R\u00e9servez d\u00e8s maintenant!\" \/>\n<meta name=\"robots\" content=\"index, follow, max-snippet:-1, max-image-preview:large, max-video-preview:-1\" \/>\n<link rel=\"canonical\" href=\"https:\/\/spanishbreak.com\/fr\/product\/bar-entrance-drink-langfr\/\" \/>\n<meta property=\"og:locale\" content=\"fr_FR\" \/>\n<meta property=\"og:type\" content=\"article\" \/>\n<meta property=\"og:title\" content=\"Bar \u00e0 Barcelone : Entr\u00e9e + 1 boisson\" \/>\n<meta property=\"og:description\" content=\"Vous voulez faire la f\u00eate comme il se doit ? Vous souhaitez d\u00e9couvrir l&#039;ambiance espagnole de nuit ? N&#039;attendez plus et premier votre entr\u00e9e pour une D\u00e9couvrez nos offres sp\u00e9ciales pour entrer dans les bars et profiter de boissons gratuites \u00e0 Barcelone. R\u00e9servez d\u00e8s maintenant!\" \/>\n<meta property=\"og:url\" content=\"https:\/\/spanishbreak.com\/fr\/product\/bar-entrance-drink-langfr\/\" \/>\n<meta property=\"og:site_name\" content=\"Spanishbreak\" \/>\n<meta property=\"article:publisher\" content=\"https:\/\/www.facebook.com\/spanishbreak\" \/>\n<meta property=\"article:modified_time\" content=\"2025-12-17T12:43:19+00:00\" \/>\n<meta property=\"og:image\" content=\"https:\/\/spanishbreak.com\/wp-content\/uploads\/2024\/06\/Depositphotos_69407125_original-scaled.jpg\" \/>\n\t<meta property=\"og:image:width\" content=\"2560\" \/>\n\t<meta property=\"og:image:height\" content=\"1707\" \/>\n\t<meta property=\"og:image:type\" content=\"image\/jpeg\" \/>\n<meta name=\"twitter:card\" content=\"summary_large_image\" \/>\n<meta name=\"twitter:label1\" content=\"Dur\u00e9e de lecture estim\u00e9e\" \/>\n\t<meta name=\"twitter:data1\" content=\"1 minute\" \/>\n<script type=\"application\/ld+json\" class=\"yoast-schema-graph\">{\"@context\":\"https:\/\/schema.org\",\"@graph\":[{\"@type\":[\"WebPage\",\"ItemPage\"],\"@id\":\"https:\/\/spanishbreak.com\/fr\/product\/bar-entrance-drink-langfr\/\",\"url\":\"https:\/\/spanishbreak.com\/fr\/product\/bar-entrance-drink-langfr\/\",\"name\":\"Bar \u00e0 Barcelone : Entr\u00e9e + 1 boisson\",\"isPartOf\":{\"@id\":\"https:\/\/spanishbreak.com\/#website\"},\"primaryImageOfPage\":{\"@id\":\"https:\/\/spanishbreak.com\/fr\/product\/bar-entrance-drink-langfr\/#primaryimage\"},\"image\":{\"@id\":\"https:\/\/spanishbreak.com\/fr\/product\/bar-entrance-drink-langfr\/#primaryimage\"},\"thumbnailUrl\":\"https:\/\/spanishbreak.com\/wp-content\/uploads\/2024\/06\/Depositphotos_69407125_original-scaled.jpg\",\"datePublished\":\"2024-06-20T08:56:55+00:00\",\"dateModified\":\"2025-12-17T12:43:19+00:00\",\"description\":\"Vous voulez faire la f\u00eate comme il se doit ? Vous souhaitez d\u00e9couvrir l'ambiance espagnole de nuit ? N'attendez plus et premier votre entr\u00e9e pour une D\u00e9couvrez nos offres sp\u00e9ciales pour entrer dans les bars et profiter de boissons gratuites \u00e0 Barcelone. R\u00e9servez d\u00e8s maintenant!\",\"breadcrumb\":{\"@id\":\"https:\/\/spanishbreak.com\/fr\/product\/bar-entrance-drink-langfr\/#breadcrumb\"},\"inLanguage\":\"fr-FR\",\"potentialAction\":[{\"@type\":\"ReadAction\",\"target\":[\"https:\/\/spanishbreak.com\/fr\/product\/bar-entrance-drink-langfr\/\"]}]},{\"@type\":\"ImageObject\",\"inLanguage\":\"fr-FR\",\"@id\":\"https:\/\/spanishbreak.com\/fr\/product\/bar-entrance-drink-langfr\/#primaryimage\",\"url\":\"https:\/\/spanishbreak.com\/wp-content\/uploads\/2024\/06\/Depositphotos_69407125_original-scaled.jpg\",\"contentUrl\":\"https:\/\/spanishbreak.com\/wp-content\/uploads\/2024\/06\/Depositphotos_69407125_original-scaled.jpg\",\"width\":2560,\"height\":1707,\"caption\":\"Young people in club or bar drinking cocktails and having fun; the barkeeper is mixing drinks\"},{\"@type\":\"BreadcrumbList\",\"@id\":\"https:\/\/spanishbreak.com\/fr\/product\/bar-entrance-drink-langfr\/#breadcrumb\",\"itemListElement\":[{\"@type\":\"ListItem\",\"position\":1,\"name\":\"Home\",\"item\":\"https:\/\/spanishbreak.com\/\"},{\"@type\":\"ListItem\",\"position\":2,\"name\":\"Boutique\",\"item\":\"https:\/\/spanishbreak.com\/boutique\/?lang=fr\"},{\"@type\":\"ListItem\",\"position\":3,\"name\":\"Bar \u00e0 Barcelone : Entr\u00e9e + 1 boisson\"}]},{\"@type\":\"WebSite\",\"@id\":\"https:\/\/spanishbreak.com\/#website\",\"url\":\"https:\/\/spanishbreak.com\/\",\"name\":\"Spanish Break\",\"description\":\"Otro sitio realizado con WordPress\",\"publisher\":{\"@id\":\"https:\/\/spanishbreak.com\/#organization\"},\"potentialAction\":[{\"@type\":\"SearchAction\",\"target\":{\"@type\":\"EntryPoint\",\"urlTemplate\":\"https:\/\/spanishbreak.com\/?s={search_term_string}\"},\"query-input\":{\"@type\":\"PropertyValueSpecification\",\"valueRequired\":true,\"valueName\":\"search_term_string\"}}],\"inLanguage\":\"fr-FR\"},{\"@type\":\"Organization\",\"@id\":\"https:\/\/spanishbreak.com\/#organization\",\"name\":\"Spanish Break\",\"url\":\"https:\/\/spanishbreak.com\/\",\"logo\":{\"@type\":\"ImageObject\",\"inLanguage\":\"fr-FR\",\"@id\":\"https:\/\/spanishbreak.com\/#\/schema\/logo\/image\/\",\"url\":\"https:\/\/spanishbreak.com\/wp-content\/uploads\/2024\/03\/logo-spanish-break.png\",\"contentUrl\":\"https:\/\/spanishbreak.com\/wp-content\/uploads\/2024\/03\/logo-spanish-break.png\",\"width\":323,\"height\":37,\"caption\":\"Spanish Break\"},\"image\":{\"@id\":\"https:\/\/spanishbreak.com\/#\/schema\/logo\/image\/\"},\"sameAs\":[\"https:\/\/www.facebook.com\/spanishbreak\",\"https:\/\/www.instagram.com\/spanishbreakbcn\/\"]}]}<\/script>\n<!-- \/ Yoast SEO plugin. -->","yoast_head_json":{"title":"Bar \u00e0 Barcelone : Entr\u00e9e + 1 boisson","description":"Vous voulez faire la f\u00eate comme il se doit ? Vous souhaitez d\u00e9couvrir l'ambiance espagnole de nuit ? N'attendez plus et premier votre entr\u00e9e pour une D\u00e9couvrez nos offres sp\u00e9ciales pour entrer dans les bars et profiter de boissons gratuites \u00e0 Barcelone. R\u00e9servez d\u00e8s maintenant!","robots":{"index":"index","follow":"follow","max-snippet":"max-snippet:-1","max-image-preview":"max-image-preview:large","max-video-preview":"max-video-preview:-1"},"canonical":"https:\/\/spanishbreak.com\/fr\/product\/bar-entrance-drink-langfr\/","og_locale":"fr_FR","og_type":"article","og_title":"Bar \u00e0 Barcelone : Entr\u00e9e + 1 boisson","og_description":"Vous voulez faire la f\u00eate comme il se doit ? Vous souhaitez d\u00e9couvrir l'ambiance espagnole de nuit ? N'attendez plus et premier votre entr\u00e9e pour une D\u00e9couvrez nos offres sp\u00e9ciales pour entrer dans les bars et profiter de boissons gratuites \u00e0 Barcelone. R\u00e9servez d\u00e8s maintenant!","og_url":"https:\/\/spanishbreak.com\/fr\/product\/bar-entrance-drink-langfr\/","og_site_name":"Spanishbreak","article_publisher":"https:\/\/www.facebook.com\/spanishbreak","article_modified_time":"2025-12-17T12:43:19+00:00","og_image":[{"width":2560,"height":1707,"url":"https:\/\/spanishbreak.com\/wp-content\/uploads\/2024\/06\/Depositphotos_69407125_original-scaled.jpg","type":"image\/jpeg"}],"twitter_card":"summary_large_image","twitter_misc":{"Dur\u00e9e de lecture estim\u00e9e":"1 minute"},"schema":{"@context":"https:\/\/schema.org","@graph":[{"@type":["WebPage","ItemPage"],"@id":"https:\/\/spanishbreak.com\/fr\/product\/bar-entrance-drink-langfr\/","url":"https:\/\/spanishbreak.com\/fr\/product\/bar-entrance-drink-langfr\/","name":"Bar \u00e0 Barcelone : Entr\u00e9e + 1 boisson","isPartOf":{"@id":"https:\/\/spanishbreak.com\/#website"},"primaryImageOfPage":{"@id":"https:\/\/spanishbreak.com\/fr\/product\/bar-entrance-drink-langfr\/#primaryimage"},"image":{"@id":"https:\/\/spanishbreak.com\/fr\/product\/bar-entrance-drink-langfr\/#primaryimage"},"thumbnailUrl":"https:\/\/spanishbreak.com\/wp-content\/uploads\/2024\/06\/Depositphotos_69407125_original-scaled.jpg","datePublished":"2024-06-20T08:56:55+00:00","dateModified":"2025-12-17T12:43:19+00:00","description":"Vous voulez faire la f\u00eate comme il se doit ? Vous souhaitez d\u00e9couvrir l'ambiance espagnole de nuit ? N'attendez plus et premier votre entr\u00e9e pour une D\u00e9couvrez nos offres sp\u00e9ciales pour entrer dans les bars et profiter de boissons gratuites \u00e0 Barcelone. R\u00e9servez d\u00e8s maintenant!","breadcrumb":{"@id":"https:\/\/spanishbreak.com\/fr\/product\/bar-entrance-drink-langfr\/#breadcrumb"},"inLanguage":"fr-FR","potentialAction":[{"@type":"ReadAction","target":["https:\/\/spanishbreak.com\/fr\/product\/bar-entrance-drink-langfr\/"]}]},{"@type":"ImageObject","inLanguage":"fr-FR","@id":"https:\/\/spanishbreak.com\/fr\/product\/bar-entrance-drink-langfr\/#primaryimage","url":"https:\/\/spanishbreak.com\/wp-content\/uploads\/2024\/06\/Depositphotos_69407125_original-scaled.jpg","contentUrl":"https:\/\/spanishbreak.com\/wp-content\/uploads\/2024\/06\/Depositphotos_69407125_original-scaled.jpg","width":2560,"height":1707,"caption":"Young people in club or bar drinking cocktails and having fun; the barkeeper is mixing drinks"},{"@type":"BreadcrumbList","@id":"https:\/\/spanishbreak.com\/fr\/product\/bar-entrance-drink-langfr\/#breadcrumb","itemListElement":[{"@type":"ListItem","position":1,"name":"Home","item":"https:\/\/spanishbreak.com\/"},{"@type":"ListItem","position":2,"name":"Boutique","item":"https:\/\/spanishbreak.com\/boutique\/?lang=fr"},{"@type":"ListItem","position":3,"name":"Bar \u00e0 Barcelone : Entr\u00e9e + 1 boisson"}]},{"@type":"WebSite","@id":"https:\/\/spanishbreak.com\/#website","url":"https:\/\/spanishbreak.com\/","name":"Spanish Break","description":"Otro sitio realizado con WordPress","publisher":{"@id":"https:\/\/spanishbreak.com\/#organization"},"potentialAction":[{"@type":"SearchAction","target":{"@type":"EntryPoint","urlTemplate":"https:\/\/spanishbreak.com\/?s={search_term_string}"},"query-input":{"@type":"PropertyValueSpecification","valueRequired":true,"valueName":"search_term_string"}}],"inLanguage":"fr-FR"},{"@type":"Organization","@id":"https:\/\/spanishbreak.com\/#organization","name":"Spanish Break","url":"https:\/\/spanishbreak.com\/","logo":{"@type":"ImageObject","inLanguage":"fr-FR","@id":"https:\/\/spanishbreak.com\/#\/schema\/logo\/image\/","url":"https:\/\/spanishbreak.com\/wp-content\/uploads\/2024\/03\/logo-spanish-break.png","contentUrl":"https:\/\/spanishbreak.com\/wp-content\/uploads\/2024\/03\/logo-spanish-break.png","width":323,"height":37,"caption":"Spanish Break"},"image":{"@id":"https:\/\/spanishbreak.com\/#\/schema\/logo\/image\/"},"sameAs":["https:\/\/www.facebook.com\/spanishbreak","https:\/\/www.instagram.com\/spanishbreakbcn\/"]}]}},"_links":{"self":[{"href":"https:\/\/spanishbreak.com\/fr\/wp-json\/wp\/v2\/product\/7094","targetHints":{"allow":["GET"]}}],"collection":[{"href":"https:\/\/spanishbreak.com\/fr\/wp-json\/wp\/v2\/product"}],"about":[{"href":"https:\/\/spanishbreak.com\/fr\/wp-json\/wp\/v2\/types\/product"}],"replies":[{"embeddable":true,"href":"https:\/\/spanishbreak.com\/fr\/wp-json\/wp\/v2\/comments?post=7094"}],"wp:featuredmedia":[{"embeddable":true,"href":"https:\/\/spanishbreak.com\/fr\/wp-json\/wp\/v2\/media\/7088"}],"wp:attachment":[{"href":"https:\/\/spanishbreak.com\/fr\/wp-json\/wp\/v2\/media?parent=7094"}],"wp:term":[{"taxonomy":"product_brand","embeddable":true,"href":"https:\/\/spanishbreak.com\/fr\/wp-json\/wp\/v2\/product_brand?post=7094"},{"taxonomy":"product_cat","embeddable":true,"href":"https:\/\/spanishbreak.com\/fr\/wp-json\/wp\/v2\/product_cat?post=7094"},{"taxonomy":"product_tag","embeddable":true,"href":"https:\/\/spanishbreak.com\/fr\/wp-json\/wp\/v2\/product_tag?post=7094"}],"curies":[{"name":"wp","href":"https:\/\/api.w.org\/{rel}","templated":true}]}}