{"id":7107,"date":"2024-06-20T11:25:32","date_gmt":"2024-06-20T09:25:32","guid":{"rendered":"https:\/\/spanishbreak.com\/producto\/virtual-reality\/"},"modified":"2025-01-31T16:39:21","modified_gmt":"2025-01-31T16:39:21","slug":"realite-virtuelle-langfr","status":"publish","type":"product","link":"https:\/\/spanishbreak.com\/fr\/product\/realite-virtuelle-langfr\/","title":{"rendered":"R\u00e9alit\u00e9 Virtuelle \u00e0 Barcelone"},"content":{"rendered":"<p>C&rsquo;est votre moment ! Avec la r\u00e9alit\u00e9 virtuelle, tu vas r\u00e9aliser tes r\u00eaves. Tu peux maintenant entrer dans un jeu vid\u00e9o et en \u00eatre le personnage principal. Soyez le meilleur archer du ch\u00e2teau ou le meilleur tueur de zombies de votre groupe&#8230; Avec le premier espace virtuel d&rsquo;Espagne et ses appareils HTC Vive, vous vivrez mille aventures en chair et en os.<\/p>\n<p>Choisissez ce que vous voulez vivre et lancez-vous : escape room, jeux d&rsquo;horreur, jeux de tir, jeux de sport, animations pour \u00eatre le meilleur peintre de la galaxie, pour cr\u00e9er de la musique&#8230; Ce sera un EVG\/EVJF inoubliable. Nous proposons tout !<\/p>\n","protected":false},"excerpt":{"rendered":"<p>C&rsquo;est votre moment ! Avec la r\u00e9alit\u00e9 virtuelle, tu vas r\u00e9aliser tes r\u00eaves. Tu peux maintenant entrer dans un jeu vid\u00e9o et en \u00eatre le personnage principal. Soyez le meilleur archer du ch\u00e2teau ou le meilleur tueur de zombies de votre groupe&#8230; Avec le premier espace virtuel d&rsquo;Espagne et ses appareils HTC Vive, vous vivrez [&hellip;]<\/p>\n","protected":false},"featured_media":4832,"comment_status":"closed","ping_status":"closed","template":"","meta":{"site-sidebar-layout":"default","site-content-layout":"","ast-site-content-layout":"default","site-content-style":"default","site-sidebar-style":"default","ast-global-header-display":"","ast-banner-title-visibility":"","ast-main-header-display":"","ast-hfb-above-header-display":"","ast-hfb-below-header-display":"","ast-hfb-mobile-header-display":"","site-post-title":"","ast-breadcrumbs-content":"","ast-featured-img":"","footer-sml-layout":"","theme-transparent-header-meta":"default","adv-header-id-meta":"","stick-header-meta":"","header-above-stick-meta":"","header-main-stick-meta":"","header-below-stick-meta":"","astra-migrate-meta-layouts":"set","ast-page-background-enabled":"default","ast-page-background-meta":{"desktop":{"background-color":"var(--ast-global-color-4)","background-image":"","background-repeat":"repeat","background-position":"center center","background-size":"auto","background-attachment":"scroll","background-type":"","background-media":"","overlay-type":"","overlay-color":"","overlay-opacity":"","overlay-gradient":""},"tablet":{"background-color":"","background-image":"","background-repeat":"repeat","background-position":"center center","background-size":"auto","background-attachment":"scroll","background-type":"","background-media":"","overlay-type":"","overlay-color":"","overlay-opacity":"","overlay-gradient":""},"mobile":{"background-color":"","background-image":"","background-repeat":"repeat","background-position":"center center","background-size":"auto","background-attachment":"scroll","background-type":"","background-media":"","overlay-type":"","overlay-color":"","overlay-opacity":"","overlay-gradient":""}},"ast-content-background-meta":{"desktop":{"background-color":"var(--ast-global-color-5)","background-image":"","background-repeat":"repeat","background-position":"center center","background-size":"auto","background-attachment":"scroll","background-type":"","background-media":"","overlay-type":"","overlay-color":"","overlay-opacity":"","overlay-gradient":""},"tablet":{"background-color":"var(--ast-global-color-5)","background-image":"","background-repeat":"repeat","background-position":"center center","background-size":"auto","background-attachment":"scroll","background-type":"","background-media":"","overlay-type":"","overlay-color":"","overlay-opacity":"","overlay-gradient":""},"mobile":{"background-color":"var(--ast-global-color-5)","background-image":"","background-repeat":"repeat","background-position":"center center","background-size":"auto","background-attachment":"scroll","background-type":"","background-media":"","overlay-type":"","overlay-color":"","overlay-opacity":"","overlay-gradient":""}},"repeater_packs":""},"product_brand":[],"product_cat":[68,66,70,73],"product_tag":[],"class_list":{"0":"post-7107","1":"product","2":"type-product","3":"status-publish","4":"has-post-thumbnail","6":"product_cat-day-time-activities","7":"product_cat-hen-fr-2","8":"product_cat-newest-fr-2","9":"product_cat-stag-fr","10":"desktop-align-left","11":"tablet-align-left","12":"mobile-align-left","14":"first","15":"instock","16":"shipping-taxable","17":"product-type-simple"},"yoast_head":"<!-- This site is optimized with the Yoast SEO plugin v26.8 - https:\/\/yoast.com\/product\/yoast-seo-wordpress\/ -->\n<title>R\u00e9alit\u00e9 Virtuelle \u00e0 Barcelone - Spanish Break<\/title>\n<meta name=\"description\" content=\"C&#039;est votre moment ! Avec la r\u00e9alit\u00e9 virtuelle, tu vas r\u00e9aliser tes r\u00eaves. Tu peux maintenant entrer dans un jeu vid\u00e9o et en \u00eatre le personnage principal. D\u00e9couvrez le monde de la r\u00e9alit\u00e9 virtuelle avec ce casque de haute qualit\u00e9 pour une exp\u00e9rience immersive unique.\" \/>\n<meta name=\"robots\" content=\"index, follow, max-snippet:-1, max-image-preview:large, max-video-preview:-1\" \/>\n<link rel=\"canonical\" href=\"https:\/\/spanishbreak.com\/fr\/product\/realite-virtuelle-langfr\/\" \/>\n<meta property=\"og:locale\" content=\"fr_FR\" \/>\n<meta property=\"og:type\" content=\"article\" \/>\n<meta property=\"og:title\" content=\"R\u00e9alit\u00e9 Virtuelle \u00e0 Barcelone - Spanish Break\" \/>\n<meta property=\"og:description\" content=\"C&#039;est votre moment ! Avec la r\u00e9alit\u00e9 virtuelle, tu vas r\u00e9aliser tes r\u00eaves. Tu peux maintenant entrer dans un jeu vid\u00e9o et en \u00eatre le personnage principal. D\u00e9couvrez le monde de la r\u00e9alit\u00e9 virtuelle avec ce casque de haute qualit\u00e9 pour une exp\u00e9rience immersive unique.\" \/>\n<meta property=\"og:url\" content=\"https:\/\/spanishbreak.com\/fr\/product\/realite-virtuelle-langfr\/\" \/>\n<meta property=\"og:site_name\" content=\"Spanishbreak\" \/>\n<meta property=\"article:publisher\" content=\"https:\/\/www.facebook.com\/spanishbreak\" \/>\n<meta property=\"article:modified_time\" content=\"2025-01-31T16:39:21+00:00\" \/>\n<meta property=\"og:image\" content=\"https:\/\/spanishbreak.com\/wp-content\/uploads\/2023\/07\/VR1.jpg\" \/>\n\t<meta property=\"og:image:width\" content=\"1000\" \/>\n\t<meta property=\"og:image:height\" content=\"750\" \/>\n\t<meta property=\"og:image:type\" content=\"image\/jpeg\" \/>\n<meta name=\"twitter:card\" content=\"summary_large_image\" \/>\n<meta name=\"twitter:label1\" content=\"Dur\u00e9e de lecture estim\u00e9e\" \/>\n\t<meta name=\"twitter:data1\" content=\"1 minute\" \/>\n<script type=\"application\/ld+json\" class=\"yoast-schema-graph\">{\"@context\":\"https:\/\/schema.org\",\"@graph\":[{\"@type\":[\"WebPage\",\"ItemPage\"],\"@id\":\"https:\/\/spanishbreak.com\/fr\/product\/realite-virtuelle-langfr\/\",\"url\":\"https:\/\/spanishbreak.com\/fr\/product\/realite-virtuelle-langfr\/\",\"name\":\"R\u00e9alit\u00e9 Virtuelle \u00e0 Barcelone - Spanish Break\",\"isPartOf\":{\"@id\":\"https:\/\/spanishbreak.com\/#website\"},\"primaryImageOfPage\":{\"@id\":\"https:\/\/spanishbreak.com\/fr\/product\/realite-virtuelle-langfr\/#primaryimage\"},\"image\":{\"@id\":\"https:\/\/spanishbreak.com\/fr\/product\/realite-virtuelle-langfr\/#primaryimage\"},\"thumbnailUrl\":\"https:\/\/spanishbreak.com\/wp-content\/uploads\/2023\/07\/VR1.jpg\",\"datePublished\":\"2024-06-20T09:25:32+00:00\",\"dateModified\":\"2025-01-31T16:39:21+00:00\",\"description\":\"C'est votre moment ! Avec la r\u00e9alit\u00e9 virtuelle, tu vas r\u00e9aliser tes r\u00eaves. Tu peux maintenant entrer dans un jeu vid\u00e9o et en \u00eatre le personnage principal. D\u00e9couvrez le monde de la r\u00e9alit\u00e9 virtuelle avec ce casque de haute qualit\u00e9 pour une exp\u00e9rience immersive unique.\",\"breadcrumb\":{\"@id\":\"https:\/\/spanishbreak.com\/fr\/product\/realite-virtuelle-langfr\/#breadcrumb\"},\"inLanguage\":\"fr-FR\",\"potentialAction\":[{\"@type\":\"ReadAction\",\"target\":[\"https:\/\/spanishbreak.com\/fr\/product\/realite-virtuelle-langfr\/\"]}]},{\"@type\":\"ImageObject\",\"inLanguage\":\"fr-FR\",\"@id\":\"https:\/\/spanishbreak.com\/fr\/product\/realite-virtuelle-langfr\/#primaryimage\",\"url\":\"https:\/\/spanishbreak.com\/wp-content\/uploads\/2023\/07\/VR1.jpg\",\"contentUrl\":\"https:\/\/spanishbreak.com\/wp-content\/uploads\/2023\/07\/VR1.jpg\",\"width\":1000,\"height\":750},{\"@type\":\"BreadcrumbList\",\"@id\":\"https:\/\/spanishbreak.com\/fr\/product\/realite-virtuelle-langfr\/#breadcrumb\",\"itemListElement\":[{\"@type\":\"ListItem\",\"position\":1,\"name\":\"Home\",\"item\":\"https:\/\/spanishbreak.com\/\"},{\"@type\":\"ListItem\",\"position\":2,\"name\":\"Boutique\",\"item\":\"https:\/\/spanishbreak.com\/boutique\/?lang=fr\"},{\"@type\":\"ListItem\",\"position\":3,\"name\":\"R\u00e9alit\u00e9 Virtuelle \u00e0 Barcelone\"}]},{\"@type\":\"WebSite\",\"@id\":\"https:\/\/spanishbreak.com\/#website\",\"url\":\"https:\/\/spanishbreak.com\/\",\"name\":\"Spanish Break\",\"description\":\"Otro sitio realizado con WordPress\",\"publisher\":{\"@id\":\"https:\/\/spanishbreak.com\/#organization\"},\"potentialAction\":[{\"@type\":\"SearchAction\",\"target\":{\"@type\":\"EntryPoint\",\"urlTemplate\":\"https:\/\/spanishbreak.com\/?s={search_term_string}\"},\"query-input\":{\"@type\":\"PropertyValueSpecification\",\"valueRequired\":true,\"valueName\":\"search_term_string\"}}],\"inLanguage\":\"fr-FR\"},{\"@type\":\"Organization\",\"@id\":\"https:\/\/spanishbreak.com\/#organization\",\"name\":\"Spanish Break\",\"url\":\"https:\/\/spanishbreak.com\/\",\"logo\":{\"@type\":\"ImageObject\",\"inLanguage\":\"fr-FR\",\"@id\":\"https:\/\/spanishbreak.com\/#\/schema\/logo\/image\/\",\"url\":\"https:\/\/spanishbreak.com\/wp-content\/uploads\/2024\/03\/logo-spanish-break.png\",\"contentUrl\":\"https:\/\/spanishbreak.com\/wp-content\/uploads\/2024\/03\/logo-spanish-break.png\",\"width\":323,\"height\":37,\"caption\":\"Spanish Break\"},\"image\":{\"@id\":\"https:\/\/spanishbreak.com\/#\/schema\/logo\/image\/\"},\"sameAs\":[\"https:\/\/www.facebook.com\/spanishbreak\",\"https:\/\/www.instagram.com\/spanishbreakbcn\/\"]}]}<\/script>\n<!-- \/ Yoast SEO plugin. -->","yoast_head_json":{"title":"R\u00e9alit\u00e9 Virtuelle \u00e0 Barcelone - Spanish Break","description":"C'est votre moment ! Avec la r\u00e9alit\u00e9 virtuelle, tu vas r\u00e9aliser tes r\u00eaves. Tu peux maintenant entrer dans un jeu vid\u00e9o et en \u00eatre le personnage principal. D\u00e9couvrez le monde de la r\u00e9alit\u00e9 virtuelle avec ce casque de haute qualit\u00e9 pour une exp\u00e9rience immersive unique.","robots":{"index":"index","follow":"follow","max-snippet":"max-snippet:-1","max-image-preview":"max-image-preview:large","max-video-preview":"max-video-preview:-1"},"canonical":"https:\/\/spanishbreak.com\/fr\/product\/realite-virtuelle-langfr\/","og_locale":"fr_FR","og_type":"article","og_title":"R\u00e9alit\u00e9 Virtuelle \u00e0 Barcelone - Spanish Break","og_description":"C'est votre moment ! Avec la r\u00e9alit\u00e9 virtuelle, tu vas r\u00e9aliser tes r\u00eaves. Tu peux maintenant entrer dans un jeu vid\u00e9o et en \u00eatre le personnage principal. D\u00e9couvrez le monde de la r\u00e9alit\u00e9 virtuelle avec ce casque de haute qualit\u00e9 pour une exp\u00e9rience immersive unique.","og_url":"https:\/\/spanishbreak.com\/fr\/product\/realite-virtuelle-langfr\/","og_site_name":"Spanishbreak","article_publisher":"https:\/\/www.facebook.com\/spanishbreak","article_modified_time":"2025-01-31T16:39:21+00:00","og_image":[{"width":1000,"height":750,"url":"https:\/\/spanishbreak.com\/wp-content\/uploads\/2023\/07\/VR1.jpg","type":"image\/jpeg"}],"twitter_card":"summary_large_image","twitter_misc":{"Dur\u00e9e de lecture estim\u00e9e":"1 minute"},"schema":{"@context":"https:\/\/schema.org","@graph":[{"@type":["WebPage","ItemPage"],"@id":"https:\/\/spanishbreak.com\/fr\/product\/realite-virtuelle-langfr\/","url":"https:\/\/spanishbreak.com\/fr\/product\/realite-virtuelle-langfr\/","name":"R\u00e9alit\u00e9 Virtuelle \u00e0 Barcelone - Spanish Break","isPartOf":{"@id":"https:\/\/spanishbreak.com\/#website"},"primaryImageOfPage":{"@id":"https:\/\/spanishbreak.com\/fr\/product\/realite-virtuelle-langfr\/#primaryimage"},"image":{"@id":"https:\/\/spanishbreak.com\/fr\/product\/realite-virtuelle-langfr\/#primaryimage"},"thumbnailUrl":"https:\/\/spanishbreak.com\/wp-content\/uploads\/2023\/07\/VR1.jpg","datePublished":"2024-06-20T09:25:32+00:00","dateModified":"2025-01-31T16:39:21+00:00","description":"C'est votre moment ! Avec la r\u00e9alit\u00e9 virtuelle, tu vas r\u00e9aliser tes r\u00eaves. Tu peux maintenant entrer dans un jeu vid\u00e9o et en \u00eatre le personnage principal. D\u00e9couvrez le monde de la r\u00e9alit\u00e9 virtuelle avec ce casque de haute qualit\u00e9 pour une exp\u00e9rience immersive unique.","breadcrumb":{"@id":"https:\/\/spanishbreak.com\/fr\/product\/realite-virtuelle-langfr\/#breadcrumb"},"inLanguage":"fr-FR","potentialAction":[{"@type":"ReadAction","target":["https:\/\/spanishbreak.com\/fr\/product\/realite-virtuelle-langfr\/"]}]},{"@type":"ImageObject","inLanguage":"fr-FR","@id":"https:\/\/spanishbreak.com\/fr\/product\/realite-virtuelle-langfr\/#primaryimage","url":"https:\/\/spanishbreak.com\/wp-content\/uploads\/2023\/07\/VR1.jpg","contentUrl":"https:\/\/spanishbreak.com\/wp-content\/uploads\/2023\/07\/VR1.jpg","width":1000,"height":750},{"@type":"BreadcrumbList","@id":"https:\/\/spanishbreak.com\/fr\/product\/realite-virtuelle-langfr\/#breadcrumb","itemListElement":[{"@type":"ListItem","position":1,"name":"Home","item":"https:\/\/spanishbreak.com\/"},{"@type":"ListItem","position":2,"name":"Boutique","item":"https:\/\/spanishbreak.com\/boutique\/?lang=fr"},{"@type":"ListItem","position":3,"name":"R\u00e9alit\u00e9 Virtuelle \u00e0 Barcelone"}]},{"@type":"WebSite","@id":"https:\/\/spanishbreak.com\/#website","url":"https:\/\/spanishbreak.com\/","name":"Spanish Break","description":"Otro sitio realizado con WordPress","publisher":{"@id":"https:\/\/spanishbreak.com\/#organization"},"potentialAction":[{"@type":"SearchAction","target":{"@type":"EntryPoint","urlTemplate":"https:\/\/spanishbreak.com\/?s={search_term_string}"},"query-input":{"@type":"PropertyValueSpecification","valueRequired":true,"valueName":"search_term_string"}}],"inLanguage":"fr-FR"},{"@type":"Organization","@id":"https:\/\/spanishbreak.com\/#organization","name":"Spanish Break","url":"https:\/\/spanishbreak.com\/","logo":{"@type":"ImageObject","inLanguage":"fr-FR","@id":"https:\/\/spanishbreak.com\/#\/schema\/logo\/image\/","url":"https:\/\/spanishbreak.com\/wp-content\/uploads\/2024\/03\/logo-spanish-break.png","contentUrl":"https:\/\/spanishbreak.com\/wp-content\/uploads\/2024\/03\/logo-spanish-break.png","width":323,"height":37,"caption":"Spanish Break"},"image":{"@id":"https:\/\/spanishbreak.com\/#\/schema\/logo\/image\/"},"sameAs":["https:\/\/www.facebook.com\/spanishbreak","https:\/\/www.instagram.com\/spanishbreakbcn\/"]}]}},"_links":{"self":[{"href":"https:\/\/spanishbreak.com\/fr\/wp-json\/wp\/v2\/product\/7107","targetHints":{"allow":["GET"]}}],"collection":[{"href":"https:\/\/spanishbreak.com\/fr\/wp-json\/wp\/v2\/product"}],"about":[{"href":"https:\/\/spanishbreak.com\/fr\/wp-json\/wp\/v2\/types\/product"}],"replies":[{"embeddable":true,"href":"https:\/\/spanishbreak.com\/fr\/wp-json\/wp\/v2\/comments?post=7107"}],"wp:featuredmedia":[{"embeddable":true,"href":"https:\/\/spanishbreak.com\/fr\/wp-json\/wp\/v2\/media\/4832"}],"wp:attachment":[{"href":"https:\/\/spanishbreak.com\/fr\/wp-json\/wp\/v2\/media?parent=7107"}],"wp:term":[{"taxonomy":"product_brand","embeddable":true,"href":"https:\/\/spanishbreak.com\/fr\/wp-json\/wp\/v2\/product_brand?post=7107"},{"taxonomy":"product_cat","embeddable":true,"href":"https:\/\/spanishbreak.com\/fr\/wp-json\/wp\/v2\/product_cat?post=7107"},{"taxonomy":"product_tag","embeddable":true,"href":"https:\/\/spanishbreak.com\/fr\/wp-json\/wp\/v2\/product_tag?post=7107"}],"curies":[{"name":"wp","href":"https:\/\/api.w.org\/{rel}","templated":true}]}}