{"id":7114,"date":"2024-06-20T11:47:43","date_gmt":"2024-06-20T09:47:43","guid":{"rendered":"https:\/\/spanishbreak.com\/producto\/spa-brunch\/"},"modified":"2025-12-17T13:08:08","modified_gmt":"2025-12-17T12:08:08","slug":"spa-brunch-langfr","status":"publish","type":"product","link":"https:\/\/spanishbreak.com\/fr\/product\/spa-brunch-langfr\/","title":{"rendered":"Spa Brunch"},"content":{"rendered":"<p>L\u2019activit\u00e9 parfaite pour se remettre d\u2019une soir\u00e9e un peu (voire beaucoup) trop arros\u00e9e !<br \/>\nVous commencerez par un brunch gourmand sous forme de buffet avec tellement de choix que vous ne saurez pas par o\u00f9 commencer! Entre une vari\u00e9t\u00e9 de viennoiseries, de fruits, de fromages, de charcuteries et de plats chauds, il y en aura pour tous les go\u00fbts!<\/p>\n<p>Sans oublier que vous pourrez d\u00e9guster une s\u00e9lection de jus de fruits naturels afin de reprendre des forces pour lajourn\u00e9e.<br \/>\nUne fois vos papilles \u00e9veill\u00e9es, vous irez vous pr\u00e9lasser dans un somptueux spa: d\u00e9tente maximum garantie ! L\u2019acc\u00e8s de 60 minutes au spa vous permettra de r\u00e9aliser un circuit thermal et de profiter de la piscine chauff\u00e9e, du bain \u00e0remous, sauna, hammam, douche sensorielle, fontaine glac\u00e9e etc\u2026<\/p>\n<p>Toute la bande sera d\u2019attaque pour remettre le couvert et se d\u00e9hancher sur le dancefloor tel Beyonc\u00e9 !<\/p>\n","protected":false},"excerpt":{"rendered":"<p>L\u2019activit\u00e9 parfaite pour se remettre d\u2019une soir\u00e9e un peu (voire beaucoup) trop arros\u00e9e ! Vous commencerez par un brunch gourmand sous forme de buffet avec tellement de choix que vous ne saurez pas par o\u00f9 commencer! Entre une vari\u00e9t\u00e9 de viennoiseries, de fruits, de fromages, de charcuteries et de plats chauds, il y en aura [&hellip;]<\/p>\n","protected":false},"featured_media":4966,"comment_status":"closed","ping_status":"closed","template":"","meta":{"site-sidebar-layout":"default","site-content-layout":"","ast-site-content-layout":"default","site-content-style":"default","site-sidebar-style":"default","ast-global-header-display":"","ast-banner-title-visibility":"","ast-main-header-display":"","ast-hfb-above-header-display":"","ast-hfb-below-header-display":"","ast-hfb-mobile-header-display":"","site-post-title":"","ast-breadcrumbs-content":"","ast-featured-img":"","footer-sml-layout":"","theme-transparent-header-meta":"default","adv-header-id-meta":"","stick-header-meta":"","header-above-stick-meta":"","header-main-stick-meta":"","header-below-stick-meta":"","astra-migrate-meta-layouts":"set","ast-page-background-enabled":"default","ast-page-background-meta":{"desktop":{"background-color":"var(--ast-global-color-4)","background-image":"","background-repeat":"repeat","background-position":"center center","background-size":"auto","background-attachment":"scroll","background-type":"","background-media":"","overlay-type":"","overlay-color":"","overlay-opacity":"","overlay-gradient":""},"tablet":{"background-color":"","background-image":"","background-repeat":"repeat","background-position":"center center","background-size":"auto","background-attachment":"scroll","background-type":"","background-media":"","overlay-type":"","overlay-color":"","overlay-opacity":"","overlay-gradient":""},"mobile":{"background-color":"","background-image":"","background-repeat":"repeat","background-position":"center center","background-size":"auto","background-attachment":"scroll","background-type":"","background-media":"","overlay-type":"","overlay-color":"","overlay-opacity":"","overlay-gradient":""}},"ast-content-background-meta":{"desktop":{"background-color":"var(--ast-global-color-5)","background-image":"","background-repeat":"repeat","background-position":"center center","background-size":"auto","background-attachment":"scroll","background-type":"","background-media":"","overlay-type":"","overlay-color":"","overlay-opacity":"","overlay-gradient":""},"tablet":{"background-color":"var(--ast-global-color-5)","background-image":"","background-repeat":"repeat","background-position":"center center","background-size":"auto","background-attachment":"scroll","background-type":"","background-media":"","overlay-type":"","overlay-color":"","overlay-opacity":"","overlay-gradient":""},"mobile":{"background-color":"var(--ast-global-color-5)","background-image":"","background-repeat":"repeat","background-position":"center center","background-size":"auto","background-attachment":"scroll","background-type":"","background-media":"","overlay-type":"","overlay-color":"","overlay-opacity":"","overlay-gradient":""}},"repeater_packs":""},"product_brand":[],"product_cat":[68,66,70,73],"product_tag":[],"class_list":{"0":"post-7114","1":"product","2":"type-product","3":"status-publish","4":"has-post-thumbnail","6":"product_cat-day-time-activities","7":"product_cat-hen-fr-2","8":"product_cat-newest-fr-2","9":"product_cat-stag-fr","10":"desktop-align-left","11":"tablet-align-left","12":"mobile-align-left","14":"first","15":"instock","16":"shipping-taxable","17":"product-type-simple"},"yoast_head":"<!-- This site is optimized with the Yoast SEO plugin v26.8 - https:\/\/yoast.com\/product\/yoast-seo-wordpress\/ -->\n<title>Spa Brunch - Spa &amp; Brunch de luxe \u00e0 Barcelone pour EVJF<\/title>\n<meta name=\"description\" content=\"L\u2019activit\u00e9 parfaite pour se remettre d\u2019une soir\u00e9e un peu (voire beaucoup) trop arros\u00e9e ! Vous commencerez par un brunch gourmand sous forme de buffet avec D\u00e9couvrez notre formule Spa Brunch pour une exp\u00e9rience de d\u00e9tente ultime alliant bien-\u00eatre et gastronomie. R\u00e9servez d\u00e8s maintenant!\" \/>\n<meta name=\"robots\" content=\"index, follow, max-snippet:-1, max-image-preview:large, max-video-preview:-1\" \/>\n<link rel=\"canonical\" href=\"https:\/\/spanishbreak.com\/fr\/product\/spa-brunch-langfr\/\" \/>\n<meta property=\"og:locale\" content=\"fr_FR\" \/>\n<meta property=\"og:type\" content=\"article\" \/>\n<meta property=\"og:title\" content=\"Spa Brunch - Spa &amp; Brunch de luxe \u00e0 Barcelone pour EVJF\" \/>\n<meta property=\"og:description\" content=\"L\u2019activit\u00e9 parfaite pour se remettre d\u2019une soir\u00e9e un peu (voire beaucoup) trop arros\u00e9e ! Vous commencerez par un brunch gourmand sous forme de buffet avec D\u00e9couvrez notre formule Spa Brunch pour une exp\u00e9rience de d\u00e9tente ultime alliant bien-\u00eatre et gastronomie. R\u00e9servez d\u00e8s maintenant!\" \/>\n<meta property=\"og:url\" content=\"https:\/\/spanishbreak.com\/fr\/product\/spa-brunch-langfr\/\" \/>\n<meta property=\"og:site_name\" content=\"Spanishbreak\" \/>\n<meta property=\"article:publisher\" content=\"https:\/\/www.facebook.com\/spanishbreak\" \/>\n<meta property=\"article:modified_time\" content=\"2025-12-17T12:08:08+00:00\" \/>\n<meta property=\"og:image\" content=\"https:\/\/spanishbreak.com\/wp-content\/uploads\/2023\/07\/Diseno-sin-titulo-4-1024x819.png\" \/>\n\t<meta property=\"og:image:width\" content=\"1024\" \/>\n\t<meta property=\"og:image:height\" content=\"819\" \/>\n\t<meta property=\"og:image:type\" content=\"image\/png\" \/>\n<meta name=\"twitter:card\" content=\"summary_large_image\" \/>\n<meta name=\"twitter:label1\" content=\"Dur\u00e9e de lecture estim\u00e9e\" \/>\n\t<meta name=\"twitter:data1\" content=\"1 minute\" \/>\n<script type=\"application\/ld+json\" class=\"yoast-schema-graph\">{\"@context\":\"https:\/\/schema.org\",\"@graph\":[{\"@type\":[\"WebPage\",\"ItemPage\"],\"@id\":\"https:\/\/spanishbreak.com\/fr\/product\/spa-brunch-langfr\/\",\"url\":\"https:\/\/spanishbreak.com\/fr\/product\/spa-brunch-langfr\/\",\"name\":\"Spa Brunch - Spa & Brunch de luxe \u00e0 Barcelone pour EVJF\",\"isPartOf\":{\"@id\":\"https:\/\/spanishbreak.com\/#website\"},\"primaryImageOfPage\":{\"@id\":\"https:\/\/spanishbreak.com\/fr\/product\/spa-brunch-langfr\/#primaryimage\"},\"image\":{\"@id\":\"https:\/\/spanishbreak.com\/fr\/product\/spa-brunch-langfr\/#primaryimage\"},\"thumbnailUrl\":\"https:\/\/spanishbreak.com\/wp-content\/uploads\/2023\/07\/Diseno-sin-titulo-4.png\",\"datePublished\":\"2024-06-20T09:47:43+00:00\",\"dateModified\":\"2025-12-17T12:08:08+00:00\",\"description\":\"L\u2019activit\u00e9 parfaite pour se remettre d\u2019une soir\u00e9e un peu (voire beaucoup) trop arros\u00e9e ! Vous commencerez par un brunch gourmand sous forme de buffet avec D\u00e9couvrez notre formule Spa Brunch pour une exp\u00e9rience de d\u00e9tente ultime alliant bien-\u00eatre et gastronomie. R\u00e9servez d\u00e8s maintenant!\",\"breadcrumb\":{\"@id\":\"https:\/\/spanishbreak.com\/fr\/product\/spa-brunch-langfr\/#breadcrumb\"},\"inLanguage\":\"fr-FR\",\"potentialAction\":[{\"@type\":\"ReadAction\",\"target\":[\"https:\/\/spanishbreak.com\/fr\/product\/spa-brunch-langfr\/\"]}]},{\"@type\":\"ImageObject\",\"inLanguage\":\"fr-FR\",\"@id\":\"https:\/\/spanishbreak.com\/fr\/product\/spa-brunch-langfr\/#primaryimage\",\"url\":\"https:\/\/spanishbreak.com\/wp-content\/uploads\/2023\/07\/Diseno-sin-titulo-4.png\",\"contentUrl\":\"https:\/\/spanishbreak.com\/wp-content\/uploads\/2023\/07\/Diseno-sin-titulo-4.png\",\"width\":2000,\"height\":1600},{\"@type\":\"BreadcrumbList\",\"@id\":\"https:\/\/spanishbreak.com\/fr\/product\/spa-brunch-langfr\/#breadcrumb\",\"itemListElement\":[{\"@type\":\"ListItem\",\"position\":1,\"name\":\"Home\",\"item\":\"https:\/\/spanishbreak.com\/\"},{\"@type\":\"ListItem\",\"position\":2,\"name\":\"Boutique\",\"item\":\"https:\/\/spanishbreak.com\/boutique\/?lang=fr\"},{\"@type\":\"ListItem\",\"position\":3,\"name\":\"Spa Brunch\"}]},{\"@type\":\"WebSite\",\"@id\":\"https:\/\/spanishbreak.com\/#website\",\"url\":\"https:\/\/spanishbreak.com\/\",\"name\":\"Spanish Break\",\"description\":\"Otro sitio realizado con WordPress\",\"publisher\":{\"@id\":\"https:\/\/spanishbreak.com\/#organization\"},\"potentialAction\":[{\"@type\":\"SearchAction\",\"target\":{\"@type\":\"EntryPoint\",\"urlTemplate\":\"https:\/\/spanishbreak.com\/?s={search_term_string}\"},\"query-input\":{\"@type\":\"PropertyValueSpecification\",\"valueRequired\":true,\"valueName\":\"search_term_string\"}}],\"inLanguage\":\"fr-FR\"},{\"@type\":\"Organization\",\"@id\":\"https:\/\/spanishbreak.com\/#organization\",\"name\":\"Spanish Break\",\"url\":\"https:\/\/spanishbreak.com\/\",\"logo\":{\"@type\":\"ImageObject\",\"inLanguage\":\"fr-FR\",\"@id\":\"https:\/\/spanishbreak.com\/#\/schema\/logo\/image\/\",\"url\":\"https:\/\/spanishbreak.com\/wp-content\/uploads\/2024\/03\/logo-spanish-break.png\",\"contentUrl\":\"https:\/\/spanishbreak.com\/wp-content\/uploads\/2024\/03\/logo-spanish-break.png\",\"width\":323,\"height\":37,\"caption\":\"Spanish Break\"},\"image\":{\"@id\":\"https:\/\/spanishbreak.com\/#\/schema\/logo\/image\/\"},\"sameAs\":[\"https:\/\/www.facebook.com\/spanishbreak\",\"https:\/\/www.instagram.com\/spanishbreakbcn\/\"]}]}<\/script>\n<!-- \/ Yoast SEO plugin. -->","yoast_head_json":{"title":"Spa Brunch - Spa & Brunch de luxe \u00e0 Barcelone pour EVJF","description":"L\u2019activit\u00e9 parfaite pour se remettre d\u2019une soir\u00e9e un peu (voire beaucoup) trop arros\u00e9e ! Vous commencerez par un brunch gourmand sous forme de buffet avec D\u00e9couvrez notre formule Spa Brunch pour une exp\u00e9rience de d\u00e9tente ultime alliant bien-\u00eatre et gastronomie. R\u00e9servez d\u00e8s maintenant!","robots":{"index":"index","follow":"follow","max-snippet":"max-snippet:-1","max-image-preview":"max-image-preview:large","max-video-preview":"max-video-preview:-1"},"canonical":"https:\/\/spanishbreak.com\/fr\/product\/spa-brunch-langfr\/","og_locale":"fr_FR","og_type":"article","og_title":"Spa Brunch - Spa & Brunch de luxe \u00e0 Barcelone pour EVJF","og_description":"L\u2019activit\u00e9 parfaite pour se remettre d\u2019une soir\u00e9e un peu (voire beaucoup) trop arros\u00e9e ! Vous commencerez par un brunch gourmand sous forme de buffet avec D\u00e9couvrez notre formule Spa Brunch pour une exp\u00e9rience de d\u00e9tente ultime alliant bien-\u00eatre et gastronomie. R\u00e9servez d\u00e8s maintenant!","og_url":"https:\/\/spanishbreak.com\/fr\/product\/spa-brunch-langfr\/","og_site_name":"Spanishbreak","article_publisher":"https:\/\/www.facebook.com\/spanishbreak","article_modified_time":"2025-12-17T12:08:08+00:00","og_image":[{"width":1024,"height":819,"url":"https:\/\/spanishbreak.com\/wp-content\/uploads\/2023\/07\/Diseno-sin-titulo-4-1024x819.png","type":"image\/png"}],"twitter_card":"summary_large_image","twitter_misc":{"Dur\u00e9e de lecture estim\u00e9e":"1 minute"},"schema":{"@context":"https:\/\/schema.org","@graph":[{"@type":["WebPage","ItemPage"],"@id":"https:\/\/spanishbreak.com\/fr\/product\/spa-brunch-langfr\/","url":"https:\/\/spanishbreak.com\/fr\/product\/spa-brunch-langfr\/","name":"Spa Brunch - Spa & Brunch de luxe \u00e0 Barcelone pour EVJF","isPartOf":{"@id":"https:\/\/spanishbreak.com\/#website"},"primaryImageOfPage":{"@id":"https:\/\/spanishbreak.com\/fr\/product\/spa-brunch-langfr\/#primaryimage"},"image":{"@id":"https:\/\/spanishbreak.com\/fr\/product\/spa-brunch-langfr\/#primaryimage"},"thumbnailUrl":"https:\/\/spanishbreak.com\/wp-content\/uploads\/2023\/07\/Diseno-sin-titulo-4.png","datePublished":"2024-06-20T09:47:43+00:00","dateModified":"2025-12-17T12:08:08+00:00","description":"L\u2019activit\u00e9 parfaite pour se remettre d\u2019une soir\u00e9e un peu (voire beaucoup) trop arros\u00e9e ! Vous commencerez par un brunch gourmand sous forme de buffet avec D\u00e9couvrez notre formule Spa Brunch pour une exp\u00e9rience de d\u00e9tente ultime alliant bien-\u00eatre et gastronomie. R\u00e9servez d\u00e8s maintenant!","breadcrumb":{"@id":"https:\/\/spanishbreak.com\/fr\/product\/spa-brunch-langfr\/#breadcrumb"},"inLanguage":"fr-FR","potentialAction":[{"@type":"ReadAction","target":["https:\/\/spanishbreak.com\/fr\/product\/spa-brunch-langfr\/"]}]},{"@type":"ImageObject","inLanguage":"fr-FR","@id":"https:\/\/spanishbreak.com\/fr\/product\/spa-brunch-langfr\/#primaryimage","url":"https:\/\/spanishbreak.com\/wp-content\/uploads\/2023\/07\/Diseno-sin-titulo-4.png","contentUrl":"https:\/\/spanishbreak.com\/wp-content\/uploads\/2023\/07\/Diseno-sin-titulo-4.png","width":2000,"height":1600},{"@type":"BreadcrumbList","@id":"https:\/\/spanishbreak.com\/fr\/product\/spa-brunch-langfr\/#breadcrumb","itemListElement":[{"@type":"ListItem","position":1,"name":"Home","item":"https:\/\/spanishbreak.com\/"},{"@type":"ListItem","position":2,"name":"Boutique","item":"https:\/\/spanishbreak.com\/boutique\/?lang=fr"},{"@type":"ListItem","position":3,"name":"Spa Brunch"}]},{"@type":"WebSite","@id":"https:\/\/spanishbreak.com\/#website","url":"https:\/\/spanishbreak.com\/","name":"Spanish Break","description":"Otro sitio realizado con WordPress","publisher":{"@id":"https:\/\/spanishbreak.com\/#organization"},"potentialAction":[{"@type":"SearchAction","target":{"@type":"EntryPoint","urlTemplate":"https:\/\/spanishbreak.com\/?s={search_term_string}"},"query-input":{"@type":"PropertyValueSpecification","valueRequired":true,"valueName":"search_term_string"}}],"inLanguage":"fr-FR"},{"@type":"Organization","@id":"https:\/\/spanishbreak.com\/#organization","name":"Spanish Break","url":"https:\/\/spanishbreak.com\/","logo":{"@type":"ImageObject","inLanguage":"fr-FR","@id":"https:\/\/spanishbreak.com\/#\/schema\/logo\/image\/","url":"https:\/\/spanishbreak.com\/wp-content\/uploads\/2024\/03\/logo-spanish-break.png","contentUrl":"https:\/\/spanishbreak.com\/wp-content\/uploads\/2024\/03\/logo-spanish-break.png","width":323,"height":37,"caption":"Spanish Break"},"image":{"@id":"https:\/\/spanishbreak.com\/#\/schema\/logo\/image\/"},"sameAs":["https:\/\/www.facebook.com\/spanishbreak","https:\/\/www.instagram.com\/spanishbreakbcn\/"]}]}},"_links":{"self":[{"href":"https:\/\/spanishbreak.com\/fr\/wp-json\/wp\/v2\/product\/7114","targetHints":{"allow":["GET"]}}],"collection":[{"href":"https:\/\/spanishbreak.com\/fr\/wp-json\/wp\/v2\/product"}],"about":[{"href":"https:\/\/spanishbreak.com\/fr\/wp-json\/wp\/v2\/types\/product"}],"replies":[{"embeddable":true,"href":"https:\/\/spanishbreak.com\/fr\/wp-json\/wp\/v2\/comments?post=7114"}],"wp:featuredmedia":[{"embeddable":true,"href":"https:\/\/spanishbreak.com\/fr\/wp-json\/wp\/v2\/media\/4966"}],"wp:attachment":[{"href":"https:\/\/spanishbreak.com\/fr\/wp-json\/wp\/v2\/media?parent=7114"}],"wp:term":[{"taxonomy":"product_brand","embeddable":true,"href":"https:\/\/spanishbreak.com\/fr\/wp-json\/wp\/v2\/product_brand?post=7114"},{"taxonomy":"product_cat","embeddable":true,"href":"https:\/\/spanishbreak.com\/fr\/wp-json\/wp\/v2\/product_cat?post=7114"},{"taxonomy":"product_tag","embeddable":true,"href":"https:\/\/spanishbreak.com\/fr\/wp-json\/wp\/v2\/product_tag?post=7114"}],"curies":[{"name":"wp","href":"https:\/\/api.w.org\/{rel}","templated":true}]}}