{"id":7192,"date":"2024-06-21T11:16:51","date_gmt":"2024-06-21T09:16:51","guid":{"rendered":"https:\/\/spanishbreak.com\/producto\/beer-tasting-brewery-tour\/"},"modified":"2025-12-17T13:39:11","modified_gmt":"2025-12-17T12:39:11","slug":"degustation-de-bieres-tour-de-la-brasserie","status":"publish","type":"product","link":"https:\/\/spanishbreak.com\/fr\/product\/degustation-de-bieres-tour-de-la-brasserie\/","title":{"rendered":"D\u00e9gustation de bi\u00e8res &#038; Tour d&rsquo;une Brasserie"},"content":{"rendered":"<p>Embarquez pour le paradis des amateurs de bi\u00e8re avec nos visites de brasseries et nos d\u00e9gustations de bi\u00e8re ! Inspir\u00e9es par la d\u00e9claration de Jack Nicholson selon laquelle la bi\u00e8re est \u00ab\u00a0la meilleure boisson du monde\u00a0\u00bb.<br \/>\nSi vous et vos potes vous vous consid\u00e9rez comme des connaisseurs de bi\u00e8re, savourant l&rsquo;essence de chaque gorg\u00e9e malt\u00e9e, alors cette activit\u00e9 est parfaite pour vous.<br \/>\nRejoignez votre ma\u00eetre brasseur personnel pour un voyage \u00e0 travers les meilleures brasseries artisanales de Barcelone. D\u00e9couvrez l&rsquo;art complexe de la d\u00e9gustation de bi\u00e8re. Explorez les saveurs de 4 bi\u00e8res de d\u00e9gustation et 1 bi\u00e8re saisonni\u00e8re. Laissez-vous tenter par de petites d\u00e9gustations directement \u00e0 partir des cuves dans la brasserie. Le fait de passer devant les cuves o\u00f9 la bi\u00e8re est brass\u00e9e procure une \u00e9motion unique et cr\u00e9e un lien avec le processus de brassage lui-m\u00eame. En cours de route, notre ma\u00eetre brasseur vous fera d\u00e9couvrir les secrets de la fabrication de bi\u00e8re.<br \/>\nUne fois la d\u00e9gustation termin\u00e9e, d\u00e9tendez-vous dans le salon o\u00f9 vous et vos amis recevrez gratuitement une demi-pinte de la bi\u00e8re de votre choix, un vrai r\u00eave d&rsquo;amateur de bi\u00e8re devenu r\u00e9alit\u00e9 !<br \/>\nPour rehausser l&rsquo;exp\u00e9rience, nous avons \u00e9galement inclus une s\u00e9lection de petites tapas, qui s&rsquo;accorderont parfaitement avec vos bi\u00e8res artisanales. Rejoignez-nous pour un apr\u00e8s-midi de sophistication, de camaraderie et de riches saveurs des meilleures bi\u00e8res artisanales de Barcelone.<\/p>\n","protected":false},"excerpt":{"rendered":"<p>Embarquez pour le paradis des amateurs de bi\u00e8re avec nos visites de brasseries et nos d\u00e9gustations de bi\u00e8re ! Inspir\u00e9es par la d\u00e9claration de Jack Nicholson selon laquelle la bi\u00e8re est \u00ab\u00a0la meilleure boisson du monde\u00a0\u00bb. Si vous et vos potes vous vous consid\u00e9rez comme des connaisseurs de bi\u00e8re, savourant l&rsquo;essence de chaque gorg\u00e9e malt\u00e9e, [&hellip;]<\/p>\n","protected":false},"featured_media":4702,"comment_status":"closed","ping_status":"closed","template":"","meta":{"site-sidebar-layout":"default","site-content-layout":"","ast-site-content-layout":"default","site-content-style":"default","site-sidebar-style":"default","ast-global-header-display":"","ast-banner-title-visibility":"","ast-main-header-display":"","ast-hfb-above-header-display":"","ast-hfb-below-header-display":"","ast-hfb-mobile-header-display":"","site-post-title":"","ast-breadcrumbs-content":"","ast-featured-img":"","footer-sml-layout":"","theme-transparent-header-meta":"default","adv-header-id-meta":"","stick-header-meta":"","header-above-stick-meta":"","header-main-stick-meta":"","header-below-stick-meta":"","astra-migrate-meta-layouts":"set","ast-page-background-enabled":"default","ast-page-background-meta":{"desktop":{"background-color":"var(--ast-global-color-4)","background-image":"","background-repeat":"repeat","background-position":"center center","background-size":"auto","background-attachment":"scroll","background-type":"","background-media":"","overlay-type":"","overlay-color":"","overlay-opacity":"","overlay-gradient":""},"tablet":{"background-color":"","background-image":"","background-repeat":"repeat","background-position":"center center","background-size":"auto","background-attachment":"scroll","background-type":"","background-media":"","overlay-type":"","overlay-color":"","overlay-opacity":"","overlay-gradient":""},"mobile":{"background-color":"","background-image":"","background-repeat":"repeat","background-position":"center center","background-size":"auto","background-attachment":"scroll","background-type":"","background-media":"","overlay-type":"","overlay-color":"","overlay-opacity":"","overlay-gradient":""}},"ast-content-background-meta":{"desktop":{"background-color":"var(--ast-global-color-5)","background-image":"","background-repeat":"repeat","background-position":"center center","background-size":"auto","background-attachment":"scroll","background-type":"","background-media":"","overlay-type":"","overlay-color":"","overlay-opacity":"","overlay-gradient":""},"tablet":{"background-color":"var(--ast-global-color-5)","background-image":"","background-repeat":"repeat","background-position":"center center","background-size":"auto","background-attachment":"scroll","background-type":"","background-media":"","overlay-type":"","overlay-color":"","overlay-opacity":"","overlay-gradient":""},"mobile":{"background-color":"var(--ast-global-color-5)","background-image":"","background-repeat":"repeat","background-position":"center center","background-size":"auto","background-attachment":"scroll","background-type":"","background-media":"","overlay-type":"","overlay-color":"","overlay-opacity":"","overlay-gradient":""}},"repeater_packs":""},"product_brand":[],"product_cat":[68,66,70,73],"product_tag":[],"class_list":{"0":"post-7192","1":"product","2":"type-product","3":"status-publish","4":"has-post-thumbnail","6":"product_cat-day-time-activities","7":"product_cat-hen-fr-2","8":"product_cat-newest-fr-2","9":"product_cat-stag-fr","10":"desktop-align-left","11":"tablet-align-left","12":"mobile-align-left","14":"first","15":"instock","16":"shipping-taxable","17":"product-type-simple"},"yoast_head":"<!-- This site is optimized with the Yoast SEO plugin v26.8 - https:\/\/yoast.com\/product\/yoast-seo-wordpress\/ -->\n<title>D\u00e9gustation de bi\u00e8res &amp; Tour d&#039;une Brasserie \u00e0 Barcelone<\/title>\n<meta name=\"description\" content=\"D\u00e9couvrez les secrets de la fabrication de la bi\u00e8re et \u00e9veillez vos papilles avec la d\u00e9gustation de bi\u00e8res dans une brasserie locale.\" \/>\n<meta name=\"robots\" content=\"index, follow, max-snippet:-1, max-image-preview:large, max-video-preview:-1\" \/>\n<link rel=\"canonical\" href=\"https:\/\/spanishbreak.com\/fr\/product\/degustation-de-bieres-tour-de-la-brasserie\/\" \/>\n<meta property=\"og:locale\" content=\"fr_FR\" \/>\n<meta property=\"og:type\" content=\"article\" \/>\n<meta property=\"og:title\" content=\"D\u00e9gustation de bi\u00e8res &amp; Tour d&#039;une Brasserie \u00e0 Barcelone\" \/>\n<meta property=\"og:description\" content=\"D\u00e9couvrez les secrets de la fabrication de la bi\u00e8re et \u00e9veillez vos papilles avec la d\u00e9gustation de bi\u00e8res dans une brasserie locale.\" \/>\n<meta property=\"og:url\" content=\"https:\/\/spanishbreak.com\/fr\/product\/degustation-de-bieres-tour-de-la-brasserie\/\" \/>\n<meta property=\"og:site_name\" content=\"Spanishbreak\" \/>\n<meta property=\"article:publisher\" content=\"https:\/\/www.facebook.com\/spanishbreak\" \/>\n<meta property=\"article:modified_time\" content=\"2025-12-17T12:39:11+00:00\" \/>\n<meta property=\"og:image\" content=\"https:\/\/spanishbreak.com\/wp-content\/uploads\/2023\/07\/Depositphotos_245862530_XL-scaled.jpg\" \/>\n\t<meta property=\"og:image:width\" content=\"2560\" \/>\n\t<meta property=\"og:image:height\" content=\"1709\" \/>\n\t<meta property=\"og:image:type\" content=\"image\/jpeg\" \/>\n<meta name=\"twitter:card\" content=\"summary_large_image\" \/>\n<meta name=\"twitter:label1\" content=\"Dur\u00e9e de lecture estim\u00e9e\" \/>\n\t<meta name=\"twitter:data1\" content=\"2 minutes\" \/>\n<script type=\"application\/ld+json\" class=\"yoast-schema-graph\">{\"@context\":\"https:\/\/schema.org\",\"@graph\":[{\"@type\":[\"WebPage\",\"ItemPage\"],\"@id\":\"https:\/\/spanishbreak.com\/fr\/product\/degustation-de-bieres-tour-de-la-brasserie\/\",\"url\":\"https:\/\/spanishbreak.com\/fr\/product\/degustation-de-bieres-tour-de-la-brasserie\/\",\"name\":\"D\u00e9gustation de bi\u00e8res & Tour d'une Brasserie \u00e0 Barcelone\",\"isPartOf\":{\"@id\":\"https:\/\/spanishbreak.com\/#website\"},\"primaryImageOfPage\":{\"@id\":\"https:\/\/spanishbreak.com\/fr\/product\/degustation-de-bieres-tour-de-la-brasserie\/#primaryimage\"},\"image\":{\"@id\":\"https:\/\/spanishbreak.com\/fr\/product\/degustation-de-bieres-tour-de-la-brasserie\/#primaryimage\"},\"thumbnailUrl\":\"https:\/\/spanishbreak.com\/wp-content\/uploads\/2023\/07\/Depositphotos_245862530_XL-scaled.jpg\",\"datePublished\":\"2024-06-21T09:16:51+00:00\",\"dateModified\":\"2025-12-17T12:39:11+00:00\",\"description\":\"D\u00e9couvrez les secrets de la fabrication de la bi\u00e8re et \u00e9veillez vos papilles avec la d\u00e9gustation de bi\u00e8res dans une brasserie locale.\",\"breadcrumb\":{\"@id\":\"https:\/\/spanishbreak.com\/fr\/product\/degustation-de-bieres-tour-de-la-brasserie\/#breadcrumb\"},\"inLanguage\":\"fr-FR\",\"potentialAction\":[{\"@type\":\"ReadAction\",\"target\":[\"https:\/\/spanishbreak.com\/fr\/product\/degustation-de-bieres-tour-de-la-brasserie\/\"]}]},{\"@type\":\"ImageObject\",\"inLanguage\":\"fr-FR\",\"@id\":\"https:\/\/spanishbreak.com\/fr\/product\/degustation-de-bieres-tour-de-la-brasserie\/#primaryimage\",\"url\":\"https:\/\/spanishbreak.com\/wp-content\/uploads\/2023\/07\/Depositphotos_245862530_XL-scaled.jpg\",\"contentUrl\":\"https:\/\/spanishbreak.com\/wp-content\/uploads\/2023\/07\/Depositphotos_245862530_XL-scaled.jpg\",\"width\":2560,\"height\":1709},{\"@type\":\"BreadcrumbList\",\"@id\":\"https:\/\/spanishbreak.com\/fr\/product\/degustation-de-bieres-tour-de-la-brasserie\/#breadcrumb\",\"itemListElement\":[{\"@type\":\"ListItem\",\"position\":1,\"name\":\"Home\",\"item\":\"https:\/\/spanishbreak.com\/\"},{\"@type\":\"ListItem\",\"position\":2,\"name\":\"Boutique\",\"item\":\"https:\/\/spanishbreak.com\/boutique\/?lang=fr\"},{\"@type\":\"ListItem\",\"position\":3,\"name\":\"D\u00e9gustation de bi\u00e8res &#038; Tour d&#8217;une Brasserie\"}]},{\"@type\":\"WebSite\",\"@id\":\"https:\/\/spanishbreak.com\/#website\",\"url\":\"https:\/\/spanishbreak.com\/\",\"name\":\"Spanish Break\",\"description\":\"Otro sitio realizado con WordPress\",\"publisher\":{\"@id\":\"https:\/\/spanishbreak.com\/#organization\"},\"potentialAction\":[{\"@type\":\"SearchAction\",\"target\":{\"@type\":\"EntryPoint\",\"urlTemplate\":\"https:\/\/spanishbreak.com\/?s={search_term_string}\"},\"query-input\":{\"@type\":\"PropertyValueSpecification\",\"valueRequired\":true,\"valueName\":\"search_term_string\"}}],\"inLanguage\":\"fr-FR\"},{\"@type\":\"Organization\",\"@id\":\"https:\/\/spanishbreak.com\/#organization\",\"name\":\"Spanish Break\",\"url\":\"https:\/\/spanishbreak.com\/\",\"logo\":{\"@type\":\"ImageObject\",\"inLanguage\":\"fr-FR\",\"@id\":\"https:\/\/spanishbreak.com\/#\/schema\/logo\/image\/\",\"url\":\"https:\/\/spanishbreak.com\/wp-content\/uploads\/2024\/03\/logo-spanish-break.png\",\"contentUrl\":\"https:\/\/spanishbreak.com\/wp-content\/uploads\/2024\/03\/logo-spanish-break.png\",\"width\":323,\"height\":37,\"caption\":\"Spanish Break\"},\"image\":{\"@id\":\"https:\/\/spanishbreak.com\/#\/schema\/logo\/image\/\"},\"sameAs\":[\"https:\/\/www.facebook.com\/spanishbreak\",\"https:\/\/www.instagram.com\/spanishbreakbcn\/\"]}]}<\/script>\n<!-- \/ Yoast SEO plugin. -->","yoast_head_json":{"title":"D\u00e9gustation de bi\u00e8res & Tour d'une Brasserie \u00e0 Barcelone","description":"D\u00e9couvrez les secrets de la fabrication de la bi\u00e8re et \u00e9veillez vos papilles avec la d\u00e9gustation de bi\u00e8res dans une brasserie locale.","robots":{"index":"index","follow":"follow","max-snippet":"max-snippet:-1","max-image-preview":"max-image-preview:large","max-video-preview":"max-video-preview:-1"},"canonical":"https:\/\/spanishbreak.com\/fr\/product\/degustation-de-bieres-tour-de-la-brasserie\/","og_locale":"fr_FR","og_type":"article","og_title":"D\u00e9gustation de bi\u00e8res & Tour d'une Brasserie \u00e0 Barcelone","og_description":"D\u00e9couvrez les secrets de la fabrication de la bi\u00e8re et \u00e9veillez vos papilles avec la d\u00e9gustation de bi\u00e8res dans une brasserie locale.","og_url":"https:\/\/spanishbreak.com\/fr\/product\/degustation-de-bieres-tour-de-la-brasserie\/","og_site_name":"Spanishbreak","article_publisher":"https:\/\/www.facebook.com\/spanishbreak","article_modified_time":"2025-12-17T12:39:11+00:00","og_image":[{"width":2560,"height":1709,"url":"https:\/\/spanishbreak.com\/wp-content\/uploads\/2023\/07\/Depositphotos_245862530_XL-scaled.jpg","type":"image\/jpeg"}],"twitter_card":"summary_large_image","twitter_misc":{"Dur\u00e9e de lecture estim\u00e9e":"2 minutes"},"schema":{"@context":"https:\/\/schema.org","@graph":[{"@type":["WebPage","ItemPage"],"@id":"https:\/\/spanishbreak.com\/fr\/product\/degustation-de-bieres-tour-de-la-brasserie\/","url":"https:\/\/spanishbreak.com\/fr\/product\/degustation-de-bieres-tour-de-la-brasserie\/","name":"D\u00e9gustation de bi\u00e8res & Tour d'une Brasserie \u00e0 Barcelone","isPartOf":{"@id":"https:\/\/spanishbreak.com\/#website"},"primaryImageOfPage":{"@id":"https:\/\/spanishbreak.com\/fr\/product\/degustation-de-bieres-tour-de-la-brasserie\/#primaryimage"},"image":{"@id":"https:\/\/spanishbreak.com\/fr\/product\/degustation-de-bieres-tour-de-la-brasserie\/#primaryimage"},"thumbnailUrl":"https:\/\/spanishbreak.com\/wp-content\/uploads\/2023\/07\/Depositphotos_245862530_XL-scaled.jpg","datePublished":"2024-06-21T09:16:51+00:00","dateModified":"2025-12-17T12:39:11+00:00","description":"D\u00e9couvrez les secrets de la fabrication de la bi\u00e8re et \u00e9veillez vos papilles avec la d\u00e9gustation de bi\u00e8res dans une brasserie locale.","breadcrumb":{"@id":"https:\/\/spanishbreak.com\/fr\/product\/degustation-de-bieres-tour-de-la-brasserie\/#breadcrumb"},"inLanguage":"fr-FR","potentialAction":[{"@type":"ReadAction","target":["https:\/\/spanishbreak.com\/fr\/product\/degustation-de-bieres-tour-de-la-brasserie\/"]}]},{"@type":"ImageObject","inLanguage":"fr-FR","@id":"https:\/\/spanishbreak.com\/fr\/product\/degustation-de-bieres-tour-de-la-brasserie\/#primaryimage","url":"https:\/\/spanishbreak.com\/wp-content\/uploads\/2023\/07\/Depositphotos_245862530_XL-scaled.jpg","contentUrl":"https:\/\/spanishbreak.com\/wp-content\/uploads\/2023\/07\/Depositphotos_245862530_XL-scaled.jpg","width":2560,"height":1709},{"@type":"BreadcrumbList","@id":"https:\/\/spanishbreak.com\/fr\/product\/degustation-de-bieres-tour-de-la-brasserie\/#breadcrumb","itemListElement":[{"@type":"ListItem","position":1,"name":"Home","item":"https:\/\/spanishbreak.com\/"},{"@type":"ListItem","position":2,"name":"Boutique","item":"https:\/\/spanishbreak.com\/boutique\/?lang=fr"},{"@type":"ListItem","position":3,"name":"D\u00e9gustation de bi\u00e8res &#038; Tour d&#8217;une Brasserie"}]},{"@type":"WebSite","@id":"https:\/\/spanishbreak.com\/#website","url":"https:\/\/spanishbreak.com\/","name":"Spanish Break","description":"Otro sitio realizado con WordPress","publisher":{"@id":"https:\/\/spanishbreak.com\/#organization"},"potentialAction":[{"@type":"SearchAction","target":{"@type":"EntryPoint","urlTemplate":"https:\/\/spanishbreak.com\/?s={search_term_string}"},"query-input":{"@type":"PropertyValueSpecification","valueRequired":true,"valueName":"search_term_string"}}],"inLanguage":"fr-FR"},{"@type":"Organization","@id":"https:\/\/spanishbreak.com\/#organization","name":"Spanish Break","url":"https:\/\/spanishbreak.com\/","logo":{"@type":"ImageObject","inLanguage":"fr-FR","@id":"https:\/\/spanishbreak.com\/#\/schema\/logo\/image\/","url":"https:\/\/spanishbreak.com\/wp-content\/uploads\/2024\/03\/logo-spanish-break.png","contentUrl":"https:\/\/spanishbreak.com\/wp-content\/uploads\/2024\/03\/logo-spanish-break.png","width":323,"height":37,"caption":"Spanish Break"},"image":{"@id":"https:\/\/spanishbreak.com\/#\/schema\/logo\/image\/"},"sameAs":["https:\/\/www.facebook.com\/spanishbreak","https:\/\/www.instagram.com\/spanishbreakbcn\/"]}]}},"_links":{"self":[{"href":"https:\/\/spanishbreak.com\/fr\/wp-json\/wp\/v2\/product\/7192","targetHints":{"allow":["GET"]}}],"collection":[{"href":"https:\/\/spanishbreak.com\/fr\/wp-json\/wp\/v2\/product"}],"about":[{"href":"https:\/\/spanishbreak.com\/fr\/wp-json\/wp\/v2\/types\/product"}],"replies":[{"embeddable":true,"href":"https:\/\/spanishbreak.com\/fr\/wp-json\/wp\/v2\/comments?post=7192"}],"wp:featuredmedia":[{"embeddable":true,"href":"https:\/\/spanishbreak.com\/fr\/wp-json\/wp\/v2\/media\/4702"}],"wp:attachment":[{"href":"https:\/\/spanishbreak.com\/fr\/wp-json\/wp\/v2\/media?parent=7192"}],"wp:term":[{"taxonomy":"product_brand","embeddable":true,"href":"https:\/\/spanishbreak.com\/fr\/wp-json\/wp\/v2\/product_brand?post=7192"},{"taxonomy":"product_cat","embeddable":true,"href":"https:\/\/spanishbreak.com\/fr\/wp-json\/wp\/v2\/product_cat?post=7192"},{"taxonomy":"product_tag","embeddable":true,"href":"https:\/\/spanishbreak.com\/fr\/wp-json\/wp\/v2\/product_tag?post=7192"}],"curies":[{"name":"wp","href":"https:\/\/api.w.org\/{rel}","templated":true}]}}