{"id":7276,"date":"2024-06-26T10:16:10","date_gmt":"2024-06-26T08:16:10","guid":{"rendered":"https:\/\/spanishbreak.com\/producto\/tapas-meal-sangria\/"},"modified":"2025-12-17T13:35:39","modified_gmt":"2025-12-17T12:35:39","slug":"repas-tapas-sangria","status":"publish","type":"product","link":"https:\/\/spanishbreak.com\/fr\/product\/repas-tapas-sangria\/","title":{"rendered":"REPAS TAPAS + SANGRIA \u00e0 Barcelone"},"content":{"rendered":"<p>D\u00e9couvrez les incroyables Tapas !<\/p>\n<p>Qu\u2019est-ce qui vous vient \u00e0 l\u2019esprit lorsque vous pensez \u00e0 votre EVG \u00e0 Barcelone ? En plus de la vie nocturne incroyable, des beaux paysages et des d\u00e9licieuses boissons, vous devez probablement penser \u00e0 manger de d\u00e9licieuses tapas. Et bien, ce repas de tapas a tout !<\/p>\n<p>Votre groupe aura la chance de go\u00fbter \u00e0 un \u00ab Surtido de tapas \u00bb dans un restaurant en plein centre de Barcelone. \u00ab Surtido \u00bbveut dire assortiment en espagnol, ce qui signifie que vous aurez la chance de d\u00e9guster une grande vari\u00e9t\u00e9 des meilleures tapas que Barcelone a \u00e0 offrir.<\/p>\n","protected":false},"excerpt":{"rendered":"<p>D\u00e9couvrez les incroyables Tapas ! Qu\u2019est-ce qui vous vient \u00e0 l\u2019esprit lorsque vous pensez \u00e0 votre EVG \u00e0 Barcelone ? En plus de la vie nocturne incroyable, des beaux paysages et des d\u00e9licieuses boissons, vous devez probablement penser \u00e0 manger de d\u00e9licieuses tapas. Et bien, ce repas de tapas a tout ! Votre groupe aura [&hellip;]<\/p>\n","protected":false},"featured_media":7267,"comment_status":"closed","ping_status":"closed","template":"","meta":{"site-sidebar-layout":"default","site-content-layout":"","ast-site-content-layout":"default","site-content-style":"default","site-sidebar-style":"default","ast-global-header-display":"","ast-banner-title-visibility":"","ast-main-header-display":"","ast-hfb-above-header-display":"","ast-hfb-below-header-display":"","ast-hfb-mobile-header-display":"","site-post-title":"","ast-breadcrumbs-content":"","ast-featured-img":"","footer-sml-layout":"","theme-transparent-header-meta":"default","adv-header-id-meta":"","stick-header-meta":"","header-above-stick-meta":"","header-main-stick-meta":"","header-below-stick-meta":"","astra-migrate-meta-layouts":"set","ast-page-background-enabled":"default","ast-page-background-meta":{"desktop":{"background-color":"var(--ast-global-color-4)","background-image":"","background-repeat":"repeat","background-position":"center center","background-size":"auto","background-attachment":"scroll","background-type":"","background-media":"","overlay-type":"","overlay-color":"","overlay-opacity":"","overlay-gradient":""},"tablet":{"background-color":"","background-image":"","background-repeat":"repeat","background-position":"center center","background-size":"auto","background-attachment":"scroll","background-type":"","background-media":"","overlay-type":"","overlay-color":"","overlay-opacity":"","overlay-gradient":""},"mobile":{"background-color":"","background-image":"","background-repeat":"repeat","background-position":"center center","background-size":"auto","background-attachment":"scroll","background-type":"","background-media":"","overlay-type":"","overlay-color":"","overlay-opacity":"","overlay-gradient":""}},"ast-content-background-meta":{"desktop":{"background-color":"var(--ast-global-color-5)","background-image":"","background-repeat":"repeat","background-position":"center center","background-size":"auto","background-attachment":"scroll","background-type":"","background-media":"","overlay-type":"","overlay-color":"","overlay-opacity":"","overlay-gradient":""},"tablet":{"background-color":"var(--ast-global-color-5)","background-image":"","background-repeat":"repeat","background-position":"center center","background-size":"auto","background-attachment":"scroll","background-type":"","background-media":"","overlay-type":"","overlay-color":"","overlay-opacity":"","overlay-gradient":""},"mobile":{"background-color":"var(--ast-global-color-5)","background-image":"","background-repeat":"repeat","background-position":"center center","background-size":"auto","background-attachment":"scroll","background-type":"","background-media":"","overlay-type":"","overlay-color":"","overlay-opacity":"","overlay-gradient":""}},"repeater_packs":""},"product_brand":[],"product_cat":[68,66,70,71,73],"product_tag":[],"class_list":{"0":"post-7276","1":"product","2":"type-product","3":"status-publish","4":"has-post-thumbnail","6":"product_cat-day-time-activities","7":"product_cat-hen-fr-2","8":"product_cat-newest-fr-2","9":"product_cat-night_activities-fr-2","10":"product_cat-stag-fr","11":"desktop-align-left","12":"tablet-align-left","13":"mobile-align-left","15":"first","16":"instock","17":"shipping-taxable","18":"product-type-simple"},"yoast_head":"<!-- This site is optimized with the Yoast SEO plugin v26.8 - https:\/\/yoast.com\/product\/yoast-seo-wordpress\/ -->\n<title>REPAS TAPAS + SANGRIA \u00e0 Barcelone<\/title>\n<meta name=\"description\" content=\"Savourez un d\u00e9licieux repas de tapas avec sangria. D\u00e9couvrez les saveurs de l\u2019Espagne dans une atmosph\u00e8re vibrante et anim\u00e9e.\" \/>\n<meta name=\"robots\" content=\"index, follow, max-snippet:-1, max-image-preview:large, max-video-preview:-1\" \/>\n<link rel=\"canonical\" href=\"https:\/\/spanishbreak.com\/fr\/product\/repas-tapas-sangria\/\" \/>\n<meta property=\"og:locale\" content=\"fr_FR\" \/>\n<meta property=\"og:type\" content=\"article\" \/>\n<meta property=\"og:title\" content=\"REPAS TAPAS + SANGRIA \u00e0 Barcelone\" \/>\n<meta property=\"og:description\" content=\"Savourez un d\u00e9licieux repas de tapas avec sangria. D\u00e9couvrez les saveurs de l\u2019Espagne dans une atmosph\u00e8re vibrante et anim\u00e9e.\" \/>\n<meta property=\"og:url\" content=\"https:\/\/spanishbreak.com\/fr\/product\/repas-tapas-sangria\/\" \/>\n<meta property=\"og:site_name\" content=\"Spanishbreak\" \/>\n<meta property=\"article:publisher\" content=\"https:\/\/www.facebook.com\/spanishbreak\" \/>\n<meta property=\"article:modified_time\" content=\"2025-12-17T12:35:39+00:00\" \/>\n<meta property=\"og:image\" content=\"https:\/\/spanishbreak.com\/wp-content\/uploads\/2024\/06\/Depositphotos_27930393_original-scaled.jpg\" \/>\n\t<meta property=\"og:image:width\" content=\"2560\" \/>\n\t<meta property=\"og:image:height\" content=\"1707\" \/>\n\t<meta property=\"og:image:type\" content=\"image\/jpeg\" \/>\n<meta name=\"twitter:card\" content=\"summary_large_image\" \/>\n<meta name=\"twitter:label1\" content=\"Dur\u00e9e de lecture estim\u00e9e\" \/>\n\t<meta name=\"twitter:data1\" content=\"1 minute\" \/>\n<script type=\"application\/ld+json\" class=\"yoast-schema-graph\">{\"@context\":\"https:\/\/schema.org\",\"@graph\":[{\"@type\":[\"WebPage\",\"ItemPage\"],\"@id\":\"https:\/\/spanishbreak.com\/fr\/product\/repas-tapas-sangria\/\",\"url\":\"https:\/\/spanishbreak.com\/fr\/product\/repas-tapas-sangria\/\",\"name\":\"REPAS TAPAS + SANGRIA \u00e0 Barcelone\",\"isPartOf\":{\"@id\":\"https:\/\/spanishbreak.com\/#website\"},\"primaryImageOfPage\":{\"@id\":\"https:\/\/spanishbreak.com\/fr\/product\/repas-tapas-sangria\/#primaryimage\"},\"image\":{\"@id\":\"https:\/\/spanishbreak.com\/fr\/product\/repas-tapas-sangria\/#primaryimage\"},\"thumbnailUrl\":\"https:\/\/spanishbreak.com\/wp-content\/uploads\/2024\/06\/Depositphotos_27930393_original-scaled.jpg\",\"datePublished\":\"2024-06-26T08:16:10+00:00\",\"dateModified\":\"2025-12-17T12:35:39+00:00\",\"description\":\"Savourez un d\u00e9licieux repas de tapas avec sangria. D\u00e9couvrez les saveurs de l\u2019Espagne dans une atmosph\u00e8re vibrante et anim\u00e9e.\",\"breadcrumb\":{\"@id\":\"https:\/\/spanishbreak.com\/fr\/product\/repas-tapas-sangria\/#breadcrumb\"},\"inLanguage\":\"fr-FR\",\"potentialAction\":[{\"@type\":\"ReadAction\",\"target\":[\"https:\/\/spanishbreak.com\/fr\/product\/repas-tapas-sangria\/\"]}]},{\"@type\":\"ImageObject\",\"inLanguage\":\"fr-FR\",\"@id\":\"https:\/\/spanishbreak.com\/fr\/product\/repas-tapas-sangria\/#primaryimage\",\"url\":\"https:\/\/spanishbreak.com\/wp-content\/uploads\/2024\/06\/Depositphotos_27930393_original-scaled.jpg\",\"contentUrl\":\"https:\/\/spanishbreak.com\/wp-content\/uploads\/2024\/06\/Depositphotos_27930393_original-scaled.jpg\",\"width\":2560,\"height\":1707,\"caption\":\"Closeup of Spanish tapas\"},{\"@type\":\"BreadcrumbList\",\"@id\":\"https:\/\/spanishbreak.com\/fr\/product\/repas-tapas-sangria\/#breadcrumb\",\"itemListElement\":[{\"@type\":\"ListItem\",\"position\":1,\"name\":\"Home\",\"item\":\"https:\/\/spanishbreak.com\/\"},{\"@type\":\"ListItem\",\"position\":2,\"name\":\"Boutique\",\"item\":\"https:\/\/spanishbreak.com\/boutique\/?lang=fr\"},{\"@type\":\"ListItem\",\"position\":3,\"name\":\"REPAS TAPAS + SANGRIA \u00e0 Barcelone\"}]},{\"@type\":\"WebSite\",\"@id\":\"https:\/\/spanishbreak.com\/#website\",\"url\":\"https:\/\/spanishbreak.com\/\",\"name\":\"Spanish Break\",\"description\":\"Otro sitio realizado con WordPress\",\"publisher\":{\"@id\":\"https:\/\/spanishbreak.com\/#organization\"},\"potentialAction\":[{\"@type\":\"SearchAction\",\"target\":{\"@type\":\"EntryPoint\",\"urlTemplate\":\"https:\/\/spanishbreak.com\/?s={search_term_string}\"},\"query-input\":{\"@type\":\"PropertyValueSpecification\",\"valueRequired\":true,\"valueName\":\"search_term_string\"}}],\"inLanguage\":\"fr-FR\"},{\"@type\":\"Organization\",\"@id\":\"https:\/\/spanishbreak.com\/#organization\",\"name\":\"Spanish Break\",\"url\":\"https:\/\/spanishbreak.com\/\",\"logo\":{\"@type\":\"ImageObject\",\"inLanguage\":\"fr-FR\",\"@id\":\"https:\/\/spanishbreak.com\/#\/schema\/logo\/image\/\",\"url\":\"https:\/\/spanishbreak.com\/wp-content\/uploads\/2024\/03\/logo-spanish-break.png\",\"contentUrl\":\"https:\/\/spanishbreak.com\/wp-content\/uploads\/2024\/03\/logo-spanish-break.png\",\"width\":323,\"height\":37,\"caption\":\"Spanish Break\"},\"image\":{\"@id\":\"https:\/\/spanishbreak.com\/#\/schema\/logo\/image\/\"},\"sameAs\":[\"https:\/\/www.facebook.com\/spanishbreak\",\"https:\/\/www.instagram.com\/spanishbreakbcn\/\"]}]}<\/script>\n<!-- \/ Yoast SEO plugin. -->","yoast_head_json":{"title":"REPAS TAPAS + SANGRIA \u00e0 Barcelone","description":"Savourez un d\u00e9licieux repas de tapas avec sangria. D\u00e9couvrez les saveurs de l\u2019Espagne dans une atmosph\u00e8re vibrante et anim\u00e9e.","robots":{"index":"index","follow":"follow","max-snippet":"max-snippet:-1","max-image-preview":"max-image-preview:large","max-video-preview":"max-video-preview:-1"},"canonical":"https:\/\/spanishbreak.com\/fr\/product\/repas-tapas-sangria\/","og_locale":"fr_FR","og_type":"article","og_title":"REPAS TAPAS + SANGRIA \u00e0 Barcelone","og_description":"Savourez un d\u00e9licieux repas de tapas avec sangria. D\u00e9couvrez les saveurs de l\u2019Espagne dans une atmosph\u00e8re vibrante et anim\u00e9e.","og_url":"https:\/\/spanishbreak.com\/fr\/product\/repas-tapas-sangria\/","og_site_name":"Spanishbreak","article_publisher":"https:\/\/www.facebook.com\/spanishbreak","article_modified_time":"2025-12-17T12:35:39+00:00","og_image":[{"width":2560,"height":1707,"url":"https:\/\/spanishbreak.com\/wp-content\/uploads\/2024\/06\/Depositphotos_27930393_original-scaled.jpg","type":"image\/jpeg"}],"twitter_card":"summary_large_image","twitter_misc":{"Dur\u00e9e de lecture estim\u00e9e":"1 minute"},"schema":{"@context":"https:\/\/schema.org","@graph":[{"@type":["WebPage","ItemPage"],"@id":"https:\/\/spanishbreak.com\/fr\/product\/repas-tapas-sangria\/","url":"https:\/\/spanishbreak.com\/fr\/product\/repas-tapas-sangria\/","name":"REPAS TAPAS + SANGRIA \u00e0 Barcelone","isPartOf":{"@id":"https:\/\/spanishbreak.com\/#website"},"primaryImageOfPage":{"@id":"https:\/\/spanishbreak.com\/fr\/product\/repas-tapas-sangria\/#primaryimage"},"image":{"@id":"https:\/\/spanishbreak.com\/fr\/product\/repas-tapas-sangria\/#primaryimage"},"thumbnailUrl":"https:\/\/spanishbreak.com\/wp-content\/uploads\/2024\/06\/Depositphotos_27930393_original-scaled.jpg","datePublished":"2024-06-26T08:16:10+00:00","dateModified":"2025-12-17T12:35:39+00:00","description":"Savourez un d\u00e9licieux repas de tapas avec sangria. D\u00e9couvrez les saveurs de l\u2019Espagne dans une atmosph\u00e8re vibrante et anim\u00e9e.","breadcrumb":{"@id":"https:\/\/spanishbreak.com\/fr\/product\/repas-tapas-sangria\/#breadcrumb"},"inLanguage":"fr-FR","potentialAction":[{"@type":"ReadAction","target":["https:\/\/spanishbreak.com\/fr\/product\/repas-tapas-sangria\/"]}]},{"@type":"ImageObject","inLanguage":"fr-FR","@id":"https:\/\/spanishbreak.com\/fr\/product\/repas-tapas-sangria\/#primaryimage","url":"https:\/\/spanishbreak.com\/wp-content\/uploads\/2024\/06\/Depositphotos_27930393_original-scaled.jpg","contentUrl":"https:\/\/spanishbreak.com\/wp-content\/uploads\/2024\/06\/Depositphotos_27930393_original-scaled.jpg","width":2560,"height":1707,"caption":"Closeup of Spanish tapas"},{"@type":"BreadcrumbList","@id":"https:\/\/spanishbreak.com\/fr\/product\/repas-tapas-sangria\/#breadcrumb","itemListElement":[{"@type":"ListItem","position":1,"name":"Home","item":"https:\/\/spanishbreak.com\/"},{"@type":"ListItem","position":2,"name":"Boutique","item":"https:\/\/spanishbreak.com\/boutique\/?lang=fr"},{"@type":"ListItem","position":3,"name":"REPAS TAPAS + SANGRIA \u00e0 Barcelone"}]},{"@type":"WebSite","@id":"https:\/\/spanishbreak.com\/#website","url":"https:\/\/spanishbreak.com\/","name":"Spanish Break","description":"Otro sitio realizado con WordPress","publisher":{"@id":"https:\/\/spanishbreak.com\/#organization"},"potentialAction":[{"@type":"SearchAction","target":{"@type":"EntryPoint","urlTemplate":"https:\/\/spanishbreak.com\/?s={search_term_string}"},"query-input":{"@type":"PropertyValueSpecification","valueRequired":true,"valueName":"search_term_string"}}],"inLanguage":"fr-FR"},{"@type":"Organization","@id":"https:\/\/spanishbreak.com\/#organization","name":"Spanish Break","url":"https:\/\/spanishbreak.com\/","logo":{"@type":"ImageObject","inLanguage":"fr-FR","@id":"https:\/\/spanishbreak.com\/#\/schema\/logo\/image\/","url":"https:\/\/spanishbreak.com\/wp-content\/uploads\/2024\/03\/logo-spanish-break.png","contentUrl":"https:\/\/spanishbreak.com\/wp-content\/uploads\/2024\/03\/logo-spanish-break.png","width":323,"height":37,"caption":"Spanish Break"},"image":{"@id":"https:\/\/spanishbreak.com\/#\/schema\/logo\/image\/"},"sameAs":["https:\/\/www.facebook.com\/spanishbreak","https:\/\/www.instagram.com\/spanishbreakbcn\/"]}]}},"_links":{"self":[{"href":"https:\/\/spanishbreak.com\/fr\/wp-json\/wp\/v2\/product\/7276","targetHints":{"allow":["GET"]}}],"collection":[{"href":"https:\/\/spanishbreak.com\/fr\/wp-json\/wp\/v2\/product"}],"about":[{"href":"https:\/\/spanishbreak.com\/fr\/wp-json\/wp\/v2\/types\/product"}],"replies":[{"embeddable":true,"href":"https:\/\/spanishbreak.com\/fr\/wp-json\/wp\/v2\/comments?post=7276"}],"wp:featuredmedia":[{"embeddable":true,"href":"https:\/\/spanishbreak.com\/fr\/wp-json\/wp\/v2\/media\/7267"}],"wp:attachment":[{"href":"https:\/\/spanishbreak.com\/fr\/wp-json\/wp\/v2\/media?parent=7276"}],"wp:term":[{"taxonomy":"product_brand","embeddable":true,"href":"https:\/\/spanishbreak.com\/fr\/wp-json\/wp\/v2\/product_brand?post=7276"},{"taxonomy":"product_cat","embeddable":true,"href":"https:\/\/spanishbreak.com\/fr\/wp-json\/wp\/v2\/product_cat?post=7276"},{"taxonomy":"product_tag","embeddable":true,"href":"https:\/\/spanishbreak.com\/fr\/wp-json\/wp\/v2\/product_tag?post=7276"}],"curies":[{"name":"wp","href":"https:\/\/api.w.org\/{rel}","templated":true}]}}