{"id":7303,"date":"2024-06-26T11:38:17","date_gmt":"2024-06-26T09:38:17","guid":{"rendered":"https:\/\/spanishbreak.com\/producto\/jetcar\/"},"modified":"2025-12-17T13:34:54","modified_gmt":"2025-12-17T12:34:54","slug":"jetcar","status":"publish","type":"product","link":"https:\/\/spanishbreak.com\/fr\/product\/jetcar\/","title":{"rendered":"JetCar \u00e0 Barcelone"},"content":{"rendered":"<p><strong>Survolez la mer \u00e0 bord d&rsquo;une voiture de luxe.<\/strong><\/p>\n<p>Envie de combiner votre amour des voitures rapides et votre sens de l&rsquo;aventure ? Une exp\u00e9rience inoubliable \u00e0 bord d&rsquo;un jetcar Lamborghini 130 ch est l&rsquo;activit\u00e9 id\u00e9ale pour vous ! Vous vous sentirez comme James Bond dans ses films, naviguant au-dessus de la mer \u00e0 pleine vitesse.<\/p>\n<p>La voiture ressemble \u00e0 un jet-ski, mais elle est r\u00e9gl\u00e9e comme un v\u00e9hicule de luxe, id\u00e9al pour naviguer avec style sur les mers. Vous pouvez choisir entre 30 minutes ou 1 heure de conduite. Vous pouvez aller jusqu&rsquo;\u00e0 3 personnes et, pendant la dur\u00e9e de la navigation, vous pourrez changer de conducteur.<\/p>\n<p>Il s&rsquo;agit d&rsquo;une nouvelle activit\u00e9 \u00e0 Barcelone, vous serez donc l&rsquo;un des premiers \u00e0 l&rsquo;essayer.<\/p>\n","protected":false},"excerpt":{"rendered":"<p>Survolez la mer \u00e0 bord d&rsquo;une voiture de luxe. Envie de combiner votre amour des voitures rapides et votre sens de l&rsquo;aventure ? Une exp\u00e9rience inoubliable \u00e0 bord d&rsquo;un jetcar Lamborghini 130 ch est l&rsquo;activit\u00e9 id\u00e9ale pour vous ! Vous vous sentirez comme James Bond dans ses films, naviguant au-dessus de la mer \u00e0 pleine [&hellip;]<\/p>\n","protected":false},"featured_media":7302,"comment_status":"closed","ping_status":"closed","template":"","meta":{"site-sidebar-layout":"default","site-content-layout":"","ast-site-content-layout":"default","site-content-style":"default","site-sidebar-style":"default","ast-global-header-display":"","ast-banner-title-visibility":"","ast-main-header-display":"","ast-hfb-above-header-display":"","ast-hfb-below-header-display":"","ast-hfb-mobile-header-display":"","site-post-title":"","ast-breadcrumbs-content":"","ast-featured-img":"","footer-sml-layout":"","theme-transparent-header-meta":"default","adv-header-id-meta":"","stick-header-meta":"","header-above-stick-meta":"","header-main-stick-meta":"","header-below-stick-meta":"","astra-migrate-meta-layouts":"set","ast-page-background-enabled":"default","ast-page-background-meta":{"desktop":{"background-color":"var(--ast-global-color-4)","background-image":"","background-repeat":"repeat","background-position":"center center","background-size":"auto","background-attachment":"scroll","background-type":"","background-media":"","overlay-type":"","overlay-color":"","overlay-opacity":"","overlay-gradient":""},"tablet":{"background-color":"","background-image":"","background-repeat":"repeat","background-position":"center center","background-size":"auto","background-attachment":"scroll","background-type":"","background-media":"","overlay-type":"","overlay-color":"","overlay-opacity":"","overlay-gradient":""},"mobile":{"background-color":"","background-image":"","background-repeat":"repeat","background-position":"center center","background-size":"auto","background-attachment":"scroll","background-type":"","background-media":"","overlay-type":"","overlay-color":"","overlay-opacity":"","overlay-gradient":""}},"ast-content-background-meta":{"desktop":{"background-color":"var(--ast-global-color-5)","background-image":"","background-repeat":"repeat","background-position":"center center","background-size":"auto","background-attachment":"scroll","background-type":"","background-media":"","overlay-type":"","overlay-color":"","overlay-opacity":"","overlay-gradient":""},"tablet":{"background-color":"var(--ast-global-color-5)","background-image":"","background-repeat":"repeat","background-position":"center center","background-size":"auto","background-attachment":"scroll","background-type":"","background-media":"","overlay-type":"","overlay-color":"","overlay-opacity":"","overlay-gradient":""},"mobile":{"background-color":"var(--ast-global-color-5)","background-image":"","background-repeat":"repeat","background-position":"center center","background-size":"auto","background-attachment":"scroll","background-type":"","background-media":"","overlay-type":"","overlay-color":"","overlay-opacity":"","overlay-gradient":""}},"repeater_packs":""},"product_brand":[],"product_cat":[68,66,70,73],"product_tag":[],"class_list":{"0":"post-7303","1":"product","2":"type-product","3":"status-publish","4":"has-post-thumbnail","6":"product_cat-day-time-activities","7":"product_cat-hen-fr-2","8":"product_cat-newest-fr-2","9":"product_cat-stag-fr","10":"desktop-align-left","11":"tablet-align-left","12":"mobile-align-left","14":"first","15":"instock","16":"shipping-taxable","17":"product-type-simple"},"yoast_head":"<!-- This site is optimized with the Yoast SEO plugin v26.8 - https:\/\/yoast.com\/product\/yoast-seo-wordpress\/ -->\n<title>JetCar \u00e0 Barcelone - Une exp\u00e9rience unique<\/title>\n<meta name=\"description\" content=\"D\u00e9couvrez une alternative audacieuse au jetski \u00e0 Barcelone : le Jetcar, une exp\u00e9rience sur l&#039;eau qui vous promet des sensations in\u00e9dites et inoubliables.\" \/>\n<meta name=\"robots\" content=\"index, follow, max-snippet:-1, max-image-preview:large, max-video-preview:-1\" \/>\n<link rel=\"canonical\" href=\"https:\/\/spanishbreak.com\/fr\/product\/jetcar\/\" \/>\n<meta property=\"og:locale\" content=\"fr_FR\" \/>\n<meta property=\"og:type\" content=\"article\" \/>\n<meta property=\"og:title\" content=\"JetCar \u00e0 Barcelone - Une exp\u00e9rience unique\" \/>\n<meta property=\"og:description\" content=\"D\u00e9couvrez une alternative audacieuse au jetski \u00e0 Barcelone : le Jetcar, une exp\u00e9rience sur l&#039;eau qui vous promet des sensations in\u00e9dites et inoubliables.\" \/>\n<meta property=\"og:url\" content=\"https:\/\/spanishbreak.com\/fr\/product\/jetcar\/\" \/>\n<meta property=\"og:site_name\" content=\"Spanishbreak\" \/>\n<meta property=\"article:publisher\" content=\"https:\/\/www.facebook.com\/spanishbreak\" \/>\n<meta property=\"article:modified_time\" content=\"2025-12-17T12:34:54+00:00\" \/>\n<meta property=\"og:image\" content=\"https:\/\/spanishbreak.com\/wp-content\/uploads\/2024\/06\/Jetcar.png\" \/>\n\t<meta property=\"og:image:width\" content=\"280\" \/>\n\t<meta property=\"og:image:height\" content=\"187\" \/>\n\t<meta property=\"og:image:type\" content=\"image\/png\" \/>\n<meta name=\"twitter:card\" content=\"summary_large_image\" \/>\n<meta name=\"twitter:label1\" content=\"Dur\u00e9e de lecture estim\u00e9e\" \/>\n\t<meta name=\"twitter:data1\" content=\"1 minute\" \/>\n<script type=\"application\/ld+json\" class=\"yoast-schema-graph\">{\"@context\":\"https:\/\/schema.org\",\"@graph\":[{\"@type\":[\"WebPage\",\"ItemPage\"],\"@id\":\"https:\/\/spanishbreak.com\/fr\/product\/jetcar\/\",\"url\":\"https:\/\/spanishbreak.com\/fr\/product\/jetcar\/\",\"name\":\"JetCar \u00e0 Barcelone - Une exp\u00e9rience unique\",\"isPartOf\":{\"@id\":\"https:\/\/spanishbreak.com\/#website\"},\"primaryImageOfPage\":{\"@id\":\"https:\/\/spanishbreak.com\/fr\/product\/jetcar\/#primaryimage\"},\"image\":{\"@id\":\"https:\/\/spanishbreak.com\/fr\/product\/jetcar\/#primaryimage\"},\"thumbnailUrl\":\"https:\/\/spanishbreak.com\/wp-content\/uploads\/2024\/06\/Jetcar.png\",\"datePublished\":\"2024-06-26T09:38:17+00:00\",\"dateModified\":\"2025-12-17T12:34:54+00:00\",\"description\":\"D\u00e9couvrez une alternative audacieuse au jetski \u00e0 Barcelone : le Jetcar, une exp\u00e9rience sur l'eau qui vous promet des sensations in\u00e9dites et inoubliables.\",\"breadcrumb\":{\"@id\":\"https:\/\/spanishbreak.com\/fr\/product\/jetcar\/#breadcrumb\"},\"inLanguage\":\"fr-FR\",\"potentialAction\":[{\"@type\":\"ReadAction\",\"target\":[\"https:\/\/spanishbreak.com\/fr\/product\/jetcar\/\"]}]},{\"@type\":\"ImageObject\",\"inLanguage\":\"fr-FR\",\"@id\":\"https:\/\/spanishbreak.com\/fr\/product\/jetcar\/#primaryimage\",\"url\":\"https:\/\/spanishbreak.com\/wp-content\/uploads\/2024\/06\/Jetcar.png\",\"contentUrl\":\"https:\/\/spanishbreak.com\/wp-content\/uploads\/2024\/06\/Jetcar.png\",\"width\":280,\"height\":187},{\"@type\":\"BreadcrumbList\",\"@id\":\"https:\/\/spanishbreak.com\/fr\/product\/jetcar\/#breadcrumb\",\"itemListElement\":[{\"@type\":\"ListItem\",\"position\":1,\"name\":\"Home\",\"item\":\"https:\/\/spanishbreak.com\/\"},{\"@type\":\"ListItem\",\"position\":2,\"name\":\"Boutique\",\"item\":\"https:\/\/spanishbreak.com\/boutique\/?lang=fr\"},{\"@type\":\"ListItem\",\"position\":3,\"name\":\"JetCar \u00e0 Barcelone\"}]},{\"@type\":\"WebSite\",\"@id\":\"https:\/\/spanishbreak.com\/#website\",\"url\":\"https:\/\/spanishbreak.com\/\",\"name\":\"Spanish Break\",\"description\":\"Otro sitio realizado con WordPress\",\"publisher\":{\"@id\":\"https:\/\/spanishbreak.com\/#organization\"},\"potentialAction\":[{\"@type\":\"SearchAction\",\"target\":{\"@type\":\"EntryPoint\",\"urlTemplate\":\"https:\/\/spanishbreak.com\/?s={search_term_string}\"},\"query-input\":{\"@type\":\"PropertyValueSpecification\",\"valueRequired\":true,\"valueName\":\"search_term_string\"}}],\"inLanguage\":\"fr-FR\"},{\"@type\":\"Organization\",\"@id\":\"https:\/\/spanishbreak.com\/#organization\",\"name\":\"Spanish Break\",\"url\":\"https:\/\/spanishbreak.com\/\",\"logo\":{\"@type\":\"ImageObject\",\"inLanguage\":\"fr-FR\",\"@id\":\"https:\/\/spanishbreak.com\/#\/schema\/logo\/image\/\",\"url\":\"https:\/\/spanishbreak.com\/wp-content\/uploads\/2024\/03\/logo-spanish-break.png\",\"contentUrl\":\"https:\/\/spanishbreak.com\/wp-content\/uploads\/2024\/03\/logo-spanish-break.png\",\"width\":323,\"height\":37,\"caption\":\"Spanish Break\"},\"image\":{\"@id\":\"https:\/\/spanishbreak.com\/#\/schema\/logo\/image\/\"},\"sameAs\":[\"https:\/\/www.facebook.com\/spanishbreak\",\"https:\/\/www.instagram.com\/spanishbreakbcn\/\"]}]}<\/script>\n<!-- \/ Yoast SEO plugin. -->","yoast_head_json":{"title":"JetCar \u00e0 Barcelone - Une exp\u00e9rience unique","description":"D\u00e9couvrez une alternative audacieuse au jetski \u00e0 Barcelone : le Jetcar, une exp\u00e9rience sur l'eau qui vous promet des sensations in\u00e9dites et inoubliables.","robots":{"index":"index","follow":"follow","max-snippet":"max-snippet:-1","max-image-preview":"max-image-preview:large","max-video-preview":"max-video-preview:-1"},"canonical":"https:\/\/spanishbreak.com\/fr\/product\/jetcar\/","og_locale":"fr_FR","og_type":"article","og_title":"JetCar \u00e0 Barcelone - Une exp\u00e9rience unique","og_description":"D\u00e9couvrez une alternative audacieuse au jetski \u00e0 Barcelone : le Jetcar, une exp\u00e9rience sur l'eau qui vous promet des sensations in\u00e9dites et inoubliables.","og_url":"https:\/\/spanishbreak.com\/fr\/product\/jetcar\/","og_site_name":"Spanishbreak","article_publisher":"https:\/\/www.facebook.com\/spanishbreak","article_modified_time":"2025-12-17T12:34:54+00:00","og_image":[{"width":280,"height":187,"url":"https:\/\/spanishbreak.com\/wp-content\/uploads\/2024\/06\/Jetcar.png","type":"image\/png"}],"twitter_card":"summary_large_image","twitter_misc":{"Dur\u00e9e de lecture estim\u00e9e":"1 minute"},"schema":{"@context":"https:\/\/schema.org","@graph":[{"@type":["WebPage","ItemPage"],"@id":"https:\/\/spanishbreak.com\/fr\/product\/jetcar\/","url":"https:\/\/spanishbreak.com\/fr\/product\/jetcar\/","name":"JetCar \u00e0 Barcelone - Une exp\u00e9rience unique","isPartOf":{"@id":"https:\/\/spanishbreak.com\/#website"},"primaryImageOfPage":{"@id":"https:\/\/spanishbreak.com\/fr\/product\/jetcar\/#primaryimage"},"image":{"@id":"https:\/\/spanishbreak.com\/fr\/product\/jetcar\/#primaryimage"},"thumbnailUrl":"https:\/\/spanishbreak.com\/wp-content\/uploads\/2024\/06\/Jetcar.png","datePublished":"2024-06-26T09:38:17+00:00","dateModified":"2025-12-17T12:34:54+00:00","description":"D\u00e9couvrez une alternative audacieuse au jetski \u00e0 Barcelone : le Jetcar, une exp\u00e9rience sur l'eau qui vous promet des sensations in\u00e9dites et inoubliables.","breadcrumb":{"@id":"https:\/\/spanishbreak.com\/fr\/product\/jetcar\/#breadcrumb"},"inLanguage":"fr-FR","potentialAction":[{"@type":"ReadAction","target":["https:\/\/spanishbreak.com\/fr\/product\/jetcar\/"]}]},{"@type":"ImageObject","inLanguage":"fr-FR","@id":"https:\/\/spanishbreak.com\/fr\/product\/jetcar\/#primaryimage","url":"https:\/\/spanishbreak.com\/wp-content\/uploads\/2024\/06\/Jetcar.png","contentUrl":"https:\/\/spanishbreak.com\/wp-content\/uploads\/2024\/06\/Jetcar.png","width":280,"height":187},{"@type":"BreadcrumbList","@id":"https:\/\/spanishbreak.com\/fr\/product\/jetcar\/#breadcrumb","itemListElement":[{"@type":"ListItem","position":1,"name":"Home","item":"https:\/\/spanishbreak.com\/"},{"@type":"ListItem","position":2,"name":"Boutique","item":"https:\/\/spanishbreak.com\/boutique\/?lang=fr"},{"@type":"ListItem","position":3,"name":"JetCar \u00e0 Barcelone"}]},{"@type":"WebSite","@id":"https:\/\/spanishbreak.com\/#website","url":"https:\/\/spanishbreak.com\/","name":"Spanish Break","description":"Otro sitio realizado con WordPress","publisher":{"@id":"https:\/\/spanishbreak.com\/#organization"},"potentialAction":[{"@type":"SearchAction","target":{"@type":"EntryPoint","urlTemplate":"https:\/\/spanishbreak.com\/?s={search_term_string}"},"query-input":{"@type":"PropertyValueSpecification","valueRequired":true,"valueName":"search_term_string"}}],"inLanguage":"fr-FR"},{"@type":"Organization","@id":"https:\/\/spanishbreak.com\/#organization","name":"Spanish Break","url":"https:\/\/spanishbreak.com\/","logo":{"@type":"ImageObject","inLanguage":"fr-FR","@id":"https:\/\/spanishbreak.com\/#\/schema\/logo\/image\/","url":"https:\/\/spanishbreak.com\/wp-content\/uploads\/2024\/03\/logo-spanish-break.png","contentUrl":"https:\/\/spanishbreak.com\/wp-content\/uploads\/2024\/03\/logo-spanish-break.png","width":323,"height":37,"caption":"Spanish Break"},"image":{"@id":"https:\/\/spanishbreak.com\/#\/schema\/logo\/image\/"},"sameAs":["https:\/\/www.facebook.com\/spanishbreak","https:\/\/www.instagram.com\/spanishbreakbcn\/"]}]}},"_links":{"self":[{"href":"https:\/\/spanishbreak.com\/fr\/wp-json\/wp\/v2\/product\/7303","targetHints":{"allow":["GET"]}}],"collection":[{"href":"https:\/\/spanishbreak.com\/fr\/wp-json\/wp\/v2\/product"}],"about":[{"href":"https:\/\/spanishbreak.com\/fr\/wp-json\/wp\/v2\/types\/product"}],"replies":[{"embeddable":true,"href":"https:\/\/spanishbreak.com\/fr\/wp-json\/wp\/v2\/comments?post=7303"}],"wp:featuredmedia":[{"embeddable":true,"href":"https:\/\/spanishbreak.com\/fr\/wp-json\/wp\/v2\/media\/7302"}],"wp:attachment":[{"href":"https:\/\/spanishbreak.com\/fr\/wp-json\/wp\/v2\/media?parent=7303"}],"wp:term":[{"taxonomy":"product_brand","embeddable":true,"href":"https:\/\/spanishbreak.com\/fr\/wp-json\/wp\/v2\/product_brand?post=7303"},{"taxonomy":"product_cat","embeddable":true,"href":"https:\/\/spanishbreak.com\/fr\/wp-json\/wp\/v2\/product_cat?post=7303"},{"taxonomy":"product_tag","embeddable":true,"href":"https:\/\/spanishbreak.com\/fr\/wp-json\/wp\/v2\/product_tag?post=7303"}],"curies":[{"name":"wp","href":"https:\/\/api.w.org\/{rel}","templated":true}]}}