{"id":7363,"date":"2024-06-27T14:59:36","date_gmt":"2024-06-27T12:59:36","guid":{"rendered":"https:\/\/spanishbreak.com\/producto\/silent-dance-tour\/"},"modified":"2025-12-17T13:31:53","modified_gmt":"2025-12-17T12:31:53","slug":"silent-dance-tour","status":"publish","type":"product","link":"https:\/\/spanishbreak.com\/fr\/product\/silent-dance-tour\/","title":{"rendered":"Silent Dance Tour \u00e0 Barcelone"},"content":{"rendered":"<h1>Silent Disco Tour Barcelona : L&rsquo;exp\u00e9rience de la discoth\u00e8que silencieuse en ville<\/h1>\n<p>D\u00e9couvrez la fusion urbaine et amusez-vous avec le Silent Disco Tour \u00e0 Barcelone.<br \/>\nVous cherchez une exp\u00e9rience unique et amusante \u00e0 Barcelone ? Ne cherchez pas plus loin ! Le Silent Disco Tour de SpanishBreak est l&rsquo;option parfaite pour vous et vos amis. Plongez dans la f\u00eate urbaine, la danse, les jeux participatifs et la meilleure musique qui soit.<\/p>\n<h2>Qu&rsquo;est-ce que le Silent Disco Tour ?<\/h2>\n<p>Le Silent Disco Tour est une exp\u00e9rience de discoth\u00e8que silencieuse qui vous permet de danser, de chanter et d&rsquo;appr\u00e9cier la musique tout en explorant les quartiers historiques et embl\u00e9matiques de Barcelone. Gr\u00e2ce aux derni\u00e8res avanc\u00e9es technologiques en mati\u00e8re de casques LED sans fil, vous serez guid\u00e9 par un guide-animateur amusant qui vous fera d\u00e9couvrir les secrets cach\u00e9s des sites les plus c\u00e9l\u00e8bres de la ville.<\/p>\n<h2>Pourquoi choisir le Silent Disco Tour ?<\/h2>\n<p>Le Silent Disco Tour est unique et diff\u00e9rent. Elle vous offre la possibilit\u00e9 de danser, de rire, de chanter et de vous amuser avec vos amis dans le cadre d&rsquo;une activit\u00e9 de rue amusante. De plus, il y a un prix sp\u00e9cial pour la star de la tourn\u00e9e, alors pr\u00e9parez-vous \u00e0 d\u00e9fier vos amis pour \u00eatre le meilleur. Que vous soyez timide ou non, laissez tomber la g\u00eane et participez \u00e0 cette exp\u00e9rience inoubliable.<\/p>\n","protected":false},"excerpt":{"rendered":"<p>Silent Disco Tour Barcelona : L&rsquo;exp\u00e9rience de la discoth\u00e8que silencieuse en ville D\u00e9couvrez la fusion urbaine et amusez-vous avec le Silent Disco Tour \u00e0 Barcelone. Vous cherchez une exp\u00e9rience unique et amusante \u00e0 Barcelone ? Ne cherchez pas plus loin ! Le Silent Disco Tour de SpanishBreak est l&rsquo;option parfaite pour vous et vos amis. [&hellip;]<\/p>\n","protected":false},"featured_media":4937,"comment_status":"closed","ping_status":"closed","template":"","meta":{"site-sidebar-layout":"default","site-content-layout":"","ast-site-content-layout":"default","site-content-style":"default","site-sidebar-style":"default","ast-global-header-display":"","ast-banner-title-visibility":"","ast-main-header-display":"","ast-hfb-above-header-display":"","ast-hfb-below-header-display":"","ast-hfb-mobile-header-display":"","site-post-title":"","ast-breadcrumbs-content":"","ast-featured-img":"","footer-sml-layout":"","theme-transparent-header-meta":"default","adv-header-id-meta":"","stick-header-meta":"","header-above-stick-meta":"","header-main-stick-meta":"","header-below-stick-meta":"","astra-migrate-meta-layouts":"set","ast-page-background-enabled":"default","ast-page-background-meta":{"desktop":{"background-color":"var(--ast-global-color-4)","background-image":"","background-repeat":"repeat","background-position":"center center","background-size":"auto","background-attachment":"scroll","background-type":"","background-media":"","overlay-type":"","overlay-color":"","overlay-opacity":"","overlay-gradient":""},"tablet":{"background-color":"","background-image":"","background-repeat":"repeat","background-position":"center center","background-size":"auto","background-attachment":"scroll","background-type":"","background-media":"","overlay-type":"","overlay-color":"","overlay-opacity":"","overlay-gradient":""},"mobile":{"background-color":"","background-image":"","background-repeat":"repeat","background-position":"center center","background-size":"auto","background-attachment":"scroll","background-type":"","background-media":"","overlay-type":"","overlay-color":"","overlay-opacity":"","overlay-gradient":""}},"ast-content-background-meta":{"desktop":{"background-color":"var(--ast-global-color-5)","background-image":"","background-repeat":"repeat","background-position":"center center","background-size":"auto","background-attachment":"scroll","background-type":"","background-media":"","overlay-type":"","overlay-color":"","overlay-opacity":"","overlay-gradient":""},"tablet":{"background-color":"var(--ast-global-color-5)","background-image":"","background-repeat":"repeat","background-position":"center center","background-size":"auto","background-attachment":"scroll","background-type":"","background-media":"","overlay-type":"","overlay-color":"","overlay-opacity":"","overlay-gradient":""},"mobile":{"background-color":"var(--ast-global-color-5)","background-image":"","background-repeat":"repeat","background-position":"center center","background-size":"auto","background-attachment":"scroll","background-type":"","background-media":"","overlay-type":"","overlay-color":"","overlay-opacity":"","overlay-gradient":""}},"repeater_packs":""},"product_brand":[],"product_cat":[68,66,70,73],"product_tag":[],"class_list":{"0":"post-7363","1":"product","2":"type-product","3":"status-publish","4":"has-post-thumbnail","6":"product_cat-day-time-activities","7":"product_cat-hen-fr-2","8":"product_cat-newest-fr-2","9":"product_cat-stag-fr","10":"desktop-align-left","11":"tablet-align-left","12":"mobile-align-left","14":"first","15":"instock","16":"shipping-taxable","17":"product-type-simple"},"yoast_head":"<!-- This site is optimized with the Yoast SEO plugin v26.8 - https:\/\/yoast.com\/product\/yoast-seo-wordpress\/ -->\n<title>Silent Dance Tour \u00e0 Barcelone - D\u00e9couvrez une exp\u00e9rience unique<\/title>\n<meta name=\"description\" content=\"D\u00e9couvrez notre visite guid\u00e9e Silent Dance Tour \u00e0 Barcelone, une exp\u00e9rience unique m\u00ealant musique, danse et d\u00e9couverte de la ville.\" \/>\n<meta name=\"robots\" content=\"index, follow, max-snippet:-1, max-image-preview:large, max-video-preview:-1\" \/>\n<link rel=\"canonical\" href=\"https:\/\/spanishbreak.com\/fr\/product\/silent-dance-tour\/\" \/>\n<meta property=\"og:locale\" content=\"fr_FR\" \/>\n<meta property=\"og:type\" content=\"article\" \/>\n<meta property=\"og:title\" content=\"Silent Dance Tour \u00e0 Barcelone - D\u00e9couvrez une exp\u00e9rience unique\" \/>\n<meta property=\"og:description\" content=\"D\u00e9couvrez notre visite guid\u00e9e Silent Dance Tour \u00e0 Barcelone, une exp\u00e9rience unique m\u00ealant musique, danse et d\u00e9couverte de la ville.\" \/>\n<meta property=\"og:url\" content=\"https:\/\/spanishbreak.com\/fr\/product\/silent-dance-tour\/\" \/>\n<meta property=\"og:site_name\" content=\"Spanishbreak\" \/>\n<meta property=\"article:publisher\" content=\"https:\/\/www.facebook.com\/spanishbreak\" \/>\n<meta property=\"article:modified_time\" content=\"2025-12-17T12:31:53+00:00\" \/>\n<meta property=\"og:image\" content=\"https:\/\/spanishbreak.com\/wp-content\/uploads\/2023\/07\/Silent-Dance-Tour.jpg\" \/>\n\t<meta property=\"og:image:width\" content=\"768\" \/>\n\t<meta property=\"og:image:height\" content=\"512\" \/>\n\t<meta property=\"og:image:type\" content=\"image\/jpeg\" \/>\n<meta name=\"twitter:card\" content=\"summary_large_image\" \/>\n<meta name=\"twitter:label1\" content=\"Dur\u00e9e de lecture estim\u00e9e\" \/>\n\t<meta name=\"twitter:data1\" content=\"2 minutes\" \/>\n<script type=\"application\/ld+json\" class=\"yoast-schema-graph\">{\"@context\":\"https:\/\/schema.org\",\"@graph\":[{\"@type\":[\"WebPage\",\"ItemPage\"],\"@id\":\"https:\/\/spanishbreak.com\/fr\/product\/silent-dance-tour\/\",\"url\":\"https:\/\/spanishbreak.com\/fr\/product\/silent-dance-tour\/\",\"name\":\"Silent Dance Tour \u00e0 Barcelone - D\u00e9couvrez une exp\u00e9rience unique\",\"isPartOf\":{\"@id\":\"https:\/\/spanishbreak.com\/#website\"},\"primaryImageOfPage\":{\"@id\":\"https:\/\/spanishbreak.com\/fr\/product\/silent-dance-tour\/#primaryimage\"},\"image\":{\"@id\":\"https:\/\/spanishbreak.com\/fr\/product\/silent-dance-tour\/#primaryimage\"},\"thumbnailUrl\":\"https:\/\/spanishbreak.com\/wp-content\/uploads\/2023\/07\/Silent-Dance-Tour.jpg\",\"datePublished\":\"2024-06-27T12:59:36+00:00\",\"dateModified\":\"2025-12-17T12:31:53+00:00\",\"description\":\"D\u00e9couvrez notre visite guid\u00e9e Silent Dance Tour \u00e0 Barcelone, une exp\u00e9rience unique m\u00ealant musique, danse et d\u00e9couverte de la ville.\",\"breadcrumb\":{\"@id\":\"https:\/\/spanishbreak.com\/fr\/product\/silent-dance-tour\/#breadcrumb\"},\"inLanguage\":\"fr-FR\",\"potentialAction\":[{\"@type\":\"ReadAction\",\"target\":[\"https:\/\/spanishbreak.com\/fr\/product\/silent-dance-tour\/\"]}]},{\"@type\":\"ImageObject\",\"inLanguage\":\"fr-FR\",\"@id\":\"https:\/\/spanishbreak.com\/fr\/product\/silent-dance-tour\/#primaryimage\",\"url\":\"https:\/\/spanishbreak.com\/wp-content\/uploads\/2023\/07\/Silent-Dance-Tour.jpg\",\"contentUrl\":\"https:\/\/spanishbreak.com\/wp-content\/uploads\/2023\/07\/Silent-Dance-Tour.jpg\",\"width\":768,\"height\":512},{\"@type\":\"BreadcrumbList\",\"@id\":\"https:\/\/spanishbreak.com\/fr\/product\/silent-dance-tour\/#breadcrumb\",\"itemListElement\":[{\"@type\":\"ListItem\",\"position\":1,\"name\":\"Home\",\"item\":\"https:\/\/spanishbreak.com\/\"},{\"@type\":\"ListItem\",\"position\":2,\"name\":\"Boutique\",\"item\":\"https:\/\/spanishbreak.com\/boutique\/?lang=fr\"},{\"@type\":\"ListItem\",\"position\":3,\"name\":\"Silent Dance Tour \u00e0 Barcelone\"}]},{\"@type\":\"WebSite\",\"@id\":\"https:\/\/spanishbreak.com\/#website\",\"url\":\"https:\/\/spanishbreak.com\/\",\"name\":\"Spanish Break\",\"description\":\"Otro sitio realizado con WordPress\",\"publisher\":{\"@id\":\"https:\/\/spanishbreak.com\/#organization\"},\"potentialAction\":[{\"@type\":\"SearchAction\",\"target\":{\"@type\":\"EntryPoint\",\"urlTemplate\":\"https:\/\/spanishbreak.com\/?s={search_term_string}\"},\"query-input\":{\"@type\":\"PropertyValueSpecification\",\"valueRequired\":true,\"valueName\":\"search_term_string\"}}],\"inLanguage\":\"fr-FR\"},{\"@type\":\"Organization\",\"@id\":\"https:\/\/spanishbreak.com\/#organization\",\"name\":\"Spanish Break\",\"url\":\"https:\/\/spanishbreak.com\/\",\"logo\":{\"@type\":\"ImageObject\",\"inLanguage\":\"fr-FR\",\"@id\":\"https:\/\/spanishbreak.com\/#\/schema\/logo\/image\/\",\"url\":\"https:\/\/spanishbreak.com\/wp-content\/uploads\/2024\/03\/logo-spanish-break.png\",\"contentUrl\":\"https:\/\/spanishbreak.com\/wp-content\/uploads\/2024\/03\/logo-spanish-break.png\",\"width\":323,\"height\":37,\"caption\":\"Spanish Break\"},\"image\":{\"@id\":\"https:\/\/spanishbreak.com\/#\/schema\/logo\/image\/\"},\"sameAs\":[\"https:\/\/www.facebook.com\/spanishbreak\",\"https:\/\/www.instagram.com\/spanishbreakbcn\/\"]}]}<\/script>\n<!-- \/ Yoast SEO plugin. -->","yoast_head_json":{"title":"Silent Dance Tour \u00e0 Barcelone - D\u00e9couvrez une exp\u00e9rience unique","description":"D\u00e9couvrez notre visite guid\u00e9e Silent Dance Tour \u00e0 Barcelone, une exp\u00e9rience unique m\u00ealant musique, danse et d\u00e9couverte de la ville.","robots":{"index":"index","follow":"follow","max-snippet":"max-snippet:-1","max-image-preview":"max-image-preview:large","max-video-preview":"max-video-preview:-1"},"canonical":"https:\/\/spanishbreak.com\/fr\/product\/silent-dance-tour\/","og_locale":"fr_FR","og_type":"article","og_title":"Silent Dance Tour \u00e0 Barcelone - D\u00e9couvrez une exp\u00e9rience unique","og_description":"D\u00e9couvrez notre visite guid\u00e9e Silent Dance Tour \u00e0 Barcelone, une exp\u00e9rience unique m\u00ealant musique, danse et d\u00e9couverte de la ville.","og_url":"https:\/\/spanishbreak.com\/fr\/product\/silent-dance-tour\/","og_site_name":"Spanishbreak","article_publisher":"https:\/\/www.facebook.com\/spanishbreak","article_modified_time":"2025-12-17T12:31:53+00:00","og_image":[{"width":768,"height":512,"url":"https:\/\/spanishbreak.com\/wp-content\/uploads\/2023\/07\/Silent-Dance-Tour.jpg","type":"image\/jpeg"}],"twitter_card":"summary_large_image","twitter_misc":{"Dur\u00e9e de lecture estim\u00e9e":"2 minutes"},"schema":{"@context":"https:\/\/schema.org","@graph":[{"@type":["WebPage","ItemPage"],"@id":"https:\/\/spanishbreak.com\/fr\/product\/silent-dance-tour\/","url":"https:\/\/spanishbreak.com\/fr\/product\/silent-dance-tour\/","name":"Silent Dance Tour \u00e0 Barcelone - D\u00e9couvrez une exp\u00e9rience unique","isPartOf":{"@id":"https:\/\/spanishbreak.com\/#website"},"primaryImageOfPage":{"@id":"https:\/\/spanishbreak.com\/fr\/product\/silent-dance-tour\/#primaryimage"},"image":{"@id":"https:\/\/spanishbreak.com\/fr\/product\/silent-dance-tour\/#primaryimage"},"thumbnailUrl":"https:\/\/spanishbreak.com\/wp-content\/uploads\/2023\/07\/Silent-Dance-Tour.jpg","datePublished":"2024-06-27T12:59:36+00:00","dateModified":"2025-12-17T12:31:53+00:00","description":"D\u00e9couvrez notre visite guid\u00e9e Silent Dance Tour \u00e0 Barcelone, une exp\u00e9rience unique m\u00ealant musique, danse et d\u00e9couverte de la ville.","breadcrumb":{"@id":"https:\/\/spanishbreak.com\/fr\/product\/silent-dance-tour\/#breadcrumb"},"inLanguage":"fr-FR","potentialAction":[{"@type":"ReadAction","target":["https:\/\/spanishbreak.com\/fr\/product\/silent-dance-tour\/"]}]},{"@type":"ImageObject","inLanguage":"fr-FR","@id":"https:\/\/spanishbreak.com\/fr\/product\/silent-dance-tour\/#primaryimage","url":"https:\/\/spanishbreak.com\/wp-content\/uploads\/2023\/07\/Silent-Dance-Tour.jpg","contentUrl":"https:\/\/spanishbreak.com\/wp-content\/uploads\/2023\/07\/Silent-Dance-Tour.jpg","width":768,"height":512},{"@type":"BreadcrumbList","@id":"https:\/\/spanishbreak.com\/fr\/product\/silent-dance-tour\/#breadcrumb","itemListElement":[{"@type":"ListItem","position":1,"name":"Home","item":"https:\/\/spanishbreak.com\/"},{"@type":"ListItem","position":2,"name":"Boutique","item":"https:\/\/spanishbreak.com\/boutique\/?lang=fr"},{"@type":"ListItem","position":3,"name":"Silent Dance Tour \u00e0 Barcelone"}]},{"@type":"WebSite","@id":"https:\/\/spanishbreak.com\/#website","url":"https:\/\/spanishbreak.com\/","name":"Spanish Break","description":"Otro sitio realizado con WordPress","publisher":{"@id":"https:\/\/spanishbreak.com\/#organization"},"potentialAction":[{"@type":"SearchAction","target":{"@type":"EntryPoint","urlTemplate":"https:\/\/spanishbreak.com\/?s={search_term_string}"},"query-input":{"@type":"PropertyValueSpecification","valueRequired":true,"valueName":"search_term_string"}}],"inLanguage":"fr-FR"},{"@type":"Organization","@id":"https:\/\/spanishbreak.com\/#organization","name":"Spanish Break","url":"https:\/\/spanishbreak.com\/","logo":{"@type":"ImageObject","inLanguage":"fr-FR","@id":"https:\/\/spanishbreak.com\/#\/schema\/logo\/image\/","url":"https:\/\/spanishbreak.com\/wp-content\/uploads\/2024\/03\/logo-spanish-break.png","contentUrl":"https:\/\/spanishbreak.com\/wp-content\/uploads\/2024\/03\/logo-spanish-break.png","width":323,"height":37,"caption":"Spanish Break"},"image":{"@id":"https:\/\/spanishbreak.com\/#\/schema\/logo\/image\/"},"sameAs":["https:\/\/www.facebook.com\/spanishbreak","https:\/\/www.instagram.com\/spanishbreakbcn\/"]}]}},"_links":{"self":[{"href":"https:\/\/spanishbreak.com\/fr\/wp-json\/wp\/v2\/product\/7363","targetHints":{"allow":["GET"]}}],"collection":[{"href":"https:\/\/spanishbreak.com\/fr\/wp-json\/wp\/v2\/product"}],"about":[{"href":"https:\/\/spanishbreak.com\/fr\/wp-json\/wp\/v2\/types\/product"}],"replies":[{"embeddable":true,"href":"https:\/\/spanishbreak.com\/fr\/wp-json\/wp\/v2\/comments?post=7363"}],"wp:featuredmedia":[{"embeddable":true,"href":"https:\/\/spanishbreak.com\/fr\/wp-json\/wp\/v2\/media\/4937"}],"wp:attachment":[{"href":"https:\/\/spanishbreak.com\/fr\/wp-json\/wp\/v2\/media?parent=7363"}],"wp:term":[{"taxonomy":"product_brand","embeddable":true,"href":"https:\/\/spanishbreak.com\/fr\/wp-json\/wp\/v2\/product_brand?post=7363"},{"taxonomy":"product_cat","embeddable":true,"href":"https:\/\/spanishbreak.com\/fr\/wp-json\/wp\/v2\/product_cat?post=7363"},{"taxonomy":"product_tag","embeddable":true,"href":"https:\/\/spanishbreak.com\/fr\/wp-json\/wp\/v2\/product_tag?post=7363"}],"curies":[{"name":"wp","href":"https:\/\/api.w.org\/{rel}","templated":true}]}}