{"id":7369,"date":"2024-06-27T15:29:51","date_gmt":"2024-06-27T13:29:51","guid":{"rendered":"https:\/\/spanishbreak.com\/producto\/simracing\/"},"modified":"2025-12-17T13:31:17","modified_gmt":"2025-12-17T12:31:17","slug":"simracing","status":"publish","type":"product","link":"https:\/\/spanishbreak.com\/fr\/product\/simracing\/","title":{"rendered":"SimRacing \u00e0 Barcelone"},"content":{"rendered":"<p><strong>Conduisez et ressentez !<\/strong><br \/>\nLa sensation du volant, le rugissement du moteur lorsque vous appuyez sur l&rsquo;acc\u00e9l\u00e9rateur, la vitesse, l&rsquo;horizon du circuit devant vous et&#8230; GOOO !<br \/>\nRessentez l&rsquo;excitation, la vitesse, l&rsquo;adr\u00e9naline de la d\u00e9rive dans les virages, l&rsquo;adh\u00e9rence des pneus sur la piste, le travail de la suspension sur les trottoirs&#8230;<br \/>\nFaites ressortir le pilote qui est en vous et testez vos comp\u00e9tences sur nos simulateurs IMSIM Alma \u00e0 la pointe de la technologie. Pr\u00e9parez-vous \u00e0 conduire comme jamais au paravant gr\u00e2ce \u00e0 des mouvements motoris\u00e9s qui reproduisent la physique de la course et les forces G, la limite d&rsquo;adh\u00e9rence, le transfert de poids, le r\u00e9gime moteur, l&rsquo;ABS dans les pieds, la perte d&rsquo;adh\u00e9rence&#8230;<br \/>\nVotre groupe pourra faire concourir jusqu&rsquo;\u00e0 6 pilotes en m\u00eame temps et s&rsquo;affronter pour se classer parmi les meilleurs pilotes.<\/p>\n","protected":false},"excerpt":{"rendered":"<p>Conduisez et ressentez ! La sensation du volant, le rugissement du moteur lorsque vous appuyez sur l&rsquo;acc\u00e9l\u00e9rateur, la vitesse, l&rsquo;horizon du circuit devant vous et&#8230; GOOO ! Ressentez l&rsquo;excitation, la vitesse, l&rsquo;adr\u00e9naline de la d\u00e9rive dans les virages, l&rsquo;adh\u00e9rence des pneus sur la piste, le travail de la suspension sur les trottoirs&#8230; Faites ressortir le [&hellip;]<\/p>\n","protected":false},"featured_media":7368,"comment_status":"closed","ping_status":"closed","template":"","meta":{"site-sidebar-layout":"default","site-content-layout":"","ast-site-content-layout":"default","site-content-style":"default","site-sidebar-style":"default","ast-global-header-display":"","ast-banner-title-visibility":"","ast-main-header-display":"","ast-hfb-above-header-display":"","ast-hfb-below-header-display":"","ast-hfb-mobile-header-display":"","site-post-title":"","ast-breadcrumbs-content":"","ast-featured-img":"","footer-sml-layout":"","theme-transparent-header-meta":"default","adv-header-id-meta":"","stick-header-meta":"","header-above-stick-meta":"","header-main-stick-meta":"","header-below-stick-meta":"","astra-migrate-meta-layouts":"set","ast-page-background-enabled":"default","ast-page-background-meta":{"desktop":{"background-color":"var(--ast-global-color-4)","background-image":"","background-repeat":"repeat","background-position":"center center","background-size":"auto","background-attachment":"scroll","background-type":"","background-media":"","overlay-type":"","overlay-color":"","overlay-opacity":"","overlay-gradient":""},"tablet":{"background-color":"","background-image":"","background-repeat":"repeat","background-position":"center center","background-size":"auto","background-attachment":"scroll","background-type":"","background-media":"","overlay-type":"","overlay-color":"","overlay-opacity":"","overlay-gradient":""},"mobile":{"background-color":"","background-image":"","background-repeat":"repeat","background-position":"center center","background-size":"auto","background-attachment":"scroll","background-type":"","background-media":"","overlay-type":"","overlay-color":"","overlay-opacity":"","overlay-gradient":""}},"ast-content-background-meta":{"desktop":{"background-color":"var(--ast-global-color-5)","background-image":"","background-repeat":"repeat","background-position":"center center","background-size":"auto","background-attachment":"scroll","background-type":"","background-media":"","overlay-type":"","overlay-color":"","overlay-opacity":"","overlay-gradient":""},"tablet":{"background-color":"var(--ast-global-color-5)","background-image":"","background-repeat":"repeat","background-position":"center center","background-size":"auto","background-attachment":"scroll","background-type":"","background-media":"","overlay-type":"","overlay-color":"","overlay-opacity":"","overlay-gradient":""},"mobile":{"background-color":"var(--ast-global-color-5)","background-image":"","background-repeat":"repeat","background-position":"center center","background-size":"auto","background-attachment":"scroll","background-type":"","background-media":"","overlay-type":"","overlay-color":"","overlay-opacity":"","overlay-gradient":""}},"repeater_packs":""},"product_brand":[],"product_cat":[68,70,73],"product_tag":[],"class_list":{"0":"post-7369","1":"product","2":"type-product","3":"status-publish","4":"has-post-thumbnail","6":"product_cat-day-time-activities","7":"product_cat-newest-fr-2","8":"product_cat-stag-fr","9":"desktop-align-left","10":"tablet-align-left","11":"mobile-align-left","13":"first","14":"instock","15":"shipping-taxable","16":"product-type-simple"},"yoast_head":"<!-- This site is optimized with the Yoast SEO plugin v26.8 - https:\/\/yoast.com\/product\/yoast-seo-wordpress\/ -->\n<title>SimRacing \u00e0 Barcelone - Simulateurs de voitures de courses<\/title>\n<meta name=\"description\" content=\"Vivez l&#039;excitation des courses \u00e0 grande vitesse gr\u00e2ce \u00e0 des simulateurs de conduite r\u00e9alistes SimRacing. Parfait pour les passionn\u00e9s de F1 !\" \/>\n<meta name=\"robots\" content=\"index, follow, max-snippet:-1, max-image-preview:large, max-video-preview:-1\" \/>\n<link rel=\"canonical\" href=\"https:\/\/spanishbreak.com\/fr\/product\/simracing\/\" \/>\n<meta property=\"og:locale\" content=\"fr_FR\" \/>\n<meta property=\"og:type\" content=\"article\" \/>\n<meta property=\"og:title\" content=\"SimRacing \u00e0 Barcelone - Simulateurs de voitures de courses\" \/>\n<meta property=\"og:description\" content=\"Vivez l&#039;excitation des courses \u00e0 grande vitesse gr\u00e2ce \u00e0 des simulateurs de conduite r\u00e9alistes SimRacing. Parfait pour les passionn\u00e9s de F1 !\" \/>\n<meta property=\"og:url\" content=\"https:\/\/spanishbreak.com\/fr\/product\/simracing\/\" \/>\n<meta property=\"og:site_name\" content=\"Spanishbreak\" \/>\n<meta property=\"article:publisher\" content=\"https:\/\/www.facebook.com\/spanishbreak\" \/>\n<meta property=\"article:modified_time\" content=\"2025-12-17T12:31:17+00:00\" \/>\n<meta property=\"og:image\" content=\"https:\/\/spanishbreak.com\/wp-content\/uploads\/2024\/06\/Simracing.png\" \/>\n\t<meta property=\"og:image:width\" content=\"274\" \/>\n\t<meta property=\"og:image:height\" content=\"185\" \/>\n\t<meta property=\"og:image:type\" content=\"image\/png\" \/>\n<meta name=\"twitter:card\" content=\"summary_large_image\" \/>\n<meta name=\"twitter:label1\" content=\"Dur\u00e9e de lecture estim\u00e9e\" \/>\n\t<meta name=\"twitter:data1\" content=\"1 minute\" \/>\n<script type=\"application\/ld+json\" class=\"yoast-schema-graph\">{\"@context\":\"https:\/\/schema.org\",\"@graph\":[{\"@type\":[\"WebPage\",\"ItemPage\"],\"@id\":\"https:\/\/spanishbreak.com\/fr\/product\/simracing\/\",\"url\":\"https:\/\/spanishbreak.com\/fr\/product\/simracing\/\",\"name\":\"SimRacing \u00e0 Barcelone - Simulateurs de voitures de courses\",\"isPartOf\":{\"@id\":\"https:\/\/spanishbreak.com\/#website\"},\"primaryImageOfPage\":{\"@id\":\"https:\/\/spanishbreak.com\/fr\/product\/simracing\/#primaryimage\"},\"image\":{\"@id\":\"https:\/\/spanishbreak.com\/fr\/product\/simracing\/#primaryimage\"},\"thumbnailUrl\":\"https:\/\/spanishbreak.com\/wp-content\/uploads\/2024\/06\/Simracing.png\",\"datePublished\":\"2024-06-27T13:29:51+00:00\",\"dateModified\":\"2025-12-17T12:31:17+00:00\",\"description\":\"Vivez l'excitation des courses \u00e0 grande vitesse gr\u00e2ce \u00e0 des simulateurs de conduite r\u00e9alistes SimRacing. Parfait pour les passionn\u00e9s de F1 !\",\"breadcrumb\":{\"@id\":\"https:\/\/spanishbreak.com\/fr\/product\/simracing\/#breadcrumb\"},\"inLanguage\":\"fr-FR\",\"potentialAction\":[{\"@type\":\"ReadAction\",\"target\":[\"https:\/\/spanishbreak.com\/fr\/product\/simracing\/\"]}]},{\"@type\":\"ImageObject\",\"inLanguage\":\"fr-FR\",\"@id\":\"https:\/\/spanishbreak.com\/fr\/product\/simracing\/#primaryimage\",\"url\":\"https:\/\/spanishbreak.com\/wp-content\/uploads\/2024\/06\/Simracing.png\",\"contentUrl\":\"https:\/\/spanishbreak.com\/wp-content\/uploads\/2024\/06\/Simracing.png\",\"width\":274,\"height\":185},{\"@type\":\"BreadcrumbList\",\"@id\":\"https:\/\/spanishbreak.com\/fr\/product\/simracing\/#breadcrumb\",\"itemListElement\":[{\"@type\":\"ListItem\",\"position\":1,\"name\":\"Home\",\"item\":\"https:\/\/spanishbreak.com\/\"},{\"@type\":\"ListItem\",\"position\":2,\"name\":\"Boutique\",\"item\":\"https:\/\/spanishbreak.com\/boutique\/?lang=fr\"},{\"@type\":\"ListItem\",\"position\":3,\"name\":\"SimRacing \u00e0 Barcelone\"}]},{\"@type\":\"WebSite\",\"@id\":\"https:\/\/spanishbreak.com\/#website\",\"url\":\"https:\/\/spanishbreak.com\/\",\"name\":\"Spanish Break\",\"description\":\"Otro sitio realizado con WordPress\",\"publisher\":{\"@id\":\"https:\/\/spanishbreak.com\/#organization\"},\"potentialAction\":[{\"@type\":\"SearchAction\",\"target\":{\"@type\":\"EntryPoint\",\"urlTemplate\":\"https:\/\/spanishbreak.com\/?s={search_term_string}\"},\"query-input\":{\"@type\":\"PropertyValueSpecification\",\"valueRequired\":true,\"valueName\":\"search_term_string\"}}],\"inLanguage\":\"fr-FR\"},{\"@type\":\"Organization\",\"@id\":\"https:\/\/spanishbreak.com\/#organization\",\"name\":\"Spanish Break\",\"url\":\"https:\/\/spanishbreak.com\/\",\"logo\":{\"@type\":\"ImageObject\",\"inLanguage\":\"fr-FR\",\"@id\":\"https:\/\/spanishbreak.com\/#\/schema\/logo\/image\/\",\"url\":\"https:\/\/spanishbreak.com\/wp-content\/uploads\/2024\/03\/logo-spanish-break.png\",\"contentUrl\":\"https:\/\/spanishbreak.com\/wp-content\/uploads\/2024\/03\/logo-spanish-break.png\",\"width\":323,\"height\":37,\"caption\":\"Spanish Break\"},\"image\":{\"@id\":\"https:\/\/spanishbreak.com\/#\/schema\/logo\/image\/\"},\"sameAs\":[\"https:\/\/www.facebook.com\/spanishbreak\",\"https:\/\/www.instagram.com\/spanishbreakbcn\/\"]}]}<\/script>\n<!-- \/ Yoast SEO plugin. -->","yoast_head_json":{"title":"SimRacing \u00e0 Barcelone - Simulateurs de voitures de courses","description":"Vivez l'excitation des courses \u00e0 grande vitesse gr\u00e2ce \u00e0 des simulateurs de conduite r\u00e9alistes SimRacing. Parfait pour les passionn\u00e9s de F1 !","robots":{"index":"index","follow":"follow","max-snippet":"max-snippet:-1","max-image-preview":"max-image-preview:large","max-video-preview":"max-video-preview:-1"},"canonical":"https:\/\/spanishbreak.com\/fr\/product\/simracing\/","og_locale":"fr_FR","og_type":"article","og_title":"SimRacing \u00e0 Barcelone - Simulateurs de voitures de courses","og_description":"Vivez l'excitation des courses \u00e0 grande vitesse gr\u00e2ce \u00e0 des simulateurs de conduite r\u00e9alistes SimRacing. Parfait pour les passionn\u00e9s de F1 !","og_url":"https:\/\/spanishbreak.com\/fr\/product\/simracing\/","og_site_name":"Spanishbreak","article_publisher":"https:\/\/www.facebook.com\/spanishbreak","article_modified_time":"2025-12-17T12:31:17+00:00","og_image":[{"width":274,"height":185,"url":"https:\/\/spanishbreak.com\/wp-content\/uploads\/2024\/06\/Simracing.png","type":"image\/png"}],"twitter_card":"summary_large_image","twitter_misc":{"Dur\u00e9e de lecture estim\u00e9e":"1 minute"},"schema":{"@context":"https:\/\/schema.org","@graph":[{"@type":["WebPage","ItemPage"],"@id":"https:\/\/spanishbreak.com\/fr\/product\/simracing\/","url":"https:\/\/spanishbreak.com\/fr\/product\/simracing\/","name":"SimRacing \u00e0 Barcelone - Simulateurs de voitures de courses","isPartOf":{"@id":"https:\/\/spanishbreak.com\/#website"},"primaryImageOfPage":{"@id":"https:\/\/spanishbreak.com\/fr\/product\/simracing\/#primaryimage"},"image":{"@id":"https:\/\/spanishbreak.com\/fr\/product\/simracing\/#primaryimage"},"thumbnailUrl":"https:\/\/spanishbreak.com\/wp-content\/uploads\/2024\/06\/Simracing.png","datePublished":"2024-06-27T13:29:51+00:00","dateModified":"2025-12-17T12:31:17+00:00","description":"Vivez l'excitation des courses \u00e0 grande vitesse gr\u00e2ce \u00e0 des simulateurs de conduite r\u00e9alistes SimRacing. Parfait pour les passionn\u00e9s de F1 !","breadcrumb":{"@id":"https:\/\/spanishbreak.com\/fr\/product\/simracing\/#breadcrumb"},"inLanguage":"fr-FR","potentialAction":[{"@type":"ReadAction","target":["https:\/\/spanishbreak.com\/fr\/product\/simracing\/"]}]},{"@type":"ImageObject","inLanguage":"fr-FR","@id":"https:\/\/spanishbreak.com\/fr\/product\/simracing\/#primaryimage","url":"https:\/\/spanishbreak.com\/wp-content\/uploads\/2024\/06\/Simracing.png","contentUrl":"https:\/\/spanishbreak.com\/wp-content\/uploads\/2024\/06\/Simracing.png","width":274,"height":185},{"@type":"BreadcrumbList","@id":"https:\/\/spanishbreak.com\/fr\/product\/simracing\/#breadcrumb","itemListElement":[{"@type":"ListItem","position":1,"name":"Home","item":"https:\/\/spanishbreak.com\/"},{"@type":"ListItem","position":2,"name":"Boutique","item":"https:\/\/spanishbreak.com\/boutique\/?lang=fr"},{"@type":"ListItem","position":3,"name":"SimRacing \u00e0 Barcelone"}]},{"@type":"WebSite","@id":"https:\/\/spanishbreak.com\/#website","url":"https:\/\/spanishbreak.com\/","name":"Spanish Break","description":"Otro sitio realizado con WordPress","publisher":{"@id":"https:\/\/spanishbreak.com\/#organization"},"potentialAction":[{"@type":"SearchAction","target":{"@type":"EntryPoint","urlTemplate":"https:\/\/spanishbreak.com\/?s={search_term_string}"},"query-input":{"@type":"PropertyValueSpecification","valueRequired":true,"valueName":"search_term_string"}}],"inLanguage":"fr-FR"},{"@type":"Organization","@id":"https:\/\/spanishbreak.com\/#organization","name":"Spanish Break","url":"https:\/\/spanishbreak.com\/","logo":{"@type":"ImageObject","inLanguage":"fr-FR","@id":"https:\/\/spanishbreak.com\/#\/schema\/logo\/image\/","url":"https:\/\/spanishbreak.com\/wp-content\/uploads\/2024\/03\/logo-spanish-break.png","contentUrl":"https:\/\/spanishbreak.com\/wp-content\/uploads\/2024\/03\/logo-spanish-break.png","width":323,"height":37,"caption":"Spanish Break"},"image":{"@id":"https:\/\/spanishbreak.com\/#\/schema\/logo\/image\/"},"sameAs":["https:\/\/www.facebook.com\/spanishbreak","https:\/\/www.instagram.com\/spanishbreakbcn\/"]}]}},"_links":{"self":[{"href":"https:\/\/spanishbreak.com\/fr\/wp-json\/wp\/v2\/product\/7369","targetHints":{"allow":["GET"]}}],"collection":[{"href":"https:\/\/spanishbreak.com\/fr\/wp-json\/wp\/v2\/product"}],"about":[{"href":"https:\/\/spanishbreak.com\/fr\/wp-json\/wp\/v2\/types\/product"}],"replies":[{"embeddable":true,"href":"https:\/\/spanishbreak.com\/fr\/wp-json\/wp\/v2\/comments?post=7369"}],"wp:featuredmedia":[{"embeddable":true,"href":"https:\/\/spanishbreak.com\/fr\/wp-json\/wp\/v2\/media\/7368"}],"wp:attachment":[{"href":"https:\/\/spanishbreak.com\/fr\/wp-json\/wp\/v2\/media?parent=7369"}],"wp:term":[{"taxonomy":"product_brand","embeddable":true,"href":"https:\/\/spanishbreak.com\/fr\/wp-json\/wp\/v2\/product_brand?post=7369"},{"taxonomy":"product_cat","embeddable":true,"href":"https:\/\/spanishbreak.com\/fr\/wp-json\/wp\/v2\/product_cat?post=7369"},{"taxonomy":"product_tag","embeddable":true,"href":"https:\/\/spanishbreak.com\/fr\/wp-json\/wp\/v2\/product_tag?post=7369"}],"curies":[{"name":"wp","href":"https:\/\/api.w.org\/{rel}","templated":true}]}}