{"id":7410,"date":"2024-07-03T09:30:36","date_gmt":"2024-07-03T07:30:36","guid":{"rendered":"https:\/\/spanishbreak.com\/producto\/lesbian-striptease-show-2\/"},"modified":"2025-12-17T13:29:59","modified_gmt":"2025-12-17T12:29:59","slug":"lesbian-striptease-show-2","status":"publish","type":"product","link":"https:\/\/spanishbreak.com\/fr\/product\/lesbian-striptease-show-2\/","title":{"rendered":"Show de Stripteaseuses Lesbiennes \u00e0 Barcelone"},"content":{"rendered":"<p>Vous cherchez un divertissement impertinent pour votre EVG \u00e0 Barcelone d\u2019un autre niveau !? Ce spectacle de stripteaseuses<br \/>\nlesbiennes assure de faire grimper au rideau votre pote !<\/p>\n<p>Les deux magnifiques stripteaseuses iront \u00e0 votre h\u00f4tel, appartement ou au restaurant, et vous donneront un spectacle tr\u00e8s chaud. Il va au-del\u00e0 de vos r\u00eaves les plus fous ! Le spectacle de 15 minutes sera un gros point fort de l\u2019enterrement de vie de gar\u00e7on ou de jeune fille, et quelque chose que vous ne l\u2019oublierez jamais !<\/p>\n","protected":false},"excerpt":{"rendered":"<p>Vous cherchez un divertissement impertinent pour votre EVG \u00e0 Barcelone d\u2019un autre niveau !? Ce spectacle de stripteaseuses lesbiennes assure de faire grimper au rideau votre pote ! Les deux magnifiques stripteaseuses iront \u00e0 votre h\u00f4tel, appartement ou au restaurant, et vous donneront un spectacle tr\u00e8s chaud. Il va au-del\u00e0 de vos r\u00eaves les plus [&hellip;]<\/p>\n","protected":false},"featured_media":7401,"comment_status":"closed","ping_status":"closed","template":"","meta":{"site-sidebar-layout":"default","site-content-layout":"","ast-site-content-layout":"default","site-content-style":"default","site-sidebar-style":"default","ast-global-header-display":"","ast-banner-title-visibility":"","ast-main-header-display":"","ast-hfb-above-header-display":"","ast-hfb-below-header-display":"","ast-hfb-mobile-header-display":"","site-post-title":"","ast-breadcrumbs-content":"","ast-featured-img":"","footer-sml-layout":"","theme-transparent-header-meta":"default","adv-header-id-meta":"","stick-header-meta":"","header-above-stick-meta":"","header-main-stick-meta":"","header-below-stick-meta":"","astra-migrate-meta-layouts":"set","ast-page-background-enabled":"default","ast-page-background-meta":{"desktop":{"background-color":"var(--ast-global-color-4)","background-image":"","background-repeat":"repeat","background-position":"center center","background-size":"auto","background-attachment":"scroll","background-type":"","background-media":"","overlay-type":"","overlay-color":"","overlay-opacity":"","overlay-gradient":""},"tablet":{"background-color":"","background-image":"","background-repeat":"repeat","background-position":"center center","background-size":"auto","background-attachment":"scroll","background-type":"","background-media":"","overlay-type":"","overlay-color":"","overlay-opacity":"","overlay-gradient":""},"mobile":{"background-color":"","background-image":"","background-repeat":"repeat","background-position":"center center","background-size":"auto","background-attachment":"scroll","background-type":"","background-media":"","overlay-type":"","overlay-color":"","overlay-opacity":"","overlay-gradient":""}},"ast-content-background-meta":{"desktop":{"background-color":"var(--ast-global-color-5)","background-image":"","background-repeat":"repeat","background-position":"center center","background-size":"auto","background-attachment":"scroll","background-type":"","background-media":"","overlay-type":"","overlay-color":"","overlay-opacity":"","overlay-gradient":""},"tablet":{"background-color":"var(--ast-global-color-5)","background-image":"","background-repeat":"repeat","background-position":"center center","background-size":"auto","background-attachment":"scroll","background-type":"","background-media":"","overlay-type":"","overlay-color":"","overlay-opacity":"","overlay-gradient":""},"mobile":{"background-color":"var(--ast-global-color-5)","background-image":"","background-repeat":"repeat","background-position":"center center","background-size":"auto","background-attachment":"scroll","background-type":"","background-media":"","overlay-type":"","overlay-color":"","overlay-opacity":"","overlay-gradient":""}},"repeater_packs":""},"product_brand":[],"product_cat":[66,71,73],"product_tag":[],"class_list":{"0":"post-7410","1":"product","2":"type-product","3":"status-publish","4":"has-post-thumbnail","6":"product_cat-hen-fr-2","7":"product_cat-night_activities-fr-2","8":"product_cat-stag-fr","9":"desktop-align-left","10":"tablet-align-left","11":"mobile-align-left","13":"first","14":"instock","15":"shipping-taxable","16":"product-type-simple"},"yoast_head":"<!-- This site is optimized with the Yoast SEO plugin v26.8 - https:\/\/yoast.com\/product\/yoast-seo-wordpress\/ -->\n<title>Show de Stripteaseuses Lesbiennes \u00e0 Barcelone<\/title>\n<meta name=\"description\" content=\"Pimentez l&#039;enterrement de vie de gar\u00e7on Barcelonais de votre pote avec un spectacle de stripteaseuse lesbienne de 15 minutes.\" \/>\n<meta name=\"robots\" content=\"index, follow, max-snippet:-1, max-image-preview:large, max-video-preview:-1\" \/>\n<link rel=\"canonical\" href=\"https:\/\/spanishbreak.com\/fr\/product\/lesbian-striptease-show-2\/\" \/>\n<meta property=\"og:locale\" content=\"fr_FR\" \/>\n<meta property=\"og:type\" content=\"article\" \/>\n<meta property=\"og:title\" content=\"Show de Stripteaseuses Lesbiennes \u00e0 Barcelone\" \/>\n<meta property=\"og:description\" content=\"Pimentez l&#039;enterrement de vie de gar\u00e7on Barcelonais de votre pote avec un spectacle de stripteaseuse lesbienne de 15 minutes.\" \/>\n<meta property=\"og:url\" content=\"https:\/\/spanishbreak.com\/fr\/product\/lesbian-striptease-show-2\/\" \/>\n<meta property=\"og:site_name\" content=\"Spanishbreak\" \/>\n<meta property=\"article:publisher\" content=\"https:\/\/www.facebook.com\/spanishbreak\" \/>\n<meta property=\"article:modified_time\" content=\"2025-12-17T12:29:59+00:00\" \/>\n<meta property=\"og:image\" content=\"https:\/\/spanishbreak.com\/wp-content\/uploads\/2024\/07\/x-Depositphotos_9085073_original.jpg\" \/>\n\t<meta property=\"og:image:width\" content=\"1738\" \/>\n\t<meta property=\"og:image:height\" content=\"2400\" \/>\n\t<meta property=\"og:image:type\" content=\"image\/jpeg\" \/>\n<meta name=\"twitter:card\" content=\"summary_large_image\" \/>\n<meta name=\"twitter:label1\" content=\"Dur\u00e9e de lecture estim\u00e9e\" \/>\n\t<meta name=\"twitter:data1\" content=\"1 minute\" \/>\n<script type=\"application\/ld+json\" class=\"yoast-schema-graph\">{\"@context\":\"https:\/\/schema.org\",\"@graph\":[{\"@type\":[\"WebPage\",\"ItemPage\"],\"@id\":\"https:\/\/spanishbreak.com\/fr\/product\/lesbian-striptease-show-2\/\",\"url\":\"https:\/\/spanishbreak.com\/fr\/product\/lesbian-striptease-show-2\/\",\"name\":\"Show de Stripteaseuses Lesbiennes \u00e0 Barcelone\",\"isPartOf\":{\"@id\":\"https:\/\/spanishbreak.com\/#website\"},\"primaryImageOfPage\":{\"@id\":\"https:\/\/spanishbreak.com\/fr\/product\/lesbian-striptease-show-2\/#primaryimage\"},\"image\":{\"@id\":\"https:\/\/spanishbreak.com\/fr\/product\/lesbian-striptease-show-2\/#primaryimage\"},\"thumbnailUrl\":\"https:\/\/spanishbreak.com\/wp-content\/uploads\/2024\/07\/x-Depositphotos_9085073_original.jpg\",\"datePublished\":\"2024-07-03T07:30:36+00:00\",\"dateModified\":\"2025-12-17T12:29:59+00:00\",\"description\":\"Pimentez l'enterrement de vie de gar\u00e7on Barcelonais de votre pote avec un spectacle de stripteaseuse lesbienne de 15 minutes.\",\"breadcrumb\":{\"@id\":\"https:\/\/spanishbreak.com\/fr\/product\/lesbian-striptease-show-2\/#breadcrumb\"},\"inLanguage\":\"fr-FR\",\"potentialAction\":[{\"@type\":\"ReadAction\",\"target\":[\"https:\/\/spanishbreak.com\/fr\/product\/lesbian-striptease-show-2\/\"]}]},{\"@type\":\"ImageObject\",\"inLanguage\":\"fr-FR\",\"@id\":\"https:\/\/spanishbreak.com\/fr\/product\/lesbian-striptease-show-2\/#primaryimage\",\"url\":\"https:\/\/spanishbreak.com\/wp-content\/uploads\/2024\/07\/x-Depositphotos_9085073_original.jpg\",\"contentUrl\":\"https:\/\/spanishbreak.com\/wp-content\/uploads\/2024\/07\/x-Depositphotos_9085073_original.jpg\",\"width\":1738,\"height\":2400,\"caption\":\"two sexy beautiful brunette semi nude police women with long curly hair with handcuffs in fashion glasses with birght makeup and red lips isolated on white\"},{\"@type\":\"BreadcrumbList\",\"@id\":\"https:\/\/spanishbreak.com\/fr\/product\/lesbian-striptease-show-2\/#breadcrumb\",\"itemListElement\":[{\"@type\":\"ListItem\",\"position\":1,\"name\":\"Home\",\"item\":\"https:\/\/spanishbreak.com\/\"},{\"@type\":\"ListItem\",\"position\":2,\"name\":\"Boutique\",\"item\":\"https:\/\/spanishbreak.com\/boutique\/?lang=fr\"},{\"@type\":\"ListItem\",\"position\":3,\"name\":\"Show de Stripteaseuses Lesbiennes \u00e0 Barcelone\"}]},{\"@type\":\"WebSite\",\"@id\":\"https:\/\/spanishbreak.com\/#website\",\"url\":\"https:\/\/spanishbreak.com\/\",\"name\":\"Spanish Break\",\"description\":\"Otro sitio realizado con WordPress\",\"publisher\":{\"@id\":\"https:\/\/spanishbreak.com\/#organization\"},\"potentialAction\":[{\"@type\":\"SearchAction\",\"target\":{\"@type\":\"EntryPoint\",\"urlTemplate\":\"https:\/\/spanishbreak.com\/?s={search_term_string}\"},\"query-input\":{\"@type\":\"PropertyValueSpecification\",\"valueRequired\":true,\"valueName\":\"search_term_string\"}}],\"inLanguage\":\"fr-FR\"},{\"@type\":\"Organization\",\"@id\":\"https:\/\/spanishbreak.com\/#organization\",\"name\":\"Spanish Break\",\"url\":\"https:\/\/spanishbreak.com\/\",\"logo\":{\"@type\":\"ImageObject\",\"inLanguage\":\"fr-FR\",\"@id\":\"https:\/\/spanishbreak.com\/#\/schema\/logo\/image\/\",\"url\":\"https:\/\/spanishbreak.com\/wp-content\/uploads\/2024\/03\/logo-spanish-break.png\",\"contentUrl\":\"https:\/\/spanishbreak.com\/wp-content\/uploads\/2024\/03\/logo-spanish-break.png\",\"width\":323,\"height\":37,\"caption\":\"Spanish Break\"},\"image\":{\"@id\":\"https:\/\/spanishbreak.com\/#\/schema\/logo\/image\/\"},\"sameAs\":[\"https:\/\/www.facebook.com\/spanishbreak\",\"https:\/\/www.instagram.com\/spanishbreakbcn\/\"]}]}<\/script>\n<!-- \/ Yoast SEO plugin. -->","yoast_head_json":{"title":"Show de Stripteaseuses Lesbiennes \u00e0 Barcelone","description":"Pimentez l'enterrement de vie de gar\u00e7on Barcelonais de votre pote avec un spectacle de stripteaseuse lesbienne de 15 minutes.","robots":{"index":"index","follow":"follow","max-snippet":"max-snippet:-1","max-image-preview":"max-image-preview:large","max-video-preview":"max-video-preview:-1"},"canonical":"https:\/\/spanishbreak.com\/fr\/product\/lesbian-striptease-show-2\/","og_locale":"fr_FR","og_type":"article","og_title":"Show de Stripteaseuses Lesbiennes \u00e0 Barcelone","og_description":"Pimentez l'enterrement de vie de gar\u00e7on Barcelonais de votre pote avec un spectacle de stripteaseuse lesbienne de 15 minutes.","og_url":"https:\/\/spanishbreak.com\/fr\/product\/lesbian-striptease-show-2\/","og_site_name":"Spanishbreak","article_publisher":"https:\/\/www.facebook.com\/spanishbreak","article_modified_time":"2025-12-17T12:29:59+00:00","og_image":[{"width":1738,"height":2400,"url":"https:\/\/spanishbreak.com\/wp-content\/uploads\/2024\/07\/x-Depositphotos_9085073_original.jpg","type":"image\/jpeg"}],"twitter_card":"summary_large_image","twitter_misc":{"Dur\u00e9e de lecture estim\u00e9e":"1 minute"},"schema":{"@context":"https:\/\/schema.org","@graph":[{"@type":["WebPage","ItemPage"],"@id":"https:\/\/spanishbreak.com\/fr\/product\/lesbian-striptease-show-2\/","url":"https:\/\/spanishbreak.com\/fr\/product\/lesbian-striptease-show-2\/","name":"Show de Stripteaseuses Lesbiennes \u00e0 Barcelone","isPartOf":{"@id":"https:\/\/spanishbreak.com\/#website"},"primaryImageOfPage":{"@id":"https:\/\/spanishbreak.com\/fr\/product\/lesbian-striptease-show-2\/#primaryimage"},"image":{"@id":"https:\/\/spanishbreak.com\/fr\/product\/lesbian-striptease-show-2\/#primaryimage"},"thumbnailUrl":"https:\/\/spanishbreak.com\/wp-content\/uploads\/2024\/07\/x-Depositphotos_9085073_original.jpg","datePublished":"2024-07-03T07:30:36+00:00","dateModified":"2025-12-17T12:29:59+00:00","description":"Pimentez l'enterrement de vie de gar\u00e7on Barcelonais de votre pote avec un spectacle de stripteaseuse lesbienne de 15 minutes.","breadcrumb":{"@id":"https:\/\/spanishbreak.com\/fr\/product\/lesbian-striptease-show-2\/#breadcrumb"},"inLanguage":"fr-FR","potentialAction":[{"@type":"ReadAction","target":["https:\/\/spanishbreak.com\/fr\/product\/lesbian-striptease-show-2\/"]}]},{"@type":"ImageObject","inLanguage":"fr-FR","@id":"https:\/\/spanishbreak.com\/fr\/product\/lesbian-striptease-show-2\/#primaryimage","url":"https:\/\/spanishbreak.com\/wp-content\/uploads\/2024\/07\/x-Depositphotos_9085073_original.jpg","contentUrl":"https:\/\/spanishbreak.com\/wp-content\/uploads\/2024\/07\/x-Depositphotos_9085073_original.jpg","width":1738,"height":2400,"caption":"two sexy beautiful brunette semi nude police women with long curly hair with handcuffs in fashion glasses with birght makeup and red lips isolated on white"},{"@type":"BreadcrumbList","@id":"https:\/\/spanishbreak.com\/fr\/product\/lesbian-striptease-show-2\/#breadcrumb","itemListElement":[{"@type":"ListItem","position":1,"name":"Home","item":"https:\/\/spanishbreak.com\/"},{"@type":"ListItem","position":2,"name":"Boutique","item":"https:\/\/spanishbreak.com\/boutique\/?lang=fr"},{"@type":"ListItem","position":3,"name":"Show de Stripteaseuses Lesbiennes \u00e0 Barcelone"}]},{"@type":"WebSite","@id":"https:\/\/spanishbreak.com\/#website","url":"https:\/\/spanishbreak.com\/","name":"Spanish Break","description":"Otro sitio realizado con WordPress","publisher":{"@id":"https:\/\/spanishbreak.com\/#organization"},"potentialAction":[{"@type":"SearchAction","target":{"@type":"EntryPoint","urlTemplate":"https:\/\/spanishbreak.com\/?s={search_term_string}"},"query-input":{"@type":"PropertyValueSpecification","valueRequired":true,"valueName":"search_term_string"}}],"inLanguage":"fr-FR"},{"@type":"Organization","@id":"https:\/\/spanishbreak.com\/#organization","name":"Spanish Break","url":"https:\/\/spanishbreak.com\/","logo":{"@type":"ImageObject","inLanguage":"fr-FR","@id":"https:\/\/spanishbreak.com\/#\/schema\/logo\/image\/","url":"https:\/\/spanishbreak.com\/wp-content\/uploads\/2024\/03\/logo-spanish-break.png","contentUrl":"https:\/\/spanishbreak.com\/wp-content\/uploads\/2024\/03\/logo-spanish-break.png","width":323,"height":37,"caption":"Spanish Break"},"image":{"@id":"https:\/\/spanishbreak.com\/#\/schema\/logo\/image\/"},"sameAs":["https:\/\/www.facebook.com\/spanishbreak","https:\/\/www.instagram.com\/spanishbreakbcn\/"]}]}},"_links":{"self":[{"href":"https:\/\/spanishbreak.com\/fr\/wp-json\/wp\/v2\/product\/7410","targetHints":{"allow":["GET"]}}],"collection":[{"href":"https:\/\/spanishbreak.com\/fr\/wp-json\/wp\/v2\/product"}],"about":[{"href":"https:\/\/spanishbreak.com\/fr\/wp-json\/wp\/v2\/types\/product"}],"replies":[{"embeddable":true,"href":"https:\/\/spanishbreak.com\/fr\/wp-json\/wp\/v2\/comments?post=7410"}],"wp:featuredmedia":[{"embeddable":true,"href":"https:\/\/spanishbreak.com\/fr\/wp-json\/wp\/v2\/media\/7401"}],"wp:attachment":[{"href":"https:\/\/spanishbreak.com\/fr\/wp-json\/wp\/v2\/media?parent=7410"}],"wp:term":[{"taxonomy":"product_brand","embeddable":true,"href":"https:\/\/spanishbreak.com\/fr\/wp-json\/wp\/v2\/product_brand?post=7410"},{"taxonomy":"product_cat","embeddable":true,"href":"https:\/\/spanishbreak.com\/fr\/wp-json\/wp\/v2\/product_cat?post=7410"},{"taxonomy":"product_tag","embeddable":true,"href":"https:\/\/spanishbreak.com\/fr\/wp-json\/wp\/v2\/product_tag?post=7410"}],"curies":[{"name":"wp","href":"https:\/\/api.w.org\/{rel}","templated":true}]}}