{"id":7423,"date":"2024-07-03T11:32:40","date_gmt":"2024-07-03T09:32:40","guid":{"rendered":"https:\/\/spanishbreak.com\/producto\/sexy-wake-up\/"},"modified":"2025-12-17T13:28:12","modified_gmt":"2025-12-17T12:28:12","slug":"sexy-reveil-evjf","status":"publish","type":"product","link":"https:\/\/spanishbreak.com\/fr\/product\/sexy-reveil-evjf\/","title":{"rendered":"R\u00e9veil Sexy EVJF \u00e0 Barcelone"},"content":{"rendered":"<p>R\u00e9veil Sexy d&rsquo;EVJF \u00e0 Barcelone : L\u2019exp\u00e9rience inoubliable pour une future mari\u00e9e<\/p>\n<p>Vous cherchez une activit\u00e9 originale et audacieuse pour un enterrement de vie de jeune fille \u00e0 Barcelone ? Le R\u00e9veil Sexy EVJF est l\u2019animation parfaite pour commencer la journ\u00e9e avec une touche de piment et beaucoup de fous rires !<\/p>\n<p>Apr\u00e8s une soir\u00e9e m\u00e9morable dans les rues anim\u00e9es de Barcelone. La future mari\u00e9e se r\u00e9veille tranquillement\u2026 jusqu\u2019\u00e0 ce qu\u2019un s\u00e9duisant strip-teaseur professionnel fasse irruption dans la chambre ! Ce r\u00e9veil pas comme les autres promet une ambiance \u00e9lectrisante et un moment complice entre copines.<\/p>\n<p>Pourquoi choisir le R\u00e9veil Sexy EVJF \u00e0 Barcelone ?<\/p>\n<ul>\n<li>Surprise inoubliable : La future mari\u00e9e ne se doutera de rien jusqu\u2019\u00e0 l\u2019arriv\u00e9e du danseur, qui la r\u00e9veillera en douceur ou pas\u2026<\/li>\n<li>Show priv\u00e9 pour un moment encore plus immersif.<\/li>\n<li>Exp\u00e9rience typiquement barcelonaise : Profitez de l\u2019ambiance caliente de Barcelone pour vivre un EVJF unique et d\u00e9cal\u00e9.<\/li>\n<li>Des souvenirs m\u00e9morables : Immortalisez l\u2019instant avec des photos et vid\u00e9os pour un album souvenir rempli de rires et d\u2019\u00e9motions.<\/li>\n<\/ul>\n<p>Que vous logiez en h\u00f4tel, en appartement ou en villa, le R\u00e9veil Sexy EVJF s\u2019adapte \u00e0 votre lieu d\u2019h\u00e9bergement (hors auberges) pour une surprise bien orchestr\u00e9e. Ajoutez cette animation \u00e0 votre programme EVJF et offrez \u00e0 la future mari\u00e9e un r\u00e9veil qu\u2019elle n\u2019oubliera jamais !<\/p>\n","protected":false},"excerpt":{"rendered":"<p>R\u00e9veil Sexy d&rsquo;EVJF \u00e0 Barcelone : L\u2019exp\u00e9rience inoubliable pour une future mari\u00e9e Vous cherchez une activit\u00e9 originale et audacieuse pour un enterrement de vie de jeune fille \u00e0 Barcelone ? Le R\u00e9veil Sexy EVJF est l\u2019animation parfaite pour commencer la journ\u00e9e avec une touche de piment et beaucoup de fous rires ! Apr\u00e8s une soir\u00e9e [&hellip;]<\/p>\n","protected":false},"featured_media":7416,"comment_status":"closed","ping_status":"closed","template":"","meta":{"site-sidebar-layout":"default","site-content-layout":"","ast-site-content-layout":"default","site-content-style":"default","site-sidebar-style":"default","ast-global-header-display":"","ast-banner-title-visibility":"","ast-main-header-display":"","ast-hfb-above-header-display":"","ast-hfb-below-header-display":"","ast-hfb-mobile-header-display":"","site-post-title":"","ast-breadcrumbs-content":"","ast-featured-img":"","footer-sml-layout":"","theme-transparent-header-meta":"default","adv-header-id-meta":"","stick-header-meta":"","header-above-stick-meta":"","header-main-stick-meta":"","header-below-stick-meta":"","astra-migrate-meta-layouts":"set","ast-page-background-enabled":"default","ast-page-background-meta":{"desktop":{"background-color":"var(--ast-global-color-4)","background-image":"","background-repeat":"repeat","background-position":"center center","background-size":"auto","background-attachment":"scroll","background-type":"","background-media":"","overlay-type":"","overlay-color":"","overlay-opacity":"","overlay-gradient":""},"tablet":{"background-color":"","background-image":"","background-repeat":"repeat","background-position":"center center","background-size":"auto","background-attachment":"scroll","background-type":"","background-media":"","overlay-type":"","overlay-color":"","overlay-opacity":"","overlay-gradient":""},"mobile":{"background-color":"","background-image":"","background-repeat":"repeat","background-position":"center center","background-size":"auto","background-attachment":"scroll","background-type":"","background-media":"","overlay-type":"","overlay-color":"","overlay-opacity":"","overlay-gradient":""}},"ast-content-background-meta":{"desktop":{"background-color":"var(--ast-global-color-5)","background-image":"","background-repeat":"repeat","background-position":"center center","background-size":"auto","background-attachment":"scroll","background-type":"","background-media":"","overlay-type":"","overlay-color":"","overlay-opacity":"","overlay-gradient":""},"tablet":{"background-color":"var(--ast-global-color-5)","background-image":"","background-repeat":"repeat","background-position":"center center","background-size":"auto","background-attachment":"scroll","background-type":"","background-media":"","overlay-type":"","overlay-color":"","overlay-opacity":"","overlay-gradient":""},"mobile":{"background-color":"var(--ast-global-color-5)","background-image":"","background-repeat":"repeat","background-position":"center center","background-size":"auto","background-attachment":"scroll","background-type":"","background-media":"","overlay-type":"","overlay-color":"","overlay-opacity":"","overlay-gradient":""}},"repeater_packs":""},"product_brand":[],"product_cat":[66],"product_tag":[],"class_list":{"0":"post-7423","1":"product","2":"type-product","3":"status-publish","4":"has-post-thumbnail","6":"product_cat-hen-fr-2","7":"desktop-align-left","8":"tablet-align-left","9":"mobile-align-left","11":"first","12":"instock","13":"shipping-taxable","14":"product-type-simple"},"yoast_head":"<!-- This site is optimized with the Yoast SEO plugin v26.8 - https:\/\/yoast.com\/product\/yoast-seo-wordpress\/ -->\n<title>R\u00e9veil Sexy EVJF \u00e0 Barcelone<\/title>\n<meta name=\"description\" content=\"D\u00e9couvrez le m\u00e9lange parfait de sucr\u00e9 et de sal\u00e9 avec notre formule petit-d\u00e9jeuner Morning Glory. Commencez votre journ\u00e9e du bon pied !\" \/>\n<meta name=\"robots\" content=\"index, follow, max-snippet:-1, max-image-preview:large, max-video-preview:-1\" \/>\n<link rel=\"canonical\" href=\"https:\/\/spanishbreak.com\/fr\/product\/sexy-reveil-evjf\/\" \/>\n<meta property=\"og:locale\" content=\"fr_FR\" \/>\n<meta property=\"og:type\" content=\"article\" \/>\n<meta property=\"og:title\" content=\"R\u00e9veil Sexy EVJF \u00e0 Barcelone\" \/>\n<meta property=\"og:description\" content=\"D\u00e9couvrez le m\u00e9lange parfait de sucr\u00e9 et de sal\u00e9 avec notre formule petit-d\u00e9jeuner Morning Glory. Commencez votre journ\u00e9e du bon pied !\" \/>\n<meta property=\"og:url\" content=\"https:\/\/spanishbreak.com\/fr\/product\/sexy-reveil-evjf\/\" \/>\n<meta property=\"og:site_name\" content=\"Spanishbreak\" \/>\n<meta property=\"article:publisher\" content=\"https:\/\/www.facebook.com\/spanishbreak\" \/>\n<meta property=\"article:modified_time\" content=\"2025-12-17T12:28:12+00:00\" \/>\n<meta property=\"og:image\" content=\"https:\/\/spanishbreak.com\/wp-content\/uploads\/2024\/07\/Depositphotos_12590750_original-scaled.jpg\" \/>\n\t<meta property=\"og:image:width\" content=\"2560\" \/>\n\t<meta property=\"og:image:height\" content=\"1707\" \/>\n\t<meta property=\"og:image:type\" content=\"image\/jpeg\" \/>\n<meta name=\"twitter:card\" content=\"summary_large_image\" \/>\n<meta name=\"twitter:label1\" content=\"Dur\u00e9e de lecture estim\u00e9e\" \/>\n\t<meta name=\"twitter:data1\" content=\"2 minutes\" \/>\n<script type=\"application\/ld+json\" class=\"yoast-schema-graph\">{\"@context\":\"https:\/\/schema.org\",\"@graph\":[{\"@type\":[\"WebPage\",\"ItemPage\"],\"@id\":\"https:\/\/spanishbreak.com\/fr\/product\/sexy-reveil-evjf\/\",\"url\":\"https:\/\/spanishbreak.com\/fr\/product\/sexy-reveil-evjf\/\",\"name\":\"R\u00e9veil Sexy EVJF \u00e0 Barcelone\",\"isPartOf\":{\"@id\":\"https:\/\/spanishbreak.com\/#website\"},\"primaryImageOfPage\":{\"@id\":\"https:\/\/spanishbreak.com\/fr\/product\/sexy-reveil-evjf\/#primaryimage\"},\"image\":{\"@id\":\"https:\/\/spanishbreak.com\/fr\/product\/sexy-reveil-evjf\/#primaryimage\"},\"thumbnailUrl\":\"https:\/\/spanishbreak.com\/wp-content\/uploads\/2024\/07\/Depositphotos_12590750_original-scaled.jpg\",\"datePublished\":\"2024-07-03T09:32:40+00:00\",\"dateModified\":\"2025-12-17T12:28:12+00:00\",\"description\":\"D\u00e9couvrez le m\u00e9lange parfait de sucr\u00e9 et de sal\u00e9 avec notre formule petit-d\u00e9jeuner Morning Glory. Commencez votre journ\u00e9e du bon pied !\",\"breadcrumb\":{\"@id\":\"https:\/\/spanishbreak.com\/fr\/product\/sexy-reveil-evjf\/#breadcrumb\"},\"inLanguage\":\"fr-FR\",\"potentialAction\":[{\"@type\":\"ReadAction\",\"target\":[\"https:\/\/spanishbreak.com\/fr\/product\/sexy-reveil-evjf\/\"]}]},{\"@type\":\"ImageObject\",\"inLanguage\":\"fr-FR\",\"@id\":\"https:\/\/spanishbreak.com\/fr\/product\/sexy-reveil-evjf\/#primaryimage\",\"url\":\"https:\/\/spanishbreak.com\/wp-content\/uploads\/2024\/07\/Depositphotos_12590750_original-scaled.jpg\",\"contentUrl\":\"https:\/\/spanishbreak.com\/wp-content\/uploads\/2024\/07\/Depositphotos_12590750_original-scaled.jpg\",\"width\":2560,\"height\":1707},{\"@type\":\"BreadcrumbList\",\"@id\":\"https:\/\/spanishbreak.com\/fr\/product\/sexy-reveil-evjf\/#breadcrumb\",\"itemListElement\":[{\"@type\":\"ListItem\",\"position\":1,\"name\":\"Home\",\"item\":\"https:\/\/spanishbreak.com\/\"},{\"@type\":\"ListItem\",\"position\":2,\"name\":\"Boutique\",\"item\":\"https:\/\/spanishbreak.com\/boutique\/?lang=fr\"},{\"@type\":\"ListItem\",\"position\":3,\"name\":\"R\u00e9veil Sexy EVJF \u00e0 Barcelone\"}]},{\"@type\":\"WebSite\",\"@id\":\"https:\/\/spanishbreak.com\/#website\",\"url\":\"https:\/\/spanishbreak.com\/\",\"name\":\"Spanish Break\",\"description\":\"Otro sitio realizado con WordPress\",\"publisher\":{\"@id\":\"https:\/\/spanishbreak.com\/#organization\"},\"potentialAction\":[{\"@type\":\"SearchAction\",\"target\":{\"@type\":\"EntryPoint\",\"urlTemplate\":\"https:\/\/spanishbreak.com\/?s={search_term_string}\"},\"query-input\":{\"@type\":\"PropertyValueSpecification\",\"valueRequired\":true,\"valueName\":\"search_term_string\"}}],\"inLanguage\":\"fr-FR\"},{\"@type\":\"Organization\",\"@id\":\"https:\/\/spanishbreak.com\/#organization\",\"name\":\"Spanish Break\",\"url\":\"https:\/\/spanishbreak.com\/\",\"logo\":{\"@type\":\"ImageObject\",\"inLanguage\":\"fr-FR\",\"@id\":\"https:\/\/spanishbreak.com\/#\/schema\/logo\/image\/\",\"url\":\"https:\/\/spanishbreak.com\/wp-content\/uploads\/2024\/03\/logo-spanish-break.png\",\"contentUrl\":\"https:\/\/spanishbreak.com\/wp-content\/uploads\/2024\/03\/logo-spanish-break.png\",\"width\":323,\"height\":37,\"caption\":\"Spanish Break\"},\"image\":{\"@id\":\"https:\/\/spanishbreak.com\/#\/schema\/logo\/image\/\"},\"sameAs\":[\"https:\/\/www.facebook.com\/spanishbreak\",\"https:\/\/www.instagram.com\/spanishbreakbcn\/\"]}]}<\/script>\n<!-- \/ Yoast SEO plugin. -->","yoast_head_json":{"title":"R\u00e9veil Sexy EVJF \u00e0 Barcelone","description":"D\u00e9couvrez le m\u00e9lange parfait de sucr\u00e9 et de sal\u00e9 avec notre formule petit-d\u00e9jeuner Morning Glory. Commencez votre journ\u00e9e du bon pied !","robots":{"index":"index","follow":"follow","max-snippet":"max-snippet:-1","max-image-preview":"max-image-preview:large","max-video-preview":"max-video-preview:-1"},"canonical":"https:\/\/spanishbreak.com\/fr\/product\/sexy-reveil-evjf\/","og_locale":"fr_FR","og_type":"article","og_title":"R\u00e9veil Sexy EVJF \u00e0 Barcelone","og_description":"D\u00e9couvrez le m\u00e9lange parfait de sucr\u00e9 et de sal\u00e9 avec notre formule petit-d\u00e9jeuner Morning Glory. Commencez votre journ\u00e9e du bon pied !","og_url":"https:\/\/spanishbreak.com\/fr\/product\/sexy-reveil-evjf\/","og_site_name":"Spanishbreak","article_publisher":"https:\/\/www.facebook.com\/spanishbreak","article_modified_time":"2025-12-17T12:28:12+00:00","og_image":[{"width":2560,"height":1707,"url":"https:\/\/spanishbreak.com\/wp-content\/uploads\/2024\/07\/Depositphotos_12590750_original-scaled.jpg","type":"image\/jpeg"}],"twitter_card":"summary_large_image","twitter_misc":{"Dur\u00e9e de lecture estim\u00e9e":"2 minutes"},"schema":{"@context":"https:\/\/schema.org","@graph":[{"@type":["WebPage","ItemPage"],"@id":"https:\/\/spanishbreak.com\/fr\/product\/sexy-reveil-evjf\/","url":"https:\/\/spanishbreak.com\/fr\/product\/sexy-reveil-evjf\/","name":"R\u00e9veil Sexy EVJF \u00e0 Barcelone","isPartOf":{"@id":"https:\/\/spanishbreak.com\/#website"},"primaryImageOfPage":{"@id":"https:\/\/spanishbreak.com\/fr\/product\/sexy-reveil-evjf\/#primaryimage"},"image":{"@id":"https:\/\/spanishbreak.com\/fr\/product\/sexy-reveil-evjf\/#primaryimage"},"thumbnailUrl":"https:\/\/spanishbreak.com\/wp-content\/uploads\/2024\/07\/Depositphotos_12590750_original-scaled.jpg","datePublished":"2024-07-03T09:32:40+00:00","dateModified":"2025-12-17T12:28:12+00:00","description":"D\u00e9couvrez le m\u00e9lange parfait de sucr\u00e9 et de sal\u00e9 avec notre formule petit-d\u00e9jeuner Morning Glory. Commencez votre journ\u00e9e du bon pied !","breadcrumb":{"@id":"https:\/\/spanishbreak.com\/fr\/product\/sexy-reveil-evjf\/#breadcrumb"},"inLanguage":"fr-FR","potentialAction":[{"@type":"ReadAction","target":["https:\/\/spanishbreak.com\/fr\/product\/sexy-reveil-evjf\/"]}]},{"@type":"ImageObject","inLanguage":"fr-FR","@id":"https:\/\/spanishbreak.com\/fr\/product\/sexy-reveil-evjf\/#primaryimage","url":"https:\/\/spanishbreak.com\/wp-content\/uploads\/2024\/07\/Depositphotos_12590750_original-scaled.jpg","contentUrl":"https:\/\/spanishbreak.com\/wp-content\/uploads\/2024\/07\/Depositphotos_12590750_original-scaled.jpg","width":2560,"height":1707},{"@type":"BreadcrumbList","@id":"https:\/\/spanishbreak.com\/fr\/product\/sexy-reveil-evjf\/#breadcrumb","itemListElement":[{"@type":"ListItem","position":1,"name":"Home","item":"https:\/\/spanishbreak.com\/"},{"@type":"ListItem","position":2,"name":"Boutique","item":"https:\/\/spanishbreak.com\/boutique\/?lang=fr"},{"@type":"ListItem","position":3,"name":"R\u00e9veil Sexy EVJF \u00e0 Barcelone"}]},{"@type":"WebSite","@id":"https:\/\/spanishbreak.com\/#website","url":"https:\/\/spanishbreak.com\/","name":"Spanish Break","description":"Otro sitio realizado con WordPress","publisher":{"@id":"https:\/\/spanishbreak.com\/#organization"},"potentialAction":[{"@type":"SearchAction","target":{"@type":"EntryPoint","urlTemplate":"https:\/\/spanishbreak.com\/?s={search_term_string}"},"query-input":{"@type":"PropertyValueSpecification","valueRequired":true,"valueName":"search_term_string"}}],"inLanguage":"fr-FR"},{"@type":"Organization","@id":"https:\/\/spanishbreak.com\/#organization","name":"Spanish Break","url":"https:\/\/spanishbreak.com\/","logo":{"@type":"ImageObject","inLanguage":"fr-FR","@id":"https:\/\/spanishbreak.com\/#\/schema\/logo\/image\/","url":"https:\/\/spanishbreak.com\/wp-content\/uploads\/2024\/03\/logo-spanish-break.png","contentUrl":"https:\/\/spanishbreak.com\/wp-content\/uploads\/2024\/03\/logo-spanish-break.png","width":323,"height":37,"caption":"Spanish Break"},"image":{"@id":"https:\/\/spanishbreak.com\/#\/schema\/logo\/image\/"},"sameAs":["https:\/\/www.facebook.com\/spanishbreak","https:\/\/www.instagram.com\/spanishbreakbcn\/"]}]}},"_links":{"self":[{"href":"https:\/\/spanishbreak.com\/fr\/wp-json\/wp\/v2\/product\/7423","targetHints":{"allow":["GET"]}}],"collection":[{"href":"https:\/\/spanishbreak.com\/fr\/wp-json\/wp\/v2\/product"}],"about":[{"href":"https:\/\/spanishbreak.com\/fr\/wp-json\/wp\/v2\/types\/product"}],"replies":[{"embeddable":true,"href":"https:\/\/spanishbreak.com\/fr\/wp-json\/wp\/v2\/comments?post=7423"}],"wp:featuredmedia":[{"embeddable":true,"href":"https:\/\/spanishbreak.com\/fr\/wp-json\/wp\/v2\/media\/7416"}],"wp:attachment":[{"href":"https:\/\/spanishbreak.com\/fr\/wp-json\/wp\/v2\/media?parent=7423"}],"wp:term":[{"taxonomy":"product_brand","embeddable":true,"href":"https:\/\/spanishbreak.com\/fr\/wp-json\/wp\/v2\/product_brand?post=7423"},{"taxonomy":"product_cat","embeddable":true,"href":"https:\/\/spanishbreak.com\/fr\/wp-json\/wp\/v2\/product_cat?post=7423"},{"taxonomy":"product_tag","embeddable":true,"href":"https:\/\/spanishbreak.com\/fr\/wp-json\/wp\/v2\/product_tag?post=7423"}],"curies":[{"name":"wp","href":"https:\/\/api.w.org\/{rel}","templated":true}]}}