{"id":8858,"date":"2025-04-03T15:58:02","date_gmt":"2025-04-03T13:58:02","guid":{"rendered":"https:\/\/spanishbreak.com\/product\/beer-bike-90-minutes\/"},"modified":"2025-12-17T13:26:43","modified_gmt":"2025-12-17T12:26:43","slug":"beer-bike-90-minutes","status":"publish","type":"product","link":"https:\/\/spanishbreak.com\/fr\/product\/beer-bike-90-minutes\/","title":{"rendered":"V\u00e9lo \u00e0 Bi\u00e8re &#8211; 90 minutes"},"content":{"rendered":"<p><strong>Si seulement nous pouvions l&#8217;emmener partout !<\/strong><\/p>\n<p>Le v\u00e9lo \u00e0 bi\u00e8re\u2026 Le moyen de transport dont vous avez probablement r\u00eav\u00e9 des millions de fois !<\/p>\n<p>Pour votre EVG\/EVJF \u00e0 Barcelone, vous devez prendre le v\u00e9lo \u00e0 bi\u00e8re pour vous balader ! Votre groupe en selle, vous commencerez \u00e0 boire votre litre de bi\u00e8re ou de sangria. Votre pilote animera la f\u00eate avec une super playlist musicale pendant votre balade !<\/p>\n<p>Le v\u00e9lo \u00e0 bi\u00e8re vous attendra dans un parc calme en dehors de la ville , o\u00f9 vous serez en mesure de faire autant de bruit que vous le souhaitez ! Pour vous yrendre, nous organiserons votre transfert\u2026 Puis, votre heure de folie commence !<\/p>\n<p>Une activit\u00e9 dans un environnement naturel, donc pensez \u00e0 choisir un horaire o\u00f9 le soleil sera au rendez vous.<\/p>\n","protected":false},"excerpt":{"rendered":"<p>Si seulement nous pouvions l&#8217;emmener partout ! Le v\u00e9lo \u00e0 bi\u00e8re\u2026 Le moyen de transport dont vous avez probablement r\u00eav\u00e9 des millions de fois ! Pour votre EVG\/EVJF \u00e0 Barcelone, vous devez prendre le v\u00e9lo \u00e0 bi\u00e8re pour vous balader ! Votre groupe en selle, vous commencerez \u00e0 boire votre litre de bi\u00e8re ou de [&hellip;]<\/p>\n","protected":false},"featured_media":7017,"comment_status":"closed","ping_status":"closed","template":"","meta":{"site-sidebar-layout":"default","site-content-layout":"","ast-site-content-layout":"default","site-content-style":"default","site-sidebar-style":"default","ast-global-header-display":"","ast-banner-title-visibility":"","ast-main-header-display":"","ast-hfb-above-header-display":"","ast-hfb-below-header-display":"","ast-hfb-mobile-header-display":"","site-post-title":"","ast-breadcrumbs-content":"","ast-featured-img":"","footer-sml-layout":"","theme-transparent-header-meta":"default","adv-header-id-meta":"","stick-header-meta":"","header-above-stick-meta":"","header-main-stick-meta":"","header-below-stick-meta":"","astra-migrate-meta-layouts":"set","ast-page-background-enabled":"default","ast-page-background-meta":{"desktop":{"background-color":"var(--ast-global-color-4)","background-image":"","background-repeat":"repeat","background-position":"center center","background-size":"auto","background-attachment":"scroll","background-type":"","background-media":"","overlay-type":"","overlay-color":"","overlay-opacity":"","overlay-gradient":""},"tablet":{"background-color":"","background-image":"","background-repeat":"repeat","background-position":"center center","background-size":"auto","background-attachment":"scroll","background-type":"","background-media":"","overlay-type":"","overlay-color":"","overlay-opacity":"","overlay-gradient":""},"mobile":{"background-color":"","background-image":"","background-repeat":"repeat","background-position":"center center","background-size":"auto","background-attachment":"scroll","background-type":"","background-media":"","overlay-type":"","overlay-color":"","overlay-opacity":"","overlay-gradient":""}},"ast-content-background-meta":{"desktop":{"background-color":"var(--ast-global-color-5)","background-image":"","background-repeat":"repeat","background-position":"center center","background-size":"auto","background-attachment":"scroll","background-type":"","background-media":"","overlay-type":"","overlay-color":"","overlay-opacity":"","overlay-gradient":""},"tablet":{"background-color":"var(--ast-global-color-5)","background-image":"","background-repeat":"repeat","background-position":"center center","background-size":"auto","background-attachment":"scroll","background-type":"","background-media":"","overlay-type":"","overlay-color":"","overlay-opacity":"","overlay-gradient":""},"mobile":{"background-color":"var(--ast-global-color-5)","background-image":"","background-repeat":"repeat","background-position":"center center","background-size":"auto","background-attachment":"scroll","background-type":"","background-media":"","overlay-type":"","overlay-color":"","overlay-opacity":"","overlay-gradient":""}},"repeater_packs":""},"product_brand":[],"product_cat":[68,66,73,87],"product_tag":[],"class_list":{"0":"post-8858","1":"product","2":"type-product","3":"status-publish","4":"has-post-thumbnail","6":"product_cat-day-time-activities","7":"product_cat-hen-fr-2","8":"product_cat-stag-fr","9":"product_cat-water-sports-activities","10":"desktop-align-left","11":"tablet-align-left","12":"mobile-align-left","14":"first","15":"instock","16":"shipping-taxable","17":"product-type-simple"},"yoast_head":"<!-- This site is optimized with the Yoast SEO plugin v26.8 - https:\/\/yoast.com\/product\/yoast-seo-wordpress\/ -->\n<title>V\u00e9lo \u00e0 Bi\u00e8re - 90 minutes \u00e0 Barcelone<\/title>\n<meta name=\"description\" content=\"Si seulement nous pouvions l&#039;emmener partout ! Le v\u00e9lo \u00e0 bi\u00e8re\u2026 Le moyen de transport dont vous avez probablement r\u00eav\u00e9 des millions de fois ! Pour votre\" \/>\n<meta name=\"robots\" content=\"index, follow, max-snippet:-1, max-image-preview:large, max-video-preview:-1\" \/>\n<link rel=\"canonical\" href=\"https:\/\/spanishbreak.com\/fr\/product\/beer-bike-90-minutes\/\" \/>\n<meta property=\"og:locale\" content=\"fr_FR\" \/>\n<meta property=\"og:type\" content=\"article\" \/>\n<meta property=\"og:title\" content=\"V\u00e9lo \u00e0 Bi\u00e8re - 90 minutes \u00e0 Barcelone\" \/>\n<meta property=\"og:description\" content=\"Si seulement nous pouvions l&#039;emmener partout ! Le v\u00e9lo \u00e0 bi\u00e8re\u2026 Le moyen de transport dont vous avez probablement r\u00eav\u00e9 des millions de fois ! Pour votre\" \/>\n<meta property=\"og:url\" content=\"https:\/\/spanishbreak.com\/fr\/product\/beer-bike-90-minutes\/\" \/>\n<meta property=\"og:site_name\" content=\"Spanishbreak\" \/>\n<meta property=\"article:publisher\" content=\"https:\/\/www.facebook.com\/spanishbreak\" \/>\n<meta property=\"article:modified_time\" content=\"2025-12-17T12:26:43+00:00\" \/>\n<meta property=\"og:image\" content=\"https:\/\/spanishbreak.com\/wp-content\/uploads\/2024\/06\/Depositphotos_86541432_original-scaled.jpg\" \/>\n\t<meta property=\"og:image:width\" content=\"2560\" \/>\n\t<meta property=\"og:image:height\" content=\"1706\" \/>\n\t<meta property=\"og:image:type\" content=\"image\/jpeg\" \/>\n<meta name=\"twitter:card\" content=\"summary_large_image\" \/>\n<meta name=\"twitter:label1\" content=\"Dur\u00e9e de lecture estim\u00e9e\" \/>\n\t<meta name=\"twitter:data1\" content=\"1 minute\" \/>\n<script type=\"application\/ld+json\" class=\"yoast-schema-graph\">{\"@context\":\"https:\/\/schema.org\",\"@graph\":[{\"@type\":[\"WebPage\",\"ItemPage\"],\"@id\":\"https:\/\/spanishbreak.com\/fr\/product\/beer-bike-90-minutes\/\",\"url\":\"https:\/\/spanishbreak.com\/fr\/product\/beer-bike-90-minutes\/\",\"name\":\"V\u00e9lo \u00e0 Bi\u00e8re - 90 minutes \u00e0 Barcelone\",\"isPartOf\":{\"@id\":\"https:\/\/spanishbreak.com\/#website\"},\"primaryImageOfPage\":{\"@id\":\"https:\/\/spanishbreak.com\/fr\/product\/beer-bike-90-minutes\/#primaryimage\"},\"image\":{\"@id\":\"https:\/\/spanishbreak.com\/fr\/product\/beer-bike-90-minutes\/#primaryimage\"},\"thumbnailUrl\":\"https:\/\/spanishbreak.com\/wp-content\/uploads\/2024\/06\/Depositphotos_86541432_original-scaled.jpg\",\"datePublished\":\"2025-04-03T13:58:02+00:00\",\"dateModified\":\"2025-12-17T12:26:43+00:00\",\"description\":\"Si seulement nous pouvions l'emmener partout ! Le v\u00e9lo \u00e0 bi\u00e8re\u2026 Le moyen de transport dont vous avez probablement r\u00eav\u00e9 des millions de fois ! Pour votre\",\"breadcrumb\":{\"@id\":\"https:\/\/spanishbreak.com\/fr\/product\/beer-bike-90-minutes\/#breadcrumb\"},\"inLanguage\":\"fr-FR\",\"potentialAction\":[{\"@type\":\"ReadAction\",\"target\":[\"https:\/\/spanishbreak.com\/fr\/product\/beer-bike-90-minutes\/\"]}]},{\"@type\":\"ImageObject\",\"inLanguage\":\"fr-FR\",\"@id\":\"https:\/\/spanishbreak.com\/fr\/product\/beer-bike-90-minutes\/#primaryimage\",\"url\":\"https:\/\/spanishbreak.com\/wp-content\/uploads\/2024\/06\/Depositphotos_86541432_original-scaled.jpg\",\"contentUrl\":\"https:\/\/spanishbreak.com\/wp-content\/uploads\/2024\/06\/Depositphotos_86541432_original-scaled.jpg\",\"width\":2560,\"height\":1706,\"caption\":\"Beautiful walking bikes for rent near hotel\"},{\"@type\":\"BreadcrumbList\",\"@id\":\"https:\/\/spanishbreak.com\/fr\/product\/beer-bike-90-minutes\/#breadcrumb\",\"itemListElement\":[{\"@type\":\"ListItem\",\"position\":1,\"name\":\"Home\",\"item\":\"https:\/\/spanishbreak.com\/\"},{\"@type\":\"ListItem\",\"position\":2,\"name\":\"Boutique\",\"item\":\"https:\/\/spanishbreak.com\/boutique\/?lang=fr\"},{\"@type\":\"ListItem\",\"position\":3,\"name\":\"V\u00e9lo \u00e0 Bi\u00e8re &#8211; 90 minutes\"}]},{\"@type\":\"WebSite\",\"@id\":\"https:\/\/spanishbreak.com\/#website\",\"url\":\"https:\/\/spanishbreak.com\/\",\"name\":\"Spanish Break\",\"description\":\"Otro sitio realizado con WordPress\",\"publisher\":{\"@id\":\"https:\/\/spanishbreak.com\/#organization\"},\"potentialAction\":[{\"@type\":\"SearchAction\",\"target\":{\"@type\":\"EntryPoint\",\"urlTemplate\":\"https:\/\/spanishbreak.com\/?s={search_term_string}\"},\"query-input\":{\"@type\":\"PropertyValueSpecification\",\"valueRequired\":true,\"valueName\":\"search_term_string\"}}],\"inLanguage\":\"fr-FR\"},{\"@type\":\"Organization\",\"@id\":\"https:\/\/spanishbreak.com\/#organization\",\"name\":\"Spanish Break\",\"url\":\"https:\/\/spanishbreak.com\/\",\"logo\":{\"@type\":\"ImageObject\",\"inLanguage\":\"fr-FR\",\"@id\":\"https:\/\/spanishbreak.com\/#\/schema\/logo\/image\/\",\"url\":\"https:\/\/spanishbreak.com\/wp-content\/uploads\/2024\/03\/logo-spanish-break.png\",\"contentUrl\":\"https:\/\/spanishbreak.com\/wp-content\/uploads\/2024\/03\/logo-spanish-break.png\",\"width\":323,\"height\":37,\"caption\":\"Spanish Break\"},\"image\":{\"@id\":\"https:\/\/spanishbreak.com\/#\/schema\/logo\/image\/\"},\"sameAs\":[\"https:\/\/www.facebook.com\/spanishbreak\",\"https:\/\/www.instagram.com\/spanishbreakbcn\/\"]}]}<\/script>\n<!-- \/ Yoast SEO plugin. -->","yoast_head_json":{"title":"V\u00e9lo \u00e0 Bi\u00e8re - 90 minutes \u00e0 Barcelone","description":"Si seulement nous pouvions l'emmener partout ! Le v\u00e9lo \u00e0 bi\u00e8re\u2026 Le moyen de transport dont vous avez probablement r\u00eav\u00e9 des millions de fois ! Pour votre","robots":{"index":"index","follow":"follow","max-snippet":"max-snippet:-1","max-image-preview":"max-image-preview:large","max-video-preview":"max-video-preview:-1"},"canonical":"https:\/\/spanishbreak.com\/fr\/product\/beer-bike-90-minutes\/","og_locale":"fr_FR","og_type":"article","og_title":"V\u00e9lo \u00e0 Bi\u00e8re - 90 minutes \u00e0 Barcelone","og_description":"Si seulement nous pouvions l'emmener partout ! Le v\u00e9lo \u00e0 bi\u00e8re\u2026 Le moyen de transport dont vous avez probablement r\u00eav\u00e9 des millions de fois ! Pour votre","og_url":"https:\/\/spanishbreak.com\/fr\/product\/beer-bike-90-minutes\/","og_site_name":"Spanishbreak","article_publisher":"https:\/\/www.facebook.com\/spanishbreak","article_modified_time":"2025-12-17T12:26:43+00:00","og_image":[{"width":2560,"height":1706,"url":"https:\/\/spanishbreak.com\/wp-content\/uploads\/2024\/06\/Depositphotos_86541432_original-scaled.jpg","type":"image\/jpeg"}],"twitter_card":"summary_large_image","twitter_misc":{"Dur\u00e9e de lecture estim\u00e9e":"1 minute"},"schema":{"@context":"https:\/\/schema.org","@graph":[{"@type":["WebPage","ItemPage"],"@id":"https:\/\/spanishbreak.com\/fr\/product\/beer-bike-90-minutes\/","url":"https:\/\/spanishbreak.com\/fr\/product\/beer-bike-90-minutes\/","name":"V\u00e9lo \u00e0 Bi\u00e8re - 90 minutes \u00e0 Barcelone","isPartOf":{"@id":"https:\/\/spanishbreak.com\/#website"},"primaryImageOfPage":{"@id":"https:\/\/spanishbreak.com\/fr\/product\/beer-bike-90-minutes\/#primaryimage"},"image":{"@id":"https:\/\/spanishbreak.com\/fr\/product\/beer-bike-90-minutes\/#primaryimage"},"thumbnailUrl":"https:\/\/spanishbreak.com\/wp-content\/uploads\/2024\/06\/Depositphotos_86541432_original-scaled.jpg","datePublished":"2025-04-03T13:58:02+00:00","dateModified":"2025-12-17T12:26:43+00:00","description":"Si seulement nous pouvions l'emmener partout ! Le v\u00e9lo \u00e0 bi\u00e8re\u2026 Le moyen de transport dont vous avez probablement r\u00eav\u00e9 des millions de fois ! Pour votre","breadcrumb":{"@id":"https:\/\/spanishbreak.com\/fr\/product\/beer-bike-90-minutes\/#breadcrumb"},"inLanguage":"fr-FR","potentialAction":[{"@type":"ReadAction","target":["https:\/\/spanishbreak.com\/fr\/product\/beer-bike-90-minutes\/"]}]},{"@type":"ImageObject","inLanguage":"fr-FR","@id":"https:\/\/spanishbreak.com\/fr\/product\/beer-bike-90-minutes\/#primaryimage","url":"https:\/\/spanishbreak.com\/wp-content\/uploads\/2024\/06\/Depositphotos_86541432_original-scaled.jpg","contentUrl":"https:\/\/spanishbreak.com\/wp-content\/uploads\/2024\/06\/Depositphotos_86541432_original-scaled.jpg","width":2560,"height":1706,"caption":"Beautiful walking bikes for rent near hotel"},{"@type":"BreadcrumbList","@id":"https:\/\/spanishbreak.com\/fr\/product\/beer-bike-90-minutes\/#breadcrumb","itemListElement":[{"@type":"ListItem","position":1,"name":"Home","item":"https:\/\/spanishbreak.com\/"},{"@type":"ListItem","position":2,"name":"Boutique","item":"https:\/\/spanishbreak.com\/boutique\/?lang=fr"},{"@type":"ListItem","position":3,"name":"V\u00e9lo \u00e0 Bi\u00e8re &#8211; 90 minutes"}]},{"@type":"WebSite","@id":"https:\/\/spanishbreak.com\/#website","url":"https:\/\/spanishbreak.com\/","name":"Spanish Break","description":"Otro sitio realizado con WordPress","publisher":{"@id":"https:\/\/spanishbreak.com\/#organization"},"potentialAction":[{"@type":"SearchAction","target":{"@type":"EntryPoint","urlTemplate":"https:\/\/spanishbreak.com\/?s={search_term_string}"},"query-input":{"@type":"PropertyValueSpecification","valueRequired":true,"valueName":"search_term_string"}}],"inLanguage":"fr-FR"},{"@type":"Organization","@id":"https:\/\/spanishbreak.com\/#organization","name":"Spanish Break","url":"https:\/\/spanishbreak.com\/","logo":{"@type":"ImageObject","inLanguage":"fr-FR","@id":"https:\/\/spanishbreak.com\/#\/schema\/logo\/image\/","url":"https:\/\/spanishbreak.com\/wp-content\/uploads\/2024\/03\/logo-spanish-break.png","contentUrl":"https:\/\/spanishbreak.com\/wp-content\/uploads\/2024\/03\/logo-spanish-break.png","width":323,"height":37,"caption":"Spanish Break"},"image":{"@id":"https:\/\/spanishbreak.com\/#\/schema\/logo\/image\/"},"sameAs":["https:\/\/www.facebook.com\/spanishbreak","https:\/\/www.instagram.com\/spanishbreakbcn\/"]}]}},"_links":{"self":[{"href":"https:\/\/spanishbreak.com\/fr\/wp-json\/wp\/v2\/product\/8858","targetHints":{"allow":["GET"]}}],"collection":[{"href":"https:\/\/spanishbreak.com\/fr\/wp-json\/wp\/v2\/product"}],"about":[{"href":"https:\/\/spanishbreak.com\/fr\/wp-json\/wp\/v2\/types\/product"}],"replies":[{"embeddable":true,"href":"https:\/\/spanishbreak.com\/fr\/wp-json\/wp\/v2\/comments?post=8858"}],"wp:featuredmedia":[{"embeddable":true,"href":"https:\/\/spanishbreak.com\/fr\/wp-json\/wp\/v2\/media\/7017"}],"wp:attachment":[{"href":"https:\/\/spanishbreak.com\/fr\/wp-json\/wp\/v2\/media?parent=8858"}],"wp:term":[{"taxonomy":"product_brand","embeddable":true,"href":"https:\/\/spanishbreak.com\/fr\/wp-json\/wp\/v2\/product_brand?post=8858"},{"taxonomy":"product_cat","embeddable":true,"href":"https:\/\/spanishbreak.com\/fr\/wp-json\/wp\/v2\/product_cat?post=8858"},{"taxonomy":"product_tag","embeddable":true,"href":"https:\/\/spanishbreak.com\/fr\/wp-json\/wp\/v2\/product_tag?post=8858"}],"curies":[{"name":"wp","href":"https:\/\/api.w.org\/{rel}","templated":true}]}}