{"id":8873,"date":"2025-04-04T10:40:13","date_gmt":"2025-04-04T08:40:13","guid":{"rendered":"https:\/\/spanishbreak.com\/product\/bubblefootball-archery-tag\/"},"modified":"2025-12-17T13:26:01","modified_gmt":"2025-12-17T12:26:01","slug":"bubblefootball-archery-tag","status":"publish","type":"product","link":"https:\/\/spanishbreak.com\/fr\/product\/bubblefootball-archery-tag\/","title":{"rendered":"Bubble Football + Archery Tag"},"content":{"rendered":"<p>Pr\u00e9parez-vous \u00e0 un enterrement de vie de gar\u00e7on \/ de jeune fille \u00e0 Barcelone pas comme les autres, les gars ! Il est temps de commencer avec un peu de folie et de d\u00e9sordre en vous plongeant dans le Bubble Football, o\u00f9 vous allez rebondir, vous \u00e9craser et rire tout au long du jeu. Mais ce n&rsquo;est pas tout : apr\u00e8s les bulles, il est temps de viser juste avec le tir \u00e0 l&rsquo;arc !<\/p>\n<p>Que vous marquiez des buts ou que vous fassiez mouche, vous disposerez de tout l&rsquo;\u00e9quipement n\u00e9cessaire, y compris 10 bulles, de l&rsquo;eau pour vous rafra\u00eechir, une douche pour vous rafra\u00eechir et une assurance pour votre tranquillit\u00e9 d&rsquo;esprit. De plus, un arbitre veillera \u00e0 ce que tout se passe bien ! Une heure pour chaque activit\u00e9 &#8211; parfait pour faire monter l&rsquo;adr\u00e9naline avant la soir\u00e9e.<\/p>\n","protected":false},"excerpt":{"rendered":"<p>Pr\u00e9parez-vous \u00e0 un enterrement de vie de gar\u00e7on \/ de jeune fille \u00e0 Barcelone pas comme les autres, les gars ! Il est temps de commencer avec un peu de folie et de d\u00e9sordre en vous plongeant dans le Bubble Football, o\u00f9 vous allez rebondir, vous \u00e9craser et rire tout au long du jeu. Mais [&hellip;]<\/p>\n","protected":false},"featured_media":3326,"comment_status":"closed","ping_status":"closed","template":"","meta":{"site-sidebar-layout":"default","site-content-layout":"","ast-site-content-layout":"default","site-content-style":"default","site-sidebar-style":"default","ast-global-header-display":"","ast-banner-title-visibility":"","ast-main-header-display":"","ast-hfb-above-header-display":"","ast-hfb-below-header-display":"","ast-hfb-mobile-header-display":"","site-post-title":"","ast-breadcrumbs-content":"","ast-featured-img":"","footer-sml-layout":"","theme-transparent-header-meta":"default","adv-header-id-meta":"","stick-header-meta":"","header-above-stick-meta":"","header-main-stick-meta":"","header-below-stick-meta":"","astra-migrate-meta-layouts":"set","ast-page-background-enabled":"default","ast-page-background-meta":{"desktop":{"background-color":"var(--ast-global-color-4)","background-image":"","background-repeat":"repeat","background-position":"center center","background-size":"auto","background-attachment":"scroll","background-type":"","background-media":"","overlay-type":"","overlay-color":"","overlay-opacity":"","overlay-gradient":""},"tablet":{"background-color":"","background-image":"","background-repeat":"repeat","background-position":"center center","background-size":"auto","background-attachment":"scroll","background-type":"","background-media":"","overlay-type":"","overlay-color":"","overlay-opacity":"","overlay-gradient":""},"mobile":{"background-color":"","background-image":"","background-repeat":"repeat","background-position":"center center","background-size":"auto","background-attachment":"scroll","background-type":"","background-media":"","overlay-type":"","overlay-color":"","overlay-opacity":"","overlay-gradient":""}},"ast-content-background-meta":{"desktop":{"background-color":"var(--ast-global-color-5)","background-image":"","background-repeat":"repeat","background-position":"center center","background-size":"auto","background-attachment":"scroll","background-type":"","background-media":"","overlay-type":"","overlay-color":"","overlay-opacity":"","overlay-gradient":""},"tablet":{"background-color":"var(--ast-global-color-5)","background-image":"","background-repeat":"repeat","background-position":"center center","background-size":"auto","background-attachment":"scroll","background-type":"","background-media":"","overlay-type":"","overlay-color":"","overlay-opacity":"","overlay-gradient":""},"mobile":{"background-color":"var(--ast-global-color-5)","background-image":"","background-repeat":"repeat","background-position":"center center","background-size":"auto","background-attachment":"scroll","background-type":"","background-media":"","overlay-type":"","overlay-color":"","overlay-opacity":"","overlay-gradient":""}},"repeater_packs":""},"product_brand":[],"product_cat":[70,72,73,87],"product_tag":[],"class_list":{"0":"post-8873","1":"product","2":"type-product","3":"status-publish","4":"has-post-thumbnail","6":"product_cat-newest-fr-2","7":"product_cat-packs-fr-2","8":"product_cat-stag-fr","9":"product_cat-water-sports-activities","10":"desktop-align-left","11":"tablet-align-left","12":"mobile-align-left","14":"first","15":"instock","16":"shipping-taxable","17":"product-type-simple"},"yoast_head":"<!-- This site is optimized with the Yoast SEO plugin v26.8 - https:\/\/yoast.com\/product\/yoast-seo-wordpress\/ -->\n<title>Bubble Football + Archery Tag \u00e0 Barcelone<\/title>\n<meta name=\"description\" content=\"Pr\u00e9parez-vous \u00e0 un enterrement de vie de gar\u00e7on \/ de jeune fille \u00e0 Barcelone pas comme les autres, les gars ! Il est temps de commencer avec un peu de\" \/>\n<meta name=\"robots\" content=\"index, follow, max-snippet:-1, max-image-preview:large, max-video-preview:-1\" \/>\n<link rel=\"canonical\" href=\"https:\/\/spanishbreak.com\/fr\/product\/bubblefootball-archery-tag\/\" \/>\n<meta property=\"og:locale\" content=\"fr_FR\" \/>\n<meta property=\"og:type\" content=\"article\" \/>\n<meta property=\"og:title\" content=\"Bubble Football + Archery Tag \u00e0 Barcelone\" \/>\n<meta property=\"og:description\" content=\"Pr\u00e9parez-vous \u00e0 un enterrement de vie de gar\u00e7on \/ de jeune fille \u00e0 Barcelone pas comme les autres, les gars ! Il est temps de commencer avec un peu de\" \/>\n<meta property=\"og:url\" content=\"https:\/\/spanishbreak.com\/fr\/product\/bubblefootball-archery-tag\/\" \/>\n<meta property=\"og:site_name\" content=\"Spanishbreak\" \/>\n<meta property=\"article:publisher\" content=\"https:\/\/www.facebook.com\/spanishbreak\" \/>\n<meta property=\"article:modified_time\" content=\"2025-12-17T12:26:01+00:00\" \/>\n<meta property=\"og:image\" content=\"https:\/\/spanishbreak.com\/wp-content\/uploads\/2022\/09\/archery-tag2.jpg\" \/>\n\t<meta property=\"og:image:width\" content=\"420\" \/>\n\t<meta property=\"og:image:height\" content=\"229\" \/>\n\t<meta property=\"og:image:type\" content=\"image\/jpeg\" \/>\n<meta name=\"twitter:card\" content=\"summary_large_image\" \/>\n<meta name=\"twitter:label1\" content=\"Dur\u00e9e de lecture estim\u00e9e\" \/>\n\t<meta name=\"twitter:data1\" content=\"1 minute\" \/>\n<script type=\"application\/ld+json\" class=\"yoast-schema-graph\">{\"@context\":\"https:\/\/schema.org\",\"@graph\":[{\"@type\":[\"WebPage\",\"ItemPage\"],\"@id\":\"https:\/\/spanishbreak.com\/fr\/product\/bubblefootball-archery-tag\/\",\"url\":\"https:\/\/spanishbreak.com\/fr\/product\/bubblefootball-archery-tag\/\",\"name\":\"Bubble Football + Archery Tag \u00e0 Barcelone\",\"isPartOf\":{\"@id\":\"https:\/\/spanishbreak.com\/#website\"},\"primaryImageOfPage\":{\"@id\":\"https:\/\/spanishbreak.com\/fr\/product\/bubblefootball-archery-tag\/#primaryimage\"},\"image\":{\"@id\":\"https:\/\/spanishbreak.com\/fr\/product\/bubblefootball-archery-tag\/#primaryimage\"},\"thumbnailUrl\":\"https:\/\/spanishbreak.com\/wp-content\/uploads\/2022\/09\/archery-tag2.jpg\",\"datePublished\":\"2025-04-04T08:40:13+00:00\",\"dateModified\":\"2025-12-17T12:26:01+00:00\",\"description\":\"Pr\u00e9parez-vous \u00e0 un enterrement de vie de gar\u00e7on \/ de jeune fille \u00e0 Barcelone pas comme les autres, les gars ! Il est temps de commencer avec un peu de\",\"breadcrumb\":{\"@id\":\"https:\/\/spanishbreak.com\/fr\/product\/bubblefootball-archery-tag\/#breadcrumb\"},\"inLanguage\":\"fr-FR\",\"potentialAction\":[{\"@type\":\"ReadAction\",\"target\":[\"https:\/\/spanishbreak.com\/fr\/product\/bubblefootball-archery-tag\/\"]}]},{\"@type\":\"ImageObject\",\"inLanguage\":\"fr-FR\",\"@id\":\"https:\/\/spanishbreak.com\/fr\/product\/bubblefootball-archery-tag\/#primaryimage\",\"url\":\"https:\/\/spanishbreak.com\/wp-content\/uploads\/2022\/09\/archery-tag2.jpg\",\"contentUrl\":\"https:\/\/spanishbreak.com\/wp-content\/uploads\/2022\/09\/archery-tag2.jpg\",\"width\":420,\"height\":229},{\"@type\":\"BreadcrumbList\",\"@id\":\"https:\/\/spanishbreak.com\/fr\/product\/bubblefootball-archery-tag\/#breadcrumb\",\"itemListElement\":[{\"@type\":\"ListItem\",\"position\":1,\"name\":\"Home\",\"item\":\"https:\/\/spanishbreak.com\/\"},{\"@type\":\"ListItem\",\"position\":2,\"name\":\"Boutique\",\"item\":\"https:\/\/spanishbreak.com\/boutique\/?lang=fr\"},{\"@type\":\"ListItem\",\"position\":3,\"name\":\"Bubble Football + Archery Tag\"}]},{\"@type\":\"WebSite\",\"@id\":\"https:\/\/spanishbreak.com\/#website\",\"url\":\"https:\/\/spanishbreak.com\/\",\"name\":\"Spanish Break\",\"description\":\"Otro sitio realizado con WordPress\",\"publisher\":{\"@id\":\"https:\/\/spanishbreak.com\/#organization\"},\"potentialAction\":[{\"@type\":\"SearchAction\",\"target\":{\"@type\":\"EntryPoint\",\"urlTemplate\":\"https:\/\/spanishbreak.com\/?s={search_term_string}\"},\"query-input\":{\"@type\":\"PropertyValueSpecification\",\"valueRequired\":true,\"valueName\":\"search_term_string\"}}],\"inLanguage\":\"fr-FR\"},{\"@type\":\"Organization\",\"@id\":\"https:\/\/spanishbreak.com\/#organization\",\"name\":\"Spanish Break\",\"url\":\"https:\/\/spanishbreak.com\/\",\"logo\":{\"@type\":\"ImageObject\",\"inLanguage\":\"fr-FR\",\"@id\":\"https:\/\/spanishbreak.com\/#\/schema\/logo\/image\/\",\"url\":\"https:\/\/spanishbreak.com\/wp-content\/uploads\/2024\/03\/logo-spanish-break.png\",\"contentUrl\":\"https:\/\/spanishbreak.com\/wp-content\/uploads\/2024\/03\/logo-spanish-break.png\",\"width\":323,\"height\":37,\"caption\":\"Spanish Break\"},\"image\":{\"@id\":\"https:\/\/spanishbreak.com\/#\/schema\/logo\/image\/\"},\"sameAs\":[\"https:\/\/www.facebook.com\/spanishbreak\",\"https:\/\/www.instagram.com\/spanishbreakbcn\/\"]}]}<\/script>\n<!-- \/ Yoast SEO plugin. -->","yoast_head_json":{"title":"Bubble Football + Archery Tag \u00e0 Barcelone","description":"Pr\u00e9parez-vous \u00e0 un enterrement de vie de gar\u00e7on \/ de jeune fille \u00e0 Barcelone pas comme les autres, les gars ! Il est temps de commencer avec un peu de","robots":{"index":"index","follow":"follow","max-snippet":"max-snippet:-1","max-image-preview":"max-image-preview:large","max-video-preview":"max-video-preview:-1"},"canonical":"https:\/\/spanishbreak.com\/fr\/product\/bubblefootball-archery-tag\/","og_locale":"fr_FR","og_type":"article","og_title":"Bubble Football + Archery Tag \u00e0 Barcelone","og_description":"Pr\u00e9parez-vous \u00e0 un enterrement de vie de gar\u00e7on \/ de jeune fille \u00e0 Barcelone pas comme les autres, les gars ! Il est temps de commencer avec un peu de","og_url":"https:\/\/spanishbreak.com\/fr\/product\/bubblefootball-archery-tag\/","og_site_name":"Spanishbreak","article_publisher":"https:\/\/www.facebook.com\/spanishbreak","article_modified_time":"2025-12-17T12:26:01+00:00","og_image":[{"width":420,"height":229,"url":"https:\/\/spanishbreak.com\/wp-content\/uploads\/2022\/09\/archery-tag2.jpg","type":"image\/jpeg"}],"twitter_card":"summary_large_image","twitter_misc":{"Dur\u00e9e de lecture estim\u00e9e":"1 minute"},"schema":{"@context":"https:\/\/schema.org","@graph":[{"@type":["WebPage","ItemPage"],"@id":"https:\/\/spanishbreak.com\/fr\/product\/bubblefootball-archery-tag\/","url":"https:\/\/spanishbreak.com\/fr\/product\/bubblefootball-archery-tag\/","name":"Bubble Football + Archery Tag \u00e0 Barcelone","isPartOf":{"@id":"https:\/\/spanishbreak.com\/#website"},"primaryImageOfPage":{"@id":"https:\/\/spanishbreak.com\/fr\/product\/bubblefootball-archery-tag\/#primaryimage"},"image":{"@id":"https:\/\/spanishbreak.com\/fr\/product\/bubblefootball-archery-tag\/#primaryimage"},"thumbnailUrl":"https:\/\/spanishbreak.com\/wp-content\/uploads\/2022\/09\/archery-tag2.jpg","datePublished":"2025-04-04T08:40:13+00:00","dateModified":"2025-12-17T12:26:01+00:00","description":"Pr\u00e9parez-vous \u00e0 un enterrement de vie de gar\u00e7on \/ de jeune fille \u00e0 Barcelone pas comme les autres, les gars ! Il est temps de commencer avec un peu de","breadcrumb":{"@id":"https:\/\/spanishbreak.com\/fr\/product\/bubblefootball-archery-tag\/#breadcrumb"},"inLanguage":"fr-FR","potentialAction":[{"@type":"ReadAction","target":["https:\/\/spanishbreak.com\/fr\/product\/bubblefootball-archery-tag\/"]}]},{"@type":"ImageObject","inLanguage":"fr-FR","@id":"https:\/\/spanishbreak.com\/fr\/product\/bubblefootball-archery-tag\/#primaryimage","url":"https:\/\/spanishbreak.com\/wp-content\/uploads\/2022\/09\/archery-tag2.jpg","contentUrl":"https:\/\/spanishbreak.com\/wp-content\/uploads\/2022\/09\/archery-tag2.jpg","width":420,"height":229},{"@type":"BreadcrumbList","@id":"https:\/\/spanishbreak.com\/fr\/product\/bubblefootball-archery-tag\/#breadcrumb","itemListElement":[{"@type":"ListItem","position":1,"name":"Home","item":"https:\/\/spanishbreak.com\/"},{"@type":"ListItem","position":2,"name":"Boutique","item":"https:\/\/spanishbreak.com\/boutique\/?lang=fr"},{"@type":"ListItem","position":3,"name":"Bubble Football + Archery Tag"}]},{"@type":"WebSite","@id":"https:\/\/spanishbreak.com\/#website","url":"https:\/\/spanishbreak.com\/","name":"Spanish Break","description":"Otro sitio realizado con WordPress","publisher":{"@id":"https:\/\/spanishbreak.com\/#organization"},"potentialAction":[{"@type":"SearchAction","target":{"@type":"EntryPoint","urlTemplate":"https:\/\/spanishbreak.com\/?s={search_term_string}"},"query-input":{"@type":"PropertyValueSpecification","valueRequired":true,"valueName":"search_term_string"}}],"inLanguage":"fr-FR"},{"@type":"Organization","@id":"https:\/\/spanishbreak.com\/#organization","name":"Spanish Break","url":"https:\/\/spanishbreak.com\/","logo":{"@type":"ImageObject","inLanguage":"fr-FR","@id":"https:\/\/spanishbreak.com\/#\/schema\/logo\/image\/","url":"https:\/\/spanishbreak.com\/wp-content\/uploads\/2024\/03\/logo-spanish-break.png","contentUrl":"https:\/\/spanishbreak.com\/wp-content\/uploads\/2024\/03\/logo-spanish-break.png","width":323,"height":37,"caption":"Spanish Break"},"image":{"@id":"https:\/\/spanishbreak.com\/#\/schema\/logo\/image\/"},"sameAs":["https:\/\/www.facebook.com\/spanishbreak","https:\/\/www.instagram.com\/spanishbreakbcn\/"]}]}},"_links":{"self":[{"href":"https:\/\/spanishbreak.com\/fr\/wp-json\/wp\/v2\/product\/8873","targetHints":{"allow":["GET"]}}],"collection":[{"href":"https:\/\/spanishbreak.com\/fr\/wp-json\/wp\/v2\/product"}],"about":[{"href":"https:\/\/spanishbreak.com\/fr\/wp-json\/wp\/v2\/types\/product"}],"replies":[{"embeddable":true,"href":"https:\/\/spanishbreak.com\/fr\/wp-json\/wp\/v2\/comments?post=8873"}],"wp:featuredmedia":[{"embeddable":true,"href":"https:\/\/spanishbreak.com\/fr\/wp-json\/wp\/v2\/media\/3326"}],"wp:attachment":[{"href":"https:\/\/spanishbreak.com\/fr\/wp-json\/wp\/v2\/media?parent=8873"}],"wp:term":[{"taxonomy":"product_brand","embeddable":true,"href":"https:\/\/spanishbreak.com\/fr\/wp-json\/wp\/v2\/product_brand?post=8873"},{"taxonomy":"product_cat","embeddable":true,"href":"https:\/\/spanishbreak.com\/fr\/wp-json\/wp\/v2\/product_cat?post=8873"},{"taxonomy":"product_tag","embeddable":true,"href":"https:\/\/spanishbreak.com\/fr\/wp-json\/wp\/v2\/product_tag?post=8873"}],"curies":[{"name":"wp","href":"https:\/\/api.w.org\/{rel}","templated":true}]}}