{"id":8895,"date":"2025-04-04T11:53:30","date_gmt":"2025-04-04T09:53:30","guid":{"rendered":"https:\/\/spanishbreak.com\/product\/jetboat\/"},"modified":"2025-12-17T13:24:41","modified_gmt":"2025-12-17T12:24:41","slug":"jetboat","status":"publish","type":"product","link":"https:\/\/spanishbreak.com\/fr\/product\/jetboat\/","title":{"rendered":"JetBoat"},"content":{"rendered":"<p>Vous serez sur l\u2019un des bateaux les plus rapides du march\u00e9. Avec une puissance incroyable de 500CV, le Jetboat naviguera comme une balle et vous appr\u00e9cierez des acc\u00e9l\u00e9rations et des virages fous entre 180\u00baet 360\u00ba.<\/p>\n","protected":false},"excerpt":{"rendered":"<p>Vous serez sur l\u2019un des bateaux les plus rapides du march\u00e9. Avec une puissance incroyable de 500CV, le Jetboat naviguera comme une balle et vous appr\u00e9cierez des acc\u00e9l\u00e9rations et des virages fous entre 180\u00baet 360\u00ba.<\/p>\n","protected":false},"featured_media":8894,"comment_status":"closed","ping_status":"closed","template":"","meta":{"site-sidebar-layout":"default","site-content-layout":"","ast-site-content-layout":"default","site-content-style":"default","site-sidebar-style":"default","ast-global-header-display":"","ast-banner-title-visibility":"","ast-main-header-display":"","ast-hfb-above-header-display":"","ast-hfb-below-header-display":"","ast-hfb-mobile-header-display":"","site-post-title":"","ast-breadcrumbs-content":"","ast-featured-img":"","footer-sml-layout":"","theme-transparent-header-meta":"default","adv-header-id-meta":"","stick-header-meta":"","header-above-stick-meta":"","header-main-stick-meta":"","header-below-stick-meta":"","astra-migrate-meta-layouts":"set","ast-page-background-enabled":"default","ast-page-background-meta":{"desktop":{"background-color":"var(--ast-global-color-4)","background-image":"","background-repeat":"repeat","background-position":"center center","background-size":"auto","background-attachment":"scroll","background-type":"","background-media":"","overlay-type":"","overlay-color":"","overlay-opacity":"","overlay-gradient":""},"tablet":{"background-color":"","background-image":"","background-repeat":"repeat","background-position":"center center","background-size":"auto","background-attachment":"scroll","background-type":"","background-media":"","overlay-type":"","overlay-color":"","overlay-opacity":"","overlay-gradient":""},"mobile":{"background-color":"","background-image":"","background-repeat":"repeat","background-position":"center center","background-size":"auto","background-attachment":"scroll","background-type":"","background-media":"","overlay-type":"","overlay-color":"","overlay-opacity":"","overlay-gradient":""}},"ast-content-background-meta":{"desktop":{"background-color":"var(--ast-global-color-5)","background-image":"","background-repeat":"repeat","background-position":"center center","background-size":"auto","background-attachment":"scroll","background-type":"","background-media":"","overlay-type":"","overlay-color":"","overlay-opacity":"","overlay-gradient":""},"tablet":{"background-color":"var(--ast-global-color-5)","background-image":"","background-repeat":"repeat","background-position":"center center","background-size":"auto","background-attachment":"scroll","background-type":"","background-media":"","overlay-type":"","overlay-color":"","overlay-opacity":"","overlay-gradient":""},"mobile":{"background-color":"var(--ast-global-color-5)","background-image":"","background-repeat":"repeat","background-position":"center center","background-size":"auto","background-attachment":"scroll","background-type":"","background-media":"","overlay-type":"","overlay-color":"","overlay-opacity":"","overlay-gradient":""}},"repeater_packs":""},"product_brand":[],"product_cat":[70,87],"product_tag":[],"class_list":{"0":"post-8895","1":"product","2":"type-product","3":"status-publish","4":"has-post-thumbnail","6":"product_cat-newest-fr-2","7":"product_cat-water-sports-activities","8":"desktop-align-left","9":"tablet-align-left","10":"mobile-align-left","12":"first","13":"instock","14":"shipping-taxable","15":"product-type-simple"},"yoast_head":"<!-- This site is optimized with the Yoast SEO plugin v26.8 - https:\/\/yoast.com\/product\/yoast-seo-wordpress\/ -->\n<title>JetBoat \u00e0 Barcelone<\/title>\n<meta name=\"description\" content=\"Vous serez sur l\u2019un des bateaux les plus rapides du march\u00e9. Avec une puissance incroyable de 500CV, le Jetboat naviguera comme une balle et vous\" \/>\n<meta name=\"robots\" content=\"index, follow, max-snippet:-1, max-image-preview:large, max-video-preview:-1\" \/>\n<link rel=\"canonical\" href=\"https:\/\/spanishbreak.com\/fr\/product\/jetboat\/\" \/>\n<meta property=\"og:locale\" content=\"fr_FR\" \/>\n<meta property=\"og:type\" content=\"article\" \/>\n<meta property=\"og:title\" content=\"JetBoat \u00e0 Barcelone\" \/>\n<meta property=\"og:description\" content=\"Vous serez sur l\u2019un des bateaux les plus rapides du march\u00e9. Avec une puissance incroyable de 500CV, le Jetboat naviguera comme une balle et vous\" \/>\n<meta property=\"og:url\" content=\"https:\/\/spanishbreak.com\/fr\/product\/jetboat\/\" \/>\n<meta property=\"og:site_name\" content=\"Spanishbreak\" \/>\n<meta property=\"article:publisher\" content=\"https:\/\/www.facebook.com\/spanishbreak\" \/>\n<meta property=\"article:modified_time\" content=\"2025-12-17T12:24:41+00:00\" \/>\n<meta property=\"og:image\" content=\"https:\/\/spanishbreak.com\/wp-content\/uploads\/2025\/04\/jetboat-barcelona-3_1.jpg\" \/>\n\t<meta property=\"og:image:width\" content=\"1000\" \/>\n\t<meta property=\"og:image:height\" content=\"1000\" \/>\n\t<meta property=\"og:image:type\" content=\"image\/jpeg\" \/>\n<meta name=\"twitter:card\" content=\"summary_large_image\" \/>\n<meta name=\"twitter:label1\" content=\"Dur\u00e9e de lecture estim\u00e9e\" \/>\n\t<meta name=\"twitter:data1\" content=\"1 minute\" \/>\n<script type=\"application\/ld+json\" class=\"yoast-schema-graph\">{\"@context\":\"https:\/\/schema.org\",\"@graph\":[{\"@type\":[\"WebPage\",\"ItemPage\"],\"@id\":\"https:\/\/spanishbreak.com\/fr\/product\/jetboat\/\",\"url\":\"https:\/\/spanishbreak.com\/fr\/product\/jetboat\/\",\"name\":\"JetBoat \u00e0 Barcelone\",\"isPartOf\":{\"@id\":\"https:\/\/spanishbreak.com\/#website\"},\"primaryImageOfPage\":{\"@id\":\"https:\/\/spanishbreak.com\/fr\/product\/jetboat\/#primaryimage\"},\"image\":{\"@id\":\"https:\/\/spanishbreak.com\/fr\/product\/jetboat\/#primaryimage\"},\"thumbnailUrl\":\"https:\/\/spanishbreak.com\/wp-content\/uploads\/2025\/04\/jetboat-barcelona-3_1.jpg\",\"datePublished\":\"2025-04-04T09:53:30+00:00\",\"dateModified\":\"2025-12-17T12:24:41+00:00\",\"description\":\"Vous serez sur l\u2019un des bateaux les plus rapides du march\u00e9. Avec une puissance incroyable de 500CV, le Jetboat naviguera comme une balle et vous\",\"breadcrumb\":{\"@id\":\"https:\/\/spanishbreak.com\/fr\/product\/jetboat\/#breadcrumb\"},\"inLanguage\":\"fr-FR\",\"potentialAction\":[{\"@type\":\"ReadAction\",\"target\":[\"https:\/\/spanishbreak.com\/fr\/product\/jetboat\/\"]}]},{\"@type\":\"ImageObject\",\"inLanguage\":\"fr-FR\",\"@id\":\"https:\/\/spanishbreak.com\/fr\/product\/jetboat\/#primaryimage\",\"url\":\"https:\/\/spanishbreak.com\/wp-content\/uploads\/2025\/04\/jetboat-barcelona-3_1.jpg\",\"contentUrl\":\"https:\/\/spanishbreak.com\/wp-content\/uploads\/2025\/04\/jetboat-barcelona-3_1.jpg\",\"width\":1000,\"height\":1000},{\"@type\":\"BreadcrumbList\",\"@id\":\"https:\/\/spanishbreak.com\/fr\/product\/jetboat\/#breadcrumb\",\"itemListElement\":[{\"@type\":\"ListItem\",\"position\":1,\"name\":\"Home\",\"item\":\"https:\/\/spanishbreak.com\/\"},{\"@type\":\"ListItem\",\"position\":2,\"name\":\"Boutique\",\"item\":\"https:\/\/spanishbreak.com\/boutique\/?lang=fr\"},{\"@type\":\"ListItem\",\"position\":3,\"name\":\"JetBoat\"}]},{\"@type\":\"WebSite\",\"@id\":\"https:\/\/spanishbreak.com\/#website\",\"url\":\"https:\/\/spanishbreak.com\/\",\"name\":\"Spanish Break\",\"description\":\"Otro sitio realizado con WordPress\",\"publisher\":{\"@id\":\"https:\/\/spanishbreak.com\/#organization\"},\"potentialAction\":[{\"@type\":\"SearchAction\",\"target\":{\"@type\":\"EntryPoint\",\"urlTemplate\":\"https:\/\/spanishbreak.com\/?s={search_term_string}\"},\"query-input\":{\"@type\":\"PropertyValueSpecification\",\"valueRequired\":true,\"valueName\":\"search_term_string\"}}],\"inLanguage\":\"fr-FR\"},{\"@type\":\"Organization\",\"@id\":\"https:\/\/spanishbreak.com\/#organization\",\"name\":\"Spanish Break\",\"url\":\"https:\/\/spanishbreak.com\/\",\"logo\":{\"@type\":\"ImageObject\",\"inLanguage\":\"fr-FR\",\"@id\":\"https:\/\/spanishbreak.com\/#\/schema\/logo\/image\/\",\"url\":\"https:\/\/spanishbreak.com\/wp-content\/uploads\/2024\/03\/logo-spanish-break.png\",\"contentUrl\":\"https:\/\/spanishbreak.com\/wp-content\/uploads\/2024\/03\/logo-spanish-break.png\",\"width\":323,\"height\":37,\"caption\":\"Spanish Break\"},\"image\":{\"@id\":\"https:\/\/spanishbreak.com\/#\/schema\/logo\/image\/\"},\"sameAs\":[\"https:\/\/www.facebook.com\/spanishbreak\",\"https:\/\/www.instagram.com\/spanishbreakbcn\/\"]}]}<\/script>\n<!-- \/ Yoast SEO plugin. -->","yoast_head_json":{"title":"JetBoat \u00e0 Barcelone","description":"Vous serez sur l\u2019un des bateaux les plus rapides du march\u00e9. Avec une puissance incroyable de 500CV, le Jetboat naviguera comme une balle et vous","robots":{"index":"index","follow":"follow","max-snippet":"max-snippet:-1","max-image-preview":"max-image-preview:large","max-video-preview":"max-video-preview:-1"},"canonical":"https:\/\/spanishbreak.com\/fr\/product\/jetboat\/","og_locale":"fr_FR","og_type":"article","og_title":"JetBoat \u00e0 Barcelone","og_description":"Vous serez sur l\u2019un des bateaux les plus rapides du march\u00e9. Avec une puissance incroyable de 500CV, le Jetboat naviguera comme une balle et vous","og_url":"https:\/\/spanishbreak.com\/fr\/product\/jetboat\/","og_site_name":"Spanishbreak","article_publisher":"https:\/\/www.facebook.com\/spanishbreak","article_modified_time":"2025-12-17T12:24:41+00:00","og_image":[{"width":1000,"height":1000,"url":"https:\/\/spanishbreak.com\/wp-content\/uploads\/2025\/04\/jetboat-barcelona-3_1.jpg","type":"image\/jpeg"}],"twitter_card":"summary_large_image","twitter_misc":{"Dur\u00e9e de lecture estim\u00e9e":"1 minute"},"schema":{"@context":"https:\/\/schema.org","@graph":[{"@type":["WebPage","ItemPage"],"@id":"https:\/\/spanishbreak.com\/fr\/product\/jetboat\/","url":"https:\/\/spanishbreak.com\/fr\/product\/jetboat\/","name":"JetBoat \u00e0 Barcelone","isPartOf":{"@id":"https:\/\/spanishbreak.com\/#website"},"primaryImageOfPage":{"@id":"https:\/\/spanishbreak.com\/fr\/product\/jetboat\/#primaryimage"},"image":{"@id":"https:\/\/spanishbreak.com\/fr\/product\/jetboat\/#primaryimage"},"thumbnailUrl":"https:\/\/spanishbreak.com\/wp-content\/uploads\/2025\/04\/jetboat-barcelona-3_1.jpg","datePublished":"2025-04-04T09:53:30+00:00","dateModified":"2025-12-17T12:24:41+00:00","description":"Vous serez sur l\u2019un des bateaux les plus rapides du march\u00e9. Avec une puissance incroyable de 500CV, le Jetboat naviguera comme une balle et vous","breadcrumb":{"@id":"https:\/\/spanishbreak.com\/fr\/product\/jetboat\/#breadcrumb"},"inLanguage":"fr-FR","potentialAction":[{"@type":"ReadAction","target":["https:\/\/spanishbreak.com\/fr\/product\/jetboat\/"]}]},{"@type":"ImageObject","inLanguage":"fr-FR","@id":"https:\/\/spanishbreak.com\/fr\/product\/jetboat\/#primaryimage","url":"https:\/\/spanishbreak.com\/wp-content\/uploads\/2025\/04\/jetboat-barcelona-3_1.jpg","contentUrl":"https:\/\/spanishbreak.com\/wp-content\/uploads\/2025\/04\/jetboat-barcelona-3_1.jpg","width":1000,"height":1000},{"@type":"BreadcrumbList","@id":"https:\/\/spanishbreak.com\/fr\/product\/jetboat\/#breadcrumb","itemListElement":[{"@type":"ListItem","position":1,"name":"Home","item":"https:\/\/spanishbreak.com\/"},{"@type":"ListItem","position":2,"name":"Boutique","item":"https:\/\/spanishbreak.com\/boutique\/?lang=fr"},{"@type":"ListItem","position":3,"name":"JetBoat"}]},{"@type":"WebSite","@id":"https:\/\/spanishbreak.com\/#website","url":"https:\/\/spanishbreak.com\/","name":"Spanish Break","description":"Otro sitio realizado con WordPress","publisher":{"@id":"https:\/\/spanishbreak.com\/#organization"},"potentialAction":[{"@type":"SearchAction","target":{"@type":"EntryPoint","urlTemplate":"https:\/\/spanishbreak.com\/?s={search_term_string}"},"query-input":{"@type":"PropertyValueSpecification","valueRequired":true,"valueName":"search_term_string"}}],"inLanguage":"fr-FR"},{"@type":"Organization","@id":"https:\/\/spanishbreak.com\/#organization","name":"Spanish Break","url":"https:\/\/spanishbreak.com\/","logo":{"@type":"ImageObject","inLanguage":"fr-FR","@id":"https:\/\/spanishbreak.com\/#\/schema\/logo\/image\/","url":"https:\/\/spanishbreak.com\/wp-content\/uploads\/2024\/03\/logo-spanish-break.png","contentUrl":"https:\/\/spanishbreak.com\/wp-content\/uploads\/2024\/03\/logo-spanish-break.png","width":323,"height":37,"caption":"Spanish Break"},"image":{"@id":"https:\/\/spanishbreak.com\/#\/schema\/logo\/image\/"},"sameAs":["https:\/\/www.facebook.com\/spanishbreak","https:\/\/www.instagram.com\/spanishbreakbcn\/"]}]}},"_links":{"self":[{"href":"https:\/\/spanishbreak.com\/fr\/wp-json\/wp\/v2\/product\/8895","targetHints":{"allow":["GET"]}}],"collection":[{"href":"https:\/\/spanishbreak.com\/fr\/wp-json\/wp\/v2\/product"}],"about":[{"href":"https:\/\/spanishbreak.com\/fr\/wp-json\/wp\/v2\/types\/product"}],"replies":[{"embeddable":true,"href":"https:\/\/spanishbreak.com\/fr\/wp-json\/wp\/v2\/comments?post=8895"}],"wp:featuredmedia":[{"embeddable":true,"href":"https:\/\/spanishbreak.com\/fr\/wp-json\/wp\/v2\/media\/8894"}],"wp:attachment":[{"href":"https:\/\/spanishbreak.com\/fr\/wp-json\/wp\/v2\/media?parent=8895"}],"wp:term":[{"taxonomy":"product_brand","embeddable":true,"href":"https:\/\/spanishbreak.com\/fr\/wp-json\/wp\/v2\/product_brand?post=8895"},{"taxonomy":"product_cat","embeddable":true,"href":"https:\/\/spanishbreak.com\/fr\/wp-json\/wp\/v2\/product_cat?post=8895"},{"taxonomy":"product_tag","embeddable":true,"href":"https:\/\/spanishbreak.com\/fr\/wp-json\/wp\/v2\/product_tag?post=8895"}],"curies":[{"name":"wp","href":"https:\/\/api.w.org\/{rel}","templated":true}]}}