{"id":8909,"date":"2025-04-04T13:46:34","date_gmt":"2025-04-04T13:46:34","guid":{"rendered":"https:\/\/spanishbreak.com\/product\/olympic-shames\/"},"modified":"2025-04-04T13:56:31","modified_gmt":"2025-04-04T13:56:31","slug":"olympic-shames","status":"publish","type":"product","link":"https:\/\/spanishbreak.com\/fr\/product\/olympic-shames\/","title":{"rendered":"Olympiades de la honte"},"content":{"rendered":"<p>Cette activit\u00e9 s\u2019adresse aux enterrements de vie de jeune fille. Quelle meilleure fa\u00e7on de passer son enterrement de vie de jeune fille que de que de regarder votre famille et vos amis se ridiculiser, tout en marquant des points pour leur \u00e9quipe. Nos jeux vous garantissent des rires avec un c\u00f4t\u00e9 comp\u00e9titif. Avec des jeux tels que \u00ab Est-ce que c&rsquo;est d\u00e9j\u00e0 rentr\u00e9 \u00bb et \u00ab Est-ce que vos attributs pendent \u00bb, il n&rsquo;y a rien \u00e0 redire !<\/p>\n<p>Imaginez les Olympiades de la honte comme la version adulte et plus coquine de la journ\u00e9e du sport. Cet \u00e9v\u00e9nement comprend une vari\u00e9t\u00e9 de jeux qui vous am\u00e8neront \u00e0 travailler avec votre \u00e9quipe pour remporter la victoire. Laquelle d\u2019entre vous aura la meilleure technique de twerk et les meilleurs mouvements de hanche ? Tout sera r\u00e9v\u00e9l\u00e9 ?<\/p>\n<p>L\u2019arbitre cr\u00e9era deux teams. Chaque jeu sera expliqu\u00e9 et si vous \u00eates chanceuse vous aurait peut-\u00eatre une d\u00e9mo de l\u2019arbitre. Notre \u00e9v\u00e8nement inclus les jeux suivants :<\/p>\n<ul>\n<li>Twerk off<\/li>\n<li>Moves like Jagger<\/li>\n<li>Knee Trembler<\/li>\n<li>Willy Toss<\/li>\n<li>Do your Balls Hang Low<\/li>\n<li>Train is coming Baby\u2026<\/li>\n<li>S**t Drop<\/li>\n<li>Trust<\/li>\n<li>Is it in yet?<\/li>\n<li>Limbo<\/li>\n<\/ul>\n","protected":false},"excerpt":{"rendered":"<p>Cette activit\u00e9 s\u2019adresse aux enterrements de vie de jeune fille. Quelle meilleure fa\u00e7on de passer son enterrement de vie de jeune fille que de que de regarder votre famille et vos amis se ridiculiser, tout en marquant des points pour leur \u00e9quipe. Nos jeux vous garantissent des rires avec un c\u00f4t\u00e9 comp\u00e9titif. Avec des jeux [&hellip;]<\/p>\n","protected":false},"featured_media":8908,"comment_status":"closed","ping_status":"closed","template":"","meta":{"site-sidebar-layout":"default","site-content-layout":"","ast-site-content-layout":"default","site-content-style":"default","site-sidebar-style":"default","ast-global-header-display":"","ast-banner-title-visibility":"","ast-main-header-display":"","ast-hfb-above-header-display":"","ast-hfb-below-header-display":"","ast-hfb-mobile-header-display":"","site-post-title":"","ast-breadcrumbs-content":"","ast-featured-img":"","footer-sml-layout":"","theme-transparent-header-meta":"default","adv-header-id-meta":"","stick-header-meta":"","header-above-stick-meta":"","header-main-stick-meta":"","header-below-stick-meta":"","astra-migrate-meta-layouts":"set","ast-page-background-enabled":"default","ast-page-background-meta":{"desktop":{"background-color":"var(--ast-global-color-4)","background-image":"","background-repeat":"repeat","background-position":"center center","background-size":"auto","background-attachment":"scroll","background-type":"","background-media":"","overlay-type":"","overlay-color":"","overlay-opacity":"","overlay-gradient":""},"tablet":{"background-color":"","background-image":"","background-repeat":"repeat","background-position":"center center","background-size":"auto","background-attachment":"scroll","background-type":"","background-media":"","overlay-type":"","overlay-color":"","overlay-opacity":"","overlay-gradient":""},"mobile":{"background-color":"","background-image":"","background-repeat":"repeat","background-position":"center center","background-size":"auto","background-attachment":"scroll","background-type":"","background-media":"","overlay-type":"","overlay-color":"","overlay-opacity":"","overlay-gradient":""}},"ast-content-background-meta":{"desktop":{"background-color":"var(--ast-global-color-5)","background-image":"","background-repeat":"repeat","background-position":"center center","background-size":"auto","background-attachment":"scroll","background-type":"","background-media":"","overlay-type":"","overlay-color":"","overlay-opacity":"","overlay-gradient":""},"tablet":{"background-color":"var(--ast-global-color-5)","background-image":"","background-repeat":"repeat","background-position":"center center","background-size":"auto","background-attachment":"scroll","background-type":"","background-media":"","overlay-type":"","overlay-color":"","overlay-opacity":"","overlay-gradient":""},"mobile":{"background-color":"var(--ast-global-color-5)","background-image":"","background-repeat":"repeat","background-position":"center center","background-size":"auto","background-attachment":"scroll","background-type":"","background-media":"","overlay-type":"","overlay-color":"","overlay-opacity":"","overlay-gradient":""}},"repeater_packs":""},"product_brand":[],"product_cat":[68,66,70,87],"product_tag":[],"class_list":{"0":"post-8909","1":"product","2":"type-product","3":"status-publish","4":"has-post-thumbnail","6":"product_cat-day-time-activities","7":"product_cat-hen-fr-2","8":"product_cat-newest-fr-2","9":"product_cat-water-sports-activities","10":"desktop-align-left","11":"tablet-align-left","12":"mobile-align-left","14":"first","15":"instock","16":"shipping-taxable","17":"product-type-simple"},"yoast_head":"<!-- This site is optimized with the Yoast SEO plugin v26.8 - https:\/\/yoast.com\/product\/yoast-seo-wordpress\/ -->\n<title>Olympiades de la honte \u00e0 Barcelone<\/title>\n<meta name=\"description\" content=\"Cette activit\u00e9 s\u2019adresse aux enterrements de vie de jeune fille. Quelle meilleure fa\u00e7on de passer son enterrement de vie de jeune fille que de que de\" \/>\n<meta name=\"robots\" content=\"index, follow, max-snippet:-1, max-image-preview:large, max-video-preview:-1\" \/>\n<link rel=\"canonical\" href=\"https:\/\/spanishbreak.com\/fr\/product\/olympic-shames\/\" \/>\n<meta property=\"og:locale\" content=\"fr_FR\" \/>\n<meta property=\"og:type\" content=\"article\" \/>\n<meta property=\"og:title\" content=\"Olympiades de la honte \u00e0 Barcelone\" \/>\n<meta property=\"og:description\" content=\"Cette activit\u00e9 s\u2019adresse aux enterrements de vie de jeune fille. Quelle meilleure fa\u00e7on de passer son enterrement de vie de jeune fille que de que de\" \/>\n<meta property=\"og:url\" content=\"https:\/\/spanishbreak.com\/fr\/product\/olympic-shames\/\" \/>\n<meta property=\"og:site_name\" content=\"Spanishbreak\" \/>\n<meta property=\"article:publisher\" content=\"https:\/\/www.facebook.com\/spanishbreak\" \/>\n<meta property=\"article:modified_time\" content=\"2025-04-04T13:56:31+00:00\" \/>\n<meta property=\"og:image\" content=\"https:\/\/spanishbreak.com\/wp-content\/uploads\/2025\/04\/olympic-shames-2023-07-24-133151-1.jpg\" \/>\n\t<meta property=\"og:image:width\" content=\"1133\" \/>\n\t<meta property=\"og:image:height\" content=\"850\" \/>\n\t<meta property=\"og:image:type\" content=\"image\/jpeg\" \/>\n<meta name=\"twitter:card\" content=\"summary_large_image\" \/>\n<meta name=\"twitter:label1\" content=\"Dur\u00e9e de lecture estim\u00e9e\" \/>\n\t<meta name=\"twitter:data1\" content=\"1 minute\" \/>\n<script type=\"application\/ld+json\" class=\"yoast-schema-graph\">{\"@context\":\"https:\/\/schema.org\",\"@graph\":[{\"@type\":[\"WebPage\",\"ItemPage\"],\"@id\":\"https:\/\/spanishbreak.com\/fr\/product\/olympic-shames\/\",\"url\":\"https:\/\/spanishbreak.com\/fr\/product\/olympic-shames\/\",\"name\":\"Olympiades de la honte \u00e0 Barcelone\",\"isPartOf\":{\"@id\":\"https:\/\/spanishbreak.com\/#website\"},\"primaryImageOfPage\":{\"@id\":\"https:\/\/spanishbreak.com\/fr\/product\/olympic-shames\/#primaryimage\"},\"image\":{\"@id\":\"https:\/\/spanishbreak.com\/fr\/product\/olympic-shames\/#primaryimage\"},\"thumbnailUrl\":\"https:\/\/spanishbreak.com\/wp-content\/uploads\/2025\/04\/olympic-shames-2023-07-24-133151-1.jpg\",\"datePublished\":\"2025-04-04T13:46:34+00:00\",\"dateModified\":\"2025-04-04T13:56:31+00:00\",\"description\":\"Cette activit\u00e9 s\u2019adresse aux enterrements de vie de jeune fille. Quelle meilleure fa\u00e7on de passer son enterrement de vie de jeune fille que de que de\",\"breadcrumb\":{\"@id\":\"https:\/\/spanishbreak.com\/fr\/product\/olympic-shames\/#breadcrumb\"},\"inLanguage\":\"fr-FR\",\"potentialAction\":[{\"@type\":\"ReadAction\",\"target\":[\"https:\/\/spanishbreak.com\/fr\/product\/olympic-shames\/\"]}]},{\"@type\":\"ImageObject\",\"inLanguage\":\"fr-FR\",\"@id\":\"https:\/\/spanishbreak.com\/fr\/product\/olympic-shames\/#primaryimage\",\"url\":\"https:\/\/spanishbreak.com\/wp-content\/uploads\/2025\/04\/olympic-shames-2023-07-24-133151-1.jpg\",\"contentUrl\":\"https:\/\/spanishbreak.com\/wp-content\/uploads\/2025\/04\/olympic-shames-2023-07-24-133151-1.jpg\",\"width\":1133,\"height\":850},{\"@type\":\"BreadcrumbList\",\"@id\":\"https:\/\/spanishbreak.com\/fr\/product\/olympic-shames\/#breadcrumb\",\"itemListElement\":[{\"@type\":\"ListItem\",\"position\":1,\"name\":\"Home\",\"item\":\"https:\/\/spanishbreak.com\/\"},{\"@type\":\"ListItem\",\"position\":2,\"name\":\"Boutique\",\"item\":\"https:\/\/spanishbreak.com\/boutique\/?lang=fr\"},{\"@type\":\"ListItem\",\"position\":3,\"name\":\"Olympiades de la honte\"}]},{\"@type\":\"WebSite\",\"@id\":\"https:\/\/spanishbreak.com\/#website\",\"url\":\"https:\/\/spanishbreak.com\/\",\"name\":\"Spanish Break\",\"description\":\"Otro sitio realizado con WordPress\",\"publisher\":{\"@id\":\"https:\/\/spanishbreak.com\/#organization\"},\"potentialAction\":[{\"@type\":\"SearchAction\",\"target\":{\"@type\":\"EntryPoint\",\"urlTemplate\":\"https:\/\/spanishbreak.com\/?s={search_term_string}\"},\"query-input\":{\"@type\":\"PropertyValueSpecification\",\"valueRequired\":true,\"valueName\":\"search_term_string\"}}],\"inLanguage\":\"fr-FR\"},{\"@type\":\"Organization\",\"@id\":\"https:\/\/spanishbreak.com\/#organization\",\"name\":\"Spanish Break\",\"url\":\"https:\/\/spanishbreak.com\/\",\"logo\":{\"@type\":\"ImageObject\",\"inLanguage\":\"fr-FR\",\"@id\":\"https:\/\/spanishbreak.com\/#\/schema\/logo\/image\/\",\"url\":\"https:\/\/spanishbreak.com\/wp-content\/uploads\/2024\/03\/logo-spanish-break.png\",\"contentUrl\":\"https:\/\/spanishbreak.com\/wp-content\/uploads\/2024\/03\/logo-spanish-break.png\",\"width\":323,\"height\":37,\"caption\":\"Spanish Break\"},\"image\":{\"@id\":\"https:\/\/spanishbreak.com\/#\/schema\/logo\/image\/\"},\"sameAs\":[\"https:\/\/www.facebook.com\/spanishbreak\",\"https:\/\/www.instagram.com\/spanishbreakbcn\/\"]}]}<\/script>\n<!-- \/ Yoast SEO plugin. -->","yoast_head_json":{"title":"Olympiades de la honte \u00e0 Barcelone","description":"Cette activit\u00e9 s\u2019adresse aux enterrements de vie de jeune fille. Quelle meilleure fa\u00e7on de passer son enterrement de vie de jeune fille que de que de","robots":{"index":"index","follow":"follow","max-snippet":"max-snippet:-1","max-image-preview":"max-image-preview:large","max-video-preview":"max-video-preview:-1"},"canonical":"https:\/\/spanishbreak.com\/fr\/product\/olympic-shames\/","og_locale":"fr_FR","og_type":"article","og_title":"Olympiades de la honte \u00e0 Barcelone","og_description":"Cette activit\u00e9 s\u2019adresse aux enterrements de vie de jeune fille. Quelle meilleure fa\u00e7on de passer son enterrement de vie de jeune fille que de que de","og_url":"https:\/\/spanishbreak.com\/fr\/product\/olympic-shames\/","og_site_name":"Spanishbreak","article_publisher":"https:\/\/www.facebook.com\/spanishbreak","article_modified_time":"2025-04-04T13:56:31+00:00","og_image":[{"width":1133,"height":850,"url":"https:\/\/spanishbreak.com\/wp-content\/uploads\/2025\/04\/olympic-shames-2023-07-24-133151-1.jpg","type":"image\/jpeg"}],"twitter_card":"summary_large_image","twitter_misc":{"Dur\u00e9e de lecture estim\u00e9e":"1 minute"},"schema":{"@context":"https:\/\/schema.org","@graph":[{"@type":["WebPage","ItemPage"],"@id":"https:\/\/spanishbreak.com\/fr\/product\/olympic-shames\/","url":"https:\/\/spanishbreak.com\/fr\/product\/olympic-shames\/","name":"Olympiades de la honte \u00e0 Barcelone","isPartOf":{"@id":"https:\/\/spanishbreak.com\/#website"},"primaryImageOfPage":{"@id":"https:\/\/spanishbreak.com\/fr\/product\/olympic-shames\/#primaryimage"},"image":{"@id":"https:\/\/spanishbreak.com\/fr\/product\/olympic-shames\/#primaryimage"},"thumbnailUrl":"https:\/\/spanishbreak.com\/wp-content\/uploads\/2025\/04\/olympic-shames-2023-07-24-133151-1.jpg","datePublished":"2025-04-04T13:46:34+00:00","dateModified":"2025-04-04T13:56:31+00:00","description":"Cette activit\u00e9 s\u2019adresse aux enterrements de vie de jeune fille. Quelle meilleure fa\u00e7on de passer son enterrement de vie de jeune fille que de que de","breadcrumb":{"@id":"https:\/\/spanishbreak.com\/fr\/product\/olympic-shames\/#breadcrumb"},"inLanguage":"fr-FR","potentialAction":[{"@type":"ReadAction","target":["https:\/\/spanishbreak.com\/fr\/product\/olympic-shames\/"]}]},{"@type":"ImageObject","inLanguage":"fr-FR","@id":"https:\/\/spanishbreak.com\/fr\/product\/olympic-shames\/#primaryimage","url":"https:\/\/spanishbreak.com\/wp-content\/uploads\/2025\/04\/olympic-shames-2023-07-24-133151-1.jpg","contentUrl":"https:\/\/spanishbreak.com\/wp-content\/uploads\/2025\/04\/olympic-shames-2023-07-24-133151-1.jpg","width":1133,"height":850},{"@type":"BreadcrumbList","@id":"https:\/\/spanishbreak.com\/fr\/product\/olympic-shames\/#breadcrumb","itemListElement":[{"@type":"ListItem","position":1,"name":"Home","item":"https:\/\/spanishbreak.com\/"},{"@type":"ListItem","position":2,"name":"Boutique","item":"https:\/\/spanishbreak.com\/boutique\/?lang=fr"},{"@type":"ListItem","position":3,"name":"Olympiades de la honte"}]},{"@type":"WebSite","@id":"https:\/\/spanishbreak.com\/#website","url":"https:\/\/spanishbreak.com\/","name":"Spanish Break","description":"Otro sitio realizado con WordPress","publisher":{"@id":"https:\/\/spanishbreak.com\/#organization"},"potentialAction":[{"@type":"SearchAction","target":{"@type":"EntryPoint","urlTemplate":"https:\/\/spanishbreak.com\/?s={search_term_string}"},"query-input":{"@type":"PropertyValueSpecification","valueRequired":true,"valueName":"search_term_string"}}],"inLanguage":"fr-FR"},{"@type":"Organization","@id":"https:\/\/spanishbreak.com\/#organization","name":"Spanish Break","url":"https:\/\/spanishbreak.com\/","logo":{"@type":"ImageObject","inLanguage":"fr-FR","@id":"https:\/\/spanishbreak.com\/#\/schema\/logo\/image\/","url":"https:\/\/spanishbreak.com\/wp-content\/uploads\/2024\/03\/logo-spanish-break.png","contentUrl":"https:\/\/spanishbreak.com\/wp-content\/uploads\/2024\/03\/logo-spanish-break.png","width":323,"height":37,"caption":"Spanish Break"},"image":{"@id":"https:\/\/spanishbreak.com\/#\/schema\/logo\/image\/"},"sameAs":["https:\/\/www.facebook.com\/spanishbreak","https:\/\/www.instagram.com\/spanishbreakbcn\/"]}]}},"_links":{"self":[{"href":"https:\/\/spanishbreak.com\/fr\/wp-json\/wp\/v2\/product\/8909","targetHints":{"allow":["GET"]}}],"collection":[{"href":"https:\/\/spanishbreak.com\/fr\/wp-json\/wp\/v2\/product"}],"about":[{"href":"https:\/\/spanishbreak.com\/fr\/wp-json\/wp\/v2\/types\/product"}],"replies":[{"embeddable":true,"href":"https:\/\/spanishbreak.com\/fr\/wp-json\/wp\/v2\/comments?post=8909"}],"wp:featuredmedia":[{"embeddable":true,"href":"https:\/\/spanishbreak.com\/fr\/wp-json\/wp\/v2\/media\/8908"}],"wp:attachment":[{"href":"https:\/\/spanishbreak.com\/fr\/wp-json\/wp\/v2\/media?parent=8909"}],"wp:term":[{"taxonomy":"product_brand","embeddable":true,"href":"https:\/\/spanishbreak.com\/fr\/wp-json\/wp\/v2\/product_brand?post=8909"},{"taxonomy":"product_cat","embeddable":true,"href":"https:\/\/spanishbreak.com\/fr\/wp-json\/wp\/v2\/product_cat?post=8909"},{"taxonomy":"product_tag","embeddable":true,"href":"https:\/\/spanishbreak.com\/fr\/wp-json\/wp\/v2\/product_tag?post=8909"}],"curies":[{"name":"wp","href":"https:\/\/api.w.org\/{rel}","templated":true}]}}